{"id":33365,"date":"2020-03-04T21:56:28","date_gmt":"2020-03-04T20:56:28","guid":{"rendered":"https:\/\/www.vetorino.com\/boutique\/product\/chatiere-sureflap-connect\/"},"modified":"2024-07-17T14:55:18","modified_gmt":"2024-07-17T12:55:18","slug":"chatiere-sureflap-connect","status":"publish","type":"product","link":"https:\/\/www.vetorino.com\/veterinaire\/plouzevede-29440\/boutique\/product\/chatiere-sureflap-connect\/","title":{"rendered":"Chatiere Sureflap Connect"},"content":{"rendered":"<p>Offrez plus de libert\u00e9 \u00e0 votre animal ! La chati\u00e8re \u00e0 puce \u00e9lectronique SureFlap Connect <strong>fonctionne avec une application gratuite<\/strong> \u00e0 t\u00e9l\u00e9charger sur votre smartphone. Gr\u00e2ce \u00e0 un hub (non fourni), les donn\u00e9es concernant la chati\u00e8re SureFlap sont transmises \u00e0 votre t\u00e9l\u00e9phone. Vous pourrez ainsi non seulement <strong>verrouiller et d\u00e9verrouiller la porte la porte \u00e0 distance<\/strong>, mais aussi savoir quand vos animaux entrent et sortent de la maison.<br \/>\nLa technologie DualScan\u2122 vous permet de d\u00e9finir des autorisations de sorties pour chaque animal. La chati\u00e8re ne s&#8217;ouvre qu&#8217;au passage des animaux pr\u00e9alablement enregistr\u00e9s et transmet \u00e9galement sur votre t\u00e9l\u00e9phone des <strong>informations concernant les all\u00e9es et venues de votre animal<\/strong>. La chati\u00e8re reconna\u00eet les puces de vos animaux et emp\u00eache ainsi d&#8217;autres animaux de rentrer dans votre maison.<\/p>\n<p><strong>Caract\u00e9ristiques de la chati\u00e8re SureFlap Connect pour chien et chat :<\/strong><\/p>\n<ul>\n<li>chati\u00e8re 4 positions \u00e0 puce \u00e9lectronique<\/li>\n<li>permet de <strong>surveiller et de contr\u00f4ler votre animal \u00e0 distance<\/strong> via un hub et une application sur smartphone<\/li>\n<li><strong>emp\u00eache l&#8217;acc\u00e8s aux intrus :\u00a0<\/strong> n&#8217;autorise l&#8217;acc\u00e8s qu&#8217;aux animaux programm\u00e9s\n<ul>\n<li>possibilit\u00e9 d&#8217;enregistrer jusqu&#8217;\u00e0 32 num\u00e9ros de puce<\/li>\n<li>fonctionne avec tous les num\u00e9ros de puces courants (\u00e0 9, 10 et 15 chiffres)<\/li>\n<li><strong>pour les animaux ne poss\u00e9dant pas de puce\u00a0:<\/strong> s&#8217;utilise aussi avec un pendentif\u00a0(non fourni)<\/li>\n<\/ul>\n<\/li>\n<li><strong>application gratuite Sure Petcare pour iOS &amp; Andro\u00efd\u00a0:<\/strong>\n<ul>\n<li><strong>verrouillage et d\u00e9verrouillage <\/strong>contr\u00f4lable \u00e0 distance<\/li>\n<li><strong>vous informe <\/strong>directement sur votre smartphone d\u00e8s que votre animal entre et sort de la maison<\/li>\n<li><strong>statistiques : <\/strong>donn\u00e9es graphiques concernant les all\u00e9es et venues de votre animal<\/li>\n<li><strong>alarme anti-intrusion : <\/strong>vous pr\u00e9vient lorsqu&#8217;un animal \u00e9tranger a tent\u00e9 d&#8217;entrer dans votre maison<\/li>\n<li><strong>peut \u00eatre contr\u00f4l\u00e9e \u00e0 partir de plusieurs t\u00e9l\u00e9phones : <\/strong>fonctions accessibles \u00e0 la famille et aux amis<\/li>\n<\/ul>\n<\/li>\n<li><strong>technologie DualScan\u2122 avec double antenne\u00a0:<\/strong> permet de d\u00e9finir des autorisations de sorties pour chaque animal<\/li>\n<li><strong>hub en forme de t\u00eate de chat : <\/strong>se branche sur votre routeur, permet d&#8217;enregistrer jusqu&#8217;\u00e0 10 produits SureFlap Connect pour transmettre des informations en direct sur votre smartphone (non fourni)<\/li>\n<li><strong>caract\u00e9ristiques techniques\u00a0:<\/strong>\n<ul>\n<li>chati\u00e8re :\n<ul>\n<li>fonctionnement \u00e0 piles<\/li>\n<li>4 piles LR14 (non incluses dans la livraison)<\/li>\n<li>dur\u00e9e de vie des piles : jusqu&#8217;\u00e0 6 mois<\/li>\n<li>t\u00e9moin piles faibles<\/li>\n<li>fonctionne sans bloc d&#8217;alimentation<\/li>\n<\/ul>\n<\/li>\n<li>Hub :\n<ul>\n<li>2,4 GHz<\/li>\n<li>longueur du c\u00e2ble USB : 1,50 m<\/li>\n<li>longueur du c\u00e2ble Ethernet : 1,50 m<\/li>\n<li>fiche secteur avec 2\u00a0adaptateurs de montage<\/li>\n<li>alimentation : entr\u00e9e\u00a0: 100-240\u00a0V, 0,2 A, 50-60 Hz; sortie\u00a0: 5,0 V, 1,2 A<\/li>\n<\/ul>\n<\/li>\n<li>application smartphone :\n<ul>\n<li>fonctionnement sur smartphones : iOS9 ou version ult\u00e9rieure, Android 4.4 ou version ult\u00e9rieure<\/li>\n<li>compatibles avec les syst\u00e8mes d&#8217;exploitation : derni\u00e8res versions de Safari, Chrome, Firefox ou Internet Explorer sous Mac OS X 10.9 ou ult\u00e9rieur et Windows 7 ou ult\u00e9rieur<\/li>\n<\/ul>\n<\/li>\n<\/ul>\n<\/li>\n<li><strong>garantie :<\/strong> 3 ans<\/li>\n<li>conception solide et s\u00e9curis\u00e9e<\/li>\n<li>design moderne<\/li>\n<li><strong>coloris :<\/strong> blanc<\/li>\n<li><strong>4 modes de verrouillage <\/strong>programmables sur smartphone ou directement sur la chati\u00e8re\n<ul>\n<li>position 1 : entr\u00e9e et sortie<\/li>\n<li>position 2 : sortie uniquement<\/li>\n<li>position 3 : entr\u00e9e uniquement<\/li>\n<li>position 4 : verrouill\u00e9e<\/li>\n<\/ul>\n<\/li>\n<li><strong>dimensions :<\/strong>\n<ul>\n<li>chati\u00e8re :\n<ul>\n<li>dimensions totales : l 21 x H 21 cm<\/li>\n<li>dimensions de la d\u00e9coupe n\u00e9cessaires (portes, murs) : l 16,5 x H 17,1 cm<\/li>\n<li>dimensions de la d\u00e9coupe n\u00e9cessaires (vitres)\u00a0: 21,2 cm de diam\u00e8tre<\/li>\n<li>passage : l 14,2 x H 12 cm<\/li>\n<li>profondeur du tunnel : 7 cm<\/li>\n<\/ul>\n<\/li>\n<li>Hub (non fourni) :\n<ul>\n<li>dimensions totales : 9 cm de diam\u00e8tre x H 6,9 cm (avec les oreilles)<\/li>\n<\/ul>\n<\/li>\n<\/ul>\n<\/li>\n<li><strong>possibilit\u00e9s de montage :<\/strong> sur toutes les portes, portes vitr\u00e9es et tous les murs<\/li>\n<li><b>adaptateur (non fourni) :<\/b>\n<ul>\n<li>pour portes vitr\u00e9es, fen\u00eatres, murs ou types de portes particuliers (exemple : m\u00e9tal)<\/li>\n<li>installation possible sur du double-vitrage<\/li>\n<li>diam\u00e8tre : 28,5 cm<\/li>\n<li>couvre les trous d&#8217;un diam\u00e8tre de 21 \u00e0 26 cm<\/li>\n<\/ul>\n<\/li>\n<li>\n<ul>\n<li><\/li>\n<\/ul>\n<\/li>\n<li><b>extension pour tunnel (non fournie) :<\/b>\n<ul>\n<li>\n<ul>\n<li>pour le montage dans un mur<\/li>\n<li>un \u00e9l\u00e9ment permet de prolonger le tunnel de 5 cm<\/li>\n<li>possibilit\u00e9 de raccorder plusieurs extensions les unes aux autres<\/li>\n<\/ul>\n<\/li>\n<li><strong>ne laisse pas passer les courants d&#8217;air<\/strong><\/li>\n<li><b>inclus dans la livraison : <\/b>chati\u00e8re<b>\u00a0<\/b>SureFlap Connect, 1 cadre ext\u00e9rieur, 2 caches pour les vis du cadre\u00a0ext\u00e9rieur, vis de 3 longueurs diff\u00e9rentes<\/li>\n<\/ul>\n<\/li>\n<\/ul>\n","protected":false},"excerpt":{"rendered":"<p>Offrez plus de libert\u00e9 \u00e0 votre animal ! La chati\u00e8re \u00e0 puce \u00e9lectronique SureFlap Connect <strong>fonctionne avec une application gratuite<\/strong> \u00e0 t\u00e9l\u00e9charger sur votre smartphone. Gr\u00e2ce \u00e0 un hub (non fourni), les donn\u00e9es concernant la chati\u00e8re SureFlap sont transmises \u00e0 votre t\u00e9l\u00e9phone. Vous pourrez ainsi non seulement <strong>verrouiller et d\u00e9verrouiller la porte la porte \u00e0 distance<\/strong>, mais aussi savoir quand vos animaux entrent et sortent de la maison.<\/p>\n","protected":false},"featured_media":76864,"template":"","meta":[],"product_cat":[12548,12550,2697,2750,12595,12607,12631],"product_tag":[],"class_list":{"0":"post-33365","1":"product","2":"type-product","3":"status-publish","4":"has-post-thumbnail","6":"product_cat-accessoire-du-chat","7":"product_cat-accessoires-du-chien","8":"product_cat-chat","9":"product_cat-chatieres","10":"product_cat-confort-du-chat","11":"product_cat-gamelles-pour-chien","12":"product_cat-sortie-du-chat","13":"pa_marque-sure-petcare","15":"first","16":"instock","17":"taxable","18":"shipping-taxable","19":"purchasable","20":"product-type-variable"},"yoast_head":"<!-- This site is optimized with the Yoast SEO plugin v27.3 - https:\/\/yoast.com\/product\/yoast-seo-wordpress\/ -->\n<title>Chatiere Sureflap Connect Sure Petcare - V\u00e9torino<\/title>\n<meta name=\"description\" content=\"Offrez plus de libert\u00e9 \u00e0 votre animal ! La chati\u00e8re \u00e0 puce \u00e9lectronique SureFlap Connect fonctionne avec une application gratuite \u00e0 t\u00e9l\u00e9charger sur votre smartphone. Gr\u00e2ce \u00e0 un hub (non fourni), les donn\u00e9es concernant la chati\u00e8re SureFlap sont transmises \u00e0 votre t\u00e9l\u00e9phone. Vous pourrez ainsi non seulement verrouiller et d\u00e9verrouiller la porte la porte \u00e0 distance, mais aussi savoir quand vos animaux entrent et sortent de la maison.\" \/>\n<meta name=\"robots\" content=\"noindex, nofollow\" \/>\n<meta property=\"og:locale\" content=\"fr_FR\" \/>\n<meta property=\"og:type\" content=\"article\" \/>\n<meta property=\"og:title\" content=\"Chatiere Sureflap Connect Sure Petcare - V\u00e9torino\" \/>\n<meta property=\"og:description\" content=\"Offrez plus de libert\u00e9 \u00e0 votre animal ! La chati\u00e8re \u00e0 puce \u00e9lectronique SureFlap Connect fonctionne avec une application gratuite \u00e0 t\u00e9l\u00e9charger sur votre smartphone. Gr\u00e2ce \u00e0 un hub (non fourni), les donn\u00e9es concernant la chati\u00e8re SureFlap sont transmises \u00e0 votre t\u00e9l\u00e9phone. Vous pourrez ainsi non seulement verrouiller et d\u00e9verrouiller la porte la porte \u00e0 distance, mais aussi savoir quand vos animaux entrent et sortent de la maison.\" \/>\n<meta property=\"og:url\" content=\"https:\/\/www.vetorino.com\/veterinaire\/plouzevede-29440\/boutique\/product\/chatiere-sureflap-connect\/\" \/>\n<meta property=\"og:site_name\" content=\"V\u00e9torino\" \/>\n<meta property=\"article:publisher\" content=\"https:\/\/www.facebook.com\/Vetorino\/\" \/>\n<meta property=\"article:modified_time\" content=\"2024-07-17T12:55:18+00:00\" \/>\n<meta property=\"og:image\" content=\"https:\/\/www.vetorino.com\/boutique\/wp-content\/uploads\/2020\/03\/chatiere-connect-blanc-grand-chat-et-chien-20.jpg\" \/>\n\t<meta property=\"og:image:width\" content=\"700\" \/>\n\t<meta property=\"og:image:height\" content=\"800\" \/>\n\t<meta property=\"og:image:type\" content=\"image\/jpeg\" \/>\n<meta name=\"twitter:card\" content=\"summary_large_image\" \/>\n<meta name=\"twitter:label1\" content=\"Disponibilit\u00e9\" \/>\n\t<meta name=\"twitter:data1\" content=\"En stock\" \/>\n<script type=\"application\/ld+json\" class=\"yoast-schema-graph\">{\"@context\":\"https:\\\/\\\/schema.org\",\"@graph\":[{\"@type\":\"WebPage\",\"@id\":\"https:\\\/\\\/www.vetorino.com\\\/boutique\\\/product\\\/chatiere-sureflap-connect\\\/\",\"url\":\"https:\\\/\\\/www.vetorino.com\\\/boutique\\\/product\\\/chatiere-sureflap-connect\\\/\",\"name\":\"Chatiere Sureflap Connect Sure Petcare - V\u00e9torino\",\"isPartOf\":{\"@id\":\"https:\\\/\\\/www.vetorino.com\\\/boutique\\\/#website\"},\"primaryImageOfPage\":{\"@id\":\"https:\\\/\\\/www.vetorino.com\\\/boutique\\\/product\\\/chatiere-sureflap-connect\\\/#primaryimage\"},\"image\":{\"@id\":\"https:\\\/\\\/www.vetorino.com\\\/boutique\\\/product\\\/chatiere-sureflap-connect\\\/#primaryimage\"},\"thumbnailUrl\":\"https:\\\/\\\/www.vetorino.com\\\/boutique\\\/wp-content\\\/uploads\\\/2020\\\/03\\\/chatiere-connect-blanc-grand-chat-et-chien-20.jpg\",\"datePublished\":\"2020-03-04T20:56:28+00:00\",\"dateModified\":\"2024-07-17T12:55:18+00:00\",\"description\":\"Offrez plus de libert\u00e9 \u00e0 votre animal ! La chati\u00e8re \u00e0 puce \u00e9lectronique SureFlap Connect fonctionne avec une application gratuite \u00e0 t\u00e9l\u00e9charger sur votre smartphone. Gr\u00e2ce \u00e0 un hub (non fourni), les donn\u00e9es concernant la chati\u00e8re SureFlap sont transmises \u00e0 votre t\u00e9l\u00e9phone. Vous pourrez ainsi non seulement verrouiller et d\u00e9verrouiller la porte la porte \u00e0 distance, mais aussi savoir quand vos animaux entrent et sortent de la maison.\",\"breadcrumb\":{\"@id\":\"https:\\\/\\\/www.vetorino.com\\\/boutique\\\/product\\\/chatiere-sureflap-connect\\\/#breadcrumb\"},\"inLanguage\":\"fr-FR\",\"potentialAction\":[{\"@type\":\"ReadAction\",\"target\":[\"https:\\\/\\\/www.vetorino.com\\\/boutique\\\/product\\\/chatiere-sureflap-connect\\\/\"]}]},{\"@type\":\"ImageObject\",\"inLanguage\":\"fr-FR\",\"@id\":\"https:\\\/\\\/www.vetorino.com\\\/boutique\\\/product\\\/chatiere-sureflap-connect\\\/#primaryimage\",\"url\":\"https:\\\/\\\/www.vetorino.com\\\/boutique\\\/wp-content\\\/uploads\\\/2020\\\/03\\\/chatiere-connect-blanc-grand-chat-et-chien-20.jpg\",\"contentUrl\":\"https:\\\/\\\/www.vetorino.com\\\/boutique\\\/wp-content\\\/uploads\\\/2020\\\/03\\\/chatiere-connect-blanc-grand-chat-et-chien-20.jpg\",\"width\":700,\"height\":800},{\"@type\":\"BreadcrumbList\",\"@id\":\"https:\\\/\\\/www.vetorino.com\\\/boutique\\\/product\\\/chatiere-sureflap-connect\\\/#breadcrumb\",\"itemListElement\":[{\"@type\":\"ListItem\",\"position\":1,\"name\":\"Accueil\",\"item\":\"https:\\\/\\\/www.vetorino.com\\\/boutique\\\/\"},{\"@type\":\"ListItem\",\"position\":2,\"name\":\"Produits\",\"item\":\"https:\\\/\\\/www.vetorino.com\\\/boutique\\\/\"},{\"@type\":\"ListItem\",\"position\":3,\"name\":\"Chatiere Sureflap Connect\"}]},{\"@type\":\"WebSite\",\"@id\":\"https:\\\/\\\/www.vetorino.com\\\/boutique\\\/#website\",\"url\":\"https:\\\/\\\/www.vetorino.com\\\/boutique\\\/\",\"name\":\"V\u00e9torino\",\"description\":\"\",\"publisher\":{\"@id\":\"https:\\\/\\\/www.vetorino.com\\\/boutique\\\/#organization\"},\"potentialAction\":[{\"@type\":\"SearchAction\",\"target\":{\"@type\":\"EntryPoint\",\"urlTemplate\":\"https:\\\/\\\/www.vetorino.com\\\/boutique\\\/?s={search_term_string}\"},\"query-input\":{\"@type\":\"PropertyValueSpecification\",\"valueRequired\":true,\"valueName\":\"search_term_string\"}}],\"inLanguage\":\"fr-FR\"},{\"@type\":\"Organization\",\"@id\":\"https:\\\/\\\/www.vetorino.com\\\/boutique\\\/#organization\",\"name\":\"V\u00e9torino\",\"url\":\"https:\\\/\\\/www.vetorino.com\\\/boutique\\\/\",\"logo\":{\"@type\":\"ImageObject\",\"inLanguage\":\"fr-FR\",\"@id\":\"https:\\\/\\\/www.vetorino.com\\\/boutique\\\/#\\\/schema\\\/logo\\\/image\\\/\",\"url\":\"https:\\\/\\\/www.vetorino.com\\\/boutique\\\/wp-content\\\/uploads\\\/2024\\\/10\\\/logo.jpg\",\"contentUrl\":\"https:\\\/\\\/www.vetorino.com\\\/boutique\\\/wp-content\\\/uploads\\\/2024\\\/10\\\/logo.jpg\",\"width\":1200,\"height\":610,\"caption\":\"V\u00e9torino\"},\"image\":{\"@id\":\"https:\\\/\\\/www.vetorino.com\\\/boutique\\\/#\\\/schema\\\/logo\\\/image\\\/\"},\"sameAs\":[\"https:\\\/\\\/www.facebook.com\\\/Vetorino\\\/\",\"https:\\\/\\\/www.instagram.com\\\/vetorino_off\\\/\",\"https:\\\/\\\/www.linkedin.com\\\/company\\\/vtorino\\\/\"]}]}<\/script>\n<meta property=\"product:brand\" content=\"Sure Petcare\" \/>\n<meta property=\"og:availability\" content=\"instock\" \/>\n<meta property=\"product:availability\" content=\"instock\" \/>\n<meta property=\"product:condition\" content=\"new\" \/>\n<!-- \/ Yoast SEO plugin. -->","yoast_head_json":{"title":"Chatiere Sureflap Connect Sure Petcare - V\u00e9torino","description":"Offrez plus de libert\u00e9 \u00e0 votre animal ! La chati\u00e8re \u00e0 puce \u00e9lectronique SureFlap Connect fonctionne avec une application gratuite \u00e0 t\u00e9l\u00e9charger sur votre smartphone. Gr\u00e2ce \u00e0 un hub (non fourni), les donn\u00e9es concernant la chati\u00e8re SureFlap sont transmises \u00e0 votre t\u00e9l\u00e9phone. Vous pourrez ainsi non seulement verrouiller et d\u00e9verrouiller la porte la porte \u00e0 distance, mais aussi savoir quand vos animaux entrent et sortent de la maison.","robots":{"index":"noindex","follow":"nofollow"},"og_locale":"fr_FR","og_type":"article","og_title":"Chatiere Sureflap Connect Sure Petcare - V\u00e9torino","og_description":"Offrez plus de libert\u00e9 \u00e0 votre animal ! La chati\u00e8re \u00e0 puce \u00e9lectronique SureFlap Connect fonctionne avec une application gratuite \u00e0 t\u00e9l\u00e9charger sur votre smartphone. Gr\u00e2ce \u00e0 un hub (non fourni), les donn\u00e9es concernant la chati\u00e8re SureFlap sont transmises \u00e0 votre t\u00e9l\u00e9phone. Vous pourrez ainsi non seulement verrouiller et d\u00e9verrouiller la porte la porte \u00e0 distance, mais aussi savoir quand vos animaux entrent et sortent de la maison.","og_url":"https:\/\/www.vetorino.com\/veterinaire\/plouzevede-29440\/boutique\/product\/chatiere-sureflap-connect\/","og_site_name":"V\u00e9torino","article_publisher":"https:\/\/www.facebook.com\/Vetorino\/","article_modified_time":"2024-07-17T12:55:18+00:00","og_image":[{"width":700,"height":800,"url":"https:\/\/www.vetorino.com\/boutique\/wp-content\/uploads\/2020\/03\/chatiere-connect-blanc-grand-chat-et-chien-20.jpg","type":"image\/jpeg"}],"twitter_card":"summary_large_image","twitter_misc":{"Disponibilit\u00e9":"En stock"},"schema":{"@context":"https:\/\/schema.org","@graph":[{"@type":"WebPage","@id":"https:\/\/www.vetorino.com\/boutique\/product\/chatiere-sureflap-connect\/","url":"https:\/\/www.vetorino.com\/boutique\/product\/chatiere-sureflap-connect\/","name":"Chatiere Sureflap Connect Sure Petcare - V\u00e9torino","isPartOf":{"@id":"https:\/\/www.vetorino.com\/boutique\/#website"},"primaryImageOfPage":{"@id":"https:\/\/www.vetorino.com\/boutique\/product\/chatiere-sureflap-connect\/#primaryimage"},"image":{"@id":"https:\/\/www.vetorino.com\/boutique\/product\/chatiere-sureflap-connect\/#primaryimage"},"thumbnailUrl":"https:\/\/www.vetorino.com\/boutique\/wp-content\/uploads\/2020\/03\/chatiere-connect-blanc-grand-chat-et-chien-20.jpg","datePublished":"2020-03-04T20:56:28+00:00","dateModified":"2024-07-17T12:55:18+00:00","description":"Offrez plus de libert\u00e9 \u00e0 votre animal ! La chati\u00e8re \u00e0 puce \u00e9lectronique SureFlap Connect fonctionne avec une application gratuite \u00e0 t\u00e9l\u00e9charger sur votre smartphone. Gr\u00e2ce \u00e0 un hub (non fourni), les donn\u00e9es concernant la chati\u00e8re SureFlap sont transmises \u00e0 votre t\u00e9l\u00e9phone. Vous pourrez ainsi non seulement verrouiller et d\u00e9verrouiller la porte la porte \u00e0 distance, mais aussi savoir quand vos animaux entrent et sortent de la maison.","breadcrumb":{"@id":"https:\/\/www.vetorino.com\/boutique\/product\/chatiere-sureflap-connect\/#breadcrumb"},"inLanguage":"fr-FR","potentialAction":[{"@type":"ReadAction","target":["https:\/\/www.vetorino.com\/boutique\/product\/chatiere-sureflap-connect\/"]}]},{"@type":"ImageObject","inLanguage":"fr-FR","@id":"https:\/\/www.vetorino.com\/boutique\/product\/chatiere-sureflap-connect\/#primaryimage","url":"https:\/\/www.vetorino.com\/boutique\/wp-content\/uploads\/2020\/03\/chatiere-connect-blanc-grand-chat-et-chien-20.jpg","contentUrl":"https:\/\/www.vetorino.com\/boutique\/wp-content\/uploads\/2020\/03\/chatiere-connect-blanc-grand-chat-et-chien-20.jpg","width":700,"height":800},{"@type":"BreadcrumbList","@id":"https:\/\/www.vetorino.com\/boutique\/product\/chatiere-sureflap-connect\/#breadcrumb","itemListElement":[{"@type":"ListItem","position":1,"name":"Accueil","item":"https:\/\/www.vetorino.com\/boutique\/"},{"@type":"ListItem","position":2,"name":"Produits","item":"https:\/\/www.vetorino.com\/boutique\/"},{"@type":"ListItem","position":3,"name":"Chatiere Sureflap Connect"}]},{"@type":"WebSite","@id":"https:\/\/www.vetorino.com\/boutique\/#website","url":"https:\/\/www.vetorino.com\/boutique\/","name":"V\u00e9torino","description":"","publisher":{"@id":"https:\/\/www.vetorino.com\/boutique\/#organization"},"potentialAction":[{"@type":"SearchAction","target":{"@type":"EntryPoint","urlTemplate":"https:\/\/www.vetorino.com\/boutique\/?s={search_term_string}"},"query-input":{"@type":"PropertyValueSpecification","valueRequired":true,"valueName":"search_term_string"}}],"inLanguage":"fr-FR"},{"@type":"Organization","@id":"https:\/\/www.vetorino.com\/boutique\/#organization","name":"V\u00e9torino","url":"https:\/\/www.vetorino.com\/boutique\/","logo":{"@type":"ImageObject","inLanguage":"fr-FR","@id":"https:\/\/www.vetorino.com\/boutique\/#\/schema\/logo\/image\/","url":"https:\/\/www.vetorino.com\/boutique\/wp-content\/uploads\/2024\/10\/logo.jpg","contentUrl":"https:\/\/www.vetorino.com\/boutique\/wp-content\/uploads\/2024\/10\/logo.jpg","width":1200,"height":610,"caption":"V\u00e9torino"},"image":{"@id":"https:\/\/www.vetorino.com\/boutique\/#\/schema\/logo\/image\/"},"sameAs":["https:\/\/www.facebook.com\/Vetorino\/","https:\/\/www.instagram.com\/vetorino_off\/","https:\/\/www.linkedin.com\/company\/vtorino\/"]}]},"product_brand":"Sure Petcare","og_availability":"instock","product_availability":"instock","product_condition":"new"},"_links":{"self":[{"href":"https:\/\/www.vetorino.com\/veterinaire\/plouzevede-29440\/boutique\/wp-json\/wp\/v2\/product\/33365","targetHints":{"allow":["GET"]}}],"collection":[{"href":"https:\/\/www.vetorino.com\/veterinaire\/plouzevede-29440\/boutique\/wp-json\/wp\/v2\/product"}],"about":[{"href":"https:\/\/www.vetorino.com\/veterinaire\/plouzevede-29440\/boutique\/wp-json\/wp\/v2\/types\/product"}],"wp:featuredmedia":[{"embeddable":true,"href":"https:\/\/www.vetorino.com\/veterinaire\/plouzevede-29440\/boutique\/wp-json\/wp\/v2\/media\/76864"}],"wp:attachment":[{"href":"https:\/\/www.vetorino.com\/veterinaire\/plouzevede-29440\/boutique\/wp-json\/wp\/v2\/media?parent=33365"}],"wp:term":[{"taxonomy":"product_cat","embeddable":true,"href":"https:\/\/www.vetorino.com\/veterinaire\/plouzevede-29440\/boutique\/wp-json\/wp\/v2\/product_cat?post=33365"},{"taxonomy":"product_tag","embeddable":true,"href":"https:\/\/www.vetorino.com\/veterinaire\/plouzevede-29440\/boutique\/wp-json\/wp\/v2\/product_tag?post=33365"}],"curies":[{"name":"wp","href":"https:\/\/api.w.org\/{rel}","templated":true}]}}