{"id":33745,"date":"2020-03-04T21:58:29","date_gmt":"2020-03-04T20:58:29","guid":{"rendered":"https:\/\/www.vetorino.com\/boutique\/product\/petscool-diffuseur-recharge-8-semaines\/"},"modified":"2024-04-24T11:36:51","modified_gmt":"2024-04-24T09:36:51","slug":"petscool-diffuseur-recharge-8-semaines","status":"publish","type":"product","link":"https:\/\/www.vetorino.com\/veterinaire\/plouzevede-29440\/boutique\/product\/petscool-diffuseur-recharge-8-semaines\/","title":{"rendered":"Diffuseur et recharge"},"content":{"rendered":"<div class=\"hidden\">ANIDEV<\/div>\n<div class=\"hidden\">Furets<\/div>\n<div class=\"hidden\">Stress\/comportement<\/div>\n<p>Contribue \u00e0 att\u00e9nuer les r\u00e9actions au stress.<br \/>\nConvient \u00e0 l&#8217;ensemble des mammif\u00e8res (chiens, chats, lapins, furets, rongeurs, chevaux&#8230;) et des oiseaux.<br \/>\n&#8211; Est facile \u00e0 utiliser.<br \/>\n&#8211; Agit en quelques minutes.<br \/>\n&#8211; Diffuse jusqu&#8217;\u00e0 8 semaines (selon conditions d&#8217;utilisation).<br \/>\n&#8211; Economique, consomme seulement 5 watts.<br \/>\n&#8211; Emet peu de chaleur pour pr\u00e9server la qualit\u00e9 des huiles essentielles.<br \/>\n&#8211; Convient pour une pi\u00e8ce allant jusqu&#8217;\u00e0 60 m\u00b2.ur un<\/p>\n","protected":false},"excerpt":{"rendered":"<p><strong>PetsCool est une gamme de produits\u00a0 \u00e0 base d&#8217;huiles essentielles de val\u00e9riane, de v\u00e9tiver, de sauge et de basilic, qui contribue \u00e0 att\u00e9nuer les r\u00e9actions au stress de l\u2019ensemble des mammif\u00e8res\u00a0<\/strong><strong>(chiens, chats, lapins, furets, rongeurs, chevaux\u2026) et des oiseaux<\/strong>.<\/p>\n<p><strong>Utilisation:<\/strong><\/p>\n<ul>\n<li>Tous les mammif\u00e8res (chats, chiens, lapins, rongeurs, chevaux, etc&#8230;) et les oiseaux.<\/li>\n<li>R\u00e9duction du stress.<\/li>\n<li>Diffuse jusqu&#8217;\u00e0 8 semaines (selon conditions d&#8217;utilisation) dans une pi\u00e8ce allant jusqu&#8217;\u00e0 60 m\u00b2.<\/li>\n<\/ul>\n","protected":false},"featured_media":904123,"template":"","meta":[],"product_cat":[2759,2786,2697,12547,2698,12555,12592,12593,12594,12567,14072,2744,12563,2727,2746,12568,12570],"product_tag":[],"class_list":{"0":"post-33745","1":"product","2":"type-product","3":"status-publish","4":"has-post-thumbnail","6":"product_cat-anti-stress-et-anxiete-pour-chat","7":"product_cat-anti-stress-et-anxiete-du-chien","8":"product_cat-chat","9":"product_cat-cheval","10":"product_cat-chien","11":"product_cat-comportement-du-cheval","12":"product_cat-comportement-du-furet","13":"product_cat-comportement-du-lapin","14":"product_cat-comportement-du-rongeur","15":"product_cat-produit-veterinaire-du-chat","16":"product_cat-dietetique-et-complements-alimentaires-du-cheval","17":"product_cat-furet","18":"product_cat-lapin","19":"product_cat-nac","20":"product_cat-oiseau","21":"product_cat-produit-veterinaire-du-chien","22":"product_cat-rongeur","23":"pa_marque-petscool","25":"first","26":"instock","27":"taxable","28":"shipping-taxable","29":"purchasable","30":"product-type-simple"},"yoast_head":"<!-- This site is optimized with the Yoast SEO plugin v27.3 - https:\/\/yoast.com\/product\/yoast-seo-wordpress\/ -->\n<title>Petscool Diffuseur et recharge PetsCool - V\u00e9torino<\/title>\n<meta name=\"description\" content=\"PetsCool est une gamme de produits\u00a0 \u00e0 base d&#039;huiles essentielles de val\u00e9riane, de v\u00e9tiver, de sauge et de basilic, qui contribue \u00e0 att\u00e9nuer les r\u00e9actions au stress de l\u2019ensemble des mammif\u00e8res\u00a0(chiens, chats, lapins, furets, rongeurs, chevaux\u2026) et des oiseaux.  Utilisation:   Tous les mammif\u00e8res (chats, chiens, lapins, rongeurs, chevaux, etc...) et les oiseaux.  R\u00e9duction du stress.  Diffuse jusqu&#039;\u00e0 8 semaines (selon conditions d&#039;utilisation) dans une pi\u00e8ce allant jusqu&#039;\u00e0 60 m\u00b2.\" \/>\n<meta name=\"robots\" content=\"noindex, nofollow\" \/>\n<meta property=\"og:locale\" content=\"fr_FR\" \/>\n<meta property=\"og:type\" content=\"article\" \/>\n<meta property=\"og:title\" content=\"Petscool Diffuseur et recharge PetsCool - V\u00e9torino\" \/>\n<meta property=\"og:description\" content=\"PetsCool est une gamme de produits\u00a0 \u00e0 base d&#039;huiles essentielles de val\u00e9riane, de v\u00e9tiver, de sauge et de basilic, qui contribue \u00e0 att\u00e9nuer les r\u00e9actions au stress de l\u2019ensemble des mammif\u00e8res\u00a0(chiens, chats, lapins, furets, rongeurs, chevaux\u2026) et des oiseaux.  Utilisation:   Tous les mammif\u00e8res (chats, chiens, lapins, rongeurs, chevaux, etc...) et les oiseaux.  R\u00e9duction du stress.  Diffuse jusqu&#039;\u00e0 8 semaines (selon conditions d&#039;utilisation) dans une pi\u00e8ce allant jusqu&#039;\u00e0 60 m\u00b2.\" \/>\n<meta property=\"og:url\" content=\"https:\/\/www.vetorino.com\/veterinaire\/plouzevede-29440\/boutique\/product\/petscool-diffuseur-recharge-8-semaines\/\" \/>\n<meta property=\"og:site_name\" content=\"V\u00e9torino\" \/>\n<meta property=\"article:publisher\" content=\"https:\/\/www.facebook.com\/Vetorino\/\" \/>\n<meta property=\"article:modified_time\" content=\"2024-04-24T09:36:51+00:00\" \/>\n<meta property=\"og:image\" content=\"https:\/\/www.vetorino.com\/boutique\/wp-content\/uploads\/2020\/03\/ANIDEV-1842520.jpg\" \/>\n\t<meta property=\"og:image:width\" content=\"906\" \/>\n\t<meta property=\"og:image:height\" content=\"800\" \/>\n\t<meta property=\"og:image:type\" content=\"image\/jpeg\" \/>\n<meta name=\"twitter:card\" content=\"summary_large_image\" \/>\n<meta name=\"twitter:label1\" content=\"Prix\" \/>\n\t<meta name=\"twitter:data1\" content=\"35,67&euro;\" \/>\n\t<meta name=\"twitter:label2\" content=\"Disponibilit\u00e9\" \/>\n\t<meta name=\"twitter:data2\" content=\"En stock\" \/>\n<script type=\"application\/ld+json\" class=\"yoast-schema-graph\">{\"@context\":\"https:\\\/\\\/schema.org\",\"@graph\":[{\"@type\":\"WebPage\",\"@id\":\"https:\\\/\\\/www.vetorino.com\\\/boutique\\\/product\\\/petscool-diffuseur-recharge-8-semaines\\\/\",\"url\":\"https:\\\/\\\/www.vetorino.com\\\/boutique\\\/product\\\/petscool-diffuseur-recharge-8-semaines\\\/\",\"name\":\"Petscool Diffuseur et recharge PetsCool - V\u00e9torino\",\"isPartOf\":{\"@id\":\"https:\\\/\\\/www.vetorino.com\\\/boutique\\\/#website\"},\"primaryImageOfPage\":{\"@id\":\"https:\\\/\\\/www.vetorino.com\\\/boutique\\\/product\\\/petscool-diffuseur-recharge-8-semaines\\\/#primaryimage\"},\"image\":{\"@id\":\"https:\\\/\\\/www.vetorino.com\\\/boutique\\\/product\\\/petscool-diffuseur-recharge-8-semaines\\\/#primaryimage\"},\"thumbnailUrl\":\"https:\\\/\\\/www.vetorino.com\\\/boutique\\\/wp-content\\\/uploads\\\/2020\\\/03\\\/ANIDEV-1842520.jpg\",\"datePublished\":\"2020-03-04T20:58:29+00:00\",\"dateModified\":\"2024-04-24T09:36:51+00:00\",\"description\":\"PetsCool est une gamme de produits\u00a0 \u00e0 base d'huiles essentielles de val\u00e9riane, de v\u00e9tiver, de sauge et de basilic, qui contribue \u00e0 att\u00e9nuer les r\u00e9actions au stress de l\u2019ensemble des mammif\u00e8res\u00a0(chiens, chats, lapins, furets, rongeurs, chevaux\u2026) et des oiseaux. Utilisation: Tous les mammif\u00e8res (chats, chiens, lapins, rongeurs, chevaux, etc...) et les oiseaux. R\u00e9duction du stress. Diffuse jusqu'\u00e0 8 semaines (selon conditions d'utilisation) dans une pi\u00e8ce allant jusqu'\u00e0 60 m\u00b2.\",\"breadcrumb\":{\"@id\":\"https:\\\/\\\/www.vetorino.com\\\/boutique\\\/product\\\/petscool-diffuseur-recharge-8-semaines\\\/#breadcrumb\"},\"inLanguage\":\"fr-FR\",\"potentialAction\":[{\"@type\":\"ReadAction\",\"target\":[\"https:\\\/\\\/www.vetorino.com\\\/boutique\\\/product\\\/petscool-diffuseur-recharge-8-semaines\\\/\"]}]},{\"@type\":\"ImageObject\",\"inLanguage\":\"fr-FR\",\"@id\":\"https:\\\/\\\/www.vetorino.com\\\/boutique\\\/product\\\/petscool-diffuseur-recharge-8-semaines\\\/#primaryimage\",\"url\":\"https:\\\/\\\/www.vetorino.com\\\/boutique\\\/wp-content\\\/uploads\\\/2020\\\/03\\\/ANIDEV-1842520.jpg\",\"contentUrl\":\"https:\\\/\\\/www.vetorino.com\\\/boutique\\\/wp-content\\\/uploads\\\/2020\\\/03\\\/ANIDEV-1842520.jpg\",\"width\":906,\"height\":800},{\"@type\":\"BreadcrumbList\",\"@id\":\"https:\\\/\\\/www.vetorino.com\\\/boutique\\\/product\\\/petscool-diffuseur-recharge-8-semaines\\\/#breadcrumb\",\"itemListElement\":[{\"@type\":\"ListItem\",\"position\":1,\"name\":\"Accueil\",\"item\":\"https:\\\/\\\/www.vetorino.com\\\/boutique\\\/\"},{\"@type\":\"ListItem\",\"position\":2,\"name\":\"Produits\",\"item\":\"https:\\\/\\\/www.vetorino.com\\\/boutique\\\/\"},{\"@type\":\"ListItem\",\"position\":3,\"name\":\"Diffuseur et recharge\"}]},{\"@type\":\"WebSite\",\"@id\":\"https:\\\/\\\/www.vetorino.com\\\/boutique\\\/#website\",\"url\":\"https:\\\/\\\/www.vetorino.com\\\/boutique\\\/\",\"name\":\"V\u00e9torino\",\"description\":\"\",\"publisher\":{\"@id\":\"https:\\\/\\\/www.vetorino.com\\\/boutique\\\/#organization\"},\"potentialAction\":[{\"@type\":\"SearchAction\",\"target\":{\"@type\":\"EntryPoint\",\"urlTemplate\":\"https:\\\/\\\/www.vetorino.com\\\/boutique\\\/?s={search_term_string}\"},\"query-input\":{\"@type\":\"PropertyValueSpecification\",\"valueRequired\":true,\"valueName\":\"search_term_string\"}}],\"inLanguage\":\"fr-FR\"},{\"@type\":\"Organization\",\"@id\":\"https:\\\/\\\/www.vetorino.com\\\/boutique\\\/#organization\",\"name\":\"V\u00e9torino\",\"url\":\"https:\\\/\\\/www.vetorino.com\\\/boutique\\\/\",\"logo\":{\"@type\":\"ImageObject\",\"inLanguage\":\"fr-FR\",\"@id\":\"https:\\\/\\\/www.vetorino.com\\\/boutique\\\/#\\\/schema\\\/logo\\\/image\\\/\",\"url\":\"https:\\\/\\\/www.vetorino.com\\\/boutique\\\/wp-content\\\/uploads\\\/2024\\\/10\\\/logo.jpg\",\"contentUrl\":\"https:\\\/\\\/www.vetorino.com\\\/boutique\\\/wp-content\\\/uploads\\\/2024\\\/10\\\/logo.jpg\",\"width\":1200,\"height\":610,\"caption\":\"V\u00e9torino\"},\"image\":{\"@id\":\"https:\\\/\\\/www.vetorino.com\\\/boutique\\\/#\\\/schema\\\/logo\\\/image\\\/\"},\"sameAs\":[\"https:\\\/\\\/www.facebook.com\\\/Vetorino\\\/\",\"https:\\\/\\\/www.instagram.com\\\/vetorino_off\\\/\",\"https:\\\/\\\/www.linkedin.com\\\/company\\\/vtorino\\\/\"]}]}<\/script>\n<meta property=\"product:brand\" content=\"PetsCool\" \/>\n<meta property=\"product:price:amount\" content=\"35.67\" \/>\n<meta property=\"product:price:currency\" content=\"EUR\" \/>\n<meta property=\"og:availability\" content=\"instock\" \/>\n<meta property=\"product:availability\" content=\"instock\" \/>\n<meta property=\"product:retailer_item_id\" content=\"A-1842510\" \/>\n<meta property=\"product:condition\" content=\"new\" \/>\n<!-- \/ Yoast SEO plugin. -->","yoast_head_json":{"title":"Petscool Diffuseur et recharge PetsCool - V\u00e9torino","description":"PetsCool est une gamme de produits\u00a0 \u00e0 base d'huiles essentielles de val\u00e9riane, de v\u00e9tiver, de sauge et de basilic, qui contribue \u00e0 att\u00e9nuer les r\u00e9actions au stress de l\u2019ensemble des mammif\u00e8res\u00a0(chiens, chats, lapins, furets, rongeurs, chevaux\u2026) et des oiseaux.  Utilisation:   Tous les mammif\u00e8res (chats, chiens, lapins, rongeurs, chevaux, etc...) et les oiseaux.  R\u00e9duction du stress.  Diffuse jusqu'\u00e0 8 semaines (selon conditions d'utilisation) dans une pi\u00e8ce allant jusqu'\u00e0 60 m\u00b2.","robots":{"index":"noindex","follow":"nofollow"},"og_locale":"fr_FR","og_type":"article","og_title":"Petscool Diffuseur et recharge PetsCool - V\u00e9torino","og_description":"PetsCool est une gamme de produits\u00a0 \u00e0 base d'huiles essentielles de val\u00e9riane, de v\u00e9tiver, de sauge et de basilic, qui contribue \u00e0 att\u00e9nuer les r\u00e9actions au stress de l\u2019ensemble des mammif\u00e8res\u00a0(chiens, chats, lapins, furets, rongeurs, chevaux\u2026) et des oiseaux.  Utilisation:   Tous les mammif\u00e8res (chats, chiens, lapins, rongeurs, chevaux, etc...) et les oiseaux.  R\u00e9duction du stress.  Diffuse jusqu'\u00e0 8 semaines (selon conditions d'utilisation) dans une pi\u00e8ce allant jusqu'\u00e0 60 m\u00b2.","og_url":"https:\/\/www.vetorino.com\/veterinaire\/plouzevede-29440\/boutique\/product\/petscool-diffuseur-recharge-8-semaines\/","og_site_name":"V\u00e9torino","article_publisher":"https:\/\/www.facebook.com\/Vetorino\/","article_modified_time":"2024-04-24T09:36:51+00:00","og_image":[{"width":906,"height":800,"url":"https:\/\/www.vetorino.com\/boutique\/wp-content\/uploads\/2020\/03\/ANIDEV-1842520.jpg","type":"image\/jpeg"}],"twitter_card":"summary_large_image","twitter_misc":{"Prix":"35,67&euro;","Disponibilit\u00e9":"En stock"},"schema":{"@context":"https:\/\/schema.org","@graph":[{"@type":"WebPage","@id":"https:\/\/www.vetorino.com\/boutique\/product\/petscool-diffuseur-recharge-8-semaines\/","url":"https:\/\/www.vetorino.com\/boutique\/product\/petscool-diffuseur-recharge-8-semaines\/","name":"Petscool Diffuseur et recharge PetsCool - V\u00e9torino","isPartOf":{"@id":"https:\/\/www.vetorino.com\/boutique\/#website"},"primaryImageOfPage":{"@id":"https:\/\/www.vetorino.com\/boutique\/product\/petscool-diffuseur-recharge-8-semaines\/#primaryimage"},"image":{"@id":"https:\/\/www.vetorino.com\/boutique\/product\/petscool-diffuseur-recharge-8-semaines\/#primaryimage"},"thumbnailUrl":"https:\/\/www.vetorino.com\/boutique\/wp-content\/uploads\/2020\/03\/ANIDEV-1842520.jpg","datePublished":"2020-03-04T20:58:29+00:00","dateModified":"2024-04-24T09:36:51+00:00","description":"PetsCool est une gamme de produits\u00a0 \u00e0 base d'huiles essentielles de val\u00e9riane, de v\u00e9tiver, de sauge et de basilic, qui contribue \u00e0 att\u00e9nuer les r\u00e9actions au stress de l\u2019ensemble des mammif\u00e8res\u00a0(chiens, chats, lapins, furets, rongeurs, chevaux\u2026) et des oiseaux. Utilisation: Tous les mammif\u00e8res (chats, chiens, lapins, rongeurs, chevaux, etc...) et les oiseaux. R\u00e9duction du stress. Diffuse jusqu'\u00e0 8 semaines (selon conditions d'utilisation) dans une pi\u00e8ce allant jusqu'\u00e0 60 m\u00b2.","breadcrumb":{"@id":"https:\/\/www.vetorino.com\/boutique\/product\/petscool-diffuseur-recharge-8-semaines\/#breadcrumb"},"inLanguage":"fr-FR","potentialAction":[{"@type":"ReadAction","target":["https:\/\/www.vetorino.com\/boutique\/product\/petscool-diffuseur-recharge-8-semaines\/"]}]},{"@type":"ImageObject","inLanguage":"fr-FR","@id":"https:\/\/www.vetorino.com\/boutique\/product\/petscool-diffuseur-recharge-8-semaines\/#primaryimage","url":"https:\/\/www.vetorino.com\/boutique\/wp-content\/uploads\/2020\/03\/ANIDEV-1842520.jpg","contentUrl":"https:\/\/www.vetorino.com\/boutique\/wp-content\/uploads\/2020\/03\/ANIDEV-1842520.jpg","width":906,"height":800},{"@type":"BreadcrumbList","@id":"https:\/\/www.vetorino.com\/boutique\/product\/petscool-diffuseur-recharge-8-semaines\/#breadcrumb","itemListElement":[{"@type":"ListItem","position":1,"name":"Accueil","item":"https:\/\/www.vetorino.com\/boutique\/"},{"@type":"ListItem","position":2,"name":"Produits","item":"https:\/\/www.vetorino.com\/boutique\/"},{"@type":"ListItem","position":3,"name":"Diffuseur et recharge"}]},{"@type":"WebSite","@id":"https:\/\/www.vetorino.com\/boutique\/#website","url":"https:\/\/www.vetorino.com\/boutique\/","name":"V\u00e9torino","description":"","publisher":{"@id":"https:\/\/www.vetorino.com\/boutique\/#organization"},"potentialAction":[{"@type":"SearchAction","target":{"@type":"EntryPoint","urlTemplate":"https:\/\/www.vetorino.com\/boutique\/?s={search_term_string}"},"query-input":{"@type":"PropertyValueSpecification","valueRequired":true,"valueName":"search_term_string"}}],"inLanguage":"fr-FR"},{"@type":"Organization","@id":"https:\/\/www.vetorino.com\/boutique\/#organization","name":"V\u00e9torino","url":"https:\/\/www.vetorino.com\/boutique\/","logo":{"@type":"ImageObject","inLanguage":"fr-FR","@id":"https:\/\/www.vetorino.com\/boutique\/#\/schema\/logo\/image\/","url":"https:\/\/www.vetorino.com\/boutique\/wp-content\/uploads\/2024\/10\/logo.jpg","contentUrl":"https:\/\/www.vetorino.com\/boutique\/wp-content\/uploads\/2024\/10\/logo.jpg","width":1200,"height":610,"caption":"V\u00e9torino"},"image":{"@id":"https:\/\/www.vetorino.com\/boutique\/#\/schema\/logo\/image\/"},"sameAs":["https:\/\/www.facebook.com\/Vetorino\/","https:\/\/www.instagram.com\/vetorino_off\/","https:\/\/www.linkedin.com\/company\/vtorino\/"]}]},"product_brand":"PetsCool","product_price_amount":"35.67","product_price_currency":"EUR","og_availability":"instock","product_availability":"instock","product_retailer_item_id":"A-1842510","product_condition":"new"},"_links":{"self":[{"href":"https:\/\/www.vetorino.com\/veterinaire\/plouzevede-29440\/boutique\/wp-json\/wp\/v2\/product\/33745","targetHints":{"allow":["GET"]}}],"collection":[{"href":"https:\/\/www.vetorino.com\/veterinaire\/plouzevede-29440\/boutique\/wp-json\/wp\/v2\/product"}],"about":[{"href":"https:\/\/www.vetorino.com\/veterinaire\/plouzevede-29440\/boutique\/wp-json\/wp\/v2\/types\/product"}],"wp:featuredmedia":[{"embeddable":true,"href":"https:\/\/www.vetorino.com\/veterinaire\/plouzevede-29440\/boutique\/wp-json\/wp\/v2\/media\/904123"}],"wp:attachment":[{"href":"https:\/\/www.vetorino.com\/veterinaire\/plouzevede-29440\/boutique\/wp-json\/wp\/v2\/media?parent=33745"}],"wp:term":[{"taxonomy":"product_cat","embeddable":true,"href":"https:\/\/www.vetorino.com\/veterinaire\/plouzevede-29440\/boutique\/wp-json\/wp\/v2\/product_cat?post=33745"},{"taxonomy":"product_tag","embeddable":true,"href":"https:\/\/www.vetorino.com\/veterinaire\/plouzevede-29440\/boutique\/wp-json\/wp\/v2\/product_tag?post=33745"}],"curies":[{"name":"wp","href":"https:\/\/api.w.org\/{rel}","templated":true}]}}