{"id":33905,"date":"2020-03-04T21:59:17","date_gmt":"2020-03-04T20:59:17","guid":{"rendered":"https:\/\/www.vetorino.com\/boutique\/product\/gamelle-catch\/"},"modified":"2023-04-24T09:08:26","modified_gmt":"2023-04-24T07:08:26","slug":"gamelle-catch","status":"publish","type":"product","link":"https:\/\/www.vetorino.com\/veterinaire\/plouzevede-29440\/boutique\/product\/gamelle-catch\/","title":{"rendered":"Gamelle CATCH ANTI-GLOUTON Chat"},"content":{"rendered":"<p><strong>Gamelle interactive et innovante qui permet au chat de manger plus lentement tout en s&#8217;amusant et en stimulant ses sens. Facilite la digestion du chat et permet de pr\u00e9venir les ballonnements et les troubles digestifs.<\/strong><\/p>\n<p>Design original compos\u00e9 de 37 picots arrondis de hauteurs diff\u00e9rentes (entre 2 et 6 cm) pour une prise de nourriture plus lente qui emp\u00eache le chat d&#8217;engloutir trop vite son repas.<br \/>\nElle stimule l&#8217;intelligence et l&#8217;habilet\u00e9 de votre compagnon.<\/p>\n<p>Utilisable aussi bien en int\u00e9rieur qu&#8217;en ext\u00e9rieur et avec des croquettes ou de la nourriture humide.<br \/>\nDispose de 4 pieds antid\u00e9rapants qui emp\u00eache la gamelle de glisser.<\/p>\n<p>Il suffit de disposer sa ration quotidienne (ou des friandises) entre les picots de la gamelle Catch Northmate et votre chat se chargera du reste !<br \/>\nIl devra pousser les croquettes avec sa patte jusqu&#8217;aux rebords avant de pouvoir les attraper.<br \/>\nAugmentant la dur\u00e9e de son repas, il sera donc rassasi\u00e9 plus vite et dig\u00e9rera mieux.<\/p>\n<p><strong>Dimensions :<\/strong><br \/>\nL 27 cm x l 23 cm x H 8 cm environ<\/p>\n","protected":false},"excerpt":{"rendered":"<p><strong>Gamelle interactive et innovante qui permet au chat de manger plus lentement tout en s&#8217;amusant et en stimulant ses sens. Facilite la digestion du chat et permet de pr\u00e9venir les ballonnements et les troubles digestifs.<\/strong><\/p>\n<p>Compos\u00e9 de 37 picots arrondis de hauteurs diff\u00e9rentes (entre 2 et 6 cm) pour une prise de nourriture plus lente qui emp\u00eache le chat d&#8217;engloutir trop vite son repas.<\/p>\n","protected":false},"featured_media":600638,"template":"","meta":[],"product_cat":[12548,2697,12606],"product_tag":[],"class_list":{"0":"post-33905","1":"product","2":"type-product","3":"status-publish","4":"has-post-thumbnail","6":"product_cat-accessoire-du-chat","7":"product_cat-chat","8":"product_cat-gamelles-pour-chat","9":"pa_marque-northmate","11":"first","12":"instock","13":"taxable","14":"shipping-taxable","15":"purchasable","16":"product-type-simple"},"yoast_head":"<!-- This site is optimized with the Yoast SEO plugin v27.3 - https:\/\/yoast.com\/product\/yoast-seo-wordpress\/ -->\n<title>Gamelle CATCH ANTI-GLOUTON Chat Novactiv - V\u00e9torino<\/title>\n<meta name=\"description\" content=\"Gamelle interactive et innovante qui permet au chat de manger plus lentement tout en s&#039;amusant et en stimulant ses sens. Facilite la digestion du chat et permet de pr\u00e9venir les ballonnements et les troubles digestifs.  Compos\u00e9 de 37 picots arrondis de hauteurs diff\u00e9rentes (entre 2 et 6 cm) pour une prise de nourriture plus lente qui emp\u00eache le chat d&#039;engloutir trop vite son repas.\" \/>\n<meta name=\"robots\" content=\"noindex, nofollow\" \/>\n<meta property=\"og:locale\" content=\"fr_FR\" \/>\n<meta property=\"og:type\" content=\"article\" \/>\n<meta property=\"og:title\" content=\"Gamelle CATCH ANTI-GLOUTON Chat Novactiv - V\u00e9torino\" \/>\n<meta property=\"og:description\" content=\"Gamelle interactive et innovante qui permet au chat de manger plus lentement tout en s&#039;amusant et en stimulant ses sens. Facilite la digestion du chat et permet de pr\u00e9venir les ballonnements et les troubles digestifs.  Compos\u00e9 de 37 picots arrondis de hauteurs diff\u00e9rentes (entre 2 et 6 cm) pour une prise de nourriture plus lente qui emp\u00eache le chat d&#039;engloutir trop vite son repas.\" \/>\n<meta property=\"og:url\" content=\"https:\/\/www.vetorino.com\/veterinaire\/plouzevede-29440\/boutique\/product\/gamelle-catch\/\" \/>\n<meta property=\"og:site_name\" content=\"V\u00e9torino\" \/>\n<meta property=\"article:publisher\" content=\"https:\/\/www.facebook.com\/Vetorino\/\" \/>\n<meta property=\"article:modified_time\" content=\"2023-04-24T07:08:26+00:00\" \/>\n<meta property=\"og:image\" content=\"https:\/\/www.vetorino.com\/boutique\/wp-content\/uploads\/2020\/10\/gamelle-interactive-catch-4.jpg\" \/>\n\t<meta property=\"og:image:width\" content=\"458\" \/>\n\t<meta property=\"og:image:height\" content=\"458\" \/>\n\t<meta property=\"og:image:type\" content=\"image\/jpeg\" \/>\n<meta name=\"twitter:card\" content=\"summary_large_image\" \/>\n<meta name=\"twitter:label1\" content=\"Prix\" \/>\n\t<meta name=\"twitter:data1\" content=\"26,16&euro;\" \/>\n\t<meta name=\"twitter:label2\" content=\"Disponibilit\u00e9\" \/>\n\t<meta name=\"twitter:data2\" content=\"En stock\" \/>\n<script type=\"application\/ld+json\" class=\"yoast-schema-graph\">{\"@context\":\"https:\\\/\\\/schema.org\",\"@graph\":[{\"@type\":\"WebPage\",\"@id\":\"https:\\\/\\\/www.vetorino.com\\\/boutique\\\/product\\\/gamelle-catch\\\/\",\"url\":\"https:\\\/\\\/www.vetorino.com\\\/boutique\\\/product\\\/gamelle-catch\\\/\",\"name\":\"Gamelle CATCH ANTI-GLOUTON Chat Novactiv - V\u00e9torino\",\"isPartOf\":{\"@id\":\"https:\\\/\\\/www.vetorino.com\\\/boutique\\\/#website\"},\"primaryImageOfPage\":{\"@id\":\"https:\\\/\\\/www.vetorino.com\\\/boutique\\\/product\\\/gamelle-catch\\\/#primaryimage\"},\"image\":{\"@id\":\"https:\\\/\\\/www.vetorino.com\\\/boutique\\\/product\\\/gamelle-catch\\\/#primaryimage\"},\"thumbnailUrl\":\"https:\\\/\\\/www.vetorino.com\\\/boutique\\\/wp-content\\\/uploads\\\/2020\\\/10\\\/gamelle-interactive-catch-4.jpg\",\"datePublished\":\"2020-03-04T20:59:17+00:00\",\"dateModified\":\"2023-04-24T07:08:26+00:00\",\"description\":\"Gamelle interactive et innovante qui permet au chat de manger plus lentement tout en s'amusant et en stimulant ses sens. Facilite la digestion du chat et permet de pr\u00e9venir les ballonnements et les troubles digestifs. Compos\u00e9 de 37 picots arrondis de hauteurs diff\u00e9rentes (entre 2 et 6 cm) pour une prise de nourriture plus lente qui emp\u00eache le chat d'engloutir trop vite son repas.\",\"breadcrumb\":{\"@id\":\"https:\\\/\\\/www.vetorino.com\\\/boutique\\\/product\\\/gamelle-catch\\\/#breadcrumb\"},\"inLanguage\":\"fr-FR\",\"potentialAction\":[{\"@type\":\"ReadAction\",\"target\":[\"https:\\\/\\\/www.vetorino.com\\\/boutique\\\/product\\\/gamelle-catch\\\/\"]}]},{\"@type\":\"ImageObject\",\"inLanguage\":\"fr-FR\",\"@id\":\"https:\\\/\\\/www.vetorino.com\\\/boutique\\\/product\\\/gamelle-catch\\\/#primaryimage\",\"url\":\"https:\\\/\\\/www.vetorino.com\\\/boutique\\\/wp-content\\\/uploads\\\/2020\\\/10\\\/gamelle-interactive-catch-4.jpg\",\"contentUrl\":\"https:\\\/\\\/www.vetorino.com\\\/boutique\\\/wp-content\\\/uploads\\\/2020\\\/10\\\/gamelle-interactive-catch-4.jpg\",\"width\":458,\"height\":458},{\"@type\":\"BreadcrumbList\",\"@id\":\"https:\\\/\\\/www.vetorino.com\\\/boutique\\\/product\\\/gamelle-catch\\\/#breadcrumb\",\"itemListElement\":[{\"@type\":\"ListItem\",\"position\":1,\"name\":\"Accueil\",\"item\":\"https:\\\/\\\/www.vetorino.com\\\/boutique\\\/\"},{\"@type\":\"ListItem\",\"position\":2,\"name\":\"Produits\",\"item\":\"https:\\\/\\\/www.vetorino.com\\\/boutique\\\/\"},{\"@type\":\"ListItem\",\"position\":3,\"name\":\"Gamelle CATCH ANTI-GLOUTON Chat\"}]},{\"@type\":\"WebSite\",\"@id\":\"https:\\\/\\\/www.vetorino.com\\\/boutique\\\/#website\",\"url\":\"https:\\\/\\\/www.vetorino.com\\\/boutique\\\/\",\"name\":\"V\u00e9torino\",\"description\":\"\",\"publisher\":{\"@id\":\"https:\\\/\\\/www.vetorino.com\\\/boutique\\\/#organization\"},\"potentialAction\":[{\"@type\":\"SearchAction\",\"target\":{\"@type\":\"EntryPoint\",\"urlTemplate\":\"https:\\\/\\\/www.vetorino.com\\\/boutique\\\/?s={search_term_string}\"},\"query-input\":{\"@type\":\"PropertyValueSpecification\",\"valueRequired\":true,\"valueName\":\"search_term_string\"}}],\"inLanguage\":\"fr-FR\"},{\"@type\":\"Organization\",\"@id\":\"https:\\\/\\\/www.vetorino.com\\\/boutique\\\/#organization\",\"name\":\"V\u00e9torino\",\"url\":\"https:\\\/\\\/www.vetorino.com\\\/boutique\\\/\",\"logo\":{\"@type\":\"ImageObject\",\"inLanguage\":\"fr-FR\",\"@id\":\"https:\\\/\\\/www.vetorino.com\\\/boutique\\\/#\\\/schema\\\/logo\\\/image\\\/\",\"url\":\"https:\\\/\\\/www.vetorino.com\\\/boutique\\\/wp-content\\\/uploads\\\/2024\\\/10\\\/logo.jpg\",\"contentUrl\":\"https:\\\/\\\/www.vetorino.com\\\/boutique\\\/wp-content\\\/uploads\\\/2024\\\/10\\\/logo.jpg\",\"width\":1200,\"height\":610,\"caption\":\"V\u00e9torino\"},\"image\":{\"@id\":\"https:\\\/\\\/www.vetorino.com\\\/boutique\\\/#\\\/schema\\\/logo\\\/image\\\/\"},\"sameAs\":[\"https:\\\/\\\/www.facebook.com\\\/Vetorino\\\/\",\"https:\\\/\\\/www.instagram.com\\\/vetorino_off\\\/\",\"https:\\\/\\\/www.linkedin.com\\\/company\\\/vtorino\\\/\"]}]}<\/script>\n<meta property=\"product:brand\" content=\"Novactiv\" \/>\n<meta property=\"product:price:amount\" content=\"26.16\" \/>\n<meta property=\"product:price:currency\" content=\"EUR\" \/>\n<meta property=\"og:availability\" content=\"instock\" \/>\n<meta property=\"product:availability\" content=\"instock\" \/>\n<meta property=\"product:retailer_item_id\" content=\"A-8274978\" \/>\n<meta property=\"product:condition\" content=\"new\" \/>\n<!-- \/ Yoast SEO plugin. -->","yoast_head_json":{"title":"Gamelle CATCH ANTI-GLOUTON Chat Novactiv - V\u00e9torino","description":"Gamelle interactive et innovante qui permet au chat de manger plus lentement tout en s'amusant et en stimulant ses sens. Facilite la digestion du chat et permet de pr\u00e9venir les ballonnements et les troubles digestifs.  Compos\u00e9 de 37 picots arrondis de hauteurs diff\u00e9rentes (entre 2 et 6 cm) pour une prise de nourriture plus lente qui emp\u00eache le chat d'engloutir trop vite son repas.","robots":{"index":"noindex","follow":"nofollow"},"og_locale":"fr_FR","og_type":"article","og_title":"Gamelle CATCH ANTI-GLOUTON Chat Novactiv - V\u00e9torino","og_description":"Gamelle interactive et innovante qui permet au chat de manger plus lentement tout en s'amusant et en stimulant ses sens. Facilite la digestion du chat et permet de pr\u00e9venir les ballonnements et les troubles digestifs.  Compos\u00e9 de 37 picots arrondis de hauteurs diff\u00e9rentes (entre 2 et 6 cm) pour une prise de nourriture plus lente qui emp\u00eache le chat d'engloutir trop vite son repas.","og_url":"https:\/\/www.vetorino.com\/veterinaire\/plouzevede-29440\/boutique\/product\/gamelle-catch\/","og_site_name":"V\u00e9torino","article_publisher":"https:\/\/www.facebook.com\/Vetorino\/","article_modified_time":"2023-04-24T07:08:26+00:00","og_image":[{"width":458,"height":458,"url":"https:\/\/www.vetorino.com\/boutique\/wp-content\/uploads\/2020\/10\/gamelle-interactive-catch-4.jpg","type":"image\/jpeg"}],"twitter_card":"summary_large_image","twitter_misc":{"Prix":"26,16&euro;","Disponibilit\u00e9":"En stock"},"schema":{"@context":"https:\/\/schema.org","@graph":[{"@type":"WebPage","@id":"https:\/\/www.vetorino.com\/boutique\/product\/gamelle-catch\/","url":"https:\/\/www.vetorino.com\/boutique\/product\/gamelle-catch\/","name":"Gamelle CATCH ANTI-GLOUTON Chat Novactiv - V\u00e9torino","isPartOf":{"@id":"https:\/\/www.vetorino.com\/boutique\/#website"},"primaryImageOfPage":{"@id":"https:\/\/www.vetorino.com\/boutique\/product\/gamelle-catch\/#primaryimage"},"image":{"@id":"https:\/\/www.vetorino.com\/boutique\/product\/gamelle-catch\/#primaryimage"},"thumbnailUrl":"https:\/\/www.vetorino.com\/boutique\/wp-content\/uploads\/2020\/10\/gamelle-interactive-catch-4.jpg","datePublished":"2020-03-04T20:59:17+00:00","dateModified":"2023-04-24T07:08:26+00:00","description":"Gamelle interactive et innovante qui permet au chat de manger plus lentement tout en s'amusant et en stimulant ses sens. Facilite la digestion du chat et permet de pr\u00e9venir les ballonnements et les troubles digestifs. Compos\u00e9 de 37 picots arrondis de hauteurs diff\u00e9rentes (entre 2 et 6 cm) pour une prise de nourriture plus lente qui emp\u00eache le chat d'engloutir trop vite son repas.","breadcrumb":{"@id":"https:\/\/www.vetorino.com\/boutique\/product\/gamelle-catch\/#breadcrumb"},"inLanguage":"fr-FR","potentialAction":[{"@type":"ReadAction","target":["https:\/\/www.vetorino.com\/boutique\/product\/gamelle-catch\/"]}]},{"@type":"ImageObject","inLanguage":"fr-FR","@id":"https:\/\/www.vetorino.com\/boutique\/product\/gamelle-catch\/#primaryimage","url":"https:\/\/www.vetorino.com\/boutique\/wp-content\/uploads\/2020\/10\/gamelle-interactive-catch-4.jpg","contentUrl":"https:\/\/www.vetorino.com\/boutique\/wp-content\/uploads\/2020\/10\/gamelle-interactive-catch-4.jpg","width":458,"height":458},{"@type":"BreadcrumbList","@id":"https:\/\/www.vetorino.com\/boutique\/product\/gamelle-catch\/#breadcrumb","itemListElement":[{"@type":"ListItem","position":1,"name":"Accueil","item":"https:\/\/www.vetorino.com\/boutique\/"},{"@type":"ListItem","position":2,"name":"Produits","item":"https:\/\/www.vetorino.com\/boutique\/"},{"@type":"ListItem","position":3,"name":"Gamelle CATCH ANTI-GLOUTON Chat"}]},{"@type":"WebSite","@id":"https:\/\/www.vetorino.com\/boutique\/#website","url":"https:\/\/www.vetorino.com\/boutique\/","name":"V\u00e9torino","description":"","publisher":{"@id":"https:\/\/www.vetorino.com\/boutique\/#organization"},"potentialAction":[{"@type":"SearchAction","target":{"@type":"EntryPoint","urlTemplate":"https:\/\/www.vetorino.com\/boutique\/?s={search_term_string}"},"query-input":{"@type":"PropertyValueSpecification","valueRequired":true,"valueName":"search_term_string"}}],"inLanguage":"fr-FR"},{"@type":"Organization","@id":"https:\/\/www.vetorino.com\/boutique\/#organization","name":"V\u00e9torino","url":"https:\/\/www.vetorino.com\/boutique\/","logo":{"@type":"ImageObject","inLanguage":"fr-FR","@id":"https:\/\/www.vetorino.com\/boutique\/#\/schema\/logo\/image\/","url":"https:\/\/www.vetorino.com\/boutique\/wp-content\/uploads\/2024\/10\/logo.jpg","contentUrl":"https:\/\/www.vetorino.com\/boutique\/wp-content\/uploads\/2024\/10\/logo.jpg","width":1200,"height":610,"caption":"V\u00e9torino"},"image":{"@id":"https:\/\/www.vetorino.com\/boutique\/#\/schema\/logo\/image\/"},"sameAs":["https:\/\/www.facebook.com\/Vetorino\/","https:\/\/www.instagram.com\/vetorino_off\/","https:\/\/www.linkedin.com\/company\/vtorino\/"]}]},"product_brand":"Novactiv","product_price_amount":"26.16","product_price_currency":"EUR","og_availability":"instock","product_availability":"instock","product_retailer_item_id":"A-8274978","product_condition":"new"},"_links":{"self":[{"href":"https:\/\/www.vetorino.com\/veterinaire\/plouzevede-29440\/boutique\/wp-json\/wp\/v2\/product\/33905","targetHints":{"allow":["GET"]}}],"collection":[{"href":"https:\/\/www.vetorino.com\/veterinaire\/plouzevede-29440\/boutique\/wp-json\/wp\/v2\/product"}],"about":[{"href":"https:\/\/www.vetorino.com\/veterinaire\/plouzevede-29440\/boutique\/wp-json\/wp\/v2\/types\/product"}],"wp:featuredmedia":[{"embeddable":true,"href":"https:\/\/www.vetorino.com\/veterinaire\/plouzevede-29440\/boutique\/wp-json\/wp\/v2\/media\/600638"}],"wp:attachment":[{"href":"https:\/\/www.vetorino.com\/veterinaire\/plouzevede-29440\/boutique\/wp-json\/wp\/v2\/media?parent=33905"}],"wp:term":[{"taxonomy":"product_cat","embeddable":true,"href":"https:\/\/www.vetorino.com\/veterinaire\/plouzevede-29440\/boutique\/wp-json\/wp\/v2\/product_cat?post=33905"},{"taxonomy":"product_tag","embeddable":true,"href":"https:\/\/www.vetorino.com\/veterinaire\/plouzevede-29440\/boutique\/wp-json\/wp\/v2\/product_tag?post=33905"}],"curies":[{"name":"wp","href":"https:\/\/api.w.org\/{rel}","templated":true}]}}