{"id":34030,"date":"2020-03-04T21:59:54","date_gmt":"2020-03-04T20:59:54","guid":{"rendered":"https:\/\/www.vetorino.com\/boutique\/product\/specific-chat-fxw-adulte-barquettes\/"},"modified":"2025-08-20T17:16:21","modified_gmt":"2025-08-20T15:16:21","slug":"specific-chat-fxw-adulte-barquettes","status":"publish","type":"product","link":"https:\/\/www.vetorino.com\/veterinaire\/plouzevede-29440\/boutique\/product\/specific-chat-fxw-adulte-barquettes\/","title":{"rendered":"FXW Adult &#8211; chat"},"content":{"rendered":"<p><strong>Aliment complet et \u00e9quilibr\u00e9, compos\u00e9 d\u2019ingr\u00e9dients hautement digestibles de qualit\u00e9 sup\u00e9rieure, pour couvrir les besoins en nutriments du chat adulte.<\/strong><\/p>\n<p><strong>Utilisation :<\/strong><\/p>\n<ul>\n<li>Alimentation quotidienne du chat adulte (moins de 8 ans) en bonne sant\u00e9, st\u00e9rilis\u00e9s ou non.<\/li>\n<li>Diab\u00e8te.<\/li>\n<li>Cystite idiopathique.<\/li>\n<\/ul>\n<p><strong>Contre indications :<\/strong><\/p>\n<ul>\n<li>Chaton de moins de 6 mois et chatte gestante ou allaitante.<\/li>\n<\/ul>\n<p><strong>Bienfaits essentiels :<\/strong><\/p>\n<ul>\n<li>Gr\u00e2ce \u00e0 sa densit\u00e9 \u00e9nerg\u00e9tique mod\u00e9r\u00e9e, l\u2019aliment\u00a0<strong>aide le chat \u00e0 conserver son poids optimal<\/strong>.<\/li>\n<li>Les acides gras Om\u00e9ga-3 EPA et DHA (issus d\u2019huile de poisson) ont un<strong>\u00a0effet b\u00e9n\u00e9fique sur la sant\u00e9 de la peau, du pelage et des articulations<\/strong>.<\/li>\n<li>Chez le chat , les acides amin\u00e9s d\u00e9clenchent davantage la lib\u00e9ration d\u2019insuline que le glucose, et un apport excessif de glucides est souvent mal tol\u00e9r\u00e9. Gr\u00e2ce \u00e0 sa teneur \u00e9lev\u00e9e en prot\u00e9ines et \u00e0 sa faible teneur en glucides, cet aliment est donc bien\u00a0<strong>adapt\u00e9 aux chats diab\u00e9tiques<\/strong>.<\/li>\n<li>Les ingr\u00e9dients hautement digestibles de qualit\u00e9 sup\u00e9rieure garantissent un\u00a0<strong>apport optimal de nutriments \u00e0 partir de l\u2019alimentation<\/strong>, tout en r\u00e9duisant le volume des selles.<\/li>\n<\/ul>\n","protected":false},"excerpt":{"rendered":"<p><strong>Aliment complet et \u00e9quilibr\u00e9, compos\u00e9 d\u2019ingr\u00e9dients hautement digestibles de qualit\u00e9 sup\u00e9rieure, pour couvrir les besoins en nutriments du chat adulte.<br \/>\n<\/strong><\/p>\n<p><strong>Utilisation :<\/strong><\/p>\n<ul>\n<li>Alimentation quotidienne du chat adulte (moins de\u00a08 ans) en bonne sant\u00e9, st\u00e9rilis\u00e9s ou non<\/li>\n<li>Diab\u00e8te<\/li>\n<li>Cystite idiopathique<\/li>\n<\/ul>\n<p><strong>Attention : Le passage \u00e0 SPECIFIC\u00ae FXW Adult peut diminuer le besoin en insuline des chats diab\u00e9tiques.<\/strong><\/p>\n","protected":false},"featured_media":1450588,"template":"","meta":[],"product_cat":[12551,12583,2697],"product_tag":[],"class_list":{"0":"post-34030","1":"product","2":"type-product","3":"status-publish","4":"has-post-thumbnail","6":"product_cat-alimentation-du-chat","7":"product_cat-alimentation-premium-pour-chat","8":"product_cat-chat","9":"pa_marque-specific","11":"first","12":"instock","13":"taxable","14":"shipping-taxable","15":"purchasable","16":"product-type-variable"},"yoast_head":"<!-- This site is optimized with the Yoast SEO plugin v27.3 - https:\/\/yoast.com\/product\/yoast-seo-wordpress\/ -->\n<title>FXW Adult - chat Specific - V\u00e9torino<\/title>\n<meta name=\"description\" content=\"Aliment complet et \u00e9quilibr\u00e9, compos\u00e9 d\u2019ingr\u00e9dients hautement digestibles de qualit\u00e9 sup\u00e9rieure, pour couvrir les besoins en nutriments du chat adulte.   Utilisation :   Alimentation quotidienne du chat adulte (moins de\u00a08 ans) en bonne sant\u00e9, st\u00e9rilis\u00e9s ou non  Diab\u00e8te  Cystite idiopathique  Attention : Le passage \u00e0 SPECIFIC\u00ae FXW Adult peut diminuer le besoin en insuline des chats diab\u00e9tiques.\" \/>\n<meta name=\"robots\" content=\"noindex, nofollow\" \/>\n<meta property=\"og:locale\" content=\"fr_FR\" \/>\n<meta property=\"og:type\" content=\"article\" \/>\n<meta property=\"og:title\" content=\"FXW Adult - chat Specific - V\u00e9torino\" \/>\n<meta property=\"og:description\" content=\"Aliment complet et \u00e9quilibr\u00e9, compos\u00e9 d\u2019ingr\u00e9dients hautement digestibles de qualit\u00e9 sup\u00e9rieure, pour couvrir les besoins en nutriments du chat adulte.   Utilisation :   Alimentation quotidienne du chat adulte (moins de\u00a08 ans) en bonne sant\u00e9, st\u00e9rilis\u00e9s ou non  Diab\u00e8te  Cystite idiopathique  Attention : Le passage \u00e0 SPECIFIC\u00ae FXW Adult peut diminuer le besoin en insuline des chats diab\u00e9tiques.\" \/>\n<meta property=\"og:url\" content=\"https:\/\/www.vetorino.com\/veterinaire\/plouzevede-29440\/boutique\/product\/specific-chat-fxw-adulte-barquettes\/\" \/>\n<meta property=\"og:site_name\" content=\"V\u00e9torino\" \/>\n<meta property=\"article:publisher\" content=\"https:\/\/www.facebook.com\/Vetorino\/\" \/>\n<meta property=\"article:modified_time\" content=\"2025-08-20T15:16:21+00:00\" \/>\n<meta property=\"og:image\" content=\"https:\/\/www.vetorino.com\/boutique\/wp-content\/uploads\/2020\/03\/chat-fxw-adult-1.webp\" \/>\n\t<meta property=\"og:image:width\" content=\"800\" \/>\n\t<meta property=\"og:image:height\" content=\"800\" \/>\n\t<meta property=\"og:image:type\" content=\"image\/webp\" \/>\n<meta name=\"twitter:card\" content=\"summary_large_image\" \/>\n<meta name=\"twitter:label1\" content=\"Disponibilit\u00e9\" \/>\n\t<meta name=\"twitter:data1\" content=\"En stock\" \/>\n<script type=\"application\/ld+json\" class=\"yoast-schema-graph\">{\"@context\":\"https:\\\/\\\/schema.org\",\"@graph\":[{\"@type\":\"WebPage\",\"@id\":\"https:\\\/\\\/www.vetorino.com\\\/boutique\\\/product\\\/specific-chat-fxw-adulte-barquettes\\\/\",\"url\":\"https:\\\/\\\/www.vetorino.com\\\/boutique\\\/product\\\/specific-chat-fxw-adulte-barquettes\\\/\",\"name\":\"FXW Adult - chat Specific - V\u00e9torino\",\"isPartOf\":{\"@id\":\"https:\\\/\\\/www.vetorino.com\\\/boutique\\\/#website\"},\"primaryImageOfPage\":{\"@id\":\"https:\\\/\\\/www.vetorino.com\\\/boutique\\\/product\\\/specific-chat-fxw-adulte-barquettes\\\/#primaryimage\"},\"image\":{\"@id\":\"https:\\\/\\\/www.vetorino.com\\\/boutique\\\/product\\\/specific-chat-fxw-adulte-barquettes\\\/#primaryimage\"},\"thumbnailUrl\":\"https:\\\/\\\/www.vetorino.com\\\/boutique\\\/wp-content\\\/uploads\\\/2020\\\/03\\\/chat-fxw-adult-1.webp\",\"datePublished\":\"2020-03-04T20:59:54+00:00\",\"dateModified\":\"2025-08-20T15:16:21+00:00\",\"description\":\"Aliment complet et \u00e9quilibr\u00e9, compos\u00e9 d\u2019ingr\u00e9dients hautement digestibles de qualit\u00e9 sup\u00e9rieure, pour couvrir les besoins en nutriments du chat adulte. Utilisation : Alimentation quotidienne du chat adulte (moins de\u00a08 ans) en bonne sant\u00e9, st\u00e9rilis\u00e9s ou non Diab\u00e8te Cystite idiopathique Attention : Le passage \u00e0 SPECIFIC\u00ae FXW Adult peut diminuer le besoin en insuline des chats diab\u00e9tiques.\",\"breadcrumb\":{\"@id\":\"https:\\\/\\\/www.vetorino.com\\\/boutique\\\/product\\\/specific-chat-fxw-adulte-barquettes\\\/#breadcrumb\"},\"inLanguage\":\"fr-FR\",\"potentialAction\":[{\"@type\":\"ReadAction\",\"target\":[\"https:\\\/\\\/www.vetorino.com\\\/boutique\\\/product\\\/specific-chat-fxw-adulte-barquettes\\\/\"]}]},{\"@type\":\"ImageObject\",\"inLanguage\":\"fr-FR\",\"@id\":\"https:\\\/\\\/www.vetorino.com\\\/boutique\\\/product\\\/specific-chat-fxw-adulte-barquettes\\\/#primaryimage\",\"url\":\"https:\\\/\\\/www.vetorino.com\\\/boutique\\\/wp-content\\\/uploads\\\/2020\\\/03\\\/chat-fxw-adult-1.webp\",\"contentUrl\":\"https:\\\/\\\/www.vetorino.com\\\/boutique\\\/wp-content\\\/uploads\\\/2020\\\/03\\\/chat-fxw-adult-1.webp\",\"width\":800,\"height\":800},{\"@type\":\"BreadcrumbList\",\"@id\":\"https:\\\/\\\/www.vetorino.com\\\/boutique\\\/product\\\/specific-chat-fxw-adulte-barquettes\\\/#breadcrumb\",\"itemListElement\":[{\"@type\":\"ListItem\",\"position\":1,\"name\":\"Accueil\",\"item\":\"https:\\\/\\\/www.vetorino.com\\\/boutique\\\/\"},{\"@type\":\"ListItem\",\"position\":2,\"name\":\"Produits\",\"item\":\"https:\\\/\\\/www.vetorino.com\\\/boutique\\\/\"},{\"@type\":\"ListItem\",\"position\":3,\"name\":\"FXW Adult &#8211; chat\"}]},{\"@type\":\"WebSite\",\"@id\":\"https:\\\/\\\/www.vetorino.com\\\/boutique\\\/#website\",\"url\":\"https:\\\/\\\/www.vetorino.com\\\/boutique\\\/\",\"name\":\"V\u00e9torino\",\"description\":\"\",\"publisher\":{\"@id\":\"https:\\\/\\\/www.vetorino.com\\\/boutique\\\/#organization\"},\"potentialAction\":[{\"@type\":\"SearchAction\",\"target\":{\"@type\":\"EntryPoint\",\"urlTemplate\":\"https:\\\/\\\/www.vetorino.com\\\/boutique\\\/?s={search_term_string}\"},\"query-input\":{\"@type\":\"PropertyValueSpecification\",\"valueRequired\":true,\"valueName\":\"search_term_string\"}}],\"inLanguage\":\"fr-FR\"},{\"@type\":\"Organization\",\"@id\":\"https:\\\/\\\/www.vetorino.com\\\/boutique\\\/#organization\",\"name\":\"V\u00e9torino\",\"url\":\"https:\\\/\\\/www.vetorino.com\\\/boutique\\\/\",\"logo\":{\"@type\":\"ImageObject\",\"inLanguage\":\"fr-FR\",\"@id\":\"https:\\\/\\\/www.vetorino.com\\\/boutique\\\/#\\\/schema\\\/logo\\\/image\\\/\",\"url\":\"https:\\\/\\\/www.vetorino.com\\\/boutique\\\/wp-content\\\/uploads\\\/2024\\\/10\\\/logo.jpg\",\"contentUrl\":\"https:\\\/\\\/www.vetorino.com\\\/boutique\\\/wp-content\\\/uploads\\\/2024\\\/10\\\/logo.jpg\",\"width\":1200,\"height\":610,\"caption\":\"V\u00e9torino\"},\"image\":{\"@id\":\"https:\\\/\\\/www.vetorino.com\\\/boutique\\\/#\\\/schema\\\/logo\\\/image\\\/\"},\"sameAs\":[\"https:\\\/\\\/www.facebook.com\\\/Vetorino\\\/\",\"https:\\\/\\\/www.instagram.com\\\/vetorino_off\\\/\",\"https:\\\/\\\/www.linkedin.com\\\/company\\\/vtorino\\\/\"]}]}<\/script>\n<meta property=\"product:brand\" content=\"Specific\" \/>\n<meta property=\"og:availability\" content=\"instock\" \/>\n<meta property=\"product:availability\" content=\"instock\" \/>\n<meta property=\"product:condition\" content=\"new\" \/>\n<!-- \/ Yoast SEO plugin. -->","yoast_head_json":{"title":"FXW Adult - chat Specific - V\u00e9torino","description":"Aliment complet et \u00e9quilibr\u00e9, compos\u00e9 d\u2019ingr\u00e9dients hautement digestibles de qualit\u00e9 sup\u00e9rieure, pour couvrir les besoins en nutriments du chat adulte.   Utilisation :   Alimentation quotidienne du chat adulte (moins de\u00a08 ans) en bonne sant\u00e9, st\u00e9rilis\u00e9s ou non  Diab\u00e8te  Cystite idiopathique  Attention : Le passage \u00e0 SPECIFIC\u00ae FXW Adult peut diminuer le besoin en insuline des chats diab\u00e9tiques.","robots":{"index":"noindex","follow":"nofollow"},"og_locale":"fr_FR","og_type":"article","og_title":"FXW Adult - chat Specific - V\u00e9torino","og_description":"Aliment complet et \u00e9quilibr\u00e9, compos\u00e9 d\u2019ingr\u00e9dients hautement digestibles de qualit\u00e9 sup\u00e9rieure, pour couvrir les besoins en nutriments du chat adulte.   Utilisation :   Alimentation quotidienne du chat adulte (moins de\u00a08 ans) en bonne sant\u00e9, st\u00e9rilis\u00e9s ou non  Diab\u00e8te  Cystite idiopathique  Attention : Le passage \u00e0 SPECIFIC\u00ae FXW Adult peut diminuer le besoin en insuline des chats diab\u00e9tiques.","og_url":"https:\/\/www.vetorino.com\/veterinaire\/plouzevede-29440\/boutique\/product\/specific-chat-fxw-adulte-barquettes\/","og_site_name":"V\u00e9torino","article_publisher":"https:\/\/www.facebook.com\/Vetorino\/","article_modified_time":"2025-08-20T15:16:21+00:00","og_image":[{"width":800,"height":800,"url":"https:\/\/www.vetorino.com\/boutique\/wp-content\/uploads\/2020\/03\/chat-fxw-adult-1.webp","type":"image\/webp"}],"twitter_card":"summary_large_image","twitter_misc":{"Disponibilit\u00e9":"En stock"},"schema":{"@context":"https:\/\/schema.org","@graph":[{"@type":"WebPage","@id":"https:\/\/www.vetorino.com\/boutique\/product\/specific-chat-fxw-adulte-barquettes\/","url":"https:\/\/www.vetorino.com\/boutique\/product\/specific-chat-fxw-adulte-barquettes\/","name":"FXW Adult - chat Specific - V\u00e9torino","isPartOf":{"@id":"https:\/\/www.vetorino.com\/boutique\/#website"},"primaryImageOfPage":{"@id":"https:\/\/www.vetorino.com\/boutique\/product\/specific-chat-fxw-adulte-barquettes\/#primaryimage"},"image":{"@id":"https:\/\/www.vetorino.com\/boutique\/product\/specific-chat-fxw-adulte-barquettes\/#primaryimage"},"thumbnailUrl":"https:\/\/www.vetorino.com\/boutique\/wp-content\/uploads\/2020\/03\/chat-fxw-adult-1.webp","datePublished":"2020-03-04T20:59:54+00:00","dateModified":"2025-08-20T15:16:21+00:00","description":"Aliment complet et \u00e9quilibr\u00e9, compos\u00e9 d\u2019ingr\u00e9dients hautement digestibles de qualit\u00e9 sup\u00e9rieure, pour couvrir les besoins en nutriments du chat adulte. Utilisation : Alimentation quotidienne du chat adulte (moins de\u00a08 ans) en bonne sant\u00e9, st\u00e9rilis\u00e9s ou non Diab\u00e8te Cystite idiopathique Attention : Le passage \u00e0 SPECIFIC\u00ae FXW Adult peut diminuer le besoin en insuline des chats diab\u00e9tiques.","breadcrumb":{"@id":"https:\/\/www.vetorino.com\/boutique\/product\/specific-chat-fxw-adulte-barquettes\/#breadcrumb"},"inLanguage":"fr-FR","potentialAction":[{"@type":"ReadAction","target":["https:\/\/www.vetorino.com\/boutique\/product\/specific-chat-fxw-adulte-barquettes\/"]}]},{"@type":"ImageObject","inLanguage":"fr-FR","@id":"https:\/\/www.vetorino.com\/boutique\/product\/specific-chat-fxw-adulte-barquettes\/#primaryimage","url":"https:\/\/www.vetorino.com\/boutique\/wp-content\/uploads\/2020\/03\/chat-fxw-adult-1.webp","contentUrl":"https:\/\/www.vetorino.com\/boutique\/wp-content\/uploads\/2020\/03\/chat-fxw-adult-1.webp","width":800,"height":800},{"@type":"BreadcrumbList","@id":"https:\/\/www.vetorino.com\/boutique\/product\/specific-chat-fxw-adulte-barquettes\/#breadcrumb","itemListElement":[{"@type":"ListItem","position":1,"name":"Accueil","item":"https:\/\/www.vetorino.com\/boutique\/"},{"@type":"ListItem","position":2,"name":"Produits","item":"https:\/\/www.vetorino.com\/boutique\/"},{"@type":"ListItem","position":3,"name":"FXW Adult &#8211; chat"}]},{"@type":"WebSite","@id":"https:\/\/www.vetorino.com\/boutique\/#website","url":"https:\/\/www.vetorino.com\/boutique\/","name":"V\u00e9torino","description":"","publisher":{"@id":"https:\/\/www.vetorino.com\/boutique\/#organization"},"potentialAction":[{"@type":"SearchAction","target":{"@type":"EntryPoint","urlTemplate":"https:\/\/www.vetorino.com\/boutique\/?s={search_term_string}"},"query-input":{"@type":"PropertyValueSpecification","valueRequired":true,"valueName":"search_term_string"}}],"inLanguage":"fr-FR"},{"@type":"Organization","@id":"https:\/\/www.vetorino.com\/boutique\/#organization","name":"V\u00e9torino","url":"https:\/\/www.vetorino.com\/boutique\/","logo":{"@type":"ImageObject","inLanguage":"fr-FR","@id":"https:\/\/www.vetorino.com\/boutique\/#\/schema\/logo\/image\/","url":"https:\/\/www.vetorino.com\/boutique\/wp-content\/uploads\/2024\/10\/logo.jpg","contentUrl":"https:\/\/www.vetorino.com\/boutique\/wp-content\/uploads\/2024\/10\/logo.jpg","width":1200,"height":610,"caption":"V\u00e9torino"},"image":{"@id":"https:\/\/www.vetorino.com\/boutique\/#\/schema\/logo\/image\/"},"sameAs":["https:\/\/www.facebook.com\/Vetorino\/","https:\/\/www.instagram.com\/vetorino_off\/","https:\/\/www.linkedin.com\/company\/vtorino\/"]}]},"product_brand":"Specific","og_availability":"instock","product_availability":"instock","product_condition":"new"},"_links":{"self":[{"href":"https:\/\/www.vetorino.com\/veterinaire\/plouzevede-29440\/boutique\/wp-json\/wp\/v2\/product\/34030","targetHints":{"allow":["GET"]}}],"collection":[{"href":"https:\/\/www.vetorino.com\/veterinaire\/plouzevede-29440\/boutique\/wp-json\/wp\/v2\/product"}],"about":[{"href":"https:\/\/www.vetorino.com\/veterinaire\/plouzevede-29440\/boutique\/wp-json\/wp\/v2\/types\/product"}],"wp:featuredmedia":[{"embeddable":true,"href":"https:\/\/www.vetorino.com\/veterinaire\/plouzevede-29440\/boutique\/wp-json\/wp\/v2\/media\/1450588"}],"wp:attachment":[{"href":"https:\/\/www.vetorino.com\/veterinaire\/plouzevede-29440\/boutique\/wp-json\/wp\/v2\/media?parent=34030"}],"wp:term":[{"taxonomy":"product_cat","embeddable":true,"href":"https:\/\/www.vetorino.com\/veterinaire\/plouzevede-29440\/boutique\/wp-json\/wp\/v2\/product_cat?post=34030"},{"taxonomy":"product_tag","embeddable":true,"href":"https:\/\/www.vetorino.com\/veterinaire\/plouzevede-29440\/boutique\/wp-json\/wp\/v2\/product_tag?post=34030"}],"curies":[{"name":"wp","href":"https:\/\/api.w.org\/{rel}","templated":true}]}}