{"id":34198,"date":"2020-03-04T22:01:41","date_gmt":"2020-03-04T21:01:41","guid":{"rendered":"https:\/\/www.vetorino.com\/boutique\/product\/vetessentials-feline-young-adult-sterilised-pack-mixte\/"},"modified":"2025-11-17T16:48:26","modified_gmt":"2025-11-17T15:48:26","slug":"vetessentials-feline-young-adult-sterilised-pack-mixte","status":"publish","type":"product","link":"https:\/\/www.vetorino.com\/veterinaire\/plouzevede-29440\/boutique\/product\/vetessentials-feline-young-adult-sterilised-pack-mixte\/","title":{"rendered":"Chat Sterilised Young Adult Pack Mixte"},"content":{"rendered":"<p><strong>Hill&#8217;s Science Plan Feline Young Adult Sterilised Cat est sp\u00e9cialement formul\u00e9 pour r\u00e9pondre aux besoins des chats st\u00e9rilis\u00e9s. Contient des antioxydants \u00e0 l\u2019efficacit\u00e9 cliniquement prouv\u00e9e et une formule unique de gestion du poids.<\/strong><\/p>\n<p><strong>Utilisation:<br \/>\n<\/strong><\/p>\n<ul>\n<li>Chats st\u00e9rilis\u00e9s<\/li>\n<\/ul>\n<p><strong>Bienfaits Essentiels:<\/strong><\/p>\n<ul>\n<li>Une formule unique de gestion du poids pour<strong> br\u00fbler les graisses et d\u00e9velopper la masse musculaire<\/strong>.<\/li>\n<li><span id=\"ctl00_MasterBody_txtCaract\">Apports \u00e9lev\u00e9s en L-carnitine cliniquement prouv\u00e9s pour aider \u00e0<strong> pr\u00e9server la masse musculaire<\/strong>, pour des chats qui restent minces et actifs. Apport de L-lysine prouv\u00e9 pour aider \u00e0 maintenir la masse maigre.<\/span><\/li>\n<li>Des apports contr\u00f4l\u00e9s de min\u00e9raux pour <strong>favoriser une bonne sant\u00e9 urinaire<\/strong>. Aide \u00e0 pr\u00e9venir des formations de calculs urinaires.<\/li>\n<li>Des ingr\u00e9dients <strong>hautement digestibles<\/strong> pour une absorption optimale des nutriments.<\/li>\n<li>Elabor\u00e9 \u00e0 partir d&#8217;ingr\u00e9dients de haute qualit\u00e9 pour un <strong>go\u00fbt excellent<\/strong>.\u00a0<strong>Sans exc\u00e8s de sel<\/strong>.<\/li>\n<\/ul>\n","protected":false},"excerpt":{"rendered":"<p><strong>Hill&#8217;s Science Plan Feline Young Adult Sterilised Cat<\/strong> est sp\u00e9cialement formul\u00e9 pour r\u00e9pondre aux besoins des chats st\u00e9rilis\u00e9s. Contient des antioxydants \u00e0 l\u2019efficacit\u00e9 cliniquement prouv\u00e9e et une formule unique de gestion du poids.<\/p>\n<p><strong>Pack de 12 sachets repas pour chat : 3 au poulet, 3 \u00e0 la dinde, 3 \u00e0 la truite et 3 au saumon.<\/strong><\/p>\n","protected":false},"featured_media":76968,"template":"","meta":[],"product_cat":[12551,12583,2697],"product_tag":[],"class_list":{"0":"post-34198","1":"product","2":"type-product","3":"status-publish","4":"has-post-thumbnail","6":"product_cat-alimentation-du-chat","7":"product_cat-alimentation-premium-pour-chat","8":"product_cat-chat","9":"pa_marque-hills-pet-nutrition","11":"first","12":"instock","13":"taxable","14":"shipping-taxable","15":"purchasable","16":"product-type-simple"},"yoast_head":"<!-- This site is optimized with the Yoast SEO plugin v27.3 - https:\/\/yoast.com\/product\/yoast-seo-wordpress\/ -->\n<title>Science Plan (Hill&#039;s) Chat Sterilised Young Adult Pack Mixte Hill&#039;s - V\u00e9torino<\/title>\n<meta name=\"description\" content=\"Hill&#039;s Science Plan Feline Young Adult Sterilised Cat est sp\u00e9cialement formul\u00e9 pour r\u00e9pondre aux besoins des chats st\u00e9rilis\u00e9s. Contient des antioxydants \u00e0 l\u2019efficacit\u00e9 cliniquement prouv\u00e9e et une formule unique de gestion du poids.  Pack de 12 sachets repas pour chat : 3 au poulet, 3 \u00e0 la dinde, 3 \u00e0 la truite et 3 au saumon.\" \/>\n<meta name=\"robots\" content=\"noindex, nofollow\" \/>\n<meta property=\"og:locale\" content=\"fr_FR\" \/>\n<meta property=\"og:type\" content=\"article\" \/>\n<meta property=\"og:title\" content=\"Science Plan (Hill&#039;s) Chat Sterilised Young Adult Pack Mixte Hill&#039;s - V\u00e9torino\" \/>\n<meta property=\"og:description\" content=\"Hill&#039;s Science Plan Feline Young Adult Sterilised Cat est sp\u00e9cialement formul\u00e9 pour r\u00e9pondre aux besoins des chats st\u00e9rilis\u00e9s. Contient des antioxydants \u00e0 l\u2019efficacit\u00e9 cliniquement prouv\u00e9e et une formule unique de gestion du poids.  Pack de 12 sachets repas pour chat : 3 au poulet, 3 \u00e0 la dinde, 3 \u00e0 la truite et 3 au saumon.\" \/>\n<meta property=\"og:url\" content=\"https:\/\/www.vetorino.com\/veterinaire\/plouzevede-29440\/boutique\/product\/vetessentials-feline-young-adult-sterilised-pack-mixte\/\" \/>\n<meta property=\"og:site_name\" content=\"V\u00e9torino\" \/>\n<meta property=\"article:publisher\" content=\"https:\/\/www.facebook.com\/Vetorino\/\" \/>\n<meta property=\"article:modified_time\" content=\"2025-11-17T15:48:26+00:00\" \/>\n<meta property=\"og:image\" content=\"https:\/\/www.vetorino.com\/boutique\/wp-content\/uploads\/2020\/03\/patee-young-adult-sterilised-pack-mixte-chat-12x85g-science-plan-135.jpg\" \/>\n\t<meta property=\"og:image:width\" content=\"700\" \/>\n\t<meta property=\"og:image:height\" content=\"800\" \/>\n\t<meta property=\"og:image:type\" content=\"image\/jpeg\" \/>\n<meta name=\"twitter:card\" content=\"summary_large_image\" \/>\n<meta name=\"twitter:label1\" content=\"Prix\" \/>\n\t<meta name=\"twitter:data1\" content=\"13,87&euro;\" \/>\n\t<meta name=\"twitter:label2\" content=\"Disponibilit\u00e9\" \/>\n\t<meta name=\"twitter:data2\" content=\"En stock\" \/>\n<script type=\"application\/ld+json\" class=\"yoast-schema-graph\">{\"@context\":\"https:\\\/\\\/schema.org\",\"@graph\":[{\"@type\":\"WebPage\",\"@id\":\"https:\\\/\\\/www.vetorino.com\\\/veterinaire\\\/briancon-05100\\\/boutique\\\/product\\\/vetessentials-feline-young-adult-sterilised-pack-mixte\\\/\",\"url\":\"https:\\\/\\\/www.vetorino.com\\\/veterinaire\\\/briancon-05100\\\/boutique\\\/product\\\/vetessentials-feline-young-adult-sterilised-pack-mixte\\\/\",\"name\":\"Science Plan (Hill's) Chat Sterilised Young Adult Pack Mixte Hill's - V\u00e9torino\",\"isPartOf\":{\"@id\":\"https:\\\/\\\/www.vetorino.com\\\/boutique\\\/#website\"},\"primaryImageOfPage\":{\"@id\":\"https:\\\/\\\/www.vetorino.com\\\/veterinaire\\\/briancon-05100\\\/boutique\\\/product\\\/vetessentials-feline-young-adult-sterilised-pack-mixte\\\/#primaryimage\"},\"image\":{\"@id\":\"https:\\\/\\\/www.vetorino.com\\\/veterinaire\\\/briancon-05100\\\/boutique\\\/product\\\/vetessentials-feline-young-adult-sterilised-pack-mixte\\\/#primaryimage\"},\"thumbnailUrl\":\"https:\\\/\\\/www.vetorino.com\\\/boutique\\\/wp-content\\\/uploads\\\/2020\\\/03\\\/patee-young-adult-sterilised-pack-mixte-chat-12x85g-science-plan-135.jpg\",\"datePublished\":\"2020-03-04T21:01:41+00:00\",\"dateModified\":\"2025-11-17T15:48:26+00:00\",\"description\":\"Hill's Science Plan Feline Young Adult Sterilised Cat est sp\u00e9cialement formul\u00e9 pour r\u00e9pondre aux besoins des chats st\u00e9rilis\u00e9s. Contient des antioxydants \u00e0 l\u2019efficacit\u00e9 cliniquement prouv\u00e9e et une formule unique de gestion du poids. Pack de 12 sachets repas pour chat : 3 au poulet, 3 \u00e0 la dinde, 3 \u00e0 la truite et 3 au saumon.\",\"breadcrumb\":{\"@id\":\"https:\\\/\\\/www.vetorino.com\\\/veterinaire\\\/briancon-05100\\\/boutique\\\/product\\\/vetessentials-feline-young-adult-sterilised-pack-mixte\\\/#breadcrumb\"},\"inLanguage\":\"fr-FR\",\"potentialAction\":[{\"@type\":\"ReadAction\",\"target\":[\"https:\\\/\\\/www.vetorino.com\\\/veterinaire\\\/briancon-05100\\\/boutique\\\/product\\\/vetessentials-feline-young-adult-sterilised-pack-mixte\\\/\"]}]},{\"@type\":\"ImageObject\",\"inLanguage\":\"fr-FR\",\"@id\":\"https:\\\/\\\/www.vetorino.com\\\/veterinaire\\\/briancon-05100\\\/boutique\\\/product\\\/vetessentials-feline-young-adult-sterilised-pack-mixte\\\/#primaryimage\",\"url\":\"https:\\\/\\\/www.vetorino.com\\\/boutique\\\/wp-content\\\/uploads\\\/2020\\\/03\\\/patee-young-adult-sterilised-pack-mixte-chat-12x85g-science-plan-135.jpg\",\"contentUrl\":\"https:\\\/\\\/www.vetorino.com\\\/boutique\\\/wp-content\\\/uploads\\\/2020\\\/03\\\/patee-young-adult-sterilised-pack-mixte-chat-12x85g-science-plan-135.jpg\",\"width\":700,\"height\":800},{\"@type\":\"BreadcrumbList\",\"@id\":\"https:\\\/\\\/www.vetorino.com\\\/veterinaire\\\/briancon-05100\\\/boutique\\\/product\\\/vetessentials-feline-young-adult-sterilised-pack-mixte\\\/#breadcrumb\",\"itemListElement\":[{\"@type\":\"ListItem\",\"position\":1,\"name\":\"Accueil\",\"item\":\"https:\\\/\\\/www.vetorino.com\\\/boutique\\\/\"},{\"@type\":\"ListItem\",\"position\":2,\"name\":\"Produits\",\"item\":\"https:\\\/\\\/www.vetorino.com\\\/boutique\\\/\"},{\"@type\":\"ListItem\",\"position\":3,\"name\":\"Chat Sterilised Young Adult Pack Mixte\"}]},{\"@type\":\"WebSite\",\"@id\":\"https:\\\/\\\/www.vetorino.com\\\/boutique\\\/#website\",\"url\":\"https:\\\/\\\/www.vetorino.com\\\/boutique\\\/\",\"name\":\"V\u00e9torino\",\"description\":\"\",\"publisher\":{\"@id\":\"https:\\\/\\\/www.vetorino.com\\\/boutique\\\/#organization\"},\"potentialAction\":[{\"@type\":\"SearchAction\",\"target\":{\"@type\":\"EntryPoint\",\"urlTemplate\":\"https:\\\/\\\/www.vetorino.com\\\/boutique\\\/?s={search_term_string}\"},\"query-input\":{\"@type\":\"PropertyValueSpecification\",\"valueRequired\":true,\"valueName\":\"search_term_string\"}}],\"inLanguage\":\"fr-FR\"},{\"@type\":\"Organization\",\"@id\":\"https:\\\/\\\/www.vetorino.com\\\/boutique\\\/#organization\",\"name\":\"V\u00e9torino\",\"url\":\"https:\\\/\\\/www.vetorino.com\\\/boutique\\\/\",\"logo\":{\"@type\":\"ImageObject\",\"inLanguage\":\"fr-FR\",\"@id\":\"https:\\\/\\\/www.vetorino.com\\\/boutique\\\/#\\\/schema\\\/logo\\\/image\\\/\",\"url\":\"https:\\\/\\\/www.vetorino.com\\\/boutique\\\/wp-content\\\/uploads\\\/2024\\\/10\\\/logo.jpg\",\"contentUrl\":\"https:\\\/\\\/www.vetorino.com\\\/boutique\\\/wp-content\\\/uploads\\\/2024\\\/10\\\/logo.jpg\",\"width\":1200,\"height\":610,\"caption\":\"V\u00e9torino\"},\"image\":{\"@id\":\"https:\\\/\\\/www.vetorino.com\\\/boutique\\\/#\\\/schema\\\/logo\\\/image\\\/\"},\"sameAs\":[\"https:\\\/\\\/www.facebook.com\\\/Vetorino\\\/\",\"https:\\\/\\\/www.instagram.com\\\/vetorino_off\\\/\",\"https:\\\/\\\/www.linkedin.com\\\/company\\\/vtorino\\\/\"]}]}<\/script>\n<meta property=\"product:brand\" content=\"Hill&#039;s\" \/>\n<meta property=\"product:price:amount\" content=\"13.87\" \/>\n<meta property=\"product:price:currency\" content=\"EUR\" \/>\n<meta property=\"og:availability\" content=\"instock\" \/>\n<meta property=\"product:availability\" content=\"instock\" \/>\n<meta property=\"product:retailer_item_id\" content=\"A-1814860\" \/>\n<meta property=\"product:condition\" content=\"new\" \/>\n<!-- \/ Yoast SEO plugin. -->","yoast_head_json":{"title":"Science Plan (Hill's) Chat Sterilised Young Adult Pack Mixte Hill's - V\u00e9torino","description":"Hill's Science Plan Feline Young Adult Sterilised Cat est sp\u00e9cialement formul\u00e9 pour r\u00e9pondre aux besoins des chats st\u00e9rilis\u00e9s. Contient des antioxydants \u00e0 l\u2019efficacit\u00e9 cliniquement prouv\u00e9e et une formule unique de gestion du poids.  Pack de 12 sachets repas pour chat : 3 au poulet, 3 \u00e0 la dinde, 3 \u00e0 la truite et 3 au saumon.","robots":{"index":"noindex","follow":"nofollow"},"og_locale":"fr_FR","og_type":"article","og_title":"Science Plan (Hill's) Chat Sterilised Young Adult Pack Mixte Hill's - V\u00e9torino","og_description":"Hill's Science Plan Feline Young Adult Sterilised Cat est sp\u00e9cialement formul\u00e9 pour r\u00e9pondre aux besoins des chats st\u00e9rilis\u00e9s. Contient des antioxydants \u00e0 l\u2019efficacit\u00e9 cliniquement prouv\u00e9e et une formule unique de gestion du poids.  Pack de 12 sachets repas pour chat : 3 au poulet, 3 \u00e0 la dinde, 3 \u00e0 la truite et 3 au saumon.","og_url":"https:\/\/www.vetorino.com\/veterinaire\/plouzevede-29440\/boutique\/product\/vetessentials-feline-young-adult-sterilised-pack-mixte\/","og_site_name":"V\u00e9torino","article_publisher":"https:\/\/www.facebook.com\/Vetorino\/","article_modified_time":"2025-11-17T15:48:26+00:00","og_image":[{"width":700,"height":800,"url":"https:\/\/www.vetorino.com\/boutique\/wp-content\/uploads\/2020\/03\/patee-young-adult-sterilised-pack-mixte-chat-12x85g-science-plan-135.jpg","type":"image\/jpeg"}],"twitter_card":"summary_large_image","twitter_misc":{"Prix":"13,87&euro;","Disponibilit\u00e9":"En stock"},"schema":{"@context":"https:\/\/schema.org","@graph":[{"@type":"WebPage","@id":"https:\/\/www.vetorino.com\/veterinaire\/briancon-05100\/boutique\/product\/vetessentials-feline-young-adult-sterilised-pack-mixte\/","url":"https:\/\/www.vetorino.com\/veterinaire\/briancon-05100\/boutique\/product\/vetessentials-feline-young-adult-sterilised-pack-mixte\/","name":"Science Plan (Hill's) Chat Sterilised Young Adult Pack Mixte Hill's - V\u00e9torino","isPartOf":{"@id":"https:\/\/www.vetorino.com\/boutique\/#website"},"primaryImageOfPage":{"@id":"https:\/\/www.vetorino.com\/veterinaire\/briancon-05100\/boutique\/product\/vetessentials-feline-young-adult-sterilised-pack-mixte\/#primaryimage"},"image":{"@id":"https:\/\/www.vetorino.com\/veterinaire\/briancon-05100\/boutique\/product\/vetessentials-feline-young-adult-sterilised-pack-mixte\/#primaryimage"},"thumbnailUrl":"https:\/\/www.vetorino.com\/boutique\/wp-content\/uploads\/2020\/03\/patee-young-adult-sterilised-pack-mixte-chat-12x85g-science-plan-135.jpg","datePublished":"2020-03-04T21:01:41+00:00","dateModified":"2025-11-17T15:48:26+00:00","description":"Hill's Science Plan Feline Young Adult Sterilised Cat est sp\u00e9cialement formul\u00e9 pour r\u00e9pondre aux besoins des chats st\u00e9rilis\u00e9s. Contient des antioxydants \u00e0 l\u2019efficacit\u00e9 cliniquement prouv\u00e9e et une formule unique de gestion du poids. Pack de 12 sachets repas pour chat : 3 au poulet, 3 \u00e0 la dinde, 3 \u00e0 la truite et 3 au saumon.","breadcrumb":{"@id":"https:\/\/www.vetorino.com\/veterinaire\/briancon-05100\/boutique\/product\/vetessentials-feline-young-adult-sterilised-pack-mixte\/#breadcrumb"},"inLanguage":"fr-FR","potentialAction":[{"@type":"ReadAction","target":["https:\/\/www.vetorino.com\/veterinaire\/briancon-05100\/boutique\/product\/vetessentials-feline-young-adult-sterilised-pack-mixte\/"]}]},{"@type":"ImageObject","inLanguage":"fr-FR","@id":"https:\/\/www.vetorino.com\/veterinaire\/briancon-05100\/boutique\/product\/vetessentials-feline-young-adult-sterilised-pack-mixte\/#primaryimage","url":"https:\/\/www.vetorino.com\/boutique\/wp-content\/uploads\/2020\/03\/patee-young-adult-sterilised-pack-mixte-chat-12x85g-science-plan-135.jpg","contentUrl":"https:\/\/www.vetorino.com\/boutique\/wp-content\/uploads\/2020\/03\/patee-young-adult-sterilised-pack-mixte-chat-12x85g-science-plan-135.jpg","width":700,"height":800},{"@type":"BreadcrumbList","@id":"https:\/\/www.vetorino.com\/veterinaire\/briancon-05100\/boutique\/product\/vetessentials-feline-young-adult-sterilised-pack-mixte\/#breadcrumb","itemListElement":[{"@type":"ListItem","position":1,"name":"Accueil","item":"https:\/\/www.vetorino.com\/boutique\/"},{"@type":"ListItem","position":2,"name":"Produits","item":"https:\/\/www.vetorino.com\/boutique\/"},{"@type":"ListItem","position":3,"name":"Chat Sterilised Young Adult Pack Mixte"}]},{"@type":"WebSite","@id":"https:\/\/www.vetorino.com\/boutique\/#website","url":"https:\/\/www.vetorino.com\/boutique\/","name":"V\u00e9torino","description":"","publisher":{"@id":"https:\/\/www.vetorino.com\/boutique\/#organization"},"potentialAction":[{"@type":"SearchAction","target":{"@type":"EntryPoint","urlTemplate":"https:\/\/www.vetorino.com\/boutique\/?s={search_term_string}"},"query-input":{"@type":"PropertyValueSpecification","valueRequired":true,"valueName":"search_term_string"}}],"inLanguage":"fr-FR"},{"@type":"Organization","@id":"https:\/\/www.vetorino.com\/boutique\/#organization","name":"V\u00e9torino","url":"https:\/\/www.vetorino.com\/boutique\/","logo":{"@type":"ImageObject","inLanguage":"fr-FR","@id":"https:\/\/www.vetorino.com\/boutique\/#\/schema\/logo\/image\/","url":"https:\/\/www.vetorino.com\/boutique\/wp-content\/uploads\/2024\/10\/logo.jpg","contentUrl":"https:\/\/www.vetorino.com\/boutique\/wp-content\/uploads\/2024\/10\/logo.jpg","width":1200,"height":610,"caption":"V\u00e9torino"},"image":{"@id":"https:\/\/www.vetorino.com\/boutique\/#\/schema\/logo\/image\/"},"sameAs":["https:\/\/www.facebook.com\/Vetorino\/","https:\/\/www.instagram.com\/vetorino_off\/","https:\/\/www.linkedin.com\/company\/vtorino\/"]}]},"product_brand":"Hill's","product_price_amount":"13.87","product_price_currency":"EUR","og_availability":"instock","product_availability":"instock","product_retailer_item_id":"A-1814860","product_condition":"new"},"_links":{"self":[{"href":"https:\/\/www.vetorino.com\/veterinaire\/plouzevede-29440\/boutique\/wp-json\/wp\/v2\/product\/34198","targetHints":{"allow":["GET"]}}],"collection":[{"href":"https:\/\/www.vetorino.com\/veterinaire\/plouzevede-29440\/boutique\/wp-json\/wp\/v2\/product"}],"about":[{"href":"https:\/\/www.vetorino.com\/veterinaire\/plouzevede-29440\/boutique\/wp-json\/wp\/v2\/types\/product"}],"wp:featuredmedia":[{"embeddable":true,"href":"https:\/\/www.vetorino.com\/veterinaire\/plouzevede-29440\/boutique\/wp-json\/wp\/v2\/media\/76968"}],"wp:attachment":[{"href":"https:\/\/www.vetorino.com\/veterinaire\/plouzevede-29440\/boutique\/wp-json\/wp\/v2\/media?parent=34198"}],"wp:term":[{"taxonomy":"product_cat","embeddable":true,"href":"https:\/\/www.vetorino.com\/veterinaire\/plouzevede-29440\/boutique\/wp-json\/wp\/v2\/product_cat?post=34198"},{"taxonomy":"product_tag","embeddable":true,"href":"https:\/\/www.vetorino.com\/veterinaire\/plouzevede-29440\/boutique\/wp-json\/wp\/v2\/product_tag?post=34198"}],"curies":[{"name":"wp","href":"https:\/\/api.w.org\/{rel}","templated":true}]}}