{"id":34219,"date":"2020-03-04T22:01:44","date_gmt":"2020-03-04T21:01:44","guid":{"rendered":"https:\/\/www.vetorino.com\/boutique\/product\/feline-gastro-intestinal-biome\/"},"modified":"2025-11-06T16:41:01","modified_gmt":"2025-11-06T15:41:01","slug":"hills-prescription-diet-gastrointestinal-biome","status":"publish","type":"product","link":"https:\/\/www.vetorino.com\/veterinaire\/plouzevede-29440\/boutique\/product\/hills-prescription-diet-gastrointestinal-biome\/","title":{"rendered":"Gastrointestinal Biome Poulet &#8211; chat"},"content":{"rendered":"<p><strong>L&#8217;aliment pour chat HILL\u2019S PRESCRIPTION DIET Gastrointestinal Biome au poulet a \u00e9t\u00e9 sp\u00e9cialement formul\u00e9 pour r\u00e9pondre aux besoins des chats ayant des troubles digestifs.<\/strong><\/p>\n<p><strong>Utilisation :<\/strong><\/p>\n<ul>\n<li>Chats souffrant de troubles digestifs<\/li>\n<\/ul>\n<p><strong>Contre indications :<\/strong><\/p>\n<ul>\n<li>Les chatons<\/li>\n<li>Les femelles en gestation et en lactation<\/li>\n<li>Les chats souffrant de maladies r\u00e9nales chroniques<\/li>\n<li>Les chats souffrant d&#8217;affections cardiaques<\/li>\n<\/ul>\n<p><strong>Bienfaits essentiels :<\/strong><\/p>\n<ul>\n<li>Favorise la formation de\u00a0<strong>selles saines et r\u00e9guli\u00e8res<\/strong>.<\/li>\n<li>Nourrit et\u00a0<strong>active le microbiome intestinal<\/strong>\u00a0pour lib\u00e9rer des composants anti inflammatoires et antioxydants b\u00e9n\u00e9fiques.<\/li>\n<li>Favorise une bonne sant\u00e9 digestive\u00a0<strong>sur le long terme.<\/strong><\/li>\n<li>Aide \u00e0 g\u00e9rer les affections digestives r\u00e9pondant aux\u00a0<strong>fibres<\/strong>.<\/li>\n<li>Aide \u00e0\u00a0<strong>rompre<\/strong>\u00a0le cycle de l\u2019inflammation.<\/li>\n<li>Dot\u00e9 de la\u00a0<strong>technologie ActivBiome+<\/strong>, cet aliment r\u00e9volutionnaire favorise la croissance des bact\u00e9ries intestinales b\u00e9n\u00e9fiques.<\/li>\n<li>Facilite la<strong>\u00a0bonne assimilation<\/strong>\u00a0des aliments.<\/li>\n<li>Elabor\u00e9 \u00e0 partir d\u2019ingr\u00e9dients de\u00a0<strong>haute qualit\u00e9<\/strong>.<\/li>\n<\/ul>\n<p><strong>Ce produit est destin\u00e9 \u00e0 l&#8217;usage v\u00e9t\u00e9rinaire. Avant tout achat, nous vous\u00a0recommandons\u00a0de demander conseil \u00e0 votre v\u00e9t\u00e9rinaire.<\/strong><\/p>\n","protected":false},"excerpt":{"rendered":"<p><strong>L&#8217;aliment pour chat HILL\u2019S PRESCRIPTION DIET Gastrointestinal Biome au poulet a \u00e9t\u00e9 sp\u00e9cialement formul\u00e9 pour r\u00e9pondre aux besoins des chats ayant des troubles digestifs.<\/strong><\/p>\n<p><strong>Utilisation :<\/strong><\/p>\n<ul>\n<li>Chats souffrant de troubles digestifs<\/li>\n<\/ul>\n<p>&nbsp;<\/p>\n","protected":false},"featured_media":486963,"template":"","meta":[],"product_cat":[12551,12581,12635,2697],"product_tag":[],"class_list":{"0":"post-34219","1":"product","2":"type-product","3":"status-publish","4":"has-post-thumbnail","6":"product_cat-alimentation-du-chat","7":"product_cat-alimentation-medicalisee-pour-chat","8":"product_cat-systeme-digestif-du-chat","9":"product_cat-chat","10":"pa_marque-hills-pet-nutrition","12":"first","13":"instock","14":"taxable","15":"shipping-taxable","16":"purchasable","17":"product-type-variable"},"yoast_head":"<!-- This site is optimized with the Yoast SEO plugin v27.3 - https:\/\/yoast.com\/product\/yoast-seo-wordpress\/ -->\n<title>Prescription Diet (Hill&#039;s) Gastrointestinal Biome Poulet - chat Hill&#039;s - V\u00e9torino<\/title>\n<meta name=\"description\" content=\"Hill\u2019s Prescription Diet Gastrointestinal Biome est un aliment sec pour chat riche en fibres con\u00e7u pour favoriser des selles form\u00e9es.\" \/>\n<meta name=\"robots\" content=\"noindex, nofollow\" \/>\n<meta property=\"og:locale\" content=\"fr_FR\" \/>\n<meta property=\"og:type\" content=\"article\" \/>\n<meta property=\"og:title\" content=\"Prescription Diet (Hill&#039;s) Gastrointestinal Biome Poulet - chat Hill&#039;s - V\u00e9torino\" \/>\n<meta property=\"og:description\" content=\"Hill\u2019s Prescription Diet Gastrointestinal Biome est un aliment sec pour chat riche en fibres con\u00e7u pour favoriser des selles form\u00e9es.\" \/>\n<meta property=\"og:url\" content=\"https:\/\/www.vetorino.com\/veterinaire\/plouzevede-29440\/boutique\/product\/hills-prescription-diet-gastrointestinal-biome\/\" \/>\n<meta property=\"og:site_name\" content=\"V\u00e9torino\" \/>\n<meta property=\"article:publisher\" content=\"https:\/\/www.facebook.com\/Vetorino\/\" \/>\n<meta property=\"article:modified_time\" content=\"2025-11-06T15:41:01+00:00\" \/>\n<meta property=\"og:image\" content=\"https:\/\/www.vetorino.com\/boutique\/wp-content\/uploads\/2020\/03\/52742042084_1-prescription-diet-chat-gastrointestinal-biome-croquettes-poulet-1.jpg\" \/>\n\t<meta property=\"og:image:width\" content=\"2000\" \/>\n\t<meta property=\"og:image:height\" content=\"2000\" \/>\n\t<meta property=\"og:image:type\" content=\"image\/jpeg\" \/>\n<meta name=\"twitter:card\" content=\"summary_large_image\" \/>\n<meta name=\"twitter:label1\" content=\"Disponibilit\u00e9\" \/>\n\t<meta name=\"twitter:data1\" content=\"En stock\" \/>\n<script type=\"application\/ld+json\" class=\"yoast-schema-graph\">{\"@context\":\"https:\\\/\\\/schema.org\",\"@graph\":[{\"@type\":\"WebPage\",\"@id\":\"https:\\\/\\\/www.vetorino.com\\\/veterinaire\\\/briancon-05100\\\/boutique\\\/product\\\/hills-prescription-diet-gastrointestinal-biome\\\/\",\"url\":\"https:\\\/\\\/www.vetorino.com\\\/veterinaire\\\/briancon-05100\\\/boutique\\\/product\\\/hills-prescription-diet-gastrointestinal-biome\\\/\",\"name\":\"Prescription Diet (Hill's) Gastrointestinal Biome Poulet - chat Hill's - V\u00e9torino\",\"isPartOf\":{\"@id\":\"https:\\\/\\\/www.vetorino.com\\\/boutique\\\/#website\"},\"primaryImageOfPage\":{\"@id\":\"https:\\\/\\\/www.vetorino.com\\\/veterinaire\\\/briancon-05100\\\/boutique\\\/product\\\/hills-prescription-diet-gastrointestinal-biome\\\/#primaryimage\"},\"image\":{\"@id\":\"https:\\\/\\\/www.vetorino.com\\\/veterinaire\\\/briancon-05100\\\/boutique\\\/product\\\/hills-prescription-diet-gastrointestinal-biome\\\/#primaryimage\"},\"thumbnailUrl\":\"https:\\\/\\\/www.vetorino.com\\\/boutique\\\/wp-content\\\/uploads\\\/2020\\\/03\\\/52742042084_1-prescription-diet-chat-gastrointestinal-biome-croquettes-poulet-1.jpg\",\"datePublished\":\"2020-03-04T21:01:44+00:00\",\"dateModified\":\"2025-11-06T15:41:01+00:00\",\"description\":\"Hill\u2019s Prescription Diet Gastrointestinal Biome est un aliment sec pour chat riche en fibres con\u00e7u pour favoriser des selles form\u00e9es.\",\"breadcrumb\":{\"@id\":\"https:\\\/\\\/www.vetorino.com\\\/veterinaire\\\/briancon-05100\\\/boutique\\\/product\\\/hills-prescription-diet-gastrointestinal-biome\\\/#breadcrumb\"},\"inLanguage\":\"fr-FR\",\"potentialAction\":[{\"@type\":\"ReadAction\",\"target\":[\"https:\\\/\\\/www.vetorino.com\\\/veterinaire\\\/briancon-05100\\\/boutique\\\/product\\\/hills-prescription-diet-gastrointestinal-biome\\\/\"]}]},{\"@type\":\"ImageObject\",\"inLanguage\":\"fr-FR\",\"@id\":\"https:\\\/\\\/www.vetorino.com\\\/veterinaire\\\/briancon-05100\\\/boutique\\\/product\\\/hills-prescription-diet-gastrointestinal-biome\\\/#primaryimage\",\"url\":\"https:\\\/\\\/www.vetorino.com\\\/boutique\\\/wp-content\\\/uploads\\\/2020\\\/03\\\/52742042084_1-prescription-diet-chat-gastrointestinal-biome-croquettes-poulet-1.jpg\",\"contentUrl\":\"https:\\\/\\\/www.vetorino.com\\\/boutique\\\/wp-content\\\/uploads\\\/2020\\\/03\\\/52742042084_1-prescription-diet-chat-gastrointestinal-biome-croquettes-poulet-1.jpg\",\"width\":2000,\"height\":2000},{\"@type\":\"BreadcrumbList\",\"@id\":\"https:\\\/\\\/www.vetorino.com\\\/veterinaire\\\/briancon-05100\\\/boutique\\\/product\\\/hills-prescription-diet-gastrointestinal-biome\\\/#breadcrumb\",\"itemListElement\":[{\"@type\":\"ListItem\",\"position\":1,\"name\":\"Accueil\",\"item\":\"https:\\\/\\\/www.vetorino.com\\\/boutique\\\/\"},{\"@type\":\"ListItem\",\"position\":2,\"name\":\"Produits\",\"item\":\"https:\\\/\\\/www.vetorino.com\\\/boutique\\\/\"},{\"@type\":\"ListItem\",\"position\":3,\"name\":\"Gastrointestinal Biome Poulet &#8211; chat\"}]},{\"@type\":\"WebSite\",\"@id\":\"https:\\\/\\\/www.vetorino.com\\\/boutique\\\/#website\",\"url\":\"https:\\\/\\\/www.vetorino.com\\\/boutique\\\/\",\"name\":\"V\u00e9torino\",\"description\":\"\",\"publisher\":{\"@id\":\"https:\\\/\\\/www.vetorino.com\\\/boutique\\\/#organization\"},\"potentialAction\":[{\"@type\":\"SearchAction\",\"target\":{\"@type\":\"EntryPoint\",\"urlTemplate\":\"https:\\\/\\\/www.vetorino.com\\\/boutique\\\/?s={search_term_string}\"},\"query-input\":{\"@type\":\"PropertyValueSpecification\",\"valueRequired\":true,\"valueName\":\"search_term_string\"}}],\"inLanguage\":\"fr-FR\"},{\"@type\":\"Organization\",\"@id\":\"https:\\\/\\\/www.vetorino.com\\\/boutique\\\/#organization\",\"name\":\"V\u00e9torino\",\"url\":\"https:\\\/\\\/www.vetorino.com\\\/boutique\\\/\",\"logo\":{\"@type\":\"ImageObject\",\"inLanguage\":\"fr-FR\",\"@id\":\"https:\\\/\\\/www.vetorino.com\\\/boutique\\\/#\\\/schema\\\/logo\\\/image\\\/\",\"url\":\"https:\\\/\\\/www.vetorino.com\\\/boutique\\\/wp-content\\\/uploads\\\/2024\\\/10\\\/logo.jpg\",\"contentUrl\":\"https:\\\/\\\/www.vetorino.com\\\/boutique\\\/wp-content\\\/uploads\\\/2024\\\/10\\\/logo.jpg\",\"width\":1200,\"height\":610,\"caption\":\"V\u00e9torino\"},\"image\":{\"@id\":\"https:\\\/\\\/www.vetorino.com\\\/boutique\\\/#\\\/schema\\\/logo\\\/image\\\/\"},\"sameAs\":[\"https:\\\/\\\/www.facebook.com\\\/Vetorino\\\/\",\"https:\\\/\\\/www.instagram.com\\\/vetorino_off\\\/\",\"https:\\\/\\\/www.linkedin.com\\\/company\\\/vtorino\\\/\"]}]}<\/script>\n<meta property=\"product:brand\" content=\"Hill&#039;s\" \/>\n<meta property=\"og:availability\" content=\"instock\" \/>\n<meta property=\"product:availability\" content=\"instock\" \/>\n<meta property=\"product:condition\" content=\"new\" \/>\n<!-- \/ Yoast SEO plugin. -->","yoast_head_json":{"title":"Prescription Diet (Hill's) Gastrointestinal Biome Poulet - chat Hill's - V\u00e9torino","description":"Hill\u2019s Prescription Diet Gastrointestinal Biome est un aliment sec pour chat riche en fibres con\u00e7u pour favoriser des selles form\u00e9es.","robots":{"index":"noindex","follow":"nofollow"},"og_locale":"fr_FR","og_type":"article","og_title":"Prescription Diet (Hill's) Gastrointestinal Biome Poulet - chat Hill's - V\u00e9torino","og_description":"Hill\u2019s Prescription Diet Gastrointestinal Biome est un aliment sec pour chat riche en fibres con\u00e7u pour favoriser des selles form\u00e9es.","og_url":"https:\/\/www.vetorino.com\/veterinaire\/plouzevede-29440\/boutique\/product\/hills-prescription-diet-gastrointestinal-biome\/","og_site_name":"V\u00e9torino","article_publisher":"https:\/\/www.facebook.com\/Vetorino\/","article_modified_time":"2025-11-06T15:41:01+00:00","og_image":[{"width":2000,"height":2000,"url":"https:\/\/www.vetorino.com\/boutique\/wp-content\/uploads\/2020\/03\/52742042084_1-prescription-diet-chat-gastrointestinal-biome-croquettes-poulet-1.jpg","type":"image\/jpeg"}],"twitter_card":"summary_large_image","twitter_misc":{"Disponibilit\u00e9":"En stock"},"schema":{"@context":"https:\/\/schema.org","@graph":[{"@type":"WebPage","@id":"https:\/\/www.vetorino.com\/veterinaire\/briancon-05100\/boutique\/product\/hills-prescription-diet-gastrointestinal-biome\/","url":"https:\/\/www.vetorino.com\/veterinaire\/briancon-05100\/boutique\/product\/hills-prescription-diet-gastrointestinal-biome\/","name":"Prescription Diet (Hill's) Gastrointestinal Biome Poulet - chat Hill's - V\u00e9torino","isPartOf":{"@id":"https:\/\/www.vetorino.com\/boutique\/#website"},"primaryImageOfPage":{"@id":"https:\/\/www.vetorino.com\/veterinaire\/briancon-05100\/boutique\/product\/hills-prescription-diet-gastrointestinal-biome\/#primaryimage"},"image":{"@id":"https:\/\/www.vetorino.com\/veterinaire\/briancon-05100\/boutique\/product\/hills-prescription-diet-gastrointestinal-biome\/#primaryimage"},"thumbnailUrl":"https:\/\/www.vetorino.com\/boutique\/wp-content\/uploads\/2020\/03\/52742042084_1-prescription-diet-chat-gastrointestinal-biome-croquettes-poulet-1.jpg","datePublished":"2020-03-04T21:01:44+00:00","dateModified":"2025-11-06T15:41:01+00:00","description":"Hill\u2019s Prescription Diet Gastrointestinal Biome est un aliment sec pour chat riche en fibres con\u00e7u pour favoriser des selles form\u00e9es.","breadcrumb":{"@id":"https:\/\/www.vetorino.com\/veterinaire\/briancon-05100\/boutique\/product\/hills-prescription-diet-gastrointestinal-biome\/#breadcrumb"},"inLanguage":"fr-FR","potentialAction":[{"@type":"ReadAction","target":["https:\/\/www.vetorino.com\/veterinaire\/briancon-05100\/boutique\/product\/hills-prescription-diet-gastrointestinal-biome\/"]}]},{"@type":"ImageObject","inLanguage":"fr-FR","@id":"https:\/\/www.vetorino.com\/veterinaire\/briancon-05100\/boutique\/product\/hills-prescription-diet-gastrointestinal-biome\/#primaryimage","url":"https:\/\/www.vetorino.com\/boutique\/wp-content\/uploads\/2020\/03\/52742042084_1-prescription-diet-chat-gastrointestinal-biome-croquettes-poulet-1.jpg","contentUrl":"https:\/\/www.vetorino.com\/boutique\/wp-content\/uploads\/2020\/03\/52742042084_1-prescription-diet-chat-gastrointestinal-biome-croquettes-poulet-1.jpg","width":2000,"height":2000},{"@type":"BreadcrumbList","@id":"https:\/\/www.vetorino.com\/veterinaire\/briancon-05100\/boutique\/product\/hills-prescription-diet-gastrointestinal-biome\/#breadcrumb","itemListElement":[{"@type":"ListItem","position":1,"name":"Accueil","item":"https:\/\/www.vetorino.com\/boutique\/"},{"@type":"ListItem","position":2,"name":"Produits","item":"https:\/\/www.vetorino.com\/boutique\/"},{"@type":"ListItem","position":3,"name":"Gastrointestinal Biome Poulet &#8211; chat"}]},{"@type":"WebSite","@id":"https:\/\/www.vetorino.com\/boutique\/#website","url":"https:\/\/www.vetorino.com\/boutique\/","name":"V\u00e9torino","description":"","publisher":{"@id":"https:\/\/www.vetorino.com\/boutique\/#organization"},"potentialAction":[{"@type":"SearchAction","target":{"@type":"EntryPoint","urlTemplate":"https:\/\/www.vetorino.com\/boutique\/?s={search_term_string}"},"query-input":{"@type":"PropertyValueSpecification","valueRequired":true,"valueName":"search_term_string"}}],"inLanguage":"fr-FR"},{"@type":"Organization","@id":"https:\/\/www.vetorino.com\/boutique\/#organization","name":"V\u00e9torino","url":"https:\/\/www.vetorino.com\/boutique\/","logo":{"@type":"ImageObject","inLanguage":"fr-FR","@id":"https:\/\/www.vetorino.com\/boutique\/#\/schema\/logo\/image\/","url":"https:\/\/www.vetorino.com\/boutique\/wp-content\/uploads\/2024\/10\/logo.jpg","contentUrl":"https:\/\/www.vetorino.com\/boutique\/wp-content\/uploads\/2024\/10\/logo.jpg","width":1200,"height":610,"caption":"V\u00e9torino"},"image":{"@id":"https:\/\/www.vetorino.com\/boutique\/#\/schema\/logo\/image\/"},"sameAs":["https:\/\/www.facebook.com\/Vetorino\/","https:\/\/www.instagram.com\/vetorino_off\/","https:\/\/www.linkedin.com\/company\/vtorino\/"]}]},"product_brand":"Hill's","og_availability":"instock","product_availability":"instock","product_condition":"new"},"_links":{"self":[{"href":"https:\/\/www.vetorino.com\/veterinaire\/plouzevede-29440\/boutique\/wp-json\/wp\/v2\/product\/34219","targetHints":{"allow":["GET"]}}],"collection":[{"href":"https:\/\/www.vetorino.com\/veterinaire\/plouzevede-29440\/boutique\/wp-json\/wp\/v2\/product"}],"about":[{"href":"https:\/\/www.vetorino.com\/veterinaire\/plouzevede-29440\/boutique\/wp-json\/wp\/v2\/types\/product"}],"wp:featuredmedia":[{"embeddable":true,"href":"https:\/\/www.vetorino.com\/veterinaire\/plouzevede-29440\/boutique\/wp-json\/wp\/v2\/media\/486963"}],"wp:attachment":[{"href":"https:\/\/www.vetorino.com\/veterinaire\/plouzevede-29440\/boutique\/wp-json\/wp\/v2\/media?parent=34219"}],"wp:term":[{"taxonomy":"product_cat","embeddable":true,"href":"https:\/\/www.vetorino.com\/veterinaire\/plouzevede-29440\/boutique\/wp-json\/wp\/v2\/product_cat?post=34219"},{"taxonomy":"product_tag","embeddable":true,"href":"https:\/\/www.vetorino.com\/veterinaire\/plouzevede-29440\/boutique\/wp-json\/wp\/v2\/product_tag?post=34219"}],"curies":[{"name":"wp","href":"https:\/\/api.w.org\/{rel}","templated":true}]}}