{"id":34259,"date":"2020-03-04T22:01:49","date_gmt":"2020-03-04T21:01:49","guid":{"rendered":"https:\/\/www.vetorino.com\/boutique\/product\/cat-sensitivity-control-sachets\/"},"modified":"2025-11-03T14:28:30","modified_gmt":"2025-11-03T13:28:30","slug":"cat-sensitivity-control-sachets","status":"publish","type":"product","link":"https:\/\/www.vetorino.com\/veterinaire\/plouzevede-29440\/boutique\/product\/cat-sensitivity-control-sachets\/","title":{"rendered":"Sensitivity Control en sauce \u2013 chat"},"content":{"rendered":"<div id=\"product-description-short-4004\">\n<p><strong>Aliment en sauce complet di\u00e9t\u00e9tique pour chat.<\/strong><\/p>\n<p><strong><br \/>\nUtilisation :<\/strong><\/p>\n<ul>\n<li>Hypersensibilit\u00e9 alimentaire \u00e0 expression dermatologique et\/ou digestive<\/li>\n<li>\u00a0Syndrome atopique f\u00e9lin associ\u00e9 ou non \u00e0 une hypersensibilit\u00e9 alimentaire<\/li>\n<li>Ent\u00e9ropathie chronique (anciennement MICI)<\/li>\n<\/ul>\n<p><strong><br \/>\nNon recommand\u00e9 en cas de\u00a0 : <\/strong>Croissance, gestation et lactation<\/p>\n<\/div>\n<p><strong>Bienfaits essentiels :<\/strong><\/p>\n<ul>\n<li><strong>PROT\u00c9INES S\u00c9LECTIONN\u00c9ES : <\/strong>Un nombre limit\u00e9 de sources de prot\u00e9ines aide \u00e0 diminuer le risque d\u2019hypersensibilit\u00e9 alimentaire.<\/li>\n<li><strong>EPA\/DHA &amp; BARRI\u00c8RE CUTAN\u00c9E : <\/strong>Acides gras qui aident \u00e0 maintenir la bonne sant\u00e9 du syst\u00e8me digestif et de la peau. Formul\u00e9 pour soutenir la barri\u00e8re protectrice naturelle de la peau.<\/li>\n<li><strong>S\u00c9CURIT\u00c9 DIGESTIVE : <\/strong>Nutriments qui soutiennent l\u2019\u00e9quilibre du syst\u00e8me digestif.<\/li>\n<\/ul>\n<p>Cet aliment contribue \u00e0 rendre le milieu urinaire d\u00e9favorable au d\u00e9veloppement de calculs urinaires de struvite et d\u2019oxalate de calcium.<\/p>\n<p><strong>Cet aliment est destin\u00e9 \u00e0 la prise en charge nutritionnelle d\u2019une maladie. Pour la sant\u00e9 de votre animal, il est recommand\u00e9 de consulter votre v\u00e9t\u00e9rinaire et de respecter scrupuleusement ses recommandations nutritionnelles.<\/strong><\/p>\n","protected":false},"excerpt":{"rendered":"<div id=\"product-description-short-4004\">\n<p><strong>Aliment en sauce complet di\u00e9t\u00e9tique pour chat.<\/strong><\/p>\n<p><strong><br \/>\nUtilisation :<\/strong><\/p>\n<ul>\n<li>Hypersensibilit\u00e9 alimentaire \u00e0 expression dermatologique et\/ou digestive<\/li>\n<li>\u00a0Syndrome atopique f\u00e9lin associ\u00e9 ou non \u00e0 une hypersensibilit\u00e9 alimentaire<\/li>\n<li>Ent\u00e9ropathie chronique (anciennement MICI)<\/li>\n<\/ul>\n<p><strong><br \/>\nNon recommand\u00e9 en cas de\u00a0 : <\/strong>Croissance, gestation et lactation<\/p>\n<p><strong>Demander conseil \u00e0 un v\u00e9t\u00e9rinaire avant utilisation.<\/strong><\/p>\n<\/div>\n","protected":false},"featured_media":1553801,"template":"","meta":[],"product_cat":[12551,12581,2697],"product_tag":[],"class_list":{"0":"post-34259","1":"product","2":"type-product","3":"status-publish","4":"has-post-thumbnail","6":"product_cat-alimentation-du-chat","7":"product_cat-alimentation-medicalisee-pour-chat","8":"product_cat-chat","9":"pa_marque-royal-canin","11":"first","12":"instock","13":"taxable","14":"shipping-taxable","15":"purchasable","16":"product-type-simple"},"yoast_head":"<!-- This site is optimized with the Yoast SEO plugin v27.3 - https:\/\/yoast.com\/product\/yoast-seo-wordpress\/ -->\n<title>Veterinary Diet (Royal Canin) Sensitivity Control en sauce \u2013 chat Royal Canin - V\u00e9torino<\/title>\n<meta name=\"description\" content=\"Aliment en sauce complet di\u00e9t\u00e9tique pour chat.   Utilisation :   Hypersensibilit\u00e9 alimentaire \u00e0 expression dermatologique et\/ou digestive  \u00a0Syndrome atopique f\u00e9lin associ\u00e9 ou non \u00e0 une hypersensibilit\u00e9 alimentaire  Ent\u00e9ropathie chronique (anciennement MICI)   Non recommand\u00e9 en cas de\u00a0 : Croissance, gestation et lactation  Demander conseil \u00e0 un v\u00e9t\u00e9rinaire avant utilisation.\" \/>\n<meta name=\"robots\" content=\"noindex, nofollow\" \/>\n<meta property=\"og:locale\" content=\"fr_FR\" \/>\n<meta property=\"og:type\" content=\"article\" \/>\n<meta property=\"og:title\" content=\"Veterinary Diet (Royal Canin) Sensitivity Control en sauce \u2013 chat Royal Canin - V\u00e9torino\" \/>\n<meta property=\"og:description\" content=\"Aliment en sauce complet di\u00e9t\u00e9tique pour chat.   Utilisation :   Hypersensibilit\u00e9 alimentaire \u00e0 expression dermatologique et\/ou digestive  \u00a0Syndrome atopique f\u00e9lin associ\u00e9 ou non \u00e0 une hypersensibilit\u00e9 alimentaire  Ent\u00e9ropathie chronique (anciennement MICI)   Non recommand\u00e9 en cas de\u00a0 : Croissance, gestation et lactation  Demander conseil \u00e0 un v\u00e9t\u00e9rinaire avant utilisation.\" \/>\n<meta property=\"og:url\" content=\"https:\/\/www.vetorino.com\/veterinaire\/plouzevede-29440\/boutique\/product\/cat-sensitivity-control-sachets\/\" \/>\n<meta property=\"og:site_name\" content=\"V\u00e9torino\" \/>\n<meta property=\"article:publisher\" content=\"https:\/\/www.facebook.com\/Vetorino\/\" \/>\n<meta property=\"article:modified_time\" content=\"2025-11-03T13:28:30+00:00\" \/>\n<meta property=\"og:image\" content=\"https:\/\/www.vetorino.com\/boutique\/wp-content\/uploads\/2020\/03\/cat-sensitivity-control-poulet-sachet-repas.webp\" \/>\n\t<meta property=\"og:image:width\" content=\"800\" \/>\n\t<meta property=\"og:image:height\" content=\"800\" \/>\n\t<meta property=\"og:image:type\" content=\"image\/webp\" \/>\n<meta name=\"twitter:card\" content=\"summary_large_image\" \/>\n<meta name=\"twitter:label1\" content=\"Prix\" \/>\n\t<meta name=\"twitter:data1\" content=\"22,21&euro;\" \/>\n\t<meta name=\"twitter:label2\" content=\"Disponibilit\u00e9\" \/>\n\t<meta name=\"twitter:data2\" content=\"En stock\" \/>\n<script type=\"application\/ld+json\" class=\"yoast-schema-graph\">{\"@context\":\"https:\\\/\\\/schema.org\",\"@graph\":[{\"@type\":\"WebPage\",\"@id\":\"https:\\\/\\\/www.vetorino.com\\\/veterinaire\\\/briancon-05100\\\/boutique\\\/product\\\/cat-sensitivity-control-sachets\\\/\",\"url\":\"https:\\\/\\\/www.vetorino.com\\\/veterinaire\\\/briancon-05100\\\/boutique\\\/product\\\/cat-sensitivity-control-sachets\\\/\",\"name\":\"Veterinary Diet (Royal Canin) Sensitivity Control en sauce \u2013 chat Royal Canin - V\u00e9torino\",\"isPartOf\":{\"@id\":\"https:\\\/\\\/www.vetorino.com\\\/boutique\\\/#website\"},\"primaryImageOfPage\":{\"@id\":\"https:\\\/\\\/www.vetorino.com\\\/veterinaire\\\/briancon-05100\\\/boutique\\\/product\\\/cat-sensitivity-control-sachets\\\/#primaryimage\"},\"image\":{\"@id\":\"https:\\\/\\\/www.vetorino.com\\\/veterinaire\\\/briancon-05100\\\/boutique\\\/product\\\/cat-sensitivity-control-sachets\\\/#primaryimage\"},\"thumbnailUrl\":\"https:\\\/\\\/www.vetorino.com\\\/boutique\\\/wp-content\\\/uploads\\\/2020\\\/03\\\/cat-sensitivity-control-poulet-sachet-repas.webp\",\"datePublished\":\"2020-03-04T21:01:49+00:00\",\"dateModified\":\"2025-11-03T13:28:30+00:00\",\"description\":\"Aliment en sauce complet di\u00e9t\u00e9tique pour chat. Utilisation : Hypersensibilit\u00e9 alimentaire \u00e0 expression dermatologique et\\\/ou digestive \u00a0Syndrome atopique f\u00e9lin associ\u00e9 ou non \u00e0 une hypersensibilit\u00e9 alimentaire Ent\u00e9ropathie chronique (anciennement MICI) Non recommand\u00e9 en cas de\u00a0 : Croissance, gestation et lactation Demander conseil \u00e0 un v\u00e9t\u00e9rinaire avant utilisation.\",\"breadcrumb\":{\"@id\":\"https:\\\/\\\/www.vetorino.com\\\/veterinaire\\\/briancon-05100\\\/boutique\\\/product\\\/cat-sensitivity-control-sachets\\\/#breadcrumb\"},\"inLanguage\":\"fr-FR\",\"potentialAction\":[{\"@type\":\"ReadAction\",\"target\":[\"https:\\\/\\\/www.vetorino.com\\\/veterinaire\\\/briancon-05100\\\/boutique\\\/product\\\/cat-sensitivity-control-sachets\\\/\"]}]},{\"@type\":\"ImageObject\",\"inLanguage\":\"fr-FR\",\"@id\":\"https:\\\/\\\/www.vetorino.com\\\/veterinaire\\\/briancon-05100\\\/boutique\\\/product\\\/cat-sensitivity-control-sachets\\\/#primaryimage\",\"url\":\"https:\\\/\\\/www.vetorino.com\\\/boutique\\\/wp-content\\\/uploads\\\/2020\\\/03\\\/cat-sensitivity-control-poulet-sachet-repas.webp\",\"contentUrl\":\"https:\\\/\\\/www.vetorino.com\\\/boutique\\\/wp-content\\\/uploads\\\/2020\\\/03\\\/cat-sensitivity-control-poulet-sachet-repas.webp\",\"width\":800,\"height\":800},{\"@type\":\"BreadcrumbList\",\"@id\":\"https:\\\/\\\/www.vetorino.com\\\/veterinaire\\\/briancon-05100\\\/boutique\\\/product\\\/cat-sensitivity-control-sachets\\\/#breadcrumb\",\"itemListElement\":[{\"@type\":\"ListItem\",\"position\":1,\"name\":\"Accueil\",\"item\":\"https:\\\/\\\/www.vetorino.com\\\/boutique\\\/\"},{\"@type\":\"ListItem\",\"position\":2,\"name\":\"Produits\",\"item\":\"https:\\\/\\\/www.vetorino.com\\\/boutique\\\/\"},{\"@type\":\"ListItem\",\"position\":3,\"name\":\"Sensitivity Control en sauce \u2013 chat\"}]},{\"@type\":\"WebSite\",\"@id\":\"https:\\\/\\\/www.vetorino.com\\\/boutique\\\/#website\",\"url\":\"https:\\\/\\\/www.vetorino.com\\\/boutique\\\/\",\"name\":\"V\u00e9torino\",\"description\":\"\",\"publisher\":{\"@id\":\"https:\\\/\\\/www.vetorino.com\\\/boutique\\\/#organization\"},\"potentialAction\":[{\"@type\":\"SearchAction\",\"target\":{\"@type\":\"EntryPoint\",\"urlTemplate\":\"https:\\\/\\\/www.vetorino.com\\\/boutique\\\/?s={search_term_string}\"},\"query-input\":{\"@type\":\"PropertyValueSpecification\",\"valueRequired\":true,\"valueName\":\"search_term_string\"}}],\"inLanguage\":\"fr-FR\"},{\"@type\":\"Organization\",\"@id\":\"https:\\\/\\\/www.vetorino.com\\\/boutique\\\/#organization\",\"name\":\"V\u00e9torino\",\"url\":\"https:\\\/\\\/www.vetorino.com\\\/boutique\\\/\",\"logo\":{\"@type\":\"ImageObject\",\"inLanguage\":\"fr-FR\",\"@id\":\"https:\\\/\\\/www.vetorino.com\\\/boutique\\\/#\\\/schema\\\/logo\\\/image\\\/\",\"url\":\"https:\\\/\\\/www.vetorino.com\\\/boutique\\\/wp-content\\\/uploads\\\/2024\\\/10\\\/logo.jpg\",\"contentUrl\":\"https:\\\/\\\/www.vetorino.com\\\/boutique\\\/wp-content\\\/uploads\\\/2024\\\/10\\\/logo.jpg\",\"width\":1200,\"height\":610,\"caption\":\"V\u00e9torino\"},\"image\":{\"@id\":\"https:\\\/\\\/www.vetorino.com\\\/boutique\\\/#\\\/schema\\\/logo\\\/image\\\/\"},\"sameAs\":[\"https:\\\/\\\/www.facebook.com\\\/Vetorino\\\/\",\"https:\\\/\\\/www.instagram.com\\\/vetorino_off\\\/\",\"https:\\\/\\\/www.linkedin.com\\\/company\\\/vtorino\\\/\"]}]}<\/script>\n<meta property=\"product:brand\" content=\"Royal Canin\" \/>\n<meta property=\"product:price:amount\" content=\"22.21\" \/>\n<meta property=\"product:price:currency\" content=\"EUR\" \/>\n<meta property=\"og:availability\" content=\"instock\" \/>\n<meta property=\"product:availability\" content=\"instock\" \/>\n<meta property=\"product:retailer_item_id\" content=\"A-1838790\" \/>\n<meta property=\"product:condition\" content=\"new\" \/>\n<!-- \/ Yoast SEO plugin. -->","yoast_head_json":{"title":"Veterinary Diet (Royal Canin) Sensitivity Control en sauce \u2013 chat Royal Canin - V\u00e9torino","description":"Aliment en sauce complet di\u00e9t\u00e9tique pour chat.   Utilisation :   Hypersensibilit\u00e9 alimentaire \u00e0 expression dermatologique et\/ou digestive  \u00a0Syndrome atopique f\u00e9lin associ\u00e9 ou non \u00e0 une hypersensibilit\u00e9 alimentaire  Ent\u00e9ropathie chronique (anciennement MICI)   Non recommand\u00e9 en cas de\u00a0 : Croissance, gestation et lactation  Demander conseil \u00e0 un v\u00e9t\u00e9rinaire avant utilisation.","robots":{"index":"noindex","follow":"nofollow"},"og_locale":"fr_FR","og_type":"article","og_title":"Veterinary Diet (Royal Canin) Sensitivity Control en sauce \u2013 chat Royal Canin - V\u00e9torino","og_description":"Aliment en sauce complet di\u00e9t\u00e9tique pour chat.   Utilisation :   Hypersensibilit\u00e9 alimentaire \u00e0 expression dermatologique et\/ou digestive  \u00a0Syndrome atopique f\u00e9lin associ\u00e9 ou non \u00e0 une hypersensibilit\u00e9 alimentaire  Ent\u00e9ropathie chronique (anciennement MICI)   Non recommand\u00e9 en cas de\u00a0 : Croissance, gestation et lactation  Demander conseil \u00e0 un v\u00e9t\u00e9rinaire avant utilisation.","og_url":"https:\/\/www.vetorino.com\/veterinaire\/plouzevede-29440\/boutique\/product\/cat-sensitivity-control-sachets\/","og_site_name":"V\u00e9torino","article_publisher":"https:\/\/www.facebook.com\/Vetorino\/","article_modified_time":"2025-11-03T13:28:30+00:00","og_image":[{"width":800,"height":800,"url":"https:\/\/www.vetorino.com\/boutique\/wp-content\/uploads\/2020\/03\/cat-sensitivity-control-poulet-sachet-repas.webp","type":"image\/webp"}],"twitter_card":"summary_large_image","twitter_misc":{"Prix":"22,21&euro;","Disponibilit\u00e9":"En stock"},"schema":{"@context":"https:\/\/schema.org","@graph":[{"@type":"WebPage","@id":"https:\/\/www.vetorino.com\/veterinaire\/briancon-05100\/boutique\/product\/cat-sensitivity-control-sachets\/","url":"https:\/\/www.vetorino.com\/veterinaire\/briancon-05100\/boutique\/product\/cat-sensitivity-control-sachets\/","name":"Veterinary Diet (Royal Canin) Sensitivity Control en sauce \u2013 chat Royal Canin - V\u00e9torino","isPartOf":{"@id":"https:\/\/www.vetorino.com\/boutique\/#website"},"primaryImageOfPage":{"@id":"https:\/\/www.vetorino.com\/veterinaire\/briancon-05100\/boutique\/product\/cat-sensitivity-control-sachets\/#primaryimage"},"image":{"@id":"https:\/\/www.vetorino.com\/veterinaire\/briancon-05100\/boutique\/product\/cat-sensitivity-control-sachets\/#primaryimage"},"thumbnailUrl":"https:\/\/www.vetorino.com\/boutique\/wp-content\/uploads\/2020\/03\/cat-sensitivity-control-poulet-sachet-repas.webp","datePublished":"2020-03-04T21:01:49+00:00","dateModified":"2025-11-03T13:28:30+00:00","description":"Aliment en sauce complet di\u00e9t\u00e9tique pour chat. Utilisation : Hypersensibilit\u00e9 alimentaire \u00e0 expression dermatologique et\/ou digestive \u00a0Syndrome atopique f\u00e9lin associ\u00e9 ou non \u00e0 une hypersensibilit\u00e9 alimentaire Ent\u00e9ropathie chronique (anciennement MICI) Non recommand\u00e9 en cas de\u00a0 : Croissance, gestation et lactation Demander conseil \u00e0 un v\u00e9t\u00e9rinaire avant utilisation.","breadcrumb":{"@id":"https:\/\/www.vetorino.com\/veterinaire\/briancon-05100\/boutique\/product\/cat-sensitivity-control-sachets\/#breadcrumb"},"inLanguage":"fr-FR","potentialAction":[{"@type":"ReadAction","target":["https:\/\/www.vetorino.com\/veterinaire\/briancon-05100\/boutique\/product\/cat-sensitivity-control-sachets\/"]}]},{"@type":"ImageObject","inLanguage":"fr-FR","@id":"https:\/\/www.vetorino.com\/veterinaire\/briancon-05100\/boutique\/product\/cat-sensitivity-control-sachets\/#primaryimage","url":"https:\/\/www.vetorino.com\/boutique\/wp-content\/uploads\/2020\/03\/cat-sensitivity-control-poulet-sachet-repas.webp","contentUrl":"https:\/\/www.vetorino.com\/boutique\/wp-content\/uploads\/2020\/03\/cat-sensitivity-control-poulet-sachet-repas.webp","width":800,"height":800},{"@type":"BreadcrumbList","@id":"https:\/\/www.vetorino.com\/veterinaire\/briancon-05100\/boutique\/product\/cat-sensitivity-control-sachets\/#breadcrumb","itemListElement":[{"@type":"ListItem","position":1,"name":"Accueil","item":"https:\/\/www.vetorino.com\/boutique\/"},{"@type":"ListItem","position":2,"name":"Produits","item":"https:\/\/www.vetorino.com\/boutique\/"},{"@type":"ListItem","position":3,"name":"Sensitivity Control en sauce \u2013 chat"}]},{"@type":"WebSite","@id":"https:\/\/www.vetorino.com\/boutique\/#website","url":"https:\/\/www.vetorino.com\/boutique\/","name":"V\u00e9torino","description":"","publisher":{"@id":"https:\/\/www.vetorino.com\/boutique\/#organization"},"potentialAction":[{"@type":"SearchAction","target":{"@type":"EntryPoint","urlTemplate":"https:\/\/www.vetorino.com\/boutique\/?s={search_term_string}"},"query-input":{"@type":"PropertyValueSpecification","valueRequired":true,"valueName":"search_term_string"}}],"inLanguage":"fr-FR"},{"@type":"Organization","@id":"https:\/\/www.vetorino.com\/boutique\/#organization","name":"V\u00e9torino","url":"https:\/\/www.vetorino.com\/boutique\/","logo":{"@type":"ImageObject","inLanguage":"fr-FR","@id":"https:\/\/www.vetorino.com\/boutique\/#\/schema\/logo\/image\/","url":"https:\/\/www.vetorino.com\/boutique\/wp-content\/uploads\/2024\/10\/logo.jpg","contentUrl":"https:\/\/www.vetorino.com\/boutique\/wp-content\/uploads\/2024\/10\/logo.jpg","width":1200,"height":610,"caption":"V\u00e9torino"},"image":{"@id":"https:\/\/www.vetorino.com\/boutique\/#\/schema\/logo\/image\/"},"sameAs":["https:\/\/www.facebook.com\/Vetorino\/","https:\/\/www.instagram.com\/vetorino_off\/","https:\/\/www.linkedin.com\/company\/vtorino\/"]}]},"product_brand":"Royal Canin","product_price_amount":"22.21","product_price_currency":"EUR","og_availability":"instock","product_availability":"instock","product_retailer_item_id":"A-1838790","product_condition":"new"},"_links":{"self":[{"href":"https:\/\/www.vetorino.com\/veterinaire\/plouzevede-29440\/boutique\/wp-json\/wp\/v2\/product\/34259","targetHints":{"allow":["GET"]}}],"collection":[{"href":"https:\/\/www.vetorino.com\/veterinaire\/plouzevede-29440\/boutique\/wp-json\/wp\/v2\/product"}],"about":[{"href":"https:\/\/www.vetorino.com\/veterinaire\/plouzevede-29440\/boutique\/wp-json\/wp\/v2\/types\/product"}],"wp:featuredmedia":[{"embeddable":true,"href":"https:\/\/www.vetorino.com\/veterinaire\/plouzevede-29440\/boutique\/wp-json\/wp\/v2\/media\/1553801"}],"wp:attachment":[{"href":"https:\/\/www.vetorino.com\/veterinaire\/plouzevede-29440\/boutique\/wp-json\/wp\/v2\/media?parent=34259"}],"wp:term":[{"taxonomy":"product_cat","embeddable":true,"href":"https:\/\/www.vetorino.com\/veterinaire\/plouzevede-29440\/boutique\/wp-json\/wp\/v2\/product_cat?post=34259"},{"taxonomy":"product_tag","embeddable":true,"href":"https:\/\/www.vetorino.com\/veterinaire\/plouzevede-29440\/boutique\/wp-json\/wp\/v2\/product_tag?post=34259"}],"curies":[{"name":"wp","href":"https:\/\/api.w.org\/{rel}","templated":true}]}}