{"id":34331,"date":"2020-03-04T22:01:59","date_gmt":"2020-03-04T21:01:59","guid":{"rendered":"https:\/\/www.vetorino.com\/boutique\/product\/easypill-chat-boules-de-poil\/"},"modified":"2025-02-21T13:59:44","modified_gmt":"2025-02-21T12:59:44","slug":"easypill-chat-boules-de-poil","status":"publish","type":"product","link":"https:\/\/www.vetorino.com\/veterinaire\/plouzevede-29440\/boutique\/product\/easypill-chat-boules-de-poil\/","title":{"rendered":"Chat Boules de Poils"},"content":{"rendered":"<p><strong>Utilisation :<\/strong><\/p>\n<ul>\n<li>Favorise l\u2019\u00e9limination\u00a0des boules de poils<\/li>\n<\/ul>\n<p><strong>Bienfaits essentiels :<\/strong><\/p>\n<ul>\n<li>La formulation sp\u00e9cifique tr\u00e8s app\u00e9tente d\u2019Easypill Chat Boules de Poils favorise une prise spontan\u00e9e par l\u2019animal.<\/li>\n<li>L\u2019huile de paraffine cr\u00e9e un\u00a0<strong>film sur la muqueuse digestive<\/strong>. Elle est non absorb\u00e9e par l\u2019organisme. Ainsi, gr\u00e2ce \u00e0 ses propri\u00e9t\u00e9s physiques, elle permet de ramollir les selles et de lubrifier la paroi intestinale.<\/li>\n<li>Teneur<strong>\u00a0faible en mati\u00e8re grasse<\/strong>\u00a0: la boulette n\u2019est pas grasse au toucher<\/li>\n<\/ul>\n<p><strong><br \/>\nMode d&#8217;emploi :<\/strong><\/p>\n<p>Voie orale. L\u2019excellente app\u00e9tence du produit permet g\u00e9n\u00e9ralement une prise spontan\u00e9e par l\u2019animal. Easypill\u00ae Chat Boules de Poils est conditionn\u00e9e en sachet d\u2019environ 20 boulettes de 2 g. Pour un chat adulte : administrer avant le repas 2 boulettes matin et soir pendant 3 \u00e0 5 jours.<\/p>\n<p><strong>Une prise trop importante peut provoquer la\u00a0diarrh\u00e9e. Attention \u00e0 bien respecter les doses prescrites.<\/strong><\/p>\n","protected":false},"excerpt":{"rendered":"<p><strong>Easypill Chat Boules de Poils contient de l\u2019huile de paraffine qui agit en lubrifiant le tractus digestif et am\u00e9liore ainsi le transit alimentaire. La formulation sp\u00e9cifique tr\u00e8s app\u00e9tente favorise une prise spontan\u00e9e par l\u2019animal.<\/strong><\/p>\n<ul>\n<li>Favorise l\u2019\u00e9limination\u00a0des boules de poils<\/li>\n<\/ul>\n<p><strong>Avant utilisation, il est recommand\u00e9 de demander l&#8217;avis d&#8217;un v\u00e9t\u00e9rinaire.<\/strong><\/p>\n","protected":false},"featured_media":711790,"template":"","meta":[],"product_cat":[2730,2697,12567,12635],"product_tag":[],"class_list":{"0":"post-34331","1":"product","2":"type-product","3":"status-publish","4":"has-post-thumbnail","6":"product_cat-aliments-complementaires-pour-chat","7":"product_cat-chat","8":"product_cat-produit-veterinaire-du-chat","9":"product_cat-systeme-digestif-du-chat","10":"pa_marque-easypill","12":"first","13":"instock","14":"taxable","15":"shipping-taxable","16":"purchasable","17":"product-type-simple"},"yoast_head":"<!-- This site is optimized with the Yoast SEO plugin v27.3 - https:\/\/yoast.com\/product\/yoast-seo-wordpress\/ -->\n<title>Chat Boules de Poils Easypill - V\u00e9torino<\/title>\n<meta name=\"description\" content=\"Easypill Chat Boules de Poils contient de l\u2019huile de paraffine qui agit en lubrifiant le tractus digestif et am\u00e9liore ainsi le transit alimentaire. La formulation sp\u00e9cifique tr\u00e8s app\u00e9tente favorise une prise spontan\u00e9e par l\u2019animal.   Favorise l\u2019\u00e9limination\u00a0des boules de poils  Avant utilisation, il est recommand\u00e9 de demander l&#039;avis d&#039;un v\u00e9t\u00e9rinaire.\" \/>\n<meta name=\"robots\" content=\"noindex, nofollow\" \/>\n<meta property=\"og:locale\" content=\"fr_FR\" \/>\n<meta property=\"og:type\" content=\"article\" \/>\n<meta property=\"og:title\" content=\"Chat Boules de Poils Easypill - V\u00e9torino\" \/>\n<meta property=\"og:description\" content=\"Easypill Chat Boules de Poils contient de l\u2019huile de paraffine qui agit en lubrifiant le tractus digestif et am\u00e9liore ainsi le transit alimentaire. La formulation sp\u00e9cifique tr\u00e8s app\u00e9tente favorise une prise spontan\u00e9e par l\u2019animal.   Favorise l\u2019\u00e9limination\u00a0des boules de poils  Avant utilisation, il est recommand\u00e9 de demander l&#039;avis d&#039;un v\u00e9t\u00e9rinaire.\" \/>\n<meta property=\"og:url\" content=\"https:\/\/www.vetorino.com\/veterinaire\/plouzevede-29440\/boutique\/product\/easypill-chat-boules-de-poil\/\" \/>\n<meta property=\"og:site_name\" content=\"V\u00e9torino\" \/>\n<meta property=\"article:publisher\" content=\"https:\/\/www.facebook.com\/Vetorino\/\" \/>\n<meta property=\"article:modified_time\" content=\"2025-02-21T12:59:44+00:00\" \/>\n<meta property=\"og:image\" content=\"https:\/\/www.vetorino.com\/boutique\/wp-content\/uploads\/2020\/03\/chat-boules-de-poils.jpg.png\" \/>\n\t<meta property=\"og:image:width\" content=\"540\" \/>\n\t<meta property=\"og:image:height\" content=\"540\" \/>\n\t<meta property=\"og:image:type\" content=\"image\/png\" \/>\n<meta name=\"twitter:card\" content=\"summary_large_image\" \/>\n<meta name=\"twitter:label1\" content=\"Prix\" \/>\n\t<meta name=\"twitter:data1\" content=\"9,18&euro;\" \/>\n\t<meta name=\"twitter:label2\" content=\"Disponibilit\u00e9\" \/>\n\t<meta name=\"twitter:data2\" content=\"En stock\" \/>\n<script type=\"application\/ld+json\" class=\"yoast-schema-graph\">{\"@context\":\"https:\\\/\\\/schema.org\",\"@graph\":[{\"@type\":\"WebPage\",\"@id\":\"https:\\\/\\\/www.vetorino.com\\\/boutique\\\/product\\\/easypill-chat-boules-de-poil\\\/\",\"url\":\"https:\\\/\\\/www.vetorino.com\\\/boutique\\\/product\\\/easypill-chat-boules-de-poil\\\/\",\"name\":\"Chat Boules de Poils Easypill - V\u00e9torino\",\"isPartOf\":{\"@id\":\"https:\\\/\\\/www.vetorino.com\\\/boutique\\\/#website\"},\"primaryImageOfPage\":{\"@id\":\"https:\\\/\\\/www.vetorino.com\\\/boutique\\\/product\\\/easypill-chat-boules-de-poil\\\/#primaryimage\"},\"image\":{\"@id\":\"https:\\\/\\\/www.vetorino.com\\\/boutique\\\/product\\\/easypill-chat-boules-de-poil\\\/#primaryimage\"},\"thumbnailUrl\":\"https:\\\/\\\/www.vetorino.com\\\/boutique\\\/wp-content\\\/uploads\\\/2020\\\/03\\\/chat-boules-de-poils.jpg.png\",\"datePublished\":\"2020-03-04T21:01:59+00:00\",\"dateModified\":\"2025-02-21T12:59:44+00:00\",\"description\":\"Easypill Chat Boules de Poils contient de l\u2019huile de paraffine qui agit en lubrifiant le tractus digestif et am\u00e9liore ainsi le transit alimentaire. La formulation sp\u00e9cifique tr\u00e8s app\u00e9tente favorise une prise spontan\u00e9e par l\u2019animal. Favorise l\u2019\u00e9limination\u00a0des boules de poils Avant utilisation, il est recommand\u00e9 de demander l'avis d'un v\u00e9t\u00e9rinaire.\",\"breadcrumb\":{\"@id\":\"https:\\\/\\\/www.vetorino.com\\\/boutique\\\/product\\\/easypill-chat-boules-de-poil\\\/#breadcrumb\"},\"inLanguage\":\"fr-FR\",\"potentialAction\":[{\"@type\":\"ReadAction\",\"target\":[\"https:\\\/\\\/www.vetorino.com\\\/boutique\\\/product\\\/easypill-chat-boules-de-poil\\\/\"]}]},{\"@type\":\"ImageObject\",\"inLanguage\":\"fr-FR\",\"@id\":\"https:\\\/\\\/www.vetorino.com\\\/boutique\\\/product\\\/easypill-chat-boules-de-poil\\\/#primaryimage\",\"url\":\"https:\\\/\\\/www.vetorino.com\\\/boutique\\\/wp-content\\\/uploads\\\/2020\\\/03\\\/chat-boules-de-poils.jpg.png\",\"contentUrl\":\"https:\\\/\\\/www.vetorino.com\\\/boutique\\\/wp-content\\\/uploads\\\/2020\\\/03\\\/chat-boules-de-poils.jpg.png\",\"width\":540,\"height\":540},{\"@type\":\"BreadcrumbList\",\"@id\":\"https:\\\/\\\/www.vetorino.com\\\/boutique\\\/product\\\/easypill-chat-boules-de-poil\\\/#breadcrumb\",\"itemListElement\":[{\"@type\":\"ListItem\",\"position\":1,\"name\":\"Accueil\",\"item\":\"https:\\\/\\\/www.vetorino.com\\\/boutique\\\/\"},{\"@type\":\"ListItem\",\"position\":2,\"name\":\"Produits\",\"item\":\"https:\\\/\\\/www.vetorino.com\\\/boutique\\\/\"},{\"@type\":\"ListItem\",\"position\":3,\"name\":\"Chat Boules de Poils\"}]},{\"@type\":\"WebSite\",\"@id\":\"https:\\\/\\\/www.vetorino.com\\\/boutique\\\/#website\",\"url\":\"https:\\\/\\\/www.vetorino.com\\\/boutique\\\/\",\"name\":\"V\u00e9torino\",\"description\":\"\",\"publisher\":{\"@id\":\"https:\\\/\\\/www.vetorino.com\\\/boutique\\\/#organization\"},\"potentialAction\":[{\"@type\":\"SearchAction\",\"target\":{\"@type\":\"EntryPoint\",\"urlTemplate\":\"https:\\\/\\\/www.vetorino.com\\\/boutique\\\/?s={search_term_string}\"},\"query-input\":{\"@type\":\"PropertyValueSpecification\",\"valueRequired\":true,\"valueName\":\"search_term_string\"}}],\"inLanguage\":\"fr-FR\"},{\"@type\":\"Organization\",\"@id\":\"https:\\\/\\\/www.vetorino.com\\\/boutique\\\/#organization\",\"name\":\"V\u00e9torino\",\"url\":\"https:\\\/\\\/www.vetorino.com\\\/boutique\\\/\",\"logo\":{\"@type\":\"ImageObject\",\"inLanguage\":\"fr-FR\",\"@id\":\"https:\\\/\\\/www.vetorino.com\\\/boutique\\\/#\\\/schema\\\/logo\\\/image\\\/\",\"url\":\"https:\\\/\\\/www.vetorino.com\\\/boutique\\\/wp-content\\\/uploads\\\/2024\\\/10\\\/logo.jpg\",\"contentUrl\":\"https:\\\/\\\/www.vetorino.com\\\/boutique\\\/wp-content\\\/uploads\\\/2024\\\/10\\\/logo.jpg\",\"width\":1200,\"height\":610,\"caption\":\"V\u00e9torino\"},\"image\":{\"@id\":\"https:\\\/\\\/www.vetorino.com\\\/boutique\\\/#\\\/schema\\\/logo\\\/image\\\/\"},\"sameAs\":[\"https:\\\/\\\/www.facebook.com\\\/Vetorino\\\/\",\"https:\\\/\\\/www.instagram.com\\\/vetorino_off\\\/\",\"https:\\\/\\\/www.linkedin.com\\\/company\\\/vtorino\\\/\"]}]}<\/script>\n<meta property=\"product:brand\" content=\"Easypill\" \/>\n<meta property=\"product:price:amount\" content=\"9.18\" \/>\n<meta property=\"product:price:currency\" content=\"EUR\" \/>\n<meta property=\"og:availability\" content=\"instock\" \/>\n<meta property=\"product:availability\" content=\"instock\" \/>\n<meta property=\"product:retailer_item_id\" content=\"A-1834460\" \/>\n<meta property=\"product:condition\" content=\"new\" \/>\n<!-- \/ Yoast SEO plugin. -->","yoast_head_json":{"title":"Chat Boules de Poils Easypill - V\u00e9torino","description":"Easypill Chat Boules de Poils contient de l\u2019huile de paraffine qui agit en lubrifiant le tractus digestif et am\u00e9liore ainsi le transit alimentaire. La formulation sp\u00e9cifique tr\u00e8s app\u00e9tente favorise une prise spontan\u00e9e par l\u2019animal.   Favorise l\u2019\u00e9limination\u00a0des boules de poils  Avant utilisation, il est recommand\u00e9 de demander l'avis d'un v\u00e9t\u00e9rinaire.","robots":{"index":"noindex","follow":"nofollow"},"og_locale":"fr_FR","og_type":"article","og_title":"Chat Boules de Poils Easypill - V\u00e9torino","og_description":"Easypill Chat Boules de Poils contient de l\u2019huile de paraffine qui agit en lubrifiant le tractus digestif et am\u00e9liore ainsi le transit alimentaire. La formulation sp\u00e9cifique tr\u00e8s app\u00e9tente favorise une prise spontan\u00e9e par l\u2019animal.   Favorise l\u2019\u00e9limination\u00a0des boules de poils  Avant utilisation, il est recommand\u00e9 de demander l'avis d'un v\u00e9t\u00e9rinaire.","og_url":"https:\/\/www.vetorino.com\/veterinaire\/plouzevede-29440\/boutique\/product\/easypill-chat-boules-de-poil\/","og_site_name":"V\u00e9torino","article_publisher":"https:\/\/www.facebook.com\/Vetorino\/","article_modified_time":"2025-02-21T12:59:44+00:00","og_image":[{"width":540,"height":540,"url":"https:\/\/www.vetorino.com\/boutique\/wp-content\/uploads\/2020\/03\/chat-boules-de-poils.jpg.png","type":"image\/png"}],"twitter_card":"summary_large_image","twitter_misc":{"Prix":"9,18&euro;","Disponibilit\u00e9":"En stock"},"schema":{"@context":"https:\/\/schema.org","@graph":[{"@type":"WebPage","@id":"https:\/\/www.vetorino.com\/boutique\/product\/easypill-chat-boules-de-poil\/","url":"https:\/\/www.vetorino.com\/boutique\/product\/easypill-chat-boules-de-poil\/","name":"Chat Boules de Poils Easypill - V\u00e9torino","isPartOf":{"@id":"https:\/\/www.vetorino.com\/boutique\/#website"},"primaryImageOfPage":{"@id":"https:\/\/www.vetorino.com\/boutique\/product\/easypill-chat-boules-de-poil\/#primaryimage"},"image":{"@id":"https:\/\/www.vetorino.com\/boutique\/product\/easypill-chat-boules-de-poil\/#primaryimage"},"thumbnailUrl":"https:\/\/www.vetorino.com\/boutique\/wp-content\/uploads\/2020\/03\/chat-boules-de-poils.jpg.png","datePublished":"2020-03-04T21:01:59+00:00","dateModified":"2025-02-21T12:59:44+00:00","description":"Easypill Chat Boules de Poils contient de l\u2019huile de paraffine qui agit en lubrifiant le tractus digestif et am\u00e9liore ainsi le transit alimentaire. La formulation sp\u00e9cifique tr\u00e8s app\u00e9tente favorise une prise spontan\u00e9e par l\u2019animal. Favorise l\u2019\u00e9limination\u00a0des boules de poils Avant utilisation, il est recommand\u00e9 de demander l'avis d'un v\u00e9t\u00e9rinaire.","breadcrumb":{"@id":"https:\/\/www.vetorino.com\/boutique\/product\/easypill-chat-boules-de-poil\/#breadcrumb"},"inLanguage":"fr-FR","potentialAction":[{"@type":"ReadAction","target":["https:\/\/www.vetorino.com\/boutique\/product\/easypill-chat-boules-de-poil\/"]}]},{"@type":"ImageObject","inLanguage":"fr-FR","@id":"https:\/\/www.vetorino.com\/boutique\/product\/easypill-chat-boules-de-poil\/#primaryimage","url":"https:\/\/www.vetorino.com\/boutique\/wp-content\/uploads\/2020\/03\/chat-boules-de-poils.jpg.png","contentUrl":"https:\/\/www.vetorino.com\/boutique\/wp-content\/uploads\/2020\/03\/chat-boules-de-poils.jpg.png","width":540,"height":540},{"@type":"BreadcrumbList","@id":"https:\/\/www.vetorino.com\/boutique\/product\/easypill-chat-boules-de-poil\/#breadcrumb","itemListElement":[{"@type":"ListItem","position":1,"name":"Accueil","item":"https:\/\/www.vetorino.com\/boutique\/"},{"@type":"ListItem","position":2,"name":"Produits","item":"https:\/\/www.vetorino.com\/boutique\/"},{"@type":"ListItem","position":3,"name":"Chat Boules de Poils"}]},{"@type":"WebSite","@id":"https:\/\/www.vetorino.com\/boutique\/#website","url":"https:\/\/www.vetorino.com\/boutique\/","name":"V\u00e9torino","description":"","publisher":{"@id":"https:\/\/www.vetorino.com\/boutique\/#organization"},"potentialAction":[{"@type":"SearchAction","target":{"@type":"EntryPoint","urlTemplate":"https:\/\/www.vetorino.com\/boutique\/?s={search_term_string}"},"query-input":{"@type":"PropertyValueSpecification","valueRequired":true,"valueName":"search_term_string"}}],"inLanguage":"fr-FR"},{"@type":"Organization","@id":"https:\/\/www.vetorino.com\/boutique\/#organization","name":"V\u00e9torino","url":"https:\/\/www.vetorino.com\/boutique\/","logo":{"@type":"ImageObject","inLanguage":"fr-FR","@id":"https:\/\/www.vetorino.com\/boutique\/#\/schema\/logo\/image\/","url":"https:\/\/www.vetorino.com\/boutique\/wp-content\/uploads\/2024\/10\/logo.jpg","contentUrl":"https:\/\/www.vetorino.com\/boutique\/wp-content\/uploads\/2024\/10\/logo.jpg","width":1200,"height":610,"caption":"V\u00e9torino"},"image":{"@id":"https:\/\/www.vetorino.com\/boutique\/#\/schema\/logo\/image\/"},"sameAs":["https:\/\/www.facebook.com\/Vetorino\/","https:\/\/www.instagram.com\/vetorino_off\/","https:\/\/www.linkedin.com\/company\/vtorino\/"]}]},"product_brand":"Easypill","product_price_amount":"9.18","product_price_currency":"EUR","og_availability":"instock","product_availability":"instock","product_retailer_item_id":"A-1834460","product_condition":"new"},"_links":{"self":[{"href":"https:\/\/www.vetorino.com\/veterinaire\/plouzevede-29440\/boutique\/wp-json\/wp\/v2\/product\/34331","targetHints":{"allow":["GET"]}}],"collection":[{"href":"https:\/\/www.vetorino.com\/veterinaire\/plouzevede-29440\/boutique\/wp-json\/wp\/v2\/product"}],"about":[{"href":"https:\/\/www.vetorino.com\/veterinaire\/plouzevede-29440\/boutique\/wp-json\/wp\/v2\/types\/product"}],"wp:featuredmedia":[{"embeddable":true,"href":"https:\/\/www.vetorino.com\/veterinaire\/plouzevede-29440\/boutique\/wp-json\/wp\/v2\/media\/711790"}],"wp:attachment":[{"href":"https:\/\/www.vetorino.com\/veterinaire\/plouzevede-29440\/boutique\/wp-json\/wp\/v2\/media?parent=34331"}],"wp:term":[{"taxonomy":"product_cat","embeddable":true,"href":"https:\/\/www.vetorino.com\/veterinaire\/plouzevede-29440\/boutique\/wp-json\/wp\/v2\/product_cat?post=34331"},{"taxonomy":"product_tag","embeddable":true,"href":"https:\/\/www.vetorino.com\/veterinaire\/plouzevede-29440\/boutique\/wp-json\/wp\/v2\/product_tag?post=34331"}],"curies":[{"name":"wp","href":"https:\/\/api.w.org\/{rel}","templated":true}]}}