{"id":34505,"date":"2020-03-04T22:02:23","date_gmt":"2020-03-04T21:02:23","guid":{"rendered":"https:\/\/www.vetorino.com\/boutique\/product\/feliway-recharge-30-jours\/"},"modified":"2022-05-11T17:06:29","modified_gmt":"2022-05-11T15:06:29","slug":"feliway-recharge-30-jours","status":"publish","type":"product","link":"https:\/\/www.vetorino.com\/veterinaire\/plouzevede-29440\/boutique\/product\/feliway-recharge-30-jours\/","title":{"rendered":"Recharge FELIWAY CLASSIC Chat"},"content":{"rendered":"<p><b>Caract\u00e9ristiques<\/b><br \/>\nCette solution aide \u00e0 r\u00e9duire le stress et garder l?animal serein. Il permet ainsi de stopper les comportements ind\u00e9sirables (griffes\u00a0sur le mobilier,\u00a0marquage urinaire,\u00a0perte d&#8217;app\u00e9tit,\u00a0agressivit\u00e9). Sa recharge permet une dur\u00e9e d&#8217;action de 30 jours environ et peut couvrir jusqu&#8217;\u00e0 70 m2 de surface. Conditionnement : Une recharge de 48 ml.<\/p>\n<p><b>Bon \u00e0 savoir<\/b><br \/>\nDemandez conseil \u00e0 votre v\u00e9t\u00e9rinaire et lire attentivement la notice avant utilisation. Visser la recharge sur le diffuseur, brancher le diffuseur sur une prise \u00e9lectrique dans la pi\u00e8ce o\u00f9 l&#8217;animal passe le plus de temps. Ne pas brancher le diffuseur sous un meuble, une \u00e9tag\u00e8re, un rideau ou derri\u00e8re une porte. Ne pas utiliser avec des multiprises, rallonges, adaptateurs, convertisseurs de tension.Produit dangereux. Respecter les pr\u00e9cautions d&#8217;emploi. COMPOSITION Fraction d&#8217;analogue structural des ph\u00e9romones faciales du chat : 2 %, Excipient q.s.p.: 100 g.<\/p>\n<p><strong>Utilisation :<\/strong><\/p>\n<ul>\n<li>Pour r\u00e9soudre les\u00a0probl\u00e8mes de marquage urinaire et de griffade.<\/li>\n<li>S\u00e9curise le chat\u00a0dans un environnement inconnu, (nouvelle maison, vacances, etc.) ou stressant (cage, panier, voiture&#8230;).<\/li>\n<li>Apaise\u00a0et aide \u00e0 retrouver un comportement normal.<\/li>\n<\/ul>\n<p><strong>Avantages :<\/strong><\/p>\n<ul>\n<li>Diffuseur\u00a0(type anti-moustique)\u00a0efficace pendant 28 jours et pouvant traiter jusqu&#8217;\u00e0 70 M2 de surface.<\/li>\n<li>Aucune odeur perceptible pour les humains, ne chauffe pas.<\/li>\n<\/ul>\n","protected":false},"excerpt":{"rendered":"<p><strong>FELIWAY est une reproduction synth\u00e9tique de la ph\u00e9romone faciale.<\/strong> Cette ph\u00e9romone, reconnue pour ses propri\u00e9t\u00e9s rassurantes et r\u00e9confortantes, aide les chats \u00e0 faire face aux changements de leur environnement et aux situations stressantes.<\/p>\n","protected":false},"featured_media":322157,"template":"","meta":[],"product_cat":[2759,2697,12567],"product_tag":[],"class_list":{"0":"post-34505","1":"product","2":"type-product","3":"status-publish","4":"has-post-thumbnail","6":"product_cat-anti-stress-et-anxiete-pour-chat","7":"product_cat-chat","8":"product_cat-produit-veterinaire-du-chat","9":"pa_marque-ceva","11":"first","12":"instock","13":"taxable","14":"shipping-taxable","15":"purchasable","16":"product-type-simple"},"yoast_head":"<!-- This site is optimized with the Yoast SEO plugin v27.3 - https:\/\/yoast.com\/product\/yoast-seo-wordpress\/ -->\n<title>Feliway Recharge FELIWAY CLASSIC Chat Ceva - V\u00e9torino<\/title>\n<meta name=\"description\" content=\"FELIWAY est une reproduction synth\u00e9tique de la ph\u00e9romone faciale. Cette ph\u00e9romone, reconnue pour ses propri\u00e9t\u00e9s rassurantes et r\u00e9confortantes, aide les chats \u00e0 faire face aux changements de leur environnement et aux situations stressantes.\" \/>\n<meta name=\"robots\" content=\"noindex, nofollow\" \/>\n<meta property=\"og:locale\" content=\"fr_FR\" \/>\n<meta property=\"og:type\" content=\"article\" \/>\n<meta property=\"og:title\" content=\"Feliway Recharge FELIWAY CLASSIC Chat Ceva - V\u00e9torino\" \/>\n<meta property=\"og:description\" content=\"FELIWAY est une reproduction synth\u00e9tique de la ph\u00e9romone faciale. Cette ph\u00e9romone, reconnue pour ses propri\u00e9t\u00e9s rassurantes et r\u00e9confortantes, aide les chats \u00e0 faire face aux changements de leur environnement et aux situations stressantes.\" \/>\n<meta property=\"og:url\" content=\"https:\/\/www.vetorino.com\/veterinaire\/plouzevede-29440\/boutique\/product\/feliway-recharge-30-jours\/\" \/>\n<meta property=\"og:site_name\" content=\"V\u00e9torino\" \/>\n<meta property=\"article:publisher\" content=\"https:\/\/www.facebook.com\/Vetorino\/\" \/>\n<meta property=\"article:modified_time\" content=\"2022-05-11T15:06:29+00:00\" \/>\n<meta property=\"og:image\" content=\"https:\/\/www.vetorino.com\/boutique\/wp-content\/uploads\/2020\/03\/recharge-feliway-classic.jpeg\" \/>\n\t<meta property=\"og:image:width\" content=\"540\" \/>\n\t<meta property=\"og:image:height\" content=\"540\" \/>\n\t<meta property=\"og:image:type\" content=\"image\/jpeg\" \/>\n<meta name=\"twitter:card\" content=\"summary_large_image\" \/>\n<meta name=\"twitter:label1\" content=\"Prix\" \/>\n\t<meta name=\"twitter:data1\" content=\"21,80&euro;\" \/>\n\t<meta name=\"twitter:label2\" content=\"Disponibilit\u00e9\" \/>\n\t<meta name=\"twitter:data2\" content=\"En stock\" \/>\n<script type=\"application\/ld+json\" class=\"yoast-schema-graph\">{\"@context\":\"https:\\\/\\\/schema.org\",\"@graph\":[{\"@type\":\"WebPage\",\"@id\":\"https:\\\/\\\/www.vetorino.com\\\/veterinaire\\\/oiry-51530\\\/boutique\\\/product\\\/feliway-recharge-30-jours\\\/\",\"url\":\"https:\\\/\\\/www.vetorino.com\\\/veterinaire\\\/oiry-51530\\\/boutique\\\/product\\\/feliway-recharge-30-jours\\\/\",\"name\":\"Feliway Recharge FELIWAY CLASSIC Chat Ceva - V\u00e9torino\",\"isPartOf\":{\"@id\":\"https:\\\/\\\/www.vetorino.com\\\/boutique\\\/#website\"},\"primaryImageOfPage\":{\"@id\":\"https:\\\/\\\/www.vetorino.com\\\/veterinaire\\\/oiry-51530\\\/boutique\\\/product\\\/feliway-recharge-30-jours\\\/#primaryimage\"},\"image\":{\"@id\":\"https:\\\/\\\/www.vetorino.com\\\/veterinaire\\\/oiry-51530\\\/boutique\\\/product\\\/feliway-recharge-30-jours\\\/#primaryimage\"},\"thumbnailUrl\":\"https:\\\/\\\/www.vetorino.com\\\/boutique\\\/wp-content\\\/uploads\\\/2020\\\/03\\\/recharge-feliway-classic.jpeg\",\"datePublished\":\"2020-03-04T21:02:23+00:00\",\"dateModified\":\"2022-05-11T15:06:29+00:00\",\"description\":\"FELIWAY est une reproduction synth\u00e9tique de la ph\u00e9romone faciale. Cette ph\u00e9romone, reconnue pour ses propri\u00e9t\u00e9s rassurantes et r\u00e9confortantes, aide les chats \u00e0 faire face aux changements de leur environnement et aux situations stressantes.\",\"breadcrumb\":{\"@id\":\"https:\\\/\\\/www.vetorino.com\\\/veterinaire\\\/oiry-51530\\\/boutique\\\/product\\\/feliway-recharge-30-jours\\\/#breadcrumb\"},\"inLanguage\":\"fr-FR\",\"potentialAction\":[{\"@type\":\"ReadAction\",\"target\":[\"https:\\\/\\\/www.vetorino.com\\\/veterinaire\\\/oiry-51530\\\/boutique\\\/product\\\/feliway-recharge-30-jours\\\/\"]}]},{\"@type\":\"ImageObject\",\"inLanguage\":\"fr-FR\",\"@id\":\"https:\\\/\\\/www.vetorino.com\\\/veterinaire\\\/oiry-51530\\\/boutique\\\/product\\\/feliway-recharge-30-jours\\\/#primaryimage\",\"url\":\"https:\\\/\\\/www.vetorino.com\\\/boutique\\\/wp-content\\\/uploads\\\/2020\\\/03\\\/recharge-feliway-classic.jpeg\",\"contentUrl\":\"https:\\\/\\\/www.vetorino.com\\\/boutique\\\/wp-content\\\/uploads\\\/2020\\\/03\\\/recharge-feliway-classic.jpeg\",\"width\":540,\"height\":540},{\"@type\":\"BreadcrumbList\",\"@id\":\"https:\\\/\\\/www.vetorino.com\\\/veterinaire\\\/oiry-51530\\\/boutique\\\/product\\\/feliway-recharge-30-jours\\\/#breadcrumb\",\"itemListElement\":[{\"@type\":\"ListItem\",\"position\":1,\"name\":\"Accueil\",\"item\":\"https:\\\/\\\/www.vetorino.com\\\/boutique\\\/\"},{\"@type\":\"ListItem\",\"position\":2,\"name\":\"Produits\",\"item\":\"https:\\\/\\\/www.vetorino.com\\\/boutique\\\/\"},{\"@type\":\"ListItem\",\"position\":3,\"name\":\"Recharge FELIWAY CLASSIC Chat\"}]},{\"@type\":\"WebSite\",\"@id\":\"https:\\\/\\\/www.vetorino.com\\\/boutique\\\/#website\",\"url\":\"https:\\\/\\\/www.vetorino.com\\\/boutique\\\/\",\"name\":\"V\u00e9torino\",\"description\":\"\",\"publisher\":{\"@id\":\"https:\\\/\\\/www.vetorino.com\\\/boutique\\\/#organization\"},\"potentialAction\":[{\"@type\":\"SearchAction\",\"target\":{\"@type\":\"EntryPoint\",\"urlTemplate\":\"https:\\\/\\\/www.vetorino.com\\\/boutique\\\/?s={search_term_string}\"},\"query-input\":{\"@type\":\"PropertyValueSpecification\",\"valueRequired\":true,\"valueName\":\"search_term_string\"}}],\"inLanguage\":\"fr-FR\"},{\"@type\":\"Organization\",\"@id\":\"https:\\\/\\\/www.vetorino.com\\\/boutique\\\/#organization\",\"name\":\"V\u00e9torino\",\"url\":\"https:\\\/\\\/www.vetorino.com\\\/boutique\\\/\",\"logo\":{\"@type\":\"ImageObject\",\"inLanguage\":\"fr-FR\",\"@id\":\"https:\\\/\\\/www.vetorino.com\\\/boutique\\\/#\\\/schema\\\/logo\\\/image\\\/\",\"url\":\"https:\\\/\\\/www.vetorino.com\\\/boutique\\\/wp-content\\\/uploads\\\/2024\\\/10\\\/logo.jpg\",\"contentUrl\":\"https:\\\/\\\/www.vetorino.com\\\/boutique\\\/wp-content\\\/uploads\\\/2024\\\/10\\\/logo.jpg\",\"width\":1200,\"height\":610,\"caption\":\"V\u00e9torino\"},\"image\":{\"@id\":\"https:\\\/\\\/www.vetorino.com\\\/boutique\\\/#\\\/schema\\\/logo\\\/image\\\/\"},\"sameAs\":[\"https:\\\/\\\/www.facebook.com\\\/Vetorino\\\/\",\"https:\\\/\\\/www.instagram.com\\\/vetorino_off\\\/\",\"https:\\\/\\\/www.linkedin.com\\\/company\\\/vtorino\\\/\"]}]}<\/script>\n<meta property=\"product:brand\" content=\"Ceva\" \/>\n<meta property=\"product:price:amount\" content=\"21.80\" \/>\n<meta property=\"product:price:currency\" content=\"EUR\" \/>\n<meta property=\"og:availability\" content=\"instock\" \/>\n<meta property=\"product:availability\" content=\"instock\" \/>\n<meta property=\"product:retailer_item_id\" content=\"A-1804030\" \/>\n<meta property=\"product:condition\" content=\"new\" \/>\n<!-- \/ Yoast SEO plugin. -->","yoast_head_json":{"title":"Feliway Recharge FELIWAY CLASSIC Chat Ceva - V\u00e9torino","description":"FELIWAY est une reproduction synth\u00e9tique de la ph\u00e9romone faciale. Cette ph\u00e9romone, reconnue pour ses propri\u00e9t\u00e9s rassurantes et r\u00e9confortantes, aide les chats \u00e0 faire face aux changements de leur environnement et aux situations stressantes.","robots":{"index":"noindex","follow":"nofollow"},"og_locale":"fr_FR","og_type":"article","og_title":"Feliway Recharge FELIWAY CLASSIC Chat Ceva - V\u00e9torino","og_description":"FELIWAY est une reproduction synth\u00e9tique de la ph\u00e9romone faciale. Cette ph\u00e9romone, reconnue pour ses propri\u00e9t\u00e9s rassurantes et r\u00e9confortantes, aide les chats \u00e0 faire face aux changements de leur environnement et aux situations stressantes.","og_url":"https:\/\/www.vetorino.com\/veterinaire\/plouzevede-29440\/boutique\/product\/feliway-recharge-30-jours\/","og_site_name":"V\u00e9torino","article_publisher":"https:\/\/www.facebook.com\/Vetorino\/","article_modified_time":"2022-05-11T15:06:29+00:00","og_image":[{"width":540,"height":540,"url":"https:\/\/www.vetorino.com\/boutique\/wp-content\/uploads\/2020\/03\/recharge-feliway-classic.jpeg","type":"image\/jpeg"}],"twitter_card":"summary_large_image","twitter_misc":{"Prix":"21,80&euro;","Disponibilit\u00e9":"En stock"},"schema":{"@context":"https:\/\/schema.org","@graph":[{"@type":"WebPage","@id":"https:\/\/www.vetorino.com\/veterinaire\/oiry-51530\/boutique\/product\/feliway-recharge-30-jours\/","url":"https:\/\/www.vetorino.com\/veterinaire\/oiry-51530\/boutique\/product\/feliway-recharge-30-jours\/","name":"Feliway Recharge FELIWAY CLASSIC Chat Ceva - V\u00e9torino","isPartOf":{"@id":"https:\/\/www.vetorino.com\/boutique\/#website"},"primaryImageOfPage":{"@id":"https:\/\/www.vetorino.com\/veterinaire\/oiry-51530\/boutique\/product\/feliway-recharge-30-jours\/#primaryimage"},"image":{"@id":"https:\/\/www.vetorino.com\/veterinaire\/oiry-51530\/boutique\/product\/feliway-recharge-30-jours\/#primaryimage"},"thumbnailUrl":"https:\/\/www.vetorino.com\/boutique\/wp-content\/uploads\/2020\/03\/recharge-feliway-classic.jpeg","datePublished":"2020-03-04T21:02:23+00:00","dateModified":"2022-05-11T15:06:29+00:00","description":"FELIWAY est une reproduction synth\u00e9tique de la ph\u00e9romone faciale. Cette ph\u00e9romone, reconnue pour ses propri\u00e9t\u00e9s rassurantes et r\u00e9confortantes, aide les chats \u00e0 faire face aux changements de leur environnement et aux situations stressantes.","breadcrumb":{"@id":"https:\/\/www.vetorino.com\/veterinaire\/oiry-51530\/boutique\/product\/feliway-recharge-30-jours\/#breadcrumb"},"inLanguage":"fr-FR","potentialAction":[{"@type":"ReadAction","target":["https:\/\/www.vetorino.com\/veterinaire\/oiry-51530\/boutique\/product\/feliway-recharge-30-jours\/"]}]},{"@type":"ImageObject","inLanguage":"fr-FR","@id":"https:\/\/www.vetorino.com\/veterinaire\/oiry-51530\/boutique\/product\/feliway-recharge-30-jours\/#primaryimage","url":"https:\/\/www.vetorino.com\/boutique\/wp-content\/uploads\/2020\/03\/recharge-feliway-classic.jpeg","contentUrl":"https:\/\/www.vetorino.com\/boutique\/wp-content\/uploads\/2020\/03\/recharge-feliway-classic.jpeg","width":540,"height":540},{"@type":"BreadcrumbList","@id":"https:\/\/www.vetorino.com\/veterinaire\/oiry-51530\/boutique\/product\/feliway-recharge-30-jours\/#breadcrumb","itemListElement":[{"@type":"ListItem","position":1,"name":"Accueil","item":"https:\/\/www.vetorino.com\/boutique\/"},{"@type":"ListItem","position":2,"name":"Produits","item":"https:\/\/www.vetorino.com\/boutique\/"},{"@type":"ListItem","position":3,"name":"Recharge FELIWAY CLASSIC Chat"}]},{"@type":"WebSite","@id":"https:\/\/www.vetorino.com\/boutique\/#website","url":"https:\/\/www.vetorino.com\/boutique\/","name":"V\u00e9torino","description":"","publisher":{"@id":"https:\/\/www.vetorino.com\/boutique\/#organization"},"potentialAction":[{"@type":"SearchAction","target":{"@type":"EntryPoint","urlTemplate":"https:\/\/www.vetorino.com\/boutique\/?s={search_term_string}"},"query-input":{"@type":"PropertyValueSpecification","valueRequired":true,"valueName":"search_term_string"}}],"inLanguage":"fr-FR"},{"@type":"Organization","@id":"https:\/\/www.vetorino.com\/boutique\/#organization","name":"V\u00e9torino","url":"https:\/\/www.vetorino.com\/boutique\/","logo":{"@type":"ImageObject","inLanguage":"fr-FR","@id":"https:\/\/www.vetorino.com\/boutique\/#\/schema\/logo\/image\/","url":"https:\/\/www.vetorino.com\/boutique\/wp-content\/uploads\/2024\/10\/logo.jpg","contentUrl":"https:\/\/www.vetorino.com\/boutique\/wp-content\/uploads\/2024\/10\/logo.jpg","width":1200,"height":610,"caption":"V\u00e9torino"},"image":{"@id":"https:\/\/www.vetorino.com\/boutique\/#\/schema\/logo\/image\/"},"sameAs":["https:\/\/www.facebook.com\/Vetorino\/","https:\/\/www.instagram.com\/vetorino_off\/","https:\/\/www.linkedin.com\/company\/vtorino\/"]}]},"product_brand":"Ceva","product_price_amount":"21.80","product_price_currency":"EUR","og_availability":"instock","product_availability":"instock","product_retailer_item_id":"A-1804030","product_condition":"new"},"_links":{"self":[{"href":"https:\/\/www.vetorino.com\/veterinaire\/plouzevede-29440\/boutique\/wp-json\/wp\/v2\/product\/34505","targetHints":{"allow":["GET"]}}],"collection":[{"href":"https:\/\/www.vetorino.com\/veterinaire\/plouzevede-29440\/boutique\/wp-json\/wp\/v2\/product"}],"about":[{"href":"https:\/\/www.vetorino.com\/veterinaire\/plouzevede-29440\/boutique\/wp-json\/wp\/v2\/types\/product"}],"wp:featuredmedia":[{"embeddable":true,"href":"https:\/\/www.vetorino.com\/veterinaire\/plouzevede-29440\/boutique\/wp-json\/wp\/v2\/media\/322157"}],"wp:attachment":[{"href":"https:\/\/www.vetorino.com\/veterinaire\/plouzevede-29440\/boutique\/wp-json\/wp\/v2\/media?parent=34505"}],"wp:term":[{"taxonomy":"product_cat","embeddable":true,"href":"https:\/\/www.vetorino.com\/veterinaire\/plouzevede-29440\/boutique\/wp-json\/wp\/v2\/product_cat?post=34505"},{"taxonomy":"product_tag","embeddable":true,"href":"https:\/\/www.vetorino.com\/veterinaire\/plouzevede-29440\/boutique\/wp-json\/wp\/v2\/product_tag?post=34505"}],"curies":[{"name":"wp","href":"https:\/\/api.w.org\/{rel}","templated":true}]}}