{"id":34570,"date":"2020-03-04T22:02:38","date_gmt":"2020-03-04T21:02:38","guid":{"rendered":"https:\/\/www.vetorino.com\/boutique\/product\/specific-chat-fdd-hy-food-allergy-management\/"},"modified":"2025-08-20T16:18:39","modified_gmt":"2025-08-20T14:18:39","slug":"specific-chat-fdd-hy-food-allergy-management","status":"publish","type":"product","link":"https:\/\/www.vetorino.com\/veterinaire\/plouzevede-29440\/boutique\/product\/specific-chat-fdd-hy-food-allergy-management\/","title":{"rendered":"FDD-HY Food Allergen Management &#8211; chat"},"content":{"rendered":"<p><strong>Aliment di\u00e9t\u00e9tique complet pour chat adulte et senior qui r\u00e9duit les intol\u00e9rances \u00e0 certains ingr\u00e9dients et nutriments ainsi que le risque de malabsorption intestinale aigu\u00eb, et compense la maldigestion et l\u2019insuffisance pancr\u00e9atique exocrine.<\/strong><\/p>\n<p><strong>Utilisations :<\/strong><\/p>\n<ul>\n<li>Troubles dermatologiques ou gastro-intestinaux dus \u00e0 une allergie ou une intol\u00e9rance alimentaire.<\/li>\n<li>Troubles gastro-intestinaux tels que diarrh\u00e9e, vomissements, flatulences dus \u00e0 une malabsorption, maldigestion, gastro-ent\u00e9rite aig\u00fce, maladie inflammatoire du c\u00f4lon ou une insuffisance pancr\u00e9atique exocrine.<\/li>\n<li>R\u00e9gime d&#8217;\u00e9viction.<\/li>\n<\/ul>\n<p><strong>Bienfaits essentiels :<\/strong><\/p>\n<ul>\n<li>Les prot\u00e9ines de saumon hydrolys\u00e9es dont le poids mol\u00e9culaire est &lt; 3000 daltons sont\u00a0<strong>hautement digestibles et faiblement allerg\u00e8nes<\/strong>.<\/li>\n<li>De par sa faible allerg\u00e9nicit\u00e9 et sa haute digestibilit\u00e9, le riz est un ingr\u00e9dient parfaitement adapt\u00e9 \u00e0 la composition d\u2019aliments hypoallerg\u00e9niques. Le riz ne contient pas de gluten et sera donc\u00a0<strong>bien tol\u00e9r\u00e9 par les chats atteints d\u2019allergie\/intol\u00e9rance au gluten<\/strong>.<\/li>\n<li>Gr\u00e2ce \u00e0 ses ingr\u00e9dients hautement digestibles et d\u2019excellente qualit\u00e9, l\u2019aliment est\u00a0<strong>particuli\u00e8rement indiqu\u00e9 chez les chats souffrant de diarrh\u00e9e au niveau de l\u2019intestin gr\u00eale<\/strong>.<\/li>\n<li>Le pH urinaire inf\u00e9rieur \u00e0 6,4 joue un r\u00f4le<strong>\u00a0b\u00e9n\u00e9fique sur le syst\u00e8me urinaire<\/strong>.<\/li>\n<li>Les teneurs \u00e9lev\u00e9es en vitamine A, E et B, zinc et s\u00e9l\u00e9nium ont un\u00a0<strong>effet b\u00e9n\u00e9fique sur la sant\u00e9 de la peau et du pelage<\/strong>\u00a0et les teneurs \u00e9lev\u00e9es en vitamines et min\u00e9raux\u00a0<strong>soutiennent les chiens souffrant d\u2019affections gastrointestinal<\/strong><\/li>\n<\/ul>\n<p><strong>Cet aliment est destin\u00e9 \u00e0 la prise en charge nutritionnelle d\u2019une maladie. Pour la sant\u00e9 de votre chat, il est recommand\u00e9 de consulter votre v\u00e9t\u00e9rinaire et de respecter scrupuleusement ses recommandations nutritionnelles.<\/strong><\/p>\n","protected":false},"excerpt":{"rendered":"<p><strong>Aliment di\u00e9t\u00e9tique complet pour chat adulte et senior qui r\u00e9duit les intol\u00e9rances \u00e0 certains ingr\u00e9dients et nutriments ainsi que le risque de malabsorption intestinale aigu\u00eb. Compense la maldigestion et l\u2019insuffisance pancr\u00e9atique exocrine.<\/strong><\/p>\n<p><strong>Utilisations :<\/strong><\/p>\n<ul>\n<li>Troubles dermatologiques ou gastro-intestinaux dus \u00e0 une allergie ou une intol\u00e9rance alimentaire.<\/li>\n<li>Troubles gastro-intestinaux.<\/li>\n<li>R\u00e9gime d&#8217;\u00e9viction.<\/li>\n<\/ul>\n","protected":false},"featured_media":77088,"template":"","meta":[],"product_cat":[12551,12581,2697],"product_tag":[],"class_list":{"0":"post-34570","1":"product","2":"type-product","3":"status-publish","4":"has-post-thumbnail","6":"product_cat-alimentation-du-chat","7":"product_cat-alimentation-medicalisee-pour-chat","8":"product_cat-chat","9":"pa_marque-specific","11":"first","12":"instock","13":"taxable","14":"shipping-taxable","15":"purchasable","16":"product-type-variable"},"yoast_head":"<!-- This site is optimized with the Yoast SEO plugin v27.3 - https:\/\/yoast.com\/product\/yoast-seo-wordpress\/ -->\n<title>FDD-HY Food Allergen Management - chat Specific - V\u00e9torino<\/title>\n<meta name=\"description\" content=\"Aliment di\u00e9t\u00e9tique complet pour chat adulte et senior qui r\u00e9duit les intol\u00e9rances \u00e0 certains ingr\u00e9dients et nutriments ainsi que le risque de malabsorption intestinale aigu\u00eb. Compense la maldigestion et l\u2019insuffisance pancr\u00e9atique exocrine.  Utilisations :   Troubles dermatologiques ou gastro-intestinaux dus \u00e0 une allergie ou une intol\u00e9rance alimentaire.  Troubles gastro-intestinaux.  R\u00e9gime d&#039;\u00e9viction.\" \/>\n<meta name=\"robots\" content=\"noindex, nofollow\" \/>\n<meta property=\"og:locale\" content=\"fr_FR\" \/>\n<meta property=\"og:type\" content=\"article\" \/>\n<meta property=\"og:title\" content=\"FDD-HY Food Allergen Management - chat Specific - V\u00e9torino\" \/>\n<meta property=\"og:description\" content=\"Aliment di\u00e9t\u00e9tique complet pour chat adulte et senior qui r\u00e9duit les intol\u00e9rances \u00e0 certains ingr\u00e9dients et nutriments ainsi que le risque de malabsorption intestinale aigu\u00eb. Compense la maldigestion et l\u2019insuffisance pancr\u00e9atique exocrine.  Utilisations :   Troubles dermatologiques ou gastro-intestinaux dus \u00e0 une allergie ou une intol\u00e9rance alimentaire.  Troubles gastro-intestinaux.  R\u00e9gime d&#039;\u00e9viction.\" \/>\n<meta property=\"og:url\" content=\"https:\/\/www.vetorino.com\/veterinaire\/plouzevede-29440\/boutique\/product\/specific-chat-fdd-hy-food-allergy-management\/\" \/>\n<meta property=\"og:site_name\" content=\"V\u00e9torino\" \/>\n<meta property=\"article:publisher\" content=\"https:\/\/www.facebook.com\/Vetorino\/\" \/>\n<meta property=\"article:modified_time\" content=\"2025-08-20T14:18:39+00:00\" \/>\n<meta property=\"og:image\" content=\"https:\/\/www.vetorino.com\/boutique\/wp-content\/uploads\/2020\/03\/croquettes-fdd-hy-food-allergy-chat-sac-2-kg-specific-17.jpg\" \/>\n\t<meta property=\"og:image:width\" content=\"800\" \/>\n\t<meta property=\"og:image:height\" content=\"800\" \/>\n\t<meta property=\"og:image:type\" content=\"image\/jpeg\" \/>\n<meta name=\"twitter:card\" content=\"summary_large_image\" \/>\n<meta name=\"twitter:label1\" content=\"Disponibilit\u00e9\" \/>\n\t<meta name=\"twitter:data1\" content=\"En stock\" \/>\n<script type=\"application\/ld+json\" class=\"yoast-schema-graph\">{\"@context\":\"https:\\\/\\\/schema.org\",\"@graph\":[{\"@type\":\"WebPage\",\"@id\":\"https:\\\/\\\/www.vetorino.com\\\/boutique\\\/product\\\/specific-chat-fdd-hy-food-allergy-management\\\/\",\"url\":\"https:\\\/\\\/www.vetorino.com\\\/boutique\\\/product\\\/specific-chat-fdd-hy-food-allergy-management\\\/\",\"name\":\"FDD-HY Food Allergen Management - chat Specific - V\u00e9torino\",\"isPartOf\":{\"@id\":\"https:\\\/\\\/www.vetorino.com\\\/boutique\\\/#website\"},\"primaryImageOfPage\":{\"@id\":\"https:\\\/\\\/www.vetorino.com\\\/boutique\\\/product\\\/specific-chat-fdd-hy-food-allergy-management\\\/#primaryimage\"},\"image\":{\"@id\":\"https:\\\/\\\/www.vetorino.com\\\/boutique\\\/product\\\/specific-chat-fdd-hy-food-allergy-management\\\/#primaryimage\"},\"thumbnailUrl\":\"https:\\\/\\\/www.vetorino.com\\\/boutique\\\/wp-content\\\/uploads\\\/2020\\\/03\\\/croquettes-fdd-hy-food-allergy-chat-sac-2-kg-specific-17.jpg\",\"datePublished\":\"2020-03-04T21:02:38+00:00\",\"dateModified\":\"2025-08-20T14:18:39+00:00\",\"description\":\"Aliment di\u00e9t\u00e9tique complet pour chat adulte et senior qui r\u00e9duit les intol\u00e9rances \u00e0 certains ingr\u00e9dients et nutriments ainsi que le risque de malabsorption intestinale aigu\u00eb. Compense la maldigestion et l\u2019insuffisance pancr\u00e9atique exocrine. Utilisations : Troubles dermatologiques ou gastro-intestinaux dus \u00e0 une allergie ou une intol\u00e9rance alimentaire. Troubles gastro-intestinaux. R\u00e9gime d'\u00e9viction.\",\"breadcrumb\":{\"@id\":\"https:\\\/\\\/www.vetorino.com\\\/boutique\\\/product\\\/specific-chat-fdd-hy-food-allergy-management\\\/#breadcrumb\"},\"inLanguage\":\"fr-FR\",\"potentialAction\":[{\"@type\":\"ReadAction\",\"target\":[\"https:\\\/\\\/www.vetorino.com\\\/boutique\\\/product\\\/specific-chat-fdd-hy-food-allergy-management\\\/\"]}]},{\"@type\":\"ImageObject\",\"inLanguage\":\"fr-FR\",\"@id\":\"https:\\\/\\\/www.vetorino.com\\\/boutique\\\/product\\\/specific-chat-fdd-hy-food-allergy-management\\\/#primaryimage\",\"url\":\"https:\\\/\\\/www.vetorino.com\\\/boutique\\\/wp-content\\\/uploads\\\/2020\\\/03\\\/croquettes-fdd-hy-food-allergy-chat-sac-2-kg-specific-17.jpg\",\"contentUrl\":\"https:\\\/\\\/www.vetorino.com\\\/boutique\\\/wp-content\\\/uploads\\\/2020\\\/03\\\/croquettes-fdd-hy-food-allergy-chat-sac-2-kg-specific-17.jpg\",\"width\":800,\"height\":800},{\"@type\":\"BreadcrumbList\",\"@id\":\"https:\\\/\\\/www.vetorino.com\\\/boutique\\\/product\\\/specific-chat-fdd-hy-food-allergy-management\\\/#breadcrumb\",\"itemListElement\":[{\"@type\":\"ListItem\",\"position\":1,\"name\":\"Accueil\",\"item\":\"https:\\\/\\\/www.vetorino.com\\\/boutique\\\/\"},{\"@type\":\"ListItem\",\"position\":2,\"name\":\"Produits\",\"item\":\"https:\\\/\\\/www.vetorino.com\\\/boutique\\\/\"},{\"@type\":\"ListItem\",\"position\":3,\"name\":\"FDD-HY Food Allergen Management &#8211; chat\"}]},{\"@type\":\"WebSite\",\"@id\":\"https:\\\/\\\/www.vetorino.com\\\/boutique\\\/#website\",\"url\":\"https:\\\/\\\/www.vetorino.com\\\/boutique\\\/\",\"name\":\"V\u00e9torino\",\"description\":\"\",\"publisher\":{\"@id\":\"https:\\\/\\\/www.vetorino.com\\\/boutique\\\/#organization\"},\"potentialAction\":[{\"@type\":\"SearchAction\",\"target\":{\"@type\":\"EntryPoint\",\"urlTemplate\":\"https:\\\/\\\/www.vetorino.com\\\/boutique\\\/?s={search_term_string}\"},\"query-input\":{\"@type\":\"PropertyValueSpecification\",\"valueRequired\":true,\"valueName\":\"search_term_string\"}}],\"inLanguage\":\"fr-FR\"},{\"@type\":\"Organization\",\"@id\":\"https:\\\/\\\/www.vetorino.com\\\/boutique\\\/#organization\",\"name\":\"V\u00e9torino\",\"url\":\"https:\\\/\\\/www.vetorino.com\\\/boutique\\\/\",\"logo\":{\"@type\":\"ImageObject\",\"inLanguage\":\"fr-FR\",\"@id\":\"https:\\\/\\\/www.vetorino.com\\\/boutique\\\/#\\\/schema\\\/logo\\\/image\\\/\",\"url\":\"https:\\\/\\\/www.vetorino.com\\\/boutique\\\/wp-content\\\/uploads\\\/2024\\\/10\\\/logo.jpg\",\"contentUrl\":\"https:\\\/\\\/www.vetorino.com\\\/boutique\\\/wp-content\\\/uploads\\\/2024\\\/10\\\/logo.jpg\",\"width\":1200,\"height\":610,\"caption\":\"V\u00e9torino\"},\"image\":{\"@id\":\"https:\\\/\\\/www.vetorino.com\\\/boutique\\\/#\\\/schema\\\/logo\\\/image\\\/\"},\"sameAs\":[\"https:\\\/\\\/www.facebook.com\\\/Vetorino\\\/\",\"https:\\\/\\\/www.instagram.com\\\/vetorino_off\\\/\",\"https:\\\/\\\/www.linkedin.com\\\/company\\\/vtorino\\\/\"]}]}<\/script>\n<meta property=\"product:brand\" content=\"Specific\" \/>\n<meta property=\"og:availability\" content=\"instock\" \/>\n<meta property=\"product:availability\" content=\"instock\" \/>\n<meta property=\"product:condition\" content=\"new\" \/>\n<!-- \/ Yoast SEO plugin. -->","yoast_head_json":{"title":"FDD-HY Food Allergen Management - chat Specific - V\u00e9torino","description":"Aliment di\u00e9t\u00e9tique complet pour chat adulte et senior qui r\u00e9duit les intol\u00e9rances \u00e0 certains ingr\u00e9dients et nutriments ainsi que le risque de malabsorption intestinale aigu\u00eb. Compense la maldigestion et l\u2019insuffisance pancr\u00e9atique exocrine.  Utilisations :   Troubles dermatologiques ou gastro-intestinaux dus \u00e0 une allergie ou une intol\u00e9rance alimentaire.  Troubles gastro-intestinaux.  R\u00e9gime d'\u00e9viction.","robots":{"index":"noindex","follow":"nofollow"},"og_locale":"fr_FR","og_type":"article","og_title":"FDD-HY Food Allergen Management - chat Specific - V\u00e9torino","og_description":"Aliment di\u00e9t\u00e9tique complet pour chat adulte et senior qui r\u00e9duit les intol\u00e9rances \u00e0 certains ingr\u00e9dients et nutriments ainsi que le risque de malabsorption intestinale aigu\u00eb. Compense la maldigestion et l\u2019insuffisance pancr\u00e9atique exocrine.  Utilisations :   Troubles dermatologiques ou gastro-intestinaux dus \u00e0 une allergie ou une intol\u00e9rance alimentaire.  Troubles gastro-intestinaux.  R\u00e9gime d'\u00e9viction.","og_url":"https:\/\/www.vetorino.com\/veterinaire\/plouzevede-29440\/boutique\/product\/specific-chat-fdd-hy-food-allergy-management\/","og_site_name":"V\u00e9torino","article_publisher":"https:\/\/www.facebook.com\/Vetorino\/","article_modified_time":"2025-08-20T14:18:39+00:00","og_image":[{"width":800,"height":800,"url":"https:\/\/www.vetorino.com\/boutique\/wp-content\/uploads\/2020\/03\/croquettes-fdd-hy-food-allergy-chat-sac-2-kg-specific-17.jpg","type":"image\/jpeg"}],"twitter_card":"summary_large_image","twitter_misc":{"Disponibilit\u00e9":"En stock"},"schema":{"@context":"https:\/\/schema.org","@graph":[{"@type":"WebPage","@id":"https:\/\/www.vetorino.com\/boutique\/product\/specific-chat-fdd-hy-food-allergy-management\/","url":"https:\/\/www.vetorino.com\/boutique\/product\/specific-chat-fdd-hy-food-allergy-management\/","name":"FDD-HY Food Allergen Management - chat Specific - V\u00e9torino","isPartOf":{"@id":"https:\/\/www.vetorino.com\/boutique\/#website"},"primaryImageOfPage":{"@id":"https:\/\/www.vetorino.com\/boutique\/product\/specific-chat-fdd-hy-food-allergy-management\/#primaryimage"},"image":{"@id":"https:\/\/www.vetorino.com\/boutique\/product\/specific-chat-fdd-hy-food-allergy-management\/#primaryimage"},"thumbnailUrl":"https:\/\/www.vetorino.com\/boutique\/wp-content\/uploads\/2020\/03\/croquettes-fdd-hy-food-allergy-chat-sac-2-kg-specific-17.jpg","datePublished":"2020-03-04T21:02:38+00:00","dateModified":"2025-08-20T14:18:39+00:00","description":"Aliment di\u00e9t\u00e9tique complet pour chat adulte et senior qui r\u00e9duit les intol\u00e9rances \u00e0 certains ingr\u00e9dients et nutriments ainsi que le risque de malabsorption intestinale aigu\u00eb. Compense la maldigestion et l\u2019insuffisance pancr\u00e9atique exocrine. Utilisations : Troubles dermatologiques ou gastro-intestinaux dus \u00e0 une allergie ou une intol\u00e9rance alimentaire. Troubles gastro-intestinaux. R\u00e9gime d'\u00e9viction.","breadcrumb":{"@id":"https:\/\/www.vetorino.com\/boutique\/product\/specific-chat-fdd-hy-food-allergy-management\/#breadcrumb"},"inLanguage":"fr-FR","potentialAction":[{"@type":"ReadAction","target":["https:\/\/www.vetorino.com\/boutique\/product\/specific-chat-fdd-hy-food-allergy-management\/"]}]},{"@type":"ImageObject","inLanguage":"fr-FR","@id":"https:\/\/www.vetorino.com\/boutique\/product\/specific-chat-fdd-hy-food-allergy-management\/#primaryimage","url":"https:\/\/www.vetorino.com\/boutique\/wp-content\/uploads\/2020\/03\/croquettes-fdd-hy-food-allergy-chat-sac-2-kg-specific-17.jpg","contentUrl":"https:\/\/www.vetorino.com\/boutique\/wp-content\/uploads\/2020\/03\/croquettes-fdd-hy-food-allergy-chat-sac-2-kg-specific-17.jpg","width":800,"height":800},{"@type":"BreadcrumbList","@id":"https:\/\/www.vetorino.com\/boutique\/product\/specific-chat-fdd-hy-food-allergy-management\/#breadcrumb","itemListElement":[{"@type":"ListItem","position":1,"name":"Accueil","item":"https:\/\/www.vetorino.com\/boutique\/"},{"@type":"ListItem","position":2,"name":"Produits","item":"https:\/\/www.vetorino.com\/boutique\/"},{"@type":"ListItem","position":3,"name":"FDD-HY Food Allergen Management &#8211; chat"}]},{"@type":"WebSite","@id":"https:\/\/www.vetorino.com\/boutique\/#website","url":"https:\/\/www.vetorino.com\/boutique\/","name":"V\u00e9torino","description":"","publisher":{"@id":"https:\/\/www.vetorino.com\/boutique\/#organization"},"potentialAction":[{"@type":"SearchAction","target":{"@type":"EntryPoint","urlTemplate":"https:\/\/www.vetorino.com\/boutique\/?s={search_term_string}"},"query-input":{"@type":"PropertyValueSpecification","valueRequired":true,"valueName":"search_term_string"}}],"inLanguage":"fr-FR"},{"@type":"Organization","@id":"https:\/\/www.vetorino.com\/boutique\/#organization","name":"V\u00e9torino","url":"https:\/\/www.vetorino.com\/boutique\/","logo":{"@type":"ImageObject","inLanguage":"fr-FR","@id":"https:\/\/www.vetorino.com\/boutique\/#\/schema\/logo\/image\/","url":"https:\/\/www.vetorino.com\/boutique\/wp-content\/uploads\/2024\/10\/logo.jpg","contentUrl":"https:\/\/www.vetorino.com\/boutique\/wp-content\/uploads\/2024\/10\/logo.jpg","width":1200,"height":610,"caption":"V\u00e9torino"},"image":{"@id":"https:\/\/www.vetorino.com\/boutique\/#\/schema\/logo\/image\/"},"sameAs":["https:\/\/www.facebook.com\/Vetorino\/","https:\/\/www.instagram.com\/vetorino_off\/","https:\/\/www.linkedin.com\/company\/vtorino\/"]}]},"product_brand":"Specific","og_availability":"instock","product_availability":"instock","product_condition":"new"},"_links":{"self":[{"href":"https:\/\/www.vetorino.com\/veterinaire\/plouzevede-29440\/boutique\/wp-json\/wp\/v2\/product\/34570","targetHints":{"allow":["GET"]}}],"collection":[{"href":"https:\/\/www.vetorino.com\/veterinaire\/plouzevede-29440\/boutique\/wp-json\/wp\/v2\/product"}],"about":[{"href":"https:\/\/www.vetorino.com\/veterinaire\/plouzevede-29440\/boutique\/wp-json\/wp\/v2\/types\/product"}],"wp:featuredmedia":[{"embeddable":true,"href":"https:\/\/www.vetorino.com\/veterinaire\/plouzevede-29440\/boutique\/wp-json\/wp\/v2\/media\/77088"}],"wp:attachment":[{"href":"https:\/\/www.vetorino.com\/veterinaire\/plouzevede-29440\/boutique\/wp-json\/wp\/v2\/media?parent=34570"}],"wp:term":[{"taxonomy":"product_cat","embeddable":true,"href":"https:\/\/www.vetorino.com\/veterinaire\/plouzevede-29440\/boutique\/wp-json\/wp\/v2\/product_cat?post=34570"},{"taxonomy":"product_tag","embeddable":true,"href":"https:\/\/www.vetorino.com\/veterinaire\/plouzevede-29440\/boutique\/wp-json\/wp\/v2\/product_tag?post=34570"}],"curies":[{"name":"wp","href":"https:\/\/api.w.org\/{rel}","templated":true}]}}