{"id":34654,"date":"2020-03-04T22:03:06","date_gmt":"2020-03-04T21:03:06","guid":{"rendered":"https:\/\/www.vetorino.com\/boutique\/product\/animal-odor-eliminator\/"},"modified":"2026-02-11T12:25:50","modified_gmt":"2026-02-11T11:25:50","slug":"animal-odor-eliminator","status":"publish","type":"product","link":"https:\/\/www.vetorino.com\/veterinaire\/plouzevede-29440\/boutique\/product\/animal-odor-eliminator\/","title":{"rendered":"Animal Odor Eliminator \u2013 d\u00e9sodorisant habitat"},"content":{"rendered":"<div class=\"hidden\">\n<div id=\"product-description\" class=\"block md-bottom product-description-block \">\n<div class=\"block-content\">\n<div class=\"product-description typo\">\n<p><strong>\u00c9limine efficacement les odeurs d\u2019origine animale<\/strong>\u00a0: urine, f\u00e8ces, vomissement, tissus n\u00e9cros\u00e9s, glandes anales.<\/p>\n<p><strong>Utilisation<\/strong>\u00a0: directement sur l\u2019animal ou sur les surfaces (couchage, cage, liti\u00e8re) ou toute autre endroit source d\u2019odeur.<\/p>\n<p>Peut aussi \u00eatre utilis\u00e9 comme d\u00e9sodorisant de l\u2019air ambiant.<\/p>\n<\/div>\n<\/div>\n<\/div>\n<div class=\"tabs product-tabs visible--desktop\">\n<div id=\"tab-content\" class=\"tab-content mb-4\">\n<div id=\"description\" class=\"tab-pane fade active show\" role=\"tabpanel\">\n<div class=\"product-description\">\n<p>La formule contient un\u00a0<strong>tensioactif d\u2019origine organique \u00e0 100 %<\/strong>\u00a0afin de prot\u00e9ger vos animaux et la plan\u00e8te.<\/p>\n<\/div>\n<\/div>\n<\/div>\n<\/div>\n<\/div>\n","protected":false},"excerpt":{"rendered":"<p><strong>\u00c9limine efficacement les odeurs d\u2019origine animale<\/strong>\u00a0: urine, f\u00e8ces, vomissement, tissus n\u00e9cros\u00e9s, glandes anales.<\/p>\n<p><strong>Utilisation<\/strong>\u00a0: directement sur l\u2019animal ou sur les surfaces (couchage, cage, liti\u00e8re) ou toute autre endroit source d\u2019odeur.<\/p>\n<p>Peut aussi \u00eatre utilis\u00e9 comme d\u00e9sodorisant de l\u2019air ambiant.<\/p>\n","protected":false},"featured_media":1698050,"template":"","meta":[],"product_cat":[12572,12574,12550,2697,2744,2822,2809,2816,12560,12648,12649],"product_tag":[],"class_list":{"0":"post-34654","1":"product","2":"type-product","3":"status-publish","4":"has-post-thumbnail","6":"product_cat-accessoire-pour-furet","7":"product_cat-accessoire-pour-lapin","8":"product_cat-accessoires-du-chien","9":"product_cat-chat","10":"product_cat-furet","11":"product_cat-habitat-de-loiseau","12":"product_cat-habitat-du-furet","13":"product_cat-habitat-du-lapin-et-du-rongeur","14":"product_cat-hygiene-du-chat","15":"product_cat-traitement-de-lhabitat-du-chat","16":"product_cat-traitement-de-lhabitat-du-chien","17":"pa_marque-vetexpert","19":"first","20":"instock","21":"taxable","22":"shipping-taxable","23":"purchasable","24":"product-type-simple"},"yoast_head":"<!-- This site is optimized with the Yoast SEO plugin v27.3 - https:\/\/yoast.com\/product\/yoast-seo-wordpress\/ -->\n<title>Animal Odor Eliminator \u2013 d\u00e9sodorisant habitat Vetexpert - V\u00e9torino<\/title>\n<meta name=\"description\" content=\"\u00c9limine efficacement les odeurs d\u2019origine animale\u00a0: urine, f\u00e8ces, vomissement, tissus n\u00e9cros\u00e9s, glandes anales.  Utilisation\u00a0: directement sur l\u2019animal ou sur les surfaces (couchage, cage, liti\u00e8re) ou toute autre endroit source d\u2019odeur.  Peut aussi \u00eatre utilis\u00e9 comme d\u00e9sodorisant de l\u2019air ambiant.\" \/>\n<meta name=\"robots\" content=\"noindex, nofollow\" \/>\n<meta property=\"og:locale\" content=\"fr_FR\" \/>\n<meta property=\"og:type\" content=\"article\" \/>\n<meta property=\"og:title\" content=\"Animal Odor Eliminator \u2013 d\u00e9sodorisant habitat Vetexpert - V\u00e9torino\" \/>\n<meta property=\"og:description\" content=\"\u00c9limine efficacement les odeurs d\u2019origine animale\u00a0: urine, f\u00e8ces, vomissement, tissus n\u00e9cros\u00e9s, glandes anales.  Utilisation\u00a0: directement sur l\u2019animal ou sur les surfaces (couchage, cage, liti\u00e8re) ou toute autre endroit source d\u2019odeur.  Peut aussi \u00eatre utilis\u00e9 comme d\u00e9sodorisant de l\u2019air ambiant.\" \/>\n<meta property=\"og:url\" content=\"https:\/\/www.vetorino.com\/veterinaire\/plouzevede-29440\/boutique\/product\/animal-odor-eliminator\/\" \/>\n<meta property=\"og:site_name\" content=\"V\u00e9torino\" \/>\n<meta property=\"article:publisher\" content=\"https:\/\/www.facebook.com\/Vetorino\/\" \/>\n<meta property=\"article:modified_time\" content=\"2026-02-11T11:25:50+00:00\" \/>\n<meta property=\"og:image\" content=\"https:\/\/www.vetorino.com\/boutique\/wp-content\/uploads\/2020\/06\/animal-odor-eliminator-destructeur-d-odeurs-spray-de-250-ml.webp\" \/>\n\t<meta property=\"og:image:width\" content=\"800\" \/>\n\t<meta property=\"og:image:height\" content=\"800\" \/>\n\t<meta property=\"og:image:type\" content=\"image\/webp\" \/>\n<meta name=\"twitter:card\" content=\"summary_large_image\" \/>\n<meta name=\"twitter:label1\" content=\"Prix\" \/>\n\t<meta name=\"twitter:data1\" content=\"25,14&euro;\" \/>\n\t<meta name=\"twitter:label2\" content=\"Disponibilit\u00e9\" \/>\n\t<meta name=\"twitter:data2\" content=\"En stock\" \/>\n<script type=\"application\/ld+json\" class=\"yoast-schema-graph\">{\"@context\":\"https:\\\/\\\/schema.org\",\"@graph\":[{\"@type\":\"WebPage\",\"@id\":\"https:\\\/\\\/www.vetorino.com\\\/boutique\\\/product\\\/animal-odor-eliminator\\\/\",\"url\":\"https:\\\/\\\/www.vetorino.com\\\/boutique\\\/product\\\/animal-odor-eliminator\\\/\",\"name\":\"Animal Odor Eliminator \u2013 d\u00e9sodorisant habitat Vetexpert - V\u00e9torino\",\"isPartOf\":{\"@id\":\"https:\\\/\\\/www.vetorino.com\\\/boutique\\\/#website\"},\"primaryImageOfPage\":{\"@id\":\"https:\\\/\\\/www.vetorino.com\\\/boutique\\\/product\\\/animal-odor-eliminator\\\/#primaryimage\"},\"image\":{\"@id\":\"https:\\\/\\\/www.vetorino.com\\\/boutique\\\/product\\\/animal-odor-eliminator\\\/#primaryimage\"},\"thumbnailUrl\":\"https:\\\/\\\/www.vetorino.com\\\/boutique\\\/wp-content\\\/uploads\\\/2020\\\/06\\\/animal-odor-eliminator-destructeur-d-odeurs-spray-de-250-ml.webp\",\"datePublished\":\"2020-03-04T21:03:06+00:00\",\"dateModified\":\"2026-02-11T11:25:50+00:00\",\"description\":\"\u00c9limine efficacement les odeurs d\u2019origine animale\u00a0: urine, f\u00e8ces, vomissement, tissus n\u00e9cros\u00e9s, glandes anales. Utilisation\u00a0: directement sur l\u2019animal ou sur les surfaces (couchage, cage, liti\u00e8re) ou toute autre endroit source d\u2019odeur. Peut aussi \u00eatre utilis\u00e9 comme d\u00e9sodorisant de l\u2019air ambiant.\",\"breadcrumb\":{\"@id\":\"https:\\\/\\\/www.vetorino.com\\\/boutique\\\/product\\\/animal-odor-eliminator\\\/#breadcrumb\"},\"inLanguage\":\"fr-FR\",\"potentialAction\":[{\"@type\":\"ReadAction\",\"target\":[\"https:\\\/\\\/www.vetorino.com\\\/boutique\\\/product\\\/animal-odor-eliminator\\\/\"]}]},{\"@type\":\"ImageObject\",\"inLanguage\":\"fr-FR\",\"@id\":\"https:\\\/\\\/www.vetorino.com\\\/boutique\\\/product\\\/animal-odor-eliminator\\\/#primaryimage\",\"url\":\"https:\\\/\\\/www.vetorino.com\\\/boutique\\\/wp-content\\\/uploads\\\/2020\\\/06\\\/animal-odor-eliminator-destructeur-d-odeurs-spray-de-250-ml.webp\",\"contentUrl\":\"https:\\\/\\\/www.vetorino.com\\\/boutique\\\/wp-content\\\/uploads\\\/2020\\\/06\\\/animal-odor-eliminator-destructeur-d-odeurs-spray-de-250-ml.webp\",\"width\":800,\"height\":800},{\"@type\":\"BreadcrumbList\",\"@id\":\"https:\\\/\\\/www.vetorino.com\\\/boutique\\\/product\\\/animal-odor-eliminator\\\/#breadcrumb\",\"itemListElement\":[{\"@type\":\"ListItem\",\"position\":1,\"name\":\"Accueil\",\"item\":\"https:\\\/\\\/www.vetorino.com\\\/boutique\\\/\"},{\"@type\":\"ListItem\",\"position\":2,\"name\":\"Produits\",\"item\":\"https:\\\/\\\/www.vetorino.com\\\/boutique\\\/\"},{\"@type\":\"ListItem\",\"position\":3,\"name\":\"Animal Odor Eliminator \u2013 d\u00e9sodorisant habitat\"}]},{\"@type\":\"WebSite\",\"@id\":\"https:\\\/\\\/www.vetorino.com\\\/boutique\\\/#website\",\"url\":\"https:\\\/\\\/www.vetorino.com\\\/boutique\\\/\",\"name\":\"V\u00e9torino\",\"description\":\"\",\"publisher\":{\"@id\":\"https:\\\/\\\/www.vetorino.com\\\/boutique\\\/#organization\"},\"potentialAction\":[{\"@type\":\"SearchAction\",\"target\":{\"@type\":\"EntryPoint\",\"urlTemplate\":\"https:\\\/\\\/www.vetorino.com\\\/boutique\\\/?s={search_term_string}\"},\"query-input\":{\"@type\":\"PropertyValueSpecification\",\"valueRequired\":true,\"valueName\":\"search_term_string\"}}],\"inLanguage\":\"fr-FR\"},{\"@type\":\"Organization\",\"@id\":\"https:\\\/\\\/www.vetorino.com\\\/boutique\\\/#organization\",\"name\":\"V\u00e9torino\",\"url\":\"https:\\\/\\\/www.vetorino.com\\\/boutique\\\/\",\"logo\":{\"@type\":\"ImageObject\",\"inLanguage\":\"fr-FR\",\"@id\":\"https:\\\/\\\/www.vetorino.com\\\/boutique\\\/#\\\/schema\\\/logo\\\/image\\\/\",\"url\":\"https:\\\/\\\/www.vetorino.com\\\/boutique\\\/wp-content\\\/uploads\\\/2024\\\/10\\\/logo.jpg\",\"contentUrl\":\"https:\\\/\\\/www.vetorino.com\\\/boutique\\\/wp-content\\\/uploads\\\/2024\\\/10\\\/logo.jpg\",\"width\":1200,\"height\":610,\"caption\":\"V\u00e9torino\"},\"image\":{\"@id\":\"https:\\\/\\\/www.vetorino.com\\\/boutique\\\/#\\\/schema\\\/logo\\\/image\\\/\"},\"sameAs\":[\"https:\\\/\\\/www.facebook.com\\\/Vetorino\\\/\",\"https:\\\/\\\/www.instagram.com\\\/vetorino_off\\\/\",\"https:\\\/\\\/www.linkedin.com\\\/company\\\/vtorino\\\/\"]}]}<\/script>\n<meta property=\"product:brand\" content=\"Vetexpert\" \/>\n<meta property=\"product:price:amount\" content=\"25.14\" \/>\n<meta property=\"product:price:currency\" content=\"EUR\" \/>\n<meta property=\"og:availability\" content=\"instock\" \/>\n<meta property=\"product:availability\" content=\"instock\" \/>\n<meta property=\"product:retailer_item_id\" content=\"A-1830540\" \/>\n<meta property=\"product:condition\" content=\"new\" \/>\n<!-- \/ Yoast SEO plugin. -->","yoast_head_json":{"title":"Animal Odor Eliminator \u2013 d\u00e9sodorisant habitat Vetexpert - V\u00e9torino","description":"\u00c9limine efficacement les odeurs d\u2019origine animale\u00a0: urine, f\u00e8ces, vomissement, tissus n\u00e9cros\u00e9s, glandes anales.  Utilisation\u00a0: directement sur l\u2019animal ou sur les surfaces (couchage, cage, liti\u00e8re) ou toute autre endroit source d\u2019odeur.  Peut aussi \u00eatre utilis\u00e9 comme d\u00e9sodorisant de l\u2019air ambiant.","robots":{"index":"noindex","follow":"nofollow"},"og_locale":"fr_FR","og_type":"article","og_title":"Animal Odor Eliminator \u2013 d\u00e9sodorisant habitat Vetexpert - V\u00e9torino","og_description":"\u00c9limine efficacement les odeurs d\u2019origine animale\u00a0: urine, f\u00e8ces, vomissement, tissus n\u00e9cros\u00e9s, glandes anales.  Utilisation\u00a0: directement sur l\u2019animal ou sur les surfaces (couchage, cage, liti\u00e8re) ou toute autre endroit source d\u2019odeur.  Peut aussi \u00eatre utilis\u00e9 comme d\u00e9sodorisant de l\u2019air ambiant.","og_url":"https:\/\/www.vetorino.com\/veterinaire\/plouzevede-29440\/boutique\/product\/animal-odor-eliminator\/","og_site_name":"V\u00e9torino","article_publisher":"https:\/\/www.facebook.com\/Vetorino\/","article_modified_time":"2026-02-11T11:25:50+00:00","og_image":[{"width":800,"height":800,"url":"https:\/\/www.vetorino.com\/boutique\/wp-content\/uploads\/2020\/06\/animal-odor-eliminator-destructeur-d-odeurs-spray-de-250-ml.webp","type":"image\/webp"}],"twitter_card":"summary_large_image","twitter_misc":{"Prix":"25,14&euro;","Disponibilit\u00e9":"En stock"},"schema":{"@context":"https:\/\/schema.org","@graph":[{"@type":"WebPage","@id":"https:\/\/www.vetorino.com\/boutique\/product\/animal-odor-eliminator\/","url":"https:\/\/www.vetorino.com\/boutique\/product\/animal-odor-eliminator\/","name":"Animal Odor Eliminator \u2013 d\u00e9sodorisant habitat Vetexpert - V\u00e9torino","isPartOf":{"@id":"https:\/\/www.vetorino.com\/boutique\/#website"},"primaryImageOfPage":{"@id":"https:\/\/www.vetorino.com\/boutique\/product\/animal-odor-eliminator\/#primaryimage"},"image":{"@id":"https:\/\/www.vetorino.com\/boutique\/product\/animal-odor-eliminator\/#primaryimage"},"thumbnailUrl":"https:\/\/www.vetorino.com\/boutique\/wp-content\/uploads\/2020\/06\/animal-odor-eliminator-destructeur-d-odeurs-spray-de-250-ml.webp","datePublished":"2020-03-04T21:03:06+00:00","dateModified":"2026-02-11T11:25:50+00:00","description":"\u00c9limine efficacement les odeurs d\u2019origine animale\u00a0: urine, f\u00e8ces, vomissement, tissus n\u00e9cros\u00e9s, glandes anales. Utilisation\u00a0: directement sur l\u2019animal ou sur les surfaces (couchage, cage, liti\u00e8re) ou toute autre endroit source d\u2019odeur. Peut aussi \u00eatre utilis\u00e9 comme d\u00e9sodorisant de l\u2019air ambiant.","breadcrumb":{"@id":"https:\/\/www.vetorino.com\/boutique\/product\/animal-odor-eliminator\/#breadcrumb"},"inLanguage":"fr-FR","potentialAction":[{"@type":"ReadAction","target":["https:\/\/www.vetorino.com\/boutique\/product\/animal-odor-eliminator\/"]}]},{"@type":"ImageObject","inLanguage":"fr-FR","@id":"https:\/\/www.vetorino.com\/boutique\/product\/animal-odor-eliminator\/#primaryimage","url":"https:\/\/www.vetorino.com\/boutique\/wp-content\/uploads\/2020\/06\/animal-odor-eliminator-destructeur-d-odeurs-spray-de-250-ml.webp","contentUrl":"https:\/\/www.vetorino.com\/boutique\/wp-content\/uploads\/2020\/06\/animal-odor-eliminator-destructeur-d-odeurs-spray-de-250-ml.webp","width":800,"height":800},{"@type":"BreadcrumbList","@id":"https:\/\/www.vetorino.com\/boutique\/product\/animal-odor-eliminator\/#breadcrumb","itemListElement":[{"@type":"ListItem","position":1,"name":"Accueil","item":"https:\/\/www.vetorino.com\/boutique\/"},{"@type":"ListItem","position":2,"name":"Produits","item":"https:\/\/www.vetorino.com\/boutique\/"},{"@type":"ListItem","position":3,"name":"Animal Odor Eliminator \u2013 d\u00e9sodorisant habitat"}]},{"@type":"WebSite","@id":"https:\/\/www.vetorino.com\/boutique\/#website","url":"https:\/\/www.vetorino.com\/boutique\/","name":"V\u00e9torino","description":"","publisher":{"@id":"https:\/\/www.vetorino.com\/boutique\/#organization"},"potentialAction":[{"@type":"SearchAction","target":{"@type":"EntryPoint","urlTemplate":"https:\/\/www.vetorino.com\/boutique\/?s={search_term_string}"},"query-input":{"@type":"PropertyValueSpecification","valueRequired":true,"valueName":"search_term_string"}}],"inLanguage":"fr-FR"},{"@type":"Organization","@id":"https:\/\/www.vetorino.com\/boutique\/#organization","name":"V\u00e9torino","url":"https:\/\/www.vetorino.com\/boutique\/","logo":{"@type":"ImageObject","inLanguage":"fr-FR","@id":"https:\/\/www.vetorino.com\/boutique\/#\/schema\/logo\/image\/","url":"https:\/\/www.vetorino.com\/boutique\/wp-content\/uploads\/2024\/10\/logo.jpg","contentUrl":"https:\/\/www.vetorino.com\/boutique\/wp-content\/uploads\/2024\/10\/logo.jpg","width":1200,"height":610,"caption":"V\u00e9torino"},"image":{"@id":"https:\/\/www.vetorino.com\/boutique\/#\/schema\/logo\/image\/"},"sameAs":["https:\/\/www.facebook.com\/Vetorino\/","https:\/\/www.instagram.com\/vetorino_off\/","https:\/\/www.linkedin.com\/company\/vtorino\/"]}]},"product_brand":"Vetexpert","product_price_amount":"25.14","product_price_currency":"EUR","og_availability":"instock","product_availability":"instock","product_retailer_item_id":"A-1830540","product_condition":"new"},"_links":{"self":[{"href":"https:\/\/www.vetorino.com\/veterinaire\/plouzevede-29440\/boutique\/wp-json\/wp\/v2\/product\/34654","targetHints":{"allow":["GET"]}}],"collection":[{"href":"https:\/\/www.vetorino.com\/veterinaire\/plouzevede-29440\/boutique\/wp-json\/wp\/v2\/product"}],"about":[{"href":"https:\/\/www.vetorino.com\/veterinaire\/plouzevede-29440\/boutique\/wp-json\/wp\/v2\/types\/product"}],"wp:featuredmedia":[{"embeddable":true,"href":"https:\/\/www.vetorino.com\/veterinaire\/plouzevede-29440\/boutique\/wp-json\/wp\/v2\/media\/1698050"}],"wp:attachment":[{"href":"https:\/\/www.vetorino.com\/veterinaire\/plouzevede-29440\/boutique\/wp-json\/wp\/v2\/media?parent=34654"}],"wp:term":[{"taxonomy":"product_cat","embeddable":true,"href":"https:\/\/www.vetorino.com\/veterinaire\/plouzevede-29440\/boutique\/wp-json\/wp\/v2\/product_cat?post=34654"},{"taxonomy":"product_tag","embeddable":true,"href":"https:\/\/www.vetorino.com\/veterinaire\/plouzevede-29440\/boutique\/wp-json\/wp\/v2\/product_tag?post=34654"}],"curies":[{"name":"wp","href":"https:\/\/api.w.org\/{rel}","templated":true}]}}