{"id":34657,"date":"2020-03-04T22:03:07","date_gmt":"2020-03-04T21:03:07","guid":{"rendered":"https:\/\/www.vetorino.com\/boutique\/product\/gel-aux-huiles-essentielles\/"},"modified":"2026-01-20T16:48:13","modified_gmt":"2026-01-20T15:48:13","slug":"gel-aux-huiles-essentielles","status":"publish","type":"product","link":"https:\/\/www.vetorino.com\/veterinaire\/plouzevede-29440\/boutique\/product\/gel-aux-huiles-essentielles\/","title":{"rendered":"Gel Huiles Essentielles"},"content":{"rendered":"<p><strong>Le gel aux huiles essentielles<\/strong> de Labbea est un <strong>m\u00e9lange d&#8217;huiles essentielles pour calmer les douleurs et les irritations<\/strong> de votre animal de compagnie.<\/p>\n<p>Ce gel nettoyant enrichi en alo\u00e9 vera poss\u00e8de des<strong> propri\u00e9t\u00e9s apaisantes pour la peau<\/strong> de votre compagnon.<\/p>\n<p>La <strong>proportion judicieuse de chaque huile essentielle<\/strong> et la <strong>synergie<\/strong> qu\u2019elles forment permettent une efficacit\u00e9 redoutable :<\/p>\n<ul>\n<li>Laurier noble, antibact\u00e9rien, antiviral, antifongique, antalgique.<\/li>\n<li>Menthe des champs, anesth\u00e9sique, antalgique, rafraichissante et antiprurigineuse.<\/li>\n<li>Tea tree, antibact\u00e9rien \u00e0 large spectre, antiparasitaire et antifongique.<\/li>\n<li>Clou de girofle, antifongique, antiparasitaire et antibacterienne \u00e0 large spectre.<\/li>\n<\/ul>\n<p><strong>Mode d&#8217;emploi :\u00a0<\/strong><\/p>\n<p><em>Usage Externe : Appliquer directement sur la zone concern\u00e9e plusieurs fois par jour.<\/em><\/p>\n<p><em>Il peut \u00eatre utilis\u00e9 lors de hot spot en couche mince 4 \u00e0 6 fois par jour, lors de br\u00fblure cutan\u00e9e, lors d\u2019affection buccale (aphte, abc\u00e8s, gingivite virale\/ fongique\/ bact\u00e9rienne, piqure par chenille processionnaire) pour la cicatrisation des plaies sous pansement humide ou tout simplement pour rafraichir l\u2019haleine!<\/em><\/p>\n","protected":false},"excerpt":{"rendered":"<p><strong>Le gel aux huiles essentielles<\/strong> de Labbea est un <strong>m\u00e9lange d&#8217;huiles essentielles pour calmer les douleurs et les irritations<\/strong> de votre animal de compagnie.<\/p>\n<p>Ce gel nettoyant enrichi en alo\u00e9 vera poss\u00e8de des<strong> propri\u00e9t\u00e9s apaisantes pour la peau<\/strong> de votre compagnon.<\/p>\n<p>&nbsp;<\/p>\n","protected":false},"featured_media":1664905,"template":"","meta":[],"product_cat":[2697,2698,12611,12612,12560,12561,15841,2727],"product_tag":[],"class_list":{"0":"post-34657","1":"product","2":"type-product","3":"status-publish","4":"has-post-thumbnail","6":"product_cat-chat","7":"product_cat-chien","8":"product_cat-hygiene-de-la-peau-et-du-pelage-du-chat","9":"product_cat-hygiene-de-la-peau-et-du-pelage-du-chien","10":"product_cat-hygiene-du-chat","11":"product_cat-hygiene-du-chien","12":"product_cat-lapins","13":"product_cat-nac","14":"pa_marque-labbea","16":"first","17":"instock","18":"taxable","19":"shipping-taxable","20":"purchasable","21":"product-type-simple"},"yoast_head":"<!-- This site is optimized with the Yoast SEO plugin v27.3 - https:\/\/yoast.com\/product\/yoast-seo-wordpress\/ -->\n<title>Gel Huiles Essentielles Labbea - V\u00e9torino<\/title>\n<meta name=\"description\" content=\"Le gel aux huiles essentielles de Labbea est un m\u00e9lange d&#039;huiles essentielles pour calmer les douleurs et les irritations de votre animal de compagnie.  Ce gel nettoyant enrichi en alo\u00e9 vera poss\u00e8de des propri\u00e9t\u00e9s apaisantes pour la peau de votre compagnon.  &nbsp;\" \/>\n<meta name=\"robots\" content=\"noindex, nofollow\" \/>\n<meta property=\"og:locale\" content=\"fr_FR\" \/>\n<meta property=\"og:type\" content=\"article\" \/>\n<meta property=\"og:title\" content=\"Gel Huiles Essentielles Labbea - V\u00e9torino\" \/>\n<meta property=\"og:description\" content=\"Le gel aux huiles essentielles de Labbea est un m\u00e9lange d&#039;huiles essentielles pour calmer les douleurs et les irritations de votre animal de compagnie.  Ce gel nettoyant enrichi en alo\u00e9 vera poss\u00e8de des propri\u00e9t\u00e9s apaisantes pour la peau de votre compagnon.  &nbsp;\" \/>\n<meta property=\"og:url\" content=\"https:\/\/www.vetorino.com\/veterinaire\/plouzevede-29440\/boutique\/product\/gel-aux-huiles-essentielles\/\" \/>\n<meta property=\"og:site_name\" content=\"V\u00e9torino\" \/>\n<meta property=\"article:publisher\" content=\"https:\/\/www.facebook.com\/Vetorino\/\" \/>\n<meta property=\"article:modified_time\" content=\"2026-01-20T15:48:13+00:00\" \/>\n<meta property=\"og:image\" content=\"https:\/\/www.vetorino.com\/boutique\/wp-content\/uploads\/2020\/03\/labbea-gel-huiles-essentielles.jpeg\" \/>\n\t<meta property=\"og:image:width\" content=\"700\" \/>\n\t<meta property=\"og:image:height\" content=\"700\" \/>\n\t<meta property=\"og:image:type\" content=\"image\/jpeg\" \/>\n<meta name=\"twitter:card\" content=\"summary_large_image\" \/>\n<meta name=\"twitter:label1\" content=\"Prix\" \/>\n\t<meta name=\"twitter:data1\" content=\"11,51&euro;\" \/>\n\t<meta name=\"twitter:label2\" content=\"Disponibilit\u00e9\" \/>\n\t<meta name=\"twitter:data2\" content=\"En stock\" \/>\n<script type=\"application\/ld+json\" class=\"yoast-schema-graph\">{\"@context\":\"https:\\\/\\\/schema.org\",\"@graph\":[{\"@type\":\"WebPage\",\"@id\":\"https:\\\/\\\/www.vetorino.com\\\/boutique\\\/product\\\/gel-aux-huiles-essentielles\\\/\",\"url\":\"https:\\\/\\\/www.vetorino.com\\\/boutique\\\/product\\\/gel-aux-huiles-essentielles\\\/\",\"name\":\"Gel Huiles Essentielles Labbea - V\u00e9torino\",\"isPartOf\":{\"@id\":\"https:\\\/\\\/www.vetorino.com\\\/boutique\\\/#website\"},\"primaryImageOfPage\":{\"@id\":\"https:\\\/\\\/www.vetorino.com\\\/boutique\\\/product\\\/gel-aux-huiles-essentielles\\\/#primaryimage\"},\"image\":{\"@id\":\"https:\\\/\\\/www.vetorino.com\\\/boutique\\\/product\\\/gel-aux-huiles-essentielles\\\/#primaryimage\"},\"thumbnailUrl\":\"https:\\\/\\\/www.vetorino.com\\\/boutique\\\/wp-content\\\/uploads\\\/2020\\\/03\\\/labbea-gel-huiles-essentielles.jpeg\",\"datePublished\":\"2020-03-04T21:03:07+00:00\",\"dateModified\":\"2026-01-20T15:48:13+00:00\",\"description\":\"Le gel aux huiles essentielles de Labbea est un m\u00e9lange d'huiles essentielles pour calmer les douleurs et les irritations de votre animal de compagnie. Ce gel nettoyant enrichi en alo\u00e9 vera poss\u00e8de des propri\u00e9t\u00e9s apaisantes pour la peau de votre compagnon. &nbsp;\",\"breadcrumb\":{\"@id\":\"https:\\\/\\\/www.vetorino.com\\\/boutique\\\/product\\\/gel-aux-huiles-essentielles\\\/#breadcrumb\"},\"inLanguage\":\"fr-FR\",\"potentialAction\":[{\"@type\":\"ReadAction\",\"target\":[\"https:\\\/\\\/www.vetorino.com\\\/boutique\\\/product\\\/gel-aux-huiles-essentielles\\\/\"]}]},{\"@type\":\"ImageObject\",\"inLanguage\":\"fr-FR\",\"@id\":\"https:\\\/\\\/www.vetorino.com\\\/boutique\\\/product\\\/gel-aux-huiles-essentielles\\\/#primaryimage\",\"url\":\"https:\\\/\\\/www.vetorino.com\\\/boutique\\\/wp-content\\\/uploads\\\/2020\\\/03\\\/labbea-gel-huiles-essentielles.jpeg\",\"contentUrl\":\"https:\\\/\\\/www.vetorino.com\\\/boutique\\\/wp-content\\\/uploads\\\/2020\\\/03\\\/labbea-gel-huiles-essentielles.jpeg\",\"width\":700,\"height\":700},{\"@type\":\"BreadcrumbList\",\"@id\":\"https:\\\/\\\/www.vetorino.com\\\/boutique\\\/product\\\/gel-aux-huiles-essentielles\\\/#breadcrumb\",\"itemListElement\":[{\"@type\":\"ListItem\",\"position\":1,\"name\":\"Accueil\",\"item\":\"https:\\\/\\\/www.vetorino.com\\\/boutique\\\/\"},{\"@type\":\"ListItem\",\"position\":2,\"name\":\"Produits\",\"item\":\"https:\\\/\\\/www.vetorino.com\\\/boutique\\\/\"},{\"@type\":\"ListItem\",\"position\":3,\"name\":\"Gel Huiles Essentielles\"}]},{\"@type\":\"WebSite\",\"@id\":\"https:\\\/\\\/www.vetorino.com\\\/boutique\\\/#website\",\"url\":\"https:\\\/\\\/www.vetorino.com\\\/boutique\\\/\",\"name\":\"V\u00e9torino\",\"description\":\"\",\"publisher\":{\"@id\":\"https:\\\/\\\/www.vetorino.com\\\/boutique\\\/#organization\"},\"potentialAction\":[{\"@type\":\"SearchAction\",\"target\":{\"@type\":\"EntryPoint\",\"urlTemplate\":\"https:\\\/\\\/www.vetorino.com\\\/boutique\\\/?s={search_term_string}\"},\"query-input\":{\"@type\":\"PropertyValueSpecification\",\"valueRequired\":true,\"valueName\":\"search_term_string\"}}],\"inLanguage\":\"fr-FR\"},{\"@type\":\"Organization\",\"@id\":\"https:\\\/\\\/www.vetorino.com\\\/boutique\\\/#organization\",\"name\":\"V\u00e9torino\",\"url\":\"https:\\\/\\\/www.vetorino.com\\\/boutique\\\/\",\"logo\":{\"@type\":\"ImageObject\",\"inLanguage\":\"fr-FR\",\"@id\":\"https:\\\/\\\/www.vetorino.com\\\/boutique\\\/#\\\/schema\\\/logo\\\/image\\\/\",\"url\":\"https:\\\/\\\/www.vetorino.com\\\/boutique\\\/wp-content\\\/uploads\\\/2024\\\/10\\\/logo.jpg\",\"contentUrl\":\"https:\\\/\\\/www.vetorino.com\\\/boutique\\\/wp-content\\\/uploads\\\/2024\\\/10\\\/logo.jpg\",\"width\":1200,\"height\":610,\"caption\":\"V\u00e9torino\"},\"image\":{\"@id\":\"https:\\\/\\\/www.vetorino.com\\\/boutique\\\/#\\\/schema\\\/logo\\\/image\\\/\"},\"sameAs\":[\"https:\\\/\\\/www.facebook.com\\\/Vetorino\\\/\",\"https:\\\/\\\/www.instagram.com\\\/vetorino_off\\\/\",\"https:\\\/\\\/www.linkedin.com\\\/company\\\/vtorino\\\/\"]}]}<\/script>\n<meta property=\"product:brand\" content=\"Labbea\" \/>\n<meta property=\"product:price:amount\" content=\"11.51\" \/>\n<meta property=\"product:price:currency\" content=\"EUR\" \/>\n<meta property=\"og:availability\" content=\"instock\" \/>\n<meta property=\"product:availability\" content=\"instock\" \/>\n<meta property=\"product:retailer_item_id\" content=\"A-1816900\" \/>\n<meta property=\"product:condition\" content=\"new\" \/>\n<!-- \/ Yoast SEO plugin. -->","yoast_head_json":{"title":"Gel Huiles Essentielles Labbea - V\u00e9torino","description":"Le gel aux huiles essentielles de Labbea est un m\u00e9lange d'huiles essentielles pour calmer les douleurs et les irritations de votre animal de compagnie.  Ce gel nettoyant enrichi en alo\u00e9 vera poss\u00e8de des propri\u00e9t\u00e9s apaisantes pour la peau de votre compagnon.  &nbsp;","robots":{"index":"noindex","follow":"nofollow"},"og_locale":"fr_FR","og_type":"article","og_title":"Gel Huiles Essentielles Labbea - V\u00e9torino","og_description":"Le gel aux huiles essentielles de Labbea est un m\u00e9lange d'huiles essentielles pour calmer les douleurs et les irritations de votre animal de compagnie.  Ce gel nettoyant enrichi en alo\u00e9 vera poss\u00e8de des propri\u00e9t\u00e9s apaisantes pour la peau de votre compagnon.  &nbsp;","og_url":"https:\/\/www.vetorino.com\/veterinaire\/plouzevede-29440\/boutique\/product\/gel-aux-huiles-essentielles\/","og_site_name":"V\u00e9torino","article_publisher":"https:\/\/www.facebook.com\/Vetorino\/","article_modified_time":"2026-01-20T15:48:13+00:00","og_image":[{"width":700,"height":700,"url":"https:\/\/www.vetorino.com\/boutique\/wp-content\/uploads\/2020\/03\/labbea-gel-huiles-essentielles.jpeg","type":"image\/jpeg"}],"twitter_card":"summary_large_image","twitter_misc":{"Prix":"11,51&euro;","Disponibilit\u00e9":"En stock"},"schema":{"@context":"https:\/\/schema.org","@graph":[{"@type":"WebPage","@id":"https:\/\/www.vetorino.com\/boutique\/product\/gel-aux-huiles-essentielles\/","url":"https:\/\/www.vetorino.com\/boutique\/product\/gel-aux-huiles-essentielles\/","name":"Gel Huiles Essentielles Labbea - V\u00e9torino","isPartOf":{"@id":"https:\/\/www.vetorino.com\/boutique\/#website"},"primaryImageOfPage":{"@id":"https:\/\/www.vetorino.com\/boutique\/product\/gel-aux-huiles-essentielles\/#primaryimage"},"image":{"@id":"https:\/\/www.vetorino.com\/boutique\/product\/gel-aux-huiles-essentielles\/#primaryimage"},"thumbnailUrl":"https:\/\/www.vetorino.com\/boutique\/wp-content\/uploads\/2020\/03\/labbea-gel-huiles-essentielles.jpeg","datePublished":"2020-03-04T21:03:07+00:00","dateModified":"2026-01-20T15:48:13+00:00","description":"Le gel aux huiles essentielles de Labbea est un m\u00e9lange d'huiles essentielles pour calmer les douleurs et les irritations de votre animal de compagnie. Ce gel nettoyant enrichi en alo\u00e9 vera poss\u00e8de des propri\u00e9t\u00e9s apaisantes pour la peau de votre compagnon. &nbsp;","breadcrumb":{"@id":"https:\/\/www.vetorino.com\/boutique\/product\/gel-aux-huiles-essentielles\/#breadcrumb"},"inLanguage":"fr-FR","potentialAction":[{"@type":"ReadAction","target":["https:\/\/www.vetorino.com\/boutique\/product\/gel-aux-huiles-essentielles\/"]}]},{"@type":"ImageObject","inLanguage":"fr-FR","@id":"https:\/\/www.vetorino.com\/boutique\/product\/gel-aux-huiles-essentielles\/#primaryimage","url":"https:\/\/www.vetorino.com\/boutique\/wp-content\/uploads\/2020\/03\/labbea-gel-huiles-essentielles.jpeg","contentUrl":"https:\/\/www.vetorino.com\/boutique\/wp-content\/uploads\/2020\/03\/labbea-gel-huiles-essentielles.jpeg","width":700,"height":700},{"@type":"BreadcrumbList","@id":"https:\/\/www.vetorino.com\/boutique\/product\/gel-aux-huiles-essentielles\/#breadcrumb","itemListElement":[{"@type":"ListItem","position":1,"name":"Accueil","item":"https:\/\/www.vetorino.com\/boutique\/"},{"@type":"ListItem","position":2,"name":"Produits","item":"https:\/\/www.vetorino.com\/boutique\/"},{"@type":"ListItem","position":3,"name":"Gel Huiles Essentielles"}]},{"@type":"WebSite","@id":"https:\/\/www.vetorino.com\/boutique\/#website","url":"https:\/\/www.vetorino.com\/boutique\/","name":"V\u00e9torino","description":"","publisher":{"@id":"https:\/\/www.vetorino.com\/boutique\/#organization"},"potentialAction":[{"@type":"SearchAction","target":{"@type":"EntryPoint","urlTemplate":"https:\/\/www.vetorino.com\/boutique\/?s={search_term_string}"},"query-input":{"@type":"PropertyValueSpecification","valueRequired":true,"valueName":"search_term_string"}}],"inLanguage":"fr-FR"},{"@type":"Organization","@id":"https:\/\/www.vetorino.com\/boutique\/#organization","name":"V\u00e9torino","url":"https:\/\/www.vetorino.com\/boutique\/","logo":{"@type":"ImageObject","inLanguage":"fr-FR","@id":"https:\/\/www.vetorino.com\/boutique\/#\/schema\/logo\/image\/","url":"https:\/\/www.vetorino.com\/boutique\/wp-content\/uploads\/2024\/10\/logo.jpg","contentUrl":"https:\/\/www.vetorino.com\/boutique\/wp-content\/uploads\/2024\/10\/logo.jpg","width":1200,"height":610,"caption":"V\u00e9torino"},"image":{"@id":"https:\/\/www.vetorino.com\/boutique\/#\/schema\/logo\/image\/"},"sameAs":["https:\/\/www.facebook.com\/Vetorino\/","https:\/\/www.instagram.com\/vetorino_off\/","https:\/\/www.linkedin.com\/company\/vtorino\/"]}]},"product_brand":"Labbea","product_price_amount":"11.51","product_price_currency":"EUR","og_availability":"instock","product_availability":"instock","product_retailer_item_id":"A-1816900","product_condition":"new"},"_links":{"self":[{"href":"https:\/\/www.vetorino.com\/veterinaire\/plouzevede-29440\/boutique\/wp-json\/wp\/v2\/product\/34657","targetHints":{"allow":["GET"]}}],"collection":[{"href":"https:\/\/www.vetorino.com\/veterinaire\/plouzevede-29440\/boutique\/wp-json\/wp\/v2\/product"}],"about":[{"href":"https:\/\/www.vetorino.com\/veterinaire\/plouzevede-29440\/boutique\/wp-json\/wp\/v2\/types\/product"}],"wp:featuredmedia":[{"embeddable":true,"href":"https:\/\/www.vetorino.com\/veterinaire\/plouzevede-29440\/boutique\/wp-json\/wp\/v2\/media\/1664905"}],"wp:attachment":[{"href":"https:\/\/www.vetorino.com\/veterinaire\/plouzevede-29440\/boutique\/wp-json\/wp\/v2\/media?parent=34657"}],"wp:term":[{"taxonomy":"product_cat","embeddable":true,"href":"https:\/\/www.vetorino.com\/veterinaire\/plouzevede-29440\/boutique\/wp-json\/wp\/v2\/product_cat?post=34657"},{"taxonomy":"product_tag","embeddable":true,"href":"https:\/\/www.vetorino.com\/veterinaire\/plouzevede-29440\/boutique\/wp-json\/wp\/v2\/product_tag?post=34657"}],"curies":[{"name":"wp","href":"https:\/\/api.w.org\/{rel}","templated":true}]}}