{"id":34698,"date":"2020-03-04T22:03:22","date_gmt":"2020-03-04T21:03:22","guid":{"rendered":"https:\/\/www.vetorino.com\/boutique\/product\/tonivit\/"},"modified":"2024-04-16T09:47:47","modified_gmt":"2024-04-16T07:47:47","slug":"tonivit","status":"publish","type":"product","link":"https:\/\/www.vetorino.com\/veterinaire\/plouzevede-29440\/boutique\/product\/tonivit\/","title":{"rendered":"Compl\u00e9ment TONIVIT Chien, Chat et Nac"},"content":{"rendered":"<p><b>Caract\u00e9ristiques<\/b><br \/>\nCe compl\u00e9ment app\u00e9tent est une solution orale tonique g\u00e9n\u00e9ral qui apporte \u00e0 l &#8216;organisme un ensemble \u00e9quilibr\u00e9 de vitamines, d&#8217;oligo-\u00e9l\u00e9ments et d&#8217;acides amin\u00e9s essentiels qui contribuent \u00e0 l &#8216;activit\u00e9 tonique et stimulante dans les p\u00e9riodes difficiles (croissance, lactation, gestation), les phases de r\u00e9cup\u00e9ration, les efforts prolong\u00e9s. Conditionnement : Flacon de 25 ml.<\/p>\n<p><b>Bon \u00e0 savoir<\/b><br \/>\nConvient aux chiens, chats, furets, lapins, cobayes, rongeurs, tortues, oiseaux de cage et de voli\u00e8re. Demandez conseil \u00e0 votre v\u00e9t\u00e9rinaire. De l?eau fra\u00eeche et propre doit \u00eatre disponible \u00e0 tout moment de la journ\u00e9e.<\/p>\n","protected":false},"excerpt":{"rendered":"<p><strong>Tonivit<\/strong> est une solution buvable qui apporte \u00e0 l&#8217;organisme un ensemble \u00e9quilibr\u00e9 de vitamines, oligo-\u00e9l\u00e9ments et acides amin\u00e9s essentiels.<\/p>\n<p><strong>Utilisation<\/strong> :<\/p>\n<ul>\n<li>Chiens<\/li>\n<li>Chats<\/li>\n<li>NAC<\/li>\n<\/ul>\n","protected":false},"featured_media":897166,"template":"","meta":[],"product_cat":[2807,2744,2727],"product_tag":[],"class_list":{"0":"post-34698","1":"product","2":"type-product","3":"status-publish","4":"has-post-thumbnail","6":"product_cat-aliments-complementaires-pour-furet","7":"product_cat-furet","8":"product_cat-nac","9":"pa_marque-tvm","11":"first","12":"instock","13":"taxable","14":"shipping-taxable","15":"purchasable","16":"product-type-simple"},"yoast_head":"<!-- This site is optimized with the Yoast SEO plugin v27.3 - https:\/\/yoast.com\/product\/yoast-seo-wordpress\/ -->\n<title>Compl\u00e9ment TONIVIT Chien, Chat et Nac D\u00f4mes Pharma TVM - V\u00e9torino<\/title>\n<meta name=\"description\" content=\"Tonivit est une solution buvable qui apporte \u00e0 l&#039;organisme un ensemble \u00e9quilibr\u00e9 de vitamines, oligo-\u00e9l\u00e9ments et acides amin\u00e9s essentiels.  Utilisation :   Chiens  Chats  NAC\" \/>\n<meta name=\"robots\" content=\"noindex, nofollow\" \/>\n<meta property=\"og:locale\" content=\"fr_FR\" \/>\n<meta property=\"og:type\" content=\"article\" \/>\n<meta property=\"og:title\" content=\"Compl\u00e9ment TONIVIT Chien, Chat et Nac D\u00f4mes Pharma TVM - V\u00e9torino\" \/>\n<meta property=\"og:description\" content=\"Tonivit est une solution buvable qui apporte \u00e0 l&#039;organisme un ensemble \u00e9quilibr\u00e9 de vitamines, oligo-\u00e9l\u00e9ments et acides amin\u00e9s essentiels.  Utilisation :   Chiens  Chats  NAC\" \/>\n<meta property=\"og:url\" content=\"https:\/\/www.vetorino.com\/veterinaire\/plouzevede-29440\/boutique\/product\/tonivit\/\" \/>\n<meta property=\"og:site_name\" content=\"V\u00e9torino\" \/>\n<meta property=\"article:publisher\" content=\"https:\/\/www.facebook.com\/Vetorino\/\" \/>\n<meta property=\"article:modified_time\" content=\"2024-04-16T07:47:47+00:00\" \/>\n<meta property=\"og:image\" content=\"https:\/\/www.vetorino.com\/boutique\/wp-content\/uploads\/2020\/03\/tonivit.jpg\" \/>\n\t<meta property=\"og:image:width\" content=\"458\" \/>\n\t<meta property=\"og:image:height\" content=\"458\" \/>\n\t<meta property=\"og:image:type\" content=\"image\/jpeg\" \/>\n<meta name=\"twitter:card\" content=\"summary_large_image\" \/>\n<meta name=\"twitter:label1\" content=\"Prix\" \/>\n\t<meta name=\"twitter:data1\" content=\"14,22&euro;\" \/>\n\t<meta name=\"twitter:label2\" content=\"Disponibilit\u00e9\" \/>\n\t<meta name=\"twitter:data2\" content=\"En stock\" \/>\n<script type=\"application\/ld+json\" class=\"yoast-schema-graph\">{\"@context\":\"https:\\\/\\\/schema.org\",\"@graph\":[{\"@type\":\"WebPage\",\"@id\":\"https:\\\/\\\/www.vetorino.com\\\/boutique\\\/product\\\/tonivit\\\/\",\"url\":\"https:\\\/\\\/www.vetorino.com\\\/boutique\\\/product\\\/tonivit\\\/\",\"name\":\"Compl\u00e9ment TONIVIT Chien, Chat et Nac D\u00f4mes Pharma TVM - V\u00e9torino\",\"isPartOf\":{\"@id\":\"https:\\\/\\\/www.vetorino.com\\\/boutique\\\/#website\"},\"primaryImageOfPage\":{\"@id\":\"https:\\\/\\\/www.vetorino.com\\\/boutique\\\/product\\\/tonivit\\\/#primaryimage\"},\"image\":{\"@id\":\"https:\\\/\\\/www.vetorino.com\\\/boutique\\\/product\\\/tonivit\\\/#primaryimage\"},\"thumbnailUrl\":\"https:\\\/\\\/www.vetorino.com\\\/boutique\\\/wp-content\\\/uploads\\\/2020\\\/03\\\/tonivit.jpg\",\"datePublished\":\"2020-03-04T21:03:22+00:00\",\"dateModified\":\"2024-04-16T07:47:47+00:00\",\"description\":\"Tonivit est une solution buvable qui apporte \u00e0 l'organisme un ensemble \u00e9quilibr\u00e9 de vitamines, oligo-\u00e9l\u00e9ments et acides amin\u00e9s essentiels. Utilisation : Chiens Chats NAC\",\"breadcrumb\":{\"@id\":\"https:\\\/\\\/www.vetorino.com\\\/boutique\\\/product\\\/tonivit\\\/#breadcrumb\"},\"inLanguage\":\"fr-FR\",\"potentialAction\":[{\"@type\":\"ReadAction\",\"target\":[\"https:\\\/\\\/www.vetorino.com\\\/boutique\\\/product\\\/tonivit\\\/\"]}]},{\"@type\":\"ImageObject\",\"inLanguage\":\"fr-FR\",\"@id\":\"https:\\\/\\\/www.vetorino.com\\\/boutique\\\/product\\\/tonivit\\\/#primaryimage\",\"url\":\"https:\\\/\\\/www.vetorino.com\\\/boutique\\\/wp-content\\\/uploads\\\/2020\\\/03\\\/tonivit.jpg\",\"contentUrl\":\"https:\\\/\\\/www.vetorino.com\\\/boutique\\\/wp-content\\\/uploads\\\/2020\\\/03\\\/tonivit.jpg\",\"width\":458,\"height\":458},{\"@type\":\"BreadcrumbList\",\"@id\":\"https:\\\/\\\/www.vetorino.com\\\/boutique\\\/product\\\/tonivit\\\/#breadcrumb\",\"itemListElement\":[{\"@type\":\"ListItem\",\"position\":1,\"name\":\"Accueil\",\"item\":\"https:\\\/\\\/www.vetorino.com\\\/boutique\\\/\"},{\"@type\":\"ListItem\",\"position\":2,\"name\":\"Produits\",\"item\":\"https:\\\/\\\/www.vetorino.com\\\/boutique\\\/\"},{\"@type\":\"ListItem\",\"position\":3,\"name\":\"Compl\u00e9ment TONIVIT Chien, Chat et Nac\"}]},{\"@type\":\"WebSite\",\"@id\":\"https:\\\/\\\/www.vetorino.com\\\/boutique\\\/#website\",\"url\":\"https:\\\/\\\/www.vetorino.com\\\/boutique\\\/\",\"name\":\"V\u00e9torino\",\"description\":\"\",\"publisher\":{\"@id\":\"https:\\\/\\\/www.vetorino.com\\\/boutique\\\/#organization\"},\"potentialAction\":[{\"@type\":\"SearchAction\",\"target\":{\"@type\":\"EntryPoint\",\"urlTemplate\":\"https:\\\/\\\/www.vetorino.com\\\/boutique\\\/?s={search_term_string}\"},\"query-input\":{\"@type\":\"PropertyValueSpecification\",\"valueRequired\":true,\"valueName\":\"search_term_string\"}}],\"inLanguage\":\"fr-FR\"},{\"@type\":\"Organization\",\"@id\":\"https:\\\/\\\/www.vetorino.com\\\/boutique\\\/#organization\",\"name\":\"V\u00e9torino\",\"url\":\"https:\\\/\\\/www.vetorino.com\\\/boutique\\\/\",\"logo\":{\"@type\":\"ImageObject\",\"inLanguage\":\"fr-FR\",\"@id\":\"https:\\\/\\\/www.vetorino.com\\\/boutique\\\/#\\\/schema\\\/logo\\\/image\\\/\",\"url\":\"https:\\\/\\\/www.vetorino.com\\\/boutique\\\/wp-content\\\/uploads\\\/2024\\\/10\\\/logo.jpg\",\"contentUrl\":\"https:\\\/\\\/www.vetorino.com\\\/boutique\\\/wp-content\\\/uploads\\\/2024\\\/10\\\/logo.jpg\",\"width\":1200,\"height\":610,\"caption\":\"V\u00e9torino\"},\"image\":{\"@id\":\"https:\\\/\\\/www.vetorino.com\\\/boutique\\\/#\\\/schema\\\/logo\\\/image\\\/\"},\"sameAs\":[\"https:\\\/\\\/www.facebook.com\\\/Vetorino\\\/\",\"https:\\\/\\\/www.instagram.com\\\/vetorino_off\\\/\",\"https:\\\/\\\/www.linkedin.com\\\/company\\\/vtorino\\\/\"]}]}<\/script>\n<meta property=\"product:brand\" content=\"D\u00f4mes Pharma TVM\" \/>\n<meta property=\"product:price:amount\" content=\"14.22\" \/>\n<meta property=\"product:price:currency\" content=\"EUR\" \/>\n<meta property=\"og:availability\" content=\"instock\" \/>\n<meta property=\"product:availability\" content=\"instock\" \/>\n<meta property=\"product:retailer_item_id\" content=\"A-6615599\" \/>\n<meta property=\"product:condition\" content=\"new\" \/>\n<!-- \/ Yoast SEO plugin. -->","yoast_head_json":{"title":"Compl\u00e9ment TONIVIT Chien, Chat et Nac D\u00f4mes Pharma TVM - V\u00e9torino","description":"Tonivit est une solution buvable qui apporte \u00e0 l'organisme un ensemble \u00e9quilibr\u00e9 de vitamines, oligo-\u00e9l\u00e9ments et acides amin\u00e9s essentiels.  Utilisation :   Chiens  Chats  NAC","robots":{"index":"noindex","follow":"nofollow"},"og_locale":"fr_FR","og_type":"article","og_title":"Compl\u00e9ment TONIVIT Chien, Chat et Nac D\u00f4mes Pharma TVM - V\u00e9torino","og_description":"Tonivit est une solution buvable qui apporte \u00e0 l'organisme un ensemble \u00e9quilibr\u00e9 de vitamines, oligo-\u00e9l\u00e9ments et acides amin\u00e9s essentiels.  Utilisation :   Chiens  Chats  NAC","og_url":"https:\/\/www.vetorino.com\/veterinaire\/plouzevede-29440\/boutique\/product\/tonivit\/","og_site_name":"V\u00e9torino","article_publisher":"https:\/\/www.facebook.com\/Vetorino\/","article_modified_time":"2024-04-16T07:47:47+00:00","og_image":[{"width":458,"height":458,"url":"https:\/\/www.vetorino.com\/boutique\/wp-content\/uploads\/2020\/03\/tonivit.jpg","type":"image\/jpeg"}],"twitter_card":"summary_large_image","twitter_misc":{"Prix":"14,22&euro;","Disponibilit\u00e9":"En stock"},"schema":{"@context":"https:\/\/schema.org","@graph":[{"@type":"WebPage","@id":"https:\/\/www.vetorino.com\/boutique\/product\/tonivit\/","url":"https:\/\/www.vetorino.com\/boutique\/product\/tonivit\/","name":"Compl\u00e9ment TONIVIT Chien, Chat et Nac D\u00f4mes Pharma TVM - V\u00e9torino","isPartOf":{"@id":"https:\/\/www.vetorino.com\/boutique\/#website"},"primaryImageOfPage":{"@id":"https:\/\/www.vetorino.com\/boutique\/product\/tonivit\/#primaryimage"},"image":{"@id":"https:\/\/www.vetorino.com\/boutique\/product\/tonivit\/#primaryimage"},"thumbnailUrl":"https:\/\/www.vetorino.com\/boutique\/wp-content\/uploads\/2020\/03\/tonivit.jpg","datePublished":"2020-03-04T21:03:22+00:00","dateModified":"2024-04-16T07:47:47+00:00","description":"Tonivit est une solution buvable qui apporte \u00e0 l'organisme un ensemble \u00e9quilibr\u00e9 de vitamines, oligo-\u00e9l\u00e9ments et acides amin\u00e9s essentiels. Utilisation : Chiens Chats NAC","breadcrumb":{"@id":"https:\/\/www.vetorino.com\/boutique\/product\/tonivit\/#breadcrumb"},"inLanguage":"fr-FR","potentialAction":[{"@type":"ReadAction","target":["https:\/\/www.vetorino.com\/boutique\/product\/tonivit\/"]}]},{"@type":"ImageObject","inLanguage":"fr-FR","@id":"https:\/\/www.vetorino.com\/boutique\/product\/tonivit\/#primaryimage","url":"https:\/\/www.vetorino.com\/boutique\/wp-content\/uploads\/2020\/03\/tonivit.jpg","contentUrl":"https:\/\/www.vetorino.com\/boutique\/wp-content\/uploads\/2020\/03\/tonivit.jpg","width":458,"height":458},{"@type":"BreadcrumbList","@id":"https:\/\/www.vetorino.com\/boutique\/product\/tonivit\/#breadcrumb","itemListElement":[{"@type":"ListItem","position":1,"name":"Accueil","item":"https:\/\/www.vetorino.com\/boutique\/"},{"@type":"ListItem","position":2,"name":"Produits","item":"https:\/\/www.vetorino.com\/boutique\/"},{"@type":"ListItem","position":3,"name":"Compl\u00e9ment TONIVIT Chien, Chat et Nac"}]},{"@type":"WebSite","@id":"https:\/\/www.vetorino.com\/boutique\/#website","url":"https:\/\/www.vetorino.com\/boutique\/","name":"V\u00e9torino","description":"","publisher":{"@id":"https:\/\/www.vetorino.com\/boutique\/#organization"},"potentialAction":[{"@type":"SearchAction","target":{"@type":"EntryPoint","urlTemplate":"https:\/\/www.vetorino.com\/boutique\/?s={search_term_string}"},"query-input":{"@type":"PropertyValueSpecification","valueRequired":true,"valueName":"search_term_string"}}],"inLanguage":"fr-FR"},{"@type":"Organization","@id":"https:\/\/www.vetorino.com\/boutique\/#organization","name":"V\u00e9torino","url":"https:\/\/www.vetorino.com\/boutique\/","logo":{"@type":"ImageObject","inLanguage":"fr-FR","@id":"https:\/\/www.vetorino.com\/boutique\/#\/schema\/logo\/image\/","url":"https:\/\/www.vetorino.com\/boutique\/wp-content\/uploads\/2024\/10\/logo.jpg","contentUrl":"https:\/\/www.vetorino.com\/boutique\/wp-content\/uploads\/2024\/10\/logo.jpg","width":1200,"height":610,"caption":"V\u00e9torino"},"image":{"@id":"https:\/\/www.vetorino.com\/boutique\/#\/schema\/logo\/image\/"},"sameAs":["https:\/\/www.facebook.com\/Vetorino\/","https:\/\/www.instagram.com\/vetorino_off\/","https:\/\/www.linkedin.com\/company\/vtorino\/"]}]},"product_brand":"D\u00f4mes Pharma TVM","product_price_amount":"14.22","product_price_currency":"EUR","og_availability":"instock","product_availability":"instock","product_retailer_item_id":"A-6615599","product_condition":"new"},"_links":{"self":[{"href":"https:\/\/www.vetorino.com\/veterinaire\/plouzevede-29440\/boutique\/wp-json\/wp\/v2\/product\/34698","targetHints":{"allow":["GET"]}}],"collection":[{"href":"https:\/\/www.vetorino.com\/veterinaire\/plouzevede-29440\/boutique\/wp-json\/wp\/v2\/product"}],"about":[{"href":"https:\/\/www.vetorino.com\/veterinaire\/plouzevede-29440\/boutique\/wp-json\/wp\/v2\/types\/product"}],"wp:featuredmedia":[{"embeddable":true,"href":"https:\/\/www.vetorino.com\/veterinaire\/plouzevede-29440\/boutique\/wp-json\/wp\/v2\/media\/897166"}],"wp:attachment":[{"href":"https:\/\/www.vetorino.com\/veterinaire\/plouzevede-29440\/boutique\/wp-json\/wp\/v2\/media?parent=34698"}],"wp:term":[{"taxonomy":"product_cat","embeddable":true,"href":"https:\/\/www.vetorino.com\/veterinaire\/plouzevede-29440\/boutique\/wp-json\/wp\/v2\/product_cat?post=34698"},{"taxonomy":"product_tag","embeddable":true,"href":"https:\/\/www.vetorino.com\/veterinaire\/plouzevede-29440\/boutique\/wp-json\/wp\/v2\/product_tag?post=34698"}],"curies":[{"name":"wp","href":"https:\/\/api.w.org\/{rel}","templated":true}]}}