{"id":34795,"date":"2020-03-04T22:03:56","date_gmt":"2020-03-04T21:03:56","guid":{"rendered":"https:\/\/www.vetorino.com\/boutique\/product\/my-little-friandise-filet-de-maquereau\/"},"modified":"2024-11-13T12:14:16","modified_gmt":"2024-11-13T11:14:16","slug":"my-little-friandise-filet-de-maquereau","status":"publish","type":"product","link":"https:\/\/www.vetorino.com\/veterinaire\/plouzevede-29440\/boutique\/product\/my-little-friandise-filet-de-maquereau\/","title":{"rendered":"Friandise au maquereau grill\u00e9 Chat &#8211; My little Friandise"},"content":{"rendered":"<div id=\"DESCR_TINY-bloc-1\" class=\"stylusBloc stylusBloc--text stylusBloc--autogen\">\n<div class=\"stylusBloc__content\">\n<p>Les\u00a0<strong>friandises\u00a0My Little au Maquereau grill\u00e9 pour chat<\/strong>\u00a0sont de v\u00e9ritables filets frais. Ces friandises sont faites \u00e0 partir d&#8217;ingr\u00e9dients naturels minutieusement s\u00e9lectionn\u00e9s.<\/p>\n<p>100% naturelles, My Little Friandise est fabriqu\u00e9e sans colorant et sans conservateur avec de vrais filets de maquereau. Les chats les plus exigeants raffoleront de ces nouvelles friandises naturelles. Les filets frais de My Little Friandise sont coup\u00e9s \u00e0 la main et cuisin\u00e9s sp\u00e9cialement pour convenir \u00e0 votre chat durant toutes les \u00e9tapes de sa vie.<\/p>\n<\/div>\n<\/div>\n<div id=\"DESCR_TINY-bloc-2\" class=\"stylusBloc stylusBloc--text\">\n<div class=\"stylusBloc__content\">\n<p><b>Caract\u00e9ristiques &#8211; Friandise naturelle Maquereau grill\u00e9 pour chat My Little Friandise :\u00a0<\/b><\/p>\n<p><b><br \/>\n<\/b>&#8211; Friandises pour le plus grand plaisir des papilles de nos f\u00e9lins<br \/>\n&#8211; Disponible en 6 saveurs : Poulet grill\u00e9,\u00a0Poulet,\u00a0Thon, Poulet et poisson fum\u00e9,\u00a0Maquereau grill\u00e9,\u00a0Thon et poisson fum\u00e9<br \/>\n&#8211; 100% naturelles : Contient 100% de maquereau<br \/>\n&#8211; D\u00e9licieuse et saine : parfait pour le chat exigeant<br \/>\n&#8211; Les filets frais My Little Friandise sont parfaits en r\u00e9compense ou en encas, en plus des repas journaliers<br \/>\n&#8211; Sachet sous vide de 30 g<\/p>\n<\/div>\n<\/div>\n<div id=\"DESCR_TINY-bloc-3\" class=\"stylusBloc stylusBloc--text\">\n<div class=\"stylusBloc__content\">\n<p><b>Mode d&#8217;emploi :<br \/>\n<\/b>&#8211; Servir \u00e0 temp\u00e9rature ambiante<br \/>\n&#8211; Conserver \u00e0 temp\u00e9rature ambiante<br \/>\n&#8211; Ne pas passer le sachet au micro-onde<br \/>\n&#8211; Laisser \u00e0 disposition de l&#8217;eau fra\u00eeche pour votre chat<\/p>\n<\/div>\n<\/div>\n","protected":false},"excerpt":{"rendered":"<p>Friandise au maquereau grill\u00e9 pour chat, id\u00e9ale pour satisfaire votre compagnon gr\u00e2ce \u00e0 son go\u00fbt d\u00e9licieux.<\/p>\n","protected":false},"featured_media":77234,"template":"","meta":[],"product_cat":[2697,2733],"product_tag":[],"class_list":{"0":"post-34795","1":"product","2":"type-product","3":"status-publish","4":"has-post-thumbnail","6":"product_cat-chat","7":"product_cat-friandises-pour-chat","8":"pa_marque-agecom","10":"first","11":"instock","12":"taxable","13":"shipping-taxable","14":"purchasable","15":"product-type-simple"},"yoast_head":"<!-- This site is optimized with the Yoast SEO plugin v27.3 - https:\/\/yoast.com\/product\/yoast-seo-wordpress\/ -->\n<title>Friandise au maquereau grill\u00e9 Chat - My little Friandise Agecom - V\u00e9torino<\/title>\n<meta name=\"description\" content=\"Friandise au maquereau grill\u00e9 pour chat, id\u00e9ale pour satisfaire votre compagnon gr\u00e2ce \u00e0 son go\u00fbt d\u00e9licieux.\" \/>\n<meta name=\"robots\" content=\"noindex, nofollow\" \/>\n<meta property=\"og:locale\" content=\"fr_FR\" \/>\n<meta property=\"og:type\" content=\"article\" \/>\n<meta property=\"og:title\" content=\"Friandise au maquereau grill\u00e9 Chat - My little Friandise Agecom - V\u00e9torino\" \/>\n<meta property=\"og:description\" content=\"Friandise au maquereau grill\u00e9 pour chat, id\u00e9ale pour satisfaire votre compagnon gr\u00e2ce \u00e0 son go\u00fbt d\u00e9licieux.\" \/>\n<meta property=\"og:url\" content=\"https:\/\/www.vetorino.com\/veterinaire\/plouzevede-29440\/boutique\/product\/my-little-friandise-filet-de-maquereau\/\" \/>\n<meta property=\"og:site_name\" content=\"V\u00e9torino\" \/>\n<meta property=\"article:publisher\" content=\"https:\/\/www.facebook.com\/Vetorino\/\" \/>\n<meta property=\"article:modified_time\" content=\"2024-11-13T11:14:16+00:00\" \/>\n<meta property=\"og:image\" content=\"https:\/\/www.vetorino.com\/boutique\/wp-content\/uploads\/2020\/03\/friandise-chat-my-little-friand-filet-maquereau-sachet-30-g-14.jpg\" \/>\n\t<meta property=\"og:image:width\" content=\"800\" \/>\n\t<meta property=\"og:image:height\" content=\"800\" \/>\n\t<meta property=\"og:image:type\" content=\"image\/jpeg\" \/>\n<meta name=\"twitter:card\" content=\"summary_large_image\" \/>\n<meta name=\"twitter:label1\" content=\"Prix\" \/>\n\t<meta name=\"twitter:data1\" content=\"2,02&euro;\" \/>\n\t<meta name=\"twitter:label2\" content=\"Disponibilit\u00e9\" \/>\n\t<meta name=\"twitter:data2\" content=\"En stock\" \/>\n<script type=\"application\/ld+json\" class=\"yoast-schema-graph\">{\"@context\":\"https:\\\/\\\/schema.org\",\"@graph\":[{\"@type\":\"WebPage\",\"@id\":\"https:\\\/\\\/www.vetorino.com\\\/boutique\\\/product\\\/my-little-friandise-filet-de-maquereau\\\/\",\"url\":\"https:\\\/\\\/www.vetorino.com\\\/boutique\\\/product\\\/my-little-friandise-filet-de-maquereau\\\/\",\"name\":\"Friandise au maquereau grill\u00e9 Chat - My little Friandise Agecom - V\u00e9torino\",\"isPartOf\":{\"@id\":\"https:\\\/\\\/www.vetorino.com\\\/boutique\\\/#website\"},\"primaryImageOfPage\":{\"@id\":\"https:\\\/\\\/www.vetorino.com\\\/boutique\\\/product\\\/my-little-friandise-filet-de-maquereau\\\/#primaryimage\"},\"image\":{\"@id\":\"https:\\\/\\\/www.vetorino.com\\\/boutique\\\/product\\\/my-little-friandise-filet-de-maquereau\\\/#primaryimage\"},\"thumbnailUrl\":\"https:\\\/\\\/www.vetorino.com\\\/boutique\\\/wp-content\\\/uploads\\\/2020\\\/03\\\/friandise-chat-my-little-friand-filet-maquereau-sachet-30-g-14.jpg\",\"datePublished\":\"2020-03-04T21:03:56+00:00\",\"dateModified\":\"2024-11-13T11:14:16+00:00\",\"description\":\"Friandise au maquereau grill\u00e9 pour chat, id\u00e9ale pour satisfaire votre compagnon gr\u00e2ce \u00e0 son go\u00fbt d\u00e9licieux.\",\"breadcrumb\":{\"@id\":\"https:\\\/\\\/www.vetorino.com\\\/boutique\\\/product\\\/my-little-friandise-filet-de-maquereau\\\/#breadcrumb\"},\"inLanguage\":\"fr-FR\",\"potentialAction\":[{\"@type\":\"ReadAction\",\"target\":[\"https:\\\/\\\/www.vetorino.com\\\/boutique\\\/product\\\/my-little-friandise-filet-de-maquereau\\\/\"]}]},{\"@type\":\"ImageObject\",\"inLanguage\":\"fr-FR\",\"@id\":\"https:\\\/\\\/www.vetorino.com\\\/boutique\\\/product\\\/my-little-friandise-filet-de-maquereau\\\/#primaryimage\",\"url\":\"https:\\\/\\\/www.vetorino.com\\\/boutique\\\/wp-content\\\/uploads\\\/2020\\\/03\\\/friandise-chat-my-little-friand-filet-maquereau-sachet-30-g-14.jpg\",\"contentUrl\":\"https:\\\/\\\/www.vetorino.com\\\/boutique\\\/wp-content\\\/uploads\\\/2020\\\/03\\\/friandise-chat-my-little-friand-filet-maquereau-sachet-30-g-14.jpg\",\"width\":800,\"height\":800},{\"@type\":\"BreadcrumbList\",\"@id\":\"https:\\\/\\\/www.vetorino.com\\\/boutique\\\/product\\\/my-little-friandise-filet-de-maquereau\\\/#breadcrumb\",\"itemListElement\":[{\"@type\":\"ListItem\",\"position\":1,\"name\":\"Accueil\",\"item\":\"https:\\\/\\\/www.vetorino.com\\\/boutique\\\/\"},{\"@type\":\"ListItem\",\"position\":2,\"name\":\"Produits\",\"item\":\"https:\\\/\\\/www.vetorino.com\\\/boutique\\\/\"},{\"@type\":\"ListItem\",\"position\":3,\"name\":\"Friandise au maquereau grill\u00e9 Chat &#8211; My little Friandise\"}]},{\"@type\":\"WebSite\",\"@id\":\"https:\\\/\\\/www.vetorino.com\\\/boutique\\\/#website\",\"url\":\"https:\\\/\\\/www.vetorino.com\\\/boutique\\\/\",\"name\":\"V\u00e9torino\",\"description\":\"\",\"publisher\":{\"@id\":\"https:\\\/\\\/www.vetorino.com\\\/boutique\\\/#organization\"},\"potentialAction\":[{\"@type\":\"SearchAction\",\"target\":{\"@type\":\"EntryPoint\",\"urlTemplate\":\"https:\\\/\\\/www.vetorino.com\\\/boutique\\\/?s={search_term_string}\"},\"query-input\":{\"@type\":\"PropertyValueSpecification\",\"valueRequired\":true,\"valueName\":\"search_term_string\"}}],\"inLanguage\":\"fr-FR\"},{\"@type\":\"Organization\",\"@id\":\"https:\\\/\\\/www.vetorino.com\\\/boutique\\\/#organization\",\"name\":\"V\u00e9torino\",\"url\":\"https:\\\/\\\/www.vetorino.com\\\/boutique\\\/\",\"logo\":{\"@type\":\"ImageObject\",\"inLanguage\":\"fr-FR\",\"@id\":\"https:\\\/\\\/www.vetorino.com\\\/boutique\\\/#\\\/schema\\\/logo\\\/image\\\/\",\"url\":\"https:\\\/\\\/www.vetorino.com\\\/boutique\\\/wp-content\\\/uploads\\\/2024\\\/10\\\/logo.jpg\",\"contentUrl\":\"https:\\\/\\\/www.vetorino.com\\\/boutique\\\/wp-content\\\/uploads\\\/2024\\\/10\\\/logo.jpg\",\"width\":1200,\"height\":610,\"caption\":\"V\u00e9torino\"},\"image\":{\"@id\":\"https:\\\/\\\/www.vetorino.com\\\/boutique\\\/#\\\/schema\\\/logo\\\/image\\\/\"},\"sameAs\":[\"https:\\\/\\\/www.facebook.com\\\/Vetorino\\\/\",\"https:\\\/\\\/www.instagram.com\\\/vetorino_off\\\/\",\"https:\\\/\\\/www.linkedin.com\\\/company\\\/vtorino\\\/\"]}]}<\/script>\n<meta property=\"product:brand\" content=\"Agecom\" \/>\n<meta property=\"product:price:amount\" content=\"2.02\" \/>\n<meta property=\"product:price:currency\" content=\"EUR\" \/>\n<meta property=\"og:availability\" content=\"instock\" \/>\n<meta property=\"product:availability\" content=\"instock\" \/>\n<meta property=\"product:retailer_item_id\" content=\"A-1820680\" \/>\n<meta property=\"product:condition\" content=\"new\" \/>\n<!-- \/ Yoast SEO plugin. -->","yoast_head_json":{"title":"Friandise au maquereau grill\u00e9 Chat - My little Friandise Agecom - V\u00e9torino","description":"Friandise au maquereau grill\u00e9 pour chat, id\u00e9ale pour satisfaire votre compagnon gr\u00e2ce \u00e0 son go\u00fbt d\u00e9licieux.","robots":{"index":"noindex","follow":"nofollow"},"og_locale":"fr_FR","og_type":"article","og_title":"Friandise au maquereau grill\u00e9 Chat - My little Friandise Agecom - V\u00e9torino","og_description":"Friandise au maquereau grill\u00e9 pour chat, id\u00e9ale pour satisfaire votre compagnon gr\u00e2ce \u00e0 son go\u00fbt d\u00e9licieux.","og_url":"https:\/\/www.vetorino.com\/veterinaire\/plouzevede-29440\/boutique\/product\/my-little-friandise-filet-de-maquereau\/","og_site_name":"V\u00e9torino","article_publisher":"https:\/\/www.facebook.com\/Vetorino\/","article_modified_time":"2024-11-13T11:14:16+00:00","og_image":[{"width":800,"height":800,"url":"https:\/\/www.vetorino.com\/boutique\/wp-content\/uploads\/2020\/03\/friandise-chat-my-little-friand-filet-maquereau-sachet-30-g-14.jpg","type":"image\/jpeg"}],"twitter_card":"summary_large_image","twitter_misc":{"Prix":"2,02&euro;","Disponibilit\u00e9":"En stock"},"schema":{"@context":"https:\/\/schema.org","@graph":[{"@type":"WebPage","@id":"https:\/\/www.vetorino.com\/boutique\/product\/my-little-friandise-filet-de-maquereau\/","url":"https:\/\/www.vetorino.com\/boutique\/product\/my-little-friandise-filet-de-maquereau\/","name":"Friandise au maquereau grill\u00e9 Chat - My little Friandise Agecom - V\u00e9torino","isPartOf":{"@id":"https:\/\/www.vetorino.com\/boutique\/#website"},"primaryImageOfPage":{"@id":"https:\/\/www.vetorino.com\/boutique\/product\/my-little-friandise-filet-de-maquereau\/#primaryimage"},"image":{"@id":"https:\/\/www.vetorino.com\/boutique\/product\/my-little-friandise-filet-de-maquereau\/#primaryimage"},"thumbnailUrl":"https:\/\/www.vetorino.com\/boutique\/wp-content\/uploads\/2020\/03\/friandise-chat-my-little-friand-filet-maquereau-sachet-30-g-14.jpg","datePublished":"2020-03-04T21:03:56+00:00","dateModified":"2024-11-13T11:14:16+00:00","description":"Friandise au maquereau grill\u00e9 pour chat, id\u00e9ale pour satisfaire votre compagnon gr\u00e2ce \u00e0 son go\u00fbt d\u00e9licieux.","breadcrumb":{"@id":"https:\/\/www.vetorino.com\/boutique\/product\/my-little-friandise-filet-de-maquereau\/#breadcrumb"},"inLanguage":"fr-FR","potentialAction":[{"@type":"ReadAction","target":["https:\/\/www.vetorino.com\/boutique\/product\/my-little-friandise-filet-de-maquereau\/"]}]},{"@type":"ImageObject","inLanguage":"fr-FR","@id":"https:\/\/www.vetorino.com\/boutique\/product\/my-little-friandise-filet-de-maquereau\/#primaryimage","url":"https:\/\/www.vetorino.com\/boutique\/wp-content\/uploads\/2020\/03\/friandise-chat-my-little-friand-filet-maquereau-sachet-30-g-14.jpg","contentUrl":"https:\/\/www.vetorino.com\/boutique\/wp-content\/uploads\/2020\/03\/friandise-chat-my-little-friand-filet-maquereau-sachet-30-g-14.jpg","width":800,"height":800},{"@type":"BreadcrumbList","@id":"https:\/\/www.vetorino.com\/boutique\/product\/my-little-friandise-filet-de-maquereau\/#breadcrumb","itemListElement":[{"@type":"ListItem","position":1,"name":"Accueil","item":"https:\/\/www.vetorino.com\/boutique\/"},{"@type":"ListItem","position":2,"name":"Produits","item":"https:\/\/www.vetorino.com\/boutique\/"},{"@type":"ListItem","position":3,"name":"Friandise au maquereau grill\u00e9 Chat &#8211; My little Friandise"}]},{"@type":"WebSite","@id":"https:\/\/www.vetorino.com\/boutique\/#website","url":"https:\/\/www.vetorino.com\/boutique\/","name":"V\u00e9torino","description":"","publisher":{"@id":"https:\/\/www.vetorino.com\/boutique\/#organization"},"potentialAction":[{"@type":"SearchAction","target":{"@type":"EntryPoint","urlTemplate":"https:\/\/www.vetorino.com\/boutique\/?s={search_term_string}"},"query-input":{"@type":"PropertyValueSpecification","valueRequired":true,"valueName":"search_term_string"}}],"inLanguage":"fr-FR"},{"@type":"Organization","@id":"https:\/\/www.vetorino.com\/boutique\/#organization","name":"V\u00e9torino","url":"https:\/\/www.vetorino.com\/boutique\/","logo":{"@type":"ImageObject","inLanguage":"fr-FR","@id":"https:\/\/www.vetorino.com\/boutique\/#\/schema\/logo\/image\/","url":"https:\/\/www.vetorino.com\/boutique\/wp-content\/uploads\/2024\/10\/logo.jpg","contentUrl":"https:\/\/www.vetorino.com\/boutique\/wp-content\/uploads\/2024\/10\/logo.jpg","width":1200,"height":610,"caption":"V\u00e9torino"},"image":{"@id":"https:\/\/www.vetorino.com\/boutique\/#\/schema\/logo\/image\/"},"sameAs":["https:\/\/www.facebook.com\/Vetorino\/","https:\/\/www.instagram.com\/vetorino_off\/","https:\/\/www.linkedin.com\/company\/vtorino\/"]}]},"product_brand":"Agecom","product_price_amount":"2.02","product_price_currency":"EUR","og_availability":"instock","product_availability":"instock","product_retailer_item_id":"A-1820680","product_condition":"new"},"_links":{"self":[{"href":"https:\/\/www.vetorino.com\/veterinaire\/plouzevede-29440\/boutique\/wp-json\/wp\/v2\/product\/34795","targetHints":{"allow":["GET"]}}],"collection":[{"href":"https:\/\/www.vetorino.com\/veterinaire\/plouzevede-29440\/boutique\/wp-json\/wp\/v2\/product"}],"about":[{"href":"https:\/\/www.vetorino.com\/veterinaire\/plouzevede-29440\/boutique\/wp-json\/wp\/v2\/types\/product"}],"wp:featuredmedia":[{"embeddable":true,"href":"https:\/\/www.vetorino.com\/veterinaire\/plouzevede-29440\/boutique\/wp-json\/wp\/v2\/media\/77234"}],"wp:attachment":[{"href":"https:\/\/www.vetorino.com\/veterinaire\/plouzevede-29440\/boutique\/wp-json\/wp\/v2\/media?parent=34795"}],"wp:term":[{"taxonomy":"product_cat","embeddable":true,"href":"https:\/\/www.vetorino.com\/veterinaire\/plouzevede-29440\/boutique\/wp-json\/wp\/v2\/product_cat?post=34795"},{"taxonomy":"product_tag","embeddable":true,"href":"https:\/\/www.vetorino.com\/veterinaire\/plouzevede-29440\/boutique\/wp-json\/wp\/v2\/product_tag?post=34795"}],"curies":[{"name":"wp","href":"https:\/\/api.w.org\/{rel}","templated":true}]}}