{"id":34890,"date":"2020-03-04T22:04:30","date_gmt":"2020-03-04T21:04:30","guid":{"rendered":"https:\/\/www.vetorino.com\/boutique\/product\/friandises-meadow-loops-lapins\/"},"modified":"2025-03-05T17:29:17","modified_gmt":"2025-03-05T16:29:17","slug":"friandises-meadow-loops-lapins","status":"publish","type":"product","link":"https:\/\/www.vetorino.com\/veterinaire\/plouzevede-29440\/boutique\/product\/friandises-meadow-loops-lapins\/","title":{"rendered":"Selective Naturals Meadow Loops Lapin"},"content":{"rendered":"<p><strong>Friandises naturelles pour lapins avec une teneur \u00e9lev\u00e9e en fibres et sans sucre ajout\u00e9.<\/strong><\/p>\n<p><strong>Utilisation :<\/strong><\/p>\n<ul>\n<li>Convient aux lapins, cochons d&#8217;inde, chinchillas et octodons<\/li>\n<\/ul>\n<p><strong>Bienfaits essentiels :<\/strong><\/p>\n<ul>\n<li>Avec Thym et Fl\u00e9ole des Pr\u00e9s<\/li>\n<li>Id\u00e9al pour les lapins, les cochons d\u2019Inde, les chinchillas et les octodons<\/li>\n<li>Parfait pour l\u2019alimentation manuelle, l\u2019interaction et le <strong>lien social<\/strong><\/li>\n<li>Riche en ingr\u00e9dients <strong>naturels<\/strong><\/li>\n<li>Riche en <strong>fibres<\/strong> \u2013 14%<\/li>\n<li>Vraiment <strong>savoureux<\/strong> sans sucres ajout\u00e9s<\/li>\n<li>Pas de colorants artificiels<\/li>\n<li>Graine de lin pour une peau saine et\u00a0un pelage brillant<\/li>\n<\/ul>\n","protected":false},"excerpt":{"rendered":"<p><strong>Friandises naturelles pour lapins avec une teneur \u00e9lev\u00e9e en fibres et sans sucre ajout\u00e9.<\/strong><\/p>\n<p><strong>Utilisation :<\/strong><\/p>\n<ul>\n<li>Convient aux lapins, cochons d&#8217;inde, chinchillas et octodons<\/li>\n<\/ul>\n","protected":false},"featured_media":904164,"template":"","meta":[],"product_cat":[12668,12563,2727],"product_tag":[],"class_list":{"0":"post-34890","1":"product","2":"type-product","3":"status-publish","4":"has-post-thumbnail","6":"product_cat-friandise-pour-lapin","7":"product_cat-lapin","8":"product_cat-nac","9":"pa_marque-supreme-petfoods","11":"first","12":"instock","13":"taxable","14":"shipping-taxable","15":"purchasable","16":"product-type-simple"},"yoast_head":"<!-- This site is optimized with the Yoast SEO plugin v27.3 - https:\/\/yoast.com\/product\/yoast-seo-wordpress\/ -->\n<title>Selective Naturals Meadow Loops Lapin Supreme Petfoods - V\u00e9torino<\/title>\n<meta name=\"description\" content=\"Friandises naturelles pour lapins avec une teneur \u00e9lev\u00e9e en fibres et sans sucre ajout\u00e9.  Utilisation :   Convient aux lapins, cochons d&#039;inde, chinchillas et octodons\" \/>\n<meta name=\"robots\" content=\"noindex, nofollow\" \/>\n<meta property=\"og:locale\" content=\"fr_FR\" \/>\n<meta property=\"og:type\" content=\"article\" \/>\n<meta property=\"og:title\" content=\"Selective Naturals Meadow Loops Lapin Supreme Petfoods - V\u00e9torino\" \/>\n<meta property=\"og:description\" content=\"Friandises naturelles pour lapins avec une teneur \u00e9lev\u00e9e en fibres et sans sucre ajout\u00e9.  Utilisation :   Convient aux lapins, cochons d&#039;inde, chinchillas et octodons\" \/>\n<meta property=\"og:url\" content=\"https:\/\/www.vetorino.com\/veterinaire\/plouzevede-29440\/boutique\/product\/friandises-meadow-loops-lapins\/\" \/>\n<meta property=\"og:site_name\" content=\"V\u00e9torino\" \/>\n<meta property=\"article:publisher\" content=\"https:\/\/www.facebook.com\/Vetorino\/\" \/>\n<meta property=\"article:modified_time\" content=\"2025-03-05T16:29:17+00:00\" \/>\n<meta property=\"og:image\" content=\"https:\/\/www.vetorino.com\/boutique\/wp-content\/uploads\/2020\/03\/ALINAC-1818830.png\" \/>\n\t<meta property=\"og:image:width\" content=\"604\" \/>\n\t<meta property=\"og:image:height\" content=\"525\" \/>\n\t<meta property=\"og:image:type\" content=\"image\/png\" \/>\n<meta name=\"twitter:card\" content=\"summary_large_image\" \/>\n<meta name=\"twitter:label1\" content=\"Prix\" \/>\n\t<meta name=\"twitter:data1\" content=\"9,80&euro;\" \/>\n\t<meta name=\"twitter:label2\" content=\"Disponibilit\u00e9\" \/>\n\t<meta name=\"twitter:data2\" content=\"En stock\" \/>\n<script type=\"application\/ld+json\" class=\"yoast-schema-graph\">{\"@context\":\"https:\\\/\\\/schema.org\",\"@graph\":[{\"@type\":\"WebPage\",\"@id\":\"https:\\\/\\\/www.vetorino.com\\\/boutique\\\/product\\\/friandises-meadow-loops-lapins\\\/\",\"url\":\"https:\\\/\\\/www.vetorino.com\\\/boutique\\\/product\\\/friandises-meadow-loops-lapins\\\/\",\"name\":\"Selective Naturals Meadow Loops Lapin Supreme Petfoods - V\u00e9torino\",\"isPartOf\":{\"@id\":\"https:\\\/\\\/www.vetorino.com\\\/boutique\\\/#website\"},\"primaryImageOfPage\":{\"@id\":\"https:\\\/\\\/www.vetorino.com\\\/boutique\\\/product\\\/friandises-meadow-loops-lapins\\\/#primaryimage\"},\"image\":{\"@id\":\"https:\\\/\\\/www.vetorino.com\\\/boutique\\\/product\\\/friandises-meadow-loops-lapins\\\/#primaryimage\"},\"thumbnailUrl\":\"https:\\\/\\\/www.vetorino.com\\\/boutique\\\/wp-content\\\/uploads\\\/2020\\\/03\\\/ALINAC-1818830.png\",\"datePublished\":\"2020-03-04T21:04:30+00:00\",\"dateModified\":\"2025-03-05T16:29:17+00:00\",\"description\":\"Friandises naturelles pour lapins avec une teneur \u00e9lev\u00e9e en fibres et sans sucre ajout\u00e9. Utilisation : Convient aux lapins, cochons d'inde, chinchillas et octodons\",\"breadcrumb\":{\"@id\":\"https:\\\/\\\/www.vetorino.com\\\/boutique\\\/product\\\/friandises-meadow-loops-lapins\\\/#breadcrumb\"},\"inLanguage\":\"fr-FR\",\"potentialAction\":[{\"@type\":\"ReadAction\",\"target\":[\"https:\\\/\\\/www.vetorino.com\\\/boutique\\\/product\\\/friandises-meadow-loops-lapins\\\/\"]}]},{\"@type\":\"ImageObject\",\"inLanguage\":\"fr-FR\",\"@id\":\"https:\\\/\\\/www.vetorino.com\\\/boutique\\\/product\\\/friandises-meadow-loops-lapins\\\/#primaryimage\",\"url\":\"https:\\\/\\\/www.vetorino.com\\\/boutique\\\/wp-content\\\/uploads\\\/2020\\\/03\\\/ALINAC-1818830.png\",\"contentUrl\":\"https:\\\/\\\/www.vetorino.com\\\/boutique\\\/wp-content\\\/uploads\\\/2020\\\/03\\\/ALINAC-1818830.png\",\"width\":604,\"height\":525},{\"@type\":\"BreadcrumbList\",\"@id\":\"https:\\\/\\\/www.vetorino.com\\\/boutique\\\/product\\\/friandises-meadow-loops-lapins\\\/#breadcrumb\",\"itemListElement\":[{\"@type\":\"ListItem\",\"position\":1,\"name\":\"Accueil\",\"item\":\"https:\\\/\\\/www.vetorino.com\\\/boutique\\\/\"},{\"@type\":\"ListItem\",\"position\":2,\"name\":\"Produits\",\"item\":\"https:\\\/\\\/www.vetorino.com\\\/boutique\\\/\"},{\"@type\":\"ListItem\",\"position\":3,\"name\":\"Selective Naturals Meadow Loops Lapin\"}]},{\"@type\":\"WebSite\",\"@id\":\"https:\\\/\\\/www.vetorino.com\\\/boutique\\\/#website\",\"url\":\"https:\\\/\\\/www.vetorino.com\\\/boutique\\\/\",\"name\":\"V\u00e9torino\",\"description\":\"\",\"publisher\":{\"@id\":\"https:\\\/\\\/www.vetorino.com\\\/boutique\\\/#organization\"},\"potentialAction\":[{\"@type\":\"SearchAction\",\"target\":{\"@type\":\"EntryPoint\",\"urlTemplate\":\"https:\\\/\\\/www.vetorino.com\\\/boutique\\\/?s={search_term_string}\"},\"query-input\":{\"@type\":\"PropertyValueSpecification\",\"valueRequired\":true,\"valueName\":\"search_term_string\"}}],\"inLanguage\":\"fr-FR\"},{\"@type\":\"Organization\",\"@id\":\"https:\\\/\\\/www.vetorino.com\\\/boutique\\\/#organization\",\"name\":\"V\u00e9torino\",\"url\":\"https:\\\/\\\/www.vetorino.com\\\/boutique\\\/\",\"logo\":{\"@type\":\"ImageObject\",\"inLanguage\":\"fr-FR\",\"@id\":\"https:\\\/\\\/www.vetorino.com\\\/boutique\\\/#\\\/schema\\\/logo\\\/image\\\/\",\"url\":\"https:\\\/\\\/www.vetorino.com\\\/boutique\\\/wp-content\\\/uploads\\\/2024\\\/10\\\/logo.jpg\",\"contentUrl\":\"https:\\\/\\\/www.vetorino.com\\\/boutique\\\/wp-content\\\/uploads\\\/2024\\\/10\\\/logo.jpg\",\"width\":1200,\"height\":610,\"caption\":\"V\u00e9torino\"},\"image\":{\"@id\":\"https:\\\/\\\/www.vetorino.com\\\/boutique\\\/#\\\/schema\\\/logo\\\/image\\\/\"},\"sameAs\":[\"https:\\\/\\\/www.facebook.com\\\/Vetorino\\\/\",\"https:\\\/\\\/www.instagram.com\\\/vetorino_off\\\/\",\"https:\\\/\\\/www.linkedin.com\\\/company\\\/vtorino\\\/\"]}]}<\/script>\n<meta property=\"product:brand\" content=\"Supreme Petfoods\" \/>\n<meta property=\"product:price:amount\" content=\"9.80\" \/>\n<meta property=\"product:price:currency\" content=\"EUR\" \/>\n<meta property=\"og:availability\" content=\"instock\" \/>\n<meta property=\"product:availability\" content=\"instock\" \/>\n<meta property=\"product:retailer_item_id\" content=\"A-1818830\" \/>\n<meta property=\"product:condition\" content=\"new\" \/>\n<!-- \/ Yoast SEO plugin. -->","yoast_head_json":{"title":"Selective Naturals Meadow Loops Lapin Supreme Petfoods - V\u00e9torino","description":"Friandises naturelles pour lapins avec une teneur \u00e9lev\u00e9e en fibres et sans sucre ajout\u00e9.  Utilisation :   Convient aux lapins, cochons d'inde, chinchillas et octodons","robots":{"index":"noindex","follow":"nofollow"},"og_locale":"fr_FR","og_type":"article","og_title":"Selective Naturals Meadow Loops Lapin Supreme Petfoods - V\u00e9torino","og_description":"Friandises naturelles pour lapins avec une teneur \u00e9lev\u00e9e en fibres et sans sucre ajout\u00e9.  Utilisation :   Convient aux lapins, cochons d'inde, chinchillas et octodons","og_url":"https:\/\/www.vetorino.com\/veterinaire\/plouzevede-29440\/boutique\/product\/friandises-meadow-loops-lapins\/","og_site_name":"V\u00e9torino","article_publisher":"https:\/\/www.facebook.com\/Vetorino\/","article_modified_time":"2025-03-05T16:29:17+00:00","og_image":[{"width":604,"height":525,"url":"https:\/\/www.vetorino.com\/boutique\/wp-content\/uploads\/2020\/03\/ALINAC-1818830.png","type":"image\/png"}],"twitter_card":"summary_large_image","twitter_misc":{"Prix":"9,80&euro;","Disponibilit\u00e9":"En stock"},"schema":{"@context":"https:\/\/schema.org","@graph":[{"@type":"WebPage","@id":"https:\/\/www.vetorino.com\/boutique\/product\/friandises-meadow-loops-lapins\/","url":"https:\/\/www.vetorino.com\/boutique\/product\/friandises-meadow-loops-lapins\/","name":"Selective Naturals Meadow Loops Lapin Supreme Petfoods - V\u00e9torino","isPartOf":{"@id":"https:\/\/www.vetorino.com\/boutique\/#website"},"primaryImageOfPage":{"@id":"https:\/\/www.vetorino.com\/boutique\/product\/friandises-meadow-loops-lapins\/#primaryimage"},"image":{"@id":"https:\/\/www.vetorino.com\/boutique\/product\/friandises-meadow-loops-lapins\/#primaryimage"},"thumbnailUrl":"https:\/\/www.vetorino.com\/boutique\/wp-content\/uploads\/2020\/03\/ALINAC-1818830.png","datePublished":"2020-03-04T21:04:30+00:00","dateModified":"2025-03-05T16:29:17+00:00","description":"Friandises naturelles pour lapins avec une teneur \u00e9lev\u00e9e en fibres et sans sucre ajout\u00e9. Utilisation : Convient aux lapins, cochons d'inde, chinchillas et octodons","breadcrumb":{"@id":"https:\/\/www.vetorino.com\/boutique\/product\/friandises-meadow-loops-lapins\/#breadcrumb"},"inLanguage":"fr-FR","potentialAction":[{"@type":"ReadAction","target":["https:\/\/www.vetorino.com\/boutique\/product\/friandises-meadow-loops-lapins\/"]}]},{"@type":"ImageObject","inLanguage":"fr-FR","@id":"https:\/\/www.vetorino.com\/boutique\/product\/friandises-meadow-loops-lapins\/#primaryimage","url":"https:\/\/www.vetorino.com\/boutique\/wp-content\/uploads\/2020\/03\/ALINAC-1818830.png","contentUrl":"https:\/\/www.vetorino.com\/boutique\/wp-content\/uploads\/2020\/03\/ALINAC-1818830.png","width":604,"height":525},{"@type":"BreadcrumbList","@id":"https:\/\/www.vetorino.com\/boutique\/product\/friandises-meadow-loops-lapins\/#breadcrumb","itemListElement":[{"@type":"ListItem","position":1,"name":"Accueil","item":"https:\/\/www.vetorino.com\/boutique\/"},{"@type":"ListItem","position":2,"name":"Produits","item":"https:\/\/www.vetorino.com\/boutique\/"},{"@type":"ListItem","position":3,"name":"Selective Naturals Meadow Loops Lapin"}]},{"@type":"WebSite","@id":"https:\/\/www.vetorino.com\/boutique\/#website","url":"https:\/\/www.vetorino.com\/boutique\/","name":"V\u00e9torino","description":"","publisher":{"@id":"https:\/\/www.vetorino.com\/boutique\/#organization"},"potentialAction":[{"@type":"SearchAction","target":{"@type":"EntryPoint","urlTemplate":"https:\/\/www.vetorino.com\/boutique\/?s={search_term_string}"},"query-input":{"@type":"PropertyValueSpecification","valueRequired":true,"valueName":"search_term_string"}}],"inLanguage":"fr-FR"},{"@type":"Organization","@id":"https:\/\/www.vetorino.com\/boutique\/#organization","name":"V\u00e9torino","url":"https:\/\/www.vetorino.com\/boutique\/","logo":{"@type":"ImageObject","inLanguage":"fr-FR","@id":"https:\/\/www.vetorino.com\/boutique\/#\/schema\/logo\/image\/","url":"https:\/\/www.vetorino.com\/boutique\/wp-content\/uploads\/2024\/10\/logo.jpg","contentUrl":"https:\/\/www.vetorino.com\/boutique\/wp-content\/uploads\/2024\/10\/logo.jpg","width":1200,"height":610,"caption":"V\u00e9torino"},"image":{"@id":"https:\/\/www.vetorino.com\/boutique\/#\/schema\/logo\/image\/"},"sameAs":["https:\/\/www.facebook.com\/Vetorino\/","https:\/\/www.instagram.com\/vetorino_off\/","https:\/\/www.linkedin.com\/company\/vtorino\/"]}]},"product_brand":"Supreme Petfoods","product_price_amount":"9.80","product_price_currency":"EUR","og_availability":"instock","product_availability":"instock","product_retailer_item_id":"A-1818830","product_condition":"new"},"_links":{"self":[{"href":"https:\/\/www.vetorino.com\/veterinaire\/plouzevede-29440\/boutique\/wp-json\/wp\/v2\/product\/34890","targetHints":{"allow":["GET"]}}],"collection":[{"href":"https:\/\/www.vetorino.com\/veterinaire\/plouzevede-29440\/boutique\/wp-json\/wp\/v2\/product"}],"about":[{"href":"https:\/\/www.vetorino.com\/veterinaire\/plouzevede-29440\/boutique\/wp-json\/wp\/v2\/types\/product"}],"wp:featuredmedia":[{"embeddable":true,"href":"https:\/\/www.vetorino.com\/veterinaire\/plouzevede-29440\/boutique\/wp-json\/wp\/v2\/media\/904164"}],"wp:attachment":[{"href":"https:\/\/www.vetorino.com\/veterinaire\/plouzevede-29440\/boutique\/wp-json\/wp\/v2\/media?parent=34890"}],"wp:term":[{"taxonomy":"product_cat","embeddable":true,"href":"https:\/\/www.vetorino.com\/veterinaire\/plouzevede-29440\/boutique\/wp-json\/wp\/v2\/product_cat?post=34890"},{"taxonomy":"product_tag","embeddable":true,"href":"https:\/\/www.vetorino.com\/veterinaire\/plouzevede-29440\/boutique\/wp-json\/wp\/v2\/product_tag?post=34890"}],"curies":[{"name":"wp","href":"https:\/\/api.w.org\/{rel}","templated":true}]}}