{"id":35159,"date":"2020-03-04T22:54:11","date_gmt":"2020-03-04T21:54:11","guid":{"rendered":"https:\/\/www.vetorino.com\/boutique\/product\/veggiedent-fresh-m-chien-10-30-kg\/"},"modified":"2025-04-11T12:20:40","modified_gmt":"2025-04-11T10:20:40","slug":"veggiedent-fresh-m-chien-10-30-kg","status":"publish","type":"product","link":"https:\/\/www.vetorino.com\/veterinaire\/plouzevede-29440\/boutique\/product\/veggiedent-fresh-m-chien-10-30-kg\/","title":{"rendered":"Veggiedent Lamelles M"},"content":{"rendered":"<div class=\"hidden\">\n<p><strong>VeggieDent permet de lutter contre les probl\u00e8mes dentaires tout en faisant plaisir \u00e0 son animal. Ces lamelles\u00a0\u00e0 m\u00e2cher v\u00e9g\u00e9tales tr\u00e8s app\u00e9tentes ont une triple action :\u00a0anti-tartre, anti-plaque et haileine fra\u00eeche.<\/strong><\/p>\n<p><strong>Utilisation :<\/strong><\/p>\n<ul>\n<li>Chien\u00a0de race moyenne (entre 10 et 30 kg)<\/li>\n<li>Donner 1 lamelle VeggieDent<sup>\u00a0<\/sup>par jour apr\u00e8s le repas.<\/li>\n<\/ul>\n<p><strong>Bienfaits essentiels :<\/strong><\/p>\n<div>\n<ul>\n<li><strong>Anti-tartre<\/strong>\u00a0: r\u00e9duit la formation de tartre de 70%<\/li>\n<li><strong>Anti-plaque<\/strong>\u00a0: r\u00e9duit la formation de la plaque dentaire de 37%<\/li>\n<li><strong>Forme en Z brevet\u00e9e<\/strong>\u00a0: pour une action m\u00e9canique brossante<\/li>\n<li><strong>Haute app\u00e9tence<\/strong>\u00a0: prise comme une friandise par l\u2019animal.<\/li>\n<li><strong>100% v\u00e9g\u00e9tale<\/strong><\/li>\n<li><strong>Apport calorique mod\u00e9r\u00e9<\/strong><\/li>\n<\/ul>\n<\/div>\n<\/div>\n","protected":false},"excerpt":{"rendered":"<p><strong>VeggieDent permet de lutter contre les probl\u00e8mes dentaires tout en faisant plaisir \u00e0 son animal.\u00a0Ces lamelles\u00a0\u00e0 m\u00e2cher v\u00e9g\u00e9tales tr\u00e8s app\u00e9tentes ont une triple action :\u00a0anti-tartre, anti-plaque et haileine fra\u00eeche.<\/strong><\/p>\n<p><strong>Utilisation :<\/strong><\/p>\n<ul>\n<li>Chien\u00a0de race moyenne (entre 10 et 30 kg)<\/li>\n<li>Donner 1 lamelle VeggieDent<sup>\u00a0<\/sup>par jour apr\u00e8s le repas.<\/li>\n<\/ul>\n","protected":false},"featured_media":77455,"template":"","meta":[],"product_cat":[12552,2698,12603,12610,12561],"product_tag":[],"class_list":{"0":"post-35159","1":"product","2":"type-product","3":"status-publish","4":"has-post-thumbnail","6":"product_cat-alimentation-du-chien","7":"product_cat-chien","8":"product_cat-friandises-pour-chien","9":"product_cat-hygiene-bucco-dentaire-du-chien","10":"product_cat-hygiene-du-chien","11":"pa_marque-virbac","13":"first","14":"instock","15":"taxable","16":"shipping-taxable","17":"purchasable","18":"product-type-simple"},"yoast_head":"<!-- This site is optimized with the Yoast SEO plugin v27.3 - https:\/\/yoast.com\/product\/yoast-seo-wordpress\/ -->\n<title>Veggiedent Lamelles M Virbac - V\u00e9torino<\/title>\n<meta name=\"description\" content=\"VeggieDent permet de lutter contre les probl\u00e8mes dentaires tout en faisant plaisir \u00e0 son animal.\u00a0Ces lamelles\u00a0\u00e0 m\u00e2cher v\u00e9g\u00e9tales tr\u00e8s app\u00e9tentes ont une triple action :\u00a0anti-tartre, anti-plaque et haileine fra\u00eeche.  Utilisation :   Chien\u00a0de race moyenne (entre 10 et 30 kg)  Donner 1 lamelle VeggieDent\u00a0par jour apr\u00e8s le repas.\" \/>\n<meta name=\"robots\" content=\"noindex, nofollow\" \/>\n<meta property=\"og:locale\" content=\"fr_FR\" \/>\n<meta property=\"og:type\" content=\"article\" \/>\n<meta property=\"og:title\" content=\"Veggiedent Lamelles M Virbac - V\u00e9torino\" \/>\n<meta property=\"og:description\" content=\"VeggieDent permet de lutter contre les probl\u00e8mes dentaires tout en faisant plaisir \u00e0 son animal.\u00a0Ces lamelles\u00a0\u00e0 m\u00e2cher v\u00e9g\u00e9tales tr\u00e8s app\u00e9tentes ont une triple action :\u00a0anti-tartre, anti-plaque et haileine fra\u00eeche.  Utilisation :   Chien\u00a0de race moyenne (entre 10 et 30 kg)  Donner 1 lamelle VeggieDent\u00a0par jour apr\u00e8s le repas.\" \/>\n<meta property=\"og:url\" content=\"https:\/\/www.vetorino.com\/veterinaire\/plouzevede-29440\/boutique\/product\/veggiedent-fresh-m-chien-10-30-kg\/\" \/>\n<meta property=\"og:site_name\" content=\"V\u00e9torino\" \/>\n<meta property=\"article:publisher\" content=\"https:\/\/www.facebook.com\/Vetorino\/\" \/>\n<meta property=\"article:modified_time\" content=\"2025-04-11T10:20:40+00:00\" \/>\n<meta property=\"og:image\" content=\"https:\/\/www.vetorino.com\/boutique\/wp-content\/uploads\/2020\/03\/lamelles-a-macher-veggiedent-fr3sh-m-chien-12.jpg\" \/>\n\t<meta property=\"og:image:width\" content=\"800\" \/>\n\t<meta property=\"og:image:height\" content=\"800\" \/>\n\t<meta property=\"og:image:type\" content=\"image\/jpeg\" \/>\n<meta name=\"twitter:card\" content=\"summary_large_image\" \/>\n<meta name=\"twitter:label1\" content=\"Prix\" \/>\n\t<meta name=\"twitter:data1\" content=\"11,39&euro;\" \/>\n\t<meta name=\"twitter:label2\" content=\"Disponibilit\u00e9\" \/>\n\t<meta name=\"twitter:data2\" content=\"En stock\" \/>\n<script type=\"application\/ld+json\" class=\"yoast-schema-graph\">{\"@context\":\"https:\\\/\\\/schema.org\",\"@graph\":[{\"@type\":\"WebPage\",\"@id\":\"https:\\\/\\\/www.vetorino.com\\\/veterinaire\\\/pontarlier-25300\\\/boutique\\\/product\\\/veggiedent-fresh-m-chien-10-30-kg\\\/\",\"url\":\"https:\\\/\\\/www.vetorino.com\\\/veterinaire\\\/pontarlier-25300\\\/boutique\\\/product\\\/veggiedent-fresh-m-chien-10-30-kg\\\/\",\"name\":\"Veggiedent Lamelles M Virbac - V\u00e9torino\",\"isPartOf\":{\"@id\":\"https:\\\/\\\/www.vetorino.com\\\/boutique\\\/#website\"},\"primaryImageOfPage\":{\"@id\":\"https:\\\/\\\/www.vetorino.com\\\/veterinaire\\\/pontarlier-25300\\\/boutique\\\/product\\\/veggiedent-fresh-m-chien-10-30-kg\\\/#primaryimage\"},\"image\":{\"@id\":\"https:\\\/\\\/www.vetorino.com\\\/veterinaire\\\/pontarlier-25300\\\/boutique\\\/product\\\/veggiedent-fresh-m-chien-10-30-kg\\\/#primaryimage\"},\"thumbnailUrl\":\"https:\\\/\\\/www.vetorino.com\\\/boutique\\\/wp-content\\\/uploads\\\/2020\\\/03\\\/lamelles-a-macher-veggiedent-fr3sh-m-chien-12.jpg\",\"datePublished\":\"2020-03-04T21:54:11+00:00\",\"dateModified\":\"2025-04-11T10:20:40+00:00\",\"description\":\"VeggieDent permet de lutter contre les probl\u00e8mes dentaires tout en faisant plaisir \u00e0 son animal.\u00a0Ces lamelles\u00a0\u00e0 m\u00e2cher v\u00e9g\u00e9tales tr\u00e8s app\u00e9tentes ont une triple action :\u00a0anti-tartre, anti-plaque et haileine fra\u00eeche. Utilisation : Chien\u00a0de race moyenne (entre 10 et 30 kg) Donner 1 lamelle VeggieDent\u00a0par jour apr\u00e8s le repas.\",\"breadcrumb\":{\"@id\":\"https:\\\/\\\/www.vetorino.com\\\/veterinaire\\\/pontarlier-25300\\\/boutique\\\/product\\\/veggiedent-fresh-m-chien-10-30-kg\\\/#breadcrumb\"},\"inLanguage\":\"fr-FR\",\"potentialAction\":[{\"@type\":\"ReadAction\",\"target\":[\"https:\\\/\\\/www.vetorino.com\\\/veterinaire\\\/pontarlier-25300\\\/boutique\\\/product\\\/veggiedent-fresh-m-chien-10-30-kg\\\/\"]}]},{\"@type\":\"ImageObject\",\"inLanguage\":\"fr-FR\",\"@id\":\"https:\\\/\\\/www.vetorino.com\\\/veterinaire\\\/pontarlier-25300\\\/boutique\\\/product\\\/veggiedent-fresh-m-chien-10-30-kg\\\/#primaryimage\",\"url\":\"https:\\\/\\\/www.vetorino.com\\\/boutique\\\/wp-content\\\/uploads\\\/2020\\\/03\\\/lamelles-a-macher-veggiedent-fr3sh-m-chien-12.jpg\",\"contentUrl\":\"https:\\\/\\\/www.vetorino.com\\\/boutique\\\/wp-content\\\/uploads\\\/2020\\\/03\\\/lamelles-a-macher-veggiedent-fr3sh-m-chien-12.jpg\",\"width\":800,\"height\":800},{\"@type\":\"BreadcrumbList\",\"@id\":\"https:\\\/\\\/www.vetorino.com\\\/veterinaire\\\/pontarlier-25300\\\/boutique\\\/product\\\/veggiedent-fresh-m-chien-10-30-kg\\\/#breadcrumb\",\"itemListElement\":[{\"@type\":\"ListItem\",\"position\":1,\"name\":\"Accueil\",\"item\":\"https:\\\/\\\/www.vetorino.com\\\/boutique\\\/\"},{\"@type\":\"ListItem\",\"position\":2,\"name\":\"Produits\",\"item\":\"https:\\\/\\\/www.vetorino.com\\\/boutique\\\/\"},{\"@type\":\"ListItem\",\"position\":3,\"name\":\"Veggiedent Lamelles M\"}]},{\"@type\":\"WebSite\",\"@id\":\"https:\\\/\\\/www.vetorino.com\\\/boutique\\\/#website\",\"url\":\"https:\\\/\\\/www.vetorino.com\\\/boutique\\\/\",\"name\":\"V\u00e9torino\",\"description\":\"\",\"publisher\":{\"@id\":\"https:\\\/\\\/www.vetorino.com\\\/boutique\\\/#organization\"},\"potentialAction\":[{\"@type\":\"SearchAction\",\"target\":{\"@type\":\"EntryPoint\",\"urlTemplate\":\"https:\\\/\\\/www.vetorino.com\\\/boutique\\\/?s={search_term_string}\"},\"query-input\":{\"@type\":\"PropertyValueSpecification\",\"valueRequired\":true,\"valueName\":\"search_term_string\"}}],\"inLanguage\":\"fr-FR\"},{\"@type\":\"Organization\",\"@id\":\"https:\\\/\\\/www.vetorino.com\\\/boutique\\\/#organization\",\"name\":\"V\u00e9torino\",\"url\":\"https:\\\/\\\/www.vetorino.com\\\/boutique\\\/\",\"logo\":{\"@type\":\"ImageObject\",\"inLanguage\":\"fr-FR\",\"@id\":\"https:\\\/\\\/www.vetorino.com\\\/boutique\\\/#\\\/schema\\\/logo\\\/image\\\/\",\"url\":\"https:\\\/\\\/www.vetorino.com\\\/boutique\\\/wp-content\\\/uploads\\\/2024\\\/10\\\/logo.jpg\",\"contentUrl\":\"https:\\\/\\\/www.vetorino.com\\\/boutique\\\/wp-content\\\/uploads\\\/2024\\\/10\\\/logo.jpg\",\"width\":1200,\"height\":610,\"caption\":\"V\u00e9torino\"},\"image\":{\"@id\":\"https:\\\/\\\/www.vetorino.com\\\/boutique\\\/#\\\/schema\\\/logo\\\/image\\\/\"},\"sameAs\":[\"https:\\\/\\\/www.facebook.com\\\/Vetorino\\\/\",\"https:\\\/\\\/www.instagram.com\\\/vetorino_off\\\/\",\"https:\\\/\\\/www.linkedin.com\\\/company\\\/vtorino\\\/\"]}]}<\/script>\n<meta property=\"product:brand\" content=\"Virbac\" \/>\n<meta property=\"product:price:amount\" content=\"11.39\" \/>\n<meta property=\"product:price:currency\" content=\"EUR\" \/>\n<meta property=\"og:availability\" content=\"instock\" \/>\n<meta property=\"product:availability\" content=\"instock\" \/>\n<meta property=\"product:retailer_item_id\" content=\"A-1829220\" \/>\n<meta property=\"product:condition\" content=\"new\" \/>\n<!-- \/ Yoast SEO plugin. -->","yoast_head_json":{"title":"Veggiedent Lamelles M Virbac - V\u00e9torino","description":"VeggieDent permet de lutter contre les probl\u00e8mes dentaires tout en faisant plaisir \u00e0 son animal.\u00a0Ces lamelles\u00a0\u00e0 m\u00e2cher v\u00e9g\u00e9tales tr\u00e8s app\u00e9tentes ont une triple action :\u00a0anti-tartre, anti-plaque et haileine fra\u00eeche.  Utilisation :   Chien\u00a0de race moyenne (entre 10 et 30 kg)  Donner 1 lamelle VeggieDent\u00a0par jour apr\u00e8s le repas.","robots":{"index":"noindex","follow":"nofollow"},"og_locale":"fr_FR","og_type":"article","og_title":"Veggiedent Lamelles M Virbac - V\u00e9torino","og_description":"VeggieDent permet de lutter contre les probl\u00e8mes dentaires tout en faisant plaisir \u00e0 son animal.\u00a0Ces lamelles\u00a0\u00e0 m\u00e2cher v\u00e9g\u00e9tales tr\u00e8s app\u00e9tentes ont une triple action :\u00a0anti-tartre, anti-plaque et haileine fra\u00eeche.  Utilisation :   Chien\u00a0de race moyenne (entre 10 et 30 kg)  Donner 1 lamelle VeggieDent\u00a0par jour apr\u00e8s le repas.","og_url":"https:\/\/www.vetorino.com\/veterinaire\/plouzevede-29440\/boutique\/product\/veggiedent-fresh-m-chien-10-30-kg\/","og_site_name":"V\u00e9torino","article_publisher":"https:\/\/www.facebook.com\/Vetorino\/","article_modified_time":"2025-04-11T10:20:40+00:00","og_image":[{"width":800,"height":800,"url":"https:\/\/www.vetorino.com\/boutique\/wp-content\/uploads\/2020\/03\/lamelles-a-macher-veggiedent-fr3sh-m-chien-12.jpg","type":"image\/jpeg"}],"twitter_card":"summary_large_image","twitter_misc":{"Prix":"11,39&euro;","Disponibilit\u00e9":"En stock"},"schema":{"@context":"https:\/\/schema.org","@graph":[{"@type":"WebPage","@id":"https:\/\/www.vetorino.com\/veterinaire\/pontarlier-25300\/boutique\/product\/veggiedent-fresh-m-chien-10-30-kg\/","url":"https:\/\/www.vetorino.com\/veterinaire\/pontarlier-25300\/boutique\/product\/veggiedent-fresh-m-chien-10-30-kg\/","name":"Veggiedent Lamelles M Virbac - V\u00e9torino","isPartOf":{"@id":"https:\/\/www.vetorino.com\/boutique\/#website"},"primaryImageOfPage":{"@id":"https:\/\/www.vetorino.com\/veterinaire\/pontarlier-25300\/boutique\/product\/veggiedent-fresh-m-chien-10-30-kg\/#primaryimage"},"image":{"@id":"https:\/\/www.vetorino.com\/veterinaire\/pontarlier-25300\/boutique\/product\/veggiedent-fresh-m-chien-10-30-kg\/#primaryimage"},"thumbnailUrl":"https:\/\/www.vetorino.com\/boutique\/wp-content\/uploads\/2020\/03\/lamelles-a-macher-veggiedent-fr3sh-m-chien-12.jpg","datePublished":"2020-03-04T21:54:11+00:00","dateModified":"2025-04-11T10:20:40+00:00","description":"VeggieDent permet de lutter contre les probl\u00e8mes dentaires tout en faisant plaisir \u00e0 son animal.\u00a0Ces lamelles\u00a0\u00e0 m\u00e2cher v\u00e9g\u00e9tales tr\u00e8s app\u00e9tentes ont une triple action :\u00a0anti-tartre, anti-plaque et haileine fra\u00eeche. Utilisation : Chien\u00a0de race moyenne (entre 10 et 30 kg) Donner 1 lamelle VeggieDent\u00a0par jour apr\u00e8s le repas.","breadcrumb":{"@id":"https:\/\/www.vetorino.com\/veterinaire\/pontarlier-25300\/boutique\/product\/veggiedent-fresh-m-chien-10-30-kg\/#breadcrumb"},"inLanguage":"fr-FR","potentialAction":[{"@type":"ReadAction","target":["https:\/\/www.vetorino.com\/veterinaire\/pontarlier-25300\/boutique\/product\/veggiedent-fresh-m-chien-10-30-kg\/"]}]},{"@type":"ImageObject","inLanguage":"fr-FR","@id":"https:\/\/www.vetorino.com\/veterinaire\/pontarlier-25300\/boutique\/product\/veggiedent-fresh-m-chien-10-30-kg\/#primaryimage","url":"https:\/\/www.vetorino.com\/boutique\/wp-content\/uploads\/2020\/03\/lamelles-a-macher-veggiedent-fr3sh-m-chien-12.jpg","contentUrl":"https:\/\/www.vetorino.com\/boutique\/wp-content\/uploads\/2020\/03\/lamelles-a-macher-veggiedent-fr3sh-m-chien-12.jpg","width":800,"height":800},{"@type":"BreadcrumbList","@id":"https:\/\/www.vetorino.com\/veterinaire\/pontarlier-25300\/boutique\/product\/veggiedent-fresh-m-chien-10-30-kg\/#breadcrumb","itemListElement":[{"@type":"ListItem","position":1,"name":"Accueil","item":"https:\/\/www.vetorino.com\/boutique\/"},{"@type":"ListItem","position":2,"name":"Produits","item":"https:\/\/www.vetorino.com\/boutique\/"},{"@type":"ListItem","position":3,"name":"Veggiedent Lamelles M"}]},{"@type":"WebSite","@id":"https:\/\/www.vetorino.com\/boutique\/#website","url":"https:\/\/www.vetorino.com\/boutique\/","name":"V\u00e9torino","description":"","publisher":{"@id":"https:\/\/www.vetorino.com\/boutique\/#organization"},"potentialAction":[{"@type":"SearchAction","target":{"@type":"EntryPoint","urlTemplate":"https:\/\/www.vetorino.com\/boutique\/?s={search_term_string}"},"query-input":{"@type":"PropertyValueSpecification","valueRequired":true,"valueName":"search_term_string"}}],"inLanguage":"fr-FR"},{"@type":"Organization","@id":"https:\/\/www.vetorino.com\/boutique\/#organization","name":"V\u00e9torino","url":"https:\/\/www.vetorino.com\/boutique\/","logo":{"@type":"ImageObject","inLanguage":"fr-FR","@id":"https:\/\/www.vetorino.com\/boutique\/#\/schema\/logo\/image\/","url":"https:\/\/www.vetorino.com\/boutique\/wp-content\/uploads\/2024\/10\/logo.jpg","contentUrl":"https:\/\/www.vetorino.com\/boutique\/wp-content\/uploads\/2024\/10\/logo.jpg","width":1200,"height":610,"caption":"V\u00e9torino"},"image":{"@id":"https:\/\/www.vetorino.com\/boutique\/#\/schema\/logo\/image\/"},"sameAs":["https:\/\/www.facebook.com\/Vetorino\/","https:\/\/www.instagram.com\/vetorino_off\/","https:\/\/www.linkedin.com\/company\/vtorino\/"]}]},"product_brand":"Virbac","product_price_amount":"11.39","product_price_currency":"EUR","og_availability":"instock","product_availability":"instock","product_retailer_item_id":"A-1829220","product_condition":"new"},"_links":{"self":[{"href":"https:\/\/www.vetorino.com\/veterinaire\/plouzevede-29440\/boutique\/wp-json\/wp\/v2\/product\/35159","targetHints":{"allow":["GET"]}}],"collection":[{"href":"https:\/\/www.vetorino.com\/veterinaire\/plouzevede-29440\/boutique\/wp-json\/wp\/v2\/product"}],"about":[{"href":"https:\/\/www.vetorino.com\/veterinaire\/plouzevede-29440\/boutique\/wp-json\/wp\/v2\/types\/product"}],"wp:featuredmedia":[{"embeddable":true,"href":"https:\/\/www.vetorino.com\/veterinaire\/plouzevede-29440\/boutique\/wp-json\/wp\/v2\/media\/77455"}],"wp:attachment":[{"href":"https:\/\/www.vetorino.com\/veterinaire\/plouzevede-29440\/boutique\/wp-json\/wp\/v2\/media?parent=35159"}],"wp:term":[{"taxonomy":"product_cat","embeddable":true,"href":"https:\/\/www.vetorino.com\/veterinaire\/plouzevede-29440\/boutique\/wp-json\/wp\/v2\/product_cat?post=35159"},{"taxonomy":"product_tag","embeddable":true,"href":"https:\/\/www.vetorino.com\/veterinaire\/plouzevede-29440\/boutique\/wp-json\/wp\/v2\/product_tag?post=35159"}],"curies":[{"name":"wp","href":"https:\/\/api.w.org\/{rel}","templated":true}]}}