{"id":35459,"date":"2020-03-04T22:55:52","date_gmt":"2020-03-04T21:55:52","guid":{"rendered":"https:\/\/www.vetorino.com\/boutique\/product\/vetexpert-hepatiale-s\/"},"modified":"2026-01-15T12:23:33","modified_gmt":"2026-01-15T11:23:33","slug":"vetexpert-hepatiale-s","status":"publish","type":"product","link":"https:\/\/www.vetorino.com\/veterinaire\/plouzevede-29440\/boutique\/product\/vetexpert-hepatiale-s\/","title":{"rendered":"Hepatiale S &#8211; chien, chat"},"content":{"rendered":"<div class=\"hidden\">\n<div id=\"description-short-section\" class=\"lg:mb-8\">\n<div class=\"product-section-content hidden lg:block\">\n<p><strong>L&#8217;ARGININE<\/strong> est un acide amin\u00e9 prot\u00e9ique exog\u00e8ne impliqu\u00e9 dans un certain nombre de processus m\u00e9taboliques dans le foie. Sa fonction principale est li\u00e9e au transport, \u00e0 l&#8217;accumulation et \u00e0 l&#8217;excr\u00e9tion de l&#8217;azote et de l&#8217;ammoniac par le cycle de l&#8217;ur\u00e9e. L&#8217;arginine est le pr\u00e9curseur de l&#8217;ornithine dans le cycle d&#8217;ur\u00e9e. C&#8217;est \u00e9galement un acide amin\u00e9 essentiel dans les cas de stress m\u00e9tabolique et dans les r\u00e9gimes riches en prot\u00e9ines.<\/p>\n<p><strong>La GLUTAMINE<\/strong> est un acide amin\u00e9 non essentiel qui devient essentiel dans les conditions de stress catabolique. Sa fonction premi\u00e8re est de fournir des substrats pour la n\u00e9oglucogen\u00e8se, qui a lieu dans le foie. Il est \u00e9galement un pr\u00e9curseur de l&#8217;ornithine et joue donc un r\u00f4le important dans le m\u00e9tabolisme de l&#8217;azote et aide \u00e0 \u00e9liminer l&#8217;ammoniac de l&#8217;organisme, form\u00e9 par le m\u00e9tabolisme prot\u00e9ique.<\/p>\n<p><strong>Utilisation :<\/strong><\/p>\n<p>Chats : 1 capsule par jour<\/p>\n<p>Chien : 1 capsule par jour pour 5kg<\/p>\n<p>Les g\u00e9lules peuvent \u00eatre administr\u00e9es directement dans la bouche ou vid\u00e9e et leur contenu m\u00e9lang\u00e9 avec des aliments. Les animaux devront toujours avoir de l&#8217;eau fraiche \u00e0 disposition<\/p>\n<\/div>\n<\/div>\n<\/div>\n","protected":false},"excerpt":{"rendered":"<p>H\u00e9patiale S est un<strong> aliment compl\u00e9mentaire<\/strong> recommand\u00e9 chez les chats et les chiens de petite taille pour<strong> soutenir la fonction h\u00e9patique.<\/strong><\/p>\n<ul>\n<li>Contribue au bon fonctionnement du foie.<\/li>\n<li>Participe \u00e0 la d\u00e9toxification de l&#8217;ammoniac.<\/li>\n<li>Favorise la digestion des graisses et des vitamines liposolubles.<\/li>\n<\/ul>\n","protected":false},"featured_media":1657494,"template":"","meta":[],"product_cat":[2730,2738,2697,2698,12637,12638],"product_tag":[],"class_list":{"0":"post-35459","1":"product","2":"type-product","3":"status-publish","4":"has-post-thumbnail","6":"product_cat-aliments-complementaires-pour-chat","7":"product_cat-aliments-complementaires-pour-chien","8":"product_cat-chat","9":"product_cat-chien","10":"product_cat-systeme-hepatique-du-chat","11":"product_cat-systeme-hepatique-du-chien","12":"pa_marque-vetexpert","14":"first","15":"instock","16":"taxable","17":"shipping-taxable","18":"purchasable","19":"product-type-variable"},"yoast_head":"<!-- This site is optimized with the Yoast SEO plugin v27.3 - https:\/\/yoast.com\/product\/yoast-seo-wordpress\/ -->\n<title>Hepatiale S - chien, chat Vetexpert - V\u00e9torino<\/title>\n<meta name=\"description\" content=\"H\u00e9patiale S est un aliment compl\u00e9mentaire recommand\u00e9 chez les chats et les chiens de petite taille pour soutenir la fonction h\u00e9patique.   Contribue au bon fonctionnement du foie.  Participe \u00e0 la d\u00e9toxification de l&#039;ammoniac.  Favorise la digestion des graisses et des vitamines liposolubles.\" \/>\n<meta name=\"robots\" content=\"noindex, nofollow\" \/>\n<meta property=\"og:locale\" content=\"fr_FR\" \/>\n<meta property=\"og:type\" content=\"article\" \/>\n<meta property=\"og:title\" content=\"Hepatiale S - chien, chat Vetexpert - V\u00e9torino\" \/>\n<meta property=\"og:description\" content=\"H\u00e9patiale S est un aliment compl\u00e9mentaire recommand\u00e9 chez les chats et les chiens de petite taille pour soutenir la fonction h\u00e9patique.   Contribue au bon fonctionnement du foie.  Participe \u00e0 la d\u00e9toxification de l&#039;ammoniac.  Favorise la digestion des graisses et des vitamines liposolubles.\" \/>\n<meta property=\"og:url\" content=\"https:\/\/www.vetorino.com\/veterinaire\/plouzevede-29440\/boutique\/product\/vetexpert-hepatiale-s\/\" \/>\n<meta property=\"og:site_name\" content=\"V\u00e9torino\" \/>\n<meta property=\"article:publisher\" content=\"https:\/\/www.facebook.com\/Vetorino\/\" \/>\n<meta property=\"article:modified_time\" content=\"2026-01-15T11:23:33+00:00\" \/>\n<meta property=\"og:image\" content=\"https:\/\/www.vetorino.com\/boutique\/wp-content\/uploads\/2020\/03\/hepatiale-s.webp\" \/>\n\t<meta property=\"og:image:width\" content=\"800\" \/>\n\t<meta property=\"og:image:height\" content=\"800\" \/>\n\t<meta property=\"og:image:type\" content=\"image\/webp\" \/>\n<meta name=\"twitter:card\" content=\"summary_large_image\" \/>\n<meta name=\"twitter:label1\" content=\"Disponibilit\u00e9\" \/>\n\t<meta name=\"twitter:data1\" content=\"En stock\" \/>\n<script type=\"application\/ld+json\" class=\"yoast-schema-graph\">{\"@context\":\"https:\\\/\\\/schema.org\",\"@graph\":[{\"@type\":\"WebPage\",\"@id\":\"https:\\\/\\\/www.vetorino.com\\\/boutique\\\/product\\\/vetexpert-hepatiale-s\\\/\",\"url\":\"https:\\\/\\\/www.vetorino.com\\\/boutique\\\/product\\\/vetexpert-hepatiale-s\\\/\",\"name\":\"Hepatiale S - chien, chat Vetexpert - V\u00e9torino\",\"isPartOf\":{\"@id\":\"https:\\\/\\\/www.vetorino.com\\\/boutique\\\/#website\"},\"primaryImageOfPage\":{\"@id\":\"https:\\\/\\\/www.vetorino.com\\\/boutique\\\/product\\\/vetexpert-hepatiale-s\\\/#primaryimage\"},\"image\":{\"@id\":\"https:\\\/\\\/www.vetorino.com\\\/boutique\\\/product\\\/vetexpert-hepatiale-s\\\/#primaryimage\"},\"thumbnailUrl\":\"https:\\\/\\\/www.vetorino.com\\\/boutique\\\/wp-content\\\/uploads\\\/2020\\\/03\\\/hepatiale-s.webp\",\"datePublished\":\"2020-03-04T21:55:52+00:00\",\"dateModified\":\"2026-01-15T11:23:33+00:00\",\"description\":\"H\u00e9patiale S est un aliment compl\u00e9mentaire recommand\u00e9 chez les chats et les chiens de petite taille pour soutenir la fonction h\u00e9patique. Contribue au bon fonctionnement du foie. Participe \u00e0 la d\u00e9toxification de l'ammoniac. Favorise la digestion des graisses et des vitamines liposolubles.\",\"breadcrumb\":{\"@id\":\"https:\\\/\\\/www.vetorino.com\\\/boutique\\\/product\\\/vetexpert-hepatiale-s\\\/#breadcrumb\"},\"inLanguage\":\"fr-FR\",\"potentialAction\":[{\"@type\":\"ReadAction\",\"target\":[\"https:\\\/\\\/www.vetorino.com\\\/boutique\\\/product\\\/vetexpert-hepatiale-s\\\/\"]}]},{\"@type\":\"ImageObject\",\"inLanguage\":\"fr-FR\",\"@id\":\"https:\\\/\\\/www.vetorino.com\\\/boutique\\\/product\\\/vetexpert-hepatiale-s\\\/#primaryimage\",\"url\":\"https:\\\/\\\/www.vetorino.com\\\/boutique\\\/wp-content\\\/uploads\\\/2020\\\/03\\\/hepatiale-s.webp\",\"contentUrl\":\"https:\\\/\\\/www.vetorino.com\\\/boutique\\\/wp-content\\\/uploads\\\/2020\\\/03\\\/hepatiale-s.webp\",\"width\":800,\"height\":800},{\"@type\":\"BreadcrumbList\",\"@id\":\"https:\\\/\\\/www.vetorino.com\\\/boutique\\\/product\\\/vetexpert-hepatiale-s\\\/#breadcrumb\",\"itemListElement\":[{\"@type\":\"ListItem\",\"position\":1,\"name\":\"Accueil\",\"item\":\"https:\\\/\\\/www.vetorino.com\\\/boutique\\\/\"},{\"@type\":\"ListItem\",\"position\":2,\"name\":\"Produits\",\"item\":\"https:\\\/\\\/www.vetorino.com\\\/boutique\\\/\"},{\"@type\":\"ListItem\",\"position\":3,\"name\":\"Hepatiale S &#8211; chien, chat\"}]},{\"@type\":\"WebSite\",\"@id\":\"https:\\\/\\\/www.vetorino.com\\\/boutique\\\/#website\",\"url\":\"https:\\\/\\\/www.vetorino.com\\\/boutique\\\/\",\"name\":\"V\u00e9torino\",\"description\":\"\",\"publisher\":{\"@id\":\"https:\\\/\\\/www.vetorino.com\\\/boutique\\\/#organization\"},\"potentialAction\":[{\"@type\":\"SearchAction\",\"target\":{\"@type\":\"EntryPoint\",\"urlTemplate\":\"https:\\\/\\\/www.vetorino.com\\\/boutique\\\/?s={search_term_string}\"},\"query-input\":{\"@type\":\"PropertyValueSpecification\",\"valueRequired\":true,\"valueName\":\"search_term_string\"}}],\"inLanguage\":\"fr-FR\"},{\"@type\":\"Organization\",\"@id\":\"https:\\\/\\\/www.vetorino.com\\\/boutique\\\/#organization\",\"name\":\"V\u00e9torino\",\"url\":\"https:\\\/\\\/www.vetorino.com\\\/boutique\\\/\",\"logo\":{\"@type\":\"ImageObject\",\"inLanguage\":\"fr-FR\",\"@id\":\"https:\\\/\\\/www.vetorino.com\\\/boutique\\\/#\\\/schema\\\/logo\\\/image\\\/\",\"url\":\"https:\\\/\\\/www.vetorino.com\\\/boutique\\\/wp-content\\\/uploads\\\/2024\\\/10\\\/logo.jpg\",\"contentUrl\":\"https:\\\/\\\/www.vetorino.com\\\/boutique\\\/wp-content\\\/uploads\\\/2024\\\/10\\\/logo.jpg\",\"width\":1200,\"height\":610,\"caption\":\"V\u00e9torino\"},\"image\":{\"@id\":\"https:\\\/\\\/www.vetorino.com\\\/boutique\\\/#\\\/schema\\\/logo\\\/image\\\/\"},\"sameAs\":[\"https:\\\/\\\/www.facebook.com\\\/Vetorino\\\/\",\"https:\\\/\\\/www.instagram.com\\\/vetorino_off\\\/\",\"https:\\\/\\\/www.linkedin.com\\\/company\\\/vtorino\\\/\"]}]}<\/script>\n<meta property=\"product:brand\" content=\"Vetexpert\" \/>\n<meta property=\"og:availability\" content=\"instock\" \/>\n<meta property=\"product:availability\" content=\"instock\" \/>\n<meta property=\"product:condition\" content=\"new\" \/>\n<!-- \/ Yoast SEO plugin. -->","yoast_head_json":{"title":"Hepatiale S - chien, chat Vetexpert - V\u00e9torino","description":"H\u00e9patiale S est un aliment compl\u00e9mentaire recommand\u00e9 chez les chats et les chiens de petite taille pour soutenir la fonction h\u00e9patique.   Contribue au bon fonctionnement du foie.  Participe \u00e0 la d\u00e9toxification de l'ammoniac.  Favorise la digestion des graisses et des vitamines liposolubles.","robots":{"index":"noindex","follow":"nofollow"},"og_locale":"fr_FR","og_type":"article","og_title":"Hepatiale S - chien, chat Vetexpert - V\u00e9torino","og_description":"H\u00e9patiale S est un aliment compl\u00e9mentaire recommand\u00e9 chez les chats et les chiens de petite taille pour soutenir la fonction h\u00e9patique.   Contribue au bon fonctionnement du foie.  Participe \u00e0 la d\u00e9toxification de l'ammoniac.  Favorise la digestion des graisses et des vitamines liposolubles.","og_url":"https:\/\/www.vetorino.com\/veterinaire\/plouzevede-29440\/boutique\/product\/vetexpert-hepatiale-s\/","og_site_name":"V\u00e9torino","article_publisher":"https:\/\/www.facebook.com\/Vetorino\/","article_modified_time":"2026-01-15T11:23:33+00:00","og_image":[{"width":800,"height":800,"url":"https:\/\/www.vetorino.com\/boutique\/wp-content\/uploads\/2020\/03\/hepatiale-s.webp","type":"image\/webp"}],"twitter_card":"summary_large_image","twitter_misc":{"Disponibilit\u00e9":"En stock"},"schema":{"@context":"https:\/\/schema.org","@graph":[{"@type":"WebPage","@id":"https:\/\/www.vetorino.com\/boutique\/product\/vetexpert-hepatiale-s\/","url":"https:\/\/www.vetorino.com\/boutique\/product\/vetexpert-hepatiale-s\/","name":"Hepatiale S - chien, chat Vetexpert - V\u00e9torino","isPartOf":{"@id":"https:\/\/www.vetorino.com\/boutique\/#website"},"primaryImageOfPage":{"@id":"https:\/\/www.vetorino.com\/boutique\/product\/vetexpert-hepatiale-s\/#primaryimage"},"image":{"@id":"https:\/\/www.vetorino.com\/boutique\/product\/vetexpert-hepatiale-s\/#primaryimage"},"thumbnailUrl":"https:\/\/www.vetorino.com\/boutique\/wp-content\/uploads\/2020\/03\/hepatiale-s.webp","datePublished":"2020-03-04T21:55:52+00:00","dateModified":"2026-01-15T11:23:33+00:00","description":"H\u00e9patiale S est un aliment compl\u00e9mentaire recommand\u00e9 chez les chats et les chiens de petite taille pour soutenir la fonction h\u00e9patique. Contribue au bon fonctionnement du foie. Participe \u00e0 la d\u00e9toxification de l'ammoniac. Favorise la digestion des graisses et des vitamines liposolubles.","breadcrumb":{"@id":"https:\/\/www.vetorino.com\/boutique\/product\/vetexpert-hepatiale-s\/#breadcrumb"},"inLanguage":"fr-FR","potentialAction":[{"@type":"ReadAction","target":["https:\/\/www.vetorino.com\/boutique\/product\/vetexpert-hepatiale-s\/"]}]},{"@type":"ImageObject","inLanguage":"fr-FR","@id":"https:\/\/www.vetorino.com\/boutique\/product\/vetexpert-hepatiale-s\/#primaryimage","url":"https:\/\/www.vetorino.com\/boutique\/wp-content\/uploads\/2020\/03\/hepatiale-s.webp","contentUrl":"https:\/\/www.vetorino.com\/boutique\/wp-content\/uploads\/2020\/03\/hepatiale-s.webp","width":800,"height":800},{"@type":"BreadcrumbList","@id":"https:\/\/www.vetorino.com\/boutique\/product\/vetexpert-hepatiale-s\/#breadcrumb","itemListElement":[{"@type":"ListItem","position":1,"name":"Accueil","item":"https:\/\/www.vetorino.com\/boutique\/"},{"@type":"ListItem","position":2,"name":"Produits","item":"https:\/\/www.vetorino.com\/boutique\/"},{"@type":"ListItem","position":3,"name":"Hepatiale S &#8211; chien, chat"}]},{"@type":"WebSite","@id":"https:\/\/www.vetorino.com\/boutique\/#website","url":"https:\/\/www.vetorino.com\/boutique\/","name":"V\u00e9torino","description":"","publisher":{"@id":"https:\/\/www.vetorino.com\/boutique\/#organization"},"potentialAction":[{"@type":"SearchAction","target":{"@type":"EntryPoint","urlTemplate":"https:\/\/www.vetorino.com\/boutique\/?s={search_term_string}"},"query-input":{"@type":"PropertyValueSpecification","valueRequired":true,"valueName":"search_term_string"}}],"inLanguage":"fr-FR"},{"@type":"Organization","@id":"https:\/\/www.vetorino.com\/boutique\/#organization","name":"V\u00e9torino","url":"https:\/\/www.vetorino.com\/boutique\/","logo":{"@type":"ImageObject","inLanguage":"fr-FR","@id":"https:\/\/www.vetorino.com\/boutique\/#\/schema\/logo\/image\/","url":"https:\/\/www.vetorino.com\/boutique\/wp-content\/uploads\/2024\/10\/logo.jpg","contentUrl":"https:\/\/www.vetorino.com\/boutique\/wp-content\/uploads\/2024\/10\/logo.jpg","width":1200,"height":610,"caption":"V\u00e9torino"},"image":{"@id":"https:\/\/www.vetorino.com\/boutique\/#\/schema\/logo\/image\/"},"sameAs":["https:\/\/www.facebook.com\/Vetorino\/","https:\/\/www.instagram.com\/vetorino_off\/","https:\/\/www.linkedin.com\/company\/vtorino\/"]}]},"product_brand":"Vetexpert","og_availability":"instock","product_availability":"instock","product_condition":"new"},"_links":{"self":[{"href":"https:\/\/www.vetorino.com\/veterinaire\/plouzevede-29440\/boutique\/wp-json\/wp\/v2\/product\/35459","targetHints":{"allow":["GET"]}}],"collection":[{"href":"https:\/\/www.vetorino.com\/veterinaire\/plouzevede-29440\/boutique\/wp-json\/wp\/v2\/product"}],"about":[{"href":"https:\/\/www.vetorino.com\/veterinaire\/plouzevede-29440\/boutique\/wp-json\/wp\/v2\/types\/product"}],"wp:featuredmedia":[{"embeddable":true,"href":"https:\/\/www.vetorino.com\/veterinaire\/plouzevede-29440\/boutique\/wp-json\/wp\/v2\/media\/1657494"}],"wp:attachment":[{"href":"https:\/\/www.vetorino.com\/veterinaire\/plouzevede-29440\/boutique\/wp-json\/wp\/v2\/media?parent=35459"}],"wp:term":[{"taxonomy":"product_cat","embeddable":true,"href":"https:\/\/www.vetorino.com\/veterinaire\/plouzevede-29440\/boutique\/wp-json\/wp\/v2\/product_cat?post=35459"},{"taxonomy":"product_tag","embeddable":true,"href":"https:\/\/www.vetorino.com\/veterinaire\/plouzevede-29440\/boutique\/wp-json\/wp\/v2\/product_tag?post=35459"}],"curies":[{"name":"wp","href":"https:\/\/api.w.org\/{rel}","templated":true}]}}