{"id":35795,"date":"2020-03-04T22:57:41","date_gmt":"2020-03-04T21:57:41","guid":{"rendered":"https:\/\/www.vetorino.com\/boutique\/product\/gamelle-green\/"},"modified":"2025-02-07T17:39:01","modified_gmt":"2025-02-07T16:39:01","slug":"gamelle-green","status":"publish","type":"product","link":"https:\/\/www.vetorino.com\/veterinaire\/plouzevede-29440\/boutique\/product\/gamelle-green\/","title":{"rendered":"Gamelle Anti-glouton"},"content":{"rendered":"<div class=\"hidden\">\n<p><strong>La gamelle anti-glouton Northmate Green est un distributeur de nourriture sp\u00e9cialement con\u00e7u pour les chiens gloutons<\/strong>.<\/p>\n<p>Parsemez la quantit\u00e9 de nourriture souhait\u00e9e dans le distributeur pour que votre chien s&#8217;occupe de la pousser vers l&#8217;ext\u00e9rieur. Un <strong>jeu stimulant et bon pour sa sant\u00e9 digestive<\/strong> !<\/p>\n<ul>\n<li>Prolonge le temps d&#8217;absorption du repas, permettant ainsi une meilleure digestion.<\/li>\n<li>Convient pour tout type de chien quel que soit le gabarit.<\/li>\n<li>Fonctionne aussi bien avec les croquettes qu&#8217;avec de la p\u00e2t\u00e9e.<\/li>\n<li>Utilisable \u00e0 l&#8217;ext\u00e9rieur.<\/li>\n<\/ul>\n<p>Mati\u00e8re : plastique<br \/>\nEntretien :\u00a0lavable au lave-vaisselle.<\/p>\n<\/div>\n","protected":false},"excerpt":{"rendered":"<p><strong>La gamelle anti-glouton Northmate Green est un distributeur de nourriture sp\u00e9cialement con\u00e7u pour les chiens gloutons<\/strong>.<\/p>\n<p>Parsemez la quantit\u00e9 de nourriture souhait\u00e9e dans le distributeur pour que votre chien s&#8217;occupe de la pousser vers l&#8217;ext\u00e9rieur. <strong>Un<\/strong> <strong>jeu stimulant et bon pour sa sant\u00e9 digestive<\/strong> !<\/p>\n","protected":false},"featured_media":600278,"template":"","meta":[],"product_cat":[12550,2775,2698,12607],"product_tag":[],"class_list":{"0":"post-35795","1":"product","2":"type-product","3":"status-publish","4":"has-post-thumbnail","6":"product_cat-accessoires-du-chien","7":"product_cat-aliments-medicalises-pour-chien","8":"product_cat-chien","9":"product_cat-gamelles-pour-chien","10":"pa_marque-materiel","12":"first","13":"instock","14":"taxable","15":"shipping-taxable","16":"purchasable","17":"product-type-variable"},"yoast_head":"<!-- This site is optimized with the Yoast SEO plugin v27.3 - https:\/\/yoast.com\/product\/yoast-seo-wordpress\/ -->\n<title>Gamelle Anti-glouton Mat\u00e9riel - V\u00e9torino<\/title>\n<meta name=\"description\" content=\"La gamelle anti-glouton Northmate Green est un distributeur de nourriture sp\u00e9cialement con\u00e7u pour les chiens gloutons.  Parsemez la quantit\u00e9 de nourriture souhait\u00e9e dans le distributeur pour que votre chien s&#039;occupe de la pousser vers l&#039;ext\u00e9rieur. Un jeu stimulant et bon pour sa sant\u00e9 digestive !\" \/>\n<meta name=\"robots\" content=\"noindex, nofollow\" \/>\n<meta property=\"og:locale\" content=\"fr_FR\" \/>\n<meta property=\"og:type\" content=\"article\" \/>\n<meta property=\"og:title\" content=\"Gamelle Anti-glouton Mat\u00e9riel - V\u00e9torino\" \/>\n<meta property=\"og:description\" content=\"La gamelle anti-glouton Northmate Green est un distributeur de nourriture sp\u00e9cialement con\u00e7u pour les chiens gloutons.  Parsemez la quantit\u00e9 de nourriture souhait\u00e9e dans le distributeur pour que votre chien s&#039;occupe de la pousser vers l&#039;ext\u00e9rieur. Un jeu stimulant et bon pour sa sant\u00e9 digestive !\" \/>\n<meta property=\"og:url\" content=\"https:\/\/www.vetorino.com\/veterinaire\/plouzevede-29440\/boutique\/product\/gamelle-green\/\" \/>\n<meta property=\"og:site_name\" content=\"V\u00e9torino\" \/>\n<meta property=\"article:publisher\" content=\"https:\/\/www.facebook.com\/Vetorino\/\" \/>\n<meta property=\"article:modified_time\" content=\"2025-02-07T16:39:01+00:00\" \/>\n<meta property=\"og:image\" content=\"https:\/\/www.vetorino.com\/boutique\/wp-content\/uploads\/2020\/03\/gamelle-anti-glouton-northmate-green-4.jpg\" \/>\n\t<meta property=\"og:image:width\" content=\"1445\" \/>\n\t<meta property=\"og:image:height\" content=\"1445\" \/>\n\t<meta property=\"og:image:type\" content=\"image\/jpeg\" \/>\n<meta name=\"twitter:card\" content=\"summary_large_image\" \/>\n<meta name=\"twitter:label1\" content=\"Disponibilit\u00e9\" \/>\n\t<meta name=\"twitter:data1\" content=\"En stock\" \/>\n<script type=\"application\/ld+json\" class=\"yoast-schema-graph\">{\"@context\":\"https:\\\/\\\/schema.org\",\"@graph\":[{\"@type\":\"WebPage\",\"@id\":\"https:\\\/\\\/www.vetorino.com\\\/boutique\\\/product\\\/gamelle-green\\\/\",\"url\":\"https:\\\/\\\/www.vetorino.com\\\/boutique\\\/product\\\/gamelle-green\\\/\",\"name\":\"Gamelle Anti-glouton Mat\u00e9riel - V\u00e9torino\",\"isPartOf\":{\"@id\":\"https:\\\/\\\/www.vetorino.com\\\/boutique\\\/#website\"},\"primaryImageOfPage\":{\"@id\":\"https:\\\/\\\/www.vetorino.com\\\/boutique\\\/product\\\/gamelle-green\\\/#primaryimage\"},\"image\":{\"@id\":\"https:\\\/\\\/www.vetorino.com\\\/boutique\\\/product\\\/gamelle-green\\\/#primaryimage\"},\"thumbnailUrl\":\"https:\\\/\\\/www.vetorino.com\\\/boutique\\\/wp-content\\\/uploads\\\/2020\\\/03\\\/gamelle-anti-glouton-northmate-green-4.jpg\",\"datePublished\":\"2020-03-04T21:57:41+00:00\",\"dateModified\":\"2025-02-07T16:39:01+00:00\",\"description\":\"La gamelle anti-glouton Northmate Green est un distributeur de nourriture sp\u00e9cialement con\u00e7u pour les chiens gloutons. Parsemez la quantit\u00e9 de nourriture souhait\u00e9e dans le distributeur pour que votre chien s'occupe de la pousser vers l'ext\u00e9rieur. Un jeu stimulant et bon pour sa sant\u00e9 digestive !\",\"breadcrumb\":{\"@id\":\"https:\\\/\\\/www.vetorino.com\\\/boutique\\\/product\\\/gamelle-green\\\/#breadcrumb\"},\"inLanguage\":\"fr-FR\",\"potentialAction\":[{\"@type\":\"ReadAction\",\"target\":[\"https:\\\/\\\/www.vetorino.com\\\/boutique\\\/product\\\/gamelle-green\\\/\"]}]},{\"@type\":\"ImageObject\",\"inLanguage\":\"fr-FR\",\"@id\":\"https:\\\/\\\/www.vetorino.com\\\/boutique\\\/product\\\/gamelle-green\\\/#primaryimage\",\"url\":\"https:\\\/\\\/www.vetorino.com\\\/boutique\\\/wp-content\\\/uploads\\\/2020\\\/03\\\/gamelle-anti-glouton-northmate-green-4.jpg\",\"contentUrl\":\"https:\\\/\\\/www.vetorino.com\\\/boutique\\\/wp-content\\\/uploads\\\/2020\\\/03\\\/gamelle-anti-glouton-northmate-green-4.jpg\",\"width\":1445,\"height\":1445},{\"@type\":\"BreadcrumbList\",\"@id\":\"https:\\\/\\\/www.vetorino.com\\\/boutique\\\/product\\\/gamelle-green\\\/#breadcrumb\",\"itemListElement\":[{\"@type\":\"ListItem\",\"position\":1,\"name\":\"Accueil\",\"item\":\"https:\\\/\\\/www.vetorino.com\\\/boutique\\\/\"},{\"@type\":\"ListItem\",\"position\":2,\"name\":\"Produits\",\"item\":\"https:\\\/\\\/www.vetorino.com\\\/boutique\\\/\"},{\"@type\":\"ListItem\",\"position\":3,\"name\":\"Gamelle Anti-glouton\"}]},{\"@type\":\"WebSite\",\"@id\":\"https:\\\/\\\/www.vetorino.com\\\/boutique\\\/#website\",\"url\":\"https:\\\/\\\/www.vetorino.com\\\/boutique\\\/\",\"name\":\"V\u00e9torino\",\"description\":\"\",\"publisher\":{\"@id\":\"https:\\\/\\\/www.vetorino.com\\\/boutique\\\/#organization\"},\"potentialAction\":[{\"@type\":\"SearchAction\",\"target\":{\"@type\":\"EntryPoint\",\"urlTemplate\":\"https:\\\/\\\/www.vetorino.com\\\/boutique\\\/?s={search_term_string}\"},\"query-input\":{\"@type\":\"PropertyValueSpecification\",\"valueRequired\":true,\"valueName\":\"search_term_string\"}}],\"inLanguage\":\"fr-FR\"},{\"@type\":\"Organization\",\"@id\":\"https:\\\/\\\/www.vetorino.com\\\/boutique\\\/#organization\",\"name\":\"V\u00e9torino\",\"url\":\"https:\\\/\\\/www.vetorino.com\\\/boutique\\\/\",\"logo\":{\"@type\":\"ImageObject\",\"inLanguage\":\"fr-FR\",\"@id\":\"https:\\\/\\\/www.vetorino.com\\\/boutique\\\/#\\\/schema\\\/logo\\\/image\\\/\",\"url\":\"https:\\\/\\\/www.vetorino.com\\\/boutique\\\/wp-content\\\/uploads\\\/2024\\\/10\\\/logo.jpg\",\"contentUrl\":\"https:\\\/\\\/www.vetorino.com\\\/boutique\\\/wp-content\\\/uploads\\\/2024\\\/10\\\/logo.jpg\",\"width\":1200,\"height\":610,\"caption\":\"V\u00e9torino\"},\"image\":{\"@id\":\"https:\\\/\\\/www.vetorino.com\\\/boutique\\\/#\\\/schema\\\/logo\\\/image\\\/\"},\"sameAs\":[\"https:\\\/\\\/www.facebook.com\\\/Vetorino\\\/\",\"https:\\\/\\\/www.instagram.com\\\/vetorino_off\\\/\",\"https:\\\/\\\/www.linkedin.com\\\/company\\\/vtorino\\\/\"]}]}<\/script>\n<meta property=\"product:brand\" content=\"Mat\u00e9riel\" \/>\n<meta property=\"og:availability\" content=\"instock\" \/>\n<meta property=\"product:availability\" content=\"instock\" \/>\n<meta property=\"product:condition\" content=\"new\" \/>\n<!-- \/ Yoast SEO plugin. -->","yoast_head_json":{"title":"Gamelle Anti-glouton Mat\u00e9riel - V\u00e9torino","description":"La gamelle anti-glouton Northmate Green est un distributeur de nourriture sp\u00e9cialement con\u00e7u pour les chiens gloutons.  Parsemez la quantit\u00e9 de nourriture souhait\u00e9e dans le distributeur pour que votre chien s'occupe de la pousser vers l'ext\u00e9rieur. Un jeu stimulant et bon pour sa sant\u00e9 digestive !","robots":{"index":"noindex","follow":"nofollow"},"og_locale":"fr_FR","og_type":"article","og_title":"Gamelle Anti-glouton Mat\u00e9riel - V\u00e9torino","og_description":"La gamelle anti-glouton Northmate Green est un distributeur de nourriture sp\u00e9cialement con\u00e7u pour les chiens gloutons.  Parsemez la quantit\u00e9 de nourriture souhait\u00e9e dans le distributeur pour que votre chien s'occupe de la pousser vers l'ext\u00e9rieur. Un jeu stimulant et bon pour sa sant\u00e9 digestive !","og_url":"https:\/\/www.vetorino.com\/veterinaire\/plouzevede-29440\/boutique\/product\/gamelle-green\/","og_site_name":"V\u00e9torino","article_publisher":"https:\/\/www.facebook.com\/Vetorino\/","article_modified_time":"2025-02-07T16:39:01+00:00","og_image":[{"width":1445,"height":1445,"url":"https:\/\/www.vetorino.com\/boutique\/wp-content\/uploads\/2020\/03\/gamelle-anti-glouton-northmate-green-4.jpg","type":"image\/jpeg"}],"twitter_card":"summary_large_image","twitter_misc":{"Disponibilit\u00e9":"En stock"},"schema":{"@context":"https:\/\/schema.org","@graph":[{"@type":"WebPage","@id":"https:\/\/www.vetorino.com\/boutique\/product\/gamelle-green\/","url":"https:\/\/www.vetorino.com\/boutique\/product\/gamelle-green\/","name":"Gamelle Anti-glouton Mat\u00e9riel - V\u00e9torino","isPartOf":{"@id":"https:\/\/www.vetorino.com\/boutique\/#website"},"primaryImageOfPage":{"@id":"https:\/\/www.vetorino.com\/boutique\/product\/gamelle-green\/#primaryimage"},"image":{"@id":"https:\/\/www.vetorino.com\/boutique\/product\/gamelle-green\/#primaryimage"},"thumbnailUrl":"https:\/\/www.vetorino.com\/boutique\/wp-content\/uploads\/2020\/03\/gamelle-anti-glouton-northmate-green-4.jpg","datePublished":"2020-03-04T21:57:41+00:00","dateModified":"2025-02-07T16:39:01+00:00","description":"La gamelle anti-glouton Northmate Green est un distributeur de nourriture sp\u00e9cialement con\u00e7u pour les chiens gloutons. Parsemez la quantit\u00e9 de nourriture souhait\u00e9e dans le distributeur pour que votre chien s'occupe de la pousser vers l'ext\u00e9rieur. Un jeu stimulant et bon pour sa sant\u00e9 digestive !","breadcrumb":{"@id":"https:\/\/www.vetorino.com\/boutique\/product\/gamelle-green\/#breadcrumb"},"inLanguage":"fr-FR","potentialAction":[{"@type":"ReadAction","target":["https:\/\/www.vetorino.com\/boutique\/product\/gamelle-green\/"]}]},{"@type":"ImageObject","inLanguage":"fr-FR","@id":"https:\/\/www.vetorino.com\/boutique\/product\/gamelle-green\/#primaryimage","url":"https:\/\/www.vetorino.com\/boutique\/wp-content\/uploads\/2020\/03\/gamelle-anti-glouton-northmate-green-4.jpg","contentUrl":"https:\/\/www.vetorino.com\/boutique\/wp-content\/uploads\/2020\/03\/gamelle-anti-glouton-northmate-green-4.jpg","width":1445,"height":1445},{"@type":"BreadcrumbList","@id":"https:\/\/www.vetorino.com\/boutique\/product\/gamelle-green\/#breadcrumb","itemListElement":[{"@type":"ListItem","position":1,"name":"Accueil","item":"https:\/\/www.vetorino.com\/boutique\/"},{"@type":"ListItem","position":2,"name":"Produits","item":"https:\/\/www.vetorino.com\/boutique\/"},{"@type":"ListItem","position":3,"name":"Gamelle Anti-glouton"}]},{"@type":"WebSite","@id":"https:\/\/www.vetorino.com\/boutique\/#website","url":"https:\/\/www.vetorino.com\/boutique\/","name":"V\u00e9torino","description":"","publisher":{"@id":"https:\/\/www.vetorino.com\/boutique\/#organization"},"potentialAction":[{"@type":"SearchAction","target":{"@type":"EntryPoint","urlTemplate":"https:\/\/www.vetorino.com\/boutique\/?s={search_term_string}"},"query-input":{"@type":"PropertyValueSpecification","valueRequired":true,"valueName":"search_term_string"}}],"inLanguage":"fr-FR"},{"@type":"Organization","@id":"https:\/\/www.vetorino.com\/boutique\/#organization","name":"V\u00e9torino","url":"https:\/\/www.vetorino.com\/boutique\/","logo":{"@type":"ImageObject","inLanguage":"fr-FR","@id":"https:\/\/www.vetorino.com\/boutique\/#\/schema\/logo\/image\/","url":"https:\/\/www.vetorino.com\/boutique\/wp-content\/uploads\/2024\/10\/logo.jpg","contentUrl":"https:\/\/www.vetorino.com\/boutique\/wp-content\/uploads\/2024\/10\/logo.jpg","width":1200,"height":610,"caption":"V\u00e9torino"},"image":{"@id":"https:\/\/www.vetorino.com\/boutique\/#\/schema\/logo\/image\/"},"sameAs":["https:\/\/www.facebook.com\/Vetorino\/","https:\/\/www.instagram.com\/vetorino_off\/","https:\/\/www.linkedin.com\/company\/vtorino\/"]}]},"product_brand":"Mat\u00e9riel","og_availability":"instock","product_availability":"instock","product_condition":"new"},"_links":{"self":[{"href":"https:\/\/www.vetorino.com\/veterinaire\/plouzevede-29440\/boutique\/wp-json\/wp\/v2\/product\/35795","targetHints":{"allow":["GET"]}}],"collection":[{"href":"https:\/\/www.vetorino.com\/veterinaire\/plouzevede-29440\/boutique\/wp-json\/wp\/v2\/product"}],"about":[{"href":"https:\/\/www.vetorino.com\/veterinaire\/plouzevede-29440\/boutique\/wp-json\/wp\/v2\/types\/product"}],"wp:featuredmedia":[{"embeddable":true,"href":"https:\/\/www.vetorino.com\/veterinaire\/plouzevede-29440\/boutique\/wp-json\/wp\/v2\/media\/600278"}],"wp:attachment":[{"href":"https:\/\/www.vetorino.com\/veterinaire\/plouzevede-29440\/boutique\/wp-json\/wp\/v2\/media?parent=35795"}],"wp:term":[{"taxonomy":"product_cat","embeddable":true,"href":"https:\/\/www.vetorino.com\/veterinaire\/plouzevede-29440\/boutique\/wp-json\/wp\/v2\/product_cat?post=35795"},{"taxonomy":"product_tag","embeddable":true,"href":"https:\/\/www.vetorino.com\/veterinaire\/plouzevede-29440\/boutique\/wp-json\/wp\/v2\/product_tag?post=35795"}],"curies":[{"name":"wp","href":"https:\/\/api.w.org\/{rel}","templated":true}]}}