{"id":35831,"date":"2020-03-04T22:57:53","date_gmt":"2020-03-04T21:57:53","guid":{"rendered":"https:\/\/www.vetorino.com\/boutique\/product\/clorexyderm-shampoo-4\/"},"modified":"2024-07-17T14:14:53","modified_gmt":"2024-07-17T12:14:53","slug":"clorexyderm-shampoo-4","status":"publish","type":"product","link":"https:\/\/www.vetorino.com\/veterinaire\/plouzevede-29440\/boutique\/product\/clorexyderm-shampoo-4\/","title":{"rendered":"Clorexyderm\u00ae 4% Shampooing"},"content":{"rendered":"<p><b>Clorexyderm\u00ae 4% Shampoo est un shampooing antiseptique contenant 4% de digluconate de chlorhexidine. Il est utilis\u00e9 pour l&#8217;hygi\u00e8ne de la peau et du pelage des animaux pr\u00e9sentant des d\u00e9s\u00e9quilibres de la flore cutan\u00e9e. La lanoline pr\u00e9vient la d\u00e9shydratation de la peau et la glyc\u00e9rine prot\u00e8ge la peau.<\/b><\/p>\n<p><strong>Utilisation :\u00a0<\/strong><\/p>\n<ul>\n<li>Pour <strong>chiens<\/strong>, <strong>chats<\/strong> et <strong>chevaux<\/strong><\/li>\n<li><strong>Soin de la peau<\/strong><\/li>\n<\/ul>\n<p><b>Avantages :<\/b><br \/>\nShampooing antiseptique et hydratant pour chiens, chats et chevaux. Formul\u00e9 avec du digluconate de chlorhexidine pour une action antiseptique efficace.<br \/>\nContient de la lanoline et de la glyc\u00e9rine pour pr\u00e9venir la d\u00e9shydratation de la peau.<br \/>\nAssainit la peau en profondeur tout en la laissant hydrat\u00e9e.<br \/>\nAdapt\u00e9 \u00e0 une utilisation r\u00e9guli\u00e8re pour maintenir la sant\u00e9 cutan\u00e9e de votre animal.<\/p>\n<p><strong>Mode d&#8217;emploi :<\/strong><\/p>\n<p>1. Mouiller le pelage de l&#8217;animal avec de l&#8217;eau ti\u00e8de pour bien l&#8217;humidifier.<br \/>\n2. R\u00e9partir le shampooing sur tout le pelage de l&#8217;animal :<br \/>\n&#8211; petit chien\/chat : utiliser 15 ml de shampooing<br \/>\n&#8211; chien de taille moyenne : utiliser 30 ml<br \/>\n&#8211; grand chien : utiliser 50 ml<br \/>\n3. Masser \u00e0 rebrousse-poil pour nettoyer en profondeur et laisser agir 5 \u00e0 10 minutes.<br \/>\n4. Rincer abondamment \u00e0 l&#8217;eau ti\u00e8de et s\u00e9cher avec une serviette.<\/p>\n<p>Clorexyderm\u00ae 4% Shampoo peut \u00eatre utilis\u00e9 1 \u00e0 plusieurs fois par semaine pendant 1 mois (ou selon les recommandations du v\u00e9t\u00e9rinaire)<\/p>\n","protected":false},"excerpt":{"rendered":"<p><b>Shampooing antiseptique et hydratant \u00e0 base de digluconate de chlorhexidine, de lanoline et de glyc\u00e9rine pour assainir la peau et pr\u00e9venir la d\u00e9shydratation.<\/b><\/p>\n<p><strong>Utilisation :\u00a0<\/strong><\/p>\n<ul>\n<li>Pour chiens, chats et chevaux<\/li>\n<li>Soin de la peau<\/li>\n<\/ul>\n","protected":false},"featured_media":975949,"template":"","meta":[],"product_cat":[2697,12547,2698,12611,12612,12560,12561,12565,12754],"product_tag":[],"class_list":{"0":"post-35831","1":"product","2":"type-product","3":"status-publish","4":"has-post-thumbnail","6":"product_cat-chat","7":"product_cat-cheval","8":"product_cat-chien","9":"product_cat-hygiene-de-la-peau-et-du-pelage-du-chat","10":"product_cat-hygiene-de-la-peau-et-du-pelage-du-chien","11":"product_cat-hygiene-du-chat","12":"product_cat-hygiene-du-chien","13":"product_cat-peau-corne-crin-du-cheval","14":"product_cat-soins-au-quotidien-du-cheval","15":"pa_marque-icf","17":"first","18":"instock","19":"taxable","20":"shipping-taxable","21":"purchasable","22":"product-type-simple"},"yoast_head":"<!-- This site is optimized with the Yoast SEO plugin v27.3 - https:\/\/yoast.com\/product\/yoast-seo-wordpress\/ -->\n<title>Clorexyderm\u00ae 4% Shampooing ICF - V\u00e9torino<\/title>\n<meta name=\"description\" content=\"Shampooing antiseptique et hydratant \u00e0 base de digluconate de chlorhexidine, de lanoline et de glyc\u00e9rine pour assainir la peau et pr\u00e9venir la d\u00e9shydratation.  Utilisation :\u00a0   Pour chiens, chats et chevaux  Soin de la peau\" \/>\n<meta name=\"robots\" content=\"noindex, nofollow\" \/>\n<meta property=\"og:locale\" content=\"fr_FR\" \/>\n<meta property=\"og:type\" content=\"article\" \/>\n<meta property=\"og:title\" content=\"Clorexyderm\u00ae 4% Shampooing ICF - V\u00e9torino\" \/>\n<meta property=\"og:description\" content=\"Shampooing antiseptique et hydratant \u00e0 base de digluconate de chlorhexidine, de lanoline et de glyc\u00e9rine pour assainir la peau et pr\u00e9venir la d\u00e9shydratation.  Utilisation :\u00a0   Pour chiens, chats et chevaux  Soin de la peau\" \/>\n<meta property=\"og:url\" content=\"https:\/\/www.vetorino.com\/veterinaire\/plouzevede-29440\/boutique\/product\/clorexyderm-shampoo-4\/\" \/>\n<meta property=\"og:site_name\" content=\"V\u00e9torino\" \/>\n<meta property=\"article:publisher\" content=\"https:\/\/www.facebook.com\/Vetorino\/\" \/>\n<meta property=\"article:modified_time\" content=\"2024-07-17T12:14:53+00:00\" \/>\n<meta property=\"og:image\" content=\"https:\/\/www.vetorino.com\/boutique\/wp-content\/uploads\/2020\/03\/clorexyderm-4-shampoo.jpg\" \/>\n\t<meta property=\"og:image:width\" content=\"540\" \/>\n\t<meta property=\"og:image:height\" content=\"540\" \/>\n\t<meta property=\"og:image:type\" content=\"image\/jpeg\" \/>\n<meta name=\"twitter:card\" content=\"summary_large_image\" \/>\n<meta name=\"twitter:label1\" content=\"Prix\" \/>\n\t<meta name=\"twitter:data1\" content=\"24,40&euro;\" \/>\n\t<meta name=\"twitter:label2\" content=\"Disponibilit\u00e9\" \/>\n\t<meta name=\"twitter:data2\" content=\"En stock\" \/>\n<script type=\"application\/ld+json\" class=\"yoast-schema-graph\">{\"@context\":\"https:\\\/\\\/schema.org\",\"@graph\":[{\"@type\":\"WebPage\",\"@id\":\"https:\\\/\\\/www.vetorino.com\\\/boutique\\\/product\\\/clorexyderm-shampoo-4\\\/\",\"url\":\"https:\\\/\\\/www.vetorino.com\\\/boutique\\\/product\\\/clorexyderm-shampoo-4\\\/\",\"name\":\"Clorexyderm\u00ae 4% Shampooing ICF - V\u00e9torino\",\"isPartOf\":{\"@id\":\"https:\\\/\\\/www.vetorino.com\\\/boutique\\\/#website\"},\"primaryImageOfPage\":{\"@id\":\"https:\\\/\\\/www.vetorino.com\\\/boutique\\\/product\\\/clorexyderm-shampoo-4\\\/#primaryimage\"},\"image\":{\"@id\":\"https:\\\/\\\/www.vetorino.com\\\/boutique\\\/product\\\/clorexyderm-shampoo-4\\\/#primaryimage\"},\"thumbnailUrl\":\"https:\\\/\\\/www.vetorino.com\\\/boutique\\\/wp-content\\\/uploads\\\/2020\\\/03\\\/clorexyderm-4-shampoo.jpg\",\"datePublished\":\"2020-03-04T21:57:53+00:00\",\"dateModified\":\"2024-07-17T12:14:53+00:00\",\"description\":\"Shampooing antiseptique et hydratant \u00e0 base de digluconate de chlorhexidine, de lanoline et de glyc\u00e9rine pour assainir la peau et pr\u00e9venir la d\u00e9shydratation. Utilisation :\u00a0 Pour chiens, chats et chevaux Soin de la peau\",\"breadcrumb\":{\"@id\":\"https:\\\/\\\/www.vetorino.com\\\/boutique\\\/product\\\/clorexyderm-shampoo-4\\\/#breadcrumb\"},\"inLanguage\":\"fr-FR\",\"potentialAction\":[{\"@type\":\"ReadAction\",\"target\":[\"https:\\\/\\\/www.vetorino.com\\\/boutique\\\/product\\\/clorexyderm-shampoo-4\\\/\"]}]},{\"@type\":\"ImageObject\",\"inLanguage\":\"fr-FR\",\"@id\":\"https:\\\/\\\/www.vetorino.com\\\/boutique\\\/product\\\/clorexyderm-shampoo-4\\\/#primaryimage\",\"url\":\"https:\\\/\\\/www.vetorino.com\\\/boutique\\\/wp-content\\\/uploads\\\/2020\\\/03\\\/clorexyderm-4-shampoo.jpg\",\"contentUrl\":\"https:\\\/\\\/www.vetorino.com\\\/boutique\\\/wp-content\\\/uploads\\\/2020\\\/03\\\/clorexyderm-4-shampoo.jpg\",\"width\":540,\"height\":540},{\"@type\":\"BreadcrumbList\",\"@id\":\"https:\\\/\\\/www.vetorino.com\\\/boutique\\\/product\\\/clorexyderm-shampoo-4\\\/#breadcrumb\",\"itemListElement\":[{\"@type\":\"ListItem\",\"position\":1,\"name\":\"Accueil\",\"item\":\"https:\\\/\\\/www.vetorino.com\\\/boutique\\\/\"},{\"@type\":\"ListItem\",\"position\":2,\"name\":\"Produits\",\"item\":\"https:\\\/\\\/www.vetorino.com\\\/boutique\\\/\"},{\"@type\":\"ListItem\",\"position\":3,\"name\":\"Clorexyderm\u00ae 4% Shampooing\"}]},{\"@type\":\"WebSite\",\"@id\":\"https:\\\/\\\/www.vetorino.com\\\/boutique\\\/#website\",\"url\":\"https:\\\/\\\/www.vetorino.com\\\/boutique\\\/\",\"name\":\"V\u00e9torino\",\"description\":\"\",\"publisher\":{\"@id\":\"https:\\\/\\\/www.vetorino.com\\\/boutique\\\/#organization\"},\"potentialAction\":[{\"@type\":\"SearchAction\",\"target\":{\"@type\":\"EntryPoint\",\"urlTemplate\":\"https:\\\/\\\/www.vetorino.com\\\/boutique\\\/?s={search_term_string}\"},\"query-input\":{\"@type\":\"PropertyValueSpecification\",\"valueRequired\":true,\"valueName\":\"search_term_string\"}}],\"inLanguage\":\"fr-FR\"},{\"@type\":\"Organization\",\"@id\":\"https:\\\/\\\/www.vetorino.com\\\/boutique\\\/#organization\",\"name\":\"V\u00e9torino\",\"url\":\"https:\\\/\\\/www.vetorino.com\\\/boutique\\\/\",\"logo\":{\"@type\":\"ImageObject\",\"inLanguage\":\"fr-FR\",\"@id\":\"https:\\\/\\\/www.vetorino.com\\\/boutique\\\/#\\\/schema\\\/logo\\\/image\\\/\",\"url\":\"https:\\\/\\\/www.vetorino.com\\\/boutique\\\/wp-content\\\/uploads\\\/2024\\\/10\\\/logo.jpg\",\"contentUrl\":\"https:\\\/\\\/www.vetorino.com\\\/boutique\\\/wp-content\\\/uploads\\\/2024\\\/10\\\/logo.jpg\",\"width\":1200,\"height\":610,\"caption\":\"V\u00e9torino\"},\"image\":{\"@id\":\"https:\\\/\\\/www.vetorino.com\\\/boutique\\\/#\\\/schema\\\/logo\\\/image\\\/\"},\"sameAs\":[\"https:\\\/\\\/www.facebook.com\\\/Vetorino\\\/\",\"https:\\\/\\\/www.instagram.com\\\/vetorino_off\\\/\",\"https:\\\/\\\/www.linkedin.com\\\/company\\\/vtorino\\\/\"]}]}<\/script>\n<meta property=\"product:brand\" content=\"ICF\" \/>\n<meta property=\"product:price:amount\" content=\"24.40\" \/>\n<meta property=\"product:price:currency\" content=\"EUR\" \/>\n<meta property=\"og:availability\" content=\"instock\" \/>\n<meta property=\"product:availability\" content=\"instock\" \/>\n<meta property=\"product:retailer_item_id\" content=\"A-8134438\" \/>\n<meta property=\"product:condition\" content=\"new\" \/>\n<!-- \/ Yoast SEO plugin. -->","yoast_head_json":{"title":"Clorexyderm\u00ae 4% Shampooing ICF - V\u00e9torino","description":"Shampooing antiseptique et hydratant \u00e0 base de digluconate de chlorhexidine, de lanoline et de glyc\u00e9rine pour assainir la peau et pr\u00e9venir la d\u00e9shydratation.  Utilisation :\u00a0   Pour chiens, chats et chevaux  Soin de la peau","robots":{"index":"noindex","follow":"nofollow"},"og_locale":"fr_FR","og_type":"article","og_title":"Clorexyderm\u00ae 4% Shampooing ICF - V\u00e9torino","og_description":"Shampooing antiseptique et hydratant \u00e0 base de digluconate de chlorhexidine, de lanoline et de glyc\u00e9rine pour assainir la peau et pr\u00e9venir la d\u00e9shydratation.  Utilisation :\u00a0   Pour chiens, chats et chevaux  Soin de la peau","og_url":"https:\/\/www.vetorino.com\/veterinaire\/plouzevede-29440\/boutique\/product\/clorexyderm-shampoo-4\/","og_site_name":"V\u00e9torino","article_publisher":"https:\/\/www.facebook.com\/Vetorino\/","article_modified_time":"2024-07-17T12:14:53+00:00","og_image":[{"width":540,"height":540,"url":"https:\/\/www.vetorino.com\/boutique\/wp-content\/uploads\/2020\/03\/clorexyderm-4-shampoo.jpg","type":"image\/jpeg"}],"twitter_card":"summary_large_image","twitter_misc":{"Prix":"24,40&euro;","Disponibilit\u00e9":"En stock"},"schema":{"@context":"https:\/\/schema.org","@graph":[{"@type":"WebPage","@id":"https:\/\/www.vetorino.com\/boutique\/product\/clorexyderm-shampoo-4\/","url":"https:\/\/www.vetorino.com\/boutique\/product\/clorexyderm-shampoo-4\/","name":"Clorexyderm\u00ae 4% Shampooing ICF - V\u00e9torino","isPartOf":{"@id":"https:\/\/www.vetorino.com\/boutique\/#website"},"primaryImageOfPage":{"@id":"https:\/\/www.vetorino.com\/boutique\/product\/clorexyderm-shampoo-4\/#primaryimage"},"image":{"@id":"https:\/\/www.vetorino.com\/boutique\/product\/clorexyderm-shampoo-4\/#primaryimage"},"thumbnailUrl":"https:\/\/www.vetorino.com\/boutique\/wp-content\/uploads\/2020\/03\/clorexyderm-4-shampoo.jpg","datePublished":"2020-03-04T21:57:53+00:00","dateModified":"2024-07-17T12:14:53+00:00","description":"Shampooing antiseptique et hydratant \u00e0 base de digluconate de chlorhexidine, de lanoline et de glyc\u00e9rine pour assainir la peau et pr\u00e9venir la d\u00e9shydratation. Utilisation :\u00a0 Pour chiens, chats et chevaux Soin de la peau","breadcrumb":{"@id":"https:\/\/www.vetorino.com\/boutique\/product\/clorexyderm-shampoo-4\/#breadcrumb"},"inLanguage":"fr-FR","potentialAction":[{"@type":"ReadAction","target":["https:\/\/www.vetorino.com\/boutique\/product\/clorexyderm-shampoo-4\/"]}]},{"@type":"ImageObject","inLanguage":"fr-FR","@id":"https:\/\/www.vetorino.com\/boutique\/product\/clorexyderm-shampoo-4\/#primaryimage","url":"https:\/\/www.vetorino.com\/boutique\/wp-content\/uploads\/2020\/03\/clorexyderm-4-shampoo.jpg","contentUrl":"https:\/\/www.vetorino.com\/boutique\/wp-content\/uploads\/2020\/03\/clorexyderm-4-shampoo.jpg","width":540,"height":540},{"@type":"BreadcrumbList","@id":"https:\/\/www.vetorino.com\/boutique\/product\/clorexyderm-shampoo-4\/#breadcrumb","itemListElement":[{"@type":"ListItem","position":1,"name":"Accueil","item":"https:\/\/www.vetorino.com\/boutique\/"},{"@type":"ListItem","position":2,"name":"Produits","item":"https:\/\/www.vetorino.com\/boutique\/"},{"@type":"ListItem","position":3,"name":"Clorexyderm\u00ae 4% Shampooing"}]},{"@type":"WebSite","@id":"https:\/\/www.vetorino.com\/boutique\/#website","url":"https:\/\/www.vetorino.com\/boutique\/","name":"V\u00e9torino","description":"","publisher":{"@id":"https:\/\/www.vetorino.com\/boutique\/#organization"},"potentialAction":[{"@type":"SearchAction","target":{"@type":"EntryPoint","urlTemplate":"https:\/\/www.vetorino.com\/boutique\/?s={search_term_string}"},"query-input":{"@type":"PropertyValueSpecification","valueRequired":true,"valueName":"search_term_string"}}],"inLanguage":"fr-FR"},{"@type":"Organization","@id":"https:\/\/www.vetorino.com\/boutique\/#organization","name":"V\u00e9torino","url":"https:\/\/www.vetorino.com\/boutique\/","logo":{"@type":"ImageObject","inLanguage":"fr-FR","@id":"https:\/\/www.vetorino.com\/boutique\/#\/schema\/logo\/image\/","url":"https:\/\/www.vetorino.com\/boutique\/wp-content\/uploads\/2024\/10\/logo.jpg","contentUrl":"https:\/\/www.vetorino.com\/boutique\/wp-content\/uploads\/2024\/10\/logo.jpg","width":1200,"height":610,"caption":"V\u00e9torino"},"image":{"@id":"https:\/\/www.vetorino.com\/boutique\/#\/schema\/logo\/image\/"},"sameAs":["https:\/\/www.facebook.com\/Vetorino\/","https:\/\/www.instagram.com\/vetorino_off\/","https:\/\/www.linkedin.com\/company\/vtorino\/"]}]},"product_brand":"ICF","product_price_amount":"24.40","product_price_currency":"EUR","og_availability":"instock","product_availability":"instock","product_retailer_item_id":"A-8134438","product_condition":"new"},"_links":{"self":[{"href":"https:\/\/www.vetorino.com\/veterinaire\/plouzevede-29440\/boutique\/wp-json\/wp\/v2\/product\/35831","targetHints":{"allow":["GET"]}}],"collection":[{"href":"https:\/\/www.vetorino.com\/veterinaire\/plouzevede-29440\/boutique\/wp-json\/wp\/v2\/product"}],"about":[{"href":"https:\/\/www.vetorino.com\/veterinaire\/plouzevede-29440\/boutique\/wp-json\/wp\/v2\/types\/product"}],"wp:featuredmedia":[{"embeddable":true,"href":"https:\/\/www.vetorino.com\/veterinaire\/plouzevede-29440\/boutique\/wp-json\/wp\/v2\/media\/975949"}],"wp:attachment":[{"href":"https:\/\/www.vetorino.com\/veterinaire\/plouzevede-29440\/boutique\/wp-json\/wp\/v2\/media?parent=35831"}],"wp:term":[{"taxonomy":"product_cat","embeddable":true,"href":"https:\/\/www.vetorino.com\/veterinaire\/plouzevede-29440\/boutique\/wp-json\/wp\/v2\/product_cat?post=35831"},{"taxonomy":"product_tag","embeddable":true,"href":"https:\/\/www.vetorino.com\/veterinaire\/plouzevede-29440\/boutique\/wp-json\/wp\/v2\/product_tag?post=35831"}],"curies":[{"name":"wp","href":"https:\/\/api.w.org\/{rel}","templated":true}]}}