{"id":35849,"date":"2020-03-04T22:57:59","date_gmt":"2020-03-04T21:57:59","guid":{"rendered":"https:\/\/www.vetorino.com\/boutique\/product\/proplan-dog-duo-delice-petites-races-adulte-poulet\/"},"modified":"2024-01-19T11:57:15","modified_gmt":"2024-01-19T10:57:15","slug":"proplan-dog-duo-delice-petites-races-adulte-poulet","status":"publish","type":"product","link":"https:\/\/www.vetorino.com\/veterinaire\/plouzevede-29440\/boutique\/product\/proplan-dog-duo-delice-petites-races-adulte-poulet\/","title":{"rendered":"Dog Duo Delice Small Adult Poulet"},"content":{"rendered":"<p><strong>Duo Delice\u00a0 offre une combinaison unique de petites croquettes croustillantes et de tendres petits morceaux effil\u00e9s\u00a0pour une alimentation compl\u00e8te chez le chien de petite taille.<\/strong><\/p>\n<p><strong><br \/>\nUtilisation :<\/strong><\/p>\n<ul>\n<li>Chien adulte de petite taille (moins de 10 kg)<\/li>\n<\/ul>\n<p><strong>Bienfaits essentiels :<\/strong><\/p>\n<ul>\n<li>Apporte le bon \u00e9quilibre de nutriments pour aider \u00e0\u00a0<strong>soutenir la bonne sant\u00e9 et le bien-\u00eatre de votre chien<\/strong>.<\/li>\n<li>Des ingr\u00e9dients soigneusement s\u00e9lectionn\u00e9s et un proc\u00e9d\u00e9 de cuisson exclusif assurent une\u00a0<strong>digestibilit\u00e9 \u00e9lev\u00e9e pour une meilleure assimilation des nutriments<\/strong>.<\/li>\n<li>L&#8217;association unique de croquettes croustillantes et de tendres morceaux effil\u00e9s\u00a0<strong>favorise la mastication<\/strong>. L&#8217;action m\u00e9canique des croquettes croustillantes agit comme une brosse \u00e0 dent sur les dents de votre chien, aidant \u00e0<strong>\u00a0r\u00e9duire la formation du tartre<\/strong>.<\/li>\n<\/ul>\n","protected":false},"excerpt":{"rendered":"<p><strong>Une combinaison unique de petites croquettes croustillantes et de tendres petits morceaux effil\u00e9s\u00a0pour une alimentation compl\u00e8te chez le chien de petite taille.<\/strong><\/p>\n","protected":false},"featured_media":654783,"template":"","meta":[],"product_cat":[12552,12584,2698],"product_tag":[],"class_list":{"0":"post-35849","1":"product","2":"type-product","3":"status-publish","4":"has-post-thumbnail","6":"product_cat-alimentation-du-chien","7":"product_cat-alimentation-premium-pour-chien","8":"product_cat-chien","9":"pa_marque-purina","11":"first","12":"instock","13":"taxable","14":"shipping-taxable","15":"purchasable","16":"product-type-variable"},"yoast_head":"<!-- This site is optimized with the Yoast SEO plugin v27.3 - https:\/\/yoast.com\/product\/yoast-seo-wordpress\/ -->\n<title>Proplan Dog Duo Delice Small Adult Poulet Purina Pro Plan - V\u00e9torino<\/title>\n<meta name=\"description\" content=\"Une combinaison unique de petites croquettes croustillantes et de tendres petits morceaux effil\u00e9s\u00a0pour une alimentation compl\u00e8te chez le chien de petite taille.\" \/>\n<meta name=\"robots\" content=\"noindex, nofollow\" \/>\n<meta property=\"og:locale\" content=\"fr_FR\" \/>\n<meta property=\"og:type\" content=\"article\" \/>\n<meta property=\"og:title\" content=\"Proplan Dog Duo Delice Small Adult Poulet Purina Pro Plan - V\u00e9torino\" \/>\n<meta property=\"og:description\" content=\"Une combinaison unique de petites croquettes croustillantes et de tendres petits morceaux effil\u00e9s\u00a0pour une alimentation compl\u00e8te chez le chien de petite taille.\" \/>\n<meta property=\"og:url\" content=\"https:\/\/www.vetorino.com\/veterinaire\/plouzevede-29440\/boutique\/product\/proplan-dog-duo-delice-petites-races-adulte-poulet\/\" \/>\n<meta property=\"og:site_name\" content=\"V\u00e9torino\" \/>\n<meta property=\"article:publisher\" content=\"https:\/\/www.facebook.com\/Vetorino\/\" \/>\n<meta property=\"article:modified_time\" content=\"2024-01-19T10:57:15+00:00\" \/>\n<meta property=\"og:image\" content=\"https:\/\/www.vetorino.com\/boutique\/wp-content\/uploads\/2020\/03\/07613034819406_C1L1_44157644.png\" \/>\n\t<meta property=\"og:image:width\" content=\"625\" \/>\n\t<meta property=\"og:image:height\" content=\"625\" \/>\n\t<meta property=\"og:image:type\" content=\"image\/png\" \/>\n<meta name=\"twitter:card\" content=\"summary_large_image\" \/>\n<meta name=\"twitter:label1\" content=\"Disponibilit\u00e9\" \/>\n\t<meta name=\"twitter:data1\" content=\"En stock\" \/>\n<script type=\"application\/ld+json\" class=\"yoast-schema-graph\">{\"@context\":\"https:\\\/\\\/schema.org\",\"@graph\":[{\"@type\":\"WebPage\",\"@id\":\"https:\\\/\\\/www.vetorino.com\\\/veterinaire\\\/briancon-05100\\\/boutique\\\/product\\\/proplan-dog-duo-delice-petites-races-adulte-poulet\\\/\",\"url\":\"https:\\\/\\\/www.vetorino.com\\\/veterinaire\\\/briancon-05100\\\/boutique\\\/product\\\/proplan-dog-duo-delice-petites-races-adulte-poulet\\\/\",\"name\":\"Proplan Dog Duo Delice Small Adult Poulet Purina Pro Plan - V\u00e9torino\",\"isPartOf\":{\"@id\":\"https:\\\/\\\/www.vetorino.com\\\/boutique\\\/#website\"},\"primaryImageOfPage\":{\"@id\":\"https:\\\/\\\/www.vetorino.com\\\/veterinaire\\\/briancon-05100\\\/boutique\\\/product\\\/proplan-dog-duo-delice-petites-races-adulte-poulet\\\/#primaryimage\"},\"image\":{\"@id\":\"https:\\\/\\\/www.vetorino.com\\\/veterinaire\\\/briancon-05100\\\/boutique\\\/product\\\/proplan-dog-duo-delice-petites-races-adulte-poulet\\\/#primaryimage\"},\"thumbnailUrl\":\"https:\\\/\\\/www.vetorino.com\\\/boutique\\\/wp-content\\\/uploads\\\/2020\\\/03\\\/07613034819406_C1L1_44157644.png\",\"datePublished\":\"2020-03-04T21:57:59+00:00\",\"dateModified\":\"2024-01-19T10:57:15+00:00\",\"description\":\"Une combinaison unique de petites croquettes croustillantes et de tendres petits morceaux effil\u00e9s\u00a0pour une alimentation compl\u00e8te chez le chien de petite taille.\",\"breadcrumb\":{\"@id\":\"https:\\\/\\\/www.vetorino.com\\\/veterinaire\\\/briancon-05100\\\/boutique\\\/product\\\/proplan-dog-duo-delice-petites-races-adulte-poulet\\\/#breadcrumb\"},\"inLanguage\":\"fr-FR\",\"potentialAction\":[{\"@type\":\"ReadAction\",\"target\":[\"https:\\\/\\\/www.vetorino.com\\\/veterinaire\\\/briancon-05100\\\/boutique\\\/product\\\/proplan-dog-duo-delice-petites-races-adulte-poulet\\\/\"]}]},{\"@type\":\"ImageObject\",\"inLanguage\":\"fr-FR\",\"@id\":\"https:\\\/\\\/www.vetorino.com\\\/veterinaire\\\/briancon-05100\\\/boutique\\\/product\\\/proplan-dog-duo-delice-petites-races-adulte-poulet\\\/#primaryimage\",\"url\":\"https:\\\/\\\/www.vetorino.com\\\/boutique\\\/wp-content\\\/uploads\\\/2020\\\/03\\\/07613034819406_C1L1_44157644.png\",\"contentUrl\":\"https:\\\/\\\/www.vetorino.com\\\/boutique\\\/wp-content\\\/uploads\\\/2020\\\/03\\\/07613034819406_C1L1_44157644.png\",\"width\":625,\"height\":625},{\"@type\":\"BreadcrumbList\",\"@id\":\"https:\\\/\\\/www.vetorino.com\\\/veterinaire\\\/briancon-05100\\\/boutique\\\/product\\\/proplan-dog-duo-delice-petites-races-adulte-poulet\\\/#breadcrumb\",\"itemListElement\":[{\"@type\":\"ListItem\",\"position\":1,\"name\":\"Accueil\",\"item\":\"https:\\\/\\\/www.vetorino.com\\\/boutique\\\/\"},{\"@type\":\"ListItem\",\"position\":2,\"name\":\"Produits\",\"item\":\"https:\\\/\\\/www.vetorino.com\\\/boutique\\\/\"},{\"@type\":\"ListItem\",\"position\":3,\"name\":\"Dog Duo Delice Small Adult Poulet\"}]},{\"@type\":\"WebSite\",\"@id\":\"https:\\\/\\\/www.vetorino.com\\\/boutique\\\/#website\",\"url\":\"https:\\\/\\\/www.vetorino.com\\\/boutique\\\/\",\"name\":\"V\u00e9torino\",\"description\":\"\",\"publisher\":{\"@id\":\"https:\\\/\\\/www.vetorino.com\\\/boutique\\\/#organization\"},\"potentialAction\":[{\"@type\":\"SearchAction\",\"target\":{\"@type\":\"EntryPoint\",\"urlTemplate\":\"https:\\\/\\\/www.vetorino.com\\\/boutique\\\/?s={search_term_string}\"},\"query-input\":{\"@type\":\"PropertyValueSpecification\",\"valueRequired\":true,\"valueName\":\"search_term_string\"}}],\"inLanguage\":\"fr-FR\"},{\"@type\":\"Organization\",\"@id\":\"https:\\\/\\\/www.vetorino.com\\\/boutique\\\/#organization\",\"name\":\"V\u00e9torino\",\"url\":\"https:\\\/\\\/www.vetorino.com\\\/boutique\\\/\",\"logo\":{\"@type\":\"ImageObject\",\"inLanguage\":\"fr-FR\",\"@id\":\"https:\\\/\\\/www.vetorino.com\\\/boutique\\\/#\\\/schema\\\/logo\\\/image\\\/\",\"url\":\"https:\\\/\\\/www.vetorino.com\\\/boutique\\\/wp-content\\\/uploads\\\/2024\\\/10\\\/logo.jpg\",\"contentUrl\":\"https:\\\/\\\/www.vetorino.com\\\/boutique\\\/wp-content\\\/uploads\\\/2024\\\/10\\\/logo.jpg\",\"width\":1200,\"height\":610,\"caption\":\"V\u00e9torino\"},\"image\":{\"@id\":\"https:\\\/\\\/www.vetorino.com\\\/boutique\\\/#\\\/schema\\\/logo\\\/image\\\/\"},\"sameAs\":[\"https:\\\/\\\/www.facebook.com\\\/Vetorino\\\/\",\"https:\\\/\\\/www.instagram.com\\\/vetorino_off\\\/\",\"https:\\\/\\\/www.linkedin.com\\\/company\\\/vtorino\\\/\"]}]}<\/script>\n<meta property=\"product:brand\" content=\"Purina Pro Plan\" \/>\n<meta property=\"og:availability\" content=\"instock\" \/>\n<meta property=\"product:availability\" content=\"instock\" \/>\n<meta property=\"product:condition\" content=\"new\" \/>\n<!-- \/ Yoast SEO plugin. -->","yoast_head_json":{"title":"Proplan Dog Duo Delice Small Adult Poulet Purina Pro Plan - V\u00e9torino","description":"Une combinaison unique de petites croquettes croustillantes et de tendres petits morceaux effil\u00e9s\u00a0pour une alimentation compl\u00e8te chez le chien de petite taille.","robots":{"index":"noindex","follow":"nofollow"},"og_locale":"fr_FR","og_type":"article","og_title":"Proplan Dog Duo Delice Small Adult Poulet Purina Pro Plan - V\u00e9torino","og_description":"Une combinaison unique de petites croquettes croustillantes et de tendres petits morceaux effil\u00e9s\u00a0pour une alimentation compl\u00e8te chez le chien de petite taille.","og_url":"https:\/\/www.vetorino.com\/veterinaire\/plouzevede-29440\/boutique\/product\/proplan-dog-duo-delice-petites-races-adulte-poulet\/","og_site_name":"V\u00e9torino","article_publisher":"https:\/\/www.facebook.com\/Vetorino\/","article_modified_time":"2024-01-19T10:57:15+00:00","og_image":[{"width":625,"height":625,"url":"https:\/\/www.vetorino.com\/boutique\/wp-content\/uploads\/2020\/03\/07613034819406_C1L1_44157644.png","type":"image\/png"}],"twitter_card":"summary_large_image","twitter_misc":{"Disponibilit\u00e9":"En stock"},"schema":{"@context":"https:\/\/schema.org","@graph":[{"@type":"WebPage","@id":"https:\/\/www.vetorino.com\/veterinaire\/briancon-05100\/boutique\/product\/proplan-dog-duo-delice-petites-races-adulte-poulet\/","url":"https:\/\/www.vetorino.com\/veterinaire\/briancon-05100\/boutique\/product\/proplan-dog-duo-delice-petites-races-adulte-poulet\/","name":"Proplan Dog Duo Delice Small Adult Poulet Purina Pro Plan - V\u00e9torino","isPartOf":{"@id":"https:\/\/www.vetorino.com\/boutique\/#website"},"primaryImageOfPage":{"@id":"https:\/\/www.vetorino.com\/veterinaire\/briancon-05100\/boutique\/product\/proplan-dog-duo-delice-petites-races-adulte-poulet\/#primaryimage"},"image":{"@id":"https:\/\/www.vetorino.com\/veterinaire\/briancon-05100\/boutique\/product\/proplan-dog-duo-delice-petites-races-adulte-poulet\/#primaryimage"},"thumbnailUrl":"https:\/\/www.vetorino.com\/boutique\/wp-content\/uploads\/2020\/03\/07613034819406_C1L1_44157644.png","datePublished":"2020-03-04T21:57:59+00:00","dateModified":"2024-01-19T10:57:15+00:00","description":"Une combinaison unique de petites croquettes croustillantes et de tendres petits morceaux effil\u00e9s\u00a0pour une alimentation compl\u00e8te chez le chien de petite taille.","breadcrumb":{"@id":"https:\/\/www.vetorino.com\/veterinaire\/briancon-05100\/boutique\/product\/proplan-dog-duo-delice-petites-races-adulte-poulet\/#breadcrumb"},"inLanguage":"fr-FR","potentialAction":[{"@type":"ReadAction","target":["https:\/\/www.vetorino.com\/veterinaire\/briancon-05100\/boutique\/product\/proplan-dog-duo-delice-petites-races-adulte-poulet\/"]}]},{"@type":"ImageObject","inLanguage":"fr-FR","@id":"https:\/\/www.vetorino.com\/veterinaire\/briancon-05100\/boutique\/product\/proplan-dog-duo-delice-petites-races-adulte-poulet\/#primaryimage","url":"https:\/\/www.vetorino.com\/boutique\/wp-content\/uploads\/2020\/03\/07613034819406_C1L1_44157644.png","contentUrl":"https:\/\/www.vetorino.com\/boutique\/wp-content\/uploads\/2020\/03\/07613034819406_C1L1_44157644.png","width":625,"height":625},{"@type":"BreadcrumbList","@id":"https:\/\/www.vetorino.com\/veterinaire\/briancon-05100\/boutique\/product\/proplan-dog-duo-delice-petites-races-adulte-poulet\/#breadcrumb","itemListElement":[{"@type":"ListItem","position":1,"name":"Accueil","item":"https:\/\/www.vetorino.com\/boutique\/"},{"@type":"ListItem","position":2,"name":"Produits","item":"https:\/\/www.vetorino.com\/boutique\/"},{"@type":"ListItem","position":3,"name":"Dog Duo Delice Small Adult Poulet"}]},{"@type":"WebSite","@id":"https:\/\/www.vetorino.com\/boutique\/#website","url":"https:\/\/www.vetorino.com\/boutique\/","name":"V\u00e9torino","description":"","publisher":{"@id":"https:\/\/www.vetorino.com\/boutique\/#organization"},"potentialAction":[{"@type":"SearchAction","target":{"@type":"EntryPoint","urlTemplate":"https:\/\/www.vetorino.com\/boutique\/?s={search_term_string}"},"query-input":{"@type":"PropertyValueSpecification","valueRequired":true,"valueName":"search_term_string"}}],"inLanguage":"fr-FR"},{"@type":"Organization","@id":"https:\/\/www.vetorino.com\/boutique\/#organization","name":"V\u00e9torino","url":"https:\/\/www.vetorino.com\/boutique\/","logo":{"@type":"ImageObject","inLanguage":"fr-FR","@id":"https:\/\/www.vetorino.com\/boutique\/#\/schema\/logo\/image\/","url":"https:\/\/www.vetorino.com\/boutique\/wp-content\/uploads\/2024\/10\/logo.jpg","contentUrl":"https:\/\/www.vetorino.com\/boutique\/wp-content\/uploads\/2024\/10\/logo.jpg","width":1200,"height":610,"caption":"V\u00e9torino"},"image":{"@id":"https:\/\/www.vetorino.com\/boutique\/#\/schema\/logo\/image\/"},"sameAs":["https:\/\/www.facebook.com\/Vetorino\/","https:\/\/www.instagram.com\/vetorino_off\/","https:\/\/www.linkedin.com\/company\/vtorino\/"]}]},"product_brand":"Purina Pro Plan","og_availability":"instock","product_availability":"instock","product_condition":"new"},"_links":{"self":[{"href":"https:\/\/www.vetorino.com\/veterinaire\/plouzevede-29440\/boutique\/wp-json\/wp\/v2\/product\/35849","targetHints":{"allow":["GET"]}}],"collection":[{"href":"https:\/\/www.vetorino.com\/veterinaire\/plouzevede-29440\/boutique\/wp-json\/wp\/v2\/product"}],"about":[{"href":"https:\/\/www.vetorino.com\/veterinaire\/plouzevede-29440\/boutique\/wp-json\/wp\/v2\/types\/product"}],"wp:featuredmedia":[{"embeddable":true,"href":"https:\/\/www.vetorino.com\/veterinaire\/plouzevede-29440\/boutique\/wp-json\/wp\/v2\/media\/654783"}],"wp:attachment":[{"href":"https:\/\/www.vetorino.com\/veterinaire\/plouzevede-29440\/boutique\/wp-json\/wp\/v2\/media?parent=35849"}],"wp:term":[{"taxonomy":"product_cat","embeddable":true,"href":"https:\/\/www.vetorino.com\/veterinaire\/plouzevede-29440\/boutique\/wp-json\/wp\/v2\/product_cat?post=35849"},{"taxonomy":"product_tag","embeddable":true,"href":"https:\/\/www.vetorino.com\/veterinaire\/plouzevede-29440\/boutique\/wp-json\/wp\/v2\/product_tag?post=35849"}],"curies":[{"name":"wp","href":"https:\/\/api.w.org\/{rel}","templated":true}]}}