{"id":35911,"date":"2020-03-04T22:58:20","date_gmt":"2020-03-04T21:58:20","guid":{"rendered":"https:\/\/www.vetorino.com\/boutique\/product\/jouet-kong-extreme\/"},"modified":"2023-04-12T11:43:15","modified_gmt":"2023-04-12T09:43:15","slug":"jouet-kong-extreme","status":"publish","type":"product","link":"https:\/\/www.vetorino.com\/veterinaire\/plouzevede-29440\/boutique\/product\/jouet-kong-extreme\/","title":{"rendered":"Jouet Kong Extreme"},"content":{"rendered":"<ul>\n<li>Small (chien jusqu&#8217;\u00e0 9 kg) : 7 cm<\/li>\n<li>Medium (chien de 7 \u00e0 16 kg) : 8,5 cm<\/li>\n<li>Large (chien de 13 \u00e0 30 kg) : 10,5 cm<\/li>\n<li>XL Giant (chien de 27 \u00e0 41 kg) : 13,5 cm<\/li>\n<li>XXL King (chien plus de 41 kg) : 15,5 cm<\/li>\n<\/ul>\n<p>Le jouet KONG Extreme pour chien est fait du caoutchouc KONG le plus solide et durable.<\/p>\n<p>Con\u00e7u pour les masticateurs les plus f\u00e9roces, le KONG Extreme offre un vrai d\u00e9fi aux chiens et leur permet de satisfaire leurs instincts.<\/p>\n<p>La formule unique du caoutchouc 100\u00a0% naturel du KONG est ultra-r\u00e9sistante et con\u00e7ue pour les masticateurs intenses, alors que son rebond d\u00e9concertant satisfait les chiens qui ont besoin de jouer. Vous voulez prolonger le moment de jeu\u00a0? Remplissez le jouet d\u2019app\u00e9tissantes croquettes pour chien.<\/p>\n","protected":false},"excerpt":{"rendered":"<p>La qualit\u00e9 des jouets KONG n&#8217;est plus \u00e0 d\u00e9montrer et sa grande r\u00e9sistance aux morsures est encore plus av\u00e9r\u00e9e avec le<strong> KONG EXTREME<\/strong>.<br \/>\nTr\u00e8s robuste, ce jouet pour chien est fabriqu\u00e9 en caoutchouc dur et r\u00e9siste aux m\u00e2choires les plus puissantes. Gr\u00e2ce \u00e0 sa forme sp\u00e9cifique, il rebondit de mani\u00e8re impr\u00e9visible pour divertir votre animal de compagnie.<br \/>\nCe jouet dispose d\u2019un trou en son milieu pour vous permettre de garnir ses friandises. Ce syst\u00e8me incite son instinct joueur et chasseur pour trouver sa nourriture.<\/p>\n","protected":false},"featured_media":592794,"template":"","meta":[],"product_cat":[12550,2698,2802,12621],"product_tag":[],"class_list":{"0":"post-35911","1":"product","2":"type-product","3":"status-publish","4":"has-post-thumbnail","6":"product_cat-accessoires-du-chien","7":"product_cat-chien","8":"product_cat-jouets-a-macher-pour-chien","9":"product_cat-jeux-educatifs-pour-chien","10":"pa_marque-kong","12":"first","13":"instock","14":"taxable","15":"shipping-taxable","16":"purchasable","17":"product-type-variable"},"yoast_head":"<!-- This site is optimized with the Yoast SEO plugin v27.3 - https:\/\/yoast.com\/product\/yoast-seo-wordpress\/ -->\n<title>Jouet Kong Extreme Kong - V\u00e9torino<\/title>\n<meta name=\"description\" content=\"La qualit\u00e9 des jouets KONG n&#039;est plus \u00e0 d\u00e9montrer et sa grande r\u00e9sistance aux morsures est encore plus av\u00e9r\u00e9e avec le KONG EXTREME. Tr\u00e8s robuste, ce jouet pour chien est fabriqu\u00e9 en caoutchouc dur et r\u00e9siste aux m\u00e2choires les plus puissantes. Gr\u00e2ce \u00e0 sa forme sp\u00e9cifique, il rebondit de mani\u00e8re impr\u00e9visible pour divertir votre animal de compagnie. Ce jouet dispose d\u2019un trou en son milieu pour vous permettre de garnir ses friandises. Ce syst\u00e8me incite son instinct joueur et chasseur pour trouver sa nourriture.\" \/>\n<meta name=\"robots\" content=\"noindex, nofollow\" \/>\n<meta property=\"og:locale\" content=\"fr_FR\" \/>\n<meta property=\"og:type\" content=\"article\" \/>\n<meta property=\"og:title\" content=\"Jouet Kong Extreme Kong - V\u00e9torino\" \/>\n<meta property=\"og:description\" content=\"La qualit\u00e9 des jouets KONG n&#039;est plus \u00e0 d\u00e9montrer et sa grande r\u00e9sistance aux morsures est encore plus av\u00e9r\u00e9e avec le KONG EXTREME. Tr\u00e8s robuste, ce jouet pour chien est fabriqu\u00e9 en caoutchouc dur et r\u00e9siste aux m\u00e2choires les plus puissantes. Gr\u00e2ce \u00e0 sa forme sp\u00e9cifique, il rebondit de mani\u00e8re impr\u00e9visible pour divertir votre animal de compagnie. Ce jouet dispose d\u2019un trou en son milieu pour vous permettre de garnir ses friandises. Ce syst\u00e8me incite son instinct joueur et chasseur pour trouver sa nourriture.\" \/>\n<meta property=\"og:url\" content=\"https:\/\/www.vetorino.com\/veterinaire\/plouzevede-29440\/boutique\/product\/jouet-kong-extreme\/\" \/>\n<meta property=\"og:site_name\" content=\"V\u00e9torino\" \/>\n<meta property=\"article:publisher\" content=\"https:\/\/www.facebook.com\/Vetorino\/\" \/>\n<meta property=\"article:modified_time\" content=\"2023-04-12T09:43:15+00:00\" \/>\n<meta property=\"og:image\" content=\"https:\/\/www.vetorino.com\/boutique\/wp-content\/uploads\/2022\/07\/jouet-extreme-kong-jouet-a-macher-ultra-resistant-pour-chien-kong.jpg\" \/>\n\t<meta property=\"og:image:width\" content=\"1650\" \/>\n\t<meta property=\"og:image:height\" content=\"1650\" \/>\n\t<meta property=\"og:image:type\" content=\"image\/jpeg\" \/>\n<meta name=\"twitter:card\" content=\"summary_large_image\" \/>\n<meta name=\"twitter:label1\" content=\"Disponibilit\u00e9\" \/>\n\t<meta name=\"twitter:data1\" content=\"En stock\" \/>\n<script type=\"application\/ld+json\" class=\"yoast-schema-graph\">{\"@context\":\"https:\\\/\\\/schema.org\",\"@graph\":[{\"@type\":\"WebPage\",\"@id\":\"https:\\\/\\\/www.vetorino.com\\\/boutique\\\/product\\\/jouet-kong-extreme\\\/\",\"url\":\"https:\\\/\\\/www.vetorino.com\\\/boutique\\\/product\\\/jouet-kong-extreme\\\/\",\"name\":\"Jouet Kong Extreme Kong - V\u00e9torino\",\"isPartOf\":{\"@id\":\"https:\\\/\\\/www.vetorino.com\\\/boutique\\\/#website\"},\"primaryImageOfPage\":{\"@id\":\"https:\\\/\\\/www.vetorino.com\\\/boutique\\\/product\\\/jouet-kong-extreme\\\/#primaryimage\"},\"image\":{\"@id\":\"https:\\\/\\\/www.vetorino.com\\\/boutique\\\/product\\\/jouet-kong-extreme\\\/#primaryimage\"},\"thumbnailUrl\":\"https:\\\/\\\/www.vetorino.com\\\/boutique\\\/wp-content\\\/uploads\\\/2022\\\/07\\\/jouet-extreme-kong-jouet-a-macher-ultra-resistant-pour-chien-kong.jpg\",\"datePublished\":\"2020-03-04T21:58:20+00:00\",\"dateModified\":\"2023-04-12T09:43:15+00:00\",\"description\":\"La qualit\u00e9 des jouets KONG n'est plus \u00e0 d\u00e9montrer et sa grande r\u00e9sistance aux morsures est encore plus av\u00e9r\u00e9e avec le KONG EXTREME. Tr\u00e8s robuste, ce jouet pour chien est fabriqu\u00e9 en caoutchouc dur et r\u00e9siste aux m\u00e2choires les plus puissantes. Gr\u00e2ce \u00e0 sa forme sp\u00e9cifique, il rebondit de mani\u00e8re impr\u00e9visible pour divertir votre animal de compagnie. Ce jouet dispose d\u2019un trou en son milieu pour vous permettre de garnir ses friandises. Ce syst\u00e8me incite son instinct joueur et chasseur pour trouver sa nourriture.\",\"breadcrumb\":{\"@id\":\"https:\\\/\\\/www.vetorino.com\\\/boutique\\\/product\\\/jouet-kong-extreme\\\/#breadcrumb\"},\"inLanguage\":\"fr-FR\",\"potentialAction\":[{\"@type\":\"ReadAction\",\"target\":[\"https:\\\/\\\/www.vetorino.com\\\/boutique\\\/product\\\/jouet-kong-extreme\\\/\"]}]},{\"@type\":\"ImageObject\",\"inLanguage\":\"fr-FR\",\"@id\":\"https:\\\/\\\/www.vetorino.com\\\/boutique\\\/product\\\/jouet-kong-extreme\\\/#primaryimage\",\"url\":\"https:\\\/\\\/www.vetorino.com\\\/boutique\\\/wp-content\\\/uploads\\\/2022\\\/07\\\/jouet-extreme-kong-jouet-a-macher-ultra-resistant-pour-chien-kong.jpg\",\"contentUrl\":\"https:\\\/\\\/www.vetorino.com\\\/boutique\\\/wp-content\\\/uploads\\\/2022\\\/07\\\/jouet-extreme-kong-jouet-a-macher-ultra-resistant-pour-chien-kong.jpg\",\"width\":1650,\"height\":1650},{\"@type\":\"BreadcrumbList\",\"@id\":\"https:\\\/\\\/www.vetorino.com\\\/boutique\\\/product\\\/jouet-kong-extreme\\\/#breadcrumb\",\"itemListElement\":[{\"@type\":\"ListItem\",\"position\":1,\"name\":\"Accueil\",\"item\":\"https:\\\/\\\/www.vetorino.com\\\/boutique\\\/\"},{\"@type\":\"ListItem\",\"position\":2,\"name\":\"Produits\",\"item\":\"https:\\\/\\\/www.vetorino.com\\\/boutique\\\/\"},{\"@type\":\"ListItem\",\"position\":3,\"name\":\"Jouet Kong Extreme\"}]},{\"@type\":\"WebSite\",\"@id\":\"https:\\\/\\\/www.vetorino.com\\\/boutique\\\/#website\",\"url\":\"https:\\\/\\\/www.vetorino.com\\\/boutique\\\/\",\"name\":\"V\u00e9torino\",\"description\":\"\",\"publisher\":{\"@id\":\"https:\\\/\\\/www.vetorino.com\\\/boutique\\\/#organization\"},\"potentialAction\":[{\"@type\":\"SearchAction\",\"target\":{\"@type\":\"EntryPoint\",\"urlTemplate\":\"https:\\\/\\\/www.vetorino.com\\\/boutique\\\/?s={search_term_string}\"},\"query-input\":{\"@type\":\"PropertyValueSpecification\",\"valueRequired\":true,\"valueName\":\"search_term_string\"}}],\"inLanguage\":\"fr-FR\"},{\"@type\":\"Organization\",\"@id\":\"https:\\\/\\\/www.vetorino.com\\\/boutique\\\/#organization\",\"name\":\"V\u00e9torino\",\"url\":\"https:\\\/\\\/www.vetorino.com\\\/boutique\\\/\",\"logo\":{\"@type\":\"ImageObject\",\"inLanguage\":\"fr-FR\",\"@id\":\"https:\\\/\\\/www.vetorino.com\\\/boutique\\\/#\\\/schema\\\/logo\\\/image\\\/\",\"url\":\"https:\\\/\\\/www.vetorino.com\\\/boutique\\\/wp-content\\\/uploads\\\/2024\\\/10\\\/logo.jpg\",\"contentUrl\":\"https:\\\/\\\/www.vetorino.com\\\/boutique\\\/wp-content\\\/uploads\\\/2024\\\/10\\\/logo.jpg\",\"width\":1200,\"height\":610,\"caption\":\"V\u00e9torino\"},\"image\":{\"@id\":\"https:\\\/\\\/www.vetorino.com\\\/boutique\\\/#\\\/schema\\\/logo\\\/image\\\/\"},\"sameAs\":[\"https:\\\/\\\/www.facebook.com\\\/Vetorino\\\/\",\"https:\\\/\\\/www.instagram.com\\\/vetorino_off\\\/\",\"https:\\\/\\\/www.linkedin.com\\\/company\\\/vtorino\\\/\"]}]}<\/script>\n<meta property=\"product:brand\" content=\"Kong\" \/>\n<meta property=\"og:availability\" content=\"instock\" \/>\n<meta property=\"product:availability\" content=\"instock\" \/>\n<meta property=\"product:condition\" content=\"new\" \/>\n<!-- \/ Yoast SEO plugin. -->","yoast_head_json":{"title":"Jouet Kong Extreme Kong - V\u00e9torino","description":"La qualit\u00e9 des jouets KONG n'est plus \u00e0 d\u00e9montrer et sa grande r\u00e9sistance aux morsures est encore plus av\u00e9r\u00e9e avec le KONG EXTREME. Tr\u00e8s robuste, ce jouet pour chien est fabriqu\u00e9 en caoutchouc dur et r\u00e9siste aux m\u00e2choires les plus puissantes. Gr\u00e2ce \u00e0 sa forme sp\u00e9cifique, il rebondit de mani\u00e8re impr\u00e9visible pour divertir votre animal de compagnie. Ce jouet dispose d\u2019un trou en son milieu pour vous permettre de garnir ses friandises. Ce syst\u00e8me incite son instinct joueur et chasseur pour trouver sa nourriture.","robots":{"index":"noindex","follow":"nofollow"},"og_locale":"fr_FR","og_type":"article","og_title":"Jouet Kong Extreme Kong - V\u00e9torino","og_description":"La qualit\u00e9 des jouets KONG n'est plus \u00e0 d\u00e9montrer et sa grande r\u00e9sistance aux morsures est encore plus av\u00e9r\u00e9e avec le KONG EXTREME. Tr\u00e8s robuste, ce jouet pour chien est fabriqu\u00e9 en caoutchouc dur et r\u00e9siste aux m\u00e2choires les plus puissantes. Gr\u00e2ce \u00e0 sa forme sp\u00e9cifique, il rebondit de mani\u00e8re impr\u00e9visible pour divertir votre animal de compagnie. Ce jouet dispose d\u2019un trou en son milieu pour vous permettre de garnir ses friandises. Ce syst\u00e8me incite son instinct joueur et chasseur pour trouver sa nourriture.","og_url":"https:\/\/www.vetorino.com\/veterinaire\/plouzevede-29440\/boutique\/product\/jouet-kong-extreme\/","og_site_name":"V\u00e9torino","article_publisher":"https:\/\/www.facebook.com\/Vetorino\/","article_modified_time":"2023-04-12T09:43:15+00:00","og_image":[{"width":1650,"height":1650,"url":"https:\/\/www.vetorino.com\/boutique\/wp-content\/uploads\/2022\/07\/jouet-extreme-kong-jouet-a-macher-ultra-resistant-pour-chien-kong.jpg","type":"image\/jpeg"}],"twitter_card":"summary_large_image","twitter_misc":{"Disponibilit\u00e9":"En stock"},"schema":{"@context":"https:\/\/schema.org","@graph":[{"@type":"WebPage","@id":"https:\/\/www.vetorino.com\/boutique\/product\/jouet-kong-extreme\/","url":"https:\/\/www.vetorino.com\/boutique\/product\/jouet-kong-extreme\/","name":"Jouet Kong Extreme Kong - V\u00e9torino","isPartOf":{"@id":"https:\/\/www.vetorino.com\/boutique\/#website"},"primaryImageOfPage":{"@id":"https:\/\/www.vetorino.com\/boutique\/product\/jouet-kong-extreme\/#primaryimage"},"image":{"@id":"https:\/\/www.vetorino.com\/boutique\/product\/jouet-kong-extreme\/#primaryimage"},"thumbnailUrl":"https:\/\/www.vetorino.com\/boutique\/wp-content\/uploads\/2022\/07\/jouet-extreme-kong-jouet-a-macher-ultra-resistant-pour-chien-kong.jpg","datePublished":"2020-03-04T21:58:20+00:00","dateModified":"2023-04-12T09:43:15+00:00","description":"La qualit\u00e9 des jouets KONG n'est plus \u00e0 d\u00e9montrer et sa grande r\u00e9sistance aux morsures est encore plus av\u00e9r\u00e9e avec le KONG EXTREME. Tr\u00e8s robuste, ce jouet pour chien est fabriqu\u00e9 en caoutchouc dur et r\u00e9siste aux m\u00e2choires les plus puissantes. Gr\u00e2ce \u00e0 sa forme sp\u00e9cifique, il rebondit de mani\u00e8re impr\u00e9visible pour divertir votre animal de compagnie. Ce jouet dispose d\u2019un trou en son milieu pour vous permettre de garnir ses friandises. Ce syst\u00e8me incite son instinct joueur et chasseur pour trouver sa nourriture.","breadcrumb":{"@id":"https:\/\/www.vetorino.com\/boutique\/product\/jouet-kong-extreme\/#breadcrumb"},"inLanguage":"fr-FR","potentialAction":[{"@type":"ReadAction","target":["https:\/\/www.vetorino.com\/boutique\/product\/jouet-kong-extreme\/"]}]},{"@type":"ImageObject","inLanguage":"fr-FR","@id":"https:\/\/www.vetorino.com\/boutique\/product\/jouet-kong-extreme\/#primaryimage","url":"https:\/\/www.vetorino.com\/boutique\/wp-content\/uploads\/2022\/07\/jouet-extreme-kong-jouet-a-macher-ultra-resistant-pour-chien-kong.jpg","contentUrl":"https:\/\/www.vetorino.com\/boutique\/wp-content\/uploads\/2022\/07\/jouet-extreme-kong-jouet-a-macher-ultra-resistant-pour-chien-kong.jpg","width":1650,"height":1650},{"@type":"BreadcrumbList","@id":"https:\/\/www.vetorino.com\/boutique\/product\/jouet-kong-extreme\/#breadcrumb","itemListElement":[{"@type":"ListItem","position":1,"name":"Accueil","item":"https:\/\/www.vetorino.com\/boutique\/"},{"@type":"ListItem","position":2,"name":"Produits","item":"https:\/\/www.vetorino.com\/boutique\/"},{"@type":"ListItem","position":3,"name":"Jouet Kong Extreme"}]},{"@type":"WebSite","@id":"https:\/\/www.vetorino.com\/boutique\/#website","url":"https:\/\/www.vetorino.com\/boutique\/","name":"V\u00e9torino","description":"","publisher":{"@id":"https:\/\/www.vetorino.com\/boutique\/#organization"},"potentialAction":[{"@type":"SearchAction","target":{"@type":"EntryPoint","urlTemplate":"https:\/\/www.vetorino.com\/boutique\/?s={search_term_string}"},"query-input":{"@type":"PropertyValueSpecification","valueRequired":true,"valueName":"search_term_string"}}],"inLanguage":"fr-FR"},{"@type":"Organization","@id":"https:\/\/www.vetorino.com\/boutique\/#organization","name":"V\u00e9torino","url":"https:\/\/www.vetorino.com\/boutique\/","logo":{"@type":"ImageObject","inLanguage":"fr-FR","@id":"https:\/\/www.vetorino.com\/boutique\/#\/schema\/logo\/image\/","url":"https:\/\/www.vetorino.com\/boutique\/wp-content\/uploads\/2024\/10\/logo.jpg","contentUrl":"https:\/\/www.vetorino.com\/boutique\/wp-content\/uploads\/2024\/10\/logo.jpg","width":1200,"height":610,"caption":"V\u00e9torino"},"image":{"@id":"https:\/\/www.vetorino.com\/boutique\/#\/schema\/logo\/image\/"},"sameAs":["https:\/\/www.facebook.com\/Vetorino\/","https:\/\/www.instagram.com\/vetorino_off\/","https:\/\/www.linkedin.com\/company\/vtorino\/"]}]},"product_brand":"Kong","og_availability":"instock","product_availability":"instock","product_condition":"new"},"_links":{"self":[{"href":"https:\/\/www.vetorino.com\/veterinaire\/plouzevede-29440\/boutique\/wp-json\/wp\/v2\/product\/35911","targetHints":{"allow":["GET"]}}],"collection":[{"href":"https:\/\/www.vetorino.com\/veterinaire\/plouzevede-29440\/boutique\/wp-json\/wp\/v2\/product"}],"about":[{"href":"https:\/\/www.vetorino.com\/veterinaire\/plouzevede-29440\/boutique\/wp-json\/wp\/v2\/types\/product"}],"wp:featuredmedia":[{"embeddable":true,"href":"https:\/\/www.vetorino.com\/veterinaire\/plouzevede-29440\/boutique\/wp-json\/wp\/v2\/media\/592794"}],"wp:attachment":[{"href":"https:\/\/www.vetorino.com\/veterinaire\/plouzevede-29440\/boutique\/wp-json\/wp\/v2\/media?parent=35911"}],"wp:term":[{"taxonomy":"product_cat","embeddable":true,"href":"https:\/\/www.vetorino.com\/veterinaire\/plouzevede-29440\/boutique\/wp-json\/wp\/v2\/product_cat?post=35911"},{"taxonomy":"product_tag","embeddable":true,"href":"https:\/\/www.vetorino.com\/veterinaire\/plouzevede-29440\/boutique\/wp-json\/wp\/v2\/product_tag?post=35911"}],"curies":[{"name":"wp","href":"https:\/\/api.w.org\/{rel}","templated":true}]}}