{"id":35950,"date":"2020-03-04T23:00:57","date_gmt":"2020-03-04T22:00:57","guid":{"rendered":"https:\/\/www.vetorino.com\/boutique\/product\/jouet-biosafe\/"},"modified":"2024-04-25T12:03:48","modified_gmt":"2024-04-25T10:03:48","slug":"jouet-biosafe","status":"publish","type":"product","link":"https:\/\/www.vetorino.com\/veterinaire\/plouzevede-29440\/boutique\/product\/jouet-biosafe\/","title":{"rendered":"Jouet Biosafe"},"content":{"rendered":"<p><strong>Gr\u00e2ce \u00e0 la technologie anti-microbienne Biocote, les jouets Biosafe \u00e9liminent naturellement pr\u00e8s de 99,5% des bact\u00e9ries et champignons<\/strong> pr\u00e9sents 2 heures apr\u00e8s utilisation.<\/p>\n<p>Id\u00e9al lorsque les enfants jouent avec votre chien. Par ailleurs, la dur\u00e9e de vie du jouet s&#8217;en trouve prolong\u00e9e. En plastique tr\u00e8s r\u00e9sistant, parfum\u00e9s aux zestes de fruits, flottants, les jouets Biosafe vont devenir les meilleurs amis du chien.<\/p>\n<p>En plastique mou tr\u00e9s r\u00e9sistant, parfum\u00e9s aux zestes de fruits et\u00a0flottants, les jouets Biosafe vont devenir les meilleurs amis de votre chien&#8230;et de votre maison !<\/p>\n<ul>\n<li>Jouet\u00a0en plastique mou et parfum\u00e9 incluant laTechnologie anti-microbienne Biocote non toxique.<\/li>\n<li>Le\u00a0jouet\u00a0Biosafe emp\u00eache\u00a0la croissance et \u00e9limine\u00a0naturellement pr\u00e8s de 99,5% des bact\u00e9ries et champignons\u00a0pr\u00e9sents\u00a02 heures apr\u00e8s utilisation.<\/li>\n<li>Jouet\u00a0avec reliefs qui permettent de masser les gencives et ainsi de reduire la plaque dentaire.<\/li>\n<li>Jouet id\u00e9al lorsque les enfants jouent avec votre chien.<\/li>\n<li>La dur\u00e9e de vie du jouet est\u00a0prolong\u00e9e.<\/li>\n<\/ul>\n","protected":false},"excerpt":{"rendered":"<div id=\"product-description-short-18105\">\n<p>En plastique mou tr\u00e9s r\u00e9sistant, parfum\u00e9s aux zestes de fruits et\u00a0flottants, les jouets Biosafe vont devenir les meilleurs amis de votre chien&#8230;et de votre maison !<\/p>\n<ul>\n<li><strong>Mati\u00e8re<\/strong>: Plastique mou<\/li>\n<li><strong>Couleur:\u00a0<\/strong>Suivant le\u00a0fruit<\/li>\n<li><strong>Taille:<\/strong>\u00a0Longueur 20 cm x largeur 7 cm<\/li>\n<\/ul>\n<\/div>\n","protected":false},"featured_media":905117,"template":"","meta":[],"product_cat":[12550,2698,12621],"product_tag":[],"class_list":{"0":"post-35950","1":"product","2":"type-product","3":"status-publish","4":"has-post-thumbnail","6":"product_cat-accessoires-du-chien","7":"product_cat-chien","8":"product_cat-jeux-educatifs-pour-chien","9":"pa_marque-rosewood","11":"first","12":"outofstock","13":"taxable","14":"shipping-taxable","15":"purchasable","16":"product-type-variable"},"yoast_head":"<!-- This site is optimized with the Yoast SEO plugin v27.3 - https:\/\/yoast.com\/product\/yoast-seo-wordpress\/ -->\n<title>Jouet Biosafe Rosewood - V\u00e9torino<\/title>\n<meta name=\"description\" content=\"En plastique mou tr\u00e9s r\u00e9sistant, parfum\u00e9s aux zestes de fruits et\u00a0flottants, les jouets Biosafe vont devenir les meilleurs amis de votre chien...et de votre maison !   Mati\u00e8re: Plastique mou  Couleur:\u00a0Suivant le\u00a0fruit  Taille:\u00a0Longueur 20 cm x largeur 7 cm\" \/>\n<meta name=\"robots\" content=\"noindex, nofollow\" \/>\n<meta property=\"og:locale\" content=\"fr_FR\" \/>\n<meta property=\"og:type\" content=\"article\" \/>\n<meta property=\"og:title\" content=\"Jouet Biosafe Rosewood - V\u00e9torino\" \/>\n<meta property=\"og:description\" content=\"En plastique mou tr\u00e9s r\u00e9sistant, parfum\u00e9s aux zestes de fruits et\u00a0flottants, les jouets Biosafe vont devenir les meilleurs amis de votre chien...et de votre maison !   Mati\u00e8re: Plastique mou  Couleur:\u00a0Suivant le\u00a0fruit  Taille:\u00a0Longueur 20 cm x largeur 7 cm\" \/>\n<meta property=\"og:url\" content=\"https:\/\/www.vetorino.com\/veterinaire\/plouzevede-29440\/boutique\/product\/jouet-biosafe\/\" \/>\n<meta property=\"og:site_name\" content=\"V\u00e9torino\" \/>\n<meta property=\"article:publisher\" content=\"https:\/\/www.facebook.com\/Vetorino\/\" \/>\n<meta property=\"article:modified_time\" content=\"2024-04-25T10:03:48+00:00\" \/>\n<meta property=\"og:image\" content=\"https:\/\/www.vetorino.com\/boutique\/wp-content\/uploads\/2020\/03\/8273045-1.jpg\" \/>\n\t<meta property=\"og:image:width\" content=\"567\" \/>\n\t<meta property=\"og:image:height\" content=\"567\" \/>\n\t<meta property=\"og:image:type\" content=\"image\/jpeg\" \/>\n<meta name=\"twitter:card\" content=\"summary_large_image\" \/>\n<meta name=\"twitter:label1\" content=\"Disponibilit\u00e9\" \/>\n\t<meta name=\"twitter:data1\" content=\"Rupture de stock\" \/>\n<script type=\"application\/ld+json\" class=\"yoast-schema-graph\">{\"@context\":\"https:\\\/\\\/schema.org\",\"@graph\":[{\"@type\":\"WebPage\",\"@id\":\"https:\\\/\\\/www.vetorino.com\\\/boutique\\\/product\\\/jouet-biosafe\\\/\",\"url\":\"https:\\\/\\\/www.vetorino.com\\\/boutique\\\/product\\\/jouet-biosafe\\\/\",\"name\":\"Jouet Biosafe Rosewood - V\u00e9torino\",\"isPartOf\":{\"@id\":\"https:\\\/\\\/www.vetorino.com\\\/boutique\\\/#website\"},\"primaryImageOfPage\":{\"@id\":\"https:\\\/\\\/www.vetorino.com\\\/boutique\\\/product\\\/jouet-biosafe\\\/#primaryimage\"},\"image\":{\"@id\":\"https:\\\/\\\/www.vetorino.com\\\/boutique\\\/product\\\/jouet-biosafe\\\/#primaryimage\"},\"thumbnailUrl\":\"https:\\\/\\\/www.vetorino.com\\\/boutique\\\/wp-content\\\/uploads\\\/2020\\\/03\\\/8273045-1.jpg\",\"datePublished\":\"2020-03-04T22:00:57+00:00\",\"dateModified\":\"2024-04-25T10:03:48+00:00\",\"description\":\"En plastique mou tr\u00e9s r\u00e9sistant, parfum\u00e9s aux zestes de fruits et\u00a0flottants, les jouets Biosafe vont devenir les meilleurs amis de votre chien...et de votre maison ! Mati\u00e8re: Plastique mou Couleur:\u00a0Suivant le\u00a0fruit Taille:\u00a0Longueur 20 cm x largeur 7 cm\",\"breadcrumb\":{\"@id\":\"https:\\\/\\\/www.vetorino.com\\\/boutique\\\/product\\\/jouet-biosafe\\\/#breadcrumb\"},\"inLanguage\":\"fr-FR\",\"potentialAction\":[{\"@type\":\"ReadAction\",\"target\":[\"https:\\\/\\\/www.vetorino.com\\\/boutique\\\/product\\\/jouet-biosafe\\\/\"]}]},{\"@type\":\"ImageObject\",\"inLanguage\":\"fr-FR\",\"@id\":\"https:\\\/\\\/www.vetorino.com\\\/boutique\\\/product\\\/jouet-biosafe\\\/#primaryimage\",\"url\":\"https:\\\/\\\/www.vetorino.com\\\/boutique\\\/wp-content\\\/uploads\\\/2020\\\/03\\\/8273045-1.jpg\",\"contentUrl\":\"https:\\\/\\\/www.vetorino.com\\\/boutique\\\/wp-content\\\/uploads\\\/2020\\\/03\\\/8273045-1.jpg\",\"width\":567,\"height\":567},{\"@type\":\"BreadcrumbList\",\"@id\":\"https:\\\/\\\/www.vetorino.com\\\/boutique\\\/product\\\/jouet-biosafe\\\/#breadcrumb\",\"itemListElement\":[{\"@type\":\"ListItem\",\"position\":1,\"name\":\"Accueil\",\"item\":\"https:\\\/\\\/www.vetorino.com\\\/boutique\\\/\"},{\"@type\":\"ListItem\",\"position\":2,\"name\":\"Produits\",\"item\":\"https:\\\/\\\/www.vetorino.com\\\/boutique\\\/\"},{\"@type\":\"ListItem\",\"position\":3,\"name\":\"Jouet Biosafe\"}]},{\"@type\":\"WebSite\",\"@id\":\"https:\\\/\\\/www.vetorino.com\\\/boutique\\\/#website\",\"url\":\"https:\\\/\\\/www.vetorino.com\\\/boutique\\\/\",\"name\":\"V\u00e9torino\",\"description\":\"\",\"publisher\":{\"@id\":\"https:\\\/\\\/www.vetorino.com\\\/boutique\\\/#organization\"},\"potentialAction\":[{\"@type\":\"SearchAction\",\"target\":{\"@type\":\"EntryPoint\",\"urlTemplate\":\"https:\\\/\\\/www.vetorino.com\\\/boutique\\\/?s={search_term_string}\"},\"query-input\":{\"@type\":\"PropertyValueSpecification\",\"valueRequired\":true,\"valueName\":\"search_term_string\"}}],\"inLanguage\":\"fr-FR\"},{\"@type\":\"Organization\",\"@id\":\"https:\\\/\\\/www.vetorino.com\\\/boutique\\\/#organization\",\"name\":\"V\u00e9torino\",\"url\":\"https:\\\/\\\/www.vetorino.com\\\/boutique\\\/\",\"logo\":{\"@type\":\"ImageObject\",\"inLanguage\":\"fr-FR\",\"@id\":\"https:\\\/\\\/www.vetorino.com\\\/boutique\\\/#\\\/schema\\\/logo\\\/image\\\/\",\"url\":\"https:\\\/\\\/www.vetorino.com\\\/boutique\\\/wp-content\\\/uploads\\\/2024\\\/10\\\/logo.jpg\",\"contentUrl\":\"https:\\\/\\\/www.vetorino.com\\\/boutique\\\/wp-content\\\/uploads\\\/2024\\\/10\\\/logo.jpg\",\"width\":1200,\"height\":610,\"caption\":\"V\u00e9torino\"},\"image\":{\"@id\":\"https:\\\/\\\/www.vetorino.com\\\/boutique\\\/#\\\/schema\\\/logo\\\/image\\\/\"},\"sameAs\":[\"https:\\\/\\\/www.facebook.com\\\/Vetorino\\\/\",\"https:\\\/\\\/www.instagram.com\\\/vetorino_off\\\/\",\"https:\\\/\\\/www.linkedin.com\\\/company\\\/vtorino\\\/\"]}]}<\/script>\n<meta property=\"product:brand\" content=\"Rosewood\" \/>\n<meta property=\"og:availability\" content=\"out of stock\" \/>\n<meta property=\"product:availability\" content=\"out of stock\" \/>\n<meta property=\"product:condition\" content=\"new\" \/>\n<!-- \/ Yoast SEO plugin. -->","yoast_head_json":{"title":"Jouet Biosafe Rosewood - V\u00e9torino","description":"En plastique mou tr\u00e9s r\u00e9sistant, parfum\u00e9s aux zestes de fruits et\u00a0flottants, les jouets Biosafe vont devenir les meilleurs amis de votre chien...et de votre maison !   Mati\u00e8re: Plastique mou  Couleur:\u00a0Suivant le\u00a0fruit  Taille:\u00a0Longueur 20 cm x largeur 7 cm","robots":{"index":"noindex","follow":"nofollow"},"og_locale":"fr_FR","og_type":"article","og_title":"Jouet Biosafe Rosewood - V\u00e9torino","og_description":"En plastique mou tr\u00e9s r\u00e9sistant, parfum\u00e9s aux zestes de fruits et\u00a0flottants, les jouets Biosafe vont devenir les meilleurs amis de votre chien...et de votre maison !   Mati\u00e8re: Plastique mou  Couleur:\u00a0Suivant le\u00a0fruit  Taille:\u00a0Longueur 20 cm x largeur 7 cm","og_url":"https:\/\/www.vetorino.com\/veterinaire\/plouzevede-29440\/boutique\/product\/jouet-biosafe\/","og_site_name":"V\u00e9torino","article_publisher":"https:\/\/www.facebook.com\/Vetorino\/","article_modified_time":"2024-04-25T10:03:48+00:00","og_image":[{"width":567,"height":567,"url":"https:\/\/www.vetorino.com\/boutique\/wp-content\/uploads\/2020\/03\/8273045-1.jpg","type":"image\/jpeg"}],"twitter_card":"summary_large_image","twitter_misc":{"Disponibilit\u00e9":"Rupture de stock"},"schema":{"@context":"https:\/\/schema.org","@graph":[{"@type":"WebPage","@id":"https:\/\/www.vetorino.com\/boutique\/product\/jouet-biosafe\/","url":"https:\/\/www.vetorino.com\/boutique\/product\/jouet-biosafe\/","name":"Jouet Biosafe Rosewood - V\u00e9torino","isPartOf":{"@id":"https:\/\/www.vetorino.com\/boutique\/#website"},"primaryImageOfPage":{"@id":"https:\/\/www.vetorino.com\/boutique\/product\/jouet-biosafe\/#primaryimage"},"image":{"@id":"https:\/\/www.vetorino.com\/boutique\/product\/jouet-biosafe\/#primaryimage"},"thumbnailUrl":"https:\/\/www.vetorino.com\/boutique\/wp-content\/uploads\/2020\/03\/8273045-1.jpg","datePublished":"2020-03-04T22:00:57+00:00","dateModified":"2024-04-25T10:03:48+00:00","description":"En plastique mou tr\u00e9s r\u00e9sistant, parfum\u00e9s aux zestes de fruits et\u00a0flottants, les jouets Biosafe vont devenir les meilleurs amis de votre chien...et de votre maison ! Mati\u00e8re: Plastique mou Couleur:\u00a0Suivant le\u00a0fruit Taille:\u00a0Longueur 20 cm x largeur 7 cm","breadcrumb":{"@id":"https:\/\/www.vetorino.com\/boutique\/product\/jouet-biosafe\/#breadcrumb"},"inLanguage":"fr-FR","potentialAction":[{"@type":"ReadAction","target":["https:\/\/www.vetorino.com\/boutique\/product\/jouet-biosafe\/"]}]},{"@type":"ImageObject","inLanguage":"fr-FR","@id":"https:\/\/www.vetorino.com\/boutique\/product\/jouet-biosafe\/#primaryimage","url":"https:\/\/www.vetorino.com\/boutique\/wp-content\/uploads\/2020\/03\/8273045-1.jpg","contentUrl":"https:\/\/www.vetorino.com\/boutique\/wp-content\/uploads\/2020\/03\/8273045-1.jpg","width":567,"height":567},{"@type":"BreadcrumbList","@id":"https:\/\/www.vetorino.com\/boutique\/product\/jouet-biosafe\/#breadcrumb","itemListElement":[{"@type":"ListItem","position":1,"name":"Accueil","item":"https:\/\/www.vetorino.com\/boutique\/"},{"@type":"ListItem","position":2,"name":"Produits","item":"https:\/\/www.vetorino.com\/boutique\/"},{"@type":"ListItem","position":3,"name":"Jouet Biosafe"}]},{"@type":"WebSite","@id":"https:\/\/www.vetorino.com\/boutique\/#website","url":"https:\/\/www.vetorino.com\/boutique\/","name":"V\u00e9torino","description":"","publisher":{"@id":"https:\/\/www.vetorino.com\/boutique\/#organization"},"potentialAction":[{"@type":"SearchAction","target":{"@type":"EntryPoint","urlTemplate":"https:\/\/www.vetorino.com\/boutique\/?s={search_term_string}"},"query-input":{"@type":"PropertyValueSpecification","valueRequired":true,"valueName":"search_term_string"}}],"inLanguage":"fr-FR"},{"@type":"Organization","@id":"https:\/\/www.vetorino.com\/boutique\/#organization","name":"V\u00e9torino","url":"https:\/\/www.vetorino.com\/boutique\/","logo":{"@type":"ImageObject","inLanguage":"fr-FR","@id":"https:\/\/www.vetorino.com\/boutique\/#\/schema\/logo\/image\/","url":"https:\/\/www.vetorino.com\/boutique\/wp-content\/uploads\/2024\/10\/logo.jpg","contentUrl":"https:\/\/www.vetorino.com\/boutique\/wp-content\/uploads\/2024\/10\/logo.jpg","width":1200,"height":610,"caption":"V\u00e9torino"},"image":{"@id":"https:\/\/www.vetorino.com\/boutique\/#\/schema\/logo\/image\/"},"sameAs":["https:\/\/www.facebook.com\/Vetorino\/","https:\/\/www.instagram.com\/vetorino_off\/","https:\/\/www.linkedin.com\/company\/vtorino\/"]}]},"product_brand":"Rosewood","og_availability":"out of stock","product_availability":"out of stock","product_condition":"new"},"_links":{"self":[{"href":"https:\/\/www.vetorino.com\/veterinaire\/plouzevede-29440\/boutique\/wp-json\/wp\/v2\/product\/35950","targetHints":{"allow":["GET"]}}],"collection":[{"href":"https:\/\/www.vetorino.com\/veterinaire\/plouzevede-29440\/boutique\/wp-json\/wp\/v2\/product"}],"about":[{"href":"https:\/\/www.vetorino.com\/veterinaire\/plouzevede-29440\/boutique\/wp-json\/wp\/v2\/types\/product"}],"wp:featuredmedia":[{"embeddable":true,"href":"https:\/\/www.vetorino.com\/veterinaire\/plouzevede-29440\/boutique\/wp-json\/wp\/v2\/media\/905117"}],"wp:attachment":[{"href":"https:\/\/www.vetorino.com\/veterinaire\/plouzevede-29440\/boutique\/wp-json\/wp\/v2\/media?parent=35950"}],"wp:term":[{"taxonomy":"product_cat","embeddable":true,"href":"https:\/\/www.vetorino.com\/veterinaire\/plouzevede-29440\/boutique\/wp-json\/wp\/v2\/product_cat?post=35950"},{"taxonomy":"product_tag","embeddable":true,"href":"https:\/\/www.vetorino.com\/veterinaire\/plouzevede-29440\/boutique\/wp-json\/wp\/v2\/product_tag?post=35950"}],"curies":[{"name":"wp","href":"https:\/\/api.w.org\/{rel}","templated":true}]}}