{"id":36019,"date":"2020-03-04T23:01:21","date_gmt":"2020-03-04T22:01:21","guid":{"rendered":"https:\/\/www.vetorino.com\/boutique\/product\/dermoscent-essential-6-sebo-shampooing\/"},"modified":"2024-06-18T11:43:22","modified_gmt":"2024-06-18T09:43:22","slug":"dermoscent-essential-6-sebo-shampooing","status":"publish","type":"product","link":"https:\/\/www.vetorino.com\/veterinaire\/plouzevede-29440\/boutique\/product\/dermoscent-essential-6-sebo-shampooing\/","title":{"rendered":"Essential 6 Sebo Shampoo"},"content":{"rendered":"<p>Essential 6 Sebo Shampoo est un <strong>shampooing s\u00e9bo-r\u00e9gulateur<\/strong>apportant\u00a0<strong>une r\u00e9ponse efficace aux d\u00e9s\u00e9quilibres cutan\u00e9es\u00a0<\/strong>et \u00e0 leurs cons\u00e9quences.<\/p>\n<p><strong>Utilisation :<\/strong><\/p>\n<ul>\n<li>Peau s\u00e8che et squameuse, ou grasse.<\/li>\n<li>Poils ternes, cassants, avec une perte de poils significative.<\/li>\n<li>Mauvaise odeur.<\/li>\n<\/ul>\n<p><strong>Mode d&#8217;emploi :<\/strong><\/p>\n<ul>\n<li>Appliquer le shampooing sur le pelage pr\u00e9alablement mouill\u00e9 \u00e0 l\u2019eau ti\u00e8de.<\/li>\n<li>R\u00e9partir en massant pour d\u00e9velopper une mousse onctueuse sur tout le corps.<\/li>\n<li>Laisser agir pendant au moins 2 minutes.<\/li>\n<li>Rincer abondamment puis s\u00e9cher l\u2019animal.<\/li>\n<\/ul>\n<p><strong>Avantages :<\/strong><\/p>\n<ul>\n<li>Elabor\u00e9 <strong>sp\u00e9cifiquement pour la peau sensible des animaux<\/strong>, ce shampooing peut \u00eatre utilis\u00e9 une \u00e0 plusieurs fois par semaine.<\/li>\n<li>L\u2019efficacit\u00e9 d\u2019Essential 6 Sebo Shampoo a \u00e9t\u00e9 <strong>prouv\u00e9e gr\u00e2ce \u00e0 une \u00e9tude clinique<\/strong> r\u00e9alis\u00e9e sous\u00a0 contr\u00f4le v\u00e9t\u00e9rinaire.<\/li>\n<li><strong>Nettoie<\/strong>\u00a0en douceur gr\u00e2ce \u00e0 sa base lavante haute tol\u00e9rance sans savon.<\/li>\n<li><strong>Elimine<\/strong>\u00a0efficacement\u00a0<strong>les pellicules.<\/strong><\/li>\n<li>Permet de<strong> d\u00e9sodoriser.<\/strong><\/li>\n<li><strong>R\u00e9\u00e9quilibre<\/strong>\u00a0la peau et le pelage.<\/li>\n<\/ul>\n","protected":false},"excerpt":{"rendered":"<p>Essential 6 Sebo Shampoo est un <strong>shampooing s\u00e9bo-r\u00e9gulateur<\/strong>apportant\u00a0<strong>une r\u00e9ponse efficace aux d\u00e9s\u00e9quilibres cutan\u00e9es <\/strong>et \u00e0 leurs cons\u00e9quences.<\/p>\n<p><strong>Utilisation :<\/strong><\/p>\n<ul>\n<li>Peau s\u00e8che et squameuse, ou grasse.<\/li>\n<li>Poils ternes, cassants, avec une perte de poils significative.<\/li>\n<li>Mauvaise odeur.<\/li>\n<\/ul>\n","protected":false},"featured_media":950643,"template":"","meta":[],"product_cat":[2697,2698,12611,12612,12560,12561],"product_tag":[],"class_list":{"0":"post-36019","1":"product","2":"type-product","3":"status-publish","4":"has-post-thumbnail","6":"product_cat-chat","7":"product_cat-chien","8":"product_cat-hygiene-de-la-peau-et-du-pelage-du-chat","9":"product_cat-hygiene-de-la-peau-et-du-pelage-du-chien","10":"product_cat-hygiene-du-chat","11":"product_cat-hygiene-du-chien","12":"pa_marque-dermoscent","14":"first","15":"instock","16":"taxable","17":"shipping-taxable","18":"purchasable","19":"product-type-variable"},"yoast_head":"<!-- This site is optimized with the Yoast SEO plugin v27.3 - https:\/\/yoast.com\/product\/yoast-seo-wordpress\/ -->\n<title>Essential 6 Sebo Shampoo Dermoscent - V\u00e9torino<\/title>\n<meta name=\"description\" content=\"Essential 6 Sebo Shampoo est un shampooing s\u00e9bo-r\u00e9gulateurapportant\u00a0une r\u00e9ponse efficace aux d\u00e9s\u00e9quilibres cutan\u00e9es et \u00e0 leurs cons\u00e9quences.  Utilisation :   Peau s\u00e8che et squameuse, ou grasse.  Poils ternes, cassants, avec une perte de poils significative.  Mauvaise odeur.\" \/>\n<meta name=\"robots\" content=\"noindex, nofollow\" \/>\n<meta property=\"og:locale\" content=\"fr_FR\" \/>\n<meta property=\"og:type\" content=\"article\" \/>\n<meta property=\"og:title\" content=\"Essential 6 Sebo Shampoo Dermoscent - V\u00e9torino\" \/>\n<meta property=\"og:description\" content=\"Essential 6 Sebo Shampoo est un shampooing s\u00e9bo-r\u00e9gulateurapportant\u00a0une r\u00e9ponse efficace aux d\u00e9s\u00e9quilibres cutan\u00e9es et \u00e0 leurs cons\u00e9quences.  Utilisation :   Peau s\u00e8che et squameuse, ou grasse.  Poils ternes, cassants, avec une perte de poils significative.  Mauvaise odeur.\" \/>\n<meta property=\"og:url\" content=\"https:\/\/www.vetorino.com\/veterinaire\/plouzevede-29440\/boutique\/product\/dermoscent-essential-6-sebo-shampooing\/\" \/>\n<meta property=\"og:site_name\" content=\"V\u00e9torino\" \/>\n<meta property=\"article:publisher\" content=\"https:\/\/www.facebook.com\/Vetorino\/\" \/>\n<meta property=\"article:modified_time\" content=\"2024-06-18T09:43:22+00:00\" \/>\n<meta property=\"og:image\" content=\"https:\/\/www.vetorino.com\/boutique\/wp-content\/uploads\/2020\/03\/essential-6-sebo-shampoo.png\" \/>\n\t<meta property=\"og:image:width\" content=\"540\" \/>\n\t<meta property=\"og:image:height\" content=\"540\" \/>\n\t<meta property=\"og:image:type\" content=\"image\/png\" \/>\n<meta name=\"twitter:card\" content=\"summary_large_image\" \/>\n<meta name=\"twitter:label1\" content=\"Disponibilit\u00e9\" \/>\n\t<meta name=\"twitter:data1\" content=\"En stock\" \/>\n<script type=\"application\/ld+json\" class=\"yoast-schema-graph\">{\"@context\":\"https:\\\/\\\/schema.org\",\"@graph\":[{\"@type\":\"WebPage\",\"@id\":\"https:\\\/\\\/www.vetorino.com\\\/boutique\\\/product\\\/dermoscent-essential-6-sebo-shampooing\\\/\",\"url\":\"https:\\\/\\\/www.vetorino.com\\\/boutique\\\/product\\\/dermoscent-essential-6-sebo-shampooing\\\/\",\"name\":\"Essential 6 Sebo Shampoo Dermoscent - V\u00e9torino\",\"isPartOf\":{\"@id\":\"https:\\\/\\\/www.vetorino.com\\\/boutique\\\/#website\"},\"primaryImageOfPage\":{\"@id\":\"https:\\\/\\\/www.vetorino.com\\\/boutique\\\/product\\\/dermoscent-essential-6-sebo-shampooing\\\/#primaryimage\"},\"image\":{\"@id\":\"https:\\\/\\\/www.vetorino.com\\\/boutique\\\/product\\\/dermoscent-essential-6-sebo-shampooing\\\/#primaryimage\"},\"thumbnailUrl\":\"https:\\\/\\\/www.vetorino.com\\\/boutique\\\/wp-content\\\/uploads\\\/2020\\\/03\\\/essential-6-sebo-shampoo.png\",\"datePublished\":\"2020-03-04T22:01:21+00:00\",\"dateModified\":\"2024-06-18T09:43:22+00:00\",\"description\":\"Essential 6 Sebo Shampoo est un shampooing s\u00e9bo-r\u00e9gulateurapportant\u00a0une r\u00e9ponse efficace aux d\u00e9s\u00e9quilibres cutan\u00e9es et \u00e0 leurs cons\u00e9quences. Utilisation : Peau s\u00e8che et squameuse, ou grasse. Poils ternes, cassants, avec une perte de poils significative. Mauvaise odeur.\",\"breadcrumb\":{\"@id\":\"https:\\\/\\\/www.vetorino.com\\\/boutique\\\/product\\\/dermoscent-essential-6-sebo-shampooing\\\/#breadcrumb\"},\"inLanguage\":\"fr-FR\",\"potentialAction\":[{\"@type\":\"ReadAction\",\"target\":[\"https:\\\/\\\/www.vetorino.com\\\/boutique\\\/product\\\/dermoscent-essential-6-sebo-shampooing\\\/\"]}]},{\"@type\":\"ImageObject\",\"inLanguage\":\"fr-FR\",\"@id\":\"https:\\\/\\\/www.vetorino.com\\\/boutique\\\/product\\\/dermoscent-essential-6-sebo-shampooing\\\/#primaryimage\",\"url\":\"https:\\\/\\\/www.vetorino.com\\\/boutique\\\/wp-content\\\/uploads\\\/2020\\\/03\\\/essential-6-sebo-shampoo.png\",\"contentUrl\":\"https:\\\/\\\/www.vetorino.com\\\/boutique\\\/wp-content\\\/uploads\\\/2020\\\/03\\\/essential-6-sebo-shampoo.png\",\"width\":540,\"height\":540},{\"@type\":\"BreadcrumbList\",\"@id\":\"https:\\\/\\\/www.vetorino.com\\\/boutique\\\/product\\\/dermoscent-essential-6-sebo-shampooing\\\/#breadcrumb\",\"itemListElement\":[{\"@type\":\"ListItem\",\"position\":1,\"name\":\"Accueil\",\"item\":\"https:\\\/\\\/www.vetorino.com\\\/boutique\\\/\"},{\"@type\":\"ListItem\",\"position\":2,\"name\":\"Produits\",\"item\":\"https:\\\/\\\/www.vetorino.com\\\/boutique\\\/\"},{\"@type\":\"ListItem\",\"position\":3,\"name\":\"Essential 6 Sebo Shampoo\"}]},{\"@type\":\"WebSite\",\"@id\":\"https:\\\/\\\/www.vetorino.com\\\/boutique\\\/#website\",\"url\":\"https:\\\/\\\/www.vetorino.com\\\/boutique\\\/\",\"name\":\"V\u00e9torino\",\"description\":\"\",\"publisher\":{\"@id\":\"https:\\\/\\\/www.vetorino.com\\\/boutique\\\/#organization\"},\"potentialAction\":[{\"@type\":\"SearchAction\",\"target\":{\"@type\":\"EntryPoint\",\"urlTemplate\":\"https:\\\/\\\/www.vetorino.com\\\/boutique\\\/?s={search_term_string}\"},\"query-input\":{\"@type\":\"PropertyValueSpecification\",\"valueRequired\":true,\"valueName\":\"search_term_string\"}}],\"inLanguage\":\"fr-FR\"},{\"@type\":\"Organization\",\"@id\":\"https:\\\/\\\/www.vetorino.com\\\/boutique\\\/#organization\",\"name\":\"V\u00e9torino\",\"url\":\"https:\\\/\\\/www.vetorino.com\\\/boutique\\\/\",\"logo\":{\"@type\":\"ImageObject\",\"inLanguage\":\"fr-FR\",\"@id\":\"https:\\\/\\\/www.vetorino.com\\\/boutique\\\/#\\\/schema\\\/logo\\\/image\\\/\",\"url\":\"https:\\\/\\\/www.vetorino.com\\\/boutique\\\/wp-content\\\/uploads\\\/2024\\\/10\\\/logo.jpg\",\"contentUrl\":\"https:\\\/\\\/www.vetorino.com\\\/boutique\\\/wp-content\\\/uploads\\\/2024\\\/10\\\/logo.jpg\",\"width\":1200,\"height\":610,\"caption\":\"V\u00e9torino\"},\"image\":{\"@id\":\"https:\\\/\\\/www.vetorino.com\\\/boutique\\\/#\\\/schema\\\/logo\\\/image\\\/\"},\"sameAs\":[\"https:\\\/\\\/www.facebook.com\\\/Vetorino\\\/\",\"https:\\\/\\\/www.instagram.com\\\/vetorino_off\\\/\",\"https:\\\/\\\/www.linkedin.com\\\/company\\\/vtorino\\\/\"]}]}<\/script>\n<meta property=\"product:brand\" content=\"Dermoscent\" \/>\n<meta property=\"og:availability\" content=\"instock\" \/>\n<meta property=\"product:availability\" content=\"instock\" \/>\n<meta property=\"product:condition\" content=\"new\" \/>\n<!-- \/ Yoast SEO plugin. -->","yoast_head_json":{"title":"Essential 6 Sebo Shampoo Dermoscent - V\u00e9torino","description":"Essential 6 Sebo Shampoo est un shampooing s\u00e9bo-r\u00e9gulateurapportant\u00a0une r\u00e9ponse efficace aux d\u00e9s\u00e9quilibres cutan\u00e9es et \u00e0 leurs cons\u00e9quences.  Utilisation :   Peau s\u00e8che et squameuse, ou grasse.  Poils ternes, cassants, avec une perte de poils significative.  Mauvaise odeur.","robots":{"index":"noindex","follow":"nofollow"},"og_locale":"fr_FR","og_type":"article","og_title":"Essential 6 Sebo Shampoo Dermoscent - V\u00e9torino","og_description":"Essential 6 Sebo Shampoo est un shampooing s\u00e9bo-r\u00e9gulateurapportant\u00a0une r\u00e9ponse efficace aux d\u00e9s\u00e9quilibres cutan\u00e9es et \u00e0 leurs cons\u00e9quences.  Utilisation :   Peau s\u00e8che et squameuse, ou grasse.  Poils ternes, cassants, avec une perte de poils significative.  Mauvaise odeur.","og_url":"https:\/\/www.vetorino.com\/veterinaire\/plouzevede-29440\/boutique\/product\/dermoscent-essential-6-sebo-shampooing\/","og_site_name":"V\u00e9torino","article_publisher":"https:\/\/www.facebook.com\/Vetorino\/","article_modified_time":"2024-06-18T09:43:22+00:00","og_image":[{"width":540,"height":540,"url":"https:\/\/www.vetorino.com\/boutique\/wp-content\/uploads\/2020\/03\/essential-6-sebo-shampoo.png","type":"image\/png"}],"twitter_card":"summary_large_image","twitter_misc":{"Disponibilit\u00e9":"En stock"},"schema":{"@context":"https:\/\/schema.org","@graph":[{"@type":"WebPage","@id":"https:\/\/www.vetorino.com\/boutique\/product\/dermoscent-essential-6-sebo-shampooing\/","url":"https:\/\/www.vetorino.com\/boutique\/product\/dermoscent-essential-6-sebo-shampooing\/","name":"Essential 6 Sebo Shampoo Dermoscent - V\u00e9torino","isPartOf":{"@id":"https:\/\/www.vetorino.com\/boutique\/#website"},"primaryImageOfPage":{"@id":"https:\/\/www.vetorino.com\/boutique\/product\/dermoscent-essential-6-sebo-shampooing\/#primaryimage"},"image":{"@id":"https:\/\/www.vetorino.com\/boutique\/product\/dermoscent-essential-6-sebo-shampooing\/#primaryimage"},"thumbnailUrl":"https:\/\/www.vetorino.com\/boutique\/wp-content\/uploads\/2020\/03\/essential-6-sebo-shampoo.png","datePublished":"2020-03-04T22:01:21+00:00","dateModified":"2024-06-18T09:43:22+00:00","description":"Essential 6 Sebo Shampoo est un shampooing s\u00e9bo-r\u00e9gulateurapportant\u00a0une r\u00e9ponse efficace aux d\u00e9s\u00e9quilibres cutan\u00e9es et \u00e0 leurs cons\u00e9quences. Utilisation : Peau s\u00e8che et squameuse, ou grasse. Poils ternes, cassants, avec une perte de poils significative. Mauvaise odeur.","breadcrumb":{"@id":"https:\/\/www.vetorino.com\/boutique\/product\/dermoscent-essential-6-sebo-shampooing\/#breadcrumb"},"inLanguage":"fr-FR","potentialAction":[{"@type":"ReadAction","target":["https:\/\/www.vetorino.com\/boutique\/product\/dermoscent-essential-6-sebo-shampooing\/"]}]},{"@type":"ImageObject","inLanguage":"fr-FR","@id":"https:\/\/www.vetorino.com\/boutique\/product\/dermoscent-essential-6-sebo-shampooing\/#primaryimage","url":"https:\/\/www.vetorino.com\/boutique\/wp-content\/uploads\/2020\/03\/essential-6-sebo-shampoo.png","contentUrl":"https:\/\/www.vetorino.com\/boutique\/wp-content\/uploads\/2020\/03\/essential-6-sebo-shampoo.png","width":540,"height":540},{"@type":"BreadcrumbList","@id":"https:\/\/www.vetorino.com\/boutique\/product\/dermoscent-essential-6-sebo-shampooing\/#breadcrumb","itemListElement":[{"@type":"ListItem","position":1,"name":"Accueil","item":"https:\/\/www.vetorino.com\/boutique\/"},{"@type":"ListItem","position":2,"name":"Produits","item":"https:\/\/www.vetorino.com\/boutique\/"},{"@type":"ListItem","position":3,"name":"Essential 6 Sebo Shampoo"}]},{"@type":"WebSite","@id":"https:\/\/www.vetorino.com\/boutique\/#website","url":"https:\/\/www.vetorino.com\/boutique\/","name":"V\u00e9torino","description":"","publisher":{"@id":"https:\/\/www.vetorino.com\/boutique\/#organization"},"potentialAction":[{"@type":"SearchAction","target":{"@type":"EntryPoint","urlTemplate":"https:\/\/www.vetorino.com\/boutique\/?s={search_term_string}"},"query-input":{"@type":"PropertyValueSpecification","valueRequired":true,"valueName":"search_term_string"}}],"inLanguage":"fr-FR"},{"@type":"Organization","@id":"https:\/\/www.vetorino.com\/boutique\/#organization","name":"V\u00e9torino","url":"https:\/\/www.vetorino.com\/boutique\/","logo":{"@type":"ImageObject","inLanguage":"fr-FR","@id":"https:\/\/www.vetorino.com\/boutique\/#\/schema\/logo\/image\/","url":"https:\/\/www.vetorino.com\/boutique\/wp-content\/uploads\/2024\/10\/logo.jpg","contentUrl":"https:\/\/www.vetorino.com\/boutique\/wp-content\/uploads\/2024\/10\/logo.jpg","width":1200,"height":610,"caption":"V\u00e9torino"},"image":{"@id":"https:\/\/www.vetorino.com\/boutique\/#\/schema\/logo\/image\/"},"sameAs":["https:\/\/www.facebook.com\/Vetorino\/","https:\/\/www.instagram.com\/vetorino_off\/","https:\/\/www.linkedin.com\/company\/vtorino\/"]}]},"product_brand":"Dermoscent","og_availability":"instock","product_availability":"instock","product_condition":"new"},"_links":{"self":[{"href":"https:\/\/www.vetorino.com\/veterinaire\/plouzevede-29440\/boutique\/wp-json\/wp\/v2\/product\/36019","targetHints":{"allow":["GET"]}}],"collection":[{"href":"https:\/\/www.vetorino.com\/veterinaire\/plouzevede-29440\/boutique\/wp-json\/wp\/v2\/product"}],"about":[{"href":"https:\/\/www.vetorino.com\/veterinaire\/plouzevede-29440\/boutique\/wp-json\/wp\/v2\/types\/product"}],"wp:featuredmedia":[{"embeddable":true,"href":"https:\/\/www.vetorino.com\/veterinaire\/plouzevede-29440\/boutique\/wp-json\/wp\/v2\/media\/950643"}],"wp:attachment":[{"href":"https:\/\/www.vetorino.com\/veterinaire\/plouzevede-29440\/boutique\/wp-json\/wp\/v2\/media?parent=36019"}],"wp:term":[{"taxonomy":"product_cat","embeddable":true,"href":"https:\/\/www.vetorino.com\/veterinaire\/plouzevede-29440\/boutique\/wp-json\/wp\/v2\/product_cat?post=36019"},{"taxonomy":"product_tag","embeddable":true,"href":"https:\/\/www.vetorino.com\/veterinaire\/plouzevede-29440\/boutique\/wp-json\/wp\/v2\/product_tag?post=36019"}],"curies":[{"name":"wp","href":"https:\/\/api.w.org\/{rel}","templated":true}]}}