{"id":36035,"date":"2020-03-04T23:01:27","date_gmt":"2020-03-04T22:01:27","guid":{"rendered":"https:\/\/www.vetorino.com\/boutique\/product\/jouet-kong-safestix\/"},"modified":"2024-08-26T10:15:59","modified_gmt":"2024-08-26T08:15:59","slug":"jouet-kong-safestix","status":"publish","type":"product","link":"https:\/\/www.vetorino.com\/veterinaire\/plouzevede-29440\/boutique\/product\/jouet-kong-safestix\/","title":{"rendered":"Jouet Safestix"},"content":{"rendered":"<p><strong>KONG Safestix<\/strong> est id\u00e9al pour les s\u00e9ances de lancer et rapporter.<br \/>\n<strong>KONG Safestix<\/strong> est en plastique robuste et offre de nombreuses possibilit\u00e9s de jeu interactives pour les chiens. Safestix est flottant, il peut donc \u00eatre \u00e9galement apport\u00e9 hors de l\u2019eau.<\/p>\n<p><strong>Information importante :<\/strong><br \/>\n<strong>Il n\u2019est malheureusement pas possible de choisir la couleur au pr\u00e9alable (vert, bleu ou rouge) car l\u2019article exp\u00e9di\u00e9 est choisi au hasard.<\/strong><\/p>\n<ul>\n<li>Jouet pour animaux !<\/li>\n<li>Veuillez surveiller votre animal lors de l&#8217;utilisation.<\/li>\n<li>Malgr\u00e9 sa haute qualit\u00e9 &#8211; aucun article n&#8217;est indestructible.<\/li>\n<li>Les jouets trop petits peuvent \u00eatre facilement aval\u00e9s.<\/li>\n<li>Veuillez choisir l&#8217;article en fonction de la taille de la gueule de l\u2019animal.<\/li>\n<\/ul>\n","protected":false},"excerpt":{"rendered":"<p><strong>KONG Safestix est un fabuleux jouet pour chien \u00e0 lancer et \u00e0 rapporter.<\/strong><\/p>\n<p>Compos\u00e9s d&#8217;une pi\u00e8ce unique de mati\u00e8re souple pour une plus grande s\u00e9curit\u00e9, ces jouets encouragent l&#8217;exercice physique et incitent votre chien \u00e0 s&#8217;amuser.<\/p>\n","protected":false},"featured_media":616162,"template":"","meta":[],"product_cat":[12550,2698,12621],"product_tag":[],"class_list":{"0":"post-36035","1":"product","2":"type-product","3":"status-publish","4":"has-post-thumbnail","6":"product_cat-accessoires-du-chien","7":"product_cat-chien","8":"product_cat-jeux-educatifs-pour-chien","9":"pa_marque-kong","11":"first","12":"instock","13":"taxable","14":"shipping-taxable","15":"purchasable","16":"product-type-variable"},"yoast_head":"<!-- This site is optimized with the Yoast SEO plugin v27.3 - https:\/\/yoast.com\/product\/yoast-seo-wordpress\/ -->\n<title>Jouet Safestix Kong - V\u00e9torino<\/title>\n<meta name=\"description\" content=\"KONG Safestix est un fabuleux jouet pour chien \u00e0 lancer et \u00e0 rapporter.  Compos\u00e9s d&#039;une pi\u00e8ce unique de mati\u00e8re souple pour une plus grande s\u00e9curit\u00e9, ces jouets encouragent l&#039;exercice physique et incitent votre chien \u00e0 s&#039;amuser.\" \/>\n<meta name=\"robots\" content=\"noindex, nofollow\" \/>\n<meta property=\"og:locale\" content=\"fr_FR\" \/>\n<meta property=\"og:type\" content=\"article\" \/>\n<meta property=\"og:title\" content=\"Jouet Safestix Kong - V\u00e9torino\" \/>\n<meta property=\"og:description\" content=\"KONG Safestix est un fabuleux jouet pour chien \u00e0 lancer et \u00e0 rapporter.  Compos\u00e9s d&#039;une pi\u00e8ce unique de mati\u00e8re souple pour une plus grande s\u00e9curit\u00e9, ces jouets encouragent l&#039;exercice physique et incitent votre chien \u00e0 s&#039;amuser.\" \/>\n<meta property=\"og:url\" content=\"https:\/\/www.vetorino.com\/veterinaire\/plouzevede-29440\/boutique\/product\/jouet-kong-safestix\/\" \/>\n<meta property=\"og:site_name\" content=\"V\u00e9torino\" \/>\n<meta property=\"article:publisher\" content=\"https:\/\/www.facebook.com\/Vetorino\/\" \/>\n<meta property=\"article:modified_time\" content=\"2024-08-26T08:15:59+00:00\" \/>\n<meta property=\"og:image\" content=\"https:\/\/www.vetorino.com\/boutique\/wp-content\/uploads\/2020\/03\/093b7c4467244e80f09f436bce5f7d412b5adb7e_b242ce7ec7cbe49daa6b3fa904290bdcc643a023.png\" \/>\n\t<meta property=\"og:image:width\" content=\"800\" \/>\n\t<meta property=\"og:image:height\" content=\"800\" \/>\n\t<meta property=\"og:image:type\" content=\"image\/png\" \/>\n<meta name=\"twitter:card\" content=\"summary_large_image\" \/>\n<meta name=\"twitter:label1\" content=\"Disponibilit\u00e9\" \/>\n\t<meta name=\"twitter:data1\" content=\"En stock\" \/>\n<script type=\"application\/ld+json\" class=\"yoast-schema-graph\">{\"@context\":\"https:\\\/\\\/schema.org\",\"@graph\":[{\"@type\":\"WebPage\",\"@id\":\"https:\\\/\\\/www.vetorino.com\\\/boutique\\\/product\\\/jouet-kong-safestix\\\/\",\"url\":\"https:\\\/\\\/www.vetorino.com\\\/boutique\\\/product\\\/jouet-kong-safestix\\\/\",\"name\":\"Jouet Safestix Kong - V\u00e9torino\",\"isPartOf\":{\"@id\":\"https:\\\/\\\/www.vetorino.com\\\/boutique\\\/#website\"},\"primaryImageOfPage\":{\"@id\":\"https:\\\/\\\/www.vetorino.com\\\/boutique\\\/product\\\/jouet-kong-safestix\\\/#primaryimage\"},\"image\":{\"@id\":\"https:\\\/\\\/www.vetorino.com\\\/boutique\\\/product\\\/jouet-kong-safestix\\\/#primaryimage\"},\"thumbnailUrl\":\"https:\\\/\\\/www.vetorino.com\\\/boutique\\\/wp-content\\\/uploads\\\/2020\\\/03\\\/093b7c4467244e80f09f436bce5f7d412b5adb7e_b242ce7ec7cbe49daa6b3fa904290bdcc643a023.png\",\"datePublished\":\"2020-03-04T22:01:27+00:00\",\"dateModified\":\"2024-08-26T08:15:59+00:00\",\"description\":\"KONG Safestix est un fabuleux jouet pour chien \u00e0 lancer et \u00e0 rapporter. Compos\u00e9s d'une pi\u00e8ce unique de mati\u00e8re souple pour une plus grande s\u00e9curit\u00e9, ces jouets encouragent l'exercice physique et incitent votre chien \u00e0 s'amuser.\",\"breadcrumb\":{\"@id\":\"https:\\\/\\\/www.vetorino.com\\\/boutique\\\/product\\\/jouet-kong-safestix\\\/#breadcrumb\"},\"inLanguage\":\"fr-FR\",\"potentialAction\":[{\"@type\":\"ReadAction\",\"target\":[\"https:\\\/\\\/www.vetorino.com\\\/boutique\\\/product\\\/jouet-kong-safestix\\\/\"]}]},{\"@type\":\"ImageObject\",\"inLanguage\":\"fr-FR\",\"@id\":\"https:\\\/\\\/www.vetorino.com\\\/boutique\\\/product\\\/jouet-kong-safestix\\\/#primaryimage\",\"url\":\"https:\\\/\\\/www.vetorino.com\\\/boutique\\\/wp-content\\\/uploads\\\/2020\\\/03\\\/093b7c4467244e80f09f436bce5f7d412b5adb7e_b242ce7ec7cbe49daa6b3fa904290bdcc643a023.png\",\"contentUrl\":\"https:\\\/\\\/www.vetorino.com\\\/boutique\\\/wp-content\\\/uploads\\\/2020\\\/03\\\/093b7c4467244e80f09f436bce5f7d412b5adb7e_b242ce7ec7cbe49daa6b3fa904290bdcc643a023.png\",\"width\":800,\"height\":800},{\"@type\":\"BreadcrumbList\",\"@id\":\"https:\\\/\\\/www.vetorino.com\\\/boutique\\\/product\\\/jouet-kong-safestix\\\/#breadcrumb\",\"itemListElement\":[{\"@type\":\"ListItem\",\"position\":1,\"name\":\"Accueil\",\"item\":\"https:\\\/\\\/www.vetorino.com\\\/boutique\\\/\"},{\"@type\":\"ListItem\",\"position\":2,\"name\":\"Produits\",\"item\":\"https:\\\/\\\/www.vetorino.com\\\/boutique\\\/\"},{\"@type\":\"ListItem\",\"position\":3,\"name\":\"Jouet Safestix\"}]},{\"@type\":\"WebSite\",\"@id\":\"https:\\\/\\\/www.vetorino.com\\\/boutique\\\/#website\",\"url\":\"https:\\\/\\\/www.vetorino.com\\\/boutique\\\/\",\"name\":\"V\u00e9torino\",\"description\":\"\",\"publisher\":{\"@id\":\"https:\\\/\\\/www.vetorino.com\\\/boutique\\\/#organization\"},\"potentialAction\":[{\"@type\":\"SearchAction\",\"target\":{\"@type\":\"EntryPoint\",\"urlTemplate\":\"https:\\\/\\\/www.vetorino.com\\\/boutique\\\/?s={search_term_string}\"},\"query-input\":{\"@type\":\"PropertyValueSpecification\",\"valueRequired\":true,\"valueName\":\"search_term_string\"}}],\"inLanguage\":\"fr-FR\"},{\"@type\":\"Organization\",\"@id\":\"https:\\\/\\\/www.vetorino.com\\\/boutique\\\/#organization\",\"name\":\"V\u00e9torino\",\"url\":\"https:\\\/\\\/www.vetorino.com\\\/boutique\\\/\",\"logo\":{\"@type\":\"ImageObject\",\"inLanguage\":\"fr-FR\",\"@id\":\"https:\\\/\\\/www.vetorino.com\\\/boutique\\\/#\\\/schema\\\/logo\\\/image\\\/\",\"url\":\"https:\\\/\\\/www.vetorino.com\\\/boutique\\\/wp-content\\\/uploads\\\/2024\\\/10\\\/logo.jpg\",\"contentUrl\":\"https:\\\/\\\/www.vetorino.com\\\/boutique\\\/wp-content\\\/uploads\\\/2024\\\/10\\\/logo.jpg\",\"width\":1200,\"height\":610,\"caption\":\"V\u00e9torino\"},\"image\":{\"@id\":\"https:\\\/\\\/www.vetorino.com\\\/boutique\\\/#\\\/schema\\\/logo\\\/image\\\/\"},\"sameAs\":[\"https:\\\/\\\/www.facebook.com\\\/Vetorino\\\/\",\"https:\\\/\\\/www.instagram.com\\\/vetorino_off\\\/\",\"https:\\\/\\\/www.linkedin.com\\\/company\\\/vtorino\\\/\"]}]}<\/script>\n<meta property=\"product:brand\" content=\"Kong\" \/>\n<meta property=\"og:availability\" content=\"instock\" \/>\n<meta property=\"product:availability\" content=\"instock\" \/>\n<meta property=\"product:condition\" content=\"new\" \/>\n<!-- \/ Yoast SEO plugin. -->","yoast_head_json":{"title":"Jouet Safestix Kong - V\u00e9torino","description":"KONG Safestix est un fabuleux jouet pour chien \u00e0 lancer et \u00e0 rapporter.  Compos\u00e9s d'une pi\u00e8ce unique de mati\u00e8re souple pour une plus grande s\u00e9curit\u00e9, ces jouets encouragent l'exercice physique et incitent votre chien \u00e0 s'amuser.","robots":{"index":"noindex","follow":"nofollow"},"og_locale":"fr_FR","og_type":"article","og_title":"Jouet Safestix Kong - V\u00e9torino","og_description":"KONG Safestix est un fabuleux jouet pour chien \u00e0 lancer et \u00e0 rapporter.  Compos\u00e9s d'une pi\u00e8ce unique de mati\u00e8re souple pour une plus grande s\u00e9curit\u00e9, ces jouets encouragent l'exercice physique et incitent votre chien \u00e0 s'amuser.","og_url":"https:\/\/www.vetorino.com\/veterinaire\/plouzevede-29440\/boutique\/product\/jouet-kong-safestix\/","og_site_name":"V\u00e9torino","article_publisher":"https:\/\/www.facebook.com\/Vetorino\/","article_modified_time":"2024-08-26T08:15:59+00:00","og_image":[{"width":800,"height":800,"url":"https:\/\/www.vetorino.com\/boutique\/wp-content\/uploads\/2020\/03\/093b7c4467244e80f09f436bce5f7d412b5adb7e_b242ce7ec7cbe49daa6b3fa904290bdcc643a023.png","type":"image\/png"}],"twitter_card":"summary_large_image","twitter_misc":{"Disponibilit\u00e9":"En stock"},"schema":{"@context":"https:\/\/schema.org","@graph":[{"@type":"WebPage","@id":"https:\/\/www.vetorino.com\/boutique\/product\/jouet-kong-safestix\/","url":"https:\/\/www.vetorino.com\/boutique\/product\/jouet-kong-safestix\/","name":"Jouet Safestix Kong - V\u00e9torino","isPartOf":{"@id":"https:\/\/www.vetorino.com\/boutique\/#website"},"primaryImageOfPage":{"@id":"https:\/\/www.vetorino.com\/boutique\/product\/jouet-kong-safestix\/#primaryimage"},"image":{"@id":"https:\/\/www.vetorino.com\/boutique\/product\/jouet-kong-safestix\/#primaryimage"},"thumbnailUrl":"https:\/\/www.vetorino.com\/boutique\/wp-content\/uploads\/2020\/03\/093b7c4467244e80f09f436bce5f7d412b5adb7e_b242ce7ec7cbe49daa6b3fa904290bdcc643a023.png","datePublished":"2020-03-04T22:01:27+00:00","dateModified":"2024-08-26T08:15:59+00:00","description":"KONG Safestix est un fabuleux jouet pour chien \u00e0 lancer et \u00e0 rapporter. Compos\u00e9s d'une pi\u00e8ce unique de mati\u00e8re souple pour une plus grande s\u00e9curit\u00e9, ces jouets encouragent l'exercice physique et incitent votre chien \u00e0 s'amuser.","breadcrumb":{"@id":"https:\/\/www.vetorino.com\/boutique\/product\/jouet-kong-safestix\/#breadcrumb"},"inLanguage":"fr-FR","potentialAction":[{"@type":"ReadAction","target":["https:\/\/www.vetorino.com\/boutique\/product\/jouet-kong-safestix\/"]}]},{"@type":"ImageObject","inLanguage":"fr-FR","@id":"https:\/\/www.vetorino.com\/boutique\/product\/jouet-kong-safestix\/#primaryimage","url":"https:\/\/www.vetorino.com\/boutique\/wp-content\/uploads\/2020\/03\/093b7c4467244e80f09f436bce5f7d412b5adb7e_b242ce7ec7cbe49daa6b3fa904290bdcc643a023.png","contentUrl":"https:\/\/www.vetorino.com\/boutique\/wp-content\/uploads\/2020\/03\/093b7c4467244e80f09f436bce5f7d412b5adb7e_b242ce7ec7cbe49daa6b3fa904290bdcc643a023.png","width":800,"height":800},{"@type":"BreadcrumbList","@id":"https:\/\/www.vetorino.com\/boutique\/product\/jouet-kong-safestix\/#breadcrumb","itemListElement":[{"@type":"ListItem","position":1,"name":"Accueil","item":"https:\/\/www.vetorino.com\/boutique\/"},{"@type":"ListItem","position":2,"name":"Produits","item":"https:\/\/www.vetorino.com\/boutique\/"},{"@type":"ListItem","position":3,"name":"Jouet Safestix"}]},{"@type":"WebSite","@id":"https:\/\/www.vetorino.com\/boutique\/#website","url":"https:\/\/www.vetorino.com\/boutique\/","name":"V\u00e9torino","description":"","publisher":{"@id":"https:\/\/www.vetorino.com\/boutique\/#organization"},"potentialAction":[{"@type":"SearchAction","target":{"@type":"EntryPoint","urlTemplate":"https:\/\/www.vetorino.com\/boutique\/?s={search_term_string}"},"query-input":{"@type":"PropertyValueSpecification","valueRequired":true,"valueName":"search_term_string"}}],"inLanguage":"fr-FR"},{"@type":"Organization","@id":"https:\/\/www.vetorino.com\/boutique\/#organization","name":"V\u00e9torino","url":"https:\/\/www.vetorino.com\/boutique\/","logo":{"@type":"ImageObject","inLanguage":"fr-FR","@id":"https:\/\/www.vetorino.com\/boutique\/#\/schema\/logo\/image\/","url":"https:\/\/www.vetorino.com\/boutique\/wp-content\/uploads\/2024\/10\/logo.jpg","contentUrl":"https:\/\/www.vetorino.com\/boutique\/wp-content\/uploads\/2024\/10\/logo.jpg","width":1200,"height":610,"caption":"V\u00e9torino"},"image":{"@id":"https:\/\/www.vetorino.com\/boutique\/#\/schema\/logo\/image\/"},"sameAs":["https:\/\/www.facebook.com\/Vetorino\/","https:\/\/www.instagram.com\/vetorino_off\/","https:\/\/www.linkedin.com\/company\/vtorino\/"]}]},"product_brand":"Kong","og_availability":"instock","product_availability":"instock","product_condition":"new"},"_links":{"self":[{"href":"https:\/\/www.vetorino.com\/veterinaire\/plouzevede-29440\/boutique\/wp-json\/wp\/v2\/product\/36035","targetHints":{"allow":["GET"]}}],"collection":[{"href":"https:\/\/www.vetorino.com\/veterinaire\/plouzevede-29440\/boutique\/wp-json\/wp\/v2\/product"}],"about":[{"href":"https:\/\/www.vetorino.com\/veterinaire\/plouzevede-29440\/boutique\/wp-json\/wp\/v2\/types\/product"}],"wp:featuredmedia":[{"embeddable":true,"href":"https:\/\/www.vetorino.com\/veterinaire\/plouzevede-29440\/boutique\/wp-json\/wp\/v2\/media\/616162"}],"wp:attachment":[{"href":"https:\/\/www.vetorino.com\/veterinaire\/plouzevede-29440\/boutique\/wp-json\/wp\/v2\/media?parent=36035"}],"wp:term":[{"taxonomy":"product_cat","embeddable":true,"href":"https:\/\/www.vetorino.com\/veterinaire\/plouzevede-29440\/boutique\/wp-json\/wp\/v2\/product_cat?post=36035"},{"taxonomy":"product_tag","embeddable":true,"href":"https:\/\/www.vetorino.com\/veterinaire\/plouzevede-29440\/boutique\/wp-json\/wp\/v2\/product_tag?post=36035"}],"curies":[{"name":"wp","href":"https:\/\/api.w.org\/{rel}","templated":true}]}}