{"id":36094,"date":"2020-03-04T23:01:46","date_gmt":"2020-03-04T22:01:46","guid":{"rendered":"https:\/\/www.vetorino.com\/boutique\/product\/dermoscent-keravita-chien-chat\/"},"modified":"2025-04-24T15:04:19","modified_gmt":"2025-04-24T13:04:19","slug":"dermoscent-keravita-chien-chat","status":"publish","type":"product","link":"https:\/\/www.vetorino.com\/veterinaire\/plouzevede-29440\/boutique\/product\/dermoscent-keravita-chien-chat\/","title":{"rendered":"Dermoscent\u00ae Keravita\u00ae Chien et Chat"},"content":{"rendered":"<p><b>Dermoscent\u00ae Keravita\u00ae<\/b><strong>\u00a0redonne brillance et vitalit\u00e9 au pelage des chiens et chats,\u00a0renforce les griffes\u00a0et\u00a0aide \u00e0 freiner la chute de poils.<\/strong><\/p>\n<p><strong>Utilisation :<\/strong><\/p>\n<ul>\n<li>En p\u00e9riodes de mue\u00a0ou\u00a0toute l\u2019ann\u00e9e pour les animaux fragilis\u00e9s par des conditions environnementales difficiles\u00a0(atmosph\u00e8re surchauff\u00e9e, stress etc.)<\/li>\n<li>Apr\u00e8s les p\u00e9riodes de gestation\/lactation\u00a0pour restaurer la qualit\u00e9 du pelage et des griffes ab\u00eem\u00e9s, d\u00e9vitalis\u00e9s, sans \u00e9clat etc.<\/li>\n<li>Id\u00e9al\u00a0pour la pr\u00e9paration aux concours et aux expositions<\/li>\n<li>Convient parfaitement \u00e0 d\u2019autres cas de chute excessive ou de d\u00e9gradation du poil\u00a0: d\u00e9s\u00e9quilibre alimentaire, troubles cutan\u00e9s avec des cons\u00e9quences sur la qualit\u00e9 du pelage.<\/li>\n<\/ul>\n<p><strong>Mode d&#8217;emploi :<\/strong><\/p>\n<ul>\n<li>Une prise par jour selon la recommandation d\u2019utilisation \u00e9tablie en fonction du poids de l\u2019animal. Pour un r\u00e9sultat optimal, il est conseill\u00e9 d\u2019utiliser Keravita de fa\u00e7on continue et r\u00e9guli\u00e8re.<\/li>\n<li>Les tablettes s\u00e9cables app\u00e9tentes \u00e0 croquer peuvent \u00eatre donn\u00e9es s\u00e9par\u00e9ment ou m\u00e9lang\u00e9es \u00e0 l\u2019alimentation.<\/li>\n<\/ul>\n<p><strong>Avantages :<\/strong><\/p>\n<ul>\n<li>Keravita\u00a0<strong>respecte le r\u00e9gime alimentaire<\/strong>\u00a0de l\u2019animal avec\u00a0moins de 3 kilocalories par tablette.<\/li>\n<li>Sa formulation\u00a0<strong>app\u00e9tente<\/strong>\u00a0en tablettes \u00e0 croquer\u00a0<strong>s\u00e9cables<\/strong>\u00a0permet une grande facilit\u00e9 d\u2019utilisation.<\/li>\n<\/ul>\n","protected":false},"excerpt":{"rendered":"<p><b>Dermoscent\u00ae Keravita\u00ae\u00a0<\/b><strong>redonne brillance et vitalit\u00e9 au pelage des chiens et chats,\u00a0renforce les griffes\u00a0et\u00a0aide \u00e0 freiner la chute de poils.<\/strong><\/p>\n<p><strong>Utilisation :<\/strong><\/p>\n<ul>\n<li>En p\u00e9riodes de mue\u00a0ou\u00a0toute l\u2019ann\u00e9e pour les animaux fragilis\u00e9s par des conditions environnementales difficiles<\/li>\n<li>Apr\u00e8s les p\u00e9riodes de gestation\/lactation\u00a0pour restaurer la qualit\u00e9 du pelage et des griffes ab\u00eem\u00e9s, d\u00e9vitalis\u00e9s, sans \u00e9clat\u00a0&#8230;<\/li>\n<li>Pr\u00e9paration aux concours et aux expositions<\/li>\n<li>Chute excessive ou d\u00e9gradation du poil (d\u00e9s\u00e9quilibre alimentaire, troubles cutan\u00e9s avec des cons\u00e9quences sur la qualit\u00e9 du pelage)<\/li>\n<\/ul>\n","protected":false},"featured_media":866988,"template":"","meta":[],"product_cat":[12551,12552,12581,12582,2730,2738,2697,2698,12567,12611,12612,12560,12561,12568],"product_tag":[],"class_list":{"0":"post-36094","1":"product","2":"type-product","3":"status-publish","4":"has-post-thumbnail","6":"product_cat-alimentation-du-chat","7":"product_cat-alimentation-du-chien","8":"product_cat-alimentation-medicalisee-pour-chat","9":"product_cat-alimentation-medicalisee-pour-chien","10":"product_cat-aliments-complementaires-pour-chat","11":"product_cat-aliments-complementaires-pour-chien","12":"product_cat-chat","13":"product_cat-chien","14":"product_cat-produit-veterinaire-du-chat","15":"product_cat-hygiene-de-la-peau-et-du-pelage-du-chat","16":"product_cat-hygiene-de-la-peau-et-du-pelage-du-chien","17":"product_cat-hygiene-du-chat","18":"product_cat-hygiene-du-chien","19":"product_cat-produit-veterinaire-du-chien","20":"pa_marque-dermoscent","22":"first","23":"instock","24":"taxable","25":"shipping-taxable","26":"purchasable","27":"product-type-simple"},"yoast_head":"<!-- This site is optimized with the Yoast SEO plugin v27.3 - https:\/\/yoast.com\/product\/yoast-seo-wordpress\/ -->\n<title>Dermoscent\u00ae Keravita\u00ae Chien et Chat Dermoscent - V\u00e9torino<\/title>\n<meta name=\"description\" content=\"Dermoscent\u00ae Keravita\u00ae\u00a0redonne brillance et vitalit\u00e9 au pelage des chiens et chats,\u00a0renforce les griffes\u00a0et\u00a0aide \u00e0 freiner la chute de poils.  Utilisation :   En p\u00e9riodes de mue\u00a0ou\u00a0toute l\u2019ann\u00e9e pour les animaux fragilis\u00e9s par des conditions environnementales difficiles  Apr\u00e8s les p\u00e9riodes de gestation\/lactation\u00a0pour restaurer la qualit\u00e9 du pelage et des griffes ab\u00eem\u00e9s, d\u00e9vitalis\u00e9s, sans \u00e9clat\u00a0...  Pr\u00e9paration aux concours et aux expositions  Chute excessive ou d\u00e9gradation du poil (d\u00e9s\u00e9quilibre alimentaire, troubles cutan\u00e9s avec des cons\u00e9quences sur la qualit\u00e9 du pelage)\" \/>\n<meta name=\"robots\" content=\"noindex, nofollow\" \/>\n<meta property=\"og:locale\" content=\"fr_FR\" \/>\n<meta property=\"og:type\" content=\"article\" \/>\n<meta property=\"og:title\" content=\"Dermoscent\u00ae Keravita\u00ae Chien et Chat Dermoscent - V\u00e9torino\" \/>\n<meta property=\"og:description\" content=\"Dermoscent\u00ae Keravita\u00ae\u00a0redonne brillance et vitalit\u00e9 au pelage des chiens et chats,\u00a0renforce les griffes\u00a0et\u00a0aide \u00e0 freiner la chute de poils.  Utilisation :   En p\u00e9riodes de mue\u00a0ou\u00a0toute l\u2019ann\u00e9e pour les animaux fragilis\u00e9s par des conditions environnementales difficiles  Apr\u00e8s les p\u00e9riodes de gestation\/lactation\u00a0pour restaurer la qualit\u00e9 du pelage et des griffes ab\u00eem\u00e9s, d\u00e9vitalis\u00e9s, sans \u00e9clat\u00a0...  Pr\u00e9paration aux concours et aux expositions  Chute excessive ou d\u00e9gradation du poil (d\u00e9s\u00e9quilibre alimentaire, troubles cutan\u00e9s avec des cons\u00e9quences sur la qualit\u00e9 du pelage)\" \/>\n<meta property=\"og:url\" content=\"https:\/\/www.vetorino.com\/veterinaire\/plouzevede-29440\/boutique\/product\/dermoscent-keravita-chien-chat\/\" \/>\n<meta property=\"og:site_name\" content=\"V\u00e9torino\" \/>\n<meta property=\"article:publisher\" content=\"https:\/\/www.facebook.com\/Vetorino\/\" \/>\n<meta property=\"article:modified_time\" content=\"2025-04-24T13:04:19+00:00\" \/>\n<meta property=\"og:image\" content=\"https:\/\/www.vetorino.com\/boutique\/wp-content\/uploads\/2020\/03\/keravita-chien-et-chat.webp\" \/>\n\t<meta property=\"og:image:width\" content=\"458\" \/>\n\t<meta property=\"og:image:height\" content=\"458\" \/>\n\t<meta property=\"og:image:type\" content=\"image\/webp\" \/>\n<meta name=\"twitter:card\" content=\"summary_large_image\" \/>\n<meta name=\"twitter:label1\" content=\"Prix\" \/>\n\t<meta name=\"twitter:data1\" content=\"20,29&euro;\" \/>\n\t<meta name=\"twitter:label2\" content=\"Disponibilit\u00e9\" \/>\n\t<meta name=\"twitter:data2\" content=\"En stock\" \/>\n<script type=\"application\/ld+json\" class=\"yoast-schema-graph\">{\"@context\":\"https:\\\/\\\/schema.org\",\"@graph\":[{\"@type\":\"WebPage\",\"@id\":\"https:\\\/\\\/www.vetorino.com\\\/boutique\\\/product\\\/dermoscent-keravita-chien-chat\\\/\",\"url\":\"https:\\\/\\\/www.vetorino.com\\\/boutique\\\/product\\\/dermoscent-keravita-chien-chat\\\/\",\"name\":\"Dermoscent\u00ae Keravita\u00ae Chien et Chat Dermoscent - V\u00e9torino\",\"isPartOf\":{\"@id\":\"https:\\\/\\\/www.vetorino.com\\\/boutique\\\/#website\"},\"primaryImageOfPage\":{\"@id\":\"https:\\\/\\\/www.vetorino.com\\\/boutique\\\/product\\\/dermoscent-keravita-chien-chat\\\/#primaryimage\"},\"image\":{\"@id\":\"https:\\\/\\\/www.vetorino.com\\\/boutique\\\/product\\\/dermoscent-keravita-chien-chat\\\/#primaryimage\"},\"thumbnailUrl\":\"https:\\\/\\\/www.vetorino.com\\\/boutique\\\/wp-content\\\/uploads\\\/2020\\\/03\\\/keravita-chien-et-chat.webp\",\"datePublished\":\"2020-03-04T22:01:46+00:00\",\"dateModified\":\"2025-04-24T13:04:19+00:00\",\"description\":\"Dermoscent\u00ae Keravita\u00ae\u00a0redonne brillance et vitalit\u00e9 au pelage des chiens et chats,\u00a0renforce les griffes\u00a0et\u00a0aide \u00e0 freiner la chute de poils. Utilisation : En p\u00e9riodes de mue\u00a0ou\u00a0toute l\u2019ann\u00e9e pour les animaux fragilis\u00e9s par des conditions environnementales difficiles Apr\u00e8s les p\u00e9riodes de gestation\\\/lactation\u00a0pour restaurer la qualit\u00e9 du pelage et des griffes ab\u00eem\u00e9s, d\u00e9vitalis\u00e9s, sans \u00e9clat\u00a0... Pr\u00e9paration aux concours et aux expositions Chute excessive ou d\u00e9gradation du poil (d\u00e9s\u00e9quilibre alimentaire, troubles cutan\u00e9s avec des cons\u00e9quences sur la qualit\u00e9 du pelage)\",\"breadcrumb\":{\"@id\":\"https:\\\/\\\/www.vetorino.com\\\/boutique\\\/product\\\/dermoscent-keravita-chien-chat\\\/#breadcrumb\"},\"inLanguage\":\"fr-FR\",\"potentialAction\":[{\"@type\":\"ReadAction\",\"target\":[\"https:\\\/\\\/www.vetorino.com\\\/boutique\\\/product\\\/dermoscent-keravita-chien-chat\\\/\"]}]},{\"@type\":\"ImageObject\",\"inLanguage\":\"fr-FR\",\"@id\":\"https:\\\/\\\/www.vetorino.com\\\/boutique\\\/product\\\/dermoscent-keravita-chien-chat\\\/#primaryimage\",\"url\":\"https:\\\/\\\/www.vetorino.com\\\/boutique\\\/wp-content\\\/uploads\\\/2020\\\/03\\\/keravita-chien-et-chat.webp\",\"contentUrl\":\"https:\\\/\\\/www.vetorino.com\\\/boutique\\\/wp-content\\\/uploads\\\/2020\\\/03\\\/keravita-chien-et-chat.webp\",\"width\":458,\"height\":458},{\"@type\":\"BreadcrumbList\",\"@id\":\"https:\\\/\\\/www.vetorino.com\\\/boutique\\\/product\\\/dermoscent-keravita-chien-chat\\\/#breadcrumb\",\"itemListElement\":[{\"@type\":\"ListItem\",\"position\":1,\"name\":\"Accueil\",\"item\":\"https:\\\/\\\/www.vetorino.com\\\/boutique\\\/\"},{\"@type\":\"ListItem\",\"position\":2,\"name\":\"Produits\",\"item\":\"https:\\\/\\\/www.vetorino.com\\\/boutique\\\/\"},{\"@type\":\"ListItem\",\"position\":3,\"name\":\"Dermoscent\u00ae Keravita\u00ae Chien et Chat\"}]},{\"@type\":\"WebSite\",\"@id\":\"https:\\\/\\\/www.vetorino.com\\\/boutique\\\/#website\",\"url\":\"https:\\\/\\\/www.vetorino.com\\\/boutique\\\/\",\"name\":\"V\u00e9torino\",\"description\":\"\",\"publisher\":{\"@id\":\"https:\\\/\\\/www.vetorino.com\\\/boutique\\\/#organization\"},\"potentialAction\":[{\"@type\":\"SearchAction\",\"target\":{\"@type\":\"EntryPoint\",\"urlTemplate\":\"https:\\\/\\\/www.vetorino.com\\\/boutique\\\/?s={search_term_string}\"},\"query-input\":{\"@type\":\"PropertyValueSpecification\",\"valueRequired\":true,\"valueName\":\"search_term_string\"}}],\"inLanguage\":\"fr-FR\"},{\"@type\":\"Organization\",\"@id\":\"https:\\\/\\\/www.vetorino.com\\\/boutique\\\/#organization\",\"name\":\"V\u00e9torino\",\"url\":\"https:\\\/\\\/www.vetorino.com\\\/boutique\\\/\",\"logo\":{\"@type\":\"ImageObject\",\"inLanguage\":\"fr-FR\",\"@id\":\"https:\\\/\\\/www.vetorino.com\\\/boutique\\\/#\\\/schema\\\/logo\\\/image\\\/\",\"url\":\"https:\\\/\\\/www.vetorino.com\\\/boutique\\\/wp-content\\\/uploads\\\/2024\\\/10\\\/logo.jpg\",\"contentUrl\":\"https:\\\/\\\/www.vetorino.com\\\/boutique\\\/wp-content\\\/uploads\\\/2024\\\/10\\\/logo.jpg\",\"width\":1200,\"height\":610,\"caption\":\"V\u00e9torino\"},\"image\":{\"@id\":\"https:\\\/\\\/www.vetorino.com\\\/boutique\\\/#\\\/schema\\\/logo\\\/image\\\/\"},\"sameAs\":[\"https:\\\/\\\/www.facebook.com\\\/Vetorino\\\/\",\"https:\\\/\\\/www.instagram.com\\\/vetorino_off\\\/\",\"https:\\\/\\\/www.linkedin.com\\\/company\\\/vtorino\\\/\"]}]}<\/script>\n<meta property=\"product:brand\" content=\"Dermoscent\" \/>\n<meta property=\"product:price:amount\" content=\"20.29\" \/>\n<meta property=\"product:price:currency\" content=\"EUR\" \/>\n<meta property=\"og:availability\" content=\"instock\" \/>\n<meta property=\"product:availability\" content=\"instock\" \/>\n<meta property=\"product:retailer_item_id\" content=\"A-8121708\" \/>\n<meta property=\"product:condition\" content=\"new\" \/>\n<!-- \/ Yoast SEO plugin. -->","yoast_head_json":{"title":"Dermoscent\u00ae Keravita\u00ae Chien et Chat Dermoscent - V\u00e9torino","description":"Dermoscent\u00ae Keravita\u00ae\u00a0redonne brillance et vitalit\u00e9 au pelage des chiens et chats,\u00a0renforce les griffes\u00a0et\u00a0aide \u00e0 freiner la chute de poils.  Utilisation :   En p\u00e9riodes de mue\u00a0ou\u00a0toute l\u2019ann\u00e9e pour les animaux fragilis\u00e9s par des conditions environnementales difficiles  Apr\u00e8s les p\u00e9riodes de gestation\/lactation\u00a0pour restaurer la qualit\u00e9 du pelage et des griffes ab\u00eem\u00e9s, d\u00e9vitalis\u00e9s, sans \u00e9clat\u00a0...  Pr\u00e9paration aux concours et aux expositions  Chute excessive ou d\u00e9gradation du poil (d\u00e9s\u00e9quilibre alimentaire, troubles cutan\u00e9s avec des cons\u00e9quences sur la qualit\u00e9 du pelage)","robots":{"index":"noindex","follow":"nofollow"},"og_locale":"fr_FR","og_type":"article","og_title":"Dermoscent\u00ae Keravita\u00ae Chien et Chat Dermoscent - V\u00e9torino","og_description":"Dermoscent\u00ae Keravita\u00ae\u00a0redonne brillance et vitalit\u00e9 au pelage des chiens et chats,\u00a0renforce les griffes\u00a0et\u00a0aide \u00e0 freiner la chute de poils.  Utilisation :   En p\u00e9riodes de mue\u00a0ou\u00a0toute l\u2019ann\u00e9e pour les animaux fragilis\u00e9s par des conditions environnementales difficiles  Apr\u00e8s les p\u00e9riodes de gestation\/lactation\u00a0pour restaurer la qualit\u00e9 du pelage et des griffes ab\u00eem\u00e9s, d\u00e9vitalis\u00e9s, sans \u00e9clat\u00a0...  Pr\u00e9paration aux concours et aux expositions  Chute excessive ou d\u00e9gradation du poil (d\u00e9s\u00e9quilibre alimentaire, troubles cutan\u00e9s avec des cons\u00e9quences sur la qualit\u00e9 du pelage)","og_url":"https:\/\/www.vetorino.com\/veterinaire\/plouzevede-29440\/boutique\/product\/dermoscent-keravita-chien-chat\/","og_site_name":"V\u00e9torino","article_publisher":"https:\/\/www.facebook.com\/Vetorino\/","article_modified_time":"2025-04-24T13:04:19+00:00","og_image":[{"width":458,"height":458,"url":"https:\/\/www.vetorino.com\/boutique\/wp-content\/uploads\/2020\/03\/keravita-chien-et-chat.webp","type":"image\/webp"}],"twitter_card":"summary_large_image","twitter_misc":{"Prix":"20,29&euro;","Disponibilit\u00e9":"En stock"},"schema":{"@context":"https:\/\/schema.org","@graph":[{"@type":"WebPage","@id":"https:\/\/www.vetorino.com\/boutique\/product\/dermoscent-keravita-chien-chat\/","url":"https:\/\/www.vetorino.com\/boutique\/product\/dermoscent-keravita-chien-chat\/","name":"Dermoscent\u00ae Keravita\u00ae Chien et Chat Dermoscent - V\u00e9torino","isPartOf":{"@id":"https:\/\/www.vetorino.com\/boutique\/#website"},"primaryImageOfPage":{"@id":"https:\/\/www.vetorino.com\/boutique\/product\/dermoscent-keravita-chien-chat\/#primaryimage"},"image":{"@id":"https:\/\/www.vetorino.com\/boutique\/product\/dermoscent-keravita-chien-chat\/#primaryimage"},"thumbnailUrl":"https:\/\/www.vetorino.com\/boutique\/wp-content\/uploads\/2020\/03\/keravita-chien-et-chat.webp","datePublished":"2020-03-04T22:01:46+00:00","dateModified":"2025-04-24T13:04:19+00:00","description":"Dermoscent\u00ae Keravita\u00ae\u00a0redonne brillance et vitalit\u00e9 au pelage des chiens et chats,\u00a0renforce les griffes\u00a0et\u00a0aide \u00e0 freiner la chute de poils. Utilisation : En p\u00e9riodes de mue\u00a0ou\u00a0toute l\u2019ann\u00e9e pour les animaux fragilis\u00e9s par des conditions environnementales difficiles Apr\u00e8s les p\u00e9riodes de gestation\/lactation\u00a0pour restaurer la qualit\u00e9 du pelage et des griffes ab\u00eem\u00e9s, d\u00e9vitalis\u00e9s, sans \u00e9clat\u00a0... Pr\u00e9paration aux concours et aux expositions Chute excessive ou d\u00e9gradation du poil (d\u00e9s\u00e9quilibre alimentaire, troubles cutan\u00e9s avec des cons\u00e9quences sur la qualit\u00e9 du pelage)","breadcrumb":{"@id":"https:\/\/www.vetorino.com\/boutique\/product\/dermoscent-keravita-chien-chat\/#breadcrumb"},"inLanguage":"fr-FR","potentialAction":[{"@type":"ReadAction","target":["https:\/\/www.vetorino.com\/boutique\/product\/dermoscent-keravita-chien-chat\/"]}]},{"@type":"ImageObject","inLanguage":"fr-FR","@id":"https:\/\/www.vetorino.com\/boutique\/product\/dermoscent-keravita-chien-chat\/#primaryimage","url":"https:\/\/www.vetorino.com\/boutique\/wp-content\/uploads\/2020\/03\/keravita-chien-et-chat.webp","contentUrl":"https:\/\/www.vetorino.com\/boutique\/wp-content\/uploads\/2020\/03\/keravita-chien-et-chat.webp","width":458,"height":458},{"@type":"BreadcrumbList","@id":"https:\/\/www.vetorino.com\/boutique\/product\/dermoscent-keravita-chien-chat\/#breadcrumb","itemListElement":[{"@type":"ListItem","position":1,"name":"Accueil","item":"https:\/\/www.vetorino.com\/boutique\/"},{"@type":"ListItem","position":2,"name":"Produits","item":"https:\/\/www.vetorino.com\/boutique\/"},{"@type":"ListItem","position":3,"name":"Dermoscent\u00ae Keravita\u00ae Chien et Chat"}]},{"@type":"WebSite","@id":"https:\/\/www.vetorino.com\/boutique\/#website","url":"https:\/\/www.vetorino.com\/boutique\/","name":"V\u00e9torino","description":"","publisher":{"@id":"https:\/\/www.vetorino.com\/boutique\/#organization"},"potentialAction":[{"@type":"SearchAction","target":{"@type":"EntryPoint","urlTemplate":"https:\/\/www.vetorino.com\/boutique\/?s={search_term_string}"},"query-input":{"@type":"PropertyValueSpecification","valueRequired":true,"valueName":"search_term_string"}}],"inLanguage":"fr-FR"},{"@type":"Organization","@id":"https:\/\/www.vetorino.com\/boutique\/#organization","name":"V\u00e9torino","url":"https:\/\/www.vetorino.com\/boutique\/","logo":{"@type":"ImageObject","inLanguage":"fr-FR","@id":"https:\/\/www.vetorino.com\/boutique\/#\/schema\/logo\/image\/","url":"https:\/\/www.vetorino.com\/boutique\/wp-content\/uploads\/2024\/10\/logo.jpg","contentUrl":"https:\/\/www.vetorino.com\/boutique\/wp-content\/uploads\/2024\/10\/logo.jpg","width":1200,"height":610,"caption":"V\u00e9torino"},"image":{"@id":"https:\/\/www.vetorino.com\/boutique\/#\/schema\/logo\/image\/"},"sameAs":["https:\/\/www.facebook.com\/Vetorino\/","https:\/\/www.instagram.com\/vetorino_off\/","https:\/\/www.linkedin.com\/company\/vtorino\/"]}]},"product_brand":"Dermoscent","product_price_amount":"20.29","product_price_currency":"EUR","og_availability":"instock","product_availability":"instock","product_retailer_item_id":"A-8121708","product_condition":"new"},"_links":{"self":[{"href":"https:\/\/www.vetorino.com\/veterinaire\/plouzevede-29440\/boutique\/wp-json\/wp\/v2\/product\/36094","targetHints":{"allow":["GET"]}}],"collection":[{"href":"https:\/\/www.vetorino.com\/veterinaire\/plouzevede-29440\/boutique\/wp-json\/wp\/v2\/product"}],"about":[{"href":"https:\/\/www.vetorino.com\/veterinaire\/plouzevede-29440\/boutique\/wp-json\/wp\/v2\/types\/product"}],"wp:featuredmedia":[{"embeddable":true,"href":"https:\/\/www.vetorino.com\/veterinaire\/plouzevede-29440\/boutique\/wp-json\/wp\/v2\/media\/866988"}],"wp:attachment":[{"href":"https:\/\/www.vetorino.com\/veterinaire\/plouzevede-29440\/boutique\/wp-json\/wp\/v2\/media?parent=36094"}],"wp:term":[{"taxonomy":"product_cat","embeddable":true,"href":"https:\/\/www.vetorino.com\/veterinaire\/plouzevede-29440\/boutique\/wp-json\/wp\/v2\/product_cat?post=36094"},{"taxonomy":"product_tag","embeddable":true,"href":"https:\/\/www.vetorino.com\/veterinaire\/plouzevede-29440\/boutique\/wp-json\/wp\/v2\/product_tag?post=36094"}],"curies":[{"name":"wp","href":"https:\/\/api.w.org\/{rel}","templated":true}]}}