{"id":36275,"date":"2020-03-04T23:02:45","date_gmt":"2020-03-04T22:02:45","guid":{"rendered":"https:\/\/www.vetorino.com\/boutique\/product\/zylkene-225-mg\/"},"modified":"2025-07-22T14:47:30","modified_gmt":"2025-07-22T12:47:30","slug":"zylkene-225-mg","status":"publish","type":"product","link":"https:\/\/www.vetorino.com\/veterinaire\/plouzevede-29440\/boutique\/product\/zylkene-225-mg\/","title":{"rendered":"Zylkene 225 mg &#8211; chien 10 \u00e0 30kg"},"content":{"rendered":"<p><strong>Les g\u00e9lules Zylkene calmant pour chien (100 g\u00e9lules 225 mg)\u00a0<\/strong>ont \u00e9t\u00e9 d\u00e9velopp\u00e9es pour aider les chiens \u00e0 surmonter les situations stressantes :\u00a0entre autres, par exemple, \u00eatre confront\u00e9 \u00e0 un nouveau cadre de vie, \u00e0 des inconnus, une visite chez le v\u00e9t\u00e9rinaire, un d\u00e9m\u00e9nagement ou un feu d&#8217;artifice.<\/p>\n<p>Une exposition continue et prolong\u00e9e \u00e0 trop de stress peut entra\u00eener des probl\u00e8mes de comportement permanents. Zylkene contient de l&#8217;alpha-casoz\u00e9pine qui est obtenue \u00e0 partir de prot\u00e9ines de lait. Zylkene est hypoallerg\u00e9nique, sans conservateur et sans lactose. Cette variante est destin\u00e9e aux chiens pesant de 10 \u00e0 30 kg.<\/p>\n<p><strong>Mode d&#8217;emploi<\/strong> :<\/p>\n<p>La dose journali\u00e8re recommand\u00e9e doit \u00eatre administr\u00e9e en une seule prise. La g\u00e9lule peut \u00eatre ouverte et la poudre m\u00e9lang\u00e9e \u00e0 la nourriture ou \u00e0 une friandise.<\/p>\n<ul>\n<li>Chiens 10 \u00e0 20 kg : 1 g\u00e9lule par jour.<\/li>\n<li>Chiens 20 \u00e0 40 kg : 2 g\u00e9lules par jour.<\/li>\n<\/ul>\n<p><strong>Dur\u00e9e d\u2019utilisation :<\/strong><\/p>\n<ul>\n<li>Court terme : administrer de 1 \u00e0 2 jours avant l\u2019\u00e9v\u00e9nement pr\u00e9vu ou la modification de l\u2019environnement. Pour certains animaux, il peut \u00eatre n\u00e9cessaire d\u2019administrer ZYLKENE\u00ae plus pr\u00e9cocement (5-7 jours avant).<\/li>\n<li>Long terme : 1 \u00e0 2 mois.<\/li>\n<\/ul>\n<p>Laisser en permanence libre acc\u00e8s \u00e0 l\u2019eau. Produit r\u00e9serv\u00e9 \u00e0 l\u2019alimentation animale. Tenir hors de la vue et de la port\u00e9e des enfants. Conserver dans un endroit sec et \u00e0 une temp\u00e9rature inf\u00e9rieure \u00e0 25\u00b0C. Ne pas r\u00e9frig\u00e9rer.<\/p>\n","protected":false},"excerpt":{"rendered":"<p><strong>V\u00e9toquinol Zylk\u00e8ne 225 mg<\/strong> est un anti-stress 100% naturel pour chiens.,Il est recommand\u00e9 dans les cas de troubles du comportement du chien et permet une prise en charge rapide des \u00e9tats de stress install\u00e9s ou dans leur pr\u00e9vision.<\/p>\n<p><strong>Zylk\u00e8ne 225 mg<\/strong>\u00a0favorisera une adaptation rapide du chien pour toute situation de changement.<\/p>\n<p><strong>Utilisation<\/strong> :<\/p>\n<ul>\n<li>Chien pesant entre 10 et 30 kg.<\/li>\n<\/ul>\n","protected":false},"featured_media":1423849,"template":"","meta":[],"product_cat":[12552,2738,2786,2698,12568],"product_tag":[],"class_list":{"0":"post-36275","1":"product","2":"type-product","3":"status-publish","4":"has-post-thumbnail","6":"product_cat-alimentation-du-chien","7":"product_cat-aliments-complementaires-pour-chien","8":"product_cat-anti-stress-et-anxiete-du-chien","9":"product_cat-chien","10":"product_cat-produit-veterinaire-du-chien","11":"pa_marque-vetoquinol","13":"first","14":"instock","15":"taxable","16":"shipping-taxable","17":"purchasable","18":"product-type-variable"},"yoast_head":"<!-- This site is optimized with the Yoast SEO plugin v27.3 - https:\/\/yoast.com\/product\/yoast-seo-wordpress\/ -->\n<title>Zylkene Zylkene 225 mg - chien 10 \u00e0 30kg V\u00e9toquinol - V\u00e9torino<\/title>\n<meta name=\"description\" content=\"V\u00e9toquinol Zylk\u00e8ne 225 mg est un anti-stress 100% naturel pour chiens.,Il est recommand\u00e9 dans les cas de troubles du comportement du chien et permet une prise en charge rapide des \u00e9tats de stress install\u00e9s ou dans leur pr\u00e9vision.  Zylk\u00e8ne 225 mg\u00a0favorisera une adaptation rapide du chien pour toute situation de changement.  Utilisation :   Chien pesant entre 10 et 30 kg.\" \/>\n<meta name=\"robots\" content=\"noindex, nofollow\" \/>\n<meta property=\"og:locale\" content=\"fr_FR\" \/>\n<meta property=\"og:type\" content=\"article\" \/>\n<meta property=\"og:title\" content=\"Zylkene Zylkene 225 mg - chien 10 \u00e0 30kg V\u00e9toquinol - V\u00e9torino\" \/>\n<meta property=\"og:description\" content=\"V\u00e9toquinol Zylk\u00e8ne 225 mg est un anti-stress 100% naturel pour chiens.,Il est recommand\u00e9 dans les cas de troubles du comportement du chien et permet une prise en charge rapide des \u00e9tats de stress install\u00e9s ou dans leur pr\u00e9vision.  Zylk\u00e8ne 225 mg\u00a0favorisera une adaptation rapide du chien pour toute situation de changement.  Utilisation :   Chien pesant entre 10 et 30 kg.\" \/>\n<meta property=\"og:url\" content=\"https:\/\/www.vetorino.com\/veterinaire\/plouzevede-29440\/boutique\/product\/zylkene-225-mg\/\" \/>\n<meta property=\"og:site_name\" content=\"V\u00e9torino\" \/>\n<meta property=\"article:publisher\" content=\"https:\/\/www.facebook.com\/Vetorino\/\" \/>\n<meta property=\"article:modified_time\" content=\"2025-07-22T12:47:30+00:00\" \/>\n<meta property=\"og:image\" content=\"https:\/\/www.vetorino.com\/boutique\/wp-content\/uploads\/2020\/03\/zylkene-225-mg.webp\" \/>\n\t<meta property=\"og:image:width\" content=\"800\" \/>\n\t<meta property=\"og:image:height\" content=\"800\" \/>\n\t<meta property=\"og:image:type\" content=\"image\/webp\" \/>\n<meta name=\"twitter:card\" content=\"summary_large_image\" \/>\n<meta name=\"twitter:label1\" content=\"Disponibilit\u00e9\" \/>\n\t<meta name=\"twitter:data1\" content=\"En stock\" \/>\n<script type=\"application\/ld+json\" class=\"yoast-schema-graph\">{\"@context\":\"https:\\\/\\\/schema.org\",\"@graph\":[{\"@type\":\"WebPage\",\"@id\":\"https:\\\/\\\/www.vetorino.com\\\/boutique\\\/product\\\/zylkene-225-mg\\\/\",\"url\":\"https:\\\/\\\/www.vetorino.com\\\/boutique\\\/product\\\/zylkene-225-mg\\\/\",\"name\":\"Zylkene Zylkene 225 mg - chien 10 \u00e0 30kg V\u00e9toquinol - V\u00e9torino\",\"isPartOf\":{\"@id\":\"https:\\\/\\\/www.vetorino.com\\\/boutique\\\/#website\"},\"primaryImageOfPage\":{\"@id\":\"https:\\\/\\\/www.vetorino.com\\\/boutique\\\/product\\\/zylkene-225-mg\\\/#primaryimage\"},\"image\":{\"@id\":\"https:\\\/\\\/www.vetorino.com\\\/boutique\\\/product\\\/zylkene-225-mg\\\/#primaryimage\"},\"thumbnailUrl\":\"https:\\\/\\\/www.vetorino.com\\\/boutique\\\/wp-content\\\/uploads\\\/2020\\\/03\\\/zylkene-225-mg.webp\",\"datePublished\":\"2020-03-04T22:02:45+00:00\",\"dateModified\":\"2025-07-22T12:47:30+00:00\",\"description\":\"V\u00e9toquinol Zylk\u00e8ne 225 mg est un anti-stress 100% naturel pour chiens.,Il est recommand\u00e9 dans les cas de troubles du comportement du chien et permet une prise en charge rapide des \u00e9tats de stress install\u00e9s ou dans leur pr\u00e9vision. Zylk\u00e8ne 225 mg\u00a0favorisera une adaptation rapide du chien pour toute situation de changement. Utilisation : Chien pesant entre 10 et 30 kg.\",\"breadcrumb\":{\"@id\":\"https:\\\/\\\/www.vetorino.com\\\/boutique\\\/product\\\/zylkene-225-mg\\\/#breadcrumb\"},\"inLanguage\":\"fr-FR\",\"potentialAction\":[{\"@type\":\"ReadAction\",\"target\":[\"https:\\\/\\\/www.vetorino.com\\\/boutique\\\/product\\\/zylkene-225-mg\\\/\"]}]},{\"@type\":\"ImageObject\",\"inLanguage\":\"fr-FR\",\"@id\":\"https:\\\/\\\/www.vetorino.com\\\/boutique\\\/product\\\/zylkene-225-mg\\\/#primaryimage\",\"url\":\"https:\\\/\\\/www.vetorino.com\\\/boutique\\\/wp-content\\\/uploads\\\/2020\\\/03\\\/zylkene-225-mg.webp\",\"contentUrl\":\"https:\\\/\\\/www.vetorino.com\\\/boutique\\\/wp-content\\\/uploads\\\/2020\\\/03\\\/zylkene-225-mg.webp\",\"width\":800,\"height\":800},{\"@type\":\"BreadcrumbList\",\"@id\":\"https:\\\/\\\/www.vetorino.com\\\/boutique\\\/product\\\/zylkene-225-mg\\\/#breadcrumb\",\"itemListElement\":[{\"@type\":\"ListItem\",\"position\":1,\"name\":\"Accueil\",\"item\":\"https:\\\/\\\/www.vetorino.com\\\/boutique\\\/\"},{\"@type\":\"ListItem\",\"position\":2,\"name\":\"Produits\",\"item\":\"https:\\\/\\\/www.vetorino.com\\\/boutique\\\/\"},{\"@type\":\"ListItem\",\"position\":3,\"name\":\"Zylkene 225 mg &#8211; chien 10 \u00e0 30kg\"}]},{\"@type\":\"WebSite\",\"@id\":\"https:\\\/\\\/www.vetorino.com\\\/boutique\\\/#website\",\"url\":\"https:\\\/\\\/www.vetorino.com\\\/boutique\\\/\",\"name\":\"V\u00e9torino\",\"description\":\"\",\"publisher\":{\"@id\":\"https:\\\/\\\/www.vetorino.com\\\/boutique\\\/#organization\"},\"potentialAction\":[{\"@type\":\"SearchAction\",\"target\":{\"@type\":\"EntryPoint\",\"urlTemplate\":\"https:\\\/\\\/www.vetorino.com\\\/boutique\\\/?s={search_term_string}\"},\"query-input\":{\"@type\":\"PropertyValueSpecification\",\"valueRequired\":true,\"valueName\":\"search_term_string\"}}],\"inLanguage\":\"fr-FR\"},{\"@type\":\"Organization\",\"@id\":\"https:\\\/\\\/www.vetorino.com\\\/boutique\\\/#organization\",\"name\":\"V\u00e9torino\",\"url\":\"https:\\\/\\\/www.vetorino.com\\\/boutique\\\/\",\"logo\":{\"@type\":\"ImageObject\",\"inLanguage\":\"fr-FR\",\"@id\":\"https:\\\/\\\/www.vetorino.com\\\/boutique\\\/#\\\/schema\\\/logo\\\/image\\\/\",\"url\":\"https:\\\/\\\/www.vetorino.com\\\/boutique\\\/wp-content\\\/uploads\\\/2024\\\/10\\\/logo.jpg\",\"contentUrl\":\"https:\\\/\\\/www.vetorino.com\\\/boutique\\\/wp-content\\\/uploads\\\/2024\\\/10\\\/logo.jpg\",\"width\":1200,\"height\":610,\"caption\":\"V\u00e9torino\"},\"image\":{\"@id\":\"https:\\\/\\\/www.vetorino.com\\\/boutique\\\/#\\\/schema\\\/logo\\\/image\\\/\"},\"sameAs\":[\"https:\\\/\\\/www.facebook.com\\\/Vetorino\\\/\",\"https:\\\/\\\/www.instagram.com\\\/vetorino_off\\\/\",\"https:\\\/\\\/www.linkedin.com\\\/company\\\/vtorino\\\/\"]}]}<\/script>\n<meta property=\"product:brand\" content=\"V\u00e9toquinol\" \/>\n<meta property=\"og:availability\" content=\"instock\" \/>\n<meta property=\"product:availability\" content=\"instock\" \/>\n<meta property=\"product:condition\" content=\"new\" \/>\n<!-- \/ Yoast SEO plugin. -->","yoast_head_json":{"title":"Zylkene Zylkene 225 mg - chien 10 \u00e0 30kg V\u00e9toquinol - V\u00e9torino","description":"V\u00e9toquinol Zylk\u00e8ne 225 mg est un anti-stress 100% naturel pour chiens.,Il est recommand\u00e9 dans les cas de troubles du comportement du chien et permet une prise en charge rapide des \u00e9tats de stress install\u00e9s ou dans leur pr\u00e9vision.  Zylk\u00e8ne 225 mg\u00a0favorisera une adaptation rapide du chien pour toute situation de changement.  Utilisation :   Chien pesant entre 10 et 30 kg.","robots":{"index":"noindex","follow":"nofollow"},"og_locale":"fr_FR","og_type":"article","og_title":"Zylkene Zylkene 225 mg - chien 10 \u00e0 30kg V\u00e9toquinol - V\u00e9torino","og_description":"V\u00e9toquinol Zylk\u00e8ne 225 mg est un anti-stress 100% naturel pour chiens.,Il est recommand\u00e9 dans les cas de troubles du comportement du chien et permet une prise en charge rapide des \u00e9tats de stress install\u00e9s ou dans leur pr\u00e9vision.  Zylk\u00e8ne 225 mg\u00a0favorisera une adaptation rapide du chien pour toute situation de changement.  Utilisation :   Chien pesant entre 10 et 30 kg.","og_url":"https:\/\/www.vetorino.com\/veterinaire\/plouzevede-29440\/boutique\/product\/zylkene-225-mg\/","og_site_name":"V\u00e9torino","article_publisher":"https:\/\/www.facebook.com\/Vetorino\/","article_modified_time":"2025-07-22T12:47:30+00:00","og_image":[{"width":800,"height":800,"url":"https:\/\/www.vetorino.com\/boutique\/wp-content\/uploads\/2020\/03\/zylkene-225-mg.webp","type":"image\/webp"}],"twitter_card":"summary_large_image","twitter_misc":{"Disponibilit\u00e9":"En stock"},"schema":{"@context":"https:\/\/schema.org","@graph":[{"@type":"WebPage","@id":"https:\/\/www.vetorino.com\/boutique\/product\/zylkene-225-mg\/","url":"https:\/\/www.vetorino.com\/boutique\/product\/zylkene-225-mg\/","name":"Zylkene Zylkene 225 mg - chien 10 \u00e0 30kg V\u00e9toquinol - V\u00e9torino","isPartOf":{"@id":"https:\/\/www.vetorino.com\/boutique\/#website"},"primaryImageOfPage":{"@id":"https:\/\/www.vetorino.com\/boutique\/product\/zylkene-225-mg\/#primaryimage"},"image":{"@id":"https:\/\/www.vetorino.com\/boutique\/product\/zylkene-225-mg\/#primaryimage"},"thumbnailUrl":"https:\/\/www.vetorino.com\/boutique\/wp-content\/uploads\/2020\/03\/zylkene-225-mg.webp","datePublished":"2020-03-04T22:02:45+00:00","dateModified":"2025-07-22T12:47:30+00:00","description":"V\u00e9toquinol Zylk\u00e8ne 225 mg est un anti-stress 100% naturel pour chiens.,Il est recommand\u00e9 dans les cas de troubles du comportement du chien et permet une prise en charge rapide des \u00e9tats de stress install\u00e9s ou dans leur pr\u00e9vision. Zylk\u00e8ne 225 mg\u00a0favorisera une adaptation rapide du chien pour toute situation de changement. Utilisation : Chien pesant entre 10 et 30 kg.","breadcrumb":{"@id":"https:\/\/www.vetorino.com\/boutique\/product\/zylkene-225-mg\/#breadcrumb"},"inLanguage":"fr-FR","potentialAction":[{"@type":"ReadAction","target":["https:\/\/www.vetorino.com\/boutique\/product\/zylkene-225-mg\/"]}]},{"@type":"ImageObject","inLanguage":"fr-FR","@id":"https:\/\/www.vetorino.com\/boutique\/product\/zylkene-225-mg\/#primaryimage","url":"https:\/\/www.vetorino.com\/boutique\/wp-content\/uploads\/2020\/03\/zylkene-225-mg.webp","contentUrl":"https:\/\/www.vetorino.com\/boutique\/wp-content\/uploads\/2020\/03\/zylkene-225-mg.webp","width":800,"height":800},{"@type":"BreadcrumbList","@id":"https:\/\/www.vetorino.com\/boutique\/product\/zylkene-225-mg\/#breadcrumb","itemListElement":[{"@type":"ListItem","position":1,"name":"Accueil","item":"https:\/\/www.vetorino.com\/boutique\/"},{"@type":"ListItem","position":2,"name":"Produits","item":"https:\/\/www.vetorino.com\/boutique\/"},{"@type":"ListItem","position":3,"name":"Zylkene 225 mg &#8211; chien 10 \u00e0 30kg"}]},{"@type":"WebSite","@id":"https:\/\/www.vetorino.com\/boutique\/#website","url":"https:\/\/www.vetorino.com\/boutique\/","name":"V\u00e9torino","description":"","publisher":{"@id":"https:\/\/www.vetorino.com\/boutique\/#organization"},"potentialAction":[{"@type":"SearchAction","target":{"@type":"EntryPoint","urlTemplate":"https:\/\/www.vetorino.com\/boutique\/?s={search_term_string}"},"query-input":{"@type":"PropertyValueSpecification","valueRequired":true,"valueName":"search_term_string"}}],"inLanguage":"fr-FR"},{"@type":"Organization","@id":"https:\/\/www.vetorino.com\/boutique\/#organization","name":"V\u00e9torino","url":"https:\/\/www.vetorino.com\/boutique\/","logo":{"@type":"ImageObject","inLanguage":"fr-FR","@id":"https:\/\/www.vetorino.com\/boutique\/#\/schema\/logo\/image\/","url":"https:\/\/www.vetorino.com\/boutique\/wp-content\/uploads\/2024\/10\/logo.jpg","contentUrl":"https:\/\/www.vetorino.com\/boutique\/wp-content\/uploads\/2024\/10\/logo.jpg","width":1200,"height":610,"caption":"V\u00e9torino"},"image":{"@id":"https:\/\/www.vetorino.com\/boutique\/#\/schema\/logo\/image\/"},"sameAs":["https:\/\/www.facebook.com\/Vetorino\/","https:\/\/www.instagram.com\/vetorino_off\/","https:\/\/www.linkedin.com\/company\/vtorino\/"]}]},"product_brand":"V\u00e9toquinol","og_availability":"instock","product_availability":"instock","product_condition":"new"},"_links":{"self":[{"href":"https:\/\/www.vetorino.com\/veterinaire\/plouzevede-29440\/boutique\/wp-json\/wp\/v2\/product\/36275","targetHints":{"allow":["GET"]}}],"collection":[{"href":"https:\/\/www.vetorino.com\/veterinaire\/plouzevede-29440\/boutique\/wp-json\/wp\/v2\/product"}],"about":[{"href":"https:\/\/www.vetorino.com\/veterinaire\/plouzevede-29440\/boutique\/wp-json\/wp\/v2\/types\/product"}],"wp:featuredmedia":[{"embeddable":true,"href":"https:\/\/www.vetorino.com\/veterinaire\/plouzevede-29440\/boutique\/wp-json\/wp\/v2\/media\/1423849"}],"wp:attachment":[{"href":"https:\/\/www.vetorino.com\/veterinaire\/plouzevede-29440\/boutique\/wp-json\/wp\/v2\/media?parent=36275"}],"wp:term":[{"taxonomy":"product_cat","embeddable":true,"href":"https:\/\/www.vetorino.com\/veterinaire\/plouzevede-29440\/boutique\/wp-json\/wp\/v2\/product_cat?post=36275"},{"taxonomy":"product_tag","embeddable":true,"href":"https:\/\/www.vetorino.com\/veterinaire\/plouzevede-29440\/boutique\/wp-json\/wp\/v2\/product_tag?post=36275"}],"curies":[{"name":"wp","href":"https:\/\/api.w.org\/{rel}","templated":true}]}}