{"id":36331,"date":"2020-03-04T23:03:06","date_gmt":"2020-03-04T22:03:06","guid":{"rendered":"https:\/\/www.vetorino.com\/boutique\/product\/pipolino-chien\/"},"modified":"2022-01-04T15:46:52","modified_gmt":"2022-01-04T14:46:52","slug":"pipolino-chien","status":"publish","type":"product","link":"https:\/\/www.vetorino.com\/veterinaire\/plouzevede-29440\/boutique\/product\/pipolino-chien\/","title":{"rendered":"Pipolino chien"},"content":{"rendered":"<div class='hidden'> Pipolino <\/div>\n<p>&#8220;Con\u00e7u pour apporter aux chats l?activit\u00e9 physique pluriquotidienne de pr\u00e9dation qui leur manque. Facile d?emploi, silencieux, \u00e9conomique, acceptant toutes les vari\u00e9t\u00e9s de croquettes. Employ\u00e9 comme unique source de nourriture \u00e9vite l?ennui et l?exc\u00e8s pond\u00e9ral. Il est la solution effi cace pour faire mincir m\u00eame quand les r\u00e9gimes amaigrissants ont \u00e9chou\u00e9.&#8221;<\/p>\n","protected":false},"excerpt":{"rendered":"<p>&#8220;Con\u00e7u pour apporter aux chats l?activit\u00e9 physique pluriquotidienne de pr\u00e9dation qui leur manque. Facile d?emploi, silencieux, \u00e9conomique, acceptant toutes les vari\u00e9t\u00e9s de croquettes. Employ\u00e9 comme unique source de nourriture \u00e9vite l?ennui et l?exc\u00e8s pond\u00e9ral. Il est la solution effi cace pour faire mincir m\u00eame quand les r\u00e9gimes amaigrissants ont \u00e9chou\u00e9.&#8221;<\/p>\n","protected":false},"featured_media":78383,"template":"","meta":[],"product_cat":[12550,2698,12607,2804,12621],"product_tag":[],"class_list":{"0":"post-36331","1":"product","2":"type-product","3":"status-publish","4":"has-post-thumbnail","6":"product_cat-accessoires-du-chien","7":"product_cat-chien","8":"product_cat-gamelles-pour-chien","9":"product_cat-jouets-distributeurs-pour-chien","10":"product_cat-jeux-educatifs-pour-chien","11":"pa_marque-pipolino","13":"first","14":"instock","15":"taxable","16":"shipping-taxable","17":"purchasable","18":"product-type-variable"},"yoast_head":"<!-- This site is optimized with the Yoast SEO plugin v27.3 - https:\/\/yoast.com\/product\/yoast-seo-wordpress\/ -->\n<title>Pipolino chien Pipolino - V\u00e9torino<\/title>\n<meta name=\"description\" content=\"&quot;Con\u00e7u pour apporter aux chats l?activit\u00e9 physique pluriquotidienne de pr\u00e9dation qui leur manque. Facile d?emploi, silencieux, \u00e9conomique, acceptant toutes les vari\u00e9t\u00e9s de croquettes. Employ\u00e9 comme unique source de nourriture \u00e9vite l?ennui et l?exc\u00e8s pond\u00e9ral. Il est la solution effi cace pour faire mincir m\u00eame quand les r\u00e9gimes amaigrissants ont \u00e9chou\u00e9.&quot;\" \/>\n<meta name=\"robots\" content=\"noindex, nofollow\" \/>\n<meta property=\"og:locale\" content=\"fr_FR\" \/>\n<meta property=\"og:type\" content=\"article\" \/>\n<meta property=\"og:title\" content=\"Pipolino chien Pipolino - V\u00e9torino\" \/>\n<meta property=\"og:description\" content=\"&quot;Con\u00e7u pour apporter aux chats l?activit\u00e9 physique pluriquotidienne de pr\u00e9dation qui leur manque. Facile d?emploi, silencieux, \u00e9conomique, acceptant toutes les vari\u00e9t\u00e9s de croquettes. Employ\u00e9 comme unique source de nourriture \u00e9vite l?ennui et l?exc\u00e8s pond\u00e9ral. Il est la solution effi cace pour faire mincir m\u00eame quand les r\u00e9gimes amaigrissants ont \u00e9chou\u00e9.&quot;\" \/>\n<meta property=\"og:url\" content=\"https:\/\/www.vetorino.com\/veterinaire\/plouzevede-29440\/boutique\/product\/pipolino-chien\/\" \/>\n<meta property=\"og:site_name\" content=\"V\u00e9torino\" \/>\n<meta property=\"article:publisher\" content=\"https:\/\/www.facebook.com\/Vetorino\/\" \/>\n<meta property=\"article:modified_time\" content=\"2022-01-04T14:46:52+00:00\" \/>\n<meta property=\"og:image\" content=\"https:\/\/www.vetorino.com\/boutique\/wp-content\/uploads\/2020\/03\/pipolino-chien-l-rouge-noir-12.jpg\" \/>\n\t<meta property=\"og:image:width\" content=\"800\" \/>\n\t<meta property=\"og:image:height\" content=\"800\" \/>\n\t<meta property=\"og:image:type\" content=\"image\/jpeg\" \/>\n<meta name=\"twitter:card\" content=\"summary_large_image\" \/>\n<meta name=\"twitter:label1\" content=\"Disponibilit\u00e9\" \/>\n\t<meta name=\"twitter:data1\" content=\"En stock\" \/>\n<script type=\"application\/ld+json\" class=\"yoast-schema-graph\">{\"@context\":\"https:\\\/\\\/schema.org\",\"@graph\":[{\"@type\":\"WebPage\",\"@id\":\"https:\\\/\\\/www.vetorino.com\\\/boutique\\\/product\\\/pipolino-chien\\\/\",\"url\":\"https:\\\/\\\/www.vetorino.com\\\/boutique\\\/product\\\/pipolino-chien\\\/\",\"name\":\"Pipolino chien Pipolino - V\u00e9torino\",\"isPartOf\":{\"@id\":\"https:\\\/\\\/www.vetorino.com\\\/boutique\\\/#website\"},\"primaryImageOfPage\":{\"@id\":\"https:\\\/\\\/www.vetorino.com\\\/boutique\\\/product\\\/pipolino-chien\\\/#primaryimage\"},\"image\":{\"@id\":\"https:\\\/\\\/www.vetorino.com\\\/boutique\\\/product\\\/pipolino-chien\\\/#primaryimage\"},\"thumbnailUrl\":\"https:\\\/\\\/www.vetorino.com\\\/boutique\\\/wp-content\\\/uploads\\\/2020\\\/03\\\/pipolino-chien-l-rouge-noir-12.jpg\",\"datePublished\":\"2020-03-04T22:03:06+00:00\",\"dateModified\":\"2022-01-04T14:46:52+00:00\",\"description\":\"\\\"Con\u00e7u pour apporter aux chats l?activit\u00e9 physique pluriquotidienne de pr\u00e9dation qui leur manque. Facile d?emploi, silencieux, \u00e9conomique, acceptant toutes les vari\u00e9t\u00e9s de croquettes. Employ\u00e9 comme unique source de nourriture \u00e9vite l?ennui et l?exc\u00e8s pond\u00e9ral. Il est la solution effi cace pour faire mincir m\u00eame quand les r\u00e9gimes amaigrissants ont \u00e9chou\u00e9.\\\"\",\"breadcrumb\":{\"@id\":\"https:\\\/\\\/www.vetorino.com\\\/boutique\\\/product\\\/pipolino-chien\\\/#breadcrumb\"},\"inLanguage\":\"fr-FR\",\"potentialAction\":[{\"@type\":\"ReadAction\",\"target\":[\"https:\\\/\\\/www.vetorino.com\\\/boutique\\\/product\\\/pipolino-chien\\\/\"]}]},{\"@type\":\"ImageObject\",\"inLanguage\":\"fr-FR\",\"@id\":\"https:\\\/\\\/www.vetorino.com\\\/boutique\\\/product\\\/pipolino-chien\\\/#primaryimage\",\"url\":\"https:\\\/\\\/www.vetorino.com\\\/boutique\\\/wp-content\\\/uploads\\\/2020\\\/03\\\/pipolino-chien-l-rouge-noir-12.jpg\",\"contentUrl\":\"https:\\\/\\\/www.vetorino.com\\\/boutique\\\/wp-content\\\/uploads\\\/2020\\\/03\\\/pipolino-chien-l-rouge-noir-12.jpg\",\"width\":800,\"height\":800},{\"@type\":\"BreadcrumbList\",\"@id\":\"https:\\\/\\\/www.vetorino.com\\\/boutique\\\/product\\\/pipolino-chien\\\/#breadcrumb\",\"itemListElement\":[{\"@type\":\"ListItem\",\"position\":1,\"name\":\"Accueil\",\"item\":\"https:\\\/\\\/www.vetorino.com\\\/boutique\\\/\"},{\"@type\":\"ListItem\",\"position\":2,\"name\":\"Produits\",\"item\":\"https:\\\/\\\/www.vetorino.com\\\/boutique\\\/\"},{\"@type\":\"ListItem\",\"position\":3,\"name\":\"Pipolino chien\"}]},{\"@type\":\"WebSite\",\"@id\":\"https:\\\/\\\/www.vetorino.com\\\/boutique\\\/#website\",\"url\":\"https:\\\/\\\/www.vetorino.com\\\/boutique\\\/\",\"name\":\"V\u00e9torino\",\"description\":\"\",\"publisher\":{\"@id\":\"https:\\\/\\\/www.vetorino.com\\\/boutique\\\/#organization\"},\"potentialAction\":[{\"@type\":\"SearchAction\",\"target\":{\"@type\":\"EntryPoint\",\"urlTemplate\":\"https:\\\/\\\/www.vetorino.com\\\/boutique\\\/?s={search_term_string}\"},\"query-input\":{\"@type\":\"PropertyValueSpecification\",\"valueRequired\":true,\"valueName\":\"search_term_string\"}}],\"inLanguage\":\"fr-FR\"},{\"@type\":\"Organization\",\"@id\":\"https:\\\/\\\/www.vetorino.com\\\/boutique\\\/#organization\",\"name\":\"V\u00e9torino\",\"url\":\"https:\\\/\\\/www.vetorino.com\\\/boutique\\\/\",\"logo\":{\"@type\":\"ImageObject\",\"inLanguage\":\"fr-FR\",\"@id\":\"https:\\\/\\\/www.vetorino.com\\\/boutique\\\/#\\\/schema\\\/logo\\\/image\\\/\",\"url\":\"https:\\\/\\\/www.vetorino.com\\\/boutique\\\/wp-content\\\/uploads\\\/2024\\\/10\\\/logo.jpg\",\"contentUrl\":\"https:\\\/\\\/www.vetorino.com\\\/boutique\\\/wp-content\\\/uploads\\\/2024\\\/10\\\/logo.jpg\",\"width\":1200,\"height\":610,\"caption\":\"V\u00e9torino\"},\"image\":{\"@id\":\"https:\\\/\\\/www.vetorino.com\\\/boutique\\\/#\\\/schema\\\/logo\\\/image\\\/\"},\"sameAs\":[\"https:\\\/\\\/www.facebook.com\\\/Vetorino\\\/\",\"https:\\\/\\\/www.instagram.com\\\/vetorino_off\\\/\",\"https:\\\/\\\/www.linkedin.com\\\/company\\\/vtorino\\\/\"]}]}<\/script>\n<meta property=\"product:brand\" content=\"Pipolino\" \/>\n<meta property=\"og:availability\" content=\"instock\" \/>\n<meta property=\"product:availability\" content=\"instock\" \/>\n<meta property=\"product:condition\" content=\"new\" \/>\n<!-- \/ Yoast SEO plugin. -->","yoast_head_json":{"title":"Pipolino chien Pipolino - V\u00e9torino","description":"\"Con\u00e7u pour apporter aux chats l?activit\u00e9 physique pluriquotidienne de pr\u00e9dation qui leur manque. Facile d?emploi, silencieux, \u00e9conomique, acceptant toutes les vari\u00e9t\u00e9s de croquettes. Employ\u00e9 comme unique source de nourriture \u00e9vite l?ennui et l?exc\u00e8s pond\u00e9ral. Il est la solution effi cace pour faire mincir m\u00eame quand les r\u00e9gimes amaigrissants ont \u00e9chou\u00e9.\"","robots":{"index":"noindex","follow":"nofollow"},"og_locale":"fr_FR","og_type":"article","og_title":"Pipolino chien Pipolino - V\u00e9torino","og_description":"\"Con\u00e7u pour apporter aux chats l?activit\u00e9 physique pluriquotidienne de pr\u00e9dation qui leur manque. Facile d?emploi, silencieux, \u00e9conomique, acceptant toutes les vari\u00e9t\u00e9s de croquettes. Employ\u00e9 comme unique source de nourriture \u00e9vite l?ennui et l?exc\u00e8s pond\u00e9ral. Il est la solution effi cace pour faire mincir m\u00eame quand les r\u00e9gimes amaigrissants ont \u00e9chou\u00e9.\"","og_url":"https:\/\/www.vetorino.com\/veterinaire\/plouzevede-29440\/boutique\/product\/pipolino-chien\/","og_site_name":"V\u00e9torino","article_publisher":"https:\/\/www.facebook.com\/Vetorino\/","article_modified_time":"2022-01-04T14:46:52+00:00","og_image":[{"width":800,"height":800,"url":"https:\/\/www.vetorino.com\/boutique\/wp-content\/uploads\/2020\/03\/pipolino-chien-l-rouge-noir-12.jpg","type":"image\/jpeg"}],"twitter_card":"summary_large_image","twitter_misc":{"Disponibilit\u00e9":"En stock"},"schema":{"@context":"https:\/\/schema.org","@graph":[{"@type":"WebPage","@id":"https:\/\/www.vetorino.com\/boutique\/product\/pipolino-chien\/","url":"https:\/\/www.vetorino.com\/boutique\/product\/pipolino-chien\/","name":"Pipolino chien Pipolino - V\u00e9torino","isPartOf":{"@id":"https:\/\/www.vetorino.com\/boutique\/#website"},"primaryImageOfPage":{"@id":"https:\/\/www.vetorino.com\/boutique\/product\/pipolino-chien\/#primaryimage"},"image":{"@id":"https:\/\/www.vetorino.com\/boutique\/product\/pipolino-chien\/#primaryimage"},"thumbnailUrl":"https:\/\/www.vetorino.com\/boutique\/wp-content\/uploads\/2020\/03\/pipolino-chien-l-rouge-noir-12.jpg","datePublished":"2020-03-04T22:03:06+00:00","dateModified":"2022-01-04T14:46:52+00:00","description":"\"Con\u00e7u pour apporter aux chats l?activit\u00e9 physique pluriquotidienne de pr\u00e9dation qui leur manque. Facile d?emploi, silencieux, \u00e9conomique, acceptant toutes les vari\u00e9t\u00e9s de croquettes. Employ\u00e9 comme unique source de nourriture \u00e9vite l?ennui et l?exc\u00e8s pond\u00e9ral. Il est la solution effi cace pour faire mincir m\u00eame quand les r\u00e9gimes amaigrissants ont \u00e9chou\u00e9.\"","breadcrumb":{"@id":"https:\/\/www.vetorino.com\/boutique\/product\/pipolino-chien\/#breadcrumb"},"inLanguage":"fr-FR","potentialAction":[{"@type":"ReadAction","target":["https:\/\/www.vetorino.com\/boutique\/product\/pipolino-chien\/"]}]},{"@type":"ImageObject","inLanguage":"fr-FR","@id":"https:\/\/www.vetorino.com\/boutique\/product\/pipolino-chien\/#primaryimage","url":"https:\/\/www.vetorino.com\/boutique\/wp-content\/uploads\/2020\/03\/pipolino-chien-l-rouge-noir-12.jpg","contentUrl":"https:\/\/www.vetorino.com\/boutique\/wp-content\/uploads\/2020\/03\/pipolino-chien-l-rouge-noir-12.jpg","width":800,"height":800},{"@type":"BreadcrumbList","@id":"https:\/\/www.vetorino.com\/boutique\/product\/pipolino-chien\/#breadcrumb","itemListElement":[{"@type":"ListItem","position":1,"name":"Accueil","item":"https:\/\/www.vetorino.com\/boutique\/"},{"@type":"ListItem","position":2,"name":"Produits","item":"https:\/\/www.vetorino.com\/boutique\/"},{"@type":"ListItem","position":3,"name":"Pipolino chien"}]},{"@type":"WebSite","@id":"https:\/\/www.vetorino.com\/boutique\/#website","url":"https:\/\/www.vetorino.com\/boutique\/","name":"V\u00e9torino","description":"","publisher":{"@id":"https:\/\/www.vetorino.com\/boutique\/#organization"},"potentialAction":[{"@type":"SearchAction","target":{"@type":"EntryPoint","urlTemplate":"https:\/\/www.vetorino.com\/boutique\/?s={search_term_string}"},"query-input":{"@type":"PropertyValueSpecification","valueRequired":true,"valueName":"search_term_string"}}],"inLanguage":"fr-FR"},{"@type":"Organization","@id":"https:\/\/www.vetorino.com\/boutique\/#organization","name":"V\u00e9torino","url":"https:\/\/www.vetorino.com\/boutique\/","logo":{"@type":"ImageObject","inLanguage":"fr-FR","@id":"https:\/\/www.vetorino.com\/boutique\/#\/schema\/logo\/image\/","url":"https:\/\/www.vetorino.com\/boutique\/wp-content\/uploads\/2024\/10\/logo.jpg","contentUrl":"https:\/\/www.vetorino.com\/boutique\/wp-content\/uploads\/2024\/10\/logo.jpg","width":1200,"height":610,"caption":"V\u00e9torino"},"image":{"@id":"https:\/\/www.vetorino.com\/boutique\/#\/schema\/logo\/image\/"},"sameAs":["https:\/\/www.facebook.com\/Vetorino\/","https:\/\/www.instagram.com\/vetorino_off\/","https:\/\/www.linkedin.com\/company\/vtorino\/"]}]},"product_brand":"Pipolino","og_availability":"instock","product_availability":"instock","product_condition":"new"},"_links":{"self":[{"href":"https:\/\/www.vetorino.com\/veterinaire\/plouzevede-29440\/boutique\/wp-json\/wp\/v2\/product\/36331","targetHints":{"allow":["GET"]}}],"collection":[{"href":"https:\/\/www.vetorino.com\/veterinaire\/plouzevede-29440\/boutique\/wp-json\/wp\/v2\/product"}],"about":[{"href":"https:\/\/www.vetorino.com\/veterinaire\/plouzevede-29440\/boutique\/wp-json\/wp\/v2\/types\/product"}],"wp:featuredmedia":[{"embeddable":true,"href":"https:\/\/www.vetorino.com\/veterinaire\/plouzevede-29440\/boutique\/wp-json\/wp\/v2\/media\/78383"}],"wp:attachment":[{"href":"https:\/\/www.vetorino.com\/veterinaire\/plouzevede-29440\/boutique\/wp-json\/wp\/v2\/media?parent=36331"}],"wp:term":[{"taxonomy":"product_cat","embeddable":true,"href":"https:\/\/www.vetorino.com\/veterinaire\/plouzevede-29440\/boutique\/wp-json\/wp\/v2\/product_cat?post=36331"},{"taxonomy":"product_tag","embeddable":true,"href":"https:\/\/www.vetorino.com\/veterinaire\/plouzevede-29440\/boutique\/wp-json\/wp\/v2\/product_tag?post=36331"}],"curies":[{"name":"wp","href":"https:\/\/api.w.org\/{rel}","templated":true}]}}