{"id":36335,"date":"2020-03-04T23:03:07","date_gmt":"2020-03-04T22:03:07","guid":{"rendered":"https:\/\/www.vetorino.com\/boutique\/product\/clerapliq-collyre\/"},"modified":"2024-04-15T19:08:09","modified_gmt":"2024-04-15T17:08:09","slug":"clerapliq-collyre","status":"publish","type":"product","link":"https:\/\/www.vetorino.com\/veterinaire\/plouzevede-29440\/boutique\/product\/clerapliq-collyre\/","title":{"rendered":"CLERAPLIQ COLLYRE BT 5 UNIDOSES 0,33 ML"},"content":{"rendered":"<p>Produit d\u2019hygi\u00e8ne oculaire. Chez le chiens, chats, chevaux de sport et de course, NAC, apport local de substitut de matrice extracellulaire.<\/p>\n<p><strong>Clerapliq<\/strong> participe \u00e0 la r\u00e9paration tissulaire, \u00e0 la protection et au r\u00e9tablissement de l&#8217;int\u00e9grit\u00e9 de la matrice extracellulaire impliqu\u00e9e dans le processus de multiplication et de r\u00e9paration. L&#8217;am\u00e9lioration de la matrice extracellulaire de la corn\u00e9e participe \u00e0 la diminution de sensation d&#8217;inconfort de l&#8217;animal.<\/p>\n<p>Il contient des h\u00e9paranes sulfates &amp; des RGTA (ReGeneraTing Agents).<\/p>\n<p>Les h\u00e9paranes sulfates sont des constituants naturels de la matrice extracellulaire. En assurant l\u2019ancrage et la protection de nombreuses prot\u00e9ines de la communication cellulaire (facteurs de croissance, cytokines,\u2026), ils permettent le maintien de l\u2019int\u00e9grit\u00e9 de l\u2019architecture matricielle et la r\u00e9gulation du comportement des cellules.<\/p>\n<p>Les RGTA sont des biopolym\u00e8res (carboxym\u00e9thylglucose sulfate) de structure proche des h\u00e9paranes sulfates.<\/p>\n<p>Ce produit ne contient pas de conservateurs. Son format unidose st\u00e9rile \u00e0 usage ophtalmologique le rend tr\u00e8s simple d&#8217;utilisation.<\/p>\n<p><strong>Bienfaits<\/strong> :<\/p>\n<ul>\n<li>Pas de conservateurs<\/li>\n<li>Unidose st\u00e9rile<\/li>\n<li>Simple d&#8217;utilisation<\/li>\n<li>Participe \u00e0 la r\u00e9paration tissulaire<\/li>\n<li>Diminution de la sensation d&#8217;inconfort<\/li>\n<\/ul>\n","protected":false},"excerpt":{"rendered":"<p><strong>Clerapliq Collyre<\/strong> est un apport local de substitut de matrice extracellulaire pour chiens, chats, chevaux et NAC<\/p>\n<p><strong>Utilisation :<\/strong><\/p>\n<ul>\n<li>Chien<\/li>\n<li>Chat<\/li>\n<li>Chevaux<\/li>\n<li>NAC<\/li>\n<\/ul>\n","protected":false},"featured_media":896720,"template":"","meta":[],"product_cat":[2697,12547,2698,2727],"product_tag":[],"class_list":{"0":"post-36335","1":"product","2":"type-product","3":"status-publish","4":"has-post-thumbnail","6":"product_cat-chat","7":"product_cat-cheval","8":"product_cat-chien","9":"product_cat-nac","10":"pa_marque-tvm","12":"first","13":"instock","14":"taxable","15":"shipping-taxable","16":"purchasable","17":"product-type-simple"},"yoast_head":"<!-- This site is optimized with the Yoast SEO plugin v27.3 - https:\/\/yoast.com\/product\/yoast-seo-wordpress\/ -->\n<title>CLERAPLIQ COLLYRE BT 5 UNIDOSES 0,33 ML D\u00f4mes Pharma TVM - V\u00e9torino<\/title>\n<meta name=\"description\" content=\"Clerapliq Collyre est un apport local de substitut de matrice extracellulaire pour chiens, chats, chevaux et NAC  Utilisation :   Chien  Chat  Chevaux  NAC\" \/>\n<meta name=\"robots\" content=\"noindex, nofollow\" \/>\n<meta property=\"og:locale\" content=\"fr_FR\" \/>\n<meta property=\"og:type\" content=\"article\" \/>\n<meta property=\"og:title\" content=\"CLERAPLIQ COLLYRE BT 5 UNIDOSES 0,33 ML D\u00f4mes Pharma TVM - V\u00e9torino\" \/>\n<meta property=\"og:description\" content=\"Clerapliq Collyre est un apport local de substitut de matrice extracellulaire pour chiens, chats, chevaux et NAC  Utilisation :   Chien  Chat  Chevaux  NAC\" \/>\n<meta property=\"og:url\" content=\"https:\/\/www.vetorino.com\/veterinaire\/plouzevede-29440\/boutique\/product\/clerapliq-collyre\/\" \/>\n<meta property=\"og:site_name\" content=\"V\u00e9torino\" \/>\n<meta property=\"article:publisher\" content=\"https:\/\/www.facebook.com\/Vetorino\/\" \/>\n<meta property=\"article:modified_time\" content=\"2024-04-15T17:08:09+00:00\" \/>\n<meta property=\"og:image\" content=\"https:\/\/www.vetorino.com\/boutique\/wp-content\/uploads\/2020\/03\/clerapliq-tvm.webp\" \/>\n\t<meta property=\"og:image:width\" content=\"800\" \/>\n\t<meta property=\"og:image:height\" content=\"800\" \/>\n\t<meta property=\"og:image:type\" content=\"image\/webp\" \/>\n<meta name=\"twitter:card\" content=\"summary_large_image\" \/>\n<meta name=\"twitter:label1\" content=\"Prix\" \/>\n\t<meta name=\"twitter:data1\" content=\"45,93&euro;\" \/>\n\t<meta name=\"twitter:label2\" content=\"Disponibilit\u00e9\" \/>\n\t<meta name=\"twitter:data2\" content=\"En stock\" \/>\n<script type=\"application\/ld+json\" class=\"yoast-schema-graph\">{\"@context\":\"https:\\\/\\\/schema.org\",\"@graph\":[{\"@type\":\"WebPage\",\"@id\":\"https:\\\/\\\/www.vetorino.com\\\/boutique\\\/product\\\/clerapliq-collyre\\\/\",\"url\":\"https:\\\/\\\/www.vetorino.com\\\/boutique\\\/product\\\/clerapliq-collyre\\\/\",\"name\":\"CLERAPLIQ COLLYRE BT 5 UNIDOSES 0,33 ML D\u00f4mes Pharma TVM - V\u00e9torino\",\"isPartOf\":{\"@id\":\"https:\\\/\\\/www.vetorino.com\\\/boutique\\\/#website\"},\"primaryImageOfPage\":{\"@id\":\"https:\\\/\\\/www.vetorino.com\\\/boutique\\\/product\\\/clerapliq-collyre\\\/#primaryimage\"},\"image\":{\"@id\":\"https:\\\/\\\/www.vetorino.com\\\/boutique\\\/product\\\/clerapliq-collyre\\\/#primaryimage\"},\"thumbnailUrl\":\"https:\\\/\\\/www.vetorino.com\\\/boutique\\\/wp-content\\\/uploads\\\/2020\\\/03\\\/clerapliq-tvm.webp\",\"datePublished\":\"2020-03-04T22:03:07+00:00\",\"dateModified\":\"2024-04-15T17:08:09+00:00\",\"description\":\"Clerapliq Collyre est un apport local de substitut de matrice extracellulaire pour chiens, chats, chevaux et NAC Utilisation : Chien Chat Chevaux NAC\",\"breadcrumb\":{\"@id\":\"https:\\\/\\\/www.vetorino.com\\\/boutique\\\/product\\\/clerapliq-collyre\\\/#breadcrumb\"},\"inLanguage\":\"fr-FR\",\"potentialAction\":[{\"@type\":\"ReadAction\",\"target\":[\"https:\\\/\\\/www.vetorino.com\\\/boutique\\\/product\\\/clerapliq-collyre\\\/\"]}]},{\"@type\":\"ImageObject\",\"inLanguage\":\"fr-FR\",\"@id\":\"https:\\\/\\\/www.vetorino.com\\\/boutique\\\/product\\\/clerapliq-collyre\\\/#primaryimage\",\"url\":\"https:\\\/\\\/www.vetorino.com\\\/boutique\\\/wp-content\\\/uploads\\\/2020\\\/03\\\/clerapliq-tvm.webp\",\"contentUrl\":\"https:\\\/\\\/www.vetorino.com\\\/boutique\\\/wp-content\\\/uploads\\\/2020\\\/03\\\/clerapliq-tvm.webp\",\"width\":800,\"height\":800},{\"@type\":\"BreadcrumbList\",\"@id\":\"https:\\\/\\\/www.vetorino.com\\\/boutique\\\/product\\\/clerapliq-collyre\\\/#breadcrumb\",\"itemListElement\":[{\"@type\":\"ListItem\",\"position\":1,\"name\":\"Accueil\",\"item\":\"https:\\\/\\\/www.vetorino.com\\\/boutique\\\/\"},{\"@type\":\"ListItem\",\"position\":2,\"name\":\"Produits\",\"item\":\"https:\\\/\\\/www.vetorino.com\\\/boutique\\\/\"},{\"@type\":\"ListItem\",\"position\":3,\"name\":\"CLERAPLIQ COLLYRE BT 5 UNIDOSES 0,33 ML\"}]},{\"@type\":\"WebSite\",\"@id\":\"https:\\\/\\\/www.vetorino.com\\\/boutique\\\/#website\",\"url\":\"https:\\\/\\\/www.vetorino.com\\\/boutique\\\/\",\"name\":\"V\u00e9torino\",\"description\":\"\",\"publisher\":{\"@id\":\"https:\\\/\\\/www.vetorino.com\\\/boutique\\\/#organization\"},\"potentialAction\":[{\"@type\":\"SearchAction\",\"target\":{\"@type\":\"EntryPoint\",\"urlTemplate\":\"https:\\\/\\\/www.vetorino.com\\\/boutique\\\/?s={search_term_string}\"},\"query-input\":{\"@type\":\"PropertyValueSpecification\",\"valueRequired\":true,\"valueName\":\"search_term_string\"}}],\"inLanguage\":\"fr-FR\"},{\"@type\":\"Organization\",\"@id\":\"https:\\\/\\\/www.vetorino.com\\\/boutique\\\/#organization\",\"name\":\"V\u00e9torino\",\"url\":\"https:\\\/\\\/www.vetorino.com\\\/boutique\\\/\",\"logo\":{\"@type\":\"ImageObject\",\"inLanguage\":\"fr-FR\",\"@id\":\"https:\\\/\\\/www.vetorino.com\\\/boutique\\\/#\\\/schema\\\/logo\\\/image\\\/\",\"url\":\"https:\\\/\\\/www.vetorino.com\\\/boutique\\\/wp-content\\\/uploads\\\/2024\\\/10\\\/logo.jpg\",\"contentUrl\":\"https:\\\/\\\/www.vetorino.com\\\/boutique\\\/wp-content\\\/uploads\\\/2024\\\/10\\\/logo.jpg\",\"width\":1200,\"height\":610,\"caption\":\"V\u00e9torino\"},\"image\":{\"@id\":\"https:\\\/\\\/www.vetorino.com\\\/boutique\\\/#\\\/schema\\\/logo\\\/image\\\/\"},\"sameAs\":[\"https:\\\/\\\/www.facebook.com\\\/Vetorino\\\/\",\"https:\\\/\\\/www.instagram.com\\\/vetorino_off\\\/\",\"https:\\\/\\\/www.linkedin.com\\\/company\\\/vtorino\\\/\"]}]}<\/script>\n<meta property=\"product:brand\" content=\"D\u00f4mes Pharma TVM\" \/>\n<meta property=\"product:price:amount\" content=\"45.93\" \/>\n<meta property=\"product:price:currency\" content=\"EUR\" \/>\n<meta property=\"og:availability\" content=\"instock\" \/>\n<meta property=\"product:availability\" content=\"instock\" \/>\n<meta property=\"product:retailer_item_id\" content=\"A-8110509\" \/>\n<meta property=\"product:condition\" content=\"new\" \/>\n<!-- \/ Yoast SEO plugin. -->","yoast_head_json":{"title":"CLERAPLIQ COLLYRE BT 5 UNIDOSES 0,33 ML D\u00f4mes Pharma TVM - V\u00e9torino","description":"Clerapliq Collyre est un apport local de substitut de matrice extracellulaire pour chiens, chats, chevaux et NAC  Utilisation :   Chien  Chat  Chevaux  NAC","robots":{"index":"noindex","follow":"nofollow"},"og_locale":"fr_FR","og_type":"article","og_title":"CLERAPLIQ COLLYRE BT 5 UNIDOSES 0,33 ML D\u00f4mes Pharma TVM - V\u00e9torino","og_description":"Clerapliq Collyre est un apport local de substitut de matrice extracellulaire pour chiens, chats, chevaux et NAC  Utilisation :   Chien  Chat  Chevaux  NAC","og_url":"https:\/\/www.vetorino.com\/veterinaire\/plouzevede-29440\/boutique\/product\/clerapliq-collyre\/","og_site_name":"V\u00e9torino","article_publisher":"https:\/\/www.facebook.com\/Vetorino\/","article_modified_time":"2024-04-15T17:08:09+00:00","og_image":[{"width":800,"height":800,"url":"https:\/\/www.vetorino.com\/boutique\/wp-content\/uploads\/2020\/03\/clerapliq-tvm.webp","type":"image\/webp"}],"twitter_card":"summary_large_image","twitter_misc":{"Prix":"45,93&euro;","Disponibilit\u00e9":"En stock"},"schema":{"@context":"https:\/\/schema.org","@graph":[{"@type":"WebPage","@id":"https:\/\/www.vetorino.com\/boutique\/product\/clerapliq-collyre\/","url":"https:\/\/www.vetorino.com\/boutique\/product\/clerapliq-collyre\/","name":"CLERAPLIQ COLLYRE BT 5 UNIDOSES 0,33 ML D\u00f4mes Pharma TVM - V\u00e9torino","isPartOf":{"@id":"https:\/\/www.vetorino.com\/boutique\/#website"},"primaryImageOfPage":{"@id":"https:\/\/www.vetorino.com\/boutique\/product\/clerapliq-collyre\/#primaryimage"},"image":{"@id":"https:\/\/www.vetorino.com\/boutique\/product\/clerapliq-collyre\/#primaryimage"},"thumbnailUrl":"https:\/\/www.vetorino.com\/boutique\/wp-content\/uploads\/2020\/03\/clerapliq-tvm.webp","datePublished":"2020-03-04T22:03:07+00:00","dateModified":"2024-04-15T17:08:09+00:00","description":"Clerapliq Collyre est un apport local de substitut de matrice extracellulaire pour chiens, chats, chevaux et NAC Utilisation : Chien Chat Chevaux NAC","breadcrumb":{"@id":"https:\/\/www.vetorino.com\/boutique\/product\/clerapliq-collyre\/#breadcrumb"},"inLanguage":"fr-FR","potentialAction":[{"@type":"ReadAction","target":["https:\/\/www.vetorino.com\/boutique\/product\/clerapliq-collyre\/"]}]},{"@type":"ImageObject","inLanguage":"fr-FR","@id":"https:\/\/www.vetorino.com\/boutique\/product\/clerapliq-collyre\/#primaryimage","url":"https:\/\/www.vetorino.com\/boutique\/wp-content\/uploads\/2020\/03\/clerapliq-tvm.webp","contentUrl":"https:\/\/www.vetorino.com\/boutique\/wp-content\/uploads\/2020\/03\/clerapliq-tvm.webp","width":800,"height":800},{"@type":"BreadcrumbList","@id":"https:\/\/www.vetorino.com\/boutique\/product\/clerapliq-collyre\/#breadcrumb","itemListElement":[{"@type":"ListItem","position":1,"name":"Accueil","item":"https:\/\/www.vetorino.com\/boutique\/"},{"@type":"ListItem","position":2,"name":"Produits","item":"https:\/\/www.vetorino.com\/boutique\/"},{"@type":"ListItem","position":3,"name":"CLERAPLIQ COLLYRE BT 5 UNIDOSES 0,33 ML"}]},{"@type":"WebSite","@id":"https:\/\/www.vetorino.com\/boutique\/#website","url":"https:\/\/www.vetorino.com\/boutique\/","name":"V\u00e9torino","description":"","publisher":{"@id":"https:\/\/www.vetorino.com\/boutique\/#organization"},"potentialAction":[{"@type":"SearchAction","target":{"@type":"EntryPoint","urlTemplate":"https:\/\/www.vetorino.com\/boutique\/?s={search_term_string}"},"query-input":{"@type":"PropertyValueSpecification","valueRequired":true,"valueName":"search_term_string"}}],"inLanguage":"fr-FR"},{"@type":"Organization","@id":"https:\/\/www.vetorino.com\/boutique\/#organization","name":"V\u00e9torino","url":"https:\/\/www.vetorino.com\/boutique\/","logo":{"@type":"ImageObject","inLanguage":"fr-FR","@id":"https:\/\/www.vetorino.com\/boutique\/#\/schema\/logo\/image\/","url":"https:\/\/www.vetorino.com\/boutique\/wp-content\/uploads\/2024\/10\/logo.jpg","contentUrl":"https:\/\/www.vetorino.com\/boutique\/wp-content\/uploads\/2024\/10\/logo.jpg","width":1200,"height":610,"caption":"V\u00e9torino"},"image":{"@id":"https:\/\/www.vetorino.com\/boutique\/#\/schema\/logo\/image\/"},"sameAs":["https:\/\/www.facebook.com\/Vetorino\/","https:\/\/www.instagram.com\/vetorino_off\/","https:\/\/www.linkedin.com\/company\/vtorino\/"]}]},"product_brand":"D\u00f4mes Pharma TVM","product_price_amount":"45.93","product_price_currency":"EUR","og_availability":"instock","product_availability":"instock","product_retailer_item_id":"A-8110509","product_condition":"new"},"_links":{"self":[{"href":"https:\/\/www.vetorino.com\/veterinaire\/plouzevede-29440\/boutique\/wp-json\/wp\/v2\/product\/36335","targetHints":{"allow":["GET"]}}],"collection":[{"href":"https:\/\/www.vetorino.com\/veterinaire\/plouzevede-29440\/boutique\/wp-json\/wp\/v2\/product"}],"about":[{"href":"https:\/\/www.vetorino.com\/veterinaire\/plouzevede-29440\/boutique\/wp-json\/wp\/v2\/types\/product"}],"wp:featuredmedia":[{"embeddable":true,"href":"https:\/\/www.vetorino.com\/veterinaire\/plouzevede-29440\/boutique\/wp-json\/wp\/v2\/media\/896720"}],"wp:attachment":[{"href":"https:\/\/www.vetorino.com\/veterinaire\/plouzevede-29440\/boutique\/wp-json\/wp\/v2\/media?parent=36335"}],"wp:term":[{"taxonomy":"product_cat","embeddable":true,"href":"https:\/\/www.vetorino.com\/veterinaire\/plouzevede-29440\/boutique\/wp-json\/wp\/v2\/product_cat?post=36335"},{"taxonomy":"product_tag","embeddable":true,"href":"https:\/\/www.vetorino.com\/veterinaire\/plouzevede-29440\/boutique\/wp-json\/wp\/v2\/product_tag?post=36335"}],"curies":[{"name":"wp","href":"https:\/\/api.w.org\/{rel}","templated":true}]}}