{"id":36337,"date":"2020-03-04T23:03:08","date_gmt":"2020-03-04T22:03:08","guid":{"rendered":"https:\/\/www.vetorino.com\/boutique\/product\/specific-chien-ced-endocrine-support\/"},"modified":"2025-09-01T17:23:19","modified_gmt":"2025-09-01T15:23:19","slug":"specific-chien-ced-endocrine-support","status":"publish","type":"product","link":"https:\/\/www.vetorino.com\/veterinaire\/plouzevede-29440\/boutique\/product\/specific-chien-ced-endocrine-support\/","title":{"rendered":"CED DM Endocrine Support &#8211; chien"},"content":{"rendered":"<p><strong>Aliment di\u00e9t\u00e9tique complet pour la r\u00e9gulation de l\u2019apport en glucose (Diabetes Mellitus) et pour la r\u00e9gulation du m\u00e9tabolisme lipidique en cas d\u2019hyperlipid\u00e9mie chez les chiens adultes. Cet aliment contient une fortes teneurs en om\u00e9ga-3 issus du poisson et en \u00df-1,3\/1,6-glucanes pour le soutien de la r\u00e9ponse immunitaire.<\/strong><\/p>\n<p><strong>Utilisation :<\/strong><\/p>\n<ul>\n<li>Diab\u00e8te<\/li>\n<li>Hyperlipid\u00e9mie<\/li>\n<li>Support nutritionnel des complications associ\u00e9es aux pathologies endocriniennes (diab\u00e8te, syndrome de Cushing, hypothyro\u00efdie) telles que d\u00e9faut de r\u00e9gulation de la glyc\u00e9mie, hypertension, troubles cutan\u00e9s, infections chroniques<\/li>\n<li>Constipation, colite r\u00e9pondant \u00e0 un apport \u00e9lev\u00e9 en fibres<\/li>\n<\/ul>\n<p><strong>Contre indications :<\/strong><\/p>\n<ul>\n<li>Chiot<\/li>\n<li>Chienne gestante ou allaitante<\/li>\n<\/ul>\n<p><strong>Bienfaits essentiels :<\/strong><\/p>\n<ul>\n<li>C\u00e9r\u00e9ales de faible index glyc\u00e9mique (bl\u00e9 complet et avoine) et haute teneur en fibres pour\u00a0<strong>stimuler la lib\u00e9ration progressive du glucose, de mani\u00e8re \u00e0 r\u00e9duire l\u2019hyperglyc\u00e9mie post-prandiale chez les chiens diab\u00e9tiques<\/strong>.<\/li>\n<li>Teneurs tr\u00e8s \u00e9lev\u00e9es en acides gras Om\u00e9ga-3 EPA et DHA (issus d\u2019huile de poisson) et en acide gras Om\u00e9ga-6 GLA (issus d\u2019huile de bourrache). Un apport \u00e9lev\u00e9 en acides gras Om\u00e9ga-3 permet de<strong>\u00a0limiter l\u2019hyperlipid\u00e9mie, de contribuer \u00e0 maintenir une tension art\u00e9rielle normale et de limiter l\u2019insulinor\u00e9sistance<\/strong>. Ces acides gras peuvent moduler la r\u00e9ponse immunitaire en modifiant la production d\u2019\u00e9icosano\u00efdes, qui agissent sur diff\u00e9rents processus m\u00e9taboliques.<\/li>\n<li>Contient des \u00df-1,3\/1,6-glucanes issus de levure boulang\u00e8re, et des teneurs accrues en zinc, s\u00e9l\u00e9nium et acides gras Om\u00e9ga-3 pour<strong>\u00a0stimuler le syst\u00e8me immunitaire. Les \u00df-1,3\/1,6-glucanes peuvent se lier aux r\u00e9cepteurs des macrophages et ainsi favoriser la r\u00e9ponse immunitaire\u00a0<\/strong>en modifiant la production de cytokines.<\/li>\n<li>Aliment complet et \u00e9quilibr\u00e9, avec une densit\u00e9 \u00e9nerg\u00e9tique mod\u00e9r\u00e9e pour le\u00a0<strong>maintien du poids optimal<\/strong>. Les teneurs contr\u00f4l\u00e9es en min\u00e9raux, tels que le phosphore et le sodium, permettent de<strong>\u00a0soutenir la fonction r\u00e9nale des chiens seniors<\/strong>.<\/li>\n<li>Enrichi en EPA et DHA (acides gras Om\u00e9ga-3 issus d\u2019huile de poisson),\u00a0<strong>pour une bonne sant\u00e9 des articulations, de la peau et du pelage<\/strong>.<\/li>\n<\/ul>\n<p><strong>Cet aliment est destin\u00e9 \u00e0 la prise en charge nutritionnelle d\u2019une maladie. Pour la sant\u00e9 de votre chien, il est recommand\u00e9 de consulter votre v\u00e9t\u00e9rinaire et de respecter scrupuleusement ses recommandations nutritionnelles.<\/strong><\/p>\n","protected":false},"excerpt":{"rendered":"<div id=\"product-description-short-4227\">\n<p><strong>Aliment di\u00e9t\u00e9tique complet pour la r\u00e9gulation de l\u2019apport en glucose et pour la r\u00e9gulation du m\u00e9tabolisme lipidique en cas d\u2019hyperlipid\u00e9mie chez les chiens adultes. Soutien de la r\u00e9ponse immunitaire.<br \/>\n<\/strong><\/p>\n<p><strong>Utilisation :<\/strong><\/p>\n<ul>\n<li>Diab\u00e8te<\/li>\n<li>Hyperlipid\u00e9mie<\/li>\n<li>Support nutritionnel des complications associ\u00e9es aux pathologies endocriniennes (diab\u00e8te, syndrome de Cushing, hypothyro\u00efdie)<\/li>\n<li>Constipation, colite r\u00e9pondant \u00e0 un apport \u00e9lev\u00e9 en fibres<\/li>\n<\/ul>\n<p><strong>Cet aliment est destin\u00e9 \u00e0 la prise en charge nutritionnelle d\u2019une maladie. Il est recommand\u00e9 de consulter votre v\u00e9t\u00e9rinaire.<\/strong><\/p>\n<\/div>\n","protected":false},"featured_media":1249514,"template":"","meta":[],"product_cat":[12552,12582,2698],"product_tag":[],"class_list":{"0":"post-36337","1":"product","2":"type-product","3":"status-publish","4":"has-post-thumbnail","6":"product_cat-alimentation-du-chien","7":"product_cat-alimentation-medicalisee-pour-chien","8":"product_cat-chien","9":"pa_marque-specific","11":"first","12":"instock","13":"taxable","14":"shipping-taxable","15":"purchasable","16":"product-type-variable"},"yoast_head":"<!-- This site is optimized with the Yoast SEO plugin v27.3 - https:\/\/yoast.com\/product\/yoast-seo-wordpress\/ -->\n<title>CED DM Endocrine Support - chien Specific - V\u00e9torino<\/title>\n<meta name=\"description\" content=\"SPECIFIC Chien CED endocrine support est un aliment di\u00e9t\u00e9tique complet pour la r\u00e9gulation de l\u2019apport en glucose\" \/>\n<meta name=\"robots\" content=\"noindex, nofollow\" \/>\n<meta property=\"og:locale\" content=\"fr_FR\" \/>\n<meta property=\"og:type\" content=\"article\" \/>\n<meta property=\"og:title\" content=\"CED DM Endocrine Support - chien Specific - V\u00e9torino\" \/>\n<meta property=\"og:description\" content=\"SPECIFIC Chien CED endocrine support est un aliment di\u00e9t\u00e9tique complet pour la r\u00e9gulation de l\u2019apport en glucose\" \/>\n<meta property=\"og:url\" content=\"https:\/\/www.vetorino.com\/veterinaire\/plouzevede-29440\/boutique\/product\/specific-chien-ced-endocrine-support\/\" \/>\n<meta property=\"og:site_name\" content=\"V\u00e9torino\" \/>\n<meta property=\"article:publisher\" content=\"https:\/\/www.facebook.com\/Vetorino\/\" \/>\n<meta property=\"article:modified_time\" content=\"2025-09-01T15:23:19+00:00\" \/>\n<meta property=\"og:image\" content=\"https:\/\/www.vetorino.com\/boutique\/wp-content\/uploads\/2020\/03\/specific-ced-dm-endocrine.webp\" \/>\n\t<meta property=\"og:image:width\" content=\"800\" \/>\n\t<meta property=\"og:image:height\" content=\"800\" \/>\n\t<meta property=\"og:image:type\" content=\"image\/webp\" \/>\n<meta name=\"twitter:card\" content=\"summary_large_image\" \/>\n<meta name=\"twitter:label1\" content=\"Disponibilit\u00e9\" \/>\n\t<meta name=\"twitter:data1\" content=\"En stock\" \/>\n<script type=\"application\/ld+json\" class=\"yoast-schema-graph\">{\"@context\":\"https:\\\/\\\/schema.org\",\"@graph\":[{\"@type\":\"WebPage\",\"@id\":\"https:\\\/\\\/www.vetorino.com\\\/boutique\\\/product\\\/specific-chien-ced-endocrine-support\\\/\",\"url\":\"https:\\\/\\\/www.vetorino.com\\\/boutique\\\/product\\\/specific-chien-ced-endocrine-support\\\/\",\"name\":\"CED DM Endocrine Support - chien Specific - V\u00e9torino\",\"isPartOf\":{\"@id\":\"https:\\\/\\\/www.vetorino.com\\\/boutique\\\/#website\"},\"primaryImageOfPage\":{\"@id\":\"https:\\\/\\\/www.vetorino.com\\\/boutique\\\/product\\\/specific-chien-ced-endocrine-support\\\/#primaryimage\"},\"image\":{\"@id\":\"https:\\\/\\\/www.vetorino.com\\\/boutique\\\/product\\\/specific-chien-ced-endocrine-support\\\/#primaryimage\"},\"thumbnailUrl\":\"https:\\\/\\\/www.vetorino.com\\\/boutique\\\/wp-content\\\/uploads\\\/2020\\\/03\\\/specific-ced-dm-endocrine.webp\",\"datePublished\":\"2020-03-04T22:03:08+00:00\",\"dateModified\":\"2025-09-01T15:23:19+00:00\",\"description\":\"SPECIFIC Chien CED endocrine support est un aliment di\u00e9t\u00e9tique complet pour la r\u00e9gulation de l\u2019apport en glucose\",\"breadcrumb\":{\"@id\":\"https:\\\/\\\/www.vetorino.com\\\/boutique\\\/product\\\/specific-chien-ced-endocrine-support\\\/#breadcrumb\"},\"inLanguage\":\"fr-FR\",\"potentialAction\":[{\"@type\":\"ReadAction\",\"target\":[\"https:\\\/\\\/www.vetorino.com\\\/boutique\\\/product\\\/specific-chien-ced-endocrine-support\\\/\"]}]},{\"@type\":\"ImageObject\",\"inLanguage\":\"fr-FR\",\"@id\":\"https:\\\/\\\/www.vetorino.com\\\/boutique\\\/product\\\/specific-chien-ced-endocrine-support\\\/#primaryimage\",\"url\":\"https:\\\/\\\/www.vetorino.com\\\/boutique\\\/wp-content\\\/uploads\\\/2020\\\/03\\\/specific-ced-dm-endocrine.webp\",\"contentUrl\":\"https:\\\/\\\/www.vetorino.com\\\/boutique\\\/wp-content\\\/uploads\\\/2020\\\/03\\\/specific-ced-dm-endocrine.webp\",\"width\":800,\"height\":800},{\"@type\":\"BreadcrumbList\",\"@id\":\"https:\\\/\\\/www.vetorino.com\\\/boutique\\\/product\\\/specific-chien-ced-endocrine-support\\\/#breadcrumb\",\"itemListElement\":[{\"@type\":\"ListItem\",\"position\":1,\"name\":\"Accueil\",\"item\":\"https:\\\/\\\/www.vetorino.com\\\/boutique\\\/\"},{\"@type\":\"ListItem\",\"position\":2,\"name\":\"Produits\",\"item\":\"https:\\\/\\\/www.vetorino.com\\\/boutique\\\/\"},{\"@type\":\"ListItem\",\"position\":3,\"name\":\"CED DM Endocrine Support &#8211; chien\"}]},{\"@type\":\"WebSite\",\"@id\":\"https:\\\/\\\/www.vetorino.com\\\/boutique\\\/#website\",\"url\":\"https:\\\/\\\/www.vetorino.com\\\/boutique\\\/\",\"name\":\"V\u00e9torino\",\"description\":\"\",\"publisher\":{\"@id\":\"https:\\\/\\\/www.vetorino.com\\\/boutique\\\/#organization\"},\"potentialAction\":[{\"@type\":\"SearchAction\",\"target\":{\"@type\":\"EntryPoint\",\"urlTemplate\":\"https:\\\/\\\/www.vetorino.com\\\/boutique\\\/?s={search_term_string}\"},\"query-input\":{\"@type\":\"PropertyValueSpecification\",\"valueRequired\":true,\"valueName\":\"search_term_string\"}}],\"inLanguage\":\"fr-FR\"},{\"@type\":\"Organization\",\"@id\":\"https:\\\/\\\/www.vetorino.com\\\/boutique\\\/#organization\",\"name\":\"V\u00e9torino\",\"url\":\"https:\\\/\\\/www.vetorino.com\\\/boutique\\\/\",\"logo\":{\"@type\":\"ImageObject\",\"inLanguage\":\"fr-FR\",\"@id\":\"https:\\\/\\\/www.vetorino.com\\\/boutique\\\/#\\\/schema\\\/logo\\\/image\\\/\",\"url\":\"https:\\\/\\\/www.vetorino.com\\\/boutique\\\/wp-content\\\/uploads\\\/2024\\\/10\\\/logo.jpg\",\"contentUrl\":\"https:\\\/\\\/www.vetorino.com\\\/boutique\\\/wp-content\\\/uploads\\\/2024\\\/10\\\/logo.jpg\",\"width\":1200,\"height\":610,\"caption\":\"V\u00e9torino\"},\"image\":{\"@id\":\"https:\\\/\\\/www.vetorino.com\\\/boutique\\\/#\\\/schema\\\/logo\\\/image\\\/\"},\"sameAs\":[\"https:\\\/\\\/www.facebook.com\\\/Vetorino\\\/\",\"https:\\\/\\\/www.instagram.com\\\/vetorino_off\\\/\",\"https:\\\/\\\/www.linkedin.com\\\/company\\\/vtorino\\\/\"]}]}<\/script>\n<meta property=\"product:brand\" content=\"Specific\" \/>\n<meta property=\"og:availability\" content=\"instock\" \/>\n<meta property=\"product:availability\" content=\"instock\" \/>\n<meta property=\"product:condition\" content=\"new\" \/>\n<!-- \/ Yoast SEO plugin. -->","yoast_head_json":{"title":"CED DM Endocrine Support - chien Specific - V\u00e9torino","description":"SPECIFIC Chien CED endocrine support est un aliment di\u00e9t\u00e9tique complet pour la r\u00e9gulation de l\u2019apport en glucose","robots":{"index":"noindex","follow":"nofollow"},"og_locale":"fr_FR","og_type":"article","og_title":"CED DM Endocrine Support - chien Specific - V\u00e9torino","og_description":"SPECIFIC Chien CED endocrine support est un aliment di\u00e9t\u00e9tique complet pour la r\u00e9gulation de l\u2019apport en glucose","og_url":"https:\/\/www.vetorino.com\/veterinaire\/plouzevede-29440\/boutique\/product\/specific-chien-ced-endocrine-support\/","og_site_name":"V\u00e9torino","article_publisher":"https:\/\/www.facebook.com\/Vetorino\/","article_modified_time":"2025-09-01T15:23:19+00:00","og_image":[{"width":800,"height":800,"url":"https:\/\/www.vetorino.com\/boutique\/wp-content\/uploads\/2020\/03\/specific-ced-dm-endocrine.webp","type":"image\/webp"}],"twitter_card":"summary_large_image","twitter_misc":{"Disponibilit\u00e9":"En stock"},"schema":{"@context":"https:\/\/schema.org","@graph":[{"@type":"WebPage","@id":"https:\/\/www.vetorino.com\/boutique\/product\/specific-chien-ced-endocrine-support\/","url":"https:\/\/www.vetorino.com\/boutique\/product\/specific-chien-ced-endocrine-support\/","name":"CED DM Endocrine Support - chien Specific - V\u00e9torino","isPartOf":{"@id":"https:\/\/www.vetorino.com\/boutique\/#website"},"primaryImageOfPage":{"@id":"https:\/\/www.vetorino.com\/boutique\/product\/specific-chien-ced-endocrine-support\/#primaryimage"},"image":{"@id":"https:\/\/www.vetorino.com\/boutique\/product\/specific-chien-ced-endocrine-support\/#primaryimage"},"thumbnailUrl":"https:\/\/www.vetorino.com\/boutique\/wp-content\/uploads\/2020\/03\/specific-ced-dm-endocrine.webp","datePublished":"2020-03-04T22:03:08+00:00","dateModified":"2025-09-01T15:23:19+00:00","description":"SPECIFIC Chien CED endocrine support est un aliment di\u00e9t\u00e9tique complet pour la r\u00e9gulation de l\u2019apport en glucose","breadcrumb":{"@id":"https:\/\/www.vetorino.com\/boutique\/product\/specific-chien-ced-endocrine-support\/#breadcrumb"},"inLanguage":"fr-FR","potentialAction":[{"@type":"ReadAction","target":["https:\/\/www.vetorino.com\/boutique\/product\/specific-chien-ced-endocrine-support\/"]}]},{"@type":"ImageObject","inLanguage":"fr-FR","@id":"https:\/\/www.vetorino.com\/boutique\/product\/specific-chien-ced-endocrine-support\/#primaryimage","url":"https:\/\/www.vetorino.com\/boutique\/wp-content\/uploads\/2020\/03\/specific-ced-dm-endocrine.webp","contentUrl":"https:\/\/www.vetorino.com\/boutique\/wp-content\/uploads\/2020\/03\/specific-ced-dm-endocrine.webp","width":800,"height":800},{"@type":"BreadcrumbList","@id":"https:\/\/www.vetorino.com\/boutique\/product\/specific-chien-ced-endocrine-support\/#breadcrumb","itemListElement":[{"@type":"ListItem","position":1,"name":"Accueil","item":"https:\/\/www.vetorino.com\/boutique\/"},{"@type":"ListItem","position":2,"name":"Produits","item":"https:\/\/www.vetorino.com\/boutique\/"},{"@type":"ListItem","position":3,"name":"CED DM Endocrine Support &#8211; chien"}]},{"@type":"WebSite","@id":"https:\/\/www.vetorino.com\/boutique\/#website","url":"https:\/\/www.vetorino.com\/boutique\/","name":"V\u00e9torino","description":"","publisher":{"@id":"https:\/\/www.vetorino.com\/boutique\/#organization"},"potentialAction":[{"@type":"SearchAction","target":{"@type":"EntryPoint","urlTemplate":"https:\/\/www.vetorino.com\/boutique\/?s={search_term_string}"},"query-input":{"@type":"PropertyValueSpecification","valueRequired":true,"valueName":"search_term_string"}}],"inLanguage":"fr-FR"},{"@type":"Organization","@id":"https:\/\/www.vetorino.com\/boutique\/#organization","name":"V\u00e9torino","url":"https:\/\/www.vetorino.com\/boutique\/","logo":{"@type":"ImageObject","inLanguage":"fr-FR","@id":"https:\/\/www.vetorino.com\/boutique\/#\/schema\/logo\/image\/","url":"https:\/\/www.vetorino.com\/boutique\/wp-content\/uploads\/2024\/10\/logo.jpg","contentUrl":"https:\/\/www.vetorino.com\/boutique\/wp-content\/uploads\/2024\/10\/logo.jpg","width":1200,"height":610,"caption":"V\u00e9torino"},"image":{"@id":"https:\/\/www.vetorino.com\/boutique\/#\/schema\/logo\/image\/"},"sameAs":["https:\/\/www.facebook.com\/Vetorino\/","https:\/\/www.instagram.com\/vetorino_off\/","https:\/\/www.linkedin.com\/company\/vtorino\/"]}]},"product_brand":"Specific","og_availability":"instock","product_availability":"instock","product_condition":"new"},"_links":{"self":[{"href":"https:\/\/www.vetorino.com\/veterinaire\/plouzevede-29440\/boutique\/wp-json\/wp\/v2\/product\/36337","targetHints":{"allow":["GET"]}}],"collection":[{"href":"https:\/\/www.vetorino.com\/veterinaire\/plouzevede-29440\/boutique\/wp-json\/wp\/v2\/product"}],"about":[{"href":"https:\/\/www.vetorino.com\/veterinaire\/plouzevede-29440\/boutique\/wp-json\/wp\/v2\/types\/product"}],"wp:featuredmedia":[{"embeddable":true,"href":"https:\/\/www.vetorino.com\/veterinaire\/plouzevede-29440\/boutique\/wp-json\/wp\/v2\/media\/1249514"}],"wp:attachment":[{"href":"https:\/\/www.vetorino.com\/veterinaire\/plouzevede-29440\/boutique\/wp-json\/wp\/v2\/media?parent=36337"}],"wp:term":[{"taxonomy":"product_cat","embeddable":true,"href":"https:\/\/www.vetorino.com\/veterinaire\/plouzevede-29440\/boutique\/wp-json\/wp\/v2\/product_cat?post=36337"},{"taxonomy":"product_tag","embeddable":true,"href":"https:\/\/www.vetorino.com\/veterinaire\/plouzevede-29440\/boutique\/wp-json\/wp\/v2\/product_tag?post=36337"}],"curies":[{"name":"wp","href":"https:\/\/api.w.org\/{rel}","templated":true}]}}