{"id":36367,"date":"2020-03-04T23:03:18","date_gmt":"2020-03-04T22:03:18","guid":{"rendered":"https:\/\/www.vetorino.com\/boutique\/product\/ermidra-nouvelle-formule\/"},"modified":"2024-12-10T16:06:18","modified_gmt":"2024-12-10T15:06:18","slug":"ermidra-nouvelle-formule","status":"publish","type":"product","link":"https:\/\/www.vetorino.com\/veterinaire\/plouzevede-29440\/boutique\/product\/ermidra-nouvelle-formule\/","title":{"rendered":"Ermidra Mousse"},"content":{"rendered":"<p><strong>Mode d&#8217;emploi<\/strong><\/p>\n<p>1. Secouer le flacon et appliquer la mousse nettoyante uniform\u00e9ment sur le pelage.<\/p>\n<p>2. Masser doucement \u00e0 rebrousse-poil pour faire p\u00e9n\u00e9trer le produit dans la peau.<\/p>\n<p>3. Laisser agir quelques minutes avant de peigner. Ne pas rincer.<\/p>\n<p>4. Utiliser quotidiennement (ou selon les recommandations d&#8217;un v\u00e9t\u00e9rinaire).<\/p>\n<p><strong>Avantages<\/strong><\/p>\n<p>Les liposomes (microcapsules) transportent les principes actifs vers les couches profondes de l&#8217;\u00e9piderme pour un effet longue dur\u00e9e. Appliqu\u00e9e entre les bains, la mousse permet de prolonger l&#8217;action apaisante sur la peau. Ermidr\u00e0\u00ae Mousse peut \u00e9galement \u00eatre utilis\u00e9 pour le shampooing \u00e0 sec des furets, des rats et des lapins. Id\u00e9al pour nettoyer et hydrater le pelage en cas d&#8217;absence d&#8217;eau ou lorsque le bain n&#8217;est pas recommand\u00e9 (par exemple en hiver, apr\u00e8s une op\u00e9ration). La mousse aide \u00e0 apaiser les d\u00e9mangeaisons de la peau et agir rapidement et efficacement pour rendre le pelage soyeux et brillant.<\/p>\n","protected":false},"excerpt":{"rendered":"<p><strong>Mousse nettoyante hydratante (sans rin\u00e7age) pour chiens, chats, chevaux et autres animaux de compagnie. Contient des liposomes et du lait d&#8217;avoine pour hydrater.<\/strong><\/p>\n<p><strong>Utilisation<\/strong><\/p>\n<p>Ermidr\u00e0\u00ae Mousse est un shampooing sec nettoyant et hydratant pour chiens, chats, chevaux, furets, rongeurs et lapins.<\/p>\n","protected":false},"featured_media":1130138,"template":"","meta":[],"product_cat":[2697,12547,2698,2744,12611,12612,12560,12561,12617,12618,12619,12563,15842,12565],"product_tag":[],"class_list":{"0":"post-36367","1":"product","2":"type-product","3":"status-publish","4":"has-post-thumbnail","6":"product_cat-chat","7":"product_cat-cheval","8":"product_cat-chien","9":"product_cat-furet","10":"product_cat-hygiene-de-la-peau-et-du-pelage-du-chat","11":"product_cat-hygiene-de-la-peau-et-du-pelage-du-chien","12":"product_cat-hygiene-du-chat","13":"product_cat-hygiene-du-chien","14":"product_cat-hygiene-du-furet","15":"product_cat-hygiene-du-lapin","16":"product_cat-hygiene-du-rongeur","17":"product_cat-lapin","18":"product_cat-rongeurs","19":"product_cat-peau-corne-crin-du-cheval","20":"pa_marque-icf","21":"pa_marque-nextmune","23":"first","24":"instock","25":"taxable","26":"shipping-taxable","27":"purchasable","28":"product-type-simple"},"yoast_head":"<!-- This site is optimized with the Yoast SEO plugin v27.3 - https:\/\/yoast.com\/product\/yoast-seo-wordpress\/ -->\n<title>Ermidra Mousse ICF, NEXTMUNE - V\u00e9torino<\/title>\n<meta name=\"description\" content=\"Mousse nettoyante hydratante (sans rin\u00e7age) pour chiens, chats, chevaux et autres animaux de compagnie. Contient des liposomes et du lait d&#039;avoine pour hydrater.  Utilisation  Ermidr\u00e0\u00ae Mousse est un shampooing sec nettoyant et hydratant pour chiens, chats, chevaux, furets, rongeurs et lapins.\" \/>\n<meta name=\"robots\" content=\"noindex, nofollow\" \/>\n<meta property=\"og:locale\" content=\"fr_FR\" \/>\n<meta property=\"og:type\" content=\"article\" \/>\n<meta property=\"og:title\" content=\"Ermidra Mousse ICF, NEXTMUNE - V\u00e9torino\" \/>\n<meta property=\"og:description\" content=\"Mousse nettoyante hydratante (sans rin\u00e7age) pour chiens, chats, chevaux et autres animaux de compagnie. Contient des liposomes et du lait d&#039;avoine pour hydrater.  Utilisation  Ermidr\u00e0\u00ae Mousse est un shampooing sec nettoyant et hydratant pour chiens, chats, chevaux, furets, rongeurs et lapins.\" \/>\n<meta property=\"og:url\" content=\"https:\/\/www.vetorino.com\/veterinaire\/plouzevede-29440\/boutique\/product\/ermidra-nouvelle-formule\/\" \/>\n<meta property=\"og:site_name\" content=\"V\u00e9torino\" \/>\n<meta property=\"article:publisher\" content=\"https:\/\/www.facebook.com\/Vetorino\/\" \/>\n<meta property=\"article:modified_time\" content=\"2024-12-10T15:06:18+00:00\" \/>\n<meta property=\"og:image\" content=\"https:\/\/www.vetorino.com\/boutique\/wp-content\/uploads\/2020\/03\/ermidra-mousse.webp\" \/>\n\t<meta property=\"og:image:width\" content=\"800\" \/>\n\t<meta property=\"og:image:height\" content=\"800\" \/>\n\t<meta property=\"og:image:type\" content=\"image\/webp\" \/>\n<meta name=\"twitter:card\" content=\"summary_large_image\" \/>\n<meta name=\"twitter:label1\" content=\"Prix\" \/>\n\t<meta name=\"twitter:data1\" content=\"18,17&euro;\" \/>\n\t<meta name=\"twitter:label2\" content=\"Disponibilit\u00e9\" \/>\n\t<meta name=\"twitter:data2\" content=\"En stock\" \/>\n<script type=\"application\/ld+json\" class=\"yoast-schema-graph\">{\"@context\":\"https:\\\/\\\/schema.org\",\"@graph\":[{\"@type\":\"WebPage\",\"@id\":\"https:\\\/\\\/www.vetorino.com\\\/boutique\\\/product\\\/ermidra-nouvelle-formule\\\/\",\"url\":\"https:\\\/\\\/www.vetorino.com\\\/boutique\\\/product\\\/ermidra-nouvelle-formule\\\/\",\"name\":\"Ermidra Mousse ICF, NEXTMUNE - V\u00e9torino\",\"isPartOf\":{\"@id\":\"https:\\\/\\\/www.vetorino.com\\\/boutique\\\/#website\"},\"primaryImageOfPage\":{\"@id\":\"https:\\\/\\\/www.vetorino.com\\\/boutique\\\/product\\\/ermidra-nouvelle-formule\\\/#primaryimage\"},\"image\":{\"@id\":\"https:\\\/\\\/www.vetorino.com\\\/boutique\\\/product\\\/ermidra-nouvelle-formule\\\/#primaryimage\"},\"thumbnailUrl\":\"https:\\\/\\\/www.vetorino.com\\\/boutique\\\/wp-content\\\/uploads\\\/2020\\\/03\\\/ermidra-mousse.webp\",\"datePublished\":\"2020-03-04T22:03:18+00:00\",\"dateModified\":\"2024-12-10T15:06:18+00:00\",\"description\":\"Mousse nettoyante hydratante (sans rin\u00e7age) pour chiens, chats, chevaux et autres animaux de compagnie. Contient des liposomes et du lait d'avoine pour hydrater. Utilisation Ermidr\u00e0\u00ae Mousse est un shampooing sec nettoyant et hydratant pour chiens, chats, chevaux, furets, rongeurs et lapins.\",\"breadcrumb\":{\"@id\":\"https:\\\/\\\/www.vetorino.com\\\/boutique\\\/product\\\/ermidra-nouvelle-formule\\\/#breadcrumb\"},\"inLanguage\":\"fr-FR\",\"potentialAction\":[{\"@type\":\"ReadAction\",\"target\":[\"https:\\\/\\\/www.vetorino.com\\\/boutique\\\/product\\\/ermidra-nouvelle-formule\\\/\"]}]},{\"@type\":\"ImageObject\",\"inLanguage\":\"fr-FR\",\"@id\":\"https:\\\/\\\/www.vetorino.com\\\/boutique\\\/product\\\/ermidra-nouvelle-formule\\\/#primaryimage\",\"url\":\"https:\\\/\\\/www.vetorino.com\\\/boutique\\\/wp-content\\\/uploads\\\/2020\\\/03\\\/ermidra-mousse.webp\",\"contentUrl\":\"https:\\\/\\\/www.vetorino.com\\\/boutique\\\/wp-content\\\/uploads\\\/2020\\\/03\\\/ermidra-mousse.webp\",\"width\":800,\"height\":800},{\"@type\":\"BreadcrumbList\",\"@id\":\"https:\\\/\\\/www.vetorino.com\\\/boutique\\\/product\\\/ermidra-nouvelle-formule\\\/#breadcrumb\",\"itemListElement\":[{\"@type\":\"ListItem\",\"position\":1,\"name\":\"Accueil\",\"item\":\"https:\\\/\\\/www.vetorino.com\\\/boutique\\\/\"},{\"@type\":\"ListItem\",\"position\":2,\"name\":\"Produits\",\"item\":\"https:\\\/\\\/www.vetorino.com\\\/boutique\\\/\"},{\"@type\":\"ListItem\",\"position\":3,\"name\":\"Ermidra Mousse\"}]},{\"@type\":\"WebSite\",\"@id\":\"https:\\\/\\\/www.vetorino.com\\\/boutique\\\/#website\",\"url\":\"https:\\\/\\\/www.vetorino.com\\\/boutique\\\/\",\"name\":\"V\u00e9torino\",\"description\":\"\",\"publisher\":{\"@id\":\"https:\\\/\\\/www.vetorino.com\\\/boutique\\\/#organization\"},\"potentialAction\":[{\"@type\":\"SearchAction\",\"target\":{\"@type\":\"EntryPoint\",\"urlTemplate\":\"https:\\\/\\\/www.vetorino.com\\\/boutique\\\/?s={search_term_string}\"},\"query-input\":{\"@type\":\"PropertyValueSpecification\",\"valueRequired\":true,\"valueName\":\"search_term_string\"}}],\"inLanguage\":\"fr-FR\"},{\"@type\":\"Organization\",\"@id\":\"https:\\\/\\\/www.vetorino.com\\\/boutique\\\/#organization\",\"name\":\"V\u00e9torino\",\"url\":\"https:\\\/\\\/www.vetorino.com\\\/boutique\\\/\",\"logo\":{\"@type\":\"ImageObject\",\"inLanguage\":\"fr-FR\",\"@id\":\"https:\\\/\\\/www.vetorino.com\\\/boutique\\\/#\\\/schema\\\/logo\\\/image\\\/\",\"url\":\"https:\\\/\\\/www.vetorino.com\\\/boutique\\\/wp-content\\\/uploads\\\/2024\\\/10\\\/logo.jpg\",\"contentUrl\":\"https:\\\/\\\/www.vetorino.com\\\/boutique\\\/wp-content\\\/uploads\\\/2024\\\/10\\\/logo.jpg\",\"width\":1200,\"height\":610,\"caption\":\"V\u00e9torino\"},\"image\":{\"@id\":\"https:\\\/\\\/www.vetorino.com\\\/boutique\\\/#\\\/schema\\\/logo\\\/image\\\/\"},\"sameAs\":[\"https:\\\/\\\/www.facebook.com\\\/Vetorino\\\/\",\"https:\\\/\\\/www.instagram.com\\\/vetorino_off\\\/\",\"https:\\\/\\\/www.linkedin.com\\\/company\\\/vtorino\\\/\"]}]}<\/script>\n<meta property=\"product:brand\" content=\"ICF\" \/>\n<meta property=\"product:price:amount\" content=\"18.17\" \/>\n<meta property=\"product:price:currency\" content=\"EUR\" \/>\n<meta property=\"og:availability\" content=\"instock\" \/>\n<meta property=\"product:availability\" content=\"instock\" \/>\n<meta property=\"product:retailer_item_id\" content=\"A-8107619\" \/>\n<meta property=\"product:condition\" content=\"new\" \/>\n<!-- \/ Yoast SEO plugin. -->","yoast_head_json":{"title":"Ermidra Mousse ICF, NEXTMUNE - V\u00e9torino","description":"Mousse nettoyante hydratante (sans rin\u00e7age) pour chiens, chats, chevaux et autres animaux de compagnie. Contient des liposomes et du lait d'avoine pour hydrater.  Utilisation  Ermidr\u00e0\u00ae Mousse est un shampooing sec nettoyant et hydratant pour chiens, chats, chevaux, furets, rongeurs et lapins.","robots":{"index":"noindex","follow":"nofollow"},"og_locale":"fr_FR","og_type":"article","og_title":"Ermidra Mousse ICF, NEXTMUNE - V\u00e9torino","og_description":"Mousse nettoyante hydratante (sans rin\u00e7age) pour chiens, chats, chevaux et autres animaux de compagnie. Contient des liposomes et du lait d'avoine pour hydrater.  Utilisation  Ermidr\u00e0\u00ae Mousse est un shampooing sec nettoyant et hydratant pour chiens, chats, chevaux, furets, rongeurs et lapins.","og_url":"https:\/\/www.vetorino.com\/veterinaire\/plouzevede-29440\/boutique\/product\/ermidra-nouvelle-formule\/","og_site_name":"V\u00e9torino","article_publisher":"https:\/\/www.facebook.com\/Vetorino\/","article_modified_time":"2024-12-10T15:06:18+00:00","og_image":[{"width":800,"height":800,"url":"https:\/\/www.vetorino.com\/boutique\/wp-content\/uploads\/2020\/03\/ermidra-mousse.webp","type":"image\/webp"}],"twitter_card":"summary_large_image","twitter_misc":{"Prix":"18,17&euro;","Disponibilit\u00e9":"En stock"},"schema":{"@context":"https:\/\/schema.org","@graph":[{"@type":"WebPage","@id":"https:\/\/www.vetorino.com\/boutique\/product\/ermidra-nouvelle-formule\/","url":"https:\/\/www.vetorino.com\/boutique\/product\/ermidra-nouvelle-formule\/","name":"Ermidra Mousse ICF, NEXTMUNE - V\u00e9torino","isPartOf":{"@id":"https:\/\/www.vetorino.com\/boutique\/#website"},"primaryImageOfPage":{"@id":"https:\/\/www.vetorino.com\/boutique\/product\/ermidra-nouvelle-formule\/#primaryimage"},"image":{"@id":"https:\/\/www.vetorino.com\/boutique\/product\/ermidra-nouvelle-formule\/#primaryimage"},"thumbnailUrl":"https:\/\/www.vetorino.com\/boutique\/wp-content\/uploads\/2020\/03\/ermidra-mousse.webp","datePublished":"2020-03-04T22:03:18+00:00","dateModified":"2024-12-10T15:06:18+00:00","description":"Mousse nettoyante hydratante (sans rin\u00e7age) pour chiens, chats, chevaux et autres animaux de compagnie. Contient des liposomes et du lait d'avoine pour hydrater. Utilisation Ermidr\u00e0\u00ae Mousse est un shampooing sec nettoyant et hydratant pour chiens, chats, chevaux, furets, rongeurs et lapins.","breadcrumb":{"@id":"https:\/\/www.vetorino.com\/boutique\/product\/ermidra-nouvelle-formule\/#breadcrumb"},"inLanguage":"fr-FR","potentialAction":[{"@type":"ReadAction","target":["https:\/\/www.vetorino.com\/boutique\/product\/ermidra-nouvelle-formule\/"]}]},{"@type":"ImageObject","inLanguage":"fr-FR","@id":"https:\/\/www.vetorino.com\/boutique\/product\/ermidra-nouvelle-formule\/#primaryimage","url":"https:\/\/www.vetorino.com\/boutique\/wp-content\/uploads\/2020\/03\/ermidra-mousse.webp","contentUrl":"https:\/\/www.vetorino.com\/boutique\/wp-content\/uploads\/2020\/03\/ermidra-mousse.webp","width":800,"height":800},{"@type":"BreadcrumbList","@id":"https:\/\/www.vetorino.com\/boutique\/product\/ermidra-nouvelle-formule\/#breadcrumb","itemListElement":[{"@type":"ListItem","position":1,"name":"Accueil","item":"https:\/\/www.vetorino.com\/boutique\/"},{"@type":"ListItem","position":2,"name":"Produits","item":"https:\/\/www.vetorino.com\/boutique\/"},{"@type":"ListItem","position":3,"name":"Ermidra Mousse"}]},{"@type":"WebSite","@id":"https:\/\/www.vetorino.com\/boutique\/#website","url":"https:\/\/www.vetorino.com\/boutique\/","name":"V\u00e9torino","description":"","publisher":{"@id":"https:\/\/www.vetorino.com\/boutique\/#organization"},"potentialAction":[{"@type":"SearchAction","target":{"@type":"EntryPoint","urlTemplate":"https:\/\/www.vetorino.com\/boutique\/?s={search_term_string}"},"query-input":{"@type":"PropertyValueSpecification","valueRequired":true,"valueName":"search_term_string"}}],"inLanguage":"fr-FR"},{"@type":"Organization","@id":"https:\/\/www.vetorino.com\/boutique\/#organization","name":"V\u00e9torino","url":"https:\/\/www.vetorino.com\/boutique\/","logo":{"@type":"ImageObject","inLanguage":"fr-FR","@id":"https:\/\/www.vetorino.com\/boutique\/#\/schema\/logo\/image\/","url":"https:\/\/www.vetorino.com\/boutique\/wp-content\/uploads\/2024\/10\/logo.jpg","contentUrl":"https:\/\/www.vetorino.com\/boutique\/wp-content\/uploads\/2024\/10\/logo.jpg","width":1200,"height":610,"caption":"V\u00e9torino"},"image":{"@id":"https:\/\/www.vetorino.com\/boutique\/#\/schema\/logo\/image\/"},"sameAs":["https:\/\/www.facebook.com\/Vetorino\/","https:\/\/www.instagram.com\/vetorino_off\/","https:\/\/www.linkedin.com\/company\/vtorino\/"]}]},"product_brand":"ICF","product_price_amount":"18.17","product_price_currency":"EUR","og_availability":"instock","product_availability":"instock","product_retailer_item_id":"A-8107619","product_condition":"new"},"_links":{"self":[{"href":"https:\/\/www.vetorino.com\/veterinaire\/plouzevede-29440\/boutique\/wp-json\/wp\/v2\/product\/36367","targetHints":{"allow":["GET"]}}],"collection":[{"href":"https:\/\/www.vetorino.com\/veterinaire\/plouzevede-29440\/boutique\/wp-json\/wp\/v2\/product"}],"about":[{"href":"https:\/\/www.vetorino.com\/veterinaire\/plouzevede-29440\/boutique\/wp-json\/wp\/v2\/types\/product"}],"wp:featuredmedia":[{"embeddable":true,"href":"https:\/\/www.vetorino.com\/veterinaire\/plouzevede-29440\/boutique\/wp-json\/wp\/v2\/media\/1130138"}],"wp:attachment":[{"href":"https:\/\/www.vetorino.com\/veterinaire\/plouzevede-29440\/boutique\/wp-json\/wp\/v2\/media?parent=36367"}],"wp:term":[{"taxonomy":"product_cat","embeddable":true,"href":"https:\/\/www.vetorino.com\/veterinaire\/plouzevede-29440\/boutique\/wp-json\/wp\/v2\/product_cat?post=36367"},{"taxonomy":"product_tag","embeddable":true,"href":"https:\/\/www.vetorino.com\/veterinaire\/plouzevede-29440\/boutique\/wp-json\/wp\/v2\/product_tag?post=36367"}],"curies":[{"name":"wp","href":"https:\/\/api.w.org\/{rel}","templated":true}]}}