{"id":36410,"date":"2020-03-04T23:03:34","date_gmt":"2020-03-04T22:03:34","guid":{"rendered":"https:\/\/www.vetorino.com\/boutique\/product\/jouet-kong-balle\/"},"modified":"2023-05-17T10:48:09","modified_gmt":"2023-05-17T08:48:09","slug":"jouet-kong-balle","status":"publish","type":"product","link":"https:\/\/www.vetorino.com\/veterinaire\/plouzevede-29440\/boutique\/product\/jouet-kong-balle\/","title":{"rendered":"Kong AirDog Squeakair Balle"},"content":{"rendered":"<p>Les balles KONG SqueakAir sont les jouets favoris de nombreux chiens, en plus d&#8217;\u00eatre un accessoire essentiel pour les joueurs de tennis. Leur taille et leur mat\u00e9riau solide en font les balles de tennis id\u00e9ales pour les jeux de lancer\/rapporter. Elles \u00e9mettent un couinement lorsque le chien appuie ou mord dessus, ce qui le divertit et l&#8217;encourage \u00e0 jouer davantage par rapport aux balles classiques.<\/p>\n<p>Ces balles de tennis KONG poss\u00e8dent un rev\u00eatement sp\u00e9cial en feutre non abrasif, ce qui les rend douces pour les dents du chien et les prot\u00e8ge de tout dommage. Vous pouvez laisser votre chien mordre ces balles en toute tranquillit\u00e9 et partager des moments de jeu dynamiques !<\/p>\n<p>Voici les caract\u00e9ristiques des balles KONG SqueakAir pour chien :<\/p>\n<ul>\n<li>Un lot de 3 mini balles de tennis pour chien.<\/li>\n<li>Id\u00e9ales pour le jeu de lancer\/rapporter : elles sont de taille optimale et conviennent m\u00eame aux petits chiens.<\/li>\n<li>Fabriqu\u00e9es avec un mat\u00e9riau solide r\u00e9sistant aux m\u00e2choires puissantes.<\/li>\n<li>Elles \u00e9mettent un couinement int\u00e9gr\u00e9 qui stimule le chien et l&#8217;incite \u00e0 jouer.<\/li>\n<li>Elles encouragent le chien \u00e0 jouer et \u00e0 se d\u00e9penser.<\/li>\n<li>Leur surface non abrasive ne cause aucun dommage aux dents du chien.<\/li>\n<li>Disponibles en couleur jaune.<\/li>\n<li>Fabriqu\u00e9es \u00e0 partir de 80 % de caoutchouc vulcanis\u00e9, 15 % de polyester et 5 % de couineur en plastique.<\/li>\n<\/ul>\n","protected":false},"excerpt":{"rendered":"<p>La petite balle jaune, cet accessoire essentiel aux joueurs de tennis, est aussi le jouet pr\u00e9f\u00e9r\u00e9 de nombreux chiens ! De par\u00a0leur taille et\u00a0leur mat\u00e9riau solide, les balles KONG SqueakAir sont les balles de tennis les\u00a0plus adapt\u00e9es pour les<strong>\u00a0jeux de lancer\/rapporter<\/strong>. Elles\u00a0<strong>couinent lorsque le chien appuie ou mord dessus<\/strong>, ce qui l&#8217;amuse et l&#8217;incite encore plus \u00e0 jouer que des balles classiques.<\/p>\n","protected":false},"featured_media":616685,"template":"","meta":[],"product_cat":[12550,2698,12621],"product_tag":[],"class_list":{"0":"post-36410","1":"product","2":"type-product","3":"status-publish","4":"has-post-thumbnail","6":"product_cat-accessoires-du-chien","7":"product_cat-chien","8":"product_cat-jeux-educatifs-pour-chien","9":"pa_marque-kong","11":"first","12":"instock","13":"taxable","14":"shipping-taxable","15":"purchasable","16":"product-type-variable"},"yoast_head":"<!-- This site is optimized with the Yoast SEO plugin v27.3 - https:\/\/yoast.com\/product\/yoast-seo-wordpress\/ -->\n<title>Kong AirDog Squeakair Balle Kong - V\u00e9torino<\/title>\n<meta name=\"description\" content=\"La petite balle jaune, cet accessoire essentiel aux joueurs de tennis, est aussi le jouet pr\u00e9f\u00e9r\u00e9 de nombreux chiens ! De par\u00a0leur taille et\u00a0leur mat\u00e9riau solide, les balles KONG SqueakAir sont les balles de tennis les\u00a0plus adapt\u00e9es pour les\u00a0jeux de lancer\/rapporter. Elles\u00a0couinent lorsque le chien appuie ou mord dessus, ce qui l&#039;amuse et l&#039;incite encore plus \u00e0 jouer que des balles classiques.\" \/>\n<meta name=\"robots\" content=\"noindex, nofollow\" \/>\n<meta property=\"og:locale\" content=\"fr_FR\" \/>\n<meta property=\"og:type\" content=\"article\" \/>\n<meta property=\"og:title\" content=\"Kong AirDog Squeakair Balle Kong - V\u00e9torino\" \/>\n<meta property=\"og:description\" content=\"La petite balle jaune, cet accessoire essentiel aux joueurs de tennis, est aussi le jouet pr\u00e9f\u00e9r\u00e9 de nombreux chiens ! De par\u00a0leur taille et\u00a0leur mat\u00e9riau solide, les balles KONG SqueakAir sont les balles de tennis les\u00a0plus adapt\u00e9es pour les\u00a0jeux de lancer\/rapporter. Elles\u00a0couinent lorsque le chien appuie ou mord dessus, ce qui l&#039;amuse et l&#039;incite encore plus \u00e0 jouer que des balles classiques.\" \/>\n<meta property=\"og:url\" content=\"https:\/\/www.vetorino.com\/veterinaire\/plouzevede-29440\/boutique\/product\/jouet-kong-balle\/\" \/>\n<meta property=\"og:site_name\" content=\"V\u00e9torino\" \/>\n<meta property=\"article:publisher\" content=\"https:\/\/www.facebook.com\/Vetorino\/\" \/>\n<meta property=\"article:modified_time\" content=\"2023-05-17T08:48:09+00:00\" \/>\n<meta property=\"og:image\" content=\"https:\/\/www.vetorino.com\/boutique\/wp-content\/uploads\/2020\/06\/33765_pla_kong_tennisball_mit_quietschie_m_3er_hs_01_6.jpg\" \/>\n\t<meta property=\"og:image:width\" content=\"400\" \/>\n\t<meta property=\"og:image:height\" content=\"400\" \/>\n\t<meta property=\"og:image:type\" content=\"image\/jpeg\" \/>\n<meta name=\"twitter:card\" content=\"summary_large_image\" \/>\n<meta name=\"twitter:label1\" content=\"Disponibilit\u00e9\" \/>\n\t<meta name=\"twitter:data1\" content=\"En stock\" \/>\n<script type=\"application\/ld+json\" class=\"yoast-schema-graph\">{\"@context\":\"https:\\\/\\\/schema.org\",\"@graph\":[{\"@type\":\"WebPage\",\"@id\":\"https:\\\/\\\/www.vetorino.com\\\/boutique\\\/product\\\/jouet-kong-balle\\\/\",\"url\":\"https:\\\/\\\/www.vetorino.com\\\/boutique\\\/product\\\/jouet-kong-balle\\\/\",\"name\":\"Kong AirDog Squeakair Balle Kong - V\u00e9torino\",\"isPartOf\":{\"@id\":\"https:\\\/\\\/www.vetorino.com\\\/boutique\\\/#website\"},\"primaryImageOfPage\":{\"@id\":\"https:\\\/\\\/www.vetorino.com\\\/boutique\\\/product\\\/jouet-kong-balle\\\/#primaryimage\"},\"image\":{\"@id\":\"https:\\\/\\\/www.vetorino.com\\\/boutique\\\/product\\\/jouet-kong-balle\\\/#primaryimage\"},\"thumbnailUrl\":\"https:\\\/\\\/www.vetorino.com\\\/boutique\\\/wp-content\\\/uploads\\\/2020\\\/06\\\/33765_pla_kong_tennisball_mit_quietschie_m_3er_hs_01_6.jpg\",\"datePublished\":\"2020-03-04T22:03:34+00:00\",\"dateModified\":\"2023-05-17T08:48:09+00:00\",\"description\":\"La petite balle jaune, cet accessoire essentiel aux joueurs de tennis, est aussi le jouet pr\u00e9f\u00e9r\u00e9 de nombreux chiens ! De par\u00a0leur taille et\u00a0leur mat\u00e9riau solide, les balles KONG SqueakAir sont les balles de tennis les\u00a0plus adapt\u00e9es pour les\u00a0jeux de lancer\\\/rapporter. Elles\u00a0couinent lorsque le chien appuie ou mord dessus, ce qui l'amuse et l'incite encore plus \u00e0 jouer que des balles classiques.\",\"breadcrumb\":{\"@id\":\"https:\\\/\\\/www.vetorino.com\\\/boutique\\\/product\\\/jouet-kong-balle\\\/#breadcrumb\"},\"inLanguage\":\"fr-FR\",\"potentialAction\":[{\"@type\":\"ReadAction\",\"target\":[\"https:\\\/\\\/www.vetorino.com\\\/boutique\\\/product\\\/jouet-kong-balle\\\/\"]}]},{\"@type\":\"ImageObject\",\"inLanguage\":\"fr-FR\",\"@id\":\"https:\\\/\\\/www.vetorino.com\\\/boutique\\\/product\\\/jouet-kong-balle\\\/#primaryimage\",\"url\":\"https:\\\/\\\/www.vetorino.com\\\/boutique\\\/wp-content\\\/uploads\\\/2020\\\/06\\\/33765_pla_kong_tennisball_mit_quietschie_m_3er_hs_01_6.jpg\",\"contentUrl\":\"https:\\\/\\\/www.vetorino.com\\\/boutique\\\/wp-content\\\/uploads\\\/2020\\\/06\\\/33765_pla_kong_tennisball_mit_quietschie_m_3er_hs_01_6.jpg\",\"width\":400,\"height\":400},{\"@type\":\"BreadcrumbList\",\"@id\":\"https:\\\/\\\/www.vetorino.com\\\/boutique\\\/product\\\/jouet-kong-balle\\\/#breadcrumb\",\"itemListElement\":[{\"@type\":\"ListItem\",\"position\":1,\"name\":\"Accueil\",\"item\":\"https:\\\/\\\/www.vetorino.com\\\/boutique\\\/\"},{\"@type\":\"ListItem\",\"position\":2,\"name\":\"Produits\",\"item\":\"https:\\\/\\\/www.vetorino.com\\\/boutique\\\/\"},{\"@type\":\"ListItem\",\"position\":3,\"name\":\"Kong AirDog Squeakair Balle\"}]},{\"@type\":\"WebSite\",\"@id\":\"https:\\\/\\\/www.vetorino.com\\\/boutique\\\/#website\",\"url\":\"https:\\\/\\\/www.vetorino.com\\\/boutique\\\/\",\"name\":\"V\u00e9torino\",\"description\":\"\",\"publisher\":{\"@id\":\"https:\\\/\\\/www.vetorino.com\\\/boutique\\\/#organization\"},\"potentialAction\":[{\"@type\":\"SearchAction\",\"target\":{\"@type\":\"EntryPoint\",\"urlTemplate\":\"https:\\\/\\\/www.vetorino.com\\\/boutique\\\/?s={search_term_string}\"},\"query-input\":{\"@type\":\"PropertyValueSpecification\",\"valueRequired\":true,\"valueName\":\"search_term_string\"}}],\"inLanguage\":\"fr-FR\"},{\"@type\":\"Organization\",\"@id\":\"https:\\\/\\\/www.vetorino.com\\\/boutique\\\/#organization\",\"name\":\"V\u00e9torino\",\"url\":\"https:\\\/\\\/www.vetorino.com\\\/boutique\\\/\",\"logo\":{\"@type\":\"ImageObject\",\"inLanguage\":\"fr-FR\",\"@id\":\"https:\\\/\\\/www.vetorino.com\\\/boutique\\\/#\\\/schema\\\/logo\\\/image\\\/\",\"url\":\"https:\\\/\\\/www.vetorino.com\\\/boutique\\\/wp-content\\\/uploads\\\/2024\\\/10\\\/logo.jpg\",\"contentUrl\":\"https:\\\/\\\/www.vetorino.com\\\/boutique\\\/wp-content\\\/uploads\\\/2024\\\/10\\\/logo.jpg\",\"width\":1200,\"height\":610,\"caption\":\"V\u00e9torino\"},\"image\":{\"@id\":\"https:\\\/\\\/www.vetorino.com\\\/boutique\\\/#\\\/schema\\\/logo\\\/image\\\/\"},\"sameAs\":[\"https:\\\/\\\/www.facebook.com\\\/Vetorino\\\/\",\"https:\\\/\\\/www.instagram.com\\\/vetorino_off\\\/\",\"https:\\\/\\\/www.linkedin.com\\\/company\\\/vtorino\\\/\"]}]}<\/script>\n<meta property=\"product:brand\" content=\"Kong\" \/>\n<meta property=\"og:availability\" content=\"instock\" \/>\n<meta property=\"product:availability\" content=\"instock\" \/>\n<meta property=\"product:condition\" content=\"new\" \/>\n<!-- \/ Yoast SEO plugin. -->","yoast_head_json":{"title":"Kong AirDog Squeakair Balle Kong - V\u00e9torino","description":"La petite balle jaune, cet accessoire essentiel aux joueurs de tennis, est aussi le jouet pr\u00e9f\u00e9r\u00e9 de nombreux chiens ! De par\u00a0leur taille et\u00a0leur mat\u00e9riau solide, les balles KONG SqueakAir sont les balles de tennis les\u00a0plus adapt\u00e9es pour les\u00a0jeux de lancer\/rapporter. Elles\u00a0couinent lorsque le chien appuie ou mord dessus, ce qui l'amuse et l'incite encore plus \u00e0 jouer que des balles classiques.","robots":{"index":"noindex","follow":"nofollow"},"og_locale":"fr_FR","og_type":"article","og_title":"Kong AirDog Squeakair Balle Kong - V\u00e9torino","og_description":"La petite balle jaune, cet accessoire essentiel aux joueurs de tennis, est aussi le jouet pr\u00e9f\u00e9r\u00e9 de nombreux chiens ! De par\u00a0leur taille et\u00a0leur mat\u00e9riau solide, les balles KONG SqueakAir sont les balles de tennis les\u00a0plus adapt\u00e9es pour les\u00a0jeux de lancer\/rapporter. Elles\u00a0couinent lorsque le chien appuie ou mord dessus, ce qui l'amuse et l'incite encore plus \u00e0 jouer que des balles classiques.","og_url":"https:\/\/www.vetorino.com\/veterinaire\/plouzevede-29440\/boutique\/product\/jouet-kong-balle\/","og_site_name":"V\u00e9torino","article_publisher":"https:\/\/www.facebook.com\/Vetorino\/","article_modified_time":"2023-05-17T08:48:09+00:00","og_image":[{"width":400,"height":400,"url":"https:\/\/www.vetorino.com\/boutique\/wp-content\/uploads\/2020\/06\/33765_pla_kong_tennisball_mit_quietschie_m_3er_hs_01_6.jpg","type":"image\/jpeg"}],"twitter_card":"summary_large_image","twitter_misc":{"Disponibilit\u00e9":"En stock"},"schema":{"@context":"https:\/\/schema.org","@graph":[{"@type":"WebPage","@id":"https:\/\/www.vetorino.com\/boutique\/product\/jouet-kong-balle\/","url":"https:\/\/www.vetorino.com\/boutique\/product\/jouet-kong-balle\/","name":"Kong AirDog Squeakair Balle Kong - V\u00e9torino","isPartOf":{"@id":"https:\/\/www.vetorino.com\/boutique\/#website"},"primaryImageOfPage":{"@id":"https:\/\/www.vetorino.com\/boutique\/product\/jouet-kong-balle\/#primaryimage"},"image":{"@id":"https:\/\/www.vetorino.com\/boutique\/product\/jouet-kong-balle\/#primaryimage"},"thumbnailUrl":"https:\/\/www.vetorino.com\/boutique\/wp-content\/uploads\/2020\/06\/33765_pla_kong_tennisball_mit_quietschie_m_3er_hs_01_6.jpg","datePublished":"2020-03-04T22:03:34+00:00","dateModified":"2023-05-17T08:48:09+00:00","description":"La petite balle jaune, cet accessoire essentiel aux joueurs de tennis, est aussi le jouet pr\u00e9f\u00e9r\u00e9 de nombreux chiens ! De par\u00a0leur taille et\u00a0leur mat\u00e9riau solide, les balles KONG SqueakAir sont les balles de tennis les\u00a0plus adapt\u00e9es pour les\u00a0jeux de lancer\/rapporter. Elles\u00a0couinent lorsque le chien appuie ou mord dessus, ce qui l'amuse et l'incite encore plus \u00e0 jouer que des balles classiques.","breadcrumb":{"@id":"https:\/\/www.vetorino.com\/boutique\/product\/jouet-kong-balle\/#breadcrumb"},"inLanguage":"fr-FR","potentialAction":[{"@type":"ReadAction","target":["https:\/\/www.vetorino.com\/boutique\/product\/jouet-kong-balle\/"]}]},{"@type":"ImageObject","inLanguage":"fr-FR","@id":"https:\/\/www.vetorino.com\/boutique\/product\/jouet-kong-balle\/#primaryimage","url":"https:\/\/www.vetorino.com\/boutique\/wp-content\/uploads\/2020\/06\/33765_pla_kong_tennisball_mit_quietschie_m_3er_hs_01_6.jpg","contentUrl":"https:\/\/www.vetorino.com\/boutique\/wp-content\/uploads\/2020\/06\/33765_pla_kong_tennisball_mit_quietschie_m_3er_hs_01_6.jpg","width":400,"height":400},{"@type":"BreadcrumbList","@id":"https:\/\/www.vetorino.com\/boutique\/product\/jouet-kong-balle\/#breadcrumb","itemListElement":[{"@type":"ListItem","position":1,"name":"Accueil","item":"https:\/\/www.vetorino.com\/boutique\/"},{"@type":"ListItem","position":2,"name":"Produits","item":"https:\/\/www.vetorino.com\/boutique\/"},{"@type":"ListItem","position":3,"name":"Kong AirDog Squeakair Balle"}]},{"@type":"WebSite","@id":"https:\/\/www.vetorino.com\/boutique\/#website","url":"https:\/\/www.vetorino.com\/boutique\/","name":"V\u00e9torino","description":"","publisher":{"@id":"https:\/\/www.vetorino.com\/boutique\/#organization"},"potentialAction":[{"@type":"SearchAction","target":{"@type":"EntryPoint","urlTemplate":"https:\/\/www.vetorino.com\/boutique\/?s={search_term_string}"},"query-input":{"@type":"PropertyValueSpecification","valueRequired":true,"valueName":"search_term_string"}}],"inLanguage":"fr-FR"},{"@type":"Organization","@id":"https:\/\/www.vetorino.com\/boutique\/#organization","name":"V\u00e9torino","url":"https:\/\/www.vetorino.com\/boutique\/","logo":{"@type":"ImageObject","inLanguage":"fr-FR","@id":"https:\/\/www.vetorino.com\/boutique\/#\/schema\/logo\/image\/","url":"https:\/\/www.vetorino.com\/boutique\/wp-content\/uploads\/2024\/10\/logo.jpg","contentUrl":"https:\/\/www.vetorino.com\/boutique\/wp-content\/uploads\/2024\/10\/logo.jpg","width":1200,"height":610,"caption":"V\u00e9torino"},"image":{"@id":"https:\/\/www.vetorino.com\/boutique\/#\/schema\/logo\/image\/"},"sameAs":["https:\/\/www.facebook.com\/Vetorino\/","https:\/\/www.instagram.com\/vetorino_off\/","https:\/\/www.linkedin.com\/company\/vtorino\/"]}]},"product_brand":"Kong","og_availability":"instock","product_availability":"instock","product_condition":"new"},"_links":{"self":[{"href":"https:\/\/www.vetorino.com\/veterinaire\/plouzevede-29440\/boutique\/wp-json\/wp\/v2\/product\/36410","targetHints":{"allow":["GET"]}}],"collection":[{"href":"https:\/\/www.vetorino.com\/veterinaire\/plouzevede-29440\/boutique\/wp-json\/wp\/v2\/product"}],"about":[{"href":"https:\/\/www.vetorino.com\/veterinaire\/plouzevede-29440\/boutique\/wp-json\/wp\/v2\/types\/product"}],"wp:featuredmedia":[{"embeddable":true,"href":"https:\/\/www.vetorino.com\/veterinaire\/plouzevede-29440\/boutique\/wp-json\/wp\/v2\/media\/616685"}],"wp:attachment":[{"href":"https:\/\/www.vetorino.com\/veterinaire\/plouzevede-29440\/boutique\/wp-json\/wp\/v2\/media?parent=36410"}],"wp:term":[{"taxonomy":"product_cat","embeddable":true,"href":"https:\/\/www.vetorino.com\/veterinaire\/plouzevede-29440\/boutique\/wp-json\/wp\/v2\/product_cat?post=36410"},{"taxonomy":"product_tag","embeddable":true,"href":"https:\/\/www.vetorino.com\/veterinaire\/plouzevede-29440\/boutique\/wp-json\/wp\/v2\/product_tag?post=36410"}],"curies":[{"name":"wp","href":"https:\/\/api.w.org\/{rel}","templated":true}]}}