{"id":36423,"date":"2020-03-04T23:03:39","date_gmt":"2020-03-04T22:03:39","guid":{"rendered":"https:\/\/www.vetorino.com\/boutique\/product\/dermoscent-pyospot-chien-20-40-kg\/"},"modified":"2024-02-22T10:22:14","modified_gmt":"2024-02-22T09:22:14","slug":"dermoscent-pyospot-chien-20-40-kg","status":"publish","type":"product","link":"https:\/\/www.vetorino.com\/veterinaire\/plouzevede-29440\/boutique\/product\/dermoscent-pyospot-chien-20-40-kg\/","title":{"rendered":"Pyospot Chien de 20 \u00e0 40 Kg"},"content":{"rendered":"<p>Pyospot est un soin cutan\u00e9 purifiant, apaisant et hydratant pour chien.<\/p>\n<p><strong>Utilisation :<\/strong><\/p>\n<p>Chien de 10 \u00e0 20 kg sujet aux pyodermites et dermatites \u00e0 Malassezia.<\/p>\n<p><strong>Mode d&#8217;emploi :<\/strong><\/p>\n<p>D\u00e9poser la totalit\u00e9 de la pipette en en 1 ou 2 points entre les \u00e9paules directement sur la peau.<br \/>\nNe pas laver l&#8217;animal dans les deux jours pr\u00e9cedant et suivant l&#8217;application.<br \/>\nIl n&#8217;est pas n\u00e9cessaire de masser, un agent bio-diffusant permet une r\u00e9partition homog\u00e8ne du produit sur l\u2019ensemble du corps de l\u2019animal<br \/>\nAucune interaction connue pour une utilisation combin\u00e9e avec d\u2019autres produits \u00ab spot-on \u00bb<\/p>\n<p><strong>Avantages :<\/strong><\/p>\n<p>A base d&#8217;actifs 100 % naturels et sans parfum ajout\u00e9.<br \/>\nEquilibre l&#8217;\u00e9cosyst\u00e8me cutan\u00e9 et renforce les d\u00e9fenses de la peau.<br \/>\nPurifie les zones affect\u00e9es par les infections cutan\u00e9es telles que pyodermites, dermatites \u00e0 Malassezia (infections de la peau par des bact\u00e9ries).<br \/>\nAide \u00e0 pr\u00e9venir les irritations de la peau.<br \/>\nAlternative naturelle pour espacer les shampooings et am\u00e9liorer la sant\u00e9 de l&#8217;animal en limitant les effets secondaires et les r\u00e9sistances aux traitements.<\/p>\n","protected":false},"excerpt":{"rendered":"<p><strong>Pyospot est un soin cutan\u00e9 purifiant, apaisant et hydratant pour chien.<\/strong><\/p>\n<p><strong>Utilisation :<\/strong><\/p>\n<ul>\n<li>Chien de 10 \u00e0 20 kg sujet aux pyodermites et dermatites \u00e0 Malassezia.<\/li>\n<\/ul>\n","protected":false},"featured_media":845298,"template":"","meta":[],"product_cat":[2698,12612,12561],"product_tag":[],"class_list":{"0":"post-36423","1":"product","2":"type-product","3":"status-publish","4":"has-post-thumbnail","6":"product_cat-chien","7":"product_cat-hygiene-de-la-peau-et-du-pelage-du-chien","8":"product_cat-hygiene-du-chien","9":"pa_marque-dermoscent","11":"first","12":"instock","13":"taxable","14":"shipping-taxable","15":"purchasable","16":"product-type-simple"},"yoast_head":"<!-- This site is optimized with the Yoast SEO plugin v27.3 - https:\/\/yoast.com\/product\/yoast-seo-wordpress\/ -->\n<title>Pyospot Chien de 20 \u00e0 40 Kg Dermoscent - V\u00e9torino<\/title>\n<meta name=\"description\" content=\"Pyospot est un soin cutan\u00e9 purifiant, apaisant et hydratant pour chien.  Utilisation :   Chien de 10 \u00e0 20 kg sujet aux pyodermites et dermatites \u00e0 Malassezia.\" \/>\n<meta name=\"robots\" content=\"noindex, nofollow\" \/>\n<meta property=\"og:locale\" content=\"fr_FR\" \/>\n<meta property=\"og:type\" content=\"article\" \/>\n<meta property=\"og:title\" content=\"Pyospot Chien de 20 \u00e0 40 Kg Dermoscent - V\u00e9torino\" \/>\n<meta property=\"og:description\" content=\"Pyospot est un soin cutan\u00e9 purifiant, apaisant et hydratant pour chien.  Utilisation :   Chien de 10 \u00e0 20 kg sujet aux pyodermites et dermatites \u00e0 Malassezia.\" \/>\n<meta property=\"og:url\" content=\"https:\/\/www.vetorino.com\/veterinaire\/plouzevede-29440\/boutique\/product\/dermoscent-pyospot-chien-20-40-kg\/\" \/>\n<meta property=\"og:site_name\" content=\"V\u00e9torino\" \/>\n<meta property=\"article:publisher\" content=\"https:\/\/www.facebook.com\/Vetorino\/\" \/>\n<meta property=\"article:modified_time\" content=\"2024-02-22T09:22:14+00:00\" \/>\n<meta property=\"og:image\" content=\"https:\/\/www.vetorino.com\/boutique\/wp-content\/uploads\/2020\/03\/LDCAX-8103981-2.png\" \/>\n\t<meta property=\"og:image:width\" content=\"1132\" \/>\n\t<meta property=\"og:image:height\" content=\"981\" \/>\n\t<meta property=\"og:image:type\" content=\"image\/png\" \/>\n<meta name=\"twitter:card\" content=\"summary_large_image\" \/>\n<meta name=\"twitter:label1\" content=\"Prix\" \/>\n\t<meta name=\"twitter:data1\" content=\"21,74&euro;\" \/>\n\t<meta name=\"twitter:label2\" content=\"Disponibilit\u00e9\" \/>\n\t<meta name=\"twitter:data2\" content=\"En stock\" \/>\n<script type=\"application\/ld+json\" class=\"yoast-schema-graph\">{\"@context\":\"https:\\\/\\\/schema.org\",\"@graph\":[{\"@type\":\"WebPage\",\"@id\":\"https:\\\/\\\/www.vetorino.com\\\/boutique\\\/product\\\/dermoscent-pyospot-chien-20-40-kg\\\/\",\"url\":\"https:\\\/\\\/www.vetorino.com\\\/boutique\\\/product\\\/dermoscent-pyospot-chien-20-40-kg\\\/\",\"name\":\"Pyospot Chien de 20 \u00e0 40 Kg Dermoscent - V\u00e9torino\",\"isPartOf\":{\"@id\":\"https:\\\/\\\/www.vetorino.com\\\/boutique\\\/#website\"},\"primaryImageOfPage\":{\"@id\":\"https:\\\/\\\/www.vetorino.com\\\/boutique\\\/product\\\/dermoscent-pyospot-chien-20-40-kg\\\/#primaryimage\"},\"image\":{\"@id\":\"https:\\\/\\\/www.vetorino.com\\\/boutique\\\/product\\\/dermoscent-pyospot-chien-20-40-kg\\\/#primaryimage\"},\"thumbnailUrl\":\"https:\\\/\\\/www.vetorino.com\\\/boutique\\\/wp-content\\\/uploads\\\/2020\\\/03\\\/LDCAX-8103981-2.png\",\"datePublished\":\"2020-03-04T22:03:39+00:00\",\"dateModified\":\"2024-02-22T09:22:14+00:00\",\"description\":\"Pyospot est un soin cutan\u00e9 purifiant, apaisant et hydratant pour chien. Utilisation : Chien de 10 \u00e0 20 kg sujet aux pyodermites et dermatites \u00e0 Malassezia.\",\"breadcrumb\":{\"@id\":\"https:\\\/\\\/www.vetorino.com\\\/boutique\\\/product\\\/dermoscent-pyospot-chien-20-40-kg\\\/#breadcrumb\"},\"inLanguage\":\"fr-FR\",\"potentialAction\":[{\"@type\":\"ReadAction\",\"target\":[\"https:\\\/\\\/www.vetorino.com\\\/boutique\\\/product\\\/dermoscent-pyospot-chien-20-40-kg\\\/\"]}]},{\"@type\":\"ImageObject\",\"inLanguage\":\"fr-FR\",\"@id\":\"https:\\\/\\\/www.vetorino.com\\\/boutique\\\/product\\\/dermoscent-pyospot-chien-20-40-kg\\\/#primaryimage\",\"url\":\"https:\\\/\\\/www.vetorino.com\\\/boutique\\\/wp-content\\\/uploads\\\/2020\\\/03\\\/LDCAX-8103981-2.png\",\"contentUrl\":\"https:\\\/\\\/www.vetorino.com\\\/boutique\\\/wp-content\\\/uploads\\\/2020\\\/03\\\/LDCAX-8103981-2.png\",\"width\":1132,\"height\":981},{\"@type\":\"BreadcrumbList\",\"@id\":\"https:\\\/\\\/www.vetorino.com\\\/boutique\\\/product\\\/dermoscent-pyospot-chien-20-40-kg\\\/#breadcrumb\",\"itemListElement\":[{\"@type\":\"ListItem\",\"position\":1,\"name\":\"Accueil\",\"item\":\"https:\\\/\\\/www.vetorino.com\\\/boutique\\\/\"},{\"@type\":\"ListItem\",\"position\":2,\"name\":\"Produits\",\"item\":\"https:\\\/\\\/www.vetorino.com\\\/boutique\\\/\"},{\"@type\":\"ListItem\",\"position\":3,\"name\":\"Pyospot Chien de 20 \u00e0 40 Kg\"}]},{\"@type\":\"WebSite\",\"@id\":\"https:\\\/\\\/www.vetorino.com\\\/boutique\\\/#website\",\"url\":\"https:\\\/\\\/www.vetorino.com\\\/boutique\\\/\",\"name\":\"V\u00e9torino\",\"description\":\"\",\"publisher\":{\"@id\":\"https:\\\/\\\/www.vetorino.com\\\/boutique\\\/#organization\"},\"potentialAction\":[{\"@type\":\"SearchAction\",\"target\":{\"@type\":\"EntryPoint\",\"urlTemplate\":\"https:\\\/\\\/www.vetorino.com\\\/boutique\\\/?s={search_term_string}\"},\"query-input\":{\"@type\":\"PropertyValueSpecification\",\"valueRequired\":true,\"valueName\":\"search_term_string\"}}],\"inLanguage\":\"fr-FR\"},{\"@type\":\"Organization\",\"@id\":\"https:\\\/\\\/www.vetorino.com\\\/boutique\\\/#organization\",\"name\":\"V\u00e9torino\",\"url\":\"https:\\\/\\\/www.vetorino.com\\\/boutique\\\/\",\"logo\":{\"@type\":\"ImageObject\",\"inLanguage\":\"fr-FR\",\"@id\":\"https:\\\/\\\/www.vetorino.com\\\/boutique\\\/#\\\/schema\\\/logo\\\/image\\\/\",\"url\":\"https:\\\/\\\/www.vetorino.com\\\/boutique\\\/wp-content\\\/uploads\\\/2024\\\/10\\\/logo.jpg\",\"contentUrl\":\"https:\\\/\\\/www.vetorino.com\\\/boutique\\\/wp-content\\\/uploads\\\/2024\\\/10\\\/logo.jpg\",\"width\":1200,\"height\":610,\"caption\":\"V\u00e9torino\"},\"image\":{\"@id\":\"https:\\\/\\\/www.vetorino.com\\\/boutique\\\/#\\\/schema\\\/logo\\\/image\\\/\"},\"sameAs\":[\"https:\\\/\\\/www.facebook.com\\\/Vetorino\\\/\",\"https:\\\/\\\/www.instagram.com\\\/vetorino_off\\\/\",\"https:\\\/\\\/www.linkedin.com\\\/company\\\/vtorino\\\/\"]}]}<\/script>\n<meta property=\"product:brand\" content=\"Dermoscent\" \/>\n<meta property=\"product:price:amount\" content=\"21.74\" \/>\n<meta property=\"product:price:currency\" content=\"EUR\" \/>\n<meta property=\"og:availability\" content=\"instock\" \/>\n<meta property=\"product:availability\" content=\"instock\" \/>\n<meta property=\"product:retailer_item_id\" content=\"A-8103981\" \/>\n<meta property=\"product:condition\" content=\"new\" \/>\n<!-- \/ Yoast SEO plugin. -->","yoast_head_json":{"title":"Pyospot Chien de 20 \u00e0 40 Kg Dermoscent - V\u00e9torino","description":"Pyospot est un soin cutan\u00e9 purifiant, apaisant et hydratant pour chien.  Utilisation :   Chien de 10 \u00e0 20 kg sujet aux pyodermites et dermatites \u00e0 Malassezia.","robots":{"index":"noindex","follow":"nofollow"},"og_locale":"fr_FR","og_type":"article","og_title":"Pyospot Chien de 20 \u00e0 40 Kg Dermoscent - V\u00e9torino","og_description":"Pyospot est un soin cutan\u00e9 purifiant, apaisant et hydratant pour chien.  Utilisation :   Chien de 10 \u00e0 20 kg sujet aux pyodermites et dermatites \u00e0 Malassezia.","og_url":"https:\/\/www.vetorino.com\/veterinaire\/plouzevede-29440\/boutique\/product\/dermoscent-pyospot-chien-20-40-kg\/","og_site_name":"V\u00e9torino","article_publisher":"https:\/\/www.facebook.com\/Vetorino\/","article_modified_time":"2024-02-22T09:22:14+00:00","og_image":[{"width":1132,"height":981,"url":"https:\/\/www.vetorino.com\/boutique\/wp-content\/uploads\/2020\/03\/LDCAX-8103981-2.png","type":"image\/png"}],"twitter_card":"summary_large_image","twitter_misc":{"Prix":"21,74&euro;","Disponibilit\u00e9":"En stock"},"schema":{"@context":"https:\/\/schema.org","@graph":[{"@type":"WebPage","@id":"https:\/\/www.vetorino.com\/boutique\/product\/dermoscent-pyospot-chien-20-40-kg\/","url":"https:\/\/www.vetorino.com\/boutique\/product\/dermoscent-pyospot-chien-20-40-kg\/","name":"Pyospot Chien de 20 \u00e0 40 Kg Dermoscent - V\u00e9torino","isPartOf":{"@id":"https:\/\/www.vetorino.com\/boutique\/#website"},"primaryImageOfPage":{"@id":"https:\/\/www.vetorino.com\/boutique\/product\/dermoscent-pyospot-chien-20-40-kg\/#primaryimage"},"image":{"@id":"https:\/\/www.vetorino.com\/boutique\/product\/dermoscent-pyospot-chien-20-40-kg\/#primaryimage"},"thumbnailUrl":"https:\/\/www.vetorino.com\/boutique\/wp-content\/uploads\/2020\/03\/LDCAX-8103981-2.png","datePublished":"2020-03-04T22:03:39+00:00","dateModified":"2024-02-22T09:22:14+00:00","description":"Pyospot est un soin cutan\u00e9 purifiant, apaisant et hydratant pour chien. Utilisation : Chien de 10 \u00e0 20 kg sujet aux pyodermites et dermatites \u00e0 Malassezia.","breadcrumb":{"@id":"https:\/\/www.vetorino.com\/boutique\/product\/dermoscent-pyospot-chien-20-40-kg\/#breadcrumb"},"inLanguage":"fr-FR","potentialAction":[{"@type":"ReadAction","target":["https:\/\/www.vetorino.com\/boutique\/product\/dermoscent-pyospot-chien-20-40-kg\/"]}]},{"@type":"ImageObject","inLanguage":"fr-FR","@id":"https:\/\/www.vetorino.com\/boutique\/product\/dermoscent-pyospot-chien-20-40-kg\/#primaryimage","url":"https:\/\/www.vetorino.com\/boutique\/wp-content\/uploads\/2020\/03\/LDCAX-8103981-2.png","contentUrl":"https:\/\/www.vetorino.com\/boutique\/wp-content\/uploads\/2020\/03\/LDCAX-8103981-2.png","width":1132,"height":981},{"@type":"BreadcrumbList","@id":"https:\/\/www.vetorino.com\/boutique\/product\/dermoscent-pyospot-chien-20-40-kg\/#breadcrumb","itemListElement":[{"@type":"ListItem","position":1,"name":"Accueil","item":"https:\/\/www.vetorino.com\/boutique\/"},{"@type":"ListItem","position":2,"name":"Produits","item":"https:\/\/www.vetorino.com\/boutique\/"},{"@type":"ListItem","position":3,"name":"Pyospot Chien de 20 \u00e0 40 Kg"}]},{"@type":"WebSite","@id":"https:\/\/www.vetorino.com\/boutique\/#website","url":"https:\/\/www.vetorino.com\/boutique\/","name":"V\u00e9torino","description":"","publisher":{"@id":"https:\/\/www.vetorino.com\/boutique\/#organization"},"potentialAction":[{"@type":"SearchAction","target":{"@type":"EntryPoint","urlTemplate":"https:\/\/www.vetorino.com\/boutique\/?s={search_term_string}"},"query-input":{"@type":"PropertyValueSpecification","valueRequired":true,"valueName":"search_term_string"}}],"inLanguage":"fr-FR"},{"@type":"Organization","@id":"https:\/\/www.vetorino.com\/boutique\/#organization","name":"V\u00e9torino","url":"https:\/\/www.vetorino.com\/boutique\/","logo":{"@type":"ImageObject","inLanguage":"fr-FR","@id":"https:\/\/www.vetorino.com\/boutique\/#\/schema\/logo\/image\/","url":"https:\/\/www.vetorino.com\/boutique\/wp-content\/uploads\/2024\/10\/logo.jpg","contentUrl":"https:\/\/www.vetorino.com\/boutique\/wp-content\/uploads\/2024\/10\/logo.jpg","width":1200,"height":610,"caption":"V\u00e9torino"},"image":{"@id":"https:\/\/www.vetorino.com\/boutique\/#\/schema\/logo\/image\/"},"sameAs":["https:\/\/www.facebook.com\/Vetorino\/","https:\/\/www.instagram.com\/vetorino_off\/","https:\/\/www.linkedin.com\/company\/vtorino\/"]}]},"product_brand":"Dermoscent","product_price_amount":"21.74","product_price_currency":"EUR","og_availability":"instock","product_availability":"instock","product_retailer_item_id":"A-8103981","product_condition":"new"},"_links":{"self":[{"href":"https:\/\/www.vetorino.com\/veterinaire\/plouzevede-29440\/boutique\/wp-json\/wp\/v2\/product\/36423","targetHints":{"allow":["GET"]}}],"collection":[{"href":"https:\/\/www.vetorino.com\/veterinaire\/plouzevede-29440\/boutique\/wp-json\/wp\/v2\/product"}],"about":[{"href":"https:\/\/www.vetorino.com\/veterinaire\/plouzevede-29440\/boutique\/wp-json\/wp\/v2\/types\/product"}],"wp:featuredmedia":[{"embeddable":true,"href":"https:\/\/www.vetorino.com\/veterinaire\/plouzevede-29440\/boutique\/wp-json\/wp\/v2\/media\/845298"}],"wp:attachment":[{"href":"https:\/\/www.vetorino.com\/veterinaire\/plouzevede-29440\/boutique\/wp-json\/wp\/v2\/media?parent=36423"}],"wp:term":[{"taxonomy":"product_cat","embeddable":true,"href":"https:\/\/www.vetorino.com\/veterinaire\/plouzevede-29440\/boutique\/wp-json\/wp\/v2\/product_cat?post=36423"},{"taxonomy":"product_tag","embeddable":true,"href":"https:\/\/www.vetorino.com\/veterinaire\/plouzevede-29440\/boutique\/wp-json\/wp\/v2\/product_tag?post=36423"}],"curies":[{"name":"wp","href":"https:\/\/api.w.org\/{rel}","templated":true}]}}