{"id":36467,"date":"2020-03-04T23:03:53","date_gmt":"2020-03-04T22:03:53","guid":{"rendered":"https:\/\/www.vetorino.com\/boutique\/product\/frontline-spot-on-chien-s-2-10-kg\/"},"modified":"2024-04-12T12:36:10","modified_gmt":"2024-04-12T10:36:10","slug":"frontline-spot-on-chien-s-2-10-kg","status":"publish","type":"product","link":"https:\/\/www.vetorino.com\/veterinaire\/plouzevede-29440\/boutique\/product\/frontline-spot-on-chien-s-2-10-kg\/","title":{"rendered":"Frontline Spot-on Chien S 2-10 kg"},"content":{"rendered":"<p><strong>UTILISATION :<\/strong><\/p>\n<p>Affections \u00e0 parasites sensibles au fipronil.<\/p>\n<p><strong>Chez les chiens :\u00a0<\/strong><br \/>\n&#8211; traitement curatif et pr\u00e9ventif des infestations par les puces et les tiques.<br \/>\n&#8211; \u00e9limination des poux broyeurs.<br \/>\nLa dur\u00e9e de protection contre les nouvelles infestations est de deux mois pour les puces et d&#8217;un mois pour les tiques.<\/p>\n<p>Le m\u00e9dicament peut \u00eatre int\u00e9gr\u00e9 dans un programme th\u00e9rapeutique de la dermatite allergique par piq\u00fbres de puces (DAPP).<\/p>\n<p><strong>Administration<\/strong><br \/>\nCasser l&#8217;embout de la pipette au niveau de la partie pr\u00e9-d\u00e9coup\u00e9e.<br \/>\nVider compl\u00e8tement la pipette, directement sur la peau, en \u00e9cartant les poils de l&#8217;animal, de pr\u00e9f\u00e9rence en deux points, \u00e0 la base du cou et entre les deux \u00e9paules, pour \u00e9viter le l\u00e9chage.<\/p>\n","protected":false},"excerpt":{"rendered":"<p>Les <strong>pipettes SPOT-ON<\/strong>, pour\u00a0<strong>petits<\/strong> <strong>chien<\/strong>, contiennent une solution efficace <strong>contre<\/strong> les <strong>parasites<\/strong>.<\/p>\n","protected":false},"featured_media":893868,"template":"","meta":[],"product_cat":[12554,2698],"product_tag":[],"class_list":{"0":"post-36467","1":"product","2":"type-product","3":"status-publish","4":"has-post-thumbnail","6":"product_cat-antiparasitaire-du-chien","7":"product_cat-chien","8":"pa_marque-boehringer","10":"first","11":"instock","12":"taxable","13":"shipping-taxable","14":"purchasable","15":"product-type-variable"},"yoast_head":"<!-- This site is optimized with the Yoast SEO plugin v27.3 - https:\/\/yoast.com\/product\/yoast-seo-wordpress\/ -->\n<title>Frontline Frontline Spot-on Chien S 2-10 kg Boehringer - V\u00e9torino<\/title>\n<meta name=\"description\" content=\"Les pipettes SPOT-ON, pour\u00a0petits chien, contiennent une solution efficace contre les parasites.\" \/>\n<meta name=\"robots\" content=\"noindex, nofollow\" \/>\n<meta property=\"og:locale\" content=\"fr_FR\" \/>\n<meta property=\"og:type\" content=\"article\" \/>\n<meta property=\"og:title\" content=\"Frontline Frontline Spot-on Chien S 2-10 kg Boehringer - V\u00e9torino\" \/>\n<meta property=\"og:description\" content=\"Les pipettes SPOT-ON, pour\u00a0petits chien, contiennent une solution efficace contre les parasites.\" \/>\n<meta property=\"og:url\" content=\"https:\/\/www.vetorino.com\/veterinaire\/plouzevede-29440\/boutique\/product\/frontline-spot-on-chien-s-2-10-kg\/\" \/>\n<meta property=\"og:site_name\" content=\"V\u00e9torino\" \/>\n<meta property=\"article:publisher\" content=\"https:\/\/www.facebook.com\/Vetorino\/\" \/>\n<meta property=\"article:modified_time\" content=\"2024-04-12T10:36:10+00:00\" \/>\n<meta property=\"og:image\" content=\"https:\/\/www.vetorino.com\/boutique\/wp-content\/uploads\/2020\/03\/unnamed-file.jpg\" \/>\n\t<meta property=\"og:image:width\" content=\"1500\" \/>\n\t<meta property=\"og:image:height\" content=\"1500\" \/>\n\t<meta property=\"og:image:type\" content=\"image\/jpeg\" \/>\n<meta name=\"twitter:card\" content=\"summary_large_image\" \/>\n<meta name=\"twitter:label1\" content=\"Disponibilit\u00e9\" \/>\n\t<meta name=\"twitter:data1\" content=\"En stock\" \/>\n<script type=\"application\/ld+json\" class=\"yoast-schema-graph\">{\"@context\":\"https:\\\/\\\/schema.org\",\"@graph\":[{\"@type\":\"WebPage\",\"@id\":\"https:\\\/\\\/www.vetorino.com\\\/boutique\\\/product\\\/frontline-spot-on-chien-s-2-10-kg\\\/\",\"url\":\"https:\\\/\\\/www.vetorino.com\\\/boutique\\\/product\\\/frontline-spot-on-chien-s-2-10-kg\\\/\",\"name\":\"Frontline Frontline Spot-on Chien S 2-10 kg Boehringer - V\u00e9torino\",\"isPartOf\":{\"@id\":\"https:\\\/\\\/www.vetorino.com\\\/boutique\\\/#website\"},\"primaryImageOfPage\":{\"@id\":\"https:\\\/\\\/www.vetorino.com\\\/boutique\\\/product\\\/frontline-spot-on-chien-s-2-10-kg\\\/#primaryimage\"},\"image\":{\"@id\":\"https:\\\/\\\/www.vetorino.com\\\/boutique\\\/product\\\/frontline-spot-on-chien-s-2-10-kg\\\/#primaryimage\"},\"thumbnailUrl\":\"https:\\\/\\\/www.vetorino.com\\\/boutique\\\/wp-content\\\/uploads\\\/2020\\\/03\\\/unnamed-file.jpg\",\"datePublished\":\"2020-03-04T22:03:53+00:00\",\"dateModified\":\"2024-04-12T10:36:10+00:00\",\"description\":\"Les pipettes SPOT-ON, pour\u00a0petits chien, contiennent une solution efficace contre les parasites.\",\"breadcrumb\":{\"@id\":\"https:\\\/\\\/www.vetorino.com\\\/boutique\\\/product\\\/frontline-spot-on-chien-s-2-10-kg\\\/#breadcrumb\"},\"inLanguage\":\"fr-FR\",\"potentialAction\":[{\"@type\":\"ReadAction\",\"target\":[\"https:\\\/\\\/www.vetorino.com\\\/boutique\\\/product\\\/frontline-spot-on-chien-s-2-10-kg\\\/\"]}]},{\"@type\":\"ImageObject\",\"inLanguage\":\"fr-FR\",\"@id\":\"https:\\\/\\\/www.vetorino.com\\\/boutique\\\/product\\\/frontline-spot-on-chien-s-2-10-kg\\\/#primaryimage\",\"url\":\"https:\\\/\\\/www.vetorino.com\\\/boutique\\\/wp-content\\\/uploads\\\/2020\\\/03\\\/unnamed-file.jpg\",\"contentUrl\":\"https:\\\/\\\/www.vetorino.com\\\/boutique\\\/wp-content\\\/uploads\\\/2020\\\/03\\\/unnamed-file.jpg\",\"width\":1500,\"height\":1500},{\"@type\":\"BreadcrumbList\",\"@id\":\"https:\\\/\\\/www.vetorino.com\\\/boutique\\\/product\\\/frontline-spot-on-chien-s-2-10-kg\\\/#breadcrumb\",\"itemListElement\":[{\"@type\":\"ListItem\",\"position\":1,\"name\":\"Accueil\",\"item\":\"https:\\\/\\\/www.vetorino.com\\\/boutique\\\/\"},{\"@type\":\"ListItem\",\"position\":2,\"name\":\"Produits\",\"item\":\"https:\\\/\\\/www.vetorino.com\\\/boutique\\\/\"},{\"@type\":\"ListItem\",\"position\":3,\"name\":\"Frontline Spot-on Chien S 2-10 kg\"}]},{\"@type\":\"WebSite\",\"@id\":\"https:\\\/\\\/www.vetorino.com\\\/boutique\\\/#website\",\"url\":\"https:\\\/\\\/www.vetorino.com\\\/boutique\\\/\",\"name\":\"V\u00e9torino\",\"description\":\"\",\"publisher\":{\"@id\":\"https:\\\/\\\/www.vetorino.com\\\/boutique\\\/#organization\"},\"potentialAction\":[{\"@type\":\"SearchAction\",\"target\":{\"@type\":\"EntryPoint\",\"urlTemplate\":\"https:\\\/\\\/www.vetorino.com\\\/boutique\\\/?s={search_term_string}\"},\"query-input\":{\"@type\":\"PropertyValueSpecification\",\"valueRequired\":true,\"valueName\":\"search_term_string\"}}],\"inLanguage\":\"fr-FR\"},{\"@type\":\"Organization\",\"@id\":\"https:\\\/\\\/www.vetorino.com\\\/boutique\\\/#organization\",\"name\":\"V\u00e9torino\",\"url\":\"https:\\\/\\\/www.vetorino.com\\\/boutique\\\/\",\"logo\":{\"@type\":\"ImageObject\",\"inLanguage\":\"fr-FR\",\"@id\":\"https:\\\/\\\/www.vetorino.com\\\/boutique\\\/#\\\/schema\\\/logo\\\/image\\\/\",\"url\":\"https:\\\/\\\/www.vetorino.com\\\/boutique\\\/wp-content\\\/uploads\\\/2024\\\/10\\\/logo.jpg\",\"contentUrl\":\"https:\\\/\\\/www.vetorino.com\\\/boutique\\\/wp-content\\\/uploads\\\/2024\\\/10\\\/logo.jpg\",\"width\":1200,\"height\":610,\"caption\":\"V\u00e9torino\"},\"image\":{\"@id\":\"https:\\\/\\\/www.vetorino.com\\\/boutique\\\/#\\\/schema\\\/logo\\\/image\\\/\"},\"sameAs\":[\"https:\\\/\\\/www.facebook.com\\\/Vetorino\\\/\",\"https:\\\/\\\/www.instagram.com\\\/vetorino_off\\\/\",\"https:\\\/\\\/www.linkedin.com\\\/company\\\/vtorino\\\/\"]}]}<\/script>\n<meta property=\"product:brand\" content=\"Boehringer\" \/>\n<meta property=\"og:availability\" content=\"instock\" \/>\n<meta property=\"product:availability\" content=\"instock\" \/>\n<meta property=\"product:condition\" content=\"new\" \/>\n<!-- \/ Yoast SEO plugin. -->","yoast_head_json":{"title":"Frontline Frontline Spot-on Chien S 2-10 kg Boehringer - V\u00e9torino","description":"Les pipettes SPOT-ON, pour\u00a0petits chien, contiennent une solution efficace contre les parasites.","robots":{"index":"noindex","follow":"nofollow"},"og_locale":"fr_FR","og_type":"article","og_title":"Frontline Frontline Spot-on Chien S 2-10 kg Boehringer - V\u00e9torino","og_description":"Les pipettes SPOT-ON, pour\u00a0petits chien, contiennent une solution efficace contre les parasites.","og_url":"https:\/\/www.vetorino.com\/veterinaire\/plouzevede-29440\/boutique\/product\/frontline-spot-on-chien-s-2-10-kg\/","og_site_name":"V\u00e9torino","article_publisher":"https:\/\/www.facebook.com\/Vetorino\/","article_modified_time":"2024-04-12T10:36:10+00:00","og_image":[{"width":1500,"height":1500,"url":"https:\/\/www.vetorino.com\/boutique\/wp-content\/uploads\/2020\/03\/unnamed-file.jpg","type":"image\/jpeg"}],"twitter_card":"summary_large_image","twitter_misc":{"Disponibilit\u00e9":"En stock"},"schema":{"@context":"https:\/\/schema.org","@graph":[{"@type":"WebPage","@id":"https:\/\/www.vetorino.com\/boutique\/product\/frontline-spot-on-chien-s-2-10-kg\/","url":"https:\/\/www.vetorino.com\/boutique\/product\/frontline-spot-on-chien-s-2-10-kg\/","name":"Frontline Frontline Spot-on Chien S 2-10 kg Boehringer - V\u00e9torino","isPartOf":{"@id":"https:\/\/www.vetorino.com\/boutique\/#website"},"primaryImageOfPage":{"@id":"https:\/\/www.vetorino.com\/boutique\/product\/frontline-spot-on-chien-s-2-10-kg\/#primaryimage"},"image":{"@id":"https:\/\/www.vetorino.com\/boutique\/product\/frontline-spot-on-chien-s-2-10-kg\/#primaryimage"},"thumbnailUrl":"https:\/\/www.vetorino.com\/boutique\/wp-content\/uploads\/2020\/03\/unnamed-file.jpg","datePublished":"2020-03-04T22:03:53+00:00","dateModified":"2024-04-12T10:36:10+00:00","description":"Les pipettes SPOT-ON, pour\u00a0petits chien, contiennent une solution efficace contre les parasites.","breadcrumb":{"@id":"https:\/\/www.vetorino.com\/boutique\/product\/frontline-spot-on-chien-s-2-10-kg\/#breadcrumb"},"inLanguage":"fr-FR","potentialAction":[{"@type":"ReadAction","target":["https:\/\/www.vetorino.com\/boutique\/product\/frontline-spot-on-chien-s-2-10-kg\/"]}]},{"@type":"ImageObject","inLanguage":"fr-FR","@id":"https:\/\/www.vetorino.com\/boutique\/product\/frontline-spot-on-chien-s-2-10-kg\/#primaryimage","url":"https:\/\/www.vetorino.com\/boutique\/wp-content\/uploads\/2020\/03\/unnamed-file.jpg","contentUrl":"https:\/\/www.vetorino.com\/boutique\/wp-content\/uploads\/2020\/03\/unnamed-file.jpg","width":1500,"height":1500},{"@type":"BreadcrumbList","@id":"https:\/\/www.vetorino.com\/boutique\/product\/frontline-spot-on-chien-s-2-10-kg\/#breadcrumb","itemListElement":[{"@type":"ListItem","position":1,"name":"Accueil","item":"https:\/\/www.vetorino.com\/boutique\/"},{"@type":"ListItem","position":2,"name":"Produits","item":"https:\/\/www.vetorino.com\/boutique\/"},{"@type":"ListItem","position":3,"name":"Frontline Spot-on Chien S 2-10 kg"}]},{"@type":"WebSite","@id":"https:\/\/www.vetorino.com\/boutique\/#website","url":"https:\/\/www.vetorino.com\/boutique\/","name":"V\u00e9torino","description":"","publisher":{"@id":"https:\/\/www.vetorino.com\/boutique\/#organization"},"potentialAction":[{"@type":"SearchAction","target":{"@type":"EntryPoint","urlTemplate":"https:\/\/www.vetorino.com\/boutique\/?s={search_term_string}"},"query-input":{"@type":"PropertyValueSpecification","valueRequired":true,"valueName":"search_term_string"}}],"inLanguage":"fr-FR"},{"@type":"Organization","@id":"https:\/\/www.vetorino.com\/boutique\/#organization","name":"V\u00e9torino","url":"https:\/\/www.vetorino.com\/boutique\/","logo":{"@type":"ImageObject","inLanguage":"fr-FR","@id":"https:\/\/www.vetorino.com\/boutique\/#\/schema\/logo\/image\/","url":"https:\/\/www.vetorino.com\/boutique\/wp-content\/uploads\/2024\/10\/logo.jpg","contentUrl":"https:\/\/www.vetorino.com\/boutique\/wp-content\/uploads\/2024\/10\/logo.jpg","width":1200,"height":610,"caption":"V\u00e9torino"},"image":{"@id":"https:\/\/www.vetorino.com\/boutique\/#\/schema\/logo\/image\/"},"sameAs":["https:\/\/www.facebook.com\/Vetorino\/","https:\/\/www.instagram.com\/vetorino_off\/","https:\/\/www.linkedin.com\/company\/vtorino\/"]}]},"product_brand":"Boehringer","og_availability":"instock","product_availability":"instock","product_condition":"new"},"_links":{"self":[{"href":"https:\/\/www.vetorino.com\/veterinaire\/plouzevede-29440\/boutique\/wp-json\/wp\/v2\/product\/36467","targetHints":{"allow":["GET"]}}],"collection":[{"href":"https:\/\/www.vetorino.com\/veterinaire\/plouzevede-29440\/boutique\/wp-json\/wp\/v2\/product"}],"about":[{"href":"https:\/\/www.vetorino.com\/veterinaire\/plouzevede-29440\/boutique\/wp-json\/wp\/v2\/types\/product"}],"wp:featuredmedia":[{"embeddable":true,"href":"https:\/\/www.vetorino.com\/veterinaire\/plouzevede-29440\/boutique\/wp-json\/wp\/v2\/media\/893868"}],"wp:attachment":[{"href":"https:\/\/www.vetorino.com\/veterinaire\/plouzevede-29440\/boutique\/wp-json\/wp\/v2\/media?parent=36467"}],"wp:term":[{"taxonomy":"product_cat","embeddable":true,"href":"https:\/\/www.vetorino.com\/veterinaire\/plouzevede-29440\/boutique\/wp-json\/wp\/v2\/product_cat?post=36467"},{"taxonomy":"product_tag","embeddable":true,"href":"https:\/\/www.vetorino.com\/veterinaire\/plouzevede-29440\/boutique\/wp-json\/wp\/v2\/product_tag?post=36467"}],"curies":[{"name":"wp","href":"https:\/\/api.w.org\/{rel}","templated":true}]}}