{"id":36487,"date":"2020-03-04T23:03:59","date_gmt":"2020-03-04T22:03:59","guid":{"rendered":"https:\/\/www.vetorino.com\/boutique\/product\/vetcare-chien-adult-neutered\/"},"modified":"2025-11-05T16:05:49","modified_gmt":"2025-11-05T15:05:49","slug":"vetcare-chien-adult-neutered","status":"publish","type":"product","link":"https:\/\/www.vetorino.com\/veterinaire\/plouzevede-29440\/boutique\/product\/vetcare-chien-adult-neutered\/","title":{"rendered":"Neutered Adult Medium Dog"},"content":{"rendered":"<p><strong>Royal Canin Neutered Adult Medium Dog est un aliment complet pour chien adulte, st\u00e9rilis\u00e9, de race moyenne (11 \u00e0 25 kg) avec une tendance \u00e0 l&#8217;embonpoint et \u00e0 sensibilit\u00e9 cutan\u00e9e.<\/strong><\/p>\n<p><strong>Utilisation :<\/strong><\/p>\n<ul>\n<li>Chien de plus de 12 mois\u00a0de race moyenne (11 \u00e0 25 kg)<\/li>\n<li>Chien st\u00e9rilis\u00e9<\/li>\n<li>Risque de prise de poids<\/li>\n<\/ul>\n<p><strong>Bienfaits essentiels :<\/strong><\/p>\n<ul>\n<li>\n<div class=\"text\">Favorise le<strong>\u00a0maintien d&#8217;un poids id\u00e9al<\/strong>\u00a0des chiens adultes ayant tendance \u00e0 l&#8217;embonpoint.<\/div>\n<\/li>\n<li>\n<div class=\"text\">Une suppl\u00e9mentation en nutriments essentiels pour<strong>\u00a0renforcer la beaut\u00e9 naturelle du poil<\/strong>\u00a0et pour aider \u00e0 prot\u00e9ger la peau.<\/div>\n<\/li>\n<li>\n<div class=\"text\">Une combinaison de prot\u00e9ines hautement digestibles, de pulpe de bettrave et d&#8217;huile de poisson contribue \u00e0 assurer une\u00a0<strong>tol\u00e9rance digestive maximale<\/strong>.<\/div>\n<\/li>\n<li>\n<div class=\"text\">Le complexe synergique brevet\u00e9 d&#8217;antioxydants contribue \u00e0\u00a0<strong>diminuer les aggressions cellulaires dues au stress oxydatif et aux radicaux libres<\/strong>.<\/div>\n<\/li>\n<\/ul>\n","protected":false},"excerpt":{"rendered":"<div>\n<div><strong>Royal Canin Neutered Adult Medium Dog est un aliment complet pour chien adulte, st\u00e9rilis\u00e9, de race moyenne (11 \u00e0 25 kg) avec une tendance \u00e0 l&#8217;embonpoint et \u00e0 sensibilit\u00e9 cutan\u00e9e.<\/strong><\/div>\n<\/div>\n<p><strong>Utilisation :<\/strong><\/p>\n<ul>\n<li>Chien de plus de 12 mois\u00a0de race moyenne (11 \u00e0 25 kg)<\/li>\n<li>Chien st\u00e9rilis\u00e9<\/li>\n<li>Risque de prise de poids<\/li>\n<\/ul>\n","protected":false},"featured_media":896600,"template":"","meta":[],"product_cat":[12552,12584,2698],"product_tag":[],"class_list":{"0":"post-36487","1":"product","2":"type-product","3":"status-publish","4":"has-post-thumbnail","6":"product_cat-alimentation-du-chien","7":"product_cat-alimentation-premium-pour-chien","8":"product_cat-chien","9":"pa_marque-royal-canin","11":"first","12":"instock","13":"taxable","14":"shipping-taxable","15":"purchasable","16":"product-type-variable"},"yoast_head":"<!-- This site is optimized with the Yoast SEO plugin v27.3 - https:\/\/yoast.com\/product\/yoast-seo-wordpress\/ -->\n<title>Vet Care Nutrition (Royal Canin) Neutered Adult Medium Dog Royal Canin - V\u00e9torino<\/title>\n<meta name=\"description\" content=\"Royal Canin Neutered Adult Medium Dog est un aliment complet pour chien adulte, st\u00e9rilis\u00e9, de race moyenne (11 \u00e0 25 kg) avec une tendance \u00e0 l&#039;embonpoint et \u00e0 sensibilit\u00e9 cutan\u00e9e.  Utilisation :   Chien de plus de 12 mois\u00a0de race moyenne (11 \u00e0 25 kg)  Chien st\u00e9rilis\u00e9  Risque de prise de poids\" \/>\n<meta name=\"robots\" content=\"noindex, nofollow\" \/>\n<meta property=\"og:locale\" content=\"fr_FR\" \/>\n<meta property=\"og:type\" content=\"article\" \/>\n<meta property=\"og:title\" content=\"Vet Care Nutrition (Royal Canin) Neutered Adult Medium Dog Royal Canin - V\u00e9torino\" \/>\n<meta property=\"og:description\" content=\"Royal Canin Neutered Adult Medium Dog est un aliment complet pour chien adulte, st\u00e9rilis\u00e9, de race moyenne (11 \u00e0 25 kg) avec une tendance \u00e0 l&#039;embonpoint et \u00e0 sensibilit\u00e9 cutan\u00e9e.  Utilisation :   Chien de plus de 12 mois\u00a0de race moyenne (11 \u00e0 25 kg)  Chien st\u00e9rilis\u00e9  Risque de prise de poids\" \/>\n<meta property=\"og:url\" content=\"https:\/\/www.vetorino.com\/veterinaire\/plouzevede-29440\/boutique\/product\/vetcare-chien-adult-neutered\/\" \/>\n<meta property=\"og:site_name\" content=\"V\u00e9torino\" \/>\n<meta property=\"article:publisher\" content=\"https:\/\/www.facebook.com\/Vetorino\/\" \/>\n<meta property=\"article:modified_time\" content=\"2025-11-05T15:05:49+00:00\" \/>\n<meta property=\"og:image\" content=\"https:\/\/www.vetorino.com\/boutique\/wp-content\/uploads\/2020\/03\/neutered-adult-medium-dog.jpg-3.png\" \/>\n\t<meta property=\"og:image:width\" content=\"800\" \/>\n\t<meta property=\"og:image:height\" content=\"800\" \/>\n\t<meta property=\"og:image:type\" content=\"image\/png\" \/>\n<meta name=\"twitter:card\" content=\"summary_large_image\" \/>\n<meta name=\"twitter:label1\" content=\"Disponibilit\u00e9\" \/>\n\t<meta name=\"twitter:data1\" content=\"En stock\" \/>\n<script type=\"application\/ld+json\" class=\"yoast-schema-graph\">{\"@context\":\"https:\\\/\\\/schema.org\",\"@graph\":[{\"@type\":\"WebPage\",\"@id\":\"https:\\\/\\\/www.vetorino.com\\\/veterinaire\\\/briancon-05100\\\/boutique\\\/product\\\/vetcare-chien-adult-neutered\\\/\",\"url\":\"https:\\\/\\\/www.vetorino.com\\\/veterinaire\\\/briancon-05100\\\/boutique\\\/product\\\/vetcare-chien-adult-neutered\\\/\",\"name\":\"Vet Care Nutrition (Royal Canin) Neutered Adult Medium Dog Royal Canin - V\u00e9torino\",\"isPartOf\":{\"@id\":\"https:\\\/\\\/www.vetorino.com\\\/boutique\\\/#website\"},\"primaryImageOfPage\":{\"@id\":\"https:\\\/\\\/www.vetorino.com\\\/veterinaire\\\/briancon-05100\\\/boutique\\\/product\\\/vetcare-chien-adult-neutered\\\/#primaryimage\"},\"image\":{\"@id\":\"https:\\\/\\\/www.vetorino.com\\\/veterinaire\\\/briancon-05100\\\/boutique\\\/product\\\/vetcare-chien-adult-neutered\\\/#primaryimage\"},\"thumbnailUrl\":\"https:\\\/\\\/www.vetorino.com\\\/boutique\\\/wp-content\\\/uploads\\\/2020\\\/03\\\/neutered-adult-medium-dog.jpg-3.png\",\"datePublished\":\"2020-03-04T22:03:59+00:00\",\"dateModified\":\"2025-11-05T15:05:49+00:00\",\"description\":\"Royal Canin Neutered Adult Medium Dog est un aliment complet pour chien adulte, st\u00e9rilis\u00e9, de race moyenne (11 \u00e0 25 kg) avec une tendance \u00e0 l'embonpoint et \u00e0 sensibilit\u00e9 cutan\u00e9e. Utilisation : Chien de plus de 12 mois\u00a0de race moyenne (11 \u00e0 25 kg) Chien st\u00e9rilis\u00e9 Risque de prise de poids\",\"breadcrumb\":{\"@id\":\"https:\\\/\\\/www.vetorino.com\\\/veterinaire\\\/briancon-05100\\\/boutique\\\/product\\\/vetcare-chien-adult-neutered\\\/#breadcrumb\"},\"inLanguage\":\"fr-FR\",\"potentialAction\":[{\"@type\":\"ReadAction\",\"target\":[\"https:\\\/\\\/www.vetorino.com\\\/veterinaire\\\/briancon-05100\\\/boutique\\\/product\\\/vetcare-chien-adult-neutered\\\/\"]}]},{\"@type\":\"ImageObject\",\"inLanguage\":\"fr-FR\",\"@id\":\"https:\\\/\\\/www.vetorino.com\\\/veterinaire\\\/briancon-05100\\\/boutique\\\/product\\\/vetcare-chien-adult-neutered\\\/#primaryimage\",\"url\":\"https:\\\/\\\/www.vetorino.com\\\/boutique\\\/wp-content\\\/uploads\\\/2020\\\/03\\\/neutered-adult-medium-dog.jpg-3.png\",\"contentUrl\":\"https:\\\/\\\/www.vetorino.com\\\/boutique\\\/wp-content\\\/uploads\\\/2020\\\/03\\\/neutered-adult-medium-dog.jpg-3.png\",\"width\":800,\"height\":800},{\"@type\":\"BreadcrumbList\",\"@id\":\"https:\\\/\\\/www.vetorino.com\\\/veterinaire\\\/briancon-05100\\\/boutique\\\/product\\\/vetcare-chien-adult-neutered\\\/#breadcrumb\",\"itemListElement\":[{\"@type\":\"ListItem\",\"position\":1,\"name\":\"Accueil\",\"item\":\"https:\\\/\\\/www.vetorino.com\\\/boutique\\\/\"},{\"@type\":\"ListItem\",\"position\":2,\"name\":\"Produits\",\"item\":\"https:\\\/\\\/www.vetorino.com\\\/boutique\\\/\"},{\"@type\":\"ListItem\",\"position\":3,\"name\":\"Neutered Adult Medium Dog\"}]},{\"@type\":\"WebSite\",\"@id\":\"https:\\\/\\\/www.vetorino.com\\\/boutique\\\/#website\",\"url\":\"https:\\\/\\\/www.vetorino.com\\\/boutique\\\/\",\"name\":\"V\u00e9torino\",\"description\":\"\",\"publisher\":{\"@id\":\"https:\\\/\\\/www.vetorino.com\\\/boutique\\\/#organization\"},\"potentialAction\":[{\"@type\":\"SearchAction\",\"target\":{\"@type\":\"EntryPoint\",\"urlTemplate\":\"https:\\\/\\\/www.vetorino.com\\\/boutique\\\/?s={search_term_string}\"},\"query-input\":{\"@type\":\"PropertyValueSpecification\",\"valueRequired\":true,\"valueName\":\"search_term_string\"}}],\"inLanguage\":\"fr-FR\"},{\"@type\":\"Organization\",\"@id\":\"https:\\\/\\\/www.vetorino.com\\\/boutique\\\/#organization\",\"name\":\"V\u00e9torino\",\"url\":\"https:\\\/\\\/www.vetorino.com\\\/boutique\\\/\",\"logo\":{\"@type\":\"ImageObject\",\"inLanguage\":\"fr-FR\",\"@id\":\"https:\\\/\\\/www.vetorino.com\\\/boutique\\\/#\\\/schema\\\/logo\\\/image\\\/\",\"url\":\"https:\\\/\\\/www.vetorino.com\\\/boutique\\\/wp-content\\\/uploads\\\/2024\\\/10\\\/logo.jpg\",\"contentUrl\":\"https:\\\/\\\/www.vetorino.com\\\/boutique\\\/wp-content\\\/uploads\\\/2024\\\/10\\\/logo.jpg\",\"width\":1200,\"height\":610,\"caption\":\"V\u00e9torino\"},\"image\":{\"@id\":\"https:\\\/\\\/www.vetorino.com\\\/boutique\\\/#\\\/schema\\\/logo\\\/image\\\/\"},\"sameAs\":[\"https:\\\/\\\/www.facebook.com\\\/Vetorino\\\/\",\"https:\\\/\\\/www.instagram.com\\\/vetorino_off\\\/\",\"https:\\\/\\\/www.linkedin.com\\\/company\\\/vtorino\\\/\"]}]}<\/script>\n<meta property=\"product:brand\" content=\"Royal Canin\" \/>\n<meta property=\"og:availability\" content=\"instock\" \/>\n<meta property=\"product:availability\" content=\"instock\" \/>\n<meta property=\"product:condition\" content=\"new\" \/>\n<!-- \/ Yoast SEO plugin. -->","yoast_head_json":{"title":"Vet Care Nutrition (Royal Canin) Neutered Adult Medium Dog Royal Canin - V\u00e9torino","description":"Royal Canin Neutered Adult Medium Dog est un aliment complet pour chien adulte, st\u00e9rilis\u00e9, de race moyenne (11 \u00e0 25 kg) avec une tendance \u00e0 l'embonpoint et \u00e0 sensibilit\u00e9 cutan\u00e9e.  Utilisation :   Chien de plus de 12 mois\u00a0de race moyenne (11 \u00e0 25 kg)  Chien st\u00e9rilis\u00e9  Risque de prise de poids","robots":{"index":"noindex","follow":"nofollow"},"og_locale":"fr_FR","og_type":"article","og_title":"Vet Care Nutrition (Royal Canin) Neutered Adult Medium Dog Royal Canin - V\u00e9torino","og_description":"Royal Canin Neutered Adult Medium Dog est un aliment complet pour chien adulte, st\u00e9rilis\u00e9, de race moyenne (11 \u00e0 25 kg) avec une tendance \u00e0 l'embonpoint et \u00e0 sensibilit\u00e9 cutan\u00e9e.  Utilisation :   Chien de plus de 12 mois\u00a0de race moyenne (11 \u00e0 25 kg)  Chien st\u00e9rilis\u00e9  Risque de prise de poids","og_url":"https:\/\/www.vetorino.com\/veterinaire\/plouzevede-29440\/boutique\/product\/vetcare-chien-adult-neutered\/","og_site_name":"V\u00e9torino","article_publisher":"https:\/\/www.facebook.com\/Vetorino\/","article_modified_time":"2025-11-05T15:05:49+00:00","og_image":[{"width":800,"height":800,"url":"https:\/\/www.vetorino.com\/boutique\/wp-content\/uploads\/2020\/03\/neutered-adult-medium-dog.jpg-3.png","type":"image\/png"}],"twitter_card":"summary_large_image","twitter_misc":{"Disponibilit\u00e9":"En stock"},"schema":{"@context":"https:\/\/schema.org","@graph":[{"@type":"WebPage","@id":"https:\/\/www.vetorino.com\/veterinaire\/briancon-05100\/boutique\/product\/vetcare-chien-adult-neutered\/","url":"https:\/\/www.vetorino.com\/veterinaire\/briancon-05100\/boutique\/product\/vetcare-chien-adult-neutered\/","name":"Vet Care Nutrition (Royal Canin) Neutered Adult Medium Dog Royal Canin - V\u00e9torino","isPartOf":{"@id":"https:\/\/www.vetorino.com\/boutique\/#website"},"primaryImageOfPage":{"@id":"https:\/\/www.vetorino.com\/veterinaire\/briancon-05100\/boutique\/product\/vetcare-chien-adult-neutered\/#primaryimage"},"image":{"@id":"https:\/\/www.vetorino.com\/veterinaire\/briancon-05100\/boutique\/product\/vetcare-chien-adult-neutered\/#primaryimage"},"thumbnailUrl":"https:\/\/www.vetorino.com\/boutique\/wp-content\/uploads\/2020\/03\/neutered-adult-medium-dog.jpg-3.png","datePublished":"2020-03-04T22:03:59+00:00","dateModified":"2025-11-05T15:05:49+00:00","description":"Royal Canin Neutered Adult Medium Dog est un aliment complet pour chien adulte, st\u00e9rilis\u00e9, de race moyenne (11 \u00e0 25 kg) avec une tendance \u00e0 l'embonpoint et \u00e0 sensibilit\u00e9 cutan\u00e9e. Utilisation : Chien de plus de 12 mois\u00a0de race moyenne (11 \u00e0 25 kg) Chien st\u00e9rilis\u00e9 Risque de prise de poids","breadcrumb":{"@id":"https:\/\/www.vetorino.com\/veterinaire\/briancon-05100\/boutique\/product\/vetcare-chien-adult-neutered\/#breadcrumb"},"inLanguage":"fr-FR","potentialAction":[{"@type":"ReadAction","target":["https:\/\/www.vetorino.com\/veterinaire\/briancon-05100\/boutique\/product\/vetcare-chien-adult-neutered\/"]}]},{"@type":"ImageObject","inLanguage":"fr-FR","@id":"https:\/\/www.vetorino.com\/veterinaire\/briancon-05100\/boutique\/product\/vetcare-chien-adult-neutered\/#primaryimage","url":"https:\/\/www.vetorino.com\/boutique\/wp-content\/uploads\/2020\/03\/neutered-adult-medium-dog.jpg-3.png","contentUrl":"https:\/\/www.vetorino.com\/boutique\/wp-content\/uploads\/2020\/03\/neutered-adult-medium-dog.jpg-3.png","width":800,"height":800},{"@type":"BreadcrumbList","@id":"https:\/\/www.vetorino.com\/veterinaire\/briancon-05100\/boutique\/product\/vetcare-chien-adult-neutered\/#breadcrumb","itemListElement":[{"@type":"ListItem","position":1,"name":"Accueil","item":"https:\/\/www.vetorino.com\/boutique\/"},{"@type":"ListItem","position":2,"name":"Produits","item":"https:\/\/www.vetorino.com\/boutique\/"},{"@type":"ListItem","position":3,"name":"Neutered Adult Medium Dog"}]},{"@type":"WebSite","@id":"https:\/\/www.vetorino.com\/boutique\/#website","url":"https:\/\/www.vetorino.com\/boutique\/","name":"V\u00e9torino","description":"","publisher":{"@id":"https:\/\/www.vetorino.com\/boutique\/#organization"},"potentialAction":[{"@type":"SearchAction","target":{"@type":"EntryPoint","urlTemplate":"https:\/\/www.vetorino.com\/boutique\/?s={search_term_string}"},"query-input":{"@type":"PropertyValueSpecification","valueRequired":true,"valueName":"search_term_string"}}],"inLanguage":"fr-FR"},{"@type":"Organization","@id":"https:\/\/www.vetorino.com\/boutique\/#organization","name":"V\u00e9torino","url":"https:\/\/www.vetorino.com\/boutique\/","logo":{"@type":"ImageObject","inLanguage":"fr-FR","@id":"https:\/\/www.vetorino.com\/boutique\/#\/schema\/logo\/image\/","url":"https:\/\/www.vetorino.com\/boutique\/wp-content\/uploads\/2024\/10\/logo.jpg","contentUrl":"https:\/\/www.vetorino.com\/boutique\/wp-content\/uploads\/2024\/10\/logo.jpg","width":1200,"height":610,"caption":"V\u00e9torino"},"image":{"@id":"https:\/\/www.vetorino.com\/boutique\/#\/schema\/logo\/image\/"},"sameAs":["https:\/\/www.facebook.com\/Vetorino\/","https:\/\/www.instagram.com\/vetorino_off\/","https:\/\/www.linkedin.com\/company\/vtorino\/"]}]},"product_brand":"Royal Canin","og_availability":"instock","product_availability":"instock","product_condition":"new"},"_links":{"self":[{"href":"https:\/\/www.vetorino.com\/veterinaire\/plouzevede-29440\/boutique\/wp-json\/wp\/v2\/product\/36487","targetHints":{"allow":["GET"]}}],"collection":[{"href":"https:\/\/www.vetorino.com\/veterinaire\/plouzevede-29440\/boutique\/wp-json\/wp\/v2\/product"}],"about":[{"href":"https:\/\/www.vetorino.com\/veterinaire\/plouzevede-29440\/boutique\/wp-json\/wp\/v2\/types\/product"}],"wp:featuredmedia":[{"embeddable":true,"href":"https:\/\/www.vetorino.com\/veterinaire\/plouzevede-29440\/boutique\/wp-json\/wp\/v2\/media\/896600"}],"wp:attachment":[{"href":"https:\/\/www.vetorino.com\/veterinaire\/plouzevede-29440\/boutique\/wp-json\/wp\/v2\/media?parent=36487"}],"wp:term":[{"taxonomy":"product_cat","embeddable":true,"href":"https:\/\/www.vetorino.com\/veterinaire\/plouzevede-29440\/boutique\/wp-json\/wp\/v2\/product_cat?post=36487"},{"taxonomy":"product_tag","embeddable":true,"href":"https:\/\/www.vetorino.com\/veterinaire\/plouzevede-29440\/boutique\/wp-json\/wp\/v2\/product_tag?post=36487"}],"curies":[{"name":"wp","href":"https:\/\/api.w.org\/{rel}","templated":true}]}}