{"id":36586,"date":"2020-03-04T23:09:10","date_gmt":"2020-03-04T22:09:10","guid":{"rendered":"https:\/\/www.vetorino.com\/boutique\/product\/dog-gastro-intestinal-moderate-calorie\/"},"modified":"2025-11-05T15:13:00","modified_gmt":"2025-11-05T14:13:00","slug":"dog-gastro-intestinal-moderate-calorie","status":"publish","type":"product","link":"https:\/\/www.vetorino.com\/veterinaire\/plouzevede-29440\/boutique\/product\/dog-gastro-intestinal-moderate-calorie\/","title":{"rendered":"Dog Gastro Intestinal Moderate Calorie"},"content":{"rendered":"<p><strong>Dog Gastro Intestinal Moderate Calorie est un aliment di\u00e9t\u00e9tique complet formul\u00e9 pour r\u00e9duire les troubles digestifs aigu\u00ebs et de maldigestion du chien.<\/strong><\/p>\n<p><strong>Utilisation :<\/strong><\/p>\n<ul>\n<li>Chien ayant tendance \u00e0 l&#8217;embonpoint<\/li>\n<li>Chien atteint de troubles gastro-intestinaux<\/li>\n<\/ul>\n<p><strong>Bienfaits essentiels :<\/strong><\/p>\n<ul>\n<li>\n<div class=\"text\">Une combinaison de prot\u00e9ines hautement digestibles, de probiotiques, de pulpe de betterave, de riz et d&#8217;huile de poisson<strong>\u00a0pour assurer une s\u00e9curit\u00e9 digestive maximale<\/strong>.<\/div>\n<\/li>\n<li>\n<div class=\"text\">La teneur mod\u00e9r\u00e9e en calories\u00a0<strong>favorise le maintien du poids id\u00e9al<\/strong>.<\/div>\n<\/li>\n<li>\n<div class=\"text\">Haute app\u00e9tence pour\u00a0<strong>satisfaire les app\u00e9tits difficiles ou diminu\u00e9s<\/strong>.<\/div>\n<\/li>\n<li>\n<div class=\"text\">Les acides eicosapenta\u00e9no\u00efque et docosahexa\u00e9no\u00efque, acides gras \u00e0 longue cha\u00eene de la s\u00e9rie om\u00e9ga 3,\u00a0<strong>contribuent \u00e0 la bonne sant\u00e9 du syt\u00e8me digestif<\/strong>.<\/div>\n<\/li>\n<\/ul>\n<p><strong><br \/>\nCet aliment est destin\u00e9 \u00e0 la prise en charge nutritionnelle d\u2019une maladie. Pour la sant\u00e9 de votre chien, il est recommand\u00e9 de consulter votre v\u00e9t\u00e9rinaire et de respecter scrupuleusement ses recommandations nutritionnelles.<\/strong><\/p>\n","protected":false},"excerpt":{"rendered":"<p dir=\"ltr\"><strong>Dog Gastro Intestinal Moderate Calorie est un aliment di\u00e9t\u00e9tique complet formul\u00e9 pour r\u00e9duire les troubles digestifs aigu\u00ebs et de maldigestion du chien.<\/strong><\/p>\n<p><strong>Utilisation :<\/strong><\/p>\n<ul>\n<li>Chien ayant tendance \u00e0 l&#8217;embonpoint<\/li>\n<li>Chien atteint de troubles gastro-intestinaux<\/li>\n<\/ul>\n","protected":false},"featured_media":198161,"template":"","meta":[],"product_cat":[12552,12582,2698],"product_tag":[],"class_list":{"0":"post-36586","1":"product","2":"type-product","3":"status-publish","4":"has-post-thumbnail","6":"product_cat-alimentation-du-chien","7":"product_cat-alimentation-medicalisee-pour-chien","8":"product_cat-chien","9":"pa_marque-royal-canin","11":"first","12":"instock","13":"taxable","14":"shipping-taxable","15":"purchasable","16":"product-type-variable"},"yoast_head":"<!-- This site is optimized with the Yoast SEO plugin v27.3 - https:\/\/yoast.com\/product\/yoast-seo-wordpress\/ -->\n<title>Veterinary Diet (Royal Canin) Dog Gastro Intestinal Moderate Calorie Royal Canin - V\u00e9torino<\/title>\n<meta name=\"description\" content=\"Dog Gastro Intestinal Moderate Calorie est un aliment di\u00e9t\u00e9tique complet formul\u00e9 pour r\u00e9duire les troubles digestifs aigu\u00ebs et de maldigestion du chien. Utilisation :   Chien ayant tendance \u00e0 l&#039;embonpoint  Chien atteint de troubles gastro-intestinaux\" \/>\n<meta name=\"robots\" content=\"noindex, nofollow\" \/>\n<meta property=\"og:locale\" content=\"fr_FR\" \/>\n<meta property=\"og:type\" content=\"article\" \/>\n<meta property=\"og:title\" content=\"Veterinary Diet (Royal Canin) Dog Gastro Intestinal Moderate Calorie Royal Canin - V\u00e9torino\" \/>\n<meta property=\"og:description\" content=\"Dog Gastro Intestinal Moderate Calorie est un aliment di\u00e9t\u00e9tique complet formul\u00e9 pour r\u00e9duire les troubles digestifs aigu\u00ebs et de maldigestion du chien. Utilisation :   Chien ayant tendance \u00e0 l&#039;embonpoint  Chien atteint de troubles gastro-intestinaux\" \/>\n<meta property=\"og:url\" content=\"https:\/\/www.vetorino.com\/veterinaire\/plouzevede-29440\/boutique\/product\/dog-gastro-intestinal-moderate-calorie\/\" \/>\n<meta property=\"og:site_name\" content=\"V\u00e9torino\" \/>\n<meta property=\"article:publisher\" content=\"https:\/\/www.facebook.com\/Vetorino\/\" \/>\n<meta property=\"article:modified_time\" content=\"2025-11-05T14:13:00+00:00\" \/>\n<meta property=\"og:image\" content=\"https:\/\/www.vetorino.com\/boutique\/wp-content\/uploads\/2020\/03\/dog-gastro-intestinal-moderate-calorie.png\" \/>\n\t<meta property=\"og:image:width\" content=\"800\" \/>\n\t<meta property=\"og:image:height\" content=\"800\" \/>\n\t<meta property=\"og:image:type\" content=\"image\/png\" \/>\n<meta name=\"twitter:card\" content=\"summary_large_image\" \/>\n<meta name=\"twitter:label1\" content=\"Disponibilit\u00e9\" \/>\n\t<meta name=\"twitter:data1\" content=\"En stock\" \/>\n<script type=\"application\/ld+json\" class=\"yoast-schema-graph\">{\"@context\":\"https:\\\/\\\/schema.org\",\"@graph\":[{\"@type\":\"WebPage\",\"@id\":\"https:\\\/\\\/www.vetorino.com\\\/veterinaire\\\/briancon-05100\\\/boutique\\\/product\\\/dog-gastro-intestinal-moderate-calorie\\\/\",\"url\":\"https:\\\/\\\/www.vetorino.com\\\/veterinaire\\\/briancon-05100\\\/boutique\\\/product\\\/dog-gastro-intestinal-moderate-calorie\\\/\",\"name\":\"Veterinary Diet (Royal Canin) Dog Gastro Intestinal Moderate Calorie Royal Canin - V\u00e9torino\",\"isPartOf\":{\"@id\":\"https:\\\/\\\/www.vetorino.com\\\/boutique\\\/#website\"},\"primaryImageOfPage\":{\"@id\":\"https:\\\/\\\/www.vetorino.com\\\/veterinaire\\\/briancon-05100\\\/boutique\\\/product\\\/dog-gastro-intestinal-moderate-calorie\\\/#primaryimage\"},\"image\":{\"@id\":\"https:\\\/\\\/www.vetorino.com\\\/veterinaire\\\/briancon-05100\\\/boutique\\\/product\\\/dog-gastro-intestinal-moderate-calorie\\\/#primaryimage\"},\"thumbnailUrl\":\"https:\\\/\\\/www.vetorino.com\\\/boutique\\\/wp-content\\\/uploads\\\/2020\\\/03\\\/dog-gastro-intestinal-moderate-calorie.png\",\"datePublished\":\"2020-03-04T22:09:10+00:00\",\"dateModified\":\"2025-11-05T14:13:00+00:00\",\"description\":\"Dog Gastro Intestinal Moderate Calorie est un aliment di\u00e9t\u00e9tique complet formul\u00e9 pour r\u00e9duire les troubles digestifs aigu\u00ebs et de maldigestion du chien. Utilisation : Chien ayant tendance \u00e0 l'embonpoint Chien atteint de troubles gastro-intestinaux\",\"breadcrumb\":{\"@id\":\"https:\\\/\\\/www.vetorino.com\\\/veterinaire\\\/briancon-05100\\\/boutique\\\/product\\\/dog-gastro-intestinal-moderate-calorie\\\/#breadcrumb\"},\"inLanguage\":\"fr-FR\",\"potentialAction\":[{\"@type\":\"ReadAction\",\"target\":[\"https:\\\/\\\/www.vetorino.com\\\/veterinaire\\\/briancon-05100\\\/boutique\\\/product\\\/dog-gastro-intestinal-moderate-calorie\\\/\"]}]},{\"@type\":\"ImageObject\",\"inLanguage\":\"fr-FR\",\"@id\":\"https:\\\/\\\/www.vetorino.com\\\/veterinaire\\\/briancon-05100\\\/boutique\\\/product\\\/dog-gastro-intestinal-moderate-calorie\\\/#primaryimage\",\"url\":\"https:\\\/\\\/www.vetorino.com\\\/boutique\\\/wp-content\\\/uploads\\\/2020\\\/03\\\/dog-gastro-intestinal-moderate-calorie.png\",\"contentUrl\":\"https:\\\/\\\/www.vetorino.com\\\/boutique\\\/wp-content\\\/uploads\\\/2020\\\/03\\\/dog-gastro-intestinal-moderate-calorie.png\",\"width\":800,\"height\":800,\"caption\":\"croquettes Royal Canin dog gastro-intestinal moderate calorie\"},{\"@type\":\"BreadcrumbList\",\"@id\":\"https:\\\/\\\/www.vetorino.com\\\/veterinaire\\\/briancon-05100\\\/boutique\\\/product\\\/dog-gastro-intestinal-moderate-calorie\\\/#breadcrumb\",\"itemListElement\":[{\"@type\":\"ListItem\",\"position\":1,\"name\":\"Accueil\",\"item\":\"https:\\\/\\\/www.vetorino.com\\\/boutique\\\/\"},{\"@type\":\"ListItem\",\"position\":2,\"name\":\"Produits\",\"item\":\"https:\\\/\\\/www.vetorino.com\\\/boutique\\\/\"},{\"@type\":\"ListItem\",\"position\":3,\"name\":\"Dog Gastro Intestinal Moderate Calorie\"}]},{\"@type\":\"WebSite\",\"@id\":\"https:\\\/\\\/www.vetorino.com\\\/boutique\\\/#website\",\"url\":\"https:\\\/\\\/www.vetorino.com\\\/boutique\\\/\",\"name\":\"V\u00e9torino\",\"description\":\"\",\"publisher\":{\"@id\":\"https:\\\/\\\/www.vetorino.com\\\/boutique\\\/#organization\"},\"potentialAction\":[{\"@type\":\"SearchAction\",\"target\":{\"@type\":\"EntryPoint\",\"urlTemplate\":\"https:\\\/\\\/www.vetorino.com\\\/boutique\\\/?s={search_term_string}\"},\"query-input\":{\"@type\":\"PropertyValueSpecification\",\"valueRequired\":true,\"valueName\":\"search_term_string\"}}],\"inLanguage\":\"fr-FR\"},{\"@type\":\"Organization\",\"@id\":\"https:\\\/\\\/www.vetorino.com\\\/boutique\\\/#organization\",\"name\":\"V\u00e9torino\",\"url\":\"https:\\\/\\\/www.vetorino.com\\\/boutique\\\/\",\"logo\":{\"@type\":\"ImageObject\",\"inLanguage\":\"fr-FR\",\"@id\":\"https:\\\/\\\/www.vetorino.com\\\/boutique\\\/#\\\/schema\\\/logo\\\/image\\\/\",\"url\":\"https:\\\/\\\/www.vetorino.com\\\/boutique\\\/wp-content\\\/uploads\\\/2024\\\/10\\\/logo.jpg\",\"contentUrl\":\"https:\\\/\\\/www.vetorino.com\\\/boutique\\\/wp-content\\\/uploads\\\/2024\\\/10\\\/logo.jpg\",\"width\":1200,\"height\":610,\"caption\":\"V\u00e9torino\"},\"image\":{\"@id\":\"https:\\\/\\\/www.vetorino.com\\\/boutique\\\/#\\\/schema\\\/logo\\\/image\\\/\"},\"sameAs\":[\"https:\\\/\\\/www.facebook.com\\\/Vetorino\\\/\",\"https:\\\/\\\/www.instagram.com\\\/vetorino_off\\\/\",\"https:\\\/\\\/www.linkedin.com\\\/company\\\/vtorino\\\/\"]}]}<\/script>\n<meta property=\"product:brand\" content=\"Royal Canin\" \/>\n<meta property=\"og:availability\" content=\"instock\" \/>\n<meta property=\"product:availability\" content=\"instock\" \/>\n<meta property=\"product:condition\" content=\"new\" \/>\n<!-- \/ Yoast SEO plugin. -->","yoast_head_json":{"title":"Veterinary Diet (Royal Canin) Dog Gastro Intestinal Moderate Calorie Royal Canin - V\u00e9torino","description":"Dog Gastro Intestinal Moderate Calorie est un aliment di\u00e9t\u00e9tique complet formul\u00e9 pour r\u00e9duire les troubles digestifs aigu\u00ebs et de maldigestion du chien. Utilisation :   Chien ayant tendance \u00e0 l'embonpoint  Chien atteint de troubles gastro-intestinaux","robots":{"index":"noindex","follow":"nofollow"},"og_locale":"fr_FR","og_type":"article","og_title":"Veterinary Diet (Royal Canin) Dog Gastro Intestinal Moderate Calorie Royal Canin - V\u00e9torino","og_description":"Dog Gastro Intestinal Moderate Calorie est un aliment di\u00e9t\u00e9tique complet formul\u00e9 pour r\u00e9duire les troubles digestifs aigu\u00ebs et de maldigestion du chien. Utilisation :   Chien ayant tendance \u00e0 l'embonpoint  Chien atteint de troubles gastro-intestinaux","og_url":"https:\/\/www.vetorino.com\/veterinaire\/plouzevede-29440\/boutique\/product\/dog-gastro-intestinal-moderate-calorie\/","og_site_name":"V\u00e9torino","article_publisher":"https:\/\/www.facebook.com\/Vetorino\/","article_modified_time":"2025-11-05T14:13:00+00:00","og_image":[{"width":800,"height":800,"url":"https:\/\/www.vetorino.com\/boutique\/wp-content\/uploads\/2020\/03\/dog-gastro-intestinal-moderate-calorie.png","type":"image\/png"}],"twitter_card":"summary_large_image","twitter_misc":{"Disponibilit\u00e9":"En stock"},"schema":{"@context":"https:\/\/schema.org","@graph":[{"@type":"WebPage","@id":"https:\/\/www.vetorino.com\/veterinaire\/briancon-05100\/boutique\/product\/dog-gastro-intestinal-moderate-calorie\/","url":"https:\/\/www.vetorino.com\/veterinaire\/briancon-05100\/boutique\/product\/dog-gastro-intestinal-moderate-calorie\/","name":"Veterinary Diet (Royal Canin) Dog Gastro Intestinal Moderate Calorie Royal Canin - V\u00e9torino","isPartOf":{"@id":"https:\/\/www.vetorino.com\/boutique\/#website"},"primaryImageOfPage":{"@id":"https:\/\/www.vetorino.com\/veterinaire\/briancon-05100\/boutique\/product\/dog-gastro-intestinal-moderate-calorie\/#primaryimage"},"image":{"@id":"https:\/\/www.vetorino.com\/veterinaire\/briancon-05100\/boutique\/product\/dog-gastro-intestinal-moderate-calorie\/#primaryimage"},"thumbnailUrl":"https:\/\/www.vetorino.com\/boutique\/wp-content\/uploads\/2020\/03\/dog-gastro-intestinal-moderate-calorie.png","datePublished":"2020-03-04T22:09:10+00:00","dateModified":"2025-11-05T14:13:00+00:00","description":"Dog Gastro Intestinal Moderate Calorie est un aliment di\u00e9t\u00e9tique complet formul\u00e9 pour r\u00e9duire les troubles digestifs aigu\u00ebs et de maldigestion du chien. Utilisation : Chien ayant tendance \u00e0 l'embonpoint Chien atteint de troubles gastro-intestinaux","breadcrumb":{"@id":"https:\/\/www.vetorino.com\/veterinaire\/briancon-05100\/boutique\/product\/dog-gastro-intestinal-moderate-calorie\/#breadcrumb"},"inLanguage":"fr-FR","potentialAction":[{"@type":"ReadAction","target":["https:\/\/www.vetorino.com\/veterinaire\/briancon-05100\/boutique\/product\/dog-gastro-intestinal-moderate-calorie\/"]}]},{"@type":"ImageObject","inLanguage":"fr-FR","@id":"https:\/\/www.vetorino.com\/veterinaire\/briancon-05100\/boutique\/product\/dog-gastro-intestinal-moderate-calorie\/#primaryimage","url":"https:\/\/www.vetorino.com\/boutique\/wp-content\/uploads\/2020\/03\/dog-gastro-intestinal-moderate-calorie.png","contentUrl":"https:\/\/www.vetorino.com\/boutique\/wp-content\/uploads\/2020\/03\/dog-gastro-intestinal-moderate-calorie.png","width":800,"height":800,"caption":"croquettes Royal Canin dog gastro-intestinal moderate calorie"},{"@type":"BreadcrumbList","@id":"https:\/\/www.vetorino.com\/veterinaire\/briancon-05100\/boutique\/product\/dog-gastro-intestinal-moderate-calorie\/#breadcrumb","itemListElement":[{"@type":"ListItem","position":1,"name":"Accueil","item":"https:\/\/www.vetorino.com\/boutique\/"},{"@type":"ListItem","position":2,"name":"Produits","item":"https:\/\/www.vetorino.com\/boutique\/"},{"@type":"ListItem","position":3,"name":"Dog Gastro Intestinal Moderate Calorie"}]},{"@type":"WebSite","@id":"https:\/\/www.vetorino.com\/boutique\/#website","url":"https:\/\/www.vetorino.com\/boutique\/","name":"V\u00e9torino","description":"","publisher":{"@id":"https:\/\/www.vetorino.com\/boutique\/#organization"},"potentialAction":[{"@type":"SearchAction","target":{"@type":"EntryPoint","urlTemplate":"https:\/\/www.vetorino.com\/boutique\/?s={search_term_string}"},"query-input":{"@type":"PropertyValueSpecification","valueRequired":true,"valueName":"search_term_string"}}],"inLanguage":"fr-FR"},{"@type":"Organization","@id":"https:\/\/www.vetorino.com\/boutique\/#organization","name":"V\u00e9torino","url":"https:\/\/www.vetorino.com\/boutique\/","logo":{"@type":"ImageObject","inLanguage":"fr-FR","@id":"https:\/\/www.vetorino.com\/boutique\/#\/schema\/logo\/image\/","url":"https:\/\/www.vetorino.com\/boutique\/wp-content\/uploads\/2024\/10\/logo.jpg","contentUrl":"https:\/\/www.vetorino.com\/boutique\/wp-content\/uploads\/2024\/10\/logo.jpg","width":1200,"height":610,"caption":"V\u00e9torino"},"image":{"@id":"https:\/\/www.vetorino.com\/boutique\/#\/schema\/logo\/image\/"},"sameAs":["https:\/\/www.facebook.com\/Vetorino\/","https:\/\/www.instagram.com\/vetorino_off\/","https:\/\/www.linkedin.com\/company\/vtorino\/"]}]},"product_brand":"Royal Canin","og_availability":"instock","product_availability":"instock","product_condition":"new"},"_links":{"self":[{"href":"https:\/\/www.vetorino.com\/veterinaire\/plouzevede-29440\/boutique\/wp-json\/wp\/v2\/product\/36586","targetHints":{"allow":["GET"]}}],"collection":[{"href":"https:\/\/www.vetorino.com\/veterinaire\/plouzevede-29440\/boutique\/wp-json\/wp\/v2\/product"}],"about":[{"href":"https:\/\/www.vetorino.com\/veterinaire\/plouzevede-29440\/boutique\/wp-json\/wp\/v2\/types\/product"}],"wp:featuredmedia":[{"embeddable":true,"href":"https:\/\/www.vetorino.com\/veterinaire\/plouzevede-29440\/boutique\/wp-json\/wp\/v2\/media\/198161"}],"wp:attachment":[{"href":"https:\/\/www.vetorino.com\/veterinaire\/plouzevede-29440\/boutique\/wp-json\/wp\/v2\/media?parent=36586"}],"wp:term":[{"taxonomy":"product_cat","embeddable":true,"href":"https:\/\/www.vetorino.com\/veterinaire\/plouzevede-29440\/boutique\/wp-json\/wp\/v2\/product_cat?post=36586"},{"taxonomy":"product_tag","embeddable":true,"href":"https:\/\/www.vetorino.com\/veterinaire\/plouzevede-29440\/boutique\/wp-json\/wp\/v2\/product_tag?post=36586"}],"curies":[{"name":"wp","href":"https:\/\/api.w.org\/{rel}","templated":true}]}}