{"id":36753,"date":"2020-03-04T23:10:10","date_gmt":"2020-03-04T22:10:10","guid":{"rendered":"https:\/\/www.vetorino.com\/boutique\/product\/sofcanis-senior\/"},"modified":"2025-08-06T15:55:16","modified_gmt":"2025-08-06T13:55:16","slug":"sofcanis-senior","status":"publish","type":"product","link":"https:\/\/www.vetorino.com\/veterinaire\/plouzevede-29440\/boutique\/product\/sofcanis-senior\/","title":{"rendered":"Sofcanis Senior &#8211; chien"},"content":{"rendered":"<div class=\"hidden\">\n<p><strong>Sofcanis canin senior permet de conserver un fonctionnement c\u00e9r\u00e9bral optimal.<\/strong><\/p>\n<p>Allonge l&#8217;esp\u00e9rance de vie en maintenant les d\u00e9fenses immunitaires, un bon fonctionnement cardiaque, l&#8217;\u00e9tat des tissus r\u00e9nal et articulaire.<\/p>\n<p><em><strong>Comment pr\u00e9parer votre animal \u00e0 l\u2019hiver avec une cure de vitamines ?<\/strong><\/em><\/p>\n<p>Comme pour nous, \u00eatre-humain, c\u2019est en hiver que nos chiens et nos chats voient leurs organismes \u00e9prouv\u00e9s, p\u00e9riode souvent favorable \u00e0 une baisse d\u2019immunit\u00e9 et \u00e0 une plus grande sensibilit\u00e9 aux maladies.<\/p>\n<p>Pour les aider \u00e0 passer, en pleine forme, cette p\u00e9riode sensible et les pr\u00e9parer aux changements de temp\u00e9ratures, boostez leur syst\u00e8me immunitaire gr\u00e2ce \u00e0 des cures r\u00e9guli\u00e8res de compl\u00e9ments alimentaires riches en nutriments comme les vitamines, min\u00e9raux, oligo \u00e9l\u00e9ments et acides -gras essentiels comme les Om\u00e9ga 3 et Om\u00e9ga 6.<\/p>\n<p>Nous avons s\u00e9lectionn\u00e9 pour vous de nombreuses r\u00e9f\u00e9rences \u00e9quilibr\u00e9es et de qualit\u00e9 nutritionnelle reconnue. Vous pourrez choisir celle qui sera la plus adapt\u00e9e \u00e0 votre chat ou votre chien en fonction de son \u00e2ge (chaton ou chiot, adulte et s\u00e9nior), son activit\u00e9 physique et ses besoins sp\u00e9cifiques li\u00e9s \u00e0 son propre m\u00e9tabolisme.<\/p>\n<\/div>\n","protected":false},"excerpt":{"rendered":"<p><strong>Sofcanis canin senior permet de conserver un fonctionnement c\u00e9r\u00e9bral optimal.<\/strong><\/p>\n<p>Allonge l&#8217;esp\u00e9rance de vie en maintenant les d\u00e9fenses immunitaires, un bon fonctionnement cardiaque, l&#8217;\u00e9tat des tissus r\u00e9nal et articulaire.<\/p>\n","protected":false},"featured_media":1442543,"template":"","meta":[],"product_cat":[2738,2698],"product_tag":[],"class_list":{"0":"post-36753","1":"product","2":"type-product","3":"status-publish","4":"has-post-thumbnail","6":"product_cat-aliments-complementaires-pour-chien","7":"product_cat-chien","8":"pa_marque-moureau","10":"first","11":"instock","12":"taxable","13":"shipping-taxable","14":"purchasable","15":"product-type-simple"},"yoast_head":"<!-- This site is optimized with the Yoast SEO plugin v27.3 - https:\/\/yoast.com\/product\/yoast-seo-wordpress\/ -->\n<title>Sofcanis Senior - chien Moureau - V\u00e9torino<\/title>\n<meta name=\"description\" content=\"Sofcanis canin senior permet de conserver un fonctionnement c\u00e9r\u00e9bral optimal.  Allonge l&#039;esp\u00e9rance de vie en maintenant les d\u00e9fenses immunitaires, un bon fonctionnement cardiaque, l&#039;\u00e9tat des tissus r\u00e9nal et articulaire.\" \/>\n<meta name=\"robots\" content=\"noindex, nofollow\" \/>\n<meta property=\"og:locale\" content=\"fr_FR\" \/>\n<meta property=\"og:type\" content=\"article\" \/>\n<meta property=\"og:title\" content=\"Sofcanis Senior - chien Moureau - V\u00e9torino\" \/>\n<meta property=\"og:description\" content=\"Sofcanis canin senior permet de conserver un fonctionnement c\u00e9r\u00e9bral optimal.  Allonge l&#039;esp\u00e9rance de vie en maintenant les d\u00e9fenses immunitaires, un bon fonctionnement cardiaque, l&#039;\u00e9tat des tissus r\u00e9nal et articulaire.\" \/>\n<meta property=\"og:url\" content=\"https:\/\/www.vetorino.com\/veterinaire\/plouzevede-29440\/boutique\/product\/sofcanis-senior\/\" \/>\n<meta property=\"og:site_name\" content=\"V\u00e9torino\" \/>\n<meta property=\"article:publisher\" content=\"https:\/\/www.facebook.com\/Vetorino\/\" \/>\n<meta property=\"article:modified_time\" content=\"2025-08-06T13:55:16+00:00\" \/>\n<meta property=\"og:image\" content=\"https:\/\/www.vetorino.com\/boutique\/wp-content\/uploads\/2020\/03\/sofcanis-senior-moureau.jpg\" \/>\n\t<meta property=\"og:image:width\" content=\"1000\" \/>\n\t<meta property=\"og:image:height\" content=\"1000\" \/>\n\t<meta property=\"og:image:type\" content=\"image\/jpeg\" \/>\n<meta name=\"twitter:card\" content=\"summary_large_image\" \/>\n<meta name=\"twitter:label1\" content=\"Prix\" \/>\n\t<meta name=\"twitter:data1\" content=\"19,13&euro;\" \/>\n\t<meta name=\"twitter:label2\" content=\"Disponibilit\u00e9\" \/>\n\t<meta name=\"twitter:data2\" content=\"En stock\" \/>\n<script type=\"application\/ld+json\" class=\"yoast-schema-graph\">{\"@context\":\"https:\\\/\\\/schema.org\",\"@graph\":[{\"@type\":\"WebPage\",\"@id\":\"https:\\\/\\\/www.vetorino.com\\\/boutique\\\/product\\\/sofcanis-senior\\\/\",\"url\":\"https:\\\/\\\/www.vetorino.com\\\/boutique\\\/product\\\/sofcanis-senior\\\/\",\"name\":\"Sofcanis Senior - chien Moureau - V\u00e9torino\",\"isPartOf\":{\"@id\":\"https:\\\/\\\/www.vetorino.com\\\/boutique\\\/#website\"},\"primaryImageOfPage\":{\"@id\":\"https:\\\/\\\/www.vetorino.com\\\/boutique\\\/product\\\/sofcanis-senior\\\/#primaryimage\"},\"image\":{\"@id\":\"https:\\\/\\\/www.vetorino.com\\\/boutique\\\/product\\\/sofcanis-senior\\\/#primaryimage\"},\"thumbnailUrl\":\"https:\\\/\\\/www.vetorino.com\\\/boutique\\\/wp-content\\\/uploads\\\/2020\\\/03\\\/sofcanis-senior-moureau.jpg\",\"datePublished\":\"2020-03-04T22:10:10+00:00\",\"dateModified\":\"2025-08-06T13:55:16+00:00\",\"description\":\"Sofcanis canin senior permet de conserver un fonctionnement c\u00e9r\u00e9bral optimal. Allonge l'esp\u00e9rance de vie en maintenant les d\u00e9fenses immunitaires, un bon fonctionnement cardiaque, l'\u00e9tat des tissus r\u00e9nal et articulaire.\",\"breadcrumb\":{\"@id\":\"https:\\\/\\\/www.vetorino.com\\\/boutique\\\/product\\\/sofcanis-senior\\\/#breadcrumb\"},\"inLanguage\":\"fr-FR\",\"potentialAction\":[{\"@type\":\"ReadAction\",\"target\":[\"https:\\\/\\\/www.vetorino.com\\\/boutique\\\/product\\\/sofcanis-senior\\\/\"]}]},{\"@type\":\"ImageObject\",\"inLanguage\":\"fr-FR\",\"@id\":\"https:\\\/\\\/www.vetorino.com\\\/boutique\\\/product\\\/sofcanis-senior\\\/#primaryimage\",\"url\":\"https:\\\/\\\/www.vetorino.com\\\/boutique\\\/wp-content\\\/uploads\\\/2020\\\/03\\\/sofcanis-senior-moureau.jpg\",\"contentUrl\":\"https:\\\/\\\/www.vetorino.com\\\/boutique\\\/wp-content\\\/uploads\\\/2020\\\/03\\\/sofcanis-senior-moureau.jpg\",\"width\":1000,\"height\":1000},{\"@type\":\"BreadcrumbList\",\"@id\":\"https:\\\/\\\/www.vetorino.com\\\/boutique\\\/product\\\/sofcanis-senior\\\/#breadcrumb\",\"itemListElement\":[{\"@type\":\"ListItem\",\"position\":1,\"name\":\"Accueil\",\"item\":\"https:\\\/\\\/www.vetorino.com\\\/boutique\\\/\"},{\"@type\":\"ListItem\",\"position\":2,\"name\":\"Produits\",\"item\":\"https:\\\/\\\/www.vetorino.com\\\/boutique\\\/\"},{\"@type\":\"ListItem\",\"position\":3,\"name\":\"Sofcanis Senior &#8211; chien\"}]},{\"@type\":\"WebSite\",\"@id\":\"https:\\\/\\\/www.vetorino.com\\\/boutique\\\/#website\",\"url\":\"https:\\\/\\\/www.vetorino.com\\\/boutique\\\/\",\"name\":\"V\u00e9torino\",\"description\":\"\",\"publisher\":{\"@id\":\"https:\\\/\\\/www.vetorino.com\\\/boutique\\\/#organization\"},\"potentialAction\":[{\"@type\":\"SearchAction\",\"target\":{\"@type\":\"EntryPoint\",\"urlTemplate\":\"https:\\\/\\\/www.vetorino.com\\\/boutique\\\/?s={search_term_string}\"},\"query-input\":{\"@type\":\"PropertyValueSpecification\",\"valueRequired\":true,\"valueName\":\"search_term_string\"}}],\"inLanguage\":\"fr-FR\"},{\"@type\":\"Organization\",\"@id\":\"https:\\\/\\\/www.vetorino.com\\\/boutique\\\/#organization\",\"name\":\"V\u00e9torino\",\"url\":\"https:\\\/\\\/www.vetorino.com\\\/boutique\\\/\",\"logo\":{\"@type\":\"ImageObject\",\"inLanguage\":\"fr-FR\",\"@id\":\"https:\\\/\\\/www.vetorino.com\\\/boutique\\\/#\\\/schema\\\/logo\\\/image\\\/\",\"url\":\"https:\\\/\\\/www.vetorino.com\\\/boutique\\\/wp-content\\\/uploads\\\/2024\\\/10\\\/logo.jpg\",\"contentUrl\":\"https:\\\/\\\/www.vetorino.com\\\/boutique\\\/wp-content\\\/uploads\\\/2024\\\/10\\\/logo.jpg\",\"width\":1200,\"height\":610,\"caption\":\"V\u00e9torino\"},\"image\":{\"@id\":\"https:\\\/\\\/www.vetorino.com\\\/boutique\\\/#\\\/schema\\\/logo\\\/image\\\/\"},\"sameAs\":[\"https:\\\/\\\/www.facebook.com\\\/Vetorino\\\/\",\"https:\\\/\\\/www.instagram.com\\\/vetorino_off\\\/\",\"https:\\\/\\\/www.linkedin.com\\\/company\\\/vtorino\\\/\"]}]}<\/script>\n<meta property=\"product:brand\" content=\"Moureau\" \/>\n<meta property=\"product:price:amount\" content=\"19.13\" \/>\n<meta property=\"product:price:currency\" content=\"EUR\" \/>\n<meta property=\"og:availability\" content=\"instock\" \/>\n<meta property=\"product:availability\" content=\"instock\" \/>\n<meta property=\"product:retailer_item_id\" content=\"A-4496245\" \/>\n<meta property=\"product:condition\" content=\"new\" \/>\n<!-- \/ Yoast SEO plugin. -->","yoast_head_json":{"title":"Sofcanis Senior - chien Moureau - V\u00e9torino","description":"Sofcanis canin senior permet de conserver un fonctionnement c\u00e9r\u00e9bral optimal.  Allonge l'esp\u00e9rance de vie en maintenant les d\u00e9fenses immunitaires, un bon fonctionnement cardiaque, l'\u00e9tat des tissus r\u00e9nal et articulaire.","robots":{"index":"noindex","follow":"nofollow"},"og_locale":"fr_FR","og_type":"article","og_title":"Sofcanis Senior - chien Moureau - V\u00e9torino","og_description":"Sofcanis canin senior permet de conserver un fonctionnement c\u00e9r\u00e9bral optimal.  Allonge l'esp\u00e9rance de vie en maintenant les d\u00e9fenses immunitaires, un bon fonctionnement cardiaque, l'\u00e9tat des tissus r\u00e9nal et articulaire.","og_url":"https:\/\/www.vetorino.com\/veterinaire\/plouzevede-29440\/boutique\/product\/sofcanis-senior\/","og_site_name":"V\u00e9torino","article_publisher":"https:\/\/www.facebook.com\/Vetorino\/","article_modified_time":"2025-08-06T13:55:16+00:00","og_image":[{"width":1000,"height":1000,"url":"https:\/\/www.vetorino.com\/boutique\/wp-content\/uploads\/2020\/03\/sofcanis-senior-moureau.jpg","type":"image\/jpeg"}],"twitter_card":"summary_large_image","twitter_misc":{"Prix":"19,13&euro;","Disponibilit\u00e9":"En stock"},"schema":{"@context":"https:\/\/schema.org","@graph":[{"@type":"WebPage","@id":"https:\/\/www.vetorino.com\/boutique\/product\/sofcanis-senior\/","url":"https:\/\/www.vetorino.com\/boutique\/product\/sofcanis-senior\/","name":"Sofcanis Senior - chien Moureau - V\u00e9torino","isPartOf":{"@id":"https:\/\/www.vetorino.com\/boutique\/#website"},"primaryImageOfPage":{"@id":"https:\/\/www.vetorino.com\/boutique\/product\/sofcanis-senior\/#primaryimage"},"image":{"@id":"https:\/\/www.vetorino.com\/boutique\/product\/sofcanis-senior\/#primaryimage"},"thumbnailUrl":"https:\/\/www.vetorino.com\/boutique\/wp-content\/uploads\/2020\/03\/sofcanis-senior-moureau.jpg","datePublished":"2020-03-04T22:10:10+00:00","dateModified":"2025-08-06T13:55:16+00:00","description":"Sofcanis canin senior permet de conserver un fonctionnement c\u00e9r\u00e9bral optimal. Allonge l'esp\u00e9rance de vie en maintenant les d\u00e9fenses immunitaires, un bon fonctionnement cardiaque, l'\u00e9tat des tissus r\u00e9nal et articulaire.","breadcrumb":{"@id":"https:\/\/www.vetorino.com\/boutique\/product\/sofcanis-senior\/#breadcrumb"},"inLanguage":"fr-FR","potentialAction":[{"@type":"ReadAction","target":["https:\/\/www.vetorino.com\/boutique\/product\/sofcanis-senior\/"]}]},{"@type":"ImageObject","inLanguage":"fr-FR","@id":"https:\/\/www.vetorino.com\/boutique\/product\/sofcanis-senior\/#primaryimage","url":"https:\/\/www.vetorino.com\/boutique\/wp-content\/uploads\/2020\/03\/sofcanis-senior-moureau.jpg","contentUrl":"https:\/\/www.vetorino.com\/boutique\/wp-content\/uploads\/2020\/03\/sofcanis-senior-moureau.jpg","width":1000,"height":1000},{"@type":"BreadcrumbList","@id":"https:\/\/www.vetorino.com\/boutique\/product\/sofcanis-senior\/#breadcrumb","itemListElement":[{"@type":"ListItem","position":1,"name":"Accueil","item":"https:\/\/www.vetorino.com\/boutique\/"},{"@type":"ListItem","position":2,"name":"Produits","item":"https:\/\/www.vetorino.com\/boutique\/"},{"@type":"ListItem","position":3,"name":"Sofcanis Senior &#8211; chien"}]},{"@type":"WebSite","@id":"https:\/\/www.vetorino.com\/boutique\/#website","url":"https:\/\/www.vetorino.com\/boutique\/","name":"V\u00e9torino","description":"","publisher":{"@id":"https:\/\/www.vetorino.com\/boutique\/#organization"},"potentialAction":[{"@type":"SearchAction","target":{"@type":"EntryPoint","urlTemplate":"https:\/\/www.vetorino.com\/boutique\/?s={search_term_string}"},"query-input":{"@type":"PropertyValueSpecification","valueRequired":true,"valueName":"search_term_string"}}],"inLanguage":"fr-FR"},{"@type":"Organization","@id":"https:\/\/www.vetorino.com\/boutique\/#organization","name":"V\u00e9torino","url":"https:\/\/www.vetorino.com\/boutique\/","logo":{"@type":"ImageObject","inLanguage":"fr-FR","@id":"https:\/\/www.vetorino.com\/boutique\/#\/schema\/logo\/image\/","url":"https:\/\/www.vetorino.com\/boutique\/wp-content\/uploads\/2024\/10\/logo.jpg","contentUrl":"https:\/\/www.vetorino.com\/boutique\/wp-content\/uploads\/2024\/10\/logo.jpg","width":1200,"height":610,"caption":"V\u00e9torino"},"image":{"@id":"https:\/\/www.vetorino.com\/boutique\/#\/schema\/logo\/image\/"},"sameAs":["https:\/\/www.facebook.com\/Vetorino\/","https:\/\/www.instagram.com\/vetorino_off\/","https:\/\/www.linkedin.com\/company\/vtorino\/"]}]},"product_brand":"Moureau","product_price_amount":"19.13","product_price_currency":"EUR","og_availability":"instock","product_availability":"instock","product_retailer_item_id":"A-4496245","product_condition":"new"},"_links":{"self":[{"href":"https:\/\/www.vetorino.com\/veterinaire\/plouzevede-29440\/boutique\/wp-json\/wp\/v2\/product\/36753","targetHints":{"allow":["GET"]}}],"collection":[{"href":"https:\/\/www.vetorino.com\/veterinaire\/plouzevede-29440\/boutique\/wp-json\/wp\/v2\/product"}],"about":[{"href":"https:\/\/www.vetorino.com\/veterinaire\/plouzevede-29440\/boutique\/wp-json\/wp\/v2\/types\/product"}],"wp:featuredmedia":[{"embeddable":true,"href":"https:\/\/www.vetorino.com\/veterinaire\/plouzevede-29440\/boutique\/wp-json\/wp\/v2\/media\/1442543"}],"wp:attachment":[{"href":"https:\/\/www.vetorino.com\/veterinaire\/plouzevede-29440\/boutique\/wp-json\/wp\/v2\/media?parent=36753"}],"wp:term":[{"taxonomy":"product_cat","embeddable":true,"href":"https:\/\/www.vetorino.com\/veterinaire\/plouzevede-29440\/boutique\/wp-json\/wp\/v2\/product_cat?post=36753"},{"taxonomy":"product_tag","embeddable":true,"href":"https:\/\/www.vetorino.com\/veterinaire\/plouzevede-29440\/boutique\/wp-json\/wp\/v2\/product_tag?post=36753"}],"curies":[{"name":"wp","href":"https:\/\/api.w.org\/{rel}","templated":true}]}}