{"id":36913,"date":"2020-03-04T23:11:06","date_gmt":"2020-03-04T22:11:06","guid":{"rendered":"https:\/\/www.vetorino.com\/boutique\/product\/pet-phos-croissance-ca-p2-chien\/"},"modified":"2025-05-16T14:55:34","modified_gmt":"2025-05-16T12:55:34","slug":"pet-phos-croissance-ca-p2-chien","status":"publish","type":"product","link":"https:\/\/www.vetorino.com\/veterinaire\/plouzevede-29440\/boutique\/product\/pet-phos-croissance-ca-p2-chien\/","title":{"rendered":"Pet-Phos Croissance Ca\/P=2 Chien"},"content":{"rendered":"<p><strong>Les chiens en phase de croissance<\/strong> ainsi que\u00a0<strong>les<\/strong> <strong>chiennes en gestation et allaitantes<\/strong> ont des besoins nutritionnels plus importants.<\/p>\n<p>Il est donc essentiel de leur garantir un apport suffisant en min\u00e9raux, vitamines et oligo-\u00e9l\u00e9ments. Le compl\u00e9ment alimentaire Pet-Phos Croissance Ca\/P=2 a \u00e9t\u00e9 sp\u00e9cialement d\u00e9velopp\u00e9 pour ces \u00e9tapes de la vie de votre chien.<\/p>\n<p>Le compl\u00e9ment alimentaire Pet-Phos Croissance Ca\/P=2 pour chien contient entre autres de la\u00a0<strong>vitamine A, de la biotine, du zinc et de l&#8217;acide linol\u00e9ique<\/strong>. Sa composition a \u00e9t\u00e9 mise au point pour\u00a0<strong>soutenir\u00a0la fonction h\u00e9patique\u00a0<\/strong>et\u00a0contribuer \u00e0 la beaut\u00e9 de la peau et du pelage de votre compagnon. La\u00a0<strong>teneur en min\u00e9raux \u00e9quilibr\u00e9e\u00a0<\/strong>de ce compl\u00e9ment alimentaire\u00a0se traduit par un apport optimal en calcium pour votre chien.<\/p>\n<p><strong>Caract\u00e9ristiques de Pet-Phos Croissance Ca\/P=2 pour chien :<\/strong><\/p>\n<ul>\n<li>compl\u00e9ment alimentaire pour chien<\/li>\n<li>id\u00e9al pour les chiots en p\u00e9riode de croissance et les chiennes allaitantes<\/li>\n<li><strong>soutien de la fonction h\u00e9patique :<\/strong>\u00a0le foie est fortement sollicit\u00e9\u00a0en p\u00e9riode de croissance, de\u00a0lactation ou lors d&#8217;efforts intenses<\/li>\n<li><strong>peau et\u00a0pelage :<\/strong>\u00a0complexe de vitamines et min\u00e9raux \u00e9tudi\u00e9<\/li>\n<li><strong>teneur en min\u00e9raux adapt\u00e9e :<\/strong>\u00a0pour un apport suffisant en calcium<\/li>\n<li><strong>bon go\u00fbt :<\/strong>\u00a0les comprim\u00e9s sont tr\u00e8s bien accept\u00e9s tels quels par de nombreux chiens, mais peuvent aussi \u00eatre \u00e9cras\u00e9s puis m\u00e9lang\u00e9s \u00e0 la nourriture de votre chien<\/li>\n<\/ul>\n","protected":false},"excerpt":{"rendered":"<p><strong>Les chiens en phase de croissance<\/strong> ainsi que\u00a0<strong>les<\/strong> <strong>chiennes en gestation et allaitantes<\/strong> ont des besoins nutritionnels plus importants.<\/p>\n<p>Il est donc essentiel de leur garantir un apport suffisant en min\u00e9raux, vitamines et oligo-\u00e9l\u00e9ments.<\/p>\n<p>Le compl\u00e9ment alimentaire Pet-Phos Croissance Ca\/P=2 a \u00e9t\u00e9 <strong>sp\u00e9cialement d\u00e9velopp\u00e9 pour ces \u00e9tapes<\/strong> de la vie de votre chien.<\/p>\n","protected":false},"featured_media":1331749,"template":"","meta":[],"product_cat":[12552,2738,2698,12568],"product_tag":[],"class_list":{"0":"post-36913","1":"product","2":"type-product","3":"status-publish","4":"has-post-thumbnail","6":"product_cat-alimentation-du-chien","7":"product_cat-aliments-complementaires-pour-chien","8":"product_cat-chien","9":"product_cat-produit-veterinaire-du-chien","10":"pa_marque-ceva","12":"first","13":"instock","14":"taxable","15":"shipping-taxable","16":"purchasable","17":"product-type-variable"},"yoast_head":"<!-- This site is optimized with the Yoast SEO plugin v27.3 - https:\/\/yoast.com\/product\/yoast-seo-wordpress\/ -->\n<title>Pet-Phos Croissance Ca\/P=2 Chien Ceva - V\u00e9torino<\/title>\n<meta name=\"description\" content=\"Les chiens en phase de croissance ainsi que\u00a0les chiennes en gestation et allaitantes ont des besoins nutritionnels plus importants.  Il est donc essentiel de leur garantir un apport suffisant en min\u00e9raux, vitamines et oligo-\u00e9l\u00e9ments.  Le compl\u00e9ment alimentaire Pet-Phos Croissance Ca\/P=2 a \u00e9t\u00e9 sp\u00e9cialement d\u00e9velopp\u00e9 pour ces \u00e9tapes de la vie de votre chien.\" \/>\n<meta name=\"robots\" content=\"noindex, nofollow\" \/>\n<meta property=\"og:locale\" content=\"fr_FR\" \/>\n<meta property=\"og:type\" content=\"article\" \/>\n<meta property=\"og:title\" content=\"Pet-Phos Croissance Ca\/P=2 Chien Ceva - V\u00e9torino\" \/>\n<meta property=\"og:description\" content=\"Les chiens en phase de croissance ainsi que\u00a0les chiennes en gestation et allaitantes ont des besoins nutritionnels plus importants.  Il est donc essentiel de leur garantir un apport suffisant en min\u00e9raux, vitamines et oligo-\u00e9l\u00e9ments.  Le compl\u00e9ment alimentaire Pet-Phos Croissance Ca\/P=2 a \u00e9t\u00e9 sp\u00e9cialement d\u00e9velopp\u00e9 pour ces \u00e9tapes de la vie de votre chien.\" \/>\n<meta property=\"og:url\" content=\"https:\/\/www.vetorino.com\/veterinaire\/plouzevede-29440\/boutique\/product\/pet-phos-croissance-ca-p2-chien\/\" \/>\n<meta property=\"og:site_name\" content=\"V\u00e9torino\" \/>\n<meta property=\"article:publisher\" content=\"https:\/\/www.facebook.com\/Vetorino\/\" \/>\n<meta property=\"article:modified_time\" content=\"2025-05-16T12:55:34+00:00\" \/>\n<meta property=\"og:image\" content=\"https:\/\/www.vetorino.com\/boutique\/wp-content\/uploads\/2020\/03\/petphos.jpg\" \/>\n\t<meta property=\"og:image:width\" content=\"800\" \/>\n\t<meta property=\"og:image:height\" content=\"800\" \/>\n\t<meta property=\"og:image:type\" content=\"image\/jpeg\" \/>\n<meta name=\"twitter:card\" content=\"summary_large_image\" \/>\n<meta name=\"twitter:label1\" content=\"Disponibilit\u00e9\" \/>\n\t<meta name=\"twitter:data1\" content=\"En stock\" \/>\n<script type=\"application\/ld+json\" class=\"yoast-schema-graph\">{\"@context\":\"https:\\\/\\\/schema.org\",\"@graph\":[{\"@type\":\"WebPage\",\"@id\":\"https:\\\/\\\/www.vetorino.com\\\/boutique\\\/product\\\/pet-phos-croissance-ca-p2-chien\\\/\",\"url\":\"https:\\\/\\\/www.vetorino.com\\\/boutique\\\/product\\\/pet-phos-croissance-ca-p2-chien\\\/\",\"name\":\"Pet-Phos Croissance Ca\\\/P=2 Chien Ceva - V\u00e9torino\",\"isPartOf\":{\"@id\":\"https:\\\/\\\/www.vetorino.com\\\/boutique\\\/#website\"},\"primaryImageOfPage\":{\"@id\":\"https:\\\/\\\/www.vetorino.com\\\/boutique\\\/product\\\/pet-phos-croissance-ca-p2-chien\\\/#primaryimage\"},\"image\":{\"@id\":\"https:\\\/\\\/www.vetorino.com\\\/boutique\\\/product\\\/pet-phos-croissance-ca-p2-chien\\\/#primaryimage\"},\"thumbnailUrl\":\"https:\\\/\\\/www.vetorino.com\\\/boutique\\\/wp-content\\\/uploads\\\/2020\\\/03\\\/petphos.jpg\",\"datePublished\":\"2020-03-04T22:11:06+00:00\",\"dateModified\":\"2025-05-16T12:55:34+00:00\",\"description\":\"Les chiens en phase de croissance ainsi que\u00a0les chiennes en gestation et allaitantes ont des besoins nutritionnels plus importants. Il est donc essentiel de leur garantir un apport suffisant en min\u00e9raux, vitamines et oligo-\u00e9l\u00e9ments. Le compl\u00e9ment alimentaire Pet-Phos Croissance Ca\\\/P=2 a \u00e9t\u00e9 sp\u00e9cialement d\u00e9velopp\u00e9 pour ces \u00e9tapes de la vie de votre chien.\",\"breadcrumb\":{\"@id\":\"https:\\\/\\\/www.vetorino.com\\\/boutique\\\/product\\\/pet-phos-croissance-ca-p2-chien\\\/#breadcrumb\"},\"inLanguage\":\"fr-FR\",\"potentialAction\":[{\"@type\":\"ReadAction\",\"target\":[\"https:\\\/\\\/www.vetorino.com\\\/boutique\\\/product\\\/pet-phos-croissance-ca-p2-chien\\\/\"]}]},{\"@type\":\"ImageObject\",\"inLanguage\":\"fr-FR\",\"@id\":\"https:\\\/\\\/www.vetorino.com\\\/boutique\\\/product\\\/pet-phos-croissance-ca-p2-chien\\\/#primaryimage\",\"url\":\"https:\\\/\\\/www.vetorino.com\\\/boutique\\\/wp-content\\\/uploads\\\/2020\\\/03\\\/petphos.jpg\",\"contentUrl\":\"https:\\\/\\\/www.vetorino.com\\\/boutique\\\/wp-content\\\/uploads\\\/2020\\\/03\\\/petphos.jpg\",\"width\":800,\"height\":800},{\"@type\":\"BreadcrumbList\",\"@id\":\"https:\\\/\\\/www.vetorino.com\\\/boutique\\\/product\\\/pet-phos-croissance-ca-p2-chien\\\/#breadcrumb\",\"itemListElement\":[{\"@type\":\"ListItem\",\"position\":1,\"name\":\"Accueil\",\"item\":\"https:\\\/\\\/www.vetorino.com\\\/boutique\\\/\"},{\"@type\":\"ListItem\",\"position\":2,\"name\":\"Produits\",\"item\":\"https:\\\/\\\/www.vetorino.com\\\/boutique\\\/\"},{\"@type\":\"ListItem\",\"position\":3,\"name\":\"Pet-Phos Croissance Ca\\\/P=2 Chien\"}]},{\"@type\":\"WebSite\",\"@id\":\"https:\\\/\\\/www.vetorino.com\\\/boutique\\\/#website\",\"url\":\"https:\\\/\\\/www.vetorino.com\\\/boutique\\\/\",\"name\":\"V\u00e9torino\",\"description\":\"\",\"publisher\":{\"@id\":\"https:\\\/\\\/www.vetorino.com\\\/boutique\\\/#organization\"},\"potentialAction\":[{\"@type\":\"SearchAction\",\"target\":{\"@type\":\"EntryPoint\",\"urlTemplate\":\"https:\\\/\\\/www.vetorino.com\\\/boutique\\\/?s={search_term_string}\"},\"query-input\":{\"@type\":\"PropertyValueSpecification\",\"valueRequired\":true,\"valueName\":\"search_term_string\"}}],\"inLanguage\":\"fr-FR\"},{\"@type\":\"Organization\",\"@id\":\"https:\\\/\\\/www.vetorino.com\\\/boutique\\\/#organization\",\"name\":\"V\u00e9torino\",\"url\":\"https:\\\/\\\/www.vetorino.com\\\/boutique\\\/\",\"logo\":{\"@type\":\"ImageObject\",\"inLanguage\":\"fr-FR\",\"@id\":\"https:\\\/\\\/www.vetorino.com\\\/boutique\\\/#\\\/schema\\\/logo\\\/image\\\/\",\"url\":\"https:\\\/\\\/www.vetorino.com\\\/boutique\\\/wp-content\\\/uploads\\\/2024\\\/10\\\/logo.jpg\",\"contentUrl\":\"https:\\\/\\\/www.vetorino.com\\\/boutique\\\/wp-content\\\/uploads\\\/2024\\\/10\\\/logo.jpg\",\"width\":1200,\"height\":610,\"caption\":\"V\u00e9torino\"},\"image\":{\"@id\":\"https:\\\/\\\/www.vetorino.com\\\/boutique\\\/#\\\/schema\\\/logo\\\/image\\\/\"},\"sameAs\":[\"https:\\\/\\\/www.facebook.com\\\/Vetorino\\\/\",\"https:\\\/\\\/www.instagram.com\\\/vetorino_off\\\/\",\"https:\\\/\\\/www.linkedin.com\\\/company\\\/vtorino\\\/\"]}]}<\/script>\n<meta property=\"product:brand\" content=\"Ceva\" \/>\n<meta property=\"og:availability\" content=\"instock\" \/>\n<meta property=\"product:availability\" content=\"instock\" \/>\n<meta property=\"product:condition\" content=\"new\" \/>\n<!-- \/ Yoast SEO plugin. -->","yoast_head_json":{"title":"Pet-Phos Croissance Ca\/P=2 Chien Ceva - V\u00e9torino","description":"Les chiens en phase de croissance ainsi que\u00a0les chiennes en gestation et allaitantes ont des besoins nutritionnels plus importants.  Il est donc essentiel de leur garantir un apport suffisant en min\u00e9raux, vitamines et oligo-\u00e9l\u00e9ments.  Le compl\u00e9ment alimentaire Pet-Phos Croissance Ca\/P=2 a \u00e9t\u00e9 sp\u00e9cialement d\u00e9velopp\u00e9 pour ces \u00e9tapes de la vie de votre chien.","robots":{"index":"noindex","follow":"nofollow"},"og_locale":"fr_FR","og_type":"article","og_title":"Pet-Phos Croissance Ca\/P=2 Chien Ceva - V\u00e9torino","og_description":"Les chiens en phase de croissance ainsi que\u00a0les chiennes en gestation et allaitantes ont des besoins nutritionnels plus importants.  Il est donc essentiel de leur garantir un apport suffisant en min\u00e9raux, vitamines et oligo-\u00e9l\u00e9ments.  Le compl\u00e9ment alimentaire Pet-Phos Croissance Ca\/P=2 a \u00e9t\u00e9 sp\u00e9cialement d\u00e9velopp\u00e9 pour ces \u00e9tapes de la vie de votre chien.","og_url":"https:\/\/www.vetorino.com\/veterinaire\/plouzevede-29440\/boutique\/product\/pet-phos-croissance-ca-p2-chien\/","og_site_name":"V\u00e9torino","article_publisher":"https:\/\/www.facebook.com\/Vetorino\/","article_modified_time":"2025-05-16T12:55:34+00:00","og_image":[{"width":800,"height":800,"url":"https:\/\/www.vetorino.com\/boutique\/wp-content\/uploads\/2020\/03\/petphos.jpg","type":"image\/jpeg"}],"twitter_card":"summary_large_image","twitter_misc":{"Disponibilit\u00e9":"En stock"},"schema":{"@context":"https:\/\/schema.org","@graph":[{"@type":"WebPage","@id":"https:\/\/www.vetorino.com\/boutique\/product\/pet-phos-croissance-ca-p2-chien\/","url":"https:\/\/www.vetorino.com\/boutique\/product\/pet-phos-croissance-ca-p2-chien\/","name":"Pet-Phos Croissance Ca\/P=2 Chien Ceva - V\u00e9torino","isPartOf":{"@id":"https:\/\/www.vetorino.com\/boutique\/#website"},"primaryImageOfPage":{"@id":"https:\/\/www.vetorino.com\/boutique\/product\/pet-phos-croissance-ca-p2-chien\/#primaryimage"},"image":{"@id":"https:\/\/www.vetorino.com\/boutique\/product\/pet-phos-croissance-ca-p2-chien\/#primaryimage"},"thumbnailUrl":"https:\/\/www.vetorino.com\/boutique\/wp-content\/uploads\/2020\/03\/petphos.jpg","datePublished":"2020-03-04T22:11:06+00:00","dateModified":"2025-05-16T12:55:34+00:00","description":"Les chiens en phase de croissance ainsi que\u00a0les chiennes en gestation et allaitantes ont des besoins nutritionnels plus importants. Il est donc essentiel de leur garantir un apport suffisant en min\u00e9raux, vitamines et oligo-\u00e9l\u00e9ments. Le compl\u00e9ment alimentaire Pet-Phos Croissance Ca\/P=2 a \u00e9t\u00e9 sp\u00e9cialement d\u00e9velopp\u00e9 pour ces \u00e9tapes de la vie de votre chien.","breadcrumb":{"@id":"https:\/\/www.vetorino.com\/boutique\/product\/pet-phos-croissance-ca-p2-chien\/#breadcrumb"},"inLanguage":"fr-FR","potentialAction":[{"@type":"ReadAction","target":["https:\/\/www.vetorino.com\/boutique\/product\/pet-phos-croissance-ca-p2-chien\/"]}]},{"@type":"ImageObject","inLanguage":"fr-FR","@id":"https:\/\/www.vetorino.com\/boutique\/product\/pet-phos-croissance-ca-p2-chien\/#primaryimage","url":"https:\/\/www.vetorino.com\/boutique\/wp-content\/uploads\/2020\/03\/petphos.jpg","contentUrl":"https:\/\/www.vetorino.com\/boutique\/wp-content\/uploads\/2020\/03\/petphos.jpg","width":800,"height":800},{"@type":"BreadcrumbList","@id":"https:\/\/www.vetorino.com\/boutique\/product\/pet-phos-croissance-ca-p2-chien\/#breadcrumb","itemListElement":[{"@type":"ListItem","position":1,"name":"Accueil","item":"https:\/\/www.vetorino.com\/boutique\/"},{"@type":"ListItem","position":2,"name":"Produits","item":"https:\/\/www.vetorino.com\/boutique\/"},{"@type":"ListItem","position":3,"name":"Pet-Phos Croissance Ca\/P=2 Chien"}]},{"@type":"WebSite","@id":"https:\/\/www.vetorino.com\/boutique\/#website","url":"https:\/\/www.vetorino.com\/boutique\/","name":"V\u00e9torino","description":"","publisher":{"@id":"https:\/\/www.vetorino.com\/boutique\/#organization"},"potentialAction":[{"@type":"SearchAction","target":{"@type":"EntryPoint","urlTemplate":"https:\/\/www.vetorino.com\/boutique\/?s={search_term_string}"},"query-input":{"@type":"PropertyValueSpecification","valueRequired":true,"valueName":"search_term_string"}}],"inLanguage":"fr-FR"},{"@type":"Organization","@id":"https:\/\/www.vetorino.com\/boutique\/#organization","name":"V\u00e9torino","url":"https:\/\/www.vetorino.com\/boutique\/","logo":{"@type":"ImageObject","inLanguage":"fr-FR","@id":"https:\/\/www.vetorino.com\/boutique\/#\/schema\/logo\/image\/","url":"https:\/\/www.vetorino.com\/boutique\/wp-content\/uploads\/2024\/10\/logo.jpg","contentUrl":"https:\/\/www.vetorino.com\/boutique\/wp-content\/uploads\/2024\/10\/logo.jpg","width":1200,"height":610,"caption":"V\u00e9torino"},"image":{"@id":"https:\/\/www.vetorino.com\/boutique\/#\/schema\/logo\/image\/"},"sameAs":["https:\/\/www.facebook.com\/Vetorino\/","https:\/\/www.instagram.com\/vetorino_off\/","https:\/\/www.linkedin.com\/company\/vtorino\/"]}]},"product_brand":"Ceva","og_availability":"instock","product_availability":"instock","product_condition":"new"},"_links":{"self":[{"href":"https:\/\/www.vetorino.com\/veterinaire\/plouzevede-29440\/boutique\/wp-json\/wp\/v2\/product\/36913","targetHints":{"allow":["GET"]}}],"collection":[{"href":"https:\/\/www.vetorino.com\/veterinaire\/plouzevede-29440\/boutique\/wp-json\/wp\/v2\/product"}],"about":[{"href":"https:\/\/www.vetorino.com\/veterinaire\/plouzevede-29440\/boutique\/wp-json\/wp\/v2\/types\/product"}],"wp:featuredmedia":[{"embeddable":true,"href":"https:\/\/www.vetorino.com\/veterinaire\/plouzevede-29440\/boutique\/wp-json\/wp\/v2\/media\/1331749"}],"wp:attachment":[{"href":"https:\/\/www.vetorino.com\/veterinaire\/plouzevede-29440\/boutique\/wp-json\/wp\/v2\/media?parent=36913"}],"wp:term":[{"taxonomy":"product_cat","embeddable":true,"href":"https:\/\/www.vetorino.com\/veterinaire\/plouzevede-29440\/boutique\/wp-json\/wp\/v2\/product_cat?post=36913"},{"taxonomy":"product_tag","embeddable":true,"href":"https:\/\/www.vetorino.com\/veterinaire\/plouzevede-29440\/boutique\/wp-json\/wp\/v2\/product_tag?post=36913"}],"curies":[{"name":"wp","href":"https:\/\/api.w.org\/{rel}","templated":true}]}}