{"id":36955,"date":"2020-03-04T23:11:21","date_gmt":"2020-03-04T22:11:21","guid":{"rendered":"https:\/\/www.vetorino.com\/boutique\/product\/sofcanis-croissance-comprimes\/"},"modified":"2024-04-25T10:36:40","modified_gmt":"2024-04-25T08:36:40","slug":"sofcanis-croissance-comprimes","status":"publish","type":"product","link":"https:\/\/www.vetorino.com\/veterinaire\/plouzevede-29440\/boutique\/product\/sofcanis-croissance-comprimes\/","title":{"rendered":"Sofcanis Croissance Comprimes"},"content":{"rendered":"<p><strong>Le compl\u00e9ment alimentaire\u00a0\u00a0en Comprim\u00e9s &#8211; Suppl\u00e9ment Vitalit\u00e9 SOFCANIS Croissance <\/strong>est destin\u00e9 aux chiots de toutes races afin de renforcer leur sant\u00e9 et leur assurer une vitalit\u00e9 quotidienne. Gr\u00e2ce \u00e0 un complexe riche en vitamines, min\u00e9raux, oligo-\u00e9l\u00e9ments et acides amin\u00e9s, <strong>SOFCANIS Croissance<\/strong> renforce le syst\u00e8me immunitaire de votre chiot pour lui permettre de lutter contre les maladies. Il apportera \u00e9galement tous les nutriments essentiels \u00e0 sa construction, pour un bon d\u00e9part dans la vie. Ce compl\u00e9ment est aussi une\u00a0protection contre les attaques bact\u00e9riennes et parasitaires tout en limitant l&#8217;exc\u00e8s de s\u00e9bum et de p\u00e9llicules; votre chiot aura donc une peau saine et un poil brillant.<\/p>\n<p><strong>Mode d&#8217;administration des <\/strong>c<strong>ompl\u00e9ments alimentaires pour chien SOFCANIS Croissance pour chiot:<\/strong><br \/>\n1 comprim\u00e9 journalier\u00a0pour 5kg de poids de corps.<\/p>\n","protected":false},"excerpt":{"rendered":"<p><strong>Sofcanis<\/strong> <strong>croissance<\/strong> est un compl\u00e9ment alimentaire pour soutenir la croissance et compl\u00e9ter l&#8217;alimentation &#8216;m\u00e9nag\u00e8re&#8217; du chiot.<\/p>\n<ul>\n<li>12\u00a0vitamines et ses 8\u00a0min\u00e9raux et oligo-\u00e9l\u00e9ments qui permettent de combler les d\u00e9ficits de la ration m\u00e9nag\u00e8re des chiots en croissance.<\/li>\n<li>Protection de la peau et du pelage.<\/li>\n<\/ul>\n","protected":false},"featured_media":905001,"template":"","meta":[],"product_cat":[12552,2738,2698],"product_tag":[],"class_list":{"0":"post-36955","1":"product","2":"type-product","3":"status-publish","4":"has-post-thumbnail","6":"product_cat-alimentation-du-chien","7":"product_cat-aliments-complementaires-pour-chien","8":"product_cat-chien","9":"pa_marque-moureau","11":"first","12":"instock","13":"taxable","14":"shipping-taxable","15":"purchasable","16":"product-type-variable"},"yoast_head":"<!-- This site is optimized with the Yoast SEO plugin v27.3 - https:\/\/yoast.com\/product\/yoast-seo-wordpress\/ -->\n<title>Sofcanis Croissance Comprimes Moureau - V\u00e9torino<\/title>\n<meta name=\"description\" content=\"Sofcanis croissance est un compl\u00e9ment alimentaire pour soutenir la croissance et compl\u00e9ter l&#039;alimentation &#039;m\u00e9nag\u00e8re&#039; du chiot.   12\u00a0vitamines et ses 8\u00a0min\u00e9raux et oligo-\u00e9l\u00e9ments qui permettent de combler les d\u00e9ficits de la ration m\u00e9nag\u00e8re des chiots en croissance.  Protection de la peau et du pelage.\" \/>\n<meta name=\"robots\" content=\"noindex, nofollow\" \/>\n<meta property=\"og:locale\" content=\"fr_FR\" \/>\n<meta property=\"og:type\" content=\"article\" \/>\n<meta property=\"og:title\" content=\"Sofcanis Croissance Comprimes Moureau - V\u00e9torino\" \/>\n<meta property=\"og:description\" content=\"Sofcanis croissance est un compl\u00e9ment alimentaire pour soutenir la croissance et compl\u00e9ter l&#039;alimentation &#039;m\u00e9nag\u00e8re&#039; du chiot.   12\u00a0vitamines et ses 8\u00a0min\u00e9raux et oligo-\u00e9l\u00e9ments qui permettent de combler les d\u00e9ficits de la ration m\u00e9nag\u00e8re des chiots en croissance.  Protection de la peau et du pelage.\" \/>\n<meta property=\"og:url\" content=\"https:\/\/www.vetorino.com\/veterinaire\/plouzevede-29440\/boutique\/product\/sofcanis-croissance-comprimes\/\" \/>\n<meta property=\"og:site_name\" content=\"V\u00e9torino\" \/>\n<meta property=\"article:publisher\" content=\"https:\/\/www.facebook.com\/Vetorino\/\" \/>\n<meta property=\"article:modified_time\" content=\"2024-04-25T08:36:40+00:00\" \/>\n<meta property=\"og:image\" content=\"https:\/\/www.vetorino.com\/boutique\/wp-content\/uploads\/2020\/03\/xl_258502e4a16930e414107ee22b6198c578f1575015771.webp\" \/>\n\t<meta property=\"og:image:width\" content=\"800\" \/>\n\t<meta property=\"og:image:height\" content=\"800\" \/>\n\t<meta property=\"og:image:type\" content=\"image\/webp\" \/>\n<meta name=\"twitter:card\" content=\"summary_large_image\" \/>\n<meta name=\"twitter:label1\" content=\"Disponibilit\u00e9\" \/>\n\t<meta name=\"twitter:data1\" content=\"En stock\" \/>\n<script type=\"application\/ld+json\" class=\"yoast-schema-graph\">{\"@context\":\"https:\\\/\\\/schema.org\",\"@graph\":[{\"@type\":\"WebPage\",\"@id\":\"https:\\\/\\\/www.vetorino.com\\\/boutique\\\/product\\\/sofcanis-croissance-comprimes\\\/\",\"url\":\"https:\\\/\\\/www.vetorino.com\\\/boutique\\\/product\\\/sofcanis-croissance-comprimes\\\/\",\"name\":\"Sofcanis Croissance Comprimes Moureau - V\u00e9torino\",\"isPartOf\":{\"@id\":\"https:\\\/\\\/www.vetorino.com\\\/boutique\\\/#website\"},\"primaryImageOfPage\":{\"@id\":\"https:\\\/\\\/www.vetorino.com\\\/boutique\\\/product\\\/sofcanis-croissance-comprimes\\\/#primaryimage\"},\"image\":{\"@id\":\"https:\\\/\\\/www.vetorino.com\\\/boutique\\\/product\\\/sofcanis-croissance-comprimes\\\/#primaryimage\"},\"thumbnailUrl\":\"https:\\\/\\\/www.vetorino.com\\\/boutique\\\/wp-content\\\/uploads\\\/2020\\\/03\\\/xl_258502e4a16930e414107ee22b6198c578f1575015771.webp\",\"datePublished\":\"2020-03-04T22:11:21+00:00\",\"dateModified\":\"2024-04-25T08:36:40+00:00\",\"description\":\"Sofcanis croissance est un compl\u00e9ment alimentaire pour soutenir la croissance et compl\u00e9ter l'alimentation 'm\u00e9nag\u00e8re' du chiot. 12\u00a0vitamines et ses 8\u00a0min\u00e9raux et oligo-\u00e9l\u00e9ments qui permettent de combler les d\u00e9ficits de la ration m\u00e9nag\u00e8re des chiots en croissance. Protection de la peau et du pelage.\",\"breadcrumb\":{\"@id\":\"https:\\\/\\\/www.vetorino.com\\\/boutique\\\/product\\\/sofcanis-croissance-comprimes\\\/#breadcrumb\"},\"inLanguage\":\"fr-FR\",\"potentialAction\":[{\"@type\":\"ReadAction\",\"target\":[\"https:\\\/\\\/www.vetorino.com\\\/boutique\\\/product\\\/sofcanis-croissance-comprimes\\\/\"]}]},{\"@type\":\"ImageObject\",\"inLanguage\":\"fr-FR\",\"@id\":\"https:\\\/\\\/www.vetorino.com\\\/boutique\\\/product\\\/sofcanis-croissance-comprimes\\\/#primaryimage\",\"url\":\"https:\\\/\\\/www.vetorino.com\\\/boutique\\\/wp-content\\\/uploads\\\/2020\\\/03\\\/xl_258502e4a16930e414107ee22b6198c578f1575015771.webp\",\"contentUrl\":\"https:\\\/\\\/www.vetorino.com\\\/boutique\\\/wp-content\\\/uploads\\\/2020\\\/03\\\/xl_258502e4a16930e414107ee22b6198c578f1575015771.webp\",\"width\":800,\"height\":800},{\"@type\":\"BreadcrumbList\",\"@id\":\"https:\\\/\\\/www.vetorino.com\\\/boutique\\\/product\\\/sofcanis-croissance-comprimes\\\/#breadcrumb\",\"itemListElement\":[{\"@type\":\"ListItem\",\"position\":1,\"name\":\"Accueil\",\"item\":\"https:\\\/\\\/www.vetorino.com\\\/boutique\\\/\"},{\"@type\":\"ListItem\",\"position\":2,\"name\":\"Produits\",\"item\":\"https:\\\/\\\/www.vetorino.com\\\/boutique\\\/\"},{\"@type\":\"ListItem\",\"position\":3,\"name\":\"Sofcanis Croissance Comprimes\"}]},{\"@type\":\"WebSite\",\"@id\":\"https:\\\/\\\/www.vetorino.com\\\/boutique\\\/#website\",\"url\":\"https:\\\/\\\/www.vetorino.com\\\/boutique\\\/\",\"name\":\"V\u00e9torino\",\"description\":\"\",\"publisher\":{\"@id\":\"https:\\\/\\\/www.vetorino.com\\\/boutique\\\/#organization\"},\"potentialAction\":[{\"@type\":\"SearchAction\",\"target\":{\"@type\":\"EntryPoint\",\"urlTemplate\":\"https:\\\/\\\/www.vetorino.com\\\/boutique\\\/?s={search_term_string}\"},\"query-input\":{\"@type\":\"PropertyValueSpecification\",\"valueRequired\":true,\"valueName\":\"search_term_string\"}}],\"inLanguage\":\"fr-FR\"},{\"@type\":\"Organization\",\"@id\":\"https:\\\/\\\/www.vetorino.com\\\/boutique\\\/#organization\",\"name\":\"V\u00e9torino\",\"url\":\"https:\\\/\\\/www.vetorino.com\\\/boutique\\\/\",\"logo\":{\"@type\":\"ImageObject\",\"inLanguage\":\"fr-FR\",\"@id\":\"https:\\\/\\\/www.vetorino.com\\\/boutique\\\/#\\\/schema\\\/logo\\\/image\\\/\",\"url\":\"https:\\\/\\\/www.vetorino.com\\\/boutique\\\/wp-content\\\/uploads\\\/2024\\\/10\\\/logo.jpg\",\"contentUrl\":\"https:\\\/\\\/www.vetorino.com\\\/boutique\\\/wp-content\\\/uploads\\\/2024\\\/10\\\/logo.jpg\",\"width\":1200,\"height\":610,\"caption\":\"V\u00e9torino\"},\"image\":{\"@id\":\"https:\\\/\\\/www.vetorino.com\\\/boutique\\\/#\\\/schema\\\/logo\\\/image\\\/\"},\"sameAs\":[\"https:\\\/\\\/www.facebook.com\\\/Vetorino\\\/\",\"https:\\\/\\\/www.instagram.com\\\/vetorino_off\\\/\",\"https:\\\/\\\/www.linkedin.com\\\/company\\\/vtorino\\\/\"]}]}<\/script>\n<meta property=\"product:brand\" content=\"Moureau\" \/>\n<meta property=\"og:availability\" content=\"instock\" \/>\n<meta property=\"product:availability\" content=\"instock\" \/>\n<meta property=\"product:condition\" content=\"new\" \/>\n<!-- \/ Yoast SEO plugin. -->","yoast_head_json":{"title":"Sofcanis Croissance Comprimes Moureau - V\u00e9torino","description":"Sofcanis croissance est un compl\u00e9ment alimentaire pour soutenir la croissance et compl\u00e9ter l'alimentation 'm\u00e9nag\u00e8re' du chiot.   12\u00a0vitamines et ses 8\u00a0min\u00e9raux et oligo-\u00e9l\u00e9ments qui permettent de combler les d\u00e9ficits de la ration m\u00e9nag\u00e8re des chiots en croissance.  Protection de la peau et du pelage.","robots":{"index":"noindex","follow":"nofollow"},"og_locale":"fr_FR","og_type":"article","og_title":"Sofcanis Croissance Comprimes Moureau - V\u00e9torino","og_description":"Sofcanis croissance est un compl\u00e9ment alimentaire pour soutenir la croissance et compl\u00e9ter l'alimentation 'm\u00e9nag\u00e8re' du chiot.   12\u00a0vitamines et ses 8\u00a0min\u00e9raux et oligo-\u00e9l\u00e9ments qui permettent de combler les d\u00e9ficits de la ration m\u00e9nag\u00e8re des chiots en croissance.  Protection de la peau et du pelage.","og_url":"https:\/\/www.vetorino.com\/veterinaire\/plouzevede-29440\/boutique\/product\/sofcanis-croissance-comprimes\/","og_site_name":"V\u00e9torino","article_publisher":"https:\/\/www.facebook.com\/Vetorino\/","article_modified_time":"2024-04-25T08:36:40+00:00","og_image":[{"width":800,"height":800,"url":"https:\/\/www.vetorino.com\/boutique\/wp-content\/uploads\/2020\/03\/xl_258502e4a16930e414107ee22b6198c578f1575015771.webp","type":"image\/webp"}],"twitter_card":"summary_large_image","twitter_misc":{"Disponibilit\u00e9":"En stock"},"schema":{"@context":"https:\/\/schema.org","@graph":[{"@type":"WebPage","@id":"https:\/\/www.vetorino.com\/boutique\/product\/sofcanis-croissance-comprimes\/","url":"https:\/\/www.vetorino.com\/boutique\/product\/sofcanis-croissance-comprimes\/","name":"Sofcanis Croissance Comprimes Moureau - V\u00e9torino","isPartOf":{"@id":"https:\/\/www.vetorino.com\/boutique\/#website"},"primaryImageOfPage":{"@id":"https:\/\/www.vetorino.com\/boutique\/product\/sofcanis-croissance-comprimes\/#primaryimage"},"image":{"@id":"https:\/\/www.vetorino.com\/boutique\/product\/sofcanis-croissance-comprimes\/#primaryimage"},"thumbnailUrl":"https:\/\/www.vetorino.com\/boutique\/wp-content\/uploads\/2020\/03\/xl_258502e4a16930e414107ee22b6198c578f1575015771.webp","datePublished":"2020-03-04T22:11:21+00:00","dateModified":"2024-04-25T08:36:40+00:00","description":"Sofcanis croissance est un compl\u00e9ment alimentaire pour soutenir la croissance et compl\u00e9ter l'alimentation 'm\u00e9nag\u00e8re' du chiot. 12\u00a0vitamines et ses 8\u00a0min\u00e9raux et oligo-\u00e9l\u00e9ments qui permettent de combler les d\u00e9ficits de la ration m\u00e9nag\u00e8re des chiots en croissance. Protection de la peau et du pelage.","breadcrumb":{"@id":"https:\/\/www.vetorino.com\/boutique\/product\/sofcanis-croissance-comprimes\/#breadcrumb"},"inLanguage":"fr-FR","potentialAction":[{"@type":"ReadAction","target":["https:\/\/www.vetorino.com\/boutique\/product\/sofcanis-croissance-comprimes\/"]}]},{"@type":"ImageObject","inLanguage":"fr-FR","@id":"https:\/\/www.vetorino.com\/boutique\/product\/sofcanis-croissance-comprimes\/#primaryimage","url":"https:\/\/www.vetorino.com\/boutique\/wp-content\/uploads\/2020\/03\/xl_258502e4a16930e414107ee22b6198c578f1575015771.webp","contentUrl":"https:\/\/www.vetorino.com\/boutique\/wp-content\/uploads\/2020\/03\/xl_258502e4a16930e414107ee22b6198c578f1575015771.webp","width":800,"height":800},{"@type":"BreadcrumbList","@id":"https:\/\/www.vetorino.com\/boutique\/product\/sofcanis-croissance-comprimes\/#breadcrumb","itemListElement":[{"@type":"ListItem","position":1,"name":"Accueil","item":"https:\/\/www.vetorino.com\/boutique\/"},{"@type":"ListItem","position":2,"name":"Produits","item":"https:\/\/www.vetorino.com\/boutique\/"},{"@type":"ListItem","position":3,"name":"Sofcanis Croissance Comprimes"}]},{"@type":"WebSite","@id":"https:\/\/www.vetorino.com\/boutique\/#website","url":"https:\/\/www.vetorino.com\/boutique\/","name":"V\u00e9torino","description":"","publisher":{"@id":"https:\/\/www.vetorino.com\/boutique\/#organization"},"potentialAction":[{"@type":"SearchAction","target":{"@type":"EntryPoint","urlTemplate":"https:\/\/www.vetorino.com\/boutique\/?s={search_term_string}"},"query-input":{"@type":"PropertyValueSpecification","valueRequired":true,"valueName":"search_term_string"}}],"inLanguage":"fr-FR"},{"@type":"Organization","@id":"https:\/\/www.vetorino.com\/boutique\/#organization","name":"V\u00e9torino","url":"https:\/\/www.vetorino.com\/boutique\/","logo":{"@type":"ImageObject","inLanguage":"fr-FR","@id":"https:\/\/www.vetorino.com\/boutique\/#\/schema\/logo\/image\/","url":"https:\/\/www.vetorino.com\/boutique\/wp-content\/uploads\/2024\/10\/logo.jpg","contentUrl":"https:\/\/www.vetorino.com\/boutique\/wp-content\/uploads\/2024\/10\/logo.jpg","width":1200,"height":610,"caption":"V\u00e9torino"},"image":{"@id":"https:\/\/www.vetorino.com\/boutique\/#\/schema\/logo\/image\/"},"sameAs":["https:\/\/www.facebook.com\/Vetorino\/","https:\/\/www.instagram.com\/vetorino_off\/","https:\/\/www.linkedin.com\/company\/vtorino\/"]}]},"product_brand":"Moureau","og_availability":"instock","product_availability":"instock","product_condition":"new"},"_links":{"self":[{"href":"https:\/\/www.vetorino.com\/veterinaire\/plouzevede-29440\/boutique\/wp-json\/wp\/v2\/product\/36955","targetHints":{"allow":["GET"]}}],"collection":[{"href":"https:\/\/www.vetorino.com\/veterinaire\/plouzevede-29440\/boutique\/wp-json\/wp\/v2\/product"}],"about":[{"href":"https:\/\/www.vetorino.com\/veterinaire\/plouzevede-29440\/boutique\/wp-json\/wp\/v2\/types\/product"}],"wp:featuredmedia":[{"embeddable":true,"href":"https:\/\/www.vetorino.com\/veterinaire\/plouzevede-29440\/boutique\/wp-json\/wp\/v2\/media\/905001"}],"wp:attachment":[{"href":"https:\/\/www.vetorino.com\/veterinaire\/plouzevede-29440\/boutique\/wp-json\/wp\/v2\/media?parent=36955"}],"wp:term":[{"taxonomy":"product_cat","embeddable":true,"href":"https:\/\/www.vetorino.com\/veterinaire\/plouzevede-29440\/boutique\/wp-json\/wp\/v2\/product_cat?post=36955"},{"taxonomy":"product_tag","embeddable":true,"href":"https:\/\/www.vetorino.com\/veterinaire\/plouzevede-29440\/boutique\/wp-json\/wp\/v2\/product_tag?post=36955"}],"curies":[{"name":"wp","href":"https:\/\/api.w.org\/{rel}","templated":true}]}}