{"id":37133,"date":"2020-03-04T23:12:20","date_gmt":"2020-03-04T22:12:20","guid":{"rendered":"https:\/\/www.vetorino.com\/boutique\/product\/museliere-cuir-police\/"},"modified":"2024-07-12T12:20:58","modified_gmt":"2024-07-12T10:20:58","slug":"museliere-cuir-police","status":"publish","type":"product","link":"https:\/\/www.vetorino.com\/veterinaire\/plouzevede-29440\/boutique\/product\/museliere-cuir-police\/","title":{"rendered":"Museliere cuir police"},"content":{"rendered":"<p>Museliere cuir police, pour chien avec <strong>4 points de r\u00e9glage<\/strong> pour adapter la museli\u00e8re au tour de cou et \u00e0 la longueur de la t\u00eate.<\/p>\n<p data-sourcepos=\"7:1-7:25\"><strong>Pourquoi utiliser la museliere cuir police?<\/strong><\/p>\n<p data-sourcepos=\"9:1-9:50\">La museli\u00e8re est utilis\u00e9e pour plusieurs raisons :<\/p>\n<ul data-sourcepos=\"11:1-15:0\">\n<li data-sourcepos=\"11:1-11:105\"><strong>S\u00e9curit\u00e9:<\/strong> Pour emp\u00eacher le chien de mordre, en cas de situations anxieuses, de peur, ou de douleur.<\/li>\n<li data-sourcepos=\"12:1-12:106\"><strong>Pr\u00e9vention:<\/strong> Pour \u00e9viter que le chien ne mange des objets dangereux ou ne fouille dans les poubelles.<\/li>\n<li data-sourcepos=\"13:1-13:108\"><strong>Education:<\/strong> Pour faciliter l&#8217;apprentissage de certains comportements, comme ne pas sauter sur les gens.<\/li>\n<li data-sourcepos=\"14:1-15:0\"><strong>Transport:<\/strong> Pour respecter les r\u00e9glementations dans les transports en commun ou chez le v\u00e9t\u00e9rinaire.<\/li>\n<\/ul>\n<p data-sourcepos=\"16:1-16:24\"><strong>Confort et bien-\u00eatre<\/strong><\/p>\n<p data-sourcepos=\"18:1-18:183\">Choisir une museli\u00e8re adapt\u00e9e \u00e0 la morphologie du chien est essentiel pour son confort. Il est important que la museli\u00e8re lui permette de respirer, de haleter et de boire facilement.<\/p>\n<p data-sourcepos=\"20:1-20:32\"><strong>L&#8217;habituation \u00e0 la museli\u00e8re<\/strong><\/p>\n<p data-sourcepos=\"22:1-22:155\">Il est important d&#8217;habituer le chien \u00e0 la museli\u00e8re progressivement, en la lui pr\u00e9sentant comme un objet positif et en le r\u00e9compensant lorsqu&#8217;il la porte.<\/p>\n","protected":false},"excerpt":{"rendered":"<p>Museliere cuir police, pour chien avec <strong>4 points de r\u00e9glage<\/strong> pour adapter la museli\u00e8re au tour de cou et \u00e0 la longueur de la t\u00eate.<\/p>\n","protected":false},"featured_media":861046,"template":"","meta":[],"product_cat":[12550,2698,2777],"product_tag":[],"class_list":{"0":"post-37133","1":"product","2":"type-product","3":"status-publish","4":"has-post-thumbnail","6":"product_cat-accessoires-du-chien","7":"product_cat-chien","8":"product_cat-colliers-laisses-et-harnais-pour-chien","9":"pa_marque-polytrans","11":"first","12":"instock","13":"taxable","14":"shipping-taxable","15":"purchasable","16":"product-type-variable"},"yoast_head":"<!-- This site is optimized with the Yoast SEO plugin v27.3 - https:\/\/yoast.com\/product\/yoast-seo-wordpress\/ -->\n<title>Museliere cuir police Polytrans - V\u00e9torino<\/title>\n<meta name=\"description\" content=\"Museliere cuir police, pour chien avec 4 points de r\u00e9glage pour adapter la museli\u00e8re au tour de cou et \u00e0 la longueur de la t\u00eate.\" \/>\n<meta name=\"robots\" content=\"noindex, nofollow\" \/>\n<meta property=\"og:locale\" content=\"fr_FR\" \/>\n<meta property=\"og:type\" content=\"article\" \/>\n<meta property=\"og:title\" content=\"Museliere cuir police Polytrans - V\u00e9torino\" \/>\n<meta property=\"og:description\" content=\"Museliere cuir police, pour chien avec 4 points de r\u00e9glage pour adapter la museli\u00e8re au tour de cou et \u00e0 la longueur de la t\u00eate.\" \/>\n<meta property=\"og:url\" content=\"https:\/\/www.vetorino.com\/veterinaire\/plouzevede-29440\/boutique\/product\/museliere-cuir-police\/\" \/>\n<meta property=\"og:site_name\" content=\"V\u00e9torino\" \/>\n<meta property=\"article:publisher\" content=\"https:\/\/www.facebook.com\/Vetorino\/\" \/>\n<meta property=\"article:modified_time\" content=\"2024-07-12T10:20:58+00:00\" \/>\n<meta property=\"og:image\" content=\"https:\/\/www.vetorino.com\/boutique\/wp-content\/uploads\/2020\/03\/8066197_8066205_8066211_8066228_8066234_8066240_8066257-2.jpg\" \/>\n\t<meta property=\"og:image:width\" content=\"547\" \/>\n\t<meta property=\"og:image:height\" content=\"552\" \/>\n\t<meta property=\"og:image:type\" content=\"image\/jpeg\" \/>\n<meta name=\"twitter:card\" content=\"summary_large_image\" \/>\n<meta name=\"twitter:label1\" content=\"Disponibilit\u00e9\" \/>\n\t<meta name=\"twitter:data1\" content=\"En stock\" \/>\n<script type=\"application\/ld+json\" class=\"yoast-schema-graph\">{\"@context\":\"https:\\\/\\\/schema.org\",\"@graph\":[{\"@type\":\"WebPage\",\"@id\":\"https:\\\/\\\/www.vetorino.com\\\/boutique\\\/product\\\/museliere-cuir-police\\\/\",\"url\":\"https:\\\/\\\/www.vetorino.com\\\/boutique\\\/product\\\/museliere-cuir-police\\\/\",\"name\":\"Museliere cuir police Polytrans - V\u00e9torino\",\"isPartOf\":{\"@id\":\"https:\\\/\\\/www.vetorino.com\\\/boutique\\\/#website\"},\"primaryImageOfPage\":{\"@id\":\"https:\\\/\\\/www.vetorino.com\\\/boutique\\\/product\\\/museliere-cuir-police\\\/#primaryimage\"},\"image\":{\"@id\":\"https:\\\/\\\/www.vetorino.com\\\/boutique\\\/product\\\/museliere-cuir-police\\\/#primaryimage\"},\"thumbnailUrl\":\"https:\\\/\\\/www.vetorino.com\\\/boutique\\\/wp-content\\\/uploads\\\/2020\\\/03\\\/8066197_8066205_8066211_8066228_8066234_8066240_8066257-2.jpg\",\"datePublished\":\"2020-03-04T22:12:20+00:00\",\"dateModified\":\"2024-07-12T10:20:58+00:00\",\"description\":\"Museliere cuir police, pour chien avec 4 points de r\u00e9glage pour adapter la museli\u00e8re au tour de cou et \u00e0 la longueur de la t\u00eate.\",\"breadcrumb\":{\"@id\":\"https:\\\/\\\/www.vetorino.com\\\/boutique\\\/product\\\/museliere-cuir-police\\\/#breadcrumb\"},\"inLanguage\":\"fr-FR\",\"potentialAction\":[{\"@type\":\"ReadAction\",\"target\":[\"https:\\\/\\\/www.vetorino.com\\\/boutique\\\/product\\\/museliere-cuir-police\\\/\"]}]},{\"@type\":\"ImageObject\",\"inLanguage\":\"fr-FR\",\"@id\":\"https:\\\/\\\/www.vetorino.com\\\/boutique\\\/product\\\/museliere-cuir-police\\\/#primaryimage\",\"url\":\"https:\\\/\\\/www.vetorino.com\\\/boutique\\\/wp-content\\\/uploads\\\/2020\\\/03\\\/8066197_8066205_8066211_8066228_8066234_8066240_8066257-2.jpg\",\"contentUrl\":\"https:\\\/\\\/www.vetorino.com\\\/boutique\\\/wp-content\\\/uploads\\\/2020\\\/03\\\/8066197_8066205_8066211_8066228_8066234_8066240_8066257-2.jpg\",\"width\":547,\"height\":552},{\"@type\":\"BreadcrumbList\",\"@id\":\"https:\\\/\\\/www.vetorino.com\\\/boutique\\\/product\\\/museliere-cuir-police\\\/#breadcrumb\",\"itemListElement\":[{\"@type\":\"ListItem\",\"position\":1,\"name\":\"Accueil\",\"item\":\"https:\\\/\\\/www.vetorino.com\\\/boutique\\\/\"},{\"@type\":\"ListItem\",\"position\":2,\"name\":\"Produits\",\"item\":\"https:\\\/\\\/www.vetorino.com\\\/boutique\\\/\"},{\"@type\":\"ListItem\",\"position\":3,\"name\":\"Museliere cuir police\"}]},{\"@type\":\"WebSite\",\"@id\":\"https:\\\/\\\/www.vetorino.com\\\/boutique\\\/#website\",\"url\":\"https:\\\/\\\/www.vetorino.com\\\/boutique\\\/\",\"name\":\"V\u00e9torino\",\"description\":\"\",\"publisher\":{\"@id\":\"https:\\\/\\\/www.vetorino.com\\\/boutique\\\/#organization\"},\"potentialAction\":[{\"@type\":\"SearchAction\",\"target\":{\"@type\":\"EntryPoint\",\"urlTemplate\":\"https:\\\/\\\/www.vetorino.com\\\/boutique\\\/?s={search_term_string}\"},\"query-input\":{\"@type\":\"PropertyValueSpecification\",\"valueRequired\":true,\"valueName\":\"search_term_string\"}}],\"inLanguage\":\"fr-FR\"},{\"@type\":\"Organization\",\"@id\":\"https:\\\/\\\/www.vetorino.com\\\/boutique\\\/#organization\",\"name\":\"V\u00e9torino\",\"url\":\"https:\\\/\\\/www.vetorino.com\\\/boutique\\\/\",\"logo\":{\"@type\":\"ImageObject\",\"inLanguage\":\"fr-FR\",\"@id\":\"https:\\\/\\\/www.vetorino.com\\\/boutique\\\/#\\\/schema\\\/logo\\\/image\\\/\",\"url\":\"https:\\\/\\\/www.vetorino.com\\\/boutique\\\/wp-content\\\/uploads\\\/2024\\\/10\\\/logo.jpg\",\"contentUrl\":\"https:\\\/\\\/www.vetorino.com\\\/boutique\\\/wp-content\\\/uploads\\\/2024\\\/10\\\/logo.jpg\",\"width\":1200,\"height\":610,\"caption\":\"V\u00e9torino\"},\"image\":{\"@id\":\"https:\\\/\\\/www.vetorino.com\\\/boutique\\\/#\\\/schema\\\/logo\\\/image\\\/\"},\"sameAs\":[\"https:\\\/\\\/www.facebook.com\\\/Vetorino\\\/\",\"https:\\\/\\\/www.instagram.com\\\/vetorino_off\\\/\",\"https:\\\/\\\/www.linkedin.com\\\/company\\\/vtorino\\\/\"]}]}<\/script>\n<meta property=\"product:brand\" content=\"Polytrans\" \/>\n<meta property=\"og:availability\" content=\"instock\" \/>\n<meta property=\"product:availability\" content=\"instock\" \/>\n<meta property=\"product:condition\" content=\"new\" \/>\n<!-- \/ Yoast SEO plugin. -->","yoast_head_json":{"title":"Museliere cuir police Polytrans - V\u00e9torino","description":"Museliere cuir police, pour chien avec 4 points de r\u00e9glage pour adapter la museli\u00e8re au tour de cou et \u00e0 la longueur de la t\u00eate.","robots":{"index":"noindex","follow":"nofollow"},"og_locale":"fr_FR","og_type":"article","og_title":"Museliere cuir police Polytrans - V\u00e9torino","og_description":"Museliere cuir police, pour chien avec 4 points de r\u00e9glage pour adapter la museli\u00e8re au tour de cou et \u00e0 la longueur de la t\u00eate.","og_url":"https:\/\/www.vetorino.com\/veterinaire\/plouzevede-29440\/boutique\/product\/museliere-cuir-police\/","og_site_name":"V\u00e9torino","article_publisher":"https:\/\/www.facebook.com\/Vetorino\/","article_modified_time":"2024-07-12T10:20:58+00:00","og_image":[{"width":547,"height":552,"url":"https:\/\/www.vetorino.com\/boutique\/wp-content\/uploads\/2020\/03\/8066197_8066205_8066211_8066228_8066234_8066240_8066257-2.jpg","type":"image\/jpeg"}],"twitter_card":"summary_large_image","twitter_misc":{"Disponibilit\u00e9":"En stock"},"schema":{"@context":"https:\/\/schema.org","@graph":[{"@type":"WebPage","@id":"https:\/\/www.vetorino.com\/boutique\/product\/museliere-cuir-police\/","url":"https:\/\/www.vetorino.com\/boutique\/product\/museliere-cuir-police\/","name":"Museliere cuir police Polytrans - V\u00e9torino","isPartOf":{"@id":"https:\/\/www.vetorino.com\/boutique\/#website"},"primaryImageOfPage":{"@id":"https:\/\/www.vetorino.com\/boutique\/product\/museliere-cuir-police\/#primaryimage"},"image":{"@id":"https:\/\/www.vetorino.com\/boutique\/product\/museliere-cuir-police\/#primaryimage"},"thumbnailUrl":"https:\/\/www.vetorino.com\/boutique\/wp-content\/uploads\/2020\/03\/8066197_8066205_8066211_8066228_8066234_8066240_8066257-2.jpg","datePublished":"2020-03-04T22:12:20+00:00","dateModified":"2024-07-12T10:20:58+00:00","description":"Museliere cuir police, pour chien avec 4 points de r\u00e9glage pour adapter la museli\u00e8re au tour de cou et \u00e0 la longueur de la t\u00eate.","breadcrumb":{"@id":"https:\/\/www.vetorino.com\/boutique\/product\/museliere-cuir-police\/#breadcrumb"},"inLanguage":"fr-FR","potentialAction":[{"@type":"ReadAction","target":["https:\/\/www.vetorino.com\/boutique\/product\/museliere-cuir-police\/"]}]},{"@type":"ImageObject","inLanguage":"fr-FR","@id":"https:\/\/www.vetorino.com\/boutique\/product\/museliere-cuir-police\/#primaryimage","url":"https:\/\/www.vetorino.com\/boutique\/wp-content\/uploads\/2020\/03\/8066197_8066205_8066211_8066228_8066234_8066240_8066257-2.jpg","contentUrl":"https:\/\/www.vetorino.com\/boutique\/wp-content\/uploads\/2020\/03\/8066197_8066205_8066211_8066228_8066234_8066240_8066257-2.jpg","width":547,"height":552},{"@type":"BreadcrumbList","@id":"https:\/\/www.vetorino.com\/boutique\/product\/museliere-cuir-police\/#breadcrumb","itemListElement":[{"@type":"ListItem","position":1,"name":"Accueil","item":"https:\/\/www.vetorino.com\/boutique\/"},{"@type":"ListItem","position":2,"name":"Produits","item":"https:\/\/www.vetorino.com\/boutique\/"},{"@type":"ListItem","position":3,"name":"Museliere cuir police"}]},{"@type":"WebSite","@id":"https:\/\/www.vetorino.com\/boutique\/#website","url":"https:\/\/www.vetorino.com\/boutique\/","name":"V\u00e9torino","description":"","publisher":{"@id":"https:\/\/www.vetorino.com\/boutique\/#organization"},"potentialAction":[{"@type":"SearchAction","target":{"@type":"EntryPoint","urlTemplate":"https:\/\/www.vetorino.com\/boutique\/?s={search_term_string}"},"query-input":{"@type":"PropertyValueSpecification","valueRequired":true,"valueName":"search_term_string"}}],"inLanguage":"fr-FR"},{"@type":"Organization","@id":"https:\/\/www.vetorino.com\/boutique\/#organization","name":"V\u00e9torino","url":"https:\/\/www.vetorino.com\/boutique\/","logo":{"@type":"ImageObject","inLanguage":"fr-FR","@id":"https:\/\/www.vetorino.com\/boutique\/#\/schema\/logo\/image\/","url":"https:\/\/www.vetorino.com\/boutique\/wp-content\/uploads\/2024\/10\/logo.jpg","contentUrl":"https:\/\/www.vetorino.com\/boutique\/wp-content\/uploads\/2024\/10\/logo.jpg","width":1200,"height":610,"caption":"V\u00e9torino"},"image":{"@id":"https:\/\/www.vetorino.com\/boutique\/#\/schema\/logo\/image\/"},"sameAs":["https:\/\/www.facebook.com\/Vetorino\/","https:\/\/www.instagram.com\/vetorino_off\/","https:\/\/www.linkedin.com\/company\/vtorino\/"]}]},"product_brand":"Polytrans","og_availability":"instock","product_availability":"instock","product_condition":"new"},"_links":{"self":[{"href":"https:\/\/www.vetorino.com\/veterinaire\/plouzevede-29440\/boutique\/wp-json\/wp\/v2\/product\/37133","targetHints":{"allow":["GET"]}}],"collection":[{"href":"https:\/\/www.vetorino.com\/veterinaire\/plouzevede-29440\/boutique\/wp-json\/wp\/v2\/product"}],"about":[{"href":"https:\/\/www.vetorino.com\/veterinaire\/plouzevede-29440\/boutique\/wp-json\/wp\/v2\/types\/product"}],"wp:featuredmedia":[{"embeddable":true,"href":"https:\/\/www.vetorino.com\/veterinaire\/plouzevede-29440\/boutique\/wp-json\/wp\/v2\/media\/861046"}],"wp:attachment":[{"href":"https:\/\/www.vetorino.com\/veterinaire\/plouzevede-29440\/boutique\/wp-json\/wp\/v2\/media?parent=37133"}],"wp:term":[{"taxonomy":"product_cat","embeddable":true,"href":"https:\/\/www.vetorino.com\/veterinaire\/plouzevede-29440\/boutique\/wp-json\/wp\/v2\/product_cat?post=37133"},{"taxonomy":"product_tag","embeddable":true,"href":"https:\/\/www.vetorino.com\/veterinaire\/plouzevede-29440\/boutique\/wp-json\/wp\/v2\/product_tag?post=37133"}],"curies":[{"name":"wp","href":"https:\/\/api.w.org\/{rel}","templated":true}]}}