{"id":37373,"date":"2020-03-04T23:54:18","date_gmt":"2020-03-04T22:54:18","guid":{"rendered":"https:\/\/www.vetorino.com\/boutique\/product\/specific-chat-fjd-joint-support\/"},"modified":"2025-08-20T17:30:31","modified_gmt":"2025-08-20T15:30:31","slug":"specific-chat-fjd-joint-support","status":"publish","type":"product","link":"https:\/\/www.vetorino.com\/veterinaire\/plouzevede-29440\/boutique\/product\/specific-chat-fjd-joint-support\/","title":{"rendered":"FJD Joint Support &#8211; chat"},"content":{"rendered":"<p><strong>Croquettes sp\u00e9cifiquement adapt\u00e9es au soutien des articulations des chats pr\u00e9dispos\u00e9s ou souffrant de probl\u00e8mes articulaires.<br \/>\n<\/strong><\/p>\n<p><strong>Utilisation<\/strong><strong> :<\/strong><\/p>\n<ul>\n<li>Chats adultes et senior.<\/li>\n<li>Soutien des articulations.<\/li>\n<\/ul>\n<p><strong>Contre indications :<\/strong><\/p>\n<ul>\n<li>Chaton<\/li>\n<li>Chatte gestante ou allaitante<\/li>\n<\/ul>\n<p><strong>Bienfaits essentiels :<\/strong><\/p>\n<ul>\n<li>La forte teneur en Om\u00e9ga-3, EPA et DHA, directement assimilables par l&#8217;organisme car issus d\u2019huile de poisson et de krill, stimule le syst\u00e8me anti-inflammatoire naturel.<\/li>\n<li>Contient une association puissante de nutriments b\u00e9n\u00e9fiques pour les articulations. En plus des Om\u00e9ga-3 issus d&#8217;huiles de poisson, on trouve \u00e9galement du collag\u00e8ne hydrolys\u00e9 et de la chondro\u00eftine (des \u00e9l\u00e9ments essentiels constitutifs du cartilage) ;\u00a0 du mangan\u00e8se pour stimuler la production d\u2019enzymes et d&#8217;antioxydants par le cartilage afin de bloquer les radicaux libres d\u00e9l\u00e9t\u00e8res au cartilage.<\/li>\n<li>Son apport \u00e9nerg\u00e9tique moyen et la pr\u00e9sence de L-carnitine (un acide amin\u00e9e qui br\u00fble les graisses) aident \u00e0 maintenir le poids corporel id\u00e9al et \u00e0 limiter la pression appliqu\u00e9e sur les articulations.<\/li>\n<li>Contient du psyllium, une fibre soluble reconnue pour son effet b\u00e9n\u00e9fique sur la r\u00e9gulation du transit digestif.<\/li>\n<li>Soutien la sant\u00e9 urinaire du chat avec un pH inf\u00e9rieur \u00e0 6,4 et de faibles indices RSS (aide \u00e0 r\u00e9duire la concentration en ions, responsables de la formation de cristaux)<\/li>\n<\/ul>\n<div class=\"row\">\n<div class=\"col-lg-7 mdc_product_right_col\">\n<div class=\"product-information\">\n<div class=\"tabs product-tabs visible--desktop\">\n<div id=\"tab-content\" class=\"tab-content\">\n<div id=\"description\" class=\"tab-pane fade show active\" role=\"tabpanel\">\n<div class=\"product-description\">\n<p><strong>Cet aliment est destin\u00e9 \u00e0 la prise en charge nutritionnelle d\u2019une maladie. Pour la sant\u00e9 de votre chat, il est recommand\u00e9 de consulter votre v\u00e9t\u00e9rinaire et de respecter scrupuleusement ses recommandations nutritionnelles.<\/strong><\/p>\n<\/div>\n<\/div>\n<\/div>\n<\/div>\n<\/div>\n<\/div>\n<\/div>\n","protected":false},"excerpt":{"rendered":"<div>\n<div>\n<p><strong>Aliment complet pour chat adulte ou s\u00e9nior ayant de l&#8217;arthrose ou une pr\u00e9disposition \u00e0 l&#8217;arthrose.<\/strong><\/p>\n<\/div>\n<\/div>\n<p><strong>Utilisation<\/strong><strong>\u00a0:<\/strong><\/p>\n<ul>\n<li>Chats adultes et senior.<\/li>\n<li>Soutien des articulations.<\/li>\n<\/ul>\n<p><strong> Pour la sant\u00e9 de votre chat il est recommand\u00e9 de consulter votre v\u00e9t\u00e9rinaire avant utilisation.<\/strong><\/p>\n","protected":false},"featured_media":1451805,"template":"","meta":[],"product_cat":[12551,12581,2697],"product_tag":[],"class_list":{"0":"post-37373","1":"product","2":"type-product","3":"status-publish","4":"has-post-thumbnail","6":"product_cat-alimentation-du-chat","7":"product_cat-alimentation-medicalisee-pour-chat","8":"product_cat-chat","9":"pa_marque-specific","11":"first","12":"instock","13":"taxable","14":"shipping-taxable","15":"purchasable","16":"product-type-variable"},"yoast_head":"<!-- This site is optimized with the Yoast SEO plugin v27.3 - https:\/\/yoast.com\/product\/yoast-seo-wordpress\/ -->\n<title>FJD Joint Support - chat Specific - V\u00e9torino<\/title>\n<meta name=\"description\" content=\"Aliment complet pour chat adulte ou s\u00e9nior ayant de l&#039;arthrose ou une pr\u00e9disposition \u00e0 l&#039;arthrose.    Utilisation\u00a0:   Chats adultes et senior.  Soutien des articulations.   Pour la sant\u00e9 de votre chat il est recommand\u00e9 de consulter votre v\u00e9t\u00e9rinaire avant utilisation.\" \/>\n<meta name=\"robots\" content=\"noindex, nofollow\" \/>\n<meta property=\"og:locale\" content=\"fr_FR\" \/>\n<meta property=\"og:type\" content=\"article\" \/>\n<meta property=\"og:title\" content=\"FJD Joint Support - chat Specific - V\u00e9torino\" \/>\n<meta property=\"og:description\" content=\"Aliment complet pour chat adulte ou s\u00e9nior ayant de l&#039;arthrose ou une pr\u00e9disposition \u00e0 l&#039;arthrose.    Utilisation\u00a0:   Chats adultes et senior.  Soutien des articulations.   Pour la sant\u00e9 de votre chat il est recommand\u00e9 de consulter votre v\u00e9t\u00e9rinaire avant utilisation.\" \/>\n<meta property=\"og:url\" content=\"https:\/\/www.vetorino.com\/veterinaire\/plouzevede-29440\/boutique\/product\/specific-chat-fjd-joint-support\/\" \/>\n<meta property=\"og:site_name\" content=\"V\u00e9torino\" \/>\n<meta property=\"article:publisher\" content=\"https:\/\/www.facebook.com\/Vetorino\/\" \/>\n<meta property=\"article:modified_time\" content=\"2025-08-20T15:30:31+00:00\" \/>\n<meta property=\"og:image\" content=\"https:\/\/www.vetorino.com\/boutique\/wp-content\/uploads\/2020\/06\/chat-fjd-joint-support.webp\" \/>\n\t<meta property=\"og:image:width\" content=\"800\" \/>\n\t<meta property=\"og:image:height\" content=\"800\" \/>\n\t<meta property=\"og:image:type\" content=\"image\/webp\" \/>\n<meta name=\"twitter:card\" content=\"summary_large_image\" \/>\n<meta name=\"twitter:label1\" content=\"Disponibilit\u00e9\" \/>\n\t<meta name=\"twitter:data1\" content=\"En stock\" \/>\n<script type=\"application\/ld+json\" class=\"yoast-schema-graph\">{\"@context\":\"https:\\\/\\\/schema.org\",\"@graph\":[{\"@type\":\"WebPage\",\"@id\":\"https:\\\/\\\/www.vetorino.com\\\/boutique\\\/product\\\/specific-chat-fjd-joint-support\\\/\",\"url\":\"https:\\\/\\\/www.vetorino.com\\\/boutique\\\/product\\\/specific-chat-fjd-joint-support\\\/\",\"name\":\"FJD Joint Support - chat Specific - V\u00e9torino\",\"isPartOf\":{\"@id\":\"https:\\\/\\\/www.vetorino.com\\\/boutique\\\/#website\"},\"primaryImageOfPage\":{\"@id\":\"https:\\\/\\\/www.vetorino.com\\\/boutique\\\/product\\\/specific-chat-fjd-joint-support\\\/#primaryimage\"},\"image\":{\"@id\":\"https:\\\/\\\/www.vetorino.com\\\/boutique\\\/product\\\/specific-chat-fjd-joint-support\\\/#primaryimage\"},\"thumbnailUrl\":\"https:\\\/\\\/www.vetorino.com\\\/boutique\\\/wp-content\\\/uploads\\\/2020\\\/06\\\/chat-fjd-joint-support.webp\",\"datePublished\":\"2020-03-04T22:54:18+00:00\",\"dateModified\":\"2025-08-20T15:30:31+00:00\",\"description\":\"Aliment complet pour chat adulte ou s\u00e9nior ayant de l'arthrose ou une pr\u00e9disposition \u00e0 l'arthrose. Utilisation\u00a0: Chats adultes et senior. Soutien des articulations. Pour la sant\u00e9 de votre chat il est recommand\u00e9 de consulter votre v\u00e9t\u00e9rinaire avant utilisation.\",\"breadcrumb\":{\"@id\":\"https:\\\/\\\/www.vetorino.com\\\/boutique\\\/product\\\/specific-chat-fjd-joint-support\\\/#breadcrumb\"},\"inLanguage\":\"fr-FR\",\"potentialAction\":[{\"@type\":\"ReadAction\",\"target\":[\"https:\\\/\\\/www.vetorino.com\\\/boutique\\\/product\\\/specific-chat-fjd-joint-support\\\/\"]}]},{\"@type\":\"ImageObject\",\"inLanguage\":\"fr-FR\",\"@id\":\"https:\\\/\\\/www.vetorino.com\\\/boutique\\\/product\\\/specific-chat-fjd-joint-support\\\/#primaryimage\",\"url\":\"https:\\\/\\\/www.vetorino.com\\\/boutique\\\/wp-content\\\/uploads\\\/2020\\\/06\\\/chat-fjd-joint-support.webp\",\"contentUrl\":\"https:\\\/\\\/www.vetorino.com\\\/boutique\\\/wp-content\\\/uploads\\\/2020\\\/06\\\/chat-fjd-joint-support.webp\",\"width\":800,\"height\":800},{\"@type\":\"BreadcrumbList\",\"@id\":\"https:\\\/\\\/www.vetorino.com\\\/boutique\\\/product\\\/specific-chat-fjd-joint-support\\\/#breadcrumb\",\"itemListElement\":[{\"@type\":\"ListItem\",\"position\":1,\"name\":\"Accueil\",\"item\":\"https:\\\/\\\/www.vetorino.com\\\/boutique\\\/\"},{\"@type\":\"ListItem\",\"position\":2,\"name\":\"Produits\",\"item\":\"https:\\\/\\\/www.vetorino.com\\\/boutique\\\/\"},{\"@type\":\"ListItem\",\"position\":3,\"name\":\"FJD Joint Support &#8211; chat\"}]},{\"@type\":\"WebSite\",\"@id\":\"https:\\\/\\\/www.vetorino.com\\\/boutique\\\/#website\",\"url\":\"https:\\\/\\\/www.vetorino.com\\\/boutique\\\/\",\"name\":\"V\u00e9torino\",\"description\":\"\",\"publisher\":{\"@id\":\"https:\\\/\\\/www.vetorino.com\\\/boutique\\\/#organization\"},\"potentialAction\":[{\"@type\":\"SearchAction\",\"target\":{\"@type\":\"EntryPoint\",\"urlTemplate\":\"https:\\\/\\\/www.vetorino.com\\\/boutique\\\/?s={search_term_string}\"},\"query-input\":{\"@type\":\"PropertyValueSpecification\",\"valueRequired\":true,\"valueName\":\"search_term_string\"}}],\"inLanguage\":\"fr-FR\"},{\"@type\":\"Organization\",\"@id\":\"https:\\\/\\\/www.vetorino.com\\\/boutique\\\/#organization\",\"name\":\"V\u00e9torino\",\"url\":\"https:\\\/\\\/www.vetorino.com\\\/boutique\\\/\",\"logo\":{\"@type\":\"ImageObject\",\"inLanguage\":\"fr-FR\",\"@id\":\"https:\\\/\\\/www.vetorino.com\\\/boutique\\\/#\\\/schema\\\/logo\\\/image\\\/\",\"url\":\"https:\\\/\\\/www.vetorino.com\\\/boutique\\\/wp-content\\\/uploads\\\/2024\\\/10\\\/logo.jpg\",\"contentUrl\":\"https:\\\/\\\/www.vetorino.com\\\/boutique\\\/wp-content\\\/uploads\\\/2024\\\/10\\\/logo.jpg\",\"width\":1200,\"height\":610,\"caption\":\"V\u00e9torino\"},\"image\":{\"@id\":\"https:\\\/\\\/www.vetorino.com\\\/boutique\\\/#\\\/schema\\\/logo\\\/image\\\/\"},\"sameAs\":[\"https:\\\/\\\/www.facebook.com\\\/Vetorino\\\/\",\"https:\\\/\\\/www.instagram.com\\\/vetorino_off\\\/\",\"https:\\\/\\\/www.linkedin.com\\\/company\\\/vtorino\\\/\"]}]}<\/script>\n<meta property=\"product:brand\" content=\"Specific\" \/>\n<meta property=\"og:availability\" content=\"instock\" \/>\n<meta property=\"product:availability\" content=\"instock\" \/>\n<meta property=\"product:condition\" content=\"new\" \/>\n<!-- \/ Yoast SEO plugin. -->","yoast_head_json":{"title":"FJD Joint Support - chat Specific - V\u00e9torino","description":"Aliment complet pour chat adulte ou s\u00e9nior ayant de l'arthrose ou une pr\u00e9disposition \u00e0 l'arthrose.    Utilisation\u00a0:   Chats adultes et senior.  Soutien des articulations.   Pour la sant\u00e9 de votre chat il est recommand\u00e9 de consulter votre v\u00e9t\u00e9rinaire avant utilisation.","robots":{"index":"noindex","follow":"nofollow"},"og_locale":"fr_FR","og_type":"article","og_title":"FJD Joint Support - chat Specific - V\u00e9torino","og_description":"Aliment complet pour chat adulte ou s\u00e9nior ayant de l'arthrose ou une pr\u00e9disposition \u00e0 l'arthrose.    Utilisation\u00a0:   Chats adultes et senior.  Soutien des articulations.   Pour la sant\u00e9 de votre chat il est recommand\u00e9 de consulter votre v\u00e9t\u00e9rinaire avant utilisation.","og_url":"https:\/\/www.vetorino.com\/veterinaire\/plouzevede-29440\/boutique\/product\/specific-chat-fjd-joint-support\/","og_site_name":"V\u00e9torino","article_publisher":"https:\/\/www.facebook.com\/Vetorino\/","article_modified_time":"2025-08-20T15:30:31+00:00","og_image":[{"width":800,"height":800,"url":"https:\/\/www.vetorino.com\/boutique\/wp-content\/uploads\/2020\/06\/chat-fjd-joint-support.webp","type":"image\/webp"}],"twitter_card":"summary_large_image","twitter_misc":{"Disponibilit\u00e9":"En stock"},"schema":{"@context":"https:\/\/schema.org","@graph":[{"@type":"WebPage","@id":"https:\/\/www.vetorino.com\/boutique\/product\/specific-chat-fjd-joint-support\/","url":"https:\/\/www.vetorino.com\/boutique\/product\/specific-chat-fjd-joint-support\/","name":"FJD Joint Support - chat Specific - V\u00e9torino","isPartOf":{"@id":"https:\/\/www.vetorino.com\/boutique\/#website"},"primaryImageOfPage":{"@id":"https:\/\/www.vetorino.com\/boutique\/product\/specific-chat-fjd-joint-support\/#primaryimage"},"image":{"@id":"https:\/\/www.vetorino.com\/boutique\/product\/specific-chat-fjd-joint-support\/#primaryimage"},"thumbnailUrl":"https:\/\/www.vetorino.com\/boutique\/wp-content\/uploads\/2020\/06\/chat-fjd-joint-support.webp","datePublished":"2020-03-04T22:54:18+00:00","dateModified":"2025-08-20T15:30:31+00:00","description":"Aliment complet pour chat adulte ou s\u00e9nior ayant de l'arthrose ou une pr\u00e9disposition \u00e0 l'arthrose. Utilisation\u00a0: Chats adultes et senior. Soutien des articulations. Pour la sant\u00e9 de votre chat il est recommand\u00e9 de consulter votre v\u00e9t\u00e9rinaire avant utilisation.","breadcrumb":{"@id":"https:\/\/www.vetorino.com\/boutique\/product\/specific-chat-fjd-joint-support\/#breadcrumb"},"inLanguage":"fr-FR","potentialAction":[{"@type":"ReadAction","target":["https:\/\/www.vetorino.com\/boutique\/product\/specific-chat-fjd-joint-support\/"]}]},{"@type":"ImageObject","inLanguage":"fr-FR","@id":"https:\/\/www.vetorino.com\/boutique\/product\/specific-chat-fjd-joint-support\/#primaryimage","url":"https:\/\/www.vetorino.com\/boutique\/wp-content\/uploads\/2020\/06\/chat-fjd-joint-support.webp","contentUrl":"https:\/\/www.vetorino.com\/boutique\/wp-content\/uploads\/2020\/06\/chat-fjd-joint-support.webp","width":800,"height":800},{"@type":"BreadcrumbList","@id":"https:\/\/www.vetorino.com\/boutique\/product\/specific-chat-fjd-joint-support\/#breadcrumb","itemListElement":[{"@type":"ListItem","position":1,"name":"Accueil","item":"https:\/\/www.vetorino.com\/boutique\/"},{"@type":"ListItem","position":2,"name":"Produits","item":"https:\/\/www.vetorino.com\/boutique\/"},{"@type":"ListItem","position":3,"name":"FJD Joint Support &#8211; chat"}]},{"@type":"WebSite","@id":"https:\/\/www.vetorino.com\/boutique\/#website","url":"https:\/\/www.vetorino.com\/boutique\/","name":"V\u00e9torino","description":"","publisher":{"@id":"https:\/\/www.vetorino.com\/boutique\/#organization"},"potentialAction":[{"@type":"SearchAction","target":{"@type":"EntryPoint","urlTemplate":"https:\/\/www.vetorino.com\/boutique\/?s={search_term_string}"},"query-input":{"@type":"PropertyValueSpecification","valueRequired":true,"valueName":"search_term_string"}}],"inLanguage":"fr-FR"},{"@type":"Organization","@id":"https:\/\/www.vetorino.com\/boutique\/#organization","name":"V\u00e9torino","url":"https:\/\/www.vetorino.com\/boutique\/","logo":{"@type":"ImageObject","inLanguage":"fr-FR","@id":"https:\/\/www.vetorino.com\/boutique\/#\/schema\/logo\/image\/","url":"https:\/\/www.vetorino.com\/boutique\/wp-content\/uploads\/2024\/10\/logo.jpg","contentUrl":"https:\/\/www.vetorino.com\/boutique\/wp-content\/uploads\/2024\/10\/logo.jpg","width":1200,"height":610,"caption":"V\u00e9torino"},"image":{"@id":"https:\/\/www.vetorino.com\/boutique\/#\/schema\/logo\/image\/"},"sameAs":["https:\/\/www.facebook.com\/Vetorino\/","https:\/\/www.instagram.com\/vetorino_off\/","https:\/\/www.linkedin.com\/company\/vtorino\/"]}]},"product_brand":"Specific","og_availability":"instock","product_availability":"instock","product_condition":"new"},"_links":{"self":[{"href":"https:\/\/www.vetorino.com\/veterinaire\/plouzevede-29440\/boutique\/wp-json\/wp\/v2\/product\/37373","targetHints":{"allow":["GET"]}}],"collection":[{"href":"https:\/\/www.vetorino.com\/veterinaire\/plouzevede-29440\/boutique\/wp-json\/wp\/v2\/product"}],"about":[{"href":"https:\/\/www.vetorino.com\/veterinaire\/plouzevede-29440\/boutique\/wp-json\/wp\/v2\/types\/product"}],"wp:featuredmedia":[{"embeddable":true,"href":"https:\/\/www.vetorino.com\/veterinaire\/plouzevede-29440\/boutique\/wp-json\/wp\/v2\/media\/1451805"}],"wp:attachment":[{"href":"https:\/\/www.vetorino.com\/veterinaire\/plouzevede-29440\/boutique\/wp-json\/wp\/v2\/media?parent=37373"}],"wp:term":[{"taxonomy":"product_cat","embeddable":true,"href":"https:\/\/www.vetorino.com\/veterinaire\/plouzevede-29440\/boutique\/wp-json\/wp\/v2\/product_cat?post=37373"},{"taxonomy":"product_tag","embeddable":true,"href":"https:\/\/www.vetorino.com\/veterinaire\/plouzevede-29440\/boutique\/wp-json\/wp\/v2\/product_tag?post=37373"}],"curies":[{"name":"wp","href":"https:\/\/api.w.org\/{rel}","templated":true}]}}