{"id":37377,"date":"2020-03-04T23:54:19","date_gmt":"2020-03-04T22:54:19","guid":{"rendered":"https:\/\/www.vetorino.com\/boutique\/product\/specific-chat-fod-food-allergen-management\/"},"modified":"2025-08-20T17:39:35","modified_gmt":"2025-08-20T15:39:35","slug":"specific-chat-fod-food-allergen-management","status":"publish","type":"product","link":"https:\/\/www.vetorino.com\/veterinaire\/plouzevede-29440\/boutique\/product\/specific-chat-fod-food-allergen-management\/","title":{"rendered":"FOD Skin Function Support &#8211; chat"},"content":{"rendered":"<p><strong>Aliment di\u00e9t\u00e9tique complet destin\u00e9 au chat adulte et qui soutient la fonction dermique en cas de dermatose et de d\u00e9pilation.<\/strong><\/p>\n<p><strong>Utilisation :<\/strong><\/p>\n<ul>\n<li>Dermatite allergique due \u00e0 une atopie ou \u00e0 une allergie aux piq\u00fbres de puces<\/li>\n<li>Probl\u00e8mes de peau et de pelage r\u00e9pondant \u00e0 un apport accru d\u2019acides gras polyinsatur\u00e9s, de vitamines et d\u2019oligo-\u00e9l\u00e9ments<\/li>\n<li>Troubles immunitaires et\/ou inflammatoires r\u00e9pondant \u00e0 un apport \u00e9lev\u00e9 en acides gras Om\u00e9ga-3<\/li>\n<li>Alimentation quotidienne des chats en bonne sant\u00e9<\/li>\n<\/ul>\n<p><strong>Contre<\/strong><strong>\u00a0indications :<\/strong><\/p>\n<ul>\n<li>Immunod\u00e9ficience<\/li>\n<li>Troubles de la coagulation<\/li>\n<li>Chatons et chattes gestantes ou allaitantes<\/li>\n<\/ul>\n<p><strong>Bienfaits essentiels :<\/strong><\/p>\n<ul>\n<li>Teneurs exceptionnellement \u00e9lev\u00e9es en acides gras Om\u00e9ga-3 EPA et DHA (issus d\u2019huile de poisson). Ces acides gras peuvent moduler la r\u00e9ponse immunitaire et divers processus m\u00e9taboliques en modifiant la production d\u2019\u00e9icosano\u00efdes, tout en exer\u00e7ant un\u00a0<strong>effet b\u00e9n\u00e9fique sur la peau et le pelage des chats atopiques<\/strong>.<\/li>\n<li>Teneur tr\u00e8s \u00e9lev\u00e9e en acide gras Om\u00e9ga-6 GLA (issu d\u2019huile de bourrache). Le GLA<strong>\u00a0influence \u00e9galement la r\u00e9ponse immunitaire et divers processus m\u00e9taboliques<\/strong>\u00a0en modifiant la production d\u2019\u00e9icosano\u00efdes.<\/li>\n<li>La peau a un m\u00e9tabolisme \u00e9lev\u00e9 et des besoins importants en diff\u00e9rents nutriments sp\u00e9cifiques. Les teneurs \u00e9lev\u00e9es en acides gras polyinsatur\u00e9s, lipides, vitamines A, E et B, prot\u00e9ines, zinc et s\u00e9l\u00e9nium ont un effet b\u00e9n\u00e9fique sur la sant\u00e9 de la peau et du pelage.<\/li>\n<li>Tr\u00e8s app\u00e9tent, l\u2019aliment est un moyen pratique d\u2019assurer un\u00a0<strong>apport suppl\u00e9mentaire d\u2019acides gras polyinsatur\u00e9s chez le chat<\/strong>.<\/li>\n<\/ul>\n<p><strong>Cet aliment est destin\u00e9 \u00e0 la prise en charge nutritionnelle d\u2019une maladie. Pour la sant\u00e9 de votre chat, il est recommand\u00e9 de consulter votre v\u00e9t\u00e9rinaire et de respecter scrupuleusement ses recommandations nutritionnelles.<\/strong><\/p>\n","protected":false},"excerpt":{"rendered":"<div><strong>Aliment di\u00e9t\u00e9tique complet destin\u00e9 au chat adulte et qui soutient la fonction dermique en cas de dermatose et de d\u00e9pilation.<\/strong><\/div>\n<p><strong>Utilisation :<\/strong><\/p>\n<ul>\n<li>Dermatite allergique due \u00e0 une atopie ou \u00e0 une allergie aux piq\u00fbres de puces<\/li>\n<li>Probl\u00e8mes de peau et de pelage r\u00e9pondant \u00e0 un apport accru d\u2019acides gras polyinsatur\u00e9s, de vitamines et d\u2019oligo-\u00e9l\u00e9ments<\/li>\n<li>Troubles immunitaires et\/ou inflammatoires r\u00e9pondant \u00e0 un apport \u00e9lev\u00e9 en acides gras Om\u00e9ga-3<\/li>\n<li>Alimentation quotidienne des chats en bonne sant\u00e9<\/li>\n<\/ul>\n<p><strong>Cet aliment est destin\u00e9 \u00e0 la prise en charge nutritionnelle d\u2019une maladie. Il est recommand\u00e9 de consulter votre v\u00e9t\u00e9rinaire.<\/strong><\/p>\n","protected":false},"featured_media":1451879,"template":"","meta":[],"product_cat":[12551,12581,2697],"product_tag":[],"class_list":{"0":"post-37377","1":"product","2":"type-product","3":"status-publish","4":"has-post-thumbnail","6":"product_cat-alimentation-du-chat","7":"product_cat-alimentation-medicalisee-pour-chat","8":"product_cat-chat","9":"pa_marque-specific","11":"first","12":"instock","13":"taxable","14":"shipping-taxable","15":"purchasable","16":"product-type-variable"},"yoast_head":"<!-- This site is optimized with the Yoast SEO plugin v27.3 - https:\/\/yoast.com\/product\/yoast-seo-wordpress\/ -->\n<title>FOD Skin Function Support - chat Specific - V\u00e9torino<\/title>\n<meta name=\"description\" content=\"Aliment di\u00e9t\u00e9tique complet destin\u00e9 au chat adulte et qui soutient la fonction dermique en cas de dermatose et de d\u00e9pilation. Utilisation :   Dermatite allergique due \u00e0 une atopie ou \u00e0 une allergie aux piq\u00fbres de puces  Probl\u00e8mes de peau et de pelage r\u00e9pondant \u00e0 un apport accru d\u2019acides gras polyinsatur\u00e9s, de vitamines et d\u2019oligo-\u00e9l\u00e9ments  Troubles immunitaires et\/ou inflammatoires r\u00e9pondant \u00e0 un apport \u00e9lev\u00e9 en acides gras Om\u00e9ga-3  Alimentation quotidienne des chats en bonne sant\u00e9  Cet aliment est destin\u00e9 \u00e0 la prise en charge nutritionnelle d\u2019une maladie. Il est recommand\u00e9 de consulter votre v\u00e9t\u00e9rinaire.\" \/>\n<meta name=\"robots\" content=\"noindex, nofollow\" \/>\n<meta property=\"og:locale\" content=\"fr_FR\" \/>\n<meta property=\"og:type\" content=\"article\" \/>\n<meta property=\"og:title\" content=\"FOD Skin Function Support - chat Specific - V\u00e9torino\" \/>\n<meta property=\"og:description\" content=\"Aliment di\u00e9t\u00e9tique complet destin\u00e9 au chat adulte et qui soutient la fonction dermique en cas de dermatose et de d\u00e9pilation. Utilisation :   Dermatite allergique due \u00e0 une atopie ou \u00e0 une allergie aux piq\u00fbres de puces  Probl\u00e8mes de peau et de pelage r\u00e9pondant \u00e0 un apport accru d\u2019acides gras polyinsatur\u00e9s, de vitamines et d\u2019oligo-\u00e9l\u00e9ments  Troubles immunitaires et\/ou inflammatoires r\u00e9pondant \u00e0 un apport \u00e9lev\u00e9 en acides gras Om\u00e9ga-3  Alimentation quotidienne des chats en bonne sant\u00e9  Cet aliment est destin\u00e9 \u00e0 la prise en charge nutritionnelle d\u2019une maladie. Il est recommand\u00e9 de consulter votre v\u00e9t\u00e9rinaire.\" \/>\n<meta property=\"og:url\" content=\"https:\/\/www.vetorino.com\/veterinaire\/plouzevede-29440\/boutique\/product\/specific-chat-fod-food-allergen-management\/\" \/>\n<meta property=\"og:site_name\" content=\"V\u00e9torino\" \/>\n<meta property=\"article:publisher\" content=\"https:\/\/www.facebook.com\/Vetorino\/\" \/>\n<meta property=\"article:modified_time\" content=\"2025-08-20T15:39:35+00:00\" \/>\n<meta property=\"og:image\" content=\"https:\/\/www.vetorino.com\/boutique\/wp-content\/uploads\/2020\/03\/chat-fod-skin-function-support-1.webp\" \/>\n\t<meta property=\"og:image:width\" content=\"800\" \/>\n\t<meta property=\"og:image:height\" content=\"800\" \/>\n\t<meta property=\"og:image:type\" content=\"image\/webp\" \/>\n<meta name=\"twitter:card\" content=\"summary_large_image\" \/>\n<meta name=\"twitter:label1\" content=\"Disponibilit\u00e9\" \/>\n\t<meta name=\"twitter:data1\" content=\"En stock\" \/>\n<script type=\"application\/ld+json\" class=\"yoast-schema-graph\">{\"@context\":\"https:\\\/\\\/schema.org\",\"@graph\":[{\"@type\":\"WebPage\",\"@id\":\"https:\\\/\\\/www.vetorino.com\\\/boutique\\\/product\\\/specific-chat-fod-food-allergen-management\\\/\",\"url\":\"https:\\\/\\\/www.vetorino.com\\\/boutique\\\/product\\\/specific-chat-fod-food-allergen-management\\\/\",\"name\":\"FOD Skin Function Support - chat Specific - V\u00e9torino\",\"isPartOf\":{\"@id\":\"https:\\\/\\\/www.vetorino.com\\\/boutique\\\/#website\"},\"primaryImageOfPage\":{\"@id\":\"https:\\\/\\\/www.vetorino.com\\\/boutique\\\/product\\\/specific-chat-fod-food-allergen-management\\\/#primaryimage\"},\"image\":{\"@id\":\"https:\\\/\\\/www.vetorino.com\\\/boutique\\\/product\\\/specific-chat-fod-food-allergen-management\\\/#primaryimage\"},\"thumbnailUrl\":\"https:\\\/\\\/www.vetorino.com\\\/boutique\\\/wp-content\\\/uploads\\\/2020\\\/03\\\/chat-fod-skin-function-support-1.webp\",\"datePublished\":\"2020-03-04T22:54:19+00:00\",\"dateModified\":\"2025-08-20T15:39:35+00:00\",\"description\":\"Aliment di\u00e9t\u00e9tique complet destin\u00e9 au chat adulte et qui soutient la fonction dermique en cas de dermatose et de d\u00e9pilation. Utilisation : Dermatite allergique due \u00e0 une atopie ou \u00e0 une allergie aux piq\u00fbres de puces Probl\u00e8mes de peau et de pelage r\u00e9pondant \u00e0 un apport accru d\u2019acides gras polyinsatur\u00e9s, de vitamines et d\u2019oligo-\u00e9l\u00e9ments Troubles immunitaires et\\\/ou inflammatoires r\u00e9pondant \u00e0 un apport \u00e9lev\u00e9 en acides gras Om\u00e9ga-3 Alimentation quotidienne des chats en bonne sant\u00e9 Cet aliment est destin\u00e9 \u00e0 la prise en charge nutritionnelle d\u2019une maladie. Il est recommand\u00e9 de consulter votre v\u00e9t\u00e9rinaire.\",\"breadcrumb\":{\"@id\":\"https:\\\/\\\/www.vetorino.com\\\/boutique\\\/product\\\/specific-chat-fod-food-allergen-management\\\/#breadcrumb\"},\"inLanguage\":\"fr-FR\",\"potentialAction\":[{\"@type\":\"ReadAction\",\"target\":[\"https:\\\/\\\/www.vetorino.com\\\/boutique\\\/product\\\/specific-chat-fod-food-allergen-management\\\/\"]}]},{\"@type\":\"ImageObject\",\"inLanguage\":\"fr-FR\",\"@id\":\"https:\\\/\\\/www.vetorino.com\\\/boutique\\\/product\\\/specific-chat-fod-food-allergen-management\\\/#primaryimage\",\"url\":\"https:\\\/\\\/www.vetorino.com\\\/boutique\\\/wp-content\\\/uploads\\\/2020\\\/03\\\/chat-fod-skin-function-support-1.webp\",\"contentUrl\":\"https:\\\/\\\/www.vetorino.com\\\/boutique\\\/wp-content\\\/uploads\\\/2020\\\/03\\\/chat-fod-skin-function-support-1.webp\",\"width\":800,\"height\":800},{\"@type\":\"BreadcrumbList\",\"@id\":\"https:\\\/\\\/www.vetorino.com\\\/boutique\\\/product\\\/specific-chat-fod-food-allergen-management\\\/#breadcrumb\",\"itemListElement\":[{\"@type\":\"ListItem\",\"position\":1,\"name\":\"Accueil\",\"item\":\"https:\\\/\\\/www.vetorino.com\\\/boutique\\\/\"},{\"@type\":\"ListItem\",\"position\":2,\"name\":\"Produits\",\"item\":\"https:\\\/\\\/www.vetorino.com\\\/boutique\\\/\"},{\"@type\":\"ListItem\",\"position\":3,\"name\":\"FOD Skin Function Support &#8211; chat\"}]},{\"@type\":\"WebSite\",\"@id\":\"https:\\\/\\\/www.vetorino.com\\\/boutique\\\/#website\",\"url\":\"https:\\\/\\\/www.vetorino.com\\\/boutique\\\/\",\"name\":\"V\u00e9torino\",\"description\":\"\",\"publisher\":{\"@id\":\"https:\\\/\\\/www.vetorino.com\\\/boutique\\\/#organization\"},\"potentialAction\":[{\"@type\":\"SearchAction\",\"target\":{\"@type\":\"EntryPoint\",\"urlTemplate\":\"https:\\\/\\\/www.vetorino.com\\\/boutique\\\/?s={search_term_string}\"},\"query-input\":{\"@type\":\"PropertyValueSpecification\",\"valueRequired\":true,\"valueName\":\"search_term_string\"}}],\"inLanguage\":\"fr-FR\"},{\"@type\":\"Organization\",\"@id\":\"https:\\\/\\\/www.vetorino.com\\\/boutique\\\/#organization\",\"name\":\"V\u00e9torino\",\"url\":\"https:\\\/\\\/www.vetorino.com\\\/boutique\\\/\",\"logo\":{\"@type\":\"ImageObject\",\"inLanguage\":\"fr-FR\",\"@id\":\"https:\\\/\\\/www.vetorino.com\\\/boutique\\\/#\\\/schema\\\/logo\\\/image\\\/\",\"url\":\"https:\\\/\\\/www.vetorino.com\\\/boutique\\\/wp-content\\\/uploads\\\/2024\\\/10\\\/logo.jpg\",\"contentUrl\":\"https:\\\/\\\/www.vetorino.com\\\/boutique\\\/wp-content\\\/uploads\\\/2024\\\/10\\\/logo.jpg\",\"width\":1200,\"height\":610,\"caption\":\"V\u00e9torino\"},\"image\":{\"@id\":\"https:\\\/\\\/www.vetorino.com\\\/boutique\\\/#\\\/schema\\\/logo\\\/image\\\/\"},\"sameAs\":[\"https:\\\/\\\/www.facebook.com\\\/Vetorino\\\/\",\"https:\\\/\\\/www.instagram.com\\\/vetorino_off\\\/\",\"https:\\\/\\\/www.linkedin.com\\\/company\\\/vtorino\\\/\"]}]}<\/script>\n<meta property=\"product:brand\" content=\"Specific\" \/>\n<meta property=\"og:availability\" content=\"instock\" \/>\n<meta property=\"product:availability\" content=\"instock\" \/>\n<meta property=\"product:condition\" content=\"new\" \/>\n<!-- \/ Yoast SEO plugin. -->","yoast_head_json":{"title":"FOD Skin Function Support - chat Specific - V\u00e9torino","description":"Aliment di\u00e9t\u00e9tique complet destin\u00e9 au chat adulte et qui soutient la fonction dermique en cas de dermatose et de d\u00e9pilation. Utilisation :   Dermatite allergique due \u00e0 une atopie ou \u00e0 une allergie aux piq\u00fbres de puces  Probl\u00e8mes de peau et de pelage r\u00e9pondant \u00e0 un apport accru d\u2019acides gras polyinsatur\u00e9s, de vitamines et d\u2019oligo-\u00e9l\u00e9ments  Troubles immunitaires et\/ou inflammatoires r\u00e9pondant \u00e0 un apport \u00e9lev\u00e9 en acides gras Om\u00e9ga-3  Alimentation quotidienne des chats en bonne sant\u00e9  Cet aliment est destin\u00e9 \u00e0 la prise en charge nutritionnelle d\u2019une maladie. Il est recommand\u00e9 de consulter votre v\u00e9t\u00e9rinaire.","robots":{"index":"noindex","follow":"nofollow"},"og_locale":"fr_FR","og_type":"article","og_title":"FOD Skin Function Support - chat Specific - V\u00e9torino","og_description":"Aliment di\u00e9t\u00e9tique complet destin\u00e9 au chat adulte et qui soutient la fonction dermique en cas de dermatose et de d\u00e9pilation. Utilisation :   Dermatite allergique due \u00e0 une atopie ou \u00e0 une allergie aux piq\u00fbres de puces  Probl\u00e8mes de peau et de pelage r\u00e9pondant \u00e0 un apport accru d\u2019acides gras polyinsatur\u00e9s, de vitamines et d\u2019oligo-\u00e9l\u00e9ments  Troubles immunitaires et\/ou inflammatoires r\u00e9pondant \u00e0 un apport \u00e9lev\u00e9 en acides gras Om\u00e9ga-3  Alimentation quotidienne des chats en bonne sant\u00e9  Cet aliment est destin\u00e9 \u00e0 la prise en charge nutritionnelle d\u2019une maladie. Il est recommand\u00e9 de consulter votre v\u00e9t\u00e9rinaire.","og_url":"https:\/\/www.vetorino.com\/veterinaire\/plouzevede-29440\/boutique\/product\/specific-chat-fod-food-allergen-management\/","og_site_name":"V\u00e9torino","article_publisher":"https:\/\/www.facebook.com\/Vetorino\/","article_modified_time":"2025-08-20T15:39:35+00:00","og_image":[{"width":800,"height":800,"url":"https:\/\/www.vetorino.com\/boutique\/wp-content\/uploads\/2020\/03\/chat-fod-skin-function-support-1.webp","type":"image\/webp"}],"twitter_card":"summary_large_image","twitter_misc":{"Disponibilit\u00e9":"En stock"},"schema":{"@context":"https:\/\/schema.org","@graph":[{"@type":"WebPage","@id":"https:\/\/www.vetorino.com\/boutique\/product\/specific-chat-fod-food-allergen-management\/","url":"https:\/\/www.vetorino.com\/boutique\/product\/specific-chat-fod-food-allergen-management\/","name":"FOD Skin Function Support - chat Specific - V\u00e9torino","isPartOf":{"@id":"https:\/\/www.vetorino.com\/boutique\/#website"},"primaryImageOfPage":{"@id":"https:\/\/www.vetorino.com\/boutique\/product\/specific-chat-fod-food-allergen-management\/#primaryimage"},"image":{"@id":"https:\/\/www.vetorino.com\/boutique\/product\/specific-chat-fod-food-allergen-management\/#primaryimage"},"thumbnailUrl":"https:\/\/www.vetorino.com\/boutique\/wp-content\/uploads\/2020\/03\/chat-fod-skin-function-support-1.webp","datePublished":"2020-03-04T22:54:19+00:00","dateModified":"2025-08-20T15:39:35+00:00","description":"Aliment di\u00e9t\u00e9tique complet destin\u00e9 au chat adulte et qui soutient la fonction dermique en cas de dermatose et de d\u00e9pilation. Utilisation : Dermatite allergique due \u00e0 une atopie ou \u00e0 une allergie aux piq\u00fbres de puces Probl\u00e8mes de peau et de pelage r\u00e9pondant \u00e0 un apport accru d\u2019acides gras polyinsatur\u00e9s, de vitamines et d\u2019oligo-\u00e9l\u00e9ments Troubles immunitaires et\/ou inflammatoires r\u00e9pondant \u00e0 un apport \u00e9lev\u00e9 en acides gras Om\u00e9ga-3 Alimentation quotidienne des chats en bonne sant\u00e9 Cet aliment est destin\u00e9 \u00e0 la prise en charge nutritionnelle d\u2019une maladie. Il est recommand\u00e9 de consulter votre v\u00e9t\u00e9rinaire.","breadcrumb":{"@id":"https:\/\/www.vetorino.com\/boutique\/product\/specific-chat-fod-food-allergen-management\/#breadcrumb"},"inLanguage":"fr-FR","potentialAction":[{"@type":"ReadAction","target":["https:\/\/www.vetorino.com\/boutique\/product\/specific-chat-fod-food-allergen-management\/"]}]},{"@type":"ImageObject","inLanguage":"fr-FR","@id":"https:\/\/www.vetorino.com\/boutique\/product\/specific-chat-fod-food-allergen-management\/#primaryimage","url":"https:\/\/www.vetorino.com\/boutique\/wp-content\/uploads\/2020\/03\/chat-fod-skin-function-support-1.webp","contentUrl":"https:\/\/www.vetorino.com\/boutique\/wp-content\/uploads\/2020\/03\/chat-fod-skin-function-support-1.webp","width":800,"height":800},{"@type":"BreadcrumbList","@id":"https:\/\/www.vetorino.com\/boutique\/product\/specific-chat-fod-food-allergen-management\/#breadcrumb","itemListElement":[{"@type":"ListItem","position":1,"name":"Accueil","item":"https:\/\/www.vetorino.com\/boutique\/"},{"@type":"ListItem","position":2,"name":"Produits","item":"https:\/\/www.vetorino.com\/boutique\/"},{"@type":"ListItem","position":3,"name":"FOD Skin Function Support &#8211; chat"}]},{"@type":"WebSite","@id":"https:\/\/www.vetorino.com\/boutique\/#website","url":"https:\/\/www.vetorino.com\/boutique\/","name":"V\u00e9torino","description":"","publisher":{"@id":"https:\/\/www.vetorino.com\/boutique\/#organization"},"potentialAction":[{"@type":"SearchAction","target":{"@type":"EntryPoint","urlTemplate":"https:\/\/www.vetorino.com\/boutique\/?s={search_term_string}"},"query-input":{"@type":"PropertyValueSpecification","valueRequired":true,"valueName":"search_term_string"}}],"inLanguage":"fr-FR"},{"@type":"Organization","@id":"https:\/\/www.vetorino.com\/boutique\/#organization","name":"V\u00e9torino","url":"https:\/\/www.vetorino.com\/boutique\/","logo":{"@type":"ImageObject","inLanguage":"fr-FR","@id":"https:\/\/www.vetorino.com\/boutique\/#\/schema\/logo\/image\/","url":"https:\/\/www.vetorino.com\/boutique\/wp-content\/uploads\/2024\/10\/logo.jpg","contentUrl":"https:\/\/www.vetorino.com\/boutique\/wp-content\/uploads\/2024\/10\/logo.jpg","width":1200,"height":610,"caption":"V\u00e9torino"},"image":{"@id":"https:\/\/www.vetorino.com\/boutique\/#\/schema\/logo\/image\/"},"sameAs":["https:\/\/www.facebook.com\/Vetorino\/","https:\/\/www.instagram.com\/vetorino_off\/","https:\/\/www.linkedin.com\/company\/vtorino\/"]}]},"product_brand":"Specific","og_availability":"instock","product_availability":"instock","product_condition":"new"},"_links":{"self":[{"href":"https:\/\/www.vetorino.com\/veterinaire\/plouzevede-29440\/boutique\/wp-json\/wp\/v2\/product\/37377","targetHints":{"allow":["GET"]}}],"collection":[{"href":"https:\/\/www.vetorino.com\/veterinaire\/plouzevede-29440\/boutique\/wp-json\/wp\/v2\/product"}],"about":[{"href":"https:\/\/www.vetorino.com\/veterinaire\/plouzevede-29440\/boutique\/wp-json\/wp\/v2\/types\/product"}],"wp:featuredmedia":[{"embeddable":true,"href":"https:\/\/www.vetorino.com\/veterinaire\/plouzevede-29440\/boutique\/wp-json\/wp\/v2\/media\/1451879"}],"wp:attachment":[{"href":"https:\/\/www.vetorino.com\/veterinaire\/plouzevede-29440\/boutique\/wp-json\/wp\/v2\/media?parent=37377"}],"wp:term":[{"taxonomy":"product_cat","embeddable":true,"href":"https:\/\/www.vetorino.com\/veterinaire\/plouzevede-29440\/boutique\/wp-json\/wp\/v2\/product_cat?post=37377"},{"taxonomy":"product_tag","embeddable":true,"href":"https:\/\/www.vetorino.com\/veterinaire\/plouzevede-29440\/boutique\/wp-json\/wp\/v2\/product_tag?post=37377"}],"curies":[{"name":"wp","href":"https:\/\/api.w.org\/{rel}","templated":true}]}}