{"id":37388,"date":"2020-03-04T23:54:23","date_gmt":"2020-03-04T22:54:23","guid":{"rendered":"https:\/\/www.vetorino.com\/boutique\/product\/cat-urinary-s-o-moderate-calorie-sachets-avec-morceaux\/"},"modified":"2025-11-03T16:30:10","modified_gmt":"2025-11-03T15:30:10","slug":"cat-urinary-s-o-moderate-calorie-sachets-avec-morceaux","status":"publish","type":"product","link":"https:\/\/www.vetorino.com\/veterinaire\/plouzevede-29440\/boutique\/product\/cat-urinary-s-o-moderate-calorie-sachets-avec-morceaux\/","title":{"rendered":"Urinary S\/O Moderate Calorie Morceaux &#8211; chat"},"content":{"rendered":"<p><strong>Aliment di\u00e9t\u00e9tique complet pour chats adultes souffrant d&#8217;affections du bas de l&#8217;appareil urinaire. Recommand\u00e9 pour le chat adulte dont le poids de forme est difficile \u00e0 maintenir.<\/strong><\/p>\n<p><strong>Utilisation :<\/strong><\/p>\n<ul>\n<li>Gestion des r\u00e9cidives d&#8217;Urolithiase \u00e0 struvite et \u00e0 oxalate de calcium<\/li>\n<li>Dissolution des calculs de struvite<\/li>\n<li>St\u00e9rilisation, embonpoint,\u00a0faible activit\u00e9<\/li>\n<\/ul>\n<p><strong>Contre indications :<\/strong><\/p>\n<ul>\n<li>Gestation, lactation, croissance<\/li>\n<li>Insuffisance r\u00e9nale chronique, acidose m\u00e9tabolique<\/li>\n<li>Insuffisance cardiaque<\/li>\n<\/ul>\n<p><strong>Bienfaits essentiels :<\/strong><\/p>\n<div class=\"tr\">\n<div class=\"atout_txt td\">\n<ul>\n<li>Permet de<strong>\u00a0dissoudre efficacement les calculs de struvite<\/strong>.<\/li>\n<li>Un apport r\u00e9duit en calories pour<strong>\u00a0contribuer \u00e0 maintenir un poids id\u00e9al<\/strong>.<\/li>\n<li>Diluer l&#8217;urine permet de\u00a0<strong>r\u00e9duire simultan\u00e9ment les concentrations urinaires de struvite et d&#8217;oxalate<\/strong>\u00a0de calcium. De plus, accro\u00eftre le volume urinaire permet un rin\u00e7age r\u00e9gulier de la vessie.<\/li>\n<li>Une urine sous-satur\u00e9e est une urine dans laquelle les cristaux ne peuvent pas cro\u00eetre. Ainsi le\u00a0<strong>milieu urinaire est d\u00e9favorable au d\u00e9veloppement des cristaux<\/strong>\u00a0de calcium de struvite et d&#8217;oxalate de calcium.<\/li>\n<\/ul>\n<p><strong><br \/>\nCet aliment est destin\u00e9 \u00e0 la prise en charge nutritionnelle d\u2019une maladie. Pour la sant\u00e9 de votre animal, il est recommand\u00e9 de consulter votre v\u00e9t\u00e9rinaire et de respecter scrupuleusement ses recommandations nutritionnelles.<\/strong><\/p>\n<\/div>\n<\/div>\n","protected":false},"excerpt":{"rendered":"<p><strong>Aliment di\u00e9t\u00e9tique complet pour chats adultes souffrant d&#8217;affections du bas de l&#8217;appareil urinaire. Recommand\u00e9 pour le chat adulte dont le poids de forme est difficile \u00e0 maintenir.<br \/>\n<\/strong><\/p>\n<p><strong>Utilisation :<\/strong><\/p>\n<ul>\n<li>Gestion des r\u00e9cidives d&#8217;Urolithiase \u00e0 struvite et \u00e0 oxalate de calcium<\/li>\n<li>Dissolution des calculs de struvite<\/li>\n<li>St\u00e9rilisation, embonpoint, faible activit\u00e9<\/li>\n<\/ul>\n","protected":false},"featured_media":1131352,"template":"","meta":[],"product_cat":[12551,12581,2697,12645],"product_tag":[],"class_list":{"0":"post-37388","1":"product","2":"type-product","3":"status-publish","4":"has-post-thumbnail","6":"product_cat-alimentation-du-chat","7":"product_cat-alimentation-medicalisee-pour-chat","8":"product_cat-chat","9":"product_cat-systeme-urinaire-du-chat","10":"pa_marque-royal-canin","12":"first","13":"instock","14":"taxable","15":"shipping-taxable","16":"purchasable","17":"product-type-simple"},"yoast_head":"<!-- This site is optimized with the Yoast SEO plugin v27.3 - https:\/\/yoast.com\/product\/yoast-seo-wordpress\/ -->\n<title>Veterinary Health Nutrition (Royal Canin) Urinary S\/O Moderate Calorie Morceaux - chat Royal Canin - V\u00e9torino<\/title>\n<meta name=\"description\" content=\"Aliment di\u00e9t\u00e9tique complet pour chats adultes souffrant d&#039;affections du bas de l&#039;appareil urinaire. Recommand\u00e9 pour le chat adulte dont le poids de forme est difficile \u00e0 maintenir.   Utilisation :   Gestion des r\u00e9cidives d&#039;Urolithiase \u00e0 struvite et \u00e0 oxalate de calcium  Dissolution des calculs de struvite  St\u00e9rilisation, embonpoint, faible activit\u00e9\" \/>\n<meta name=\"robots\" content=\"noindex, nofollow\" \/>\n<meta property=\"og:locale\" content=\"fr_FR\" \/>\n<meta property=\"og:type\" content=\"article\" \/>\n<meta property=\"og:title\" content=\"Veterinary Health Nutrition (Royal Canin) Urinary S\/O Moderate Calorie Morceaux - chat Royal Canin - V\u00e9torino\" \/>\n<meta property=\"og:description\" content=\"Aliment di\u00e9t\u00e9tique complet pour chats adultes souffrant d&#039;affections du bas de l&#039;appareil urinaire. Recommand\u00e9 pour le chat adulte dont le poids de forme est difficile \u00e0 maintenir.   Utilisation :   Gestion des r\u00e9cidives d&#039;Urolithiase \u00e0 struvite et \u00e0 oxalate de calcium  Dissolution des calculs de struvite  St\u00e9rilisation, embonpoint, faible activit\u00e9\" \/>\n<meta property=\"og:url\" content=\"https:\/\/www.vetorino.com\/veterinaire\/plouzevede-29440\/boutique\/product\/cat-urinary-s-o-moderate-calorie-sachets-avec-morceaux\/\" \/>\n<meta property=\"og:site_name\" content=\"V\u00e9torino\" \/>\n<meta property=\"article:publisher\" content=\"https:\/\/www.facebook.com\/Vetorino\/\" \/>\n<meta property=\"article:modified_time\" content=\"2025-11-03T15:30:10+00:00\" \/>\n<meta property=\"og:image\" content=\"https:\/\/www.vetorino.com\/boutique\/wp-content\/uploads\/2020\/03\/rc_vet_wet_caturinarysomc_mv_eretailkit_1_de_de_1.jpg\" \/>\n\t<meta property=\"og:image:width\" content=\"800\" \/>\n\t<meta property=\"og:image:height\" content=\"800\" \/>\n\t<meta property=\"og:image:type\" content=\"image\/jpeg\" \/>\n<meta name=\"twitter:card\" content=\"summary_large_image\" \/>\n<meta name=\"twitter:label1\" content=\"Prix\" \/>\n\t<meta name=\"twitter:data1\" content=\"19,42&euro;\" \/>\n\t<meta name=\"twitter:label2\" content=\"Disponibilit\u00e9\" \/>\n\t<meta name=\"twitter:data2\" content=\"En stock\" \/>\n<script type=\"application\/ld+json\" class=\"yoast-schema-graph\">{\"@context\":\"https:\\\/\\\/schema.org\",\"@graph\":[{\"@type\":\"WebPage\",\"@id\":\"https:\\\/\\\/www.vetorino.com\\\/veterinaire\\\/briancon-05100\\\/boutique\\\/product\\\/cat-urinary-s-o-moderate-calorie-sachets-avec-morceaux\\\/\",\"url\":\"https:\\\/\\\/www.vetorino.com\\\/veterinaire\\\/briancon-05100\\\/boutique\\\/product\\\/cat-urinary-s-o-moderate-calorie-sachets-avec-morceaux\\\/\",\"name\":\"Veterinary Health Nutrition (Royal Canin) Urinary S\\\/O Moderate Calorie Morceaux - chat Royal Canin - V\u00e9torino\",\"isPartOf\":{\"@id\":\"https:\\\/\\\/www.vetorino.com\\\/boutique\\\/#website\"},\"primaryImageOfPage\":{\"@id\":\"https:\\\/\\\/www.vetorino.com\\\/veterinaire\\\/briancon-05100\\\/boutique\\\/product\\\/cat-urinary-s-o-moderate-calorie-sachets-avec-morceaux\\\/#primaryimage\"},\"image\":{\"@id\":\"https:\\\/\\\/www.vetorino.com\\\/veterinaire\\\/briancon-05100\\\/boutique\\\/product\\\/cat-urinary-s-o-moderate-calorie-sachets-avec-morceaux\\\/#primaryimage\"},\"thumbnailUrl\":\"https:\\\/\\\/www.vetorino.com\\\/boutique\\\/wp-content\\\/uploads\\\/2020\\\/03\\\/rc_vet_wet_caturinarysomc_mv_eretailkit_1_de_de_1.jpg\",\"datePublished\":\"2020-03-04T22:54:23+00:00\",\"dateModified\":\"2025-11-03T15:30:10+00:00\",\"description\":\"Aliment di\u00e9t\u00e9tique complet pour chats adultes souffrant d'affections du bas de l'appareil urinaire. Recommand\u00e9 pour le chat adulte dont le poids de forme est difficile \u00e0 maintenir. Utilisation : Gestion des r\u00e9cidives d'Urolithiase \u00e0 struvite et \u00e0 oxalate de calcium Dissolution des calculs de struvite St\u00e9rilisation, embonpoint, faible activit\u00e9\",\"breadcrumb\":{\"@id\":\"https:\\\/\\\/www.vetorino.com\\\/veterinaire\\\/briancon-05100\\\/boutique\\\/product\\\/cat-urinary-s-o-moderate-calorie-sachets-avec-morceaux\\\/#breadcrumb\"},\"inLanguage\":\"fr-FR\",\"potentialAction\":[{\"@type\":\"ReadAction\",\"target\":[\"https:\\\/\\\/www.vetorino.com\\\/veterinaire\\\/briancon-05100\\\/boutique\\\/product\\\/cat-urinary-s-o-moderate-calorie-sachets-avec-morceaux\\\/\"]}]},{\"@type\":\"ImageObject\",\"inLanguage\":\"fr-FR\",\"@id\":\"https:\\\/\\\/www.vetorino.com\\\/veterinaire\\\/briancon-05100\\\/boutique\\\/product\\\/cat-urinary-s-o-moderate-calorie-sachets-avec-morceaux\\\/#primaryimage\",\"url\":\"https:\\\/\\\/www.vetorino.com\\\/boutique\\\/wp-content\\\/uploads\\\/2020\\\/03\\\/rc_vet_wet_caturinarysomc_mv_eretailkit_1_de_de_1.jpg\",\"contentUrl\":\"https:\\\/\\\/www.vetorino.com\\\/boutique\\\/wp-content\\\/uploads\\\/2020\\\/03\\\/rc_vet_wet_caturinarysomc_mv_eretailkit_1_de_de_1.jpg\",\"width\":800,\"height\":800},{\"@type\":\"BreadcrumbList\",\"@id\":\"https:\\\/\\\/www.vetorino.com\\\/veterinaire\\\/briancon-05100\\\/boutique\\\/product\\\/cat-urinary-s-o-moderate-calorie-sachets-avec-morceaux\\\/#breadcrumb\",\"itemListElement\":[{\"@type\":\"ListItem\",\"position\":1,\"name\":\"Accueil\",\"item\":\"https:\\\/\\\/www.vetorino.com\\\/boutique\\\/\"},{\"@type\":\"ListItem\",\"position\":2,\"name\":\"Produits\",\"item\":\"https:\\\/\\\/www.vetorino.com\\\/boutique\\\/\"},{\"@type\":\"ListItem\",\"position\":3,\"name\":\"Urinary S\\\/O Moderate Calorie Morceaux &#8211; chat\"}]},{\"@type\":\"WebSite\",\"@id\":\"https:\\\/\\\/www.vetorino.com\\\/boutique\\\/#website\",\"url\":\"https:\\\/\\\/www.vetorino.com\\\/boutique\\\/\",\"name\":\"V\u00e9torino\",\"description\":\"\",\"publisher\":{\"@id\":\"https:\\\/\\\/www.vetorino.com\\\/boutique\\\/#organization\"},\"potentialAction\":[{\"@type\":\"SearchAction\",\"target\":{\"@type\":\"EntryPoint\",\"urlTemplate\":\"https:\\\/\\\/www.vetorino.com\\\/boutique\\\/?s={search_term_string}\"},\"query-input\":{\"@type\":\"PropertyValueSpecification\",\"valueRequired\":true,\"valueName\":\"search_term_string\"}}],\"inLanguage\":\"fr-FR\"},{\"@type\":\"Organization\",\"@id\":\"https:\\\/\\\/www.vetorino.com\\\/boutique\\\/#organization\",\"name\":\"V\u00e9torino\",\"url\":\"https:\\\/\\\/www.vetorino.com\\\/boutique\\\/\",\"logo\":{\"@type\":\"ImageObject\",\"inLanguage\":\"fr-FR\",\"@id\":\"https:\\\/\\\/www.vetorino.com\\\/boutique\\\/#\\\/schema\\\/logo\\\/image\\\/\",\"url\":\"https:\\\/\\\/www.vetorino.com\\\/boutique\\\/wp-content\\\/uploads\\\/2024\\\/10\\\/logo.jpg\",\"contentUrl\":\"https:\\\/\\\/www.vetorino.com\\\/boutique\\\/wp-content\\\/uploads\\\/2024\\\/10\\\/logo.jpg\",\"width\":1200,\"height\":610,\"caption\":\"V\u00e9torino\"},\"image\":{\"@id\":\"https:\\\/\\\/www.vetorino.com\\\/boutique\\\/#\\\/schema\\\/logo\\\/image\\\/\"},\"sameAs\":[\"https:\\\/\\\/www.facebook.com\\\/Vetorino\\\/\",\"https:\\\/\\\/www.instagram.com\\\/vetorino_off\\\/\",\"https:\\\/\\\/www.linkedin.com\\\/company\\\/vtorino\\\/\"]}]}<\/script>\n<meta property=\"product:brand\" content=\"Royal Canin\" \/>\n<meta property=\"product:price:amount\" content=\"19.42\" \/>\n<meta property=\"product:price:currency\" content=\"EUR\" \/>\n<meta property=\"og:availability\" content=\"instock\" \/>\n<meta property=\"product:availability\" content=\"instock\" \/>\n<meta property=\"product:retailer_item_id\" content=\"A-1836520\" \/>\n<meta property=\"product:condition\" content=\"new\" \/>\n<!-- \/ Yoast SEO plugin. -->","yoast_head_json":{"title":"Veterinary Health Nutrition (Royal Canin) Urinary S\/O Moderate Calorie Morceaux - chat Royal Canin - V\u00e9torino","description":"Aliment di\u00e9t\u00e9tique complet pour chats adultes souffrant d'affections du bas de l'appareil urinaire. Recommand\u00e9 pour le chat adulte dont le poids de forme est difficile \u00e0 maintenir.   Utilisation :   Gestion des r\u00e9cidives d'Urolithiase \u00e0 struvite et \u00e0 oxalate de calcium  Dissolution des calculs de struvite  St\u00e9rilisation, embonpoint, faible activit\u00e9","robots":{"index":"noindex","follow":"nofollow"},"og_locale":"fr_FR","og_type":"article","og_title":"Veterinary Health Nutrition (Royal Canin) Urinary S\/O Moderate Calorie Morceaux - chat Royal Canin - V\u00e9torino","og_description":"Aliment di\u00e9t\u00e9tique complet pour chats adultes souffrant d'affections du bas de l'appareil urinaire. Recommand\u00e9 pour le chat adulte dont le poids de forme est difficile \u00e0 maintenir.   Utilisation :   Gestion des r\u00e9cidives d'Urolithiase \u00e0 struvite et \u00e0 oxalate de calcium  Dissolution des calculs de struvite  St\u00e9rilisation, embonpoint, faible activit\u00e9","og_url":"https:\/\/www.vetorino.com\/veterinaire\/plouzevede-29440\/boutique\/product\/cat-urinary-s-o-moderate-calorie-sachets-avec-morceaux\/","og_site_name":"V\u00e9torino","article_publisher":"https:\/\/www.facebook.com\/Vetorino\/","article_modified_time":"2025-11-03T15:30:10+00:00","og_image":[{"width":800,"height":800,"url":"https:\/\/www.vetorino.com\/boutique\/wp-content\/uploads\/2020\/03\/rc_vet_wet_caturinarysomc_mv_eretailkit_1_de_de_1.jpg","type":"image\/jpeg"}],"twitter_card":"summary_large_image","twitter_misc":{"Prix":"19,42&euro;","Disponibilit\u00e9":"En stock"},"schema":{"@context":"https:\/\/schema.org","@graph":[{"@type":"WebPage","@id":"https:\/\/www.vetorino.com\/veterinaire\/briancon-05100\/boutique\/product\/cat-urinary-s-o-moderate-calorie-sachets-avec-morceaux\/","url":"https:\/\/www.vetorino.com\/veterinaire\/briancon-05100\/boutique\/product\/cat-urinary-s-o-moderate-calorie-sachets-avec-morceaux\/","name":"Veterinary Health Nutrition (Royal Canin) Urinary S\/O Moderate Calorie Morceaux - chat Royal Canin - V\u00e9torino","isPartOf":{"@id":"https:\/\/www.vetorino.com\/boutique\/#website"},"primaryImageOfPage":{"@id":"https:\/\/www.vetorino.com\/veterinaire\/briancon-05100\/boutique\/product\/cat-urinary-s-o-moderate-calorie-sachets-avec-morceaux\/#primaryimage"},"image":{"@id":"https:\/\/www.vetorino.com\/veterinaire\/briancon-05100\/boutique\/product\/cat-urinary-s-o-moderate-calorie-sachets-avec-morceaux\/#primaryimage"},"thumbnailUrl":"https:\/\/www.vetorino.com\/boutique\/wp-content\/uploads\/2020\/03\/rc_vet_wet_caturinarysomc_mv_eretailkit_1_de_de_1.jpg","datePublished":"2020-03-04T22:54:23+00:00","dateModified":"2025-11-03T15:30:10+00:00","description":"Aliment di\u00e9t\u00e9tique complet pour chats adultes souffrant d'affections du bas de l'appareil urinaire. Recommand\u00e9 pour le chat adulte dont le poids de forme est difficile \u00e0 maintenir. Utilisation : Gestion des r\u00e9cidives d'Urolithiase \u00e0 struvite et \u00e0 oxalate de calcium Dissolution des calculs de struvite St\u00e9rilisation, embonpoint, faible activit\u00e9","breadcrumb":{"@id":"https:\/\/www.vetorino.com\/veterinaire\/briancon-05100\/boutique\/product\/cat-urinary-s-o-moderate-calorie-sachets-avec-morceaux\/#breadcrumb"},"inLanguage":"fr-FR","potentialAction":[{"@type":"ReadAction","target":["https:\/\/www.vetorino.com\/veterinaire\/briancon-05100\/boutique\/product\/cat-urinary-s-o-moderate-calorie-sachets-avec-morceaux\/"]}]},{"@type":"ImageObject","inLanguage":"fr-FR","@id":"https:\/\/www.vetorino.com\/veterinaire\/briancon-05100\/boutique\/product\/cat-urinary-s-o-moderate-calorie-sachets-avec-morceaux\/#primaryimage","url":"https:\/\/www.vetorino.com\/boutique\/wp-content\/uploads\/2020\/03\/rc_vet_wet_caturinarysomc_mv_eretailkit_1_de_de_1.jpg","contentUrl":"https:\/\/www.vetorino.com\/boutique\/wp-content\/uploads\/2020\/03\/rc_vet_wet_caturinarysomc_mv_eretailkit_1_de_de_1.jpg","width":800,"height":800},{"@type":"BreadcrumbList","@id":"https:\/\/www.vetorino.com\/veterinaire\/briancon-05100\/boutique\/product\/cat-urinary-s-o-moderate-calorie-sachets-avec-morceaux\/#breadcrumb","itemListElement":[{"@type":"ListItem","position":1,"name":"Accueil","item":"https:\/\/www.vetorino.com\/boutique\/"},{"@type":"ListItem","position":2,"name":"Produits","item":"https:\/\/www.vetorino.com\/boutique\/"},{"@type":"ListItem","position":3,"name":"Urinary S\/O Moderate Calorie Morceaux &#8211; chat"}]},{"@type":"WebSite","@id":"https:\/\/www.vetorino.com\/boutique\/#website","url":"https:\/\/www.vetorino.com\/boutique\/","name":"V\u00e9torino","description":"","publisher":{"@id":"https:\/\/www.vetorino.com\/boutique\/#organization"},"potentialAction":[{"@type":"SearchAction","target":{"@type":"EntryPoint","urlTemplate":"https:\/\/www.vetorino.com\/boutique\/?s={search_term_string}"},"query-input":{"@type":"PropertyValueSpecification","valueRequired":true,"valueName":"search_term_string"}}],"inLanguage":"fr-FR"},{"@type":"Organization","@id":"https:\/\/www.vetorino.com\/boutique\/#organization","name":"V\u00e9torino","url":"https:\/\/www.vetorino.com\/boutique\/","logo":{"@type":"ImageObject","inLanguage":"fr-FR","@id":"https:\/\/www.vetorino.com\/boutique\/#\/schema\/logo\/image\/","url":"https:\/\/www.vetorino.com\/boutique\/wp-content\/uploads\/2024\/10\/logo.jpg","contentUrl":"https:\/\/www.vetorino.com\/boutique\/wp-content\/uploads\/2024\/10\/logo.jpg","width":1200,"height":610,"caption":"V\u00e9torino"},"image":{"@id":"https:\/\/www.vetorino.com\/boutique\/#\/schema\/logo\/image\/"},"sameAs":["https:\/\/www.facebook.com\/Vetorino\/","https:\/\/www.instagram.com\/vetorino_off\/","https:\/\/www.linkedin.com\/company\/vtorino\/"]}]},"product_brand":"Royal Canin","product_price_amount":"19.42","product_price_currency":"EUR","og_availability":"instock","product_availability":"instock","product_retailer_item_id":"A-1836520","product_condition":"new"},"_links":{"self":[{"href":"https:\/\/www.vetorino.com\/veterinaire\/plouzevede-29440\/boutique\/wp-json\/wp\/v2\/product\/37388","targetHints":{"allow":["GET"]}}],"collection":[{"href":"https:\/\/www.vetorino.com\/veterinaire\/plouzevede-29440\/boutique\/wp-json\/wp\/v2\/product"}],"about":[{"href":"https:\/\/www.vetorino.com\/veterinaire\/plouzevede-29440\/boutique\/wp-json\/wp\/v2\/types\/product"}],"wp:featuredmedia":[{"embeddable":true,"href":"https:\/\/www.vetorino.com\/veterinaire\/plouzevede-29440\/boutique\/wp-json\/wp\/v2\/media\/1131352"}],"wp:attachment":[{"href":"https:\/\/www.vetorino.com\/veterinaire\/plouzevede-29440\/boutique\/wp-json\/wp\/v2\/media?parent=37388"}],"wp:term":[{"taxonomy":"product_cat","embeddable":true,"href":"https:\/\/www.vetorino.com\/veterinaire\/plouzevede-29440\/boutique\/wp-json\/wp\/v2\/product_cat?post=37388"},{"taxonomy":"product_tag","embeddable":true,"href":"https:\/\/www.vetorino.com\/veterinaire\/plouzevede-29440\/boutique\/wp-json\/wp\/v2\/product_tag?post=37388"}],"curies":[{"name":"wp","href":"https:\/\/api.w.org\/{rel}","templated":true}]}}