{"id":37458,"date":"2020-03-04T23:54:48","date_gmt":"2020-03-04T22:54:48","guid":{"rendered":"https:\/\/www.vetorino.com\/boutique\/product\/vet-hpm-cat-urology-dp\/"},"modified":"2025-11-06T14:39:51","modified_gmt":"2025-11-06T13:39:51","slug":"vet-hpm-cat-urology-dp","status":"publish","type":"product","link":"https:\/\/www.vetorino.com\/veterinaire\/plouzevede-29440\/boutique\/product\/vet-hpm-cat-urology-dp\/","title":{"rendered":"U2 Urology Dissolution &amp; Prevention &#8211; chat"},"content":{"rendered":"<p><strong>L&#8217;aliment VETERINARY HMP &#8211; Weight Loss &amp; Control Cat est un aliment di\u00e9t\u00e9tique et \u00e9quilibr\u00e9\u00a0destin\u00e9 \u00e0 la prise en charge nutritionnelle des chats sujets \u00e0 la formation de calculs de struvite et d\u2019oxalate.<\/strong><\/p>\n<p>Avec une formulation pauvre en glucides et riche en prot\u00e9ines, dont une grande majorit\u00e9 de prot\u00e9ines animales, il respecte les besoins nutritionnels des carnivores.<\/p>\n<p><strong>Utilisation :<\/strong><\/p>\n<ul>\n<li>Chat sujet aux calculs urinaires de struvite et d&#8217;oxalate.<\/li>\n<\/ul>\n<p><strong>Bienfaits essentiels :<\/strong><\/p>\n<ul>\n<li>Dissolution des struvites existants et pr\u00e9vention des nouveaux cristaux (Struvite RSS)<\/li>\n<li>Limitation de la formulation des cristaux d\u2019oxalate<\/li>\n<li>Augmentation du volume urinaire et des mictions (sodium et prot\u00e9ines)<\/li>\n<li>Optimisation du pH urinaire (prot\u00e9ines d\u2019origine animale)<\/li>\n<li>Maintien du poids optimal (densit\u00e9 \u00e9nerg\u00e9tique mod\u00e9r\u00e9e)<\/li>\n<\/ul>\n<p><strong>Efficaci\u00e9 urinaire garantie :<br \/>\n<\/strong>Si apr\u00e8s la consommation de l\u2019aliment Veterinary HPM\u00ae\u00a0U1 ou U2 le chat ne montre pas de r\u00e9duction des cristaux urinaires de struvite et\/ou oxalate ou s\u2019il en pr\u00e9sente alors qu\u2019il en \u00e9tait exempt et que des frais v\u00e9t\u00e9rinaires sont engendr\u00e9s, alors Virbac s&#8217;engage \u00e0 vous rembourser.\u00a0Pour en savoir plus\u00a0t\u00e9l\u00e9chargez le formulaire disponible dans l&#8217;onglet &#8220;Documents&#8221;.<strong><br \/>\n<\/strong><\/p>\n<p><strong>Aliment fabriqu\u00e9 en France :<br \/>\n<\/strong>C\u2019est dans le sud de la France, au sein de Virbac Nutrition \u00e0 Vauvert (Camargue), que la gamme est produite et conditionn\u00e9e.<br \/>\nLes aliments sont issus d\u2019une expertise d\u00e9di\u00e9e \u00e0 la nutrition pour chiens et chats afin de r\u00e9pondre aux exigences des propri\u00e9taires en mati\u00e8re de qualit\u00e9, tra\u00e7abilit\u00e9 et s\u00e9curit\u00e9 alimentaire.<\/p>\n<p><strong>Cet aliment est destin\u00e9 \u00e0 la prise en charge nutritionnelle d\u2019une maladie. Pour la sant\u00e9 de votre chat, il est recommand\u00e9 de consulter votre v\u00e9t\u00e9rinaire et de respecter scrupuleusement ses recommandations nutritionnelles.<\/strong><\/p>\n","protected":false},"excerpt":{"rendered":"<p><strong>Virbac U2 Urology Dissolution &amp; Prevention Cat <\/strong>est un aliment di\u00e9t\u00e9tique et \u00e9quilibr\u00e9 destin\u00e9 \u00e0 la prise en charge nutritionnelle des chats sujets \u00e0 la formation de calculs de struvite et d\u2019oxalate.<\/p>\n<p><strong>Utilisation :<\/strong><\/p>\n<ul>\n<li>Chat sujet aux calculs urinaires de struvite et d&#8217;oxalate.<\/li>\n<\/ul>\n","protected":false},"featured_media":902442,"template":"","meta":[],"product_cat":[12551,12581,2697],"product_tag":[],"class_list":{"0":"post-37458","1":"product","2":"type-product","3":"status-publish","4":"has-post-thumbnail","6":"product_cat-alimentation-du-chat","7":"product_cat-alimentation-medicalisee-pour-chat","8":"product_cat-chat","9":"pa_marque-virbac","11":"first","12":"instock","13":"taxable","14":"shipping-taxable","15":"purchasable","16":"product-type-variable"},"yoast_head":"<!-- This site is optimized with the Yoast SEO plugin v27.3 - https:\/\/yoast.com\/product\/yoast-seo-wordpress\/ -->\n<title>Veterinary HPM (Virbac) U2 Urology Dissolution &amp; Prevention - chat Virbac - V\u00e9torino<\/title>\n<meta name=\"description\" content=\"Virbac U2 Urology Dissolution &amp; Prevention Cat est un aliment di\u00e9t\u00e9tique et \u00e9quilibr\u00e9 destin\u00e9 \u00e0 la prise en charge nutritionnelle des chats sujets \u00e0 la formation de calculs de struvite et d\u2019oxalate.  Utilisation :   Chat sujet aux calculs urinaires de struvite et d&#039;oxalate.\" \/>\n<meta name=\"robots\" content=\"noindex, nofollow\" \/>\n<meta property=\"og:locale\" content=\"fr_FR\" \/>\n<meta property=\"og:type\" content=\"article\" \/>\n<meta property=\"og:title\" content=\"Veterinary HPM (Virbac) U2 Urology Dissolution &amp; Prevention - chat Virbac - V\u00e9torino\" \/>\n<meta property=\"og:description\" content=\"Virbac U2 Urology Dissolution &amp; Prevention Cat est un aliment di\u00e9t\u00e9tique et \u00e9quilibr\u00e9 destin\u00e9 \u00e0 la prise en charge nutritionnelle des chats sujets \u00e0 la formation de calculs de struvite et d\u2019oxalate.  Utilisation :   Chat sujet aux calculs urinaires de struvite et d&#039;oxalate.\" \/>\n<meta property=\"og:url\" content=\"https:\/\/www.vetorino.com\/veterinaire\/plouzevede-29440\/boutique\/product\/vet-hpm-cat-urology-dp\/\" \/>\n<meta property=\"og:site_name\" content=\"V\u00e9torino\" \/>\n<meta property=\"article:publisher\" content=\"https:\/\/www.facebook.com\/Vetorino\/\" \/>\n<meta property=\"article:modified_time\" content=\"2025-11-06T13:39:51+00:00\" \/>\n<meta property=\"og:image\" content=\"https:\/\/www.vetorino.com\/boutique\/wp-content\/uploads\/2020\/03\/u2-urology-dissolution-prevention-cat.jpg\" \/>\n\t<meta property=\"og:image:width\" content=\"458\" \/>\n\t<meta property=\"og:image:height\" content=\"458\" \/>\n\t<meta property=\"og:image:type\" content=\"image\/jpeg\" \/>\n<meta name=\"twitter:card\" content=\"summary_large_image\" \/>\n<meta name=\"twitter:label1\" content=\"Disponibilit\u00e9\" \/>\n\t<meta name=\"twitter:data1\" content=\"En stock\" \/>\n<script type=\"application\/ld+json\" class=\"yoast-schema-graph\">{\"@context\":\"https:\\\/\\\/schema.org\",\"@graph\":[{\"@type\":\"WebPage\",\"@id\":\"https:\\\/\\\/www.vetorino.com\\\/boutique\\\/product\\\/vet-hpm-cat-urology-dp\\\/\",\"url\":\"https:\\\/\\\/www.vetorino.com\\\/boutique\\\/product\\\/vet-hpm-cat-urology-dp\\\/\",\"name\":\"Veterinary HPM (Virbac) U2 Urology Dissolution &amp; Prevention - chat Virbac - V\u00e9torino\",\"isPartOf\":{\"@id\":\"https:\\\/\\\/www.vetorino.com\\\/boutique\\\/#website\"},\"primaryImageOfPage\":{\"@id\":\"https:\\\/\\\/www.vetorino.com\\\/boutique\\\/product\\\/vet-hpm-cat-urology-dp\\\/#primaryimage\"},\"image\":{\"@id\":\"https:\\\/\\\/www.vetorino.com\\\/boutique\\\/product\\\/vet-hpm-cat-urology-dp\\\/#primaryimage\"},\"thumbnailUrl\":\"https:\\\/\\\/www.vetorino.com\\\/boutique\\\/wp-content\\\/uploads\\\/2020\\\/03\\\/u2-urology-dissolution-prevention-cat.jpg\",\"datePublished\":\"2020-03-04T22:54:48+00:00\",\"dateModified\":\"2025-11-06T13:39:51+00:00\",\"description\":\"Virbac U2 Urology Dissolution &amp; Prevention Cat est un aliment di\u00e9t\u00e9tique et \u00e9quilibr\u00e9 destin\u00e9 \u00e0 la prise en charge nutritionnelle des chats sujets \u00e0 la formation de calculs de struvite et d\u2019oxalate. Utilisation : Chat sujet aux calculs urinaires de struvite et d'oxalate.\",\"breadcrumb\":{\"@id\":\"https:\\\/\\\/www.vetorino.com\\\/boutique\\\/product\\\/vet-hpm-cat-urology-dp\\\/#breadcrumb\"},\"inLanguage\":\"fr-FR\",\"potentialAction\":[{\"@type\":\"ReadAction\",\"target\":[\"https:\\\/\\\/www.vetorino.com\\\/boutique\\\/product\\\/vet-hpm-cat-urology-dp\\\/\"]}]},{\"@type\":\"ImageObject\",\"inLanguage\":\"fr-FR\",\"@id\":\"https:\\\/\\\/www.vetorino.com\\\/boutique\\\/product\\\/vet-hpm-cat-urology-dp\\\/#primaryimage\",\"url\":\"https:\\\/\\\/www.vetorino.com\\\/boutique\\\/wp-content\\\/uploads\\\/2020\\\/03\\\/u2-urology-dissolution-prevention-cat.jpg\",\"contentUrl\":\"https:\\\/\\\/www.vetorino.com\\\/boutique\\\/wp-content\\\/uploads\\\/2020\\\/03\\\/u2-urology-dissolution-prevention-cat.jpg\",\"width\":458,\"height\":458},{\"@type\":\"BreadcrumbList\",\"@id\":\"https:\\\/\\\/www.vetorino.com\\\/boutique\\\/product\\\/vet-hpm-cat-urology-dp\\\/#breadcrumb\",\"itemListElement\":[{\"@type\":\"ListItem\",\"position\":1,\"name\":\"Accueil\",\"item\":\"https:\\\/\\\/www.vetorino.com\\\/boutique\\\/\"},{\"@type\":\"ListItem\",\"position\":2,\"name\":\"Produits\",\"item\":\"https:\\\/\\\/www.vetorino.com\\\/boutique\\\/\"},{\"@type\":\"ListItem\",\"position\":3,\"name\":\"U2 Urology Dissolution &amp; Prevention &#8211; chat\"}]},{\"@type\":\"WebSite\",\"@id\":\"https:\\\/\\\/www.vetorino.com\\\/boutique\\\/#website\",\"url\":\"https:\\\/\\\/www.vetorino.com\\\/boutique\\\/\",\"name\":\"V\u00e9torino\",\"description\":\"\",\"publisher\":{\"@id\":\"https:\\\/\\\/www.vetorino.com\\\/boutique\\\/#organization\"},\"potentialAction\":[{\"@type\":\"SearchAction\",\"target\":{\"@type\":\"EntryPoint\",\"urlTemplate\":\"https:\\\/\\\/www.vetorino.com\\\/boutique\\\/?s={search_term_string}\"},\"query-input\":{\"@type\":\"PropertyValueSpecification\",\"valueRequired\":true,\"valueName\":\"search_term_string\"}}],\"inLanguage\":\"fr-FR\"},{\"@type\":\"Organization\",\"@id\":\"https:\\\/\\\/www.vetorino.com\\\/boutique\\\/#organization\",\"name\":\"V\u00e9torino\",\"url\":\"https:\\\/\\\/www.vetorino.com\\\/boutique\\\/\",\"logo\":{\"@type\":\"ImageObject\",\"inLanguage\":\"fr-FR\",\"@id\":\"https:\\\/\\\/www.vetorino.com\\\/boutique\\\/#\\\/schema\\\/logo\\\/image\\\/\",\"url\":\"https:\\\/\\\/www.vetorino.com\\\/boutique\\\/wp-content\\\/uploads\\\/2024\\\/10\\\/logo.jpg\",\"contentUrl\":\"https:\\\/\\\/www.vetorino.com\\\/boutique\\\/wp-content\\\/uploads\\\/2024\\\/10\\\/logo.jpg\",\"width\":1200,\"height\":610,\"caption\":\"V\u00e9torino\"},\"image\":{\"@id\":\"https:\\\/\\\/www.vetorino.com\\\/boutique\\\/#\\\/schema\\\/logo\\\/image\\\/\"},\"sameAs\":[\"https:\\\/\\\/www.facebook.com\\\/Vetorino\\\/\",\"https:\\\/\\\/www.instagram.com\\\/vetorino_off\\\/\",\"https:\\\/\\\/www.linkedin.com\\\/company\\\/vtorino\\\/\"]}]}<\/script>\n<meta property=\"product:brand\" content=\"Virbac\" \/>\n<meta property=\"og:availability\" content=\"instock\" \/>\n<meta property=\"product:availability\" content=\"instock\" \/>\n<meta property=\"product:condition\" content=\"new\" \/>\n<!-- \/ Yoast SEO plugin. -->","yoast_head_json":{"title":"Veterinary HPM (Virbac) U2 Urology Dissolution &amp; Prevention - chat Virbac - V\u00e9torino","description":"Virbac U2 Urology Dissolution &amp; Prevention Cat est un aliment di\u00e9t\u00e9tique et \u00e9quilibr\u00e9 destin\u00e9 \u00e0 la prise en charge nutritionnelle des chats sujets \u00e0 la formation de calculs de struvite et d\u2019oxalate.  Utilisation :   Chat sujet aux calculs urinaires de struvite et d'oxalate.","robots":{"index":"noindex","follow":"nofollow"},"og_locale":"fr_FR","og_type":"article","og_title":"Veterinary HPM (Virbac) U2 Urology Dissolution &amp; Prevention - chat Virbac - V\u00e9torino","og_description":"Virbac U2 Urology Dissolution &amp; Prevention Cat est un aliment di\u00e9t\u00e9tique et \u00e9quilibr\u00e9 destin\u00e9 \u00e0 la prise en charge nutritionnelle des chats sujets \u00e0 la formation de calculs de struvite et d\u2019oxalate.  Utilisation :   Chat sujet aux calculs urinaires de struvite et d'oxalate.","og_url":"https:\/\/www.vetorino.com\/veterinaire\/plouzevede-29440\/boutique\/product\/vet-hpm-cat-urology-dp\/","og_site_name":"V\u00e9torino","article_publisher":"https:\/\/www.facebook.com\/Vetorino\/","article_modified_time":"2025-11-06T13:39:51+00:00","og_image":[{"width":458,"height":458,"url":"https:\/\/www.vetorino.com\/boutique\/wp-content\/uploads\/2020\/03\/u2-urology-dissolution-prevention-cat.jpg","type":"image\/jpeg"}],"twitter_card":"summary_large_image","twitter_misc":{"Disponibilit\u00e9":"En stock"},"schema":{"@context":"https:\/\/schema.org","@graph":[{"@type":"WebPage","@id":"https:\/\/www.vetorino.com\/boutique\/product\/vet-hpm-cat-urology-dp\/","url":"https:\/\/www.vetorino.com\/boutique\/product\/vet-hpm-cat-urology-dp\/","name":"Veterinary HPM (Virbac) U2 Urology Dissolution &amp; Prevention - chat Virbac - V\u00e9torino","isPartOf":{"@id":"https:\/\/www.vetorino.com\/boutique\/#website"},"primaryImageOfPage":{"@id":"https:\/\/www.vetorino.com\/boutique\/product\/vet-hpm-cat-urology-dp\/#primaryimage"},"image":{"@id":"https:\/\/www.vetorino.com\/boutique\/product\/vet-hpm-cat-urology-dp\/#primaryimage"},"thumbnailUrl":"https:\/\/www.vetorino.com\/boutique\/wp-content\/uploads\/2020\/03\/u2-urology-dissolution-prevention-cat.jpg","datePublished":"2020-03-04T22:54:48+00:00","dateModified":"2025-11-06T13:39:51+00:00","description":"Virbac U2 Urology Dissolution &amp; Prevention Cat est un aliment di\u00e9t\u00e9tique et \u00e9quilibr\u00e9 destin\u00e9 \u00e0 la prise en charge nutritionnelle des chats sujets \u00e0 la formation de calculs de struvite et d\u2019oxalate. Utilisation : Chat sujet aux calculs urinaires de struvite et d'oxalate.","breadcrumb":{"@id":"https:\/\/www.vetorino.com\/boutique\/product\/vet-hpm-cat-urology-dp\/#breadcrumb"},"inLanguage":"fr-FR","potentialAction":[{"@type":"ReadAction","target":["https:\/\/www.vetorino.com\/boutique\/product\/vet-hpm-cat-urology-dp\/"]}]},{"@type":"ImageObject","inLanguage":"fr-FR","@id":"https:\/\/www.vetorino.com\/boutique\/product\/vet-hpm-cat-urology-dp\/#primaryimage","url":"https:\/\/www.vetorino.com\/boutique\/wp-content\/uploads\/2020\/03\/u2-urology-dissolution-prevention-cat.jpg","contentUrl":"https:\/\/www.vetorino.com\/boutique\/wp-content\/uploads\/2020\/03\/u2-urology-dissolution-prevention-cat.jpg","width":458,"height":458},{"@type":"BreadcrumbList","@id":"https:\/\/www.vetorino.com\/boutique\/product\/vet-hpm-cat-urology-dp\/#breadcrumb","itemListElement":[{"@type":"ListItem","position":1,"name":"Accueil","item":"https:\/\/www.vetorino.com\/boutique\/"},{"@type":"ListItem","position":2,"name":"Produits","item":"https:\/\/www.vetorino.com\/boutique\/"},{"@type":"ListItem","position":3,"name":"U2 Urology Dissolution &amp; Prevention &#8211; chat"}]},{"@type":"WebSite","@id":"https:\/\/www.vetorino.com\/boutique\/#website","url":"https:\/\/www.vetorino.com\/boutique\/","name":"V\u00e9torino","description":"","publisher":{"@id":"https:\/\/www.vetorino.com\/boutique\/#organization"},"potentialAction":[{"@type":"SearchAction","target":{"@type":"EntryPoint","urlTemplate":"https:\/\/www.vetorino.com\/boutique\/?s={search_term_string}"},"query-input":{"@type":"PropertyValueSpecification","valueRequired":true,"valueName":"search_term_string"}}],"inLanguage":"fr-FR"},{"@type":"Organization","@id":"https:\/\/www.vetorino.com\/boutique\/#organization","name":"V\u00e9torino","url":"https:\/\/www.vetorino.com\/boutique\/","logo":{"@type":"ImageObject","inLanguage":"fr-FR","@id":"https:\/\/www.vetorino.com\/boutique\/#\/schema\/logo\/image\/","url":"https:\/\/www.vetorino.com\/boutique\/wp-content\/uploads\/2024\/10\/logo.jpg","contentUrl":"https:\/\/www.vetorino.com\/boutique\/wp-content\/uploads\/2024\/10\/logo.jpg","width":1200,"height":610,"caption":"V\u00e9torino"},"image":{"@id":"https:\/\/www.vetorino.com\/boutique\/#\/schema\/logo\/image\/"},"sameAs":["https:\/\/www.facebook.com\/Vetorino\/","https:\/\/www.instagram.com\/vetorino_off\/","https:\/\/www.linkedin.com\/company\/vtorino\/"]}]},"product_brand":"Virbac","og_availability":"instock","product_availability":"instock","product_condition":"new"},"_links":{"self":[{"href":"https:\/\/www.vetorino.com\/veterinaire\/plouzevede-29440\/boutique\/wp-json\/wp\/v2\/product\/37458","targetHints":{"allow":["GET"]}}],"collection":[{"href":"https:\/\/www.vetorino.com\/veterinaire\/plouzevede-29440\/boutique\/wp-json\/wp\/v2\/product"}],"about":[{"href":"https:\/\/www.vetorino.com\/veterinaire\/plouzevede-29440\/boutique\/wp-json\/wp\/v2\/types\/product"}],"wp:featuredmedia":[{"embeddable":true,"href":"https:\/\/www.vetorino.com\/veterinaire\/plouzevede-29440\/boutique\/wp-json\/wp\/v2\/media\/902442"}],"wp:attachment":[{"href":"https:\/\/www.vetorino.com\/veterinaire\/plouzevede-29440\/boutique\/wp-json\/wp\/v2\/media?parent=37458"}],"wp:term":[{"taxonomy":"product_cat","embeddable":true,"href":"https:\/\/www.vetorino.com\/veterinaire\/plouzevede-29440\/boutique\/wp-json\/wp\/v2\/product_cat?post=37458"},{"taxonomy":"product_tag","embeddable":true,"href":"https:\/\/www.vetorino.com\/veterinaire\/plouzevede-29440\/boutique\/wp-json\/wp\/v2\/product_tag?post=37458"}],"curies":[{"name":"wp","href":"https:\/\/api.w.org\/{rel}","templated":true}]}}