{"id":37472,"date":"2020-03-04T23:54:52","date_gmt":"2020-03-04T22:54:52","guid":{"rendered":"https:\/\/www.vetorino.com\/boutique\/product\/vet-hpm-cat-weight-lc\/"},"modified":"2024-10-10T11:44:42","modified_gmt":"2024-10-10T09:44:42","slug":"vet-hpm-cat-weight-lc","status":"publish","type":"product","link":"https:\/\/www.vetorino.com\/veterinaire\/plouzevede-29440\/boutique\/product\/vet-hpm-cat-weight-lc\/","title":{"rendered":"W2 &#8211; Weight Loss &amp; Control Cat"},"content":{"rendered":"<p><strong>L&#8217;aliment VETERINARY HMP &#8211; Weight Loss &amp; Control Cat est un aliment di\u00e9t\u00e9tique et \u00e9quilibr\u00e9 pour chat con\u00e7u pour r\u00e9duire le surpoids lorsqu&#8217;il est inf\u00e9rieur \u00e0 30% et \u00e0 r\u00e9guler l\u2019apport de glucose du chat diab\u00e9tique ayant un poids optimal. Il vise \u00e0 r\u00e9duire \u00e0 r\u00e9duire le poids en ciblant la masse grasse tout en \u00e9vitant la sensation de faim et en r\u00e9gulant l&#8217;apport de glucose.<\/strong><\/p>\n<p>C&#8217;est un aliment qui poss\u00e8de une densit\u00e9 \u00e9nerg\u00e9tique mod\u00e9r\u00e9e et une teneur en prot\u00e9ines \u00e9lev\u00e9e, ainsi qu\u2019un apport augment\u00e9 en fibres et une suppl\u00e9mentation en L-carnitine, afin de favoriser une perte de poids progressive tout en pr\u00e9servant la masse musculaire. En cas de diab\u00e8te, la formulation LC-HP de l\u2019aliment (pauvre en glucides \u2013 riche en prot\u00e9ines) permet de r\u00e9guler l\u2019apport en glucose. Avec une formulation pauvre en glucides et riche en prot\u00e9ines, dont une grande majorit\u00e9 de prot\u00e9ines animales, il respecte les besoins nutritionnels des carnivores.<\/p>\n<p><strong>Utilisation :<\/strong><\/p>\n<ul>\n<li>Chat en surpoids de moins de 30%<\/li>\n<li>Chat diab\u00e9tique ayant un poids optimal<\/li>\n<li>R\u00e9duction de l&#8217;impact des repas sur la glyc\u00e9mie (faible index glyc\u00e9mique)<\/li>\n<li>Perte de poids rapide (densit\u00e9 \u00e9nerg\u00e9tique mod\u00e9r\u00e9e)<\/li>\n<li>Augmentation de la sati\u00e9t\u00e9 (fibres et prot\u00e9ines)<\/li>\n<\/ul>\n<p><strong>NB\u00a0: Pour un chat en surpoids sup\u00e9rieur \u00e0 30% ou un chat en surpoids ET diab\u00e9tique, l\u2019aliment W1 &#8211; VETERINARY HPM<sup>\u00ae<\/sup> Weight Loss &amp; Diabetes Cat est recommand\u00e9.<\/strong><\/p>\n<p><strong>Bienfaits essentiels :<\/strong><\/p>\n<ul>\n<li>Pr\u00e9servation de la masse maigre<\/li>\n<li>Perte\/contr\u00f4le de la masse grasse<\/li>\n<li>R\u00e9duction de l\u2019impact des repas sur la glyc\u00e9mie et l\u2019insulin\u00e9mie<\/li>\n<li>Diminution du risque de cristallurie<\/li>\n<li>Soutien articulaire<\/li>\n<li>Riche en prot\u00e9ines, dont environ 90% de prot\u00e9ines animales (1er ingr\u00e9dient) et pauvre en glucides<\/li>\n<li>Haute app\u00e9tence Fabrication fran\u00e7aise sans gluten, sans colorant, ni ar\u00f4me artificiel ajout\u00e9s<\/li>\n<li>Ingr\u00e9dients sant\u00e9 de haute qualit\u00e9 s\u00e9lectionn\u00e9s par nos v\u00e9t\u00e9rinaires nutritionnistes<\/li>\n<li>Mati\u00e8res premi\u00e8res v\u00e9g\u00e9tales issues de cultures non-OGM<\/li>\n<li>Soutien des autres fonctions: tol\u00e9rance digestive, soutien du syst\u00e8me immunitaire, soutien de la peau et du pelage, formulation r\u00e9duite en allerg\u00e8nes, maintien de la fonction r\u00e9nale.<\/li>\n<\/ul>\n<p><strong>Aliment fabriqu\u00e9 en France :<br \/>\n<\/strong>C\u2019est dans le sud de la France, au sein de Virbac Nutrition \u00e0 Vauvert (Camargue), que la gamme est produite et conditionn\u00e9e.<br \/>\nLes aliments sont issus d\u2019une expertise d\u00e9di\u00e9e \u00e0 la nutrition pour chiens et chats afin de r\u00e9pondre aux exigences des propri\u00e9taires en mati\u00e8re de qualit\u00e9, tra\u00e7abilit\u00e9 et s\u00e9curit\u00e9 alimentaire.<\/p>\n<p><strong>Cet aliment est destin\u00e9 \u00e0 la prise en charge nutritionnelle d\u2019une maladie. Pour la sant\u00e9 de votre chat, il est recommand\u00e9 de consulter votre v\u00e9t\u00e9rinaire et de respecter scrupuleusement ses recommandations nutritionnelles.<\/strong><\/p>\n","protected":false},"excerpt":{"rendered":"<p><strong>Aliment di\u00e9t\u00e9tique et \u00e9quilibr\u00e9 pour chat con\u00e7u pour r\u00e9duire le surpoids lorsqu&#8217;il est inf\u00e9rieur \u00e0 30% et \u00e0 r\u00e9guler l\u2019apport de glucose du chat diab\u00e9tique ayant un poids optimal. Il vise \u00e0 r\u00e9duire \u00e0 r\u00e9duire le poids en ciblant la masse grasse tout en \u00e9vitant la sensation de faim et en r\u00e9gulant l&#8217;apport de glucose.<\/strong><\/p>\n<p><strong>Utilisation :<\/strong><\/p>\n<ul>\n<li>Chat en surpoids de moins de 30%<\/li>\n<li>Chat diab\u00e9tique ayant un poids optimal<\/li>\n<\/ul>\n<p><strong>NB\u00a0: Pour un chat en surpoids sup\u00e9rieur \u00e0 30% ou un chat en surpoids ET diab\u00e9tique, l\u2019aliment W1 &#8211; VETERINARY HPM<sup>\u00ae<\/sup>\u00a0Weight Loss &amp; Diabetes Cat est recommand\u00e9<\/strong><\/p>\n","protected":false},"featured_media":896363,"template":"","meta":[],"product_cat":[12551,12581,2697],"product_tag":[],"class_list":{"0":"post-37472","1":"product","2":"type-product","3":"status-publish","4":"has-post-thumbnail","6":"product_cat-alimentation-du-chat","7":"product_cat-alimentation-medicalisee-pour-chat","8":"product_cat-chat","9":"pa_marque-virbac","11":"first","12":"instock","13":"taxable","14":"shipping-taxable","15":"purchasable","16":"product-type-variable"},"yoast_head":"<!-- This site is optimized with the Yoast SEO plugin v27.3 - https:\/\/yoast.com\/product\/yoast-seo-wordpress\/ -->\n<title>Veterinary HPM (Virbac) W2 - Weight Loss &amp; Control Cat Virbac - V\u00e9torino<\/title>\n<meta name=\"description\" content=\"Aliment di\u00e9t\u00e9tique et \u00e9quilibr\u00e9 pour chat con\u00e7u pour r\u00e9duire le surpoids lorsqu&#039;il est inf\u00e9rieur \u00e0 30% et \u00e0 r\u00e9guler l\u2019apport de glucose du chat diab\u00e9tique ayant un poids optimal. Il vise \u00e0 r\u00e9duire \u00e0 r\u00e9duire le poids en ciblant la masse grasse tout en \u00e9vitant la sensation de faim et en r\u00e9gulant l&#039;apport de glucose.  Utilisation :   Chat en surpoids de moins de 30%  Chat diab\u00e9tique ayant un poids optimal  NB\u00a0: Pour un chat en surpoids sup\u00e9rieur \u00e0 30% ou un chat en surpoids ET diab\u00e9tique, l\u2019aliment W1 - VETERINARY HPM\u00ae\u00a0Weight Loss &amp; Diabetes Cat est recommand\u00e9\" \/>\n<meta name=\"robots\" content=\"noindex, nofollow\" \/>\n<meta property=\"og:locale\" content=\"fr_FR\" \/>\n<meta property=\"og:type\" content=\"article\" \/>\n<meta property=\"og:title\" content=\"Veterinary HPM (Virbac) W2 - Weight Loss &amp; Control Cat Virbac - V\u00e9torino\" \/>\n<meta property=\"og:description\" content=\"Aliment di\u00e9t\u00e9tique et \u00e9quilibr\u00e9 pour chat con\u00e7u pour r\u00e9duire le surpoids lorsqu&#039;il est inf\u00e9rieur \u00e0 30% et \u00e0 r\u00e9guler l\u2019apport de glucose du chat diab\u00e9tique ayant un poids optimal. Il vise \u00e0 r\u00e9duire \u00e0 r\u00e9duire le poids en ciblant la masse grasse tout en \u00e9vitant la sensation de faim et en r\u00e9gulant l&#039;apport de glucose.  Utilisation :   Chat en surpoids de moins de 30%  Chat diab\u00e9tique ayant un poids optimal  NB\u00a0: Pour un chat en surpoids sup\u00e9rieur \u00e0 30% ou un chat en surpoids ET diab\u00e9tique, l\u2019aliment W1 - VETERINARY HPM\u00ae\u00a0Weight Loss &amp; Diabetes Cat est recommand\u00e9\" \/>\n<meta property=\"og:url\" content=\"https:\/\/www.vetorino.com\/veterinaire\/plouzevede-29440\/boutique\/product\/vet-hpm-cat-weight-lc\/\" \/>\n<meta property=\"og:site_name\" content=\"V\u00e9torino\" \/>\n<meta property=\"article:publisher\" content=\"https:\/\/www.facebook.com\/Vetorino\/\" \/>\n<meta property=\"article:modified_time\" content=\"2024-10-10T09:44:42+00:00\" \/>\n<meta property=\"og:image\" content=\"https:\/\/www.vetorino.com\/boutique\/wp-content\/uploads\/2020\/03\/w2-weight-loss-control-cat-1.jpg\" \/>\n\t<meta property=\"og:image:width\" content=\"458\" \/>\n\t<meta property=\"og:image:height\" content=\"458\" \/>\n\t<meta property=\"og:image:type\" content=\"image\/jpeg\" \/>\n<meta name=\"twitter:card\" content=\"summary_large_image\" \/>\n<meta name=\"twitter:label1\" content=\"Disponibilit\u00e9\" \/>\n\t<meta name=\"twitter:data1\" content=\"En stock\" \/>\n<script type=\"application\/ld+json\" class=\"yoast-schema-graph\">{\"@context\":\"https:\\\/\\\/schema.org\",\"@graph\":[{\"@type\":\"WebPage\",\"@id\":\"https:\\\/\\\/www.vetorino.com\\\/veterinaire\\\/pontarlier-25300\\\/boutique\\\/product\\\/vet-hpm-cat-weight-lc\\\/\",\"url\":\"https:\\\/\\\/www.vetorino.com\\\/veterinaire\\\/pontarlier-25300\\\/boutique\\\/product\\\/vet-hpm-cat-weight-lc\\\/\",\"name\":\"Veterinary HPM (Virbac) W2 - Weight Loss &amp; Control Cat Virbac - V\u00e9torino\",\"isPartOf\":{\"@id\":\"https:\\\/\\\/www.vetorino.com\\\/boutique\\\/#website\"},\"primaryImageOfPage\":{\"@id\":\"https:\\\/\\\/www.vetorino.com\\\/veterinaire\\\/pontarlier-25300\\\/boutique\\\/product\\\/vet-hpm-cat-weight-lc\\\/#primaryimage\"},\"image\":{\"@id\":\"https:\\\/\\\/www.vetorino.com\\\/veterinaire\\\/pontarlier-25300\\\/boutique\\\/product\\\/vet-hpm-cat-weight-lc\\\/#primaryimage\"},\"thumbnailUrl\":\"https:\\\/\\\/www.vetorino.com\\\/boutique\\\/wp-content\\\/uploads\\\/2020\\\/03\\\/w2-weight-loss-control-cat-1.jpg\",\"datePublished\":\"2020-03-04T22:54:52+00:00\",\"dateModified\":\"2024-10-10T09:44:42+00:00\",\"description\":\"Aliment di\u00e9t\u00e9tique et \u00e9quilibr\u00e9 pour chat con\u00e7u pour r\u00e9duire le surpoids lorsqu'il est inf\u00e9rieur \u00e0 30% et \u00e0 r\u00e9guler l\u2019apport de glucose du chat diab\u00e9tique ayant un poids optimal. Il vise \u00e0 r\u00e9duire \u00e0 r\u00e9duire le poids en ciblant la masse grasse tout en \u00e9vitant la sensation de faim et en r\u00e9gulant l'apport de glucose. Utilisation : Chat en surpoids de moins de 30% Chat diab\u00e9tique ayant un poids optimal NB\u00a0: Pour un chat en surpoids sup\u00e9rieur \u00e0 30% ou un chat en surpoids ET diab\u00e9tique, l\u2019aliment W1 - VETERINARY HPM\u00ae\u00a0Weight Loss &amp; Diabetes Cat est recommand\u00e9\",\"breadcrumb\":{\"@id\":\"https:\\\/\\\/www.vetorino.com\\\/veterinaire\\\/pontarlier-25300\\\/boutique\\\/product\\\/vet-hpm-cat-weight-lc\\\/#breadcrumb\"},\"inLanguage\":\"fr-FR\",\"potentialAction\":[{\"@type\":\"ReadAction\",\"target\":[\"https:\\\/\\\/www.vetorino.com\\\/veterinaire\\\/pontarlier-25300\\\/boutique\\\/product\\\/vet-hpm-cat-weight-lc\\\/\"]}]},{\"@type\":\"ImageObject\",\"inLanguage\":\"fr-FR\",\"@id\":\"https:\\\/\\\/www.vetorino.com\\\/veterinaire\\\/pontarlier-25300\\\/boutique\\\/product\\\/vet-hpm-cat-weight-lc\\\/#primaryimage\",\"url\":\"https:\\\/\\\/www.vetorino.com\\\/boutique\\\/wp-content\\\/uploads\\\/2020\\\/03\\\/w2-weight-loss-control-cat-1.jpg\",\"contentUrl\":\"https:\\\/\\\/www.vetorino.com\\\/boutique\\\/wp-content\\\/uploads\\\/2020\\\/03\\\/w2-weight-loss-control-cat-1.jpg\",\"width\":458,\"height\":458},{\"@type\":\"BreadcrumbList\",\"@id\":\"https:\\\/\\\/www.vetorino.com\\\/veterinaire\\\/pontarlier-25300\\\/boutique\\\/product\\\/vet-hpm-cat-weight-lc\\\/#breadcrumb\",\"itemListElement\":[{\"@type\":\"ListItem\",\"position\":1,\"name\":\"Accueil\",\"item\":\"https:\\\/\\\/www.vetorino.com\\\/boutique\\\/\"},{\"@type\":\"ListItem\",\"position\":2,\"name\":\"Produits\",\"item\":\"https:\\\/\\\/www.vetorino.com\\\/boutique\\\/\"},{\"@type\":\"ListItem\",\"position\":3,\"name\":\"W2 &#8211; Weight Loss &amp; Control Cat\"}]},{\"@type\":\"WebSite\",\"@id\":\"https:\\\/\\\/www.vetorino.com\\\/boutique\\\/#website\",\"url\":\"https:\\\/\\\/www.vetorino.com\\\/boutique\\\/\",\"name\":\"V\u00e9torino\",\"description\":\"\",\"publisher\":{\"@id\":\"https:\\\/\\\/www.vetorino.com\\\/boutique\\\/#organization\"},\"potentialAction\":[{\"@type\":\"SearchAction\",\"target\":{\"@type\":\"EntryPoint\",\"urlTemplate\":\"https:\\\/\\\/www.vetorino.com\\\/boutique\\\/?s={search_term_string}\"},\"query-input\":{\"@type\":\"PropertyValueSpecification\",\"valueRequired\":true,\"valueName\":\"search_term_string\"}}],\"inLanguage\":\"fr-FR\"},{\"@type\":\"Organization\",\"@id\":\"https:\\\/\\\/www.vetorino.com\\\/boutique\\\/#organization\",\"name\":\"V\u00e9torino\",\"url\":\"https:\\\/\\\/www.vetorino.com\\\/boutique\\\/\",\"logo\":{\"@type\":\"ImageObject\",\"inLanguage\":\"fr-FR\",\"@id\":\"https:\\\/\\\/www.vetorino.com\\\/boutique\\\/#\\\/schema\\\/logo\\\/image\\\/\",\"url\":\"https:\\\/\\\/www.vetorino.com\\\/boutique\\\/wp-content\\\/uploads\\\/2024\\\/10\\\/logo.jpg\",\"contentUrl\":\"https:\\\/\\\/www.vetorino.com\\\/boutique\\\/wp-content\\\/uploads\\\/2024\\\/10\\\/logo.jpg\",\"width\":1200,\"height\":610,\"caption\":\"V\u00e9torino\"},\"image\":{\"@id\":\"https:\\\/\\\/www.vetorino.com\\\/boutique\\\/#\\\/schema\\\/logo\\\/image\\\/\"},\"sameAs\":[\"https:\\\/\\\/www.facebook.com\\\/Vetorino\\\/\",\"https:\\\/\\\/www.instagram.com\\\/vetorino_off\\\/\",\"https:\\\/\\\/www.linkedin.com\\\/company\\\/vtorino\\\/\"]}]}<\/script>\n<meta property=\"product:brand\" content=\"Virbac\" \/>\n<meta property=\"og:availability\" content=\"instock\" \/>\n<meta property=\"product:availability\" content=\"instock\" \/>\n<meta property=\"product:condition\" content=\"new\" \/>\n<!-- \/ Yoast SEO plugin. -->","yoast_head_json":{"title":"Veterinary HPM (Virbac) W2 - Weight Loss &amp; Control Cat Virbac - V\u00e9torino","description":"Aliment di\u00e9t\u00e9tique et \u00e9quilibr\u00e9 pour chat con\u00e7u pour r\u00e9duire le surpoids lorsqu'il est inf\u00e9rieur \u00e0 30% et \u00e0 r\u00e9guler l\u2019apport de glucose du chat diab\u00e9tique ayant un poids optimal. Il vise \u00e0 r\u00e9duire \u00e0 r\u00e9duire le poids en ciblant la masse grasse tout en \u00e9vitant la sensation de faim et en r\u00e9gulant l'apport de glucose.  Utilisation :   Chat en surpoids de moins de 30%  Chat diab\u00e9tique ayant un poids optimal  NB\u00a0: Pour un chat en surpoids sup\u00e9rieur \u00e0 30% ou un chat en surpoids ET diab\u00e9tique, l\u2019aliment W1 - VETERINARY HPM\u00ae\u00a0Weight Loss &amp; Diabetes Cat est recommand\u00e9","robots":{"index":"noindex","follow":"nofollow"},"og_locale":"fr_FR","og_type":"article","og_title":"Veterinary HPM (Virbac) W2 - Weight Loss &amp; Control Cat Virbac - V\u00e9torino","og_description":"Aliment di\u00e9t\u00e9tique et \u00e9quilibr\u00e9 pour chat con\u00e7u pour r\u00e9duire le surpoids lorsqu'il est inf\u00e9rieur \u00e0 30% et \u00e0 r\u00e9guler l\u2019apport de glucose du chat diab\u00e9tique ayant un poids optimal. Il vise \u00e0 r\u00e9duire \u00e0 r\u00e9duire le poids en ciblant la masse grasse tout en \u00e9vitant la sensation de faim et en r\u00e9gulant l'apport de glucose.  Utilisation :   Chat en surpoids de moins de 30%  Chat diab\u00e9tique ayant un poids optimal  NB\u00a0: Pour un chat en surpoids sup\u00e9rieur \u00e0 30% ou un chat en surpoids ET diab\u00e9tique, l\u2019aliment W1 - VETERINARY HPM\u00ae\u00a0Weight Loss &amp; Diabetes Cat est recommand\u00e9","og_url":"https:\/\/www.vetorino.com\/veterinaire\/plouzevede-29440\/boutique\/product\/vet-hpm-cat-weight-lc\/","og_site_name":"V\u00e9torino","article_publisher":"https:\/\/www.facebook.com\/Vetorino\/","article_modified_time":"2024-10-10T09:44:42+00:00","og_image":[{"width":458,"height":458,"url":"https:\/\/www.vetorino.com\/boutique\/wp-content\/uploads\/2020\/03\/w2-weight-loss-control-cat-1.jpg","type":"image\/jpeg"}],"twitter_card":"summary_large_image","twitter_misc":{"Disponibilit\u00e9":"En stock"},"schema":{"@context":"https:\/\/schema.org","@graph":[{"@type":"WebPage","@id":"https:\/\/www.vetorino.com\/veterinaire\/pontarlier-25300\/boutique\/product\/vet-hpm-cat-weight-lc\/","url":"https:\/\/www.vetorino.com\/veterinaire\/pontarlier-25300\/boutique\/product\/vet-hpm-cat-weight-lc\/","name":"Veterinary HPM (Virbac) W2 - Weight Loss &amp; Control Cat Virbac - V\u00e9torino","isPartOf":{"@id":"https:\/\/www.vetorino.com\/boutique\/#website"},"primaryImageOfPage":{"@id":"https:\/\/www.vetorino.com\/veterinaire\/pontarlier-25300\/boutique\/product\/vet-hpm-cat-weight-lc\/#primaryimage"},"image":{"@id":"https:\/\/www.vetorino.com\/veterinaire\/pontarlier-25300\/boutique\/product\/vet-hpm-cat-weight-lc\/#primaryimage"},"thumbnailUrl":"https:\/\/www.vetorino.com\/boutique\/wp-content\/uploads\/2020\/03\/w2-weight-loss-control-cat-1.jpg","datePublished":"2020-03-04T22:54:52+00:00","dateModified":"2024-10-10T09:44:42+00:00","description":"Aliment di\u00e9t\u00e9tique et \u00e9quilibr\u00e9 pour chat con\u00e7u pour r\u00e9duire le surpoids lorsqu'il est inf\u00e9rieur \u00e0 30% et \u00e0 r\u00e9guler l\u2019apport de glucose du chat diab\u00e9tique ayant un poids optimal. Il vise \u00e0 r\u00e9duire \u00e0 r\u00e9duire le poids en ciblant la masse grasse tout en \u00e9vitant la sensation de faim et en r\u00e9gulant l'apport de glucose. Utilisation : Chat en surpoids de moins de 30% Chat diab\u00e9tique ayant un poids optimal NB\u00a0: Pour un chat en surpoids sup\u00e9rieur \u00e0 30% ou un chat en surpoids ET diab\u00e9tique, l\u2019aliment W1 - VETERINARY HPM\u00ae\u00a0Weight Loss &amp; Diabetes Cat est recommand\u00e9","breadcrumb":{"@id":"https:\/\/www.vetorino.com\/veterinaire\/pontarlier-25300\/boutique\/product\/vet-hpm-cat-weight-lc\/#breadcrumb"},"inLanguage":"fr-FR","potentialAction":[{"@type":"ReadAction","target":["https:\/\/www.vetorino.com\/veterinaire\/pontarlier-25300\/boutique\/product\/vet-hpm-cat-weight-lc\/"]}]},{"@type":"ImageObject","inLanguage":"fr-FR","@id":"https:\/\/www.vetorino.com\/veterinaire\/pontarlier-25300\/boutique\/product\/vet-hpm-cat-weight-lc\/#primaryimage","url":"https:\/\/www.vetorino.com\/boutique\/wp-content\/uploads\/2020\/03\/w2-weight-loss-control-cat-1.jpg","contentUrl":"https:\/\/www.vetorino.com\/boutique\/wp-content\/uploads\/2020\/03\/w2-weight-loss-control-cat-1.jpg","width":458,"height":458},{"@type":"BreadcrumbList","@id":"https:\/\/www.vetorino.com\/veterinaire\/pontarlier-25300\/boutique\/product\/vet-hpm-cat-weight-lc\/#breadcrumb","itemListElement":[{"@type":"ListItem","position":1,"name":"Accueil","item":"https:\/\/www.vetorino.com\/boutique\/"},{"@type":"ListItem","position":2,"name":"Produits","item":"https:\/\/www.vetorino.com\/boutique\/"},{"@type":"ListItem","position":3,"name":"W2 &#8211; Weight Loss &amp; Control Cat"}]},{"@type":"WebSite","@id":"https:\/\/www.vetorino.com\/boutique\/#website","url":"https:\/\/www.vetorino.com\/boutique\/","name":"V\u00e9torino","description":"","publisher":{"@id":"https:\/\/www.vetorino.com\/boutique\/#organization"},"potentialAction":[{"@type":"SearchAction","target":{"@type":"EntryPoint","urlTemplate":"https:\/\/www.vetorino.com\/boutique\/?s={search_term_string}"},"query-input":{"@type":"PropertyValueSpecification","valueRequired":true,"valueName":"search_term_string"}}],"inLanguage":"fr-FR"},{"@type":"Organization","@id":"https:\/\/www.vetorino.com\/boutique\/#organization","name":"V\u00e9torino","url":"https:\/\/www.vetorino.com\/boutique\/","logo":{"@type":"ImageObject","inLanguage":"fr-FR","@id":"https:\/\/www.vetorino.com\/boutique\/#\/schema\/logo\/image\/","url":"https:\/\/www.vetorino.com\/boutique\/wp-content\/uploads\/2024\/10\/logo.jpg","contentUrl":"https:\/\/www.vetorino.com\/boutique\/wp-content\/uploads\/2024\/10\/logo.jpg","width":1200,"height":610,"caption":"V\u00e9torino"},"image":{"@id":"https:\/\/www.vetorino.com\/boutique\/#\/schema\/logo\/image\/"},"sameAs":["https:\/\/www.facebook.com\/Vetorino\/","https:\/\/www.instagram.com\/vetorino_off\/","https:\/\/www.linkedin.com\/company\/vtorino\/"]}]},"product_brand":"Virbac","og_availability":"instock","product_availability":"instock","product_condition":"new"},"_links":{"self":[{"href":"https:\/\/www.vetorino.com\/veterinaire\/plouzevede-29440\/boutique\/wp-json\/wp\/v2\/product\/37472","targetHints":{"allow":["GET"]}}],"collection":[{"href":"https:\/\/www.vetorino.com\/veterinaire\/plouzevede-29440\/boutique\/wp-json\/wp\/v2\/product"}],"about":[{"href":"https:\/\/www.vetorino.com\/veterinaire\/plouzevede-29440\/boutique\/wp-json\/wp\/v2\/types\/product"}],"wp:featuredmedia":[{"embeddable":true,"href":"https:\/\/www.vetorino.com\/veterinaire\/plouzevede-29440\/boutique\/wp-json\/wp\/v2\/media\/896363"}],"wp:attachment":[{"href":"https:\/\/www.vetorino.com\/veterinaire\/plouzevede-29440\/boutique\/wp-json\/wp\/v2\/media?parent=37472"}],"wp:term":[{"taxonomy":"product_cat","embeddable":true,"href":"https:\/\/www.vetorino.com\/veterinaire\/plouzevede-29440\/boutique\/wp-json\/wp\/v2\/product_cat?post=37472"},{"taxonomy":"product_tag","embeddable":true,"href":"https:\/\/www.vetorino.com\/veterinaire\/plouzevede-29440\/boutique\/wp-json\/wp\/v2\/product_tag?post=37472"}],"curies":[{"name":"wp","href":"https:\/\/api.w.org\/{rel}","templated":true}]}}