{"id":37620,"date":"2020-03-04T23:55:42","date_gmt":"2020-03-04T22:55:42","guid":{"rendered":"https:\/\/www.vetorino.com\/boutique\/product\/vdiet-cat-renal-poulet-sachet-fraicheur\/"},"modified":"2025-02-20T10:42:55","modified_gmt":"2025-02-20T09:42:55","slug":"vdiet-cat-renal-poulet-sachet-fraicheur","status":"publish","type":"product","link":"https:\/\/www.vetorino.com\/veterinaire\/plouzevede-29440\/boutique\/product\/vdiet-cat-renal-poulet-sachet-fraicheur\/","title":{"rendered":"Cat Renal Poulet \u00c9minc\u00e9"},"content":{"rendered":"<p><strong>Cat Renal Poulet\u00a0est un aliment di\u00e9t\u00e9tique complet formul\u00e9 pour pr\u00e9server la fonction r\u00e9nale en cas d\u2019insuffisance r\u00e9nale ou de calculs r\u00e9naux.<\/strong><\/p>\n<p><strong>Utilisation :<\/strong><\/p>\n<ul>\n<li>Insuffisance r\u00e9nale chronique<\/li>\n<\/ul>\n<p class=\"title\"><strong>Contre indications :<\/strong><\/p>\n<ul>\n<li>Gestation, lactation, croissance<\/li>\n<\/ul>\n<p><strong>Bienfaits essentiels :<\/strong><\/p>\n<ul>\n<li>Formul\u00e9 pour\u00a0<strong>soutenir la fonction r\u00e9nale<\/strong>\u00a0en cas de maladie r\u00e9nale chronique.<\/li>\n<li>Un apport adapt\u00e9 en prot\u00e9ines de haute qualit\u00e9<strong>\u00a0soulage les reins et limite les sympt\u00f4mes ur\u00e9miques<\/strong>.<\/li>\n<li>L&#8217;aliment est formul\u00e9 avec des agents alcalinisants pour<strong>\u00a0limiter l&#8217;acidose m\u00e9tabolique due \u00e0 la d\u00e9t\u00e9rioration de la fonction r\u00e9nale<\/strong>.<\/li>\n<li>Un profil aromatique \u00e9tudi\u00e9 pour<strong>\u00a0stimuler l&#8217;app\u00e9tit<\/strong>\u00a0en r\u00e9pondant aux pr\u00e9f\u00e9rences individuelles du chat.<\/li>\n<\/ul>\n<p><strong><br \/>\nCet aliment est destin\u00e9 \u00e0 la prise en charge nutritionnelle d\u2019une maladie. Pour la sant\u00e9 de votre animal, il est recommand\u00e9 de consulter votre v\u00e9t\u00e9rinaire et de respecter scrupuleusement ses recommandations nutritionnelles.<\/strong><\/p>\n","protected":false},"excerpt":{"rendered":"<p class=\"page-title\"><strong>Cat Renal Poulet\u00a0<\/strong><strong>est un aliment di\u00e9t\u00e9tique complet formul\u00e9 pour pr\u00e9server la fonction r\u00e9nale en cas d\u2019insuffisance r\u00e9nale ou de calculs r\u00e9naux.<\/strong><\/p>\n<p><strong>Utilisation :<\/strong><\/p>\n<ul>\n<li>Insuffisance r\u00e9nale chronique<\/li>\n<\/ul>\n","protected":false},"featured_media":1129900,"template":"","meta":[],"product_cat":[12551,12581,2697],"product_tag":[],"class_list":{"0":"post-37620","1":"product","2":"type-product","3":"status-publish","4":"has-post-thumbnail","6":"product_cat-alimentation-du-chat","7":"product_cat-alimentation-medicalisee-pour-chat","8":"product_cat-chat","9":"pa_marque-royal-canin","11":"first","12":"instock","13":"taxable","14":"shipping-taxable","15":"purchasable","16":"product-type-simple"},"yoast_head":"<!-- This site is optimized with the Yoast SEO plugin v27.3 - https:\/\/yoast.com\/product\/yoast-seo-wordpress\/ -->\n<title>Veterinary Diet (Royal Canin) Cat Renal Poulet \u00c9minc\u00e9 Royal Canin - V\u00e9torino<\/title>\n<meta name=\"description\" content=\"Cat Renal Poulet\u00a0est un aliment di\u00e9t\u00e9tique complet formul\u00e9 pour pr\u00e9server la fonction r\u00e9nale en cas d\u2019insuffisance r\u00e9nale ou de calculs r\u00e9naux. Utilisation :   Insuffisance r\u00e9nale chronique\" \/>\n<meta name=\"robots\" content=\"noindex, nofollow\" \/>\n<meta property=\"og:locale\" content=\"fr_FR\" \/>\n<meta property=\"og:type\" content=\"article\" \/>\n<meta property=\"og:title\" content=\"Veterinary Diet (Royal Canin) Cat Renal Poulet \u00c9minc\u00e9 Royal Canin - V\u00e9torino\" \/>\n<meta property=\"og:description\" content=\"Cat Renal Poulet\u00a0est un aliment di\u00e9t\u00e9tique complet formul\u00e9 pour pr\u00e9server la fonction r\u00e9nale en cas d\u2019insuffisance r\u00e9nale ou de calculs r\u00e9naux. Utilisation :   Insuffisance r\u00e9nale chronique\" \/>\n<meta property=\"og:url\" content=\"https:\/\/www.vetorino.com\/veterinaire\/plouzevede-29440\/boutique\/product\/vdiet-cat-renal-poulet-sachet-fraicheur\/\" \/>\n<meta property=\"og:site_name\" content=\"V\u00e9torino\" \/>\n<meta property=\"article:publisher\" content=\"https:\/\/www.facebook.com\/Vetorino\/\" \/>\n<meta property=\"article:modified_time\" content=\"2025-02-20T09:42:55+00:00\" \/>\n<meta property=\"og:image\" content=\"https:\/\/www.vetorino.com\/boutique\/wp-content\/uploads\/2020\/03\/royal-canin-veterinary-diet-cat-renal-poulet-boite-8.webp\" \/>\n\t<meta property=\"og:image:width\" content=\"800\" \/>\n\t<meta property=\"og:image:height\" content=\"800\" \/>\n\t<meta property=\"og:image:type\" content=\"image\/webp\" \/>\n<meta name=\"twitter:card\" content=\"summary_large_image\" \/>\n<meta name=\"twitter:label1\" content=\"Prix\" \/>\n\t<meta name=\"twitter:data1\" content=\"20,90&euro;\" \/>\n\t<meta name=\"twitter:label2\" content=\"Disponibilit\u00e9\" \/>\n\t<meta name=\"twitter:data2\" content=\"En stock\" \/>\n<script type=\"application\/ld+json\" class=\"yoast-schema-graph\">{\"@context\":\"https:\\\/\\\/schema.org\",\"@graph\":[{\"@type\":\"WebPage\",\"@id\":\"https:\\\/\\\/www.vetorino.com\\\/veterinaire\\\/briancon-05100\\\/boutique\\\/product\\\/vdiet-cat-renal-poulet-sachet-fraicheur\\\/\",\"url\":\"https:\\\/\\\/www.vetorino.com\\\/veterinaire\\\/briancon-05100\\\/boutique\\\/product\\\/vdiet-cat-renal-poulet-sachet-fraicheur\\\/\",\"name\":\"Veterinary Diet (Royal Canin) Cat Renal Poulet \u00c9minc\u00e9 Royal Canin - V\u00e9torino\",\"isPartOf\":{\"@id\":\"https:\\\/\\\/www.vetorino.com\\\/boutique\\\/#website\"},\"primaryImageOfPage\":{\"@id\":\"https:\\\/\\\/www.vetorino.com\\\/veterinaire\\\/briancon-05100\\\/boutique\\\/product\\\/vdiet-cat-renal-poulet-sachet-fraicheur\\\/#primaryimage\"},\"image\":{\"@id\":\"https:\\\/\\\/www.vetorino.com\\\/veterinaire\\\/briancon-05100\\\/boutique\\\/product\\\/vdiet-cat-renal-poulet-sachet-fraicheur\\\/#primaryimage\"},\"thumbnailUrl\":\"https:\\\/\\\/www.vetorino.com\\\/boutique\\\/wp-content\\\/uploads\\\/2020\\\/03\\\/royal-canin-veterinary-diet-cat-renal-poulet-boite-8.webp\",\"datePublished\":\"2020-03-04T22:55:42+00:00\",\"dateModified\":\"2025-02-20T09:42:55+00:00\",\"description\":\"Cat Renal Poulet\u00a0est un aliment di\u00e9t\u00e9tique complet formul\u00e9 pour pr\u00e9server la fonction r\u00e9nale en cas d\u2019insuffisance r\u00e9nale ou de calculs r\u00e9naux. Utilisation : Insuffisance r\u00e9nale chronique\",\"breadcrumb\":{\"@id\":\"https:\\\/\\\/www.vetorino.com\\\/veterinaire\\\/briancon-05100\\\/boutique\\\/product\\\/vdiet-cat-renal-poulet-sachet-fraicheur\\\/#breadcrumb\"},\"inLanguage\":\"fr-FR\",\"potentialAction\":[{\"@type\":\"ReadAction\",\"target\":[\"https:\\\/\\\/www.vetorino.com\\\/veterinaire\\\/briancon-05100\\\/boutique\\\/product\\\/vdiet-cat-renal-poulet-sachet-fraicheur\\\/\"]}]},{\"@type\":\"ImageObject\",\"inLanguage\":\"fr-FR\",\"@id\":\"https:\\\/\\\/www.vetorino.com\\\/veterinaire\\\/briancon-05100\\\/boutique\\\/product\\\/vdiet-cat-renal-poulet-sachet-fraicheur\\\/#primaryimage\",\"url\":\"https:\\\/\\\/www.vetorino.com\\\/boutique\\\/wp-content\\\/uploads\\\/2020\\\/03\\\/royal-canin-veterinary-diet-cat-renal-poulet-boite-8.webp\",\"contentUrl\":\"https:\\\/\\\/www.vetorino.com\\\/boutique\\\/wp-content\\\/uploads\\\/2020\\\/03\\\/royal-canin-veterinary-diet-cat-renal-poulet-boite-8.webp\",\"width\":800,\"height\":800},{\"@type\":\"BreadcrumbList\",\"@id\":\"https:\\\/\\\/www.vetorino.com\\\/veterinaire\\\/briancon-05100\\\/boutique\\\/product\\\/vdiet-cat-renal-poulet-sachet-fraicheur\\\/#breadcrumb\",\"itemListElement\":[{\"@type\":\"ListItem\",\"position\":1,\"name\":\"Accueil\",\"item\":\"https:\\\/\\\/www.vetorino.com\\\/boutique\\\/\"},{\"@type\":\"ListItem\",\"position\":2,\"name\":\"Produits\",\"item\":\"https:\\\/\\\/www.vetorino.com\\\/boutique\\\/\"},{\"@type\":\"ListItem\",\"position\":3,\"name\":\"Cat Renal Poulet \u00c9minc\u00e9\"}]},{\"@type\":\"WebSite\",\"@id\":\"https:\\\/\\\/www.vetorino.com\\\/boutique\\\/#website\",\"url\":\"https:\\\/\\\/www.vetorino.com\\\/boutique\\\/\",\"name\":\"V\u00e9torino\",\"description\":\"\",\"publisher\":{\"@id\":\"https:\\\/\\\/www.vetorino.com\\\/boutique\\\/#organization\"},\"potentialAction\":[{\"@type\":\"SearchAction\",\"target\":{\"@type\":\"EntryPoint\",\"urlTemplate\":\"https:\\\/\\\/www.vetorino.com\\\/boutique\\\/?s={search_term_string}\"},\"query-input\":{\"@type\":\"PropertyValueSpecification\",\"valueRequired\":true,\"valueName\":\"search_term_string\"}}],\"inLanguage\":\"fr-FR\"},{\"@type\":\"Organization\",\"@id\":\"https:\\\/\\\/www.vetorino.com\\\/boutique\\\/#organization\",\"name\":\"V\u00e9torino\",\"url\":\"https:\\\/\\\/www.vetorino.com\\\/boutique\\\/\",\"logo\":{\"@type\":\"ImageObject\",\"inLanguage\":\"fr-FR\",\"@id\":\"https:\\\/\\\/www.vetorino.com\\\/boutique\\\/#\\\/schema\\\/logo\\\/image\\\/\",\"url\":\"https:\\\/\\\/www.vetorino.com\\\/boutique\\\/wp-content\\\/uploads\\\/2024\\\/10\\\/logo.jpg\",\"contentUrl\":\"https:\\\/\\\/www.vetorino.com\\\/boutique\\\/wp-content\\\/uploads\\\/2024\\\/10\\\/logo.jpg\",\"width\":1200,\"height\":610,\"caption\":\"V\u00e9torino\"},\"image\":{\"@id\":\"https:\\\/\\\/www.vetorino.com\\\/boutique\\\/#\\\/schema\\\/logo\\\/image\\\/\"},\"sameAs\":[\"https:\\\/\\\/www.facebook.com\\\/Vetorino\\\/\",\"https:\\\/\\\/www.instagram.com\\\/vetorino_off\\\/\",\"https:\\\/\\\/www.linkedin.com\\\/company\\\/vtorino\\\/\"]}]}<\/script>\n<meta property=\"product:brand\" content=\"Royal Canin\" \/>\n<meta property=\"product:price:amount\" content=\"20.90\" \/>\n<meta property=\"product:price:currency\" content=\"EUR\" \/>\n<meta property=\"og:availability\" content=\"instock\" \/>\n<meta property=\"product:availability\" content=\"instock\" \/>\n<meta property=\"product:retailer_item_id\" content=\"A-8130618\" \/>\n<meta property=\"product:condition\" content=\"new\" \/>\n<!-- \/ Yoast SEO plugin. -->","yoast_head_json":{"title":"Veterinary Diet (Royal Canin) Cat Renal Poulet \u00c9minc\u00e9 Royal Canin - V\u00e9torino","description":"Cat Renal Poulet\u00a0est un aliment di\u00e9t\u00e9tique complet formul\u00e9 pour pr\u00e9server la fonction r\u00e9nale en cas d\u2019insuffisance r\u00e9nale ou de calculs r\u00e9naux. Utilisation :   Insuffisance r\u00e9nale chronique","robots":{"index":"noindex","follow":"nofollow"},"og_locale":"fr_FR","og_type":"article","og_title":"Veterinary Diet (Royal Canin) Cat Renal Poulet \u00c9minc\u00e9 Royal Canin - V\u00e9torino","og_description":"Cat Renal Poulet\u00a0est un aliment di\u00e9t\u00e9tique complet formul\u00e9 pour pr\u00e9server la fonction r\u00e9nale en cas d\u2019insuffisance r\u00e9nale ou de calculs r\u00e9naux. Utilisation :   Insuffisance r\u00e9nale chronique","og_url":"https:\/\/www.vetorino.com\/veterinaire\/plouzevede-29440\/boutique\/product\/vdiet-cat-renal-poulet-sachet-fraicheur\/","og_site_name":"V\u00e9torino","article_publisher":"https:\/\/www.facebook.com\/Vetorino\/","article_modified_time":"2025-02-20T09:42:55+00:00","og_image":[{"width":800,"height":800,"url":"https:\/\/www.vetorino.com\/boutique\/wp-content\/uploads\/2020\/03\/royal-canin-veterinary-diet-cat-renal-poulet-boite-8.webp","type":"image\/webp"}],"twitter_card":"summary_large_image","twitter_misc":{"Prix":"20,90&euro;","Disponibilit\u00e9":"En stock"},"schema":{"@context":"https:\/\/schema.org","@graph":[{"@type":"WebPage","@id":"https:\/\/www.vetorino.com\/veterinaire\/briancon-05100\/boutique\/product\/vdiet-cat-renal-poulet-sachet-fraicheur\/","url":"https:\/\/www.vetorino.com\/veterinaire\/briancon-05100\/boutique\/product\/vdiet-cat-renal-poulet-sachet-fraicheur\/","name":"Veterinary Diet (Royal Canin) Cat Renal Poulet \u00c9minc\u00e9 Royal Canin - V\u00e9torino","isPartOf":{"@id":"https:\/\/www.vetorino.com\/boutique\/#website"},"primaryImageOfPage":{"@id":"https:\/\/www.vetorino.com\/veterinaire\/briancon-05100\/boutique\/product\/vdiet-cat-renal-poulet-sachet-fraicheur\/#primaryimage"},"image":{"@id":"https:\/\/www.vetorino.com\/veterinaire\/briancon-05100\/boutique\/product\/vdiet-cat-renal-poulet-sachet-fraicheur\/#primaryimage"},"thumbnailUrl":"https:\/\/www.vetorino.com\/boutique\/wp-content\/uploads\/2020\/03\/royal-canin-veterinary-diet-cat-renal-poulet-boite-8.webp","datePublished":"2020-03-04T22:55:42+00:00","dateModified":"2025-02-20T09:42:55+00:00","description":"Cat Renal Poulet\u00a0est un aliment di\u00e9t\u00e9tique complet formul\u00e9 pour pr\u00e9server la fonction r\u00e9nale en cas d\u2019insuffisance r\u00e9nale ou de calculs r\u00e9naux. Utilisation : Insuffisance r\u00e9nale chronique","breadcrumb":{"@id":"https:\/\/www.vetorino.com\/veterinaire\/briancon-05100\/boutique\/product\/vdiet-cat-renal-poulet-sachet-fraicheur\/#breadcrumb"},"inLanguage":"fr-FR","potentialAction":[{"@type":"ReadAction","target":["https:\/\/www.vetorino.com\/veterinaire\/briancon-05100\/boutique\/product\/vdiet-cat-renal-poulet-sachet-fraicheur\/"]}]},{"@type":"ImageObject","inLanguage":"fr-FR","@id":"https:\/\/www.vetorino.com\/veterinaire\/briancon-05100\/boutique\/product\/vdiet-cat-renal-poulet-sachet-fraicheur\/#primaryimage","url":"https:\/\/www.vetorino.com\/boutique\/wp-content\/uploads\/2020\/03\/royal-canin-veterinary-diet-cat-renal-poulet-boite-8.webp","contentUrl":"https:\/\/www.vetorino.com\/boutique\/wp-content\/uploads\/2020\/03\/royal-canin-veterinary-diet-cat-renal-poulet-boite-8.webp","width":800,"height":800},{"@type":"BreadcrumbList","@id":"https:\/\/www.vetorino.com\/veterinaire\/briancon-05100\/boutique\/product\/vdiet-cat-renal-poulet-sachet-fraicheur\/#breadcrumb","itemListElement":[{"@type":"ListItem","position":1,"name":"Accueil","item":"https:\/\/www.vetorino.com\/boutique\/"},{"@type":"ListItem","position":2,"name":"Produits","item":"https:\/\/www.vetorino.com\/boutique\/"},{"@type":"ListItem","position":3,"name":"Cat Renal Poulet \u00c9minc\u00e9"}]},{"@type":"WebSite","@id":"https:\/\/www.vetorino.com\/boutique\/#website","url":"https:\/\/www.vetorino.com\/boutique\/","name":"V\u00e9torino","description":"","publisher":{"@id":"https:\/\/www.vetorino.com\/boutique\/#organization"},"potentialAction":[{"@type":"SearchAction","target":{"@type":"EntryPoint","urlTemplate":"https:\/\/www.vetorino.com\/boutique\/?s={search_term_string}"},"query-input":{"@type":"PropertyValueSpecification","valueRequired":true,"valueName":"search_term_string"}}],"inLanguage":"fr-FR"},{"@type":"Organization","@id":"https:\/\/www.vetorino.com\/boutique\/#organization","name":"V\u00e9torino","url":"https:\/\/www.vetorino.com\/boutique\/","logo":{"@type":"ImageObject","inLanguage":"fr-FR","@id":"https:\/\/www.vetorino.com\/boutique\/#\/schema\/logo\/image\/","url":"https:\/\/www.vetorino.com\/boutique\/wp-content\/uploads\/2024\/10\/logo.jpg","contentUrl":"https:\/\/www.vetorino.com\/boutique\/wp-content\/uploads\/2024\/10\/logo.jpg","width":1200,"height":610,"caption":"V\u00e9torino"},"image":{"@id":"https:\/\/www.vetorino.com\/boutique\/#\/schema\/logo\/image\/"},"sameAs":["https:\/\/www.facebook.com\/Vetorino\/","https:\/\/www.instagram.com\/vetorino_off\/","https:\/\/www.linkedin.com\/company\/vtorino\/"]}]},"product_brand":"Royal Canin","product_price_amount":"20.90","product_price_currency":"EUR","og_availability":"instock","product_availability":"instock","product_retailer_item_id":"A-8130618","product_condition":"new"},"_links":{"self":[{"href":"https:\/\/www.vetorino.com\/veterinaire\/plouzevede-29440\/boutique\/wp-json\/wp\/v2\/product\/37620","targetHints":{"allow":["GET"]}}],"collection":[{"href":"https:\/\/www.vetorino.com\/veterinaire\/plouzevede-29440\/boutique\/wp-json\/wp\/v2\/product"}],"about":[{"href":"https:\/\/www.vetorino.com\/veterinaire\/plouzevede-29440\/boutique\/wp-json\/wp\/v2\/types\/product"}],"wp:featuredmedia":[{"embeddable":true,"href":"https:\/\/www.vetorino.com\/veterinaire\/plouzevede-29440\/boutique\/wp-json\/wp\/v2\/media\/1129900"}],"wp:attachment":[{"href":"https:\/\/www.vetorino.com\/veterinaire\/plouzevede-29440\/boutique\/wp-json\/wp\/v2\/media?parent=37620"}],"wp:term":[{"taxonomy":"product_cat","embeddable":true,"href":"https:\/\/www.vetorino.com\/veterinaire\/plouzevede-29440\/boutique\/wp-json\/wp\/v2\/product_cat?post=37620"},{"taxonomy":"product_tag","embeddable":true,"href":"https:\/\/www.vetorino.com\/veterinaire\/plouzevede-29440\/boutique\/wp-json\/wp\/v2\/product_tag?post=37620"}],"curies":[{"name":"wp","href":"https:\/\/api.w.org\/{rel}","templated":true}]}}