{"id":37720,"date":"2020-03-04T23:56:18","date_gmt":"2020-03-04T22:56:18","guid":{"rendered":"https:\/\/www.vetorino.com\/boutique\/product\/feline-y-d\/"},"modified":"2025-11-05T22:35:57","modified_gmt":"2025-11-05T21:35:57","slug":"feline-y-d","status":"publish","type":"product","link":"https:\/\/www.vetorino.com\/veterinaire\/plouzevede-29440\/boutique\/product\/feline-y-d\/","title":{"rendered":"Chat y\/d Thyroid"},"content":{"rendered":"<p><strong>Aide \u00e0 prendre en charge la bonne sant\u00e9 de la thyro\u00efde de votre chat en 3 semaines en normalisant les taux d&#8217;hormone thyro\u00efdienne.<\/strong><\/p>\n<p><strong>Utilisation :<\/strong><\/p>\n<ul>\n<li>Chat atteint d&#8217;hyperthyro\u00efdie<\/li>\n<\/ul>\n<p><strong>Bienfaits essentiels :<\/strong><\/p>\n<ul>\n<li>Un aliment<strong> tr\u00e8s app\u00e9tent<\/strong> que votre chat va adorer.<\/li>\n<li><strong>Soutien de la sant\u00e9 r\u00e9nale<\/strong> par un apport de phospore contr\u00f4l\u00e9 et une faible teneur en sodium.<\/li>\n<li><strong>Am\u00e9lioration visible<\/strong> de la peau et du pelage.<\/li>\n<\/ul>\n<div class=\"row\">\n<div class=\"col-lg-7 mdc_product_right_col\">\n<div class=\"product-information\">\n<div class=\"tabs product-tabs visible--desktop\">\n<div id=\"tab-content\" class=\"tab-content\">\n<div id=\"description\" class=\"tab-pane fade show active\" role=\"tabpanel\">\n<div class=\"product-description\">\n<p><strong>Ce produit est destin\u00e9 \u00e0 l&#8217;usage v\u00e9t\u00e9rinaire. Avant tout achat, nous vous conseillons de demander conseil \u00e0 votre v\u00e9t\u00e9rinaire.<\/strong><\/p>\n<\/div>\n<\/div>\n<\/div>\n<\/div>\n<\/div>\n<\/div>\n<\/div>\n","protected":false},"excerpt":{"rendered":"<p><strong>Aide \u00e0 prendre en charge la bonne sant\u00e9 de la thyro\u00efde de votre chat en 3 semaines en normalisant les taux d&#8217;hormone thyro\u00efdienne.<br \/>\n<\/strong><\/p>\n<p><strong>Utilisation :<\/strong><\/p>\n<ul>\n<li>Chat\u00a0atteint d&#8217;hyperthyro\u00efdie<\/li>\n<\/ul>\n<p><strong>Ce produit est destin\u00e9 \u00e0 l&#8217;usage v\u00e9t\u00e9rinaire. Avant tout achat, nous vous conseillons de demander conseil \u00e0 votre v\u00e9t\u00e9rinaire.<\/strong><\/p>\n","protected":false},"featured_media":488040,"template":"","meta":[],"product_cat":[12551,12581,2697],"product_tag":[],"class_list":{"0":"post-37720","1":"product","2":"type-product","3":"status-publish","4":"has-post-thumbnail","6":"product_cat-alimentation-du-chat","7":"product_cat-alimentation-medicalisee-pour-chat","8":"product_cat-chat","9":"pa_marque-hills-pet-nutrition","11":"first","12":"instock","13":"taxable","14":"shipping-taxable","15":"purchasable","16":"product-type-variable"},"yoast_head":"<!-- This site is optimized with the Yoast SEO plugin v27.3 - https:\/\/yoast.com\/product\/yoast-seo-wordpress\/ -->\n<title>Prescription Diet (Hill&#039;s) Chat y\/d Thyroid Hill&#039;s - V\u00e9torino<\/title>\n<meta name=\"description\" content=\"Aide \u00e0 prendre en charge la bonne sant\u00e9 de la thyro\u00efde de votre chat en 3 semaines en normalisant les taux d&#039;hormone thyro\u00efdienne.   Utilisation :   Chat\u00a0atteint d&#039;hyperthyro\u00efdie  Ce produit est destin\u00e9 \u00e0 l&#039;usage v\u00e9t\u00e9rinaire. Avant tout achat, nous vous conseillons de demander conseil \u00e0 votre v\u00e9t\u00e9rinaire.\" \/>\n<meta name=\"robots\" content=\"noindex, nofollow\" \/>\n<meta property=\"og:locale\" content=\"fr_FR\" \/>\n<meta property=\"og:type\" content=\"article\" \/>\n<meta property=\"og:title\" content=\"Prescription Diet (Hill&#039;s) Chat y\/d Thyroid Hill&#039;s - V\u00e9torino\" \/>\n<meta property=\"og:description\" content=\"Aide \u00e0 prendre en charge la bonne sant\u00e9 de la thyro\u00efde de votre chat en 3 semaines en normalisant les taux d&#039;hormone thyro\u00efdienne.   Utilisation :   Chat\u00a0atteint d&#039;hyperthyro\u00efdie  Ce produit est destin\u00e9 \u00e0 l&#039;usage v\u00e9t\u00e9rinaire. Avant tout achat, nous vous conseillons de demander conseil \u00e0 votre v\u00e9t\u00e9rinaire.\" \/>\n<meta property=\"og:url\" content=\"https:\/\/www.vetorino.com\/veterinaire\/plouzevede-29440\/boutique\/product\/feline-y-d\/\" \/>\n<meta property=\"og:site_name\" content=\"V\u00e9torino\" \/>\n<meta property=\"article:publisher\" content=\"https:\/\/www.facebook.com\/Vetorino\/\" \/>\n<meta property=\"article:modified_time\" content=\"2025-11-05T21:35:57+00:00\" \/>\n<meta property=\"og:image\" content=\"https:\/\/www.vetorino.com\/boutique\/wp-content\/uploads\/2020\/03\/52742042503_1-prescription-diet-chat-y-d-croquettes-poulet-1.jpg\" \/>\n\t<meta property=\"og:image:width\" content=\"2000\" \/>\n\t<meta property=\"og:image:height\" content=\"2000\" \/>\n\t<meta property=\"og:image:type\" content=\"image\/jpeg\" \/>\n<meta name=\"twitter:card\" content=\"summary_large_image\" \/>\n<meta name=\"twitter:label1\" content=\"Disponibilit\u00e9\" \/>\n\t<meta name=\"twitter:data1\" content=\"En stock\" \/>\n<script type=\"application\/ld+json\" class=\"yoast-schema-graph\">{\"@context\":\"https:\\\/\\\/schema.org\",\"@graph\":[{\"@type\":\"WebPage\",\"@id\":\"https:\\\/\\\/www.vetorino.com\\\/veterinaire\\\/briancon-05100\\\/boutique\\\/product\\\/feline-y-d\\\/\",\"url\":\"https:\\\/\\\/www.vetorino.com\\\/veterinaire\\\/briancon-05100\\\/boutique\\\/product\\\/feline-y-d\\\/\",\"name\":\"Prescription Diet (Hill's) Chat y\\\/d Thyroid Hill's - V\u00e9torino\",\"isPartOf\":{\"@id\":\"https:\\\/\\\/www.vetorino.com\\\/boutique\\\/#website\"},\"primaryImageOfPage\":{\"@id\":\"https:\\\/\\\/www.vetorino.com\\\/veterinaire\\\/briancon-05100\\\/boutique\\\/product\\\/feline-y-d\\\/#primaryimage\"},\"image\":{\"@id\":\"https:\\\/\\\/www.vetorino.com\\\/veterinaire\\\/briancon-05100\\\/boutique\\\/product\\\/feline-y-d\\\/#primaryimage\"},\"thumbnailUrl\":\"https:\\\/\\\/www.vetorino.com\\\/boutique\\\/wp-content\\\/uploads\\\/2020\\\/03\\\/52742042503_1-prescription-diet-chat-y-d-croquettes-poulet-1.jpg\",\"datePublished\":\"2020-03-04T22:56:18+00:00\",\"dateModified\":\"2025-11-05T21:35:57+00:00\",\"description\":\"Aide \u00e0 prendre en charge la bonne sant\u00e9 de la thyro\u00efde de votre chat en 3 semaines en normalisant les taux d'hormone thyro\u00efdienne. Utilisation : Chat\u00a0atteint d'hyperthyro\u00efdie Ce produit est destin\u00e9 \u00e0 l'usage v\u00e9t\u00e9rinaire. Avant tout achat, nous vous conseillons de demander conseil \u00e0 votre v\u00e9t\u00e9rinaire.\",\"breadcrumb\":{\"@id\":\"https:\\\/\\\/www.vetorino.com\\\/veterinaire\\\/briancon-05100\\\/boutique\\\/product\\\/feline-y-d\\\/#breadcrumb\"},\"inLanguage\":\"fr-FR\",\"potentialAction\":[{\"@type\":\"ReadAction\",\"target\":[\"https:\\\/\\\/www.vetorino.com\\\/veterinaire\\\/briancon-05100\\\/boutique\\\/product\\\/feline-y-d\\\/\"]}]},{\"@type\":\"ImageObject\",\"inLanguage\":\"fr-FR\",\"@id\":\"https:\\\/\\\/www.vetorino.com\\\/veterinaire\\\/briancon-05100\\\/boutique\\\/product\\\/feline-y-d\\\/#primaryimage\",\"url\":\"https:\\\/\\\/www.vetorino.com\\\/boutique\\\/wp-content\\\/uploads\\\/2020\\\/03\\\/52742042503_1-prescription-diet-chat-y-d-croquettes-poulet-1.jpg\",\"contentUrl\":\"https:\\\/\\\/www.vetorino.com\\\/boutique\\\/wp-content\\\/uploads\\\/2020\\\/03\\\/52742042503_1-prescription-diet-chat-y-d-croquettes-poulet-1.jpg\",\"width\":2000,\"height\":2000},{\"@type\":\"BreadcrumbList\",\"@id\":\"https:\\\/\\\/www.vetorino.com\\\/veterinaire\\\/briancon-05100\\\/boutique\\\/product\\\/feline-y-d\\\/#breadcrumb\",\"itemListElement\":[{\"@type\":\"ListItem\",\"position\":1,\"name\":\"Accueil\",\"item\":\"https:\\\/\\\/www.vetorino.com\\\/boutique\\\/\"},{\"@type\":\"ListItem\",\"position\":2,\"name\":\"Produits\",\"item\":\"https:\\\/\\\/www.vetorino.com\\\/boutique\\\/\"},{\"@type\":\"ListItem\",\"position\":3,\"name\":\"Chat y\\\/d Thyroid\"}]},{\"@type\":\"WebSite\",\"@id\":\"https:\\\/\\\/www.vetorino.com\\\/boutique\\\/#website\",\"url\":\"https:\\\/\\\/www.vetorino.com\\\/boutique\\\/\",\"name\":\"V\u00e9torino\",\"description\":\"\",\"publisher\":{\"@id\":\"https:\\\/\\\/www.vetorino.com\\\/boutique\\\/#organization\"},\"potentialAction\":[{\"@type\":\"SearchAction\",\"target\":{\"@type\":\"EntryPoint\",\"urlTemplate\":\"https:\\\/\\\/www.vetorino.com\\\/boutique\\\/?s={search_term_string}\"},\"query-input\":{\"@type\":\"PropertyValueSpecification\",\"valueRequired\":true,\"valueName\":\"search_term_string\"}}],\"inLanguage\":\"fr-FR\"},{\"@type\":\"Organization\",\"@id\":\"https:\\\/\\\/www.vetorino.com\\\/boutique\\\/#organization\",\"name\":\"V\u00e9torino\",\"url\":\"https:\\\/\\\/www.vetorino.com\\\/boutique\\\/\",\"logo\":{\"@type\":\"ImageObject\",\"inLanguage\":\"fr-FR\",\"@id\":\"https:\\\/\\\/www.vetorino.com\\\/boutique\\\/#\\\/schema\\\/logo\\\/image\\\/\",\"url\":\"https:\\\/\\\/www.vetorino.com\\\/boutique\\\/wp-content\\\/uploads\\\/2024\\\/10\\\/logo.jpg\",\"contentUrl\":\"https:\\\/\\\/www.vetorino.com\\\/boutique\\\/wp-content\\\/uploads\\\/2024\\\/10\\\/logo.jpg\",\"width\":1200,\"height\":610,\"caption\":\"V\u00e9torino\"},\"image\":{\"@id\":\"https:\\\/\\\/www.vetorino.com\\\/boutique\\\/#\\\/schema\\\/logo\\\/image\\\/\"},\"sameAs\":[\"https:\\\/\\\/www.facebook.com\\\/Vetorino\\\/\",\"https:\\\/\\\/www.instagram.com\\\/vetorino_off\\\/\",\"https:\\\/\\\/www.linkedin.com\\\/company\\\/vtorino\\\/\"]}]}<\/script>\n<meta property=\"product:brand\" content=\"Hill&#039;s\" \/>\n<meta property=\"og:availability\" content=\"instock\" \/>\n<meta property=\"product:availability\" content=\"instock\" \/>\n<meta property=\"product:condition\" content=\"new\" \/>\n<!-- \/ Yoast SEO plugin. -->","yoast_head_json":{"title":"Prescription Diet (Hill's) Chat y\/d Thyroid Hill's - V\u00e9torino","description":"Aide \u00e0 prendre en charge la bonne sant\u00e9 de la thyro\u00efde de votre chat en 3 semaines en normalisant les taux d'hormone thyro\u00efdienne.   Utilisation :   Chat\u00a0atteint d'hyperthyro\u00efdie  Ce produit est destin\u00e9 \u00e0 l'usage v\u00e9t\u00e9rinaire. Avant tout achat, nous vous conseillons de demander conseil \u00e0 votre v\u00e9t\u00e9rinaire.","robots":{"index":"noindex","follow":"nofollow"},"og_locale":"fr_FR","og_type":"article","og_title":"Prescription Diet (Hill's) Chat y\/d Thyroid Hill's - V\u00e9torino","og_description":"Aide \u00e0 prendre en charge la bonne sant\u00e9 de la thyro\u00efde de votre chat en 3 semaines en normalisant les taux d'hormone thyro\u00efdienne.   Utilisation :   Chat\u00a0atteint d'hyperthyro\u00efdie  Ce produit est destin\u00e9 \u00e0 l'usage v\u00e9t\u00e9rinaire. Avant tout achat, nous vous conseillons de demander conseil \u00e0 votre v\u00e9t\u00e9rinaire.","og_url":"https:\/\/www.vetorino.com\/veterinaire\/plouzevede-29440\/boutique\/product\/feline-y-d\/","og_site_name":"V\u00e9torino","article_publisher":"https:\/\/www.facebook.com\/Vetorino\/","article_modified_time":"2025-11-05T21:35:57+00:00","og_image":[{"width":2000,"height":2000,"url":"https:\/\/www.vetorino.com\/boutique\/wp-content\/uploads\/2020\/03\/52742042503_1-prescription-diet-chat-y-d-croquettes-poulet-1.jpg","type":"image\/jpeg"}],"twitter_card":"summary_large_image","twitter_misc":{"Disponibilit\u00e9":"En stock"},"schema":{"@context":"https:\/\/schema.org","@graph":[{"@type":"WebPage","@id":"https:\/\/www.vetorino.com\/veterinaire\/briancon-05100\/boutique\/product\/feline-y-d\/","url":"https:\/\/www.vetorino.com\/veterinaire\/briancon-05100\/boutique\/product\/feline-y-d\/","name":"Prescription Diet (Hill's) Chat y\/d Thyroid Hill's - V\u00e9torino","isPartOf":{"@id":"https:\/\/www.vetorino.com\/boutique\/#website"},"primaryImageOfPage":{"@id":"https:\/\/www.vetorino.com\/veterinaire\/briancon-05100\/boutique\/product\/feline-y-d\/#primaryimage"},"image":{"@id":"https:\/\/www.vetorino.com\/veterinaire\/briancon-05100\/boutique\/product\/feline-y-d\/#primaryimage"},"thumbnailUrl":"https:\/\/www.vetorino.com\/boutique\/wp-content\/uploads\/2020\/03\/52742042503_1-prescription-diet-chat-y-d-croquettes-poulet-1.jpg","datePublished":"2020-03-04T22:56:18+00:00","dateModified":"2025-11-05T21:35:57+00:00","description":"Aide \u00e0 prendre en charge la bonne sant\u00e9 de la thyro\u00efde de votre chat en 3 semaines en normalisant les taux d'hormone thyro\u00efdienne. Utilisation : Chat\u00a0atteint d'hyperthyro\u00efdie Ce produit est destin\u00e9 \u00e0 l'usage v\u00e9t\u00e9rinaire. Avant tout achat, nous vous conseillons de demander conseil \u00e0 votre v\u00e9t\u00e9rinaire.","breadcrumb":{"@id":"https:\/\/www.vetorino.com\/veterinaire\/briancon-05100\/boutique\/product\/feline-y-d\/#breadcrumb"},"inLanguage":"fr-FR","potentialAction":[{"@type":"ReadAction","target":["https:\/\/www.vetorino.com\/veterinaire\/briancon-05100\/boutique\/product\/feline-y-d\/"]}]},{"@type":"ImageObject","inLanguage":"fr-FR","@id":"https:\/\/www.vetorino.com\/veterinaire\/briancon-05100\/boutique\/product\/feline-y-d\/#primaryimage","url":"https:\/\/www.vetorino.com\/boutique\/wp-content\/uploads\/2020\/03\/52742042503_1-prescription-diet-chat-y-d-croquettes-poulet-1.jpg","contentUrl":"https:\/\/www.vetorino.com\/boutique\/wp-content\/uploads\/2020\/03\/52742042503_1-prescription-diet-chat-y-d-croquettes-poulet-1.jpg","width":2000,"height":2000},{"@type":"BreadcrumbList","@id":"https:\/\/www.vetorino.com\/veterinaire\/briancon-05100\/boutique\/product\/feline-y-d\/#breadcrumb","itemListElement":[{"@type":"ListItem","position":1,"name":"Accueil","item":"https:\/\/www.vetorino.com\/boutique\/"},{"@type":"ListItem","position":2,"name":"Produits","item":"https:\/\/www.vetorino.com\/boutique\/"},{"@type":"ListItem","position":3,"name":"Chat y\/d Thyroid"}]},{"@type":"WebSite","@id":"https:\/\/www.vetorino.com\/boutique\/#website","url":"https:\/\/www.vetorino.com\/boutique\/","name":"V\u00e9torino","description":"","publisher":{"@id":"https:\/\/www.vetorino.com\/boutique\/#organization"},"potentialAction":[{"@type":"SearchAction","target":{"@type":"EntryPoint","urlTemplate":"https:\/\/www.vetorino.com\/boutique\/?s={search_term_string}"},"query-input":{"@type":"PropertyValueSpecification","valueRequired":true,"valueName":"search_term_string"}}],"inLanguage":"fr-FR"},{"@type":"Organization","@id":"https:\/\/www.vetorino.com\/boutique\/#organization","name":"V\u00e9torino","url":"https:\/\/www.vetorino.com\/boutique\/","logo":{"@type":"ImageObject","inLanguage":"fr-FR","@id":"https:\/\/www.vetorino.com\/boutique\/#\/schema\/logo\/image\/","url":"https:\/\/www.vetorino.com\/boutique\/wp-content\/uploads\/2024\/10\/logo.jpg","contentUrl":"https:\/\/www.vetorino.com\/boutique\/wp-content\/uploads\/2024\/10\/logo.jpg","width":1200,"height":610,"caption":"V\u00e9torino"},"image":{"@id":"https:\/\/www.vetorino.com\/boutique\/#\/schema\/logo\/image\/"},"sameAs":["https:\/\/www.facebook.com\/Vetorino\/","https:\/\/www.instagram.com\/vetorino_off\/","https:\/\/www.linkedin.com\/company\/vtorino\/"]}]},"product_brand":"Hill's","og_availability":"instock","product_availability":"instock","product_condition":"new"},"_links":{"self":[{"href":"https:\/\/www.vetorino.com\/veterinaire\/plouzevede-29440\/boutique\/wp-json\/wp\/v2\/product\/37720","targetHints":{"allow":["GET"]}}],"collection":[{"href":"https:\/\/www.vetorino.com\/veterinaire\/plouzevede-29440\/boutique\/wp-json\/wp\/v2\/product"}],"about":[{"href":"https:\/\/www.vetorino.com\/veterinaire\/plouzevede-29440\/boutique\/wp-json\/wp\/v2\/types\/product"}],"wp:featuredmedia":[{"embeddable":true,"href":"https:\/\/www.vetorino.com\/veterinaire\/plouzevede-29440\/boutique\/wp-json\/wp\/v2\/media\/488040"}],"wp:attachment":[{"href":"https:\/\/www.vetorino.com\/veterinaire\/plouzevede-29440\/boutique\/wp-json\/wp\/v2\/media?parent=37720"}],"wp:term":[{"taxonomy":"product_cat","embeddable":true,"href":"https:\/\/www.vetorino.com\/veterinaire\/plouzevede-29440\/boutique\/wp-json\/wp\/v2\/product_cat?post=37720"},{"taxonomy":"product_tag","embeddable":true,"href":"https:\/\/www.vetorino.com\/veterinaire\/plouzevede-29440\/boutique\/wp-json\/wp\/v2\/product_tag?post=37720"}],"curies":[{"name":"wp","href":"https:\/\/api.w.org\/{rel}","templated":true}]}}