{"id":38020,"date":"2020-03-04T23:58:01","date_gmt":"2020-03-04T22:58:01","guid":{"rendered":"https:\/\/www.vetorino.com\/boutique\/product\/fibreplex\/"},"modified":"2024-05-30T10:57:41","modified_gmt":"2024-05-30T08:57:41","slug":"fibreplex","status":"publish","type":"product","link":"https:\/\/www.vetorino.com\/veterinaire\/plouzevede-29440\/boutique\/product\/fibreplex\/","title":{"rendered":"Fibreplex lapin"},"content":{"rendered":"<p><strong>Fibreplex est un aliment compl\u00e9mentaire pour lapin, il se pr\u00e9sente sous la forme d\u2019une p\u00e2te aromatis\u00e9e \u00e0 la carotte, riche en fibres, en probiotique et en pr\u00e9biotiques.<\/strong><\/p>\n<p><strong>Utilisation :<\/strong><\/p>\n<ul>\n<li>Contribue\u00a0au\u00a0bon fonctionnement de l&#8217;intestin<\/li>\n<li>Permet un r\u00e9tablissement de la mobilit\u00e9 intestinale\u00a0 apr\u00e8s une perte d&#8217;app\u00e9tit,\u00a0un stress important, un traumatisme (tel qu\u2019une op\u00e9ration ou une blessure) ou lors de traitement antibiotique ou analg\u00e9sique.<\/li>\n<\/ul>\n<p><strong>Mode d&#8217;emploi :<\/strong><\/p>\n<p>Administration orale.<br \/>\n1 ml par kg de poids corporel, trois fois par jour, par p\u00e9riode de 3 jours renouvelables.<br \/>\n<strong>Votre v\u00e9t\u00e9rinaire peut \u00eatre amen\u00e9 \u00e0 adapter le mode d\u2019emploi propos\u00e9, bien suivre ses recommandations.<\/strong><\/p>\n<p><strong>Avantages :<\/strong><\/p>\n<p>La levure vivante Saccharomyces cerevisiae que le Fibreplex contient est un probiotique qui contribue \u00e0 repeupler l\u2019intestin de micro-organismes b\u00e9n\u00e9fiques.<\/p>\n<p>Le complexe Preplex\u00ae (FOS et gomme arabique) et l\u2019inuline (fibre soluble) sont des pr\u00e9biotiques et constituent des sources nutritives pour les micro-organismes b\u00e9n\u00e9fiques peuplant le tractus intestinal.<\/p>\n","protected":false},"excerpt":{"rendered":"<p><strong>Fibreplex est un aliment compl\u00e9mentaire pour lapin, il se pr\u00e9sente sous la forme d\u2019une p\u00e2te aromatis\u00e9e \u00e0 la carotte, riche en fibres, en probiotique et en pr\u00e9biotiques.<\/strong><\/p>\n<p><strong>Utilisation :<\/strong><\/p>\n<ul>\n<li>Contribue\u00a0au\u00a0bon fonctionnement de l&#8217;intestin<\/li>\n<li>Permet un r\u00e9tablissement de la mobilit\u00e9 intestinale\u00a0 apr\u00e8s une perte d&#8217;app\u00e9tit,\u00a0un stress important, un traumatisme (tel qu\u2019une op\u00e9ration ou une blessure) ou lors de traitement antibiotique ou analg\u00e9sique.<\/li>\n<\/ul>\n","protected":false},"featured_media":897137,"template":"","meta":[],"product_cat":[12578,12665,12563,2727,12570],"product_tag":[],"class_list":{"0":"post-38020","1":"product","2":"type-product","3":"status-publish","4":"has-post-thumbnail","6":"product_cat-alimentation-du-lapin","7":"product_cat-complement-nutritionnel-pour-lapin","8":"product_cat-lapin","9":"product_cat-nac","10":"product_cat-rongeur","11":"pa_marque-tvm","13":"first","14":"instock","15":"taxable","16":"shipping-taxable","17":"purchasable","18":"product-type-simple"},"yoast_head":"<!-- This site is optimized with the Yoast SEO plugin v27.3 - https:\/\/yoast.com\/product\/yoast-seo-wordpress\/ -->\n<title>Fibreplex lapin D\u00f4mes Pharma TVM - V\u00e9torino<\/title>\n<meta name=\"description\" content=\"Fibreplex est un aliment compl\u00e9mentaire pour lapin, il se pr\u00e9sente sous la forme d\u2019une p\u00e2te aromatis\u00e9e \u00e0 la carotte, riche en fibres, en probiotique et en pr\u00e9biotiques.  Utilisation :   Contribue\u00a0au\u00a0bon fonctionnement de l&#039;intestin  Permet un r\u00e9tablissement de la mobilit\u00e9 intestinale\u00a0 apr\u00e8s une perte d&#039;app\u00e9tit,\u00a0un stress important, un traumatisme (tel qu\u2019une op\u00e9ration ou une blessure) ou lors de traitement antibiotique ou analg\u00e9sique.\" \/>\n<meta name=\"robots\" content=\"noindex, nofollow\" \/>\n<meta property=\"og:locale\" content=\"fr_FR\" \/>\n<meta property=\"og:type\" content=\"article\" \/>\n<meta property=\"og:title\" content=\"Fibreplex lapin D\u00f4mes Pharma TVM - V\u00e9torino\" \/>\n<meta property=\"og:description\" content=\"Fibreplex est un aliment compl\u00e9mentaire pour lapin, il se pr\u00e9sente sous la forme d\u2019une p\u00e2te aromatis\u00e9e \u00e0 la carotte, riche en fibres, en probiotique et en pr\u00e9biotiques.  Utilisation :   Contribue\u00a0au\u00a0bon fonctionnement de l&#039;intestin  Permet un r\u00e9tablissement de la mobilit\u00e9 intestinale\u00a0 apr\u00e8s une perte d&#039;app\u00e9tit,\u00a0un stress important, un traumatisme (tel qu\u2019une op\u00e9ration ou une blessure) ou lors de traitement antibiotique ou analg\u00e9sique.\" \/>\n<meta property=\"og:url\" content=\"https:\/\/www.vetorino.com\/veterinaire\/plouzevede-29440\/boutique\/product\/fibreplex\/\" \/>\n<meta property=\"og:site_name\" content=\"V\u00e9torino\" \/>\n<meta property=\"article:publisher\" content=\"https:\/\/www.facebook.com\/Vetorino\/\" \/>\n<meta property=\"article:modified_time\" content=\"2024-05-30T08:57:41+00:00\" \/>\n<meta property=\"og:image\" content=\"https:\/\/www.vetorino.com\/boutique\/wp-content\/uploads\/2020\/03\/xl_7817143d7fbadfa4693b9eec507d9d374431488535247.webp\" \/>\n\t<meta property=\"og:image:width\" content=\"700\" \/>\n\t<meta property=\"og:image:height\" content=\"700\" \/>\n\t<meta property=\"og:image:type\" content=\"image\/webp\" \/>\n<meta name=\"twitter:card\" content=\"summary_large_image\" \/>\n<meta name=\"twitter:label1\" content=\"Prix\" \/>\n\t<meta name=\"twitter:data1\" content=\"12,51&euro;\" \/>\n\t<meta name=\"twitter:label2\" content=\"Disponibilit\u00e9\" \/>\n\t<meta name=\"twitter:data2\" content=\"En stock\" \/>\n<script type=\"application\/ld+json\" class=\"yoast-schema-graph\">{\"@context\":\"https:\\\/\\\/schema.org\",\"@graph\":[{\"@type\":\"WebPage\",\"@id\":\"https:\\\/\\\/www.vetorino.com\\\/boutique\\\/product\\\/fibreplex\\\/\",\"url\":\"https:\\\/\\\/www.vetorino.com\\\/boutique\\\/product\\\/fibreplex\\\/\",\"name\":\"Fibreplex lapin D\u00f4mes Pharma TVM - V\u00e9torino\",\"isPartOf\":{\"@id\":\"https:\\\/\\\/www.vetorino.com\\\/boutique\\\/#website\"},\"primaryImageOfPage\":{\"@id\":\"https:\\\/\\\/www.vetorino.com\\\/boutique\\\/product\\\/fibreplex\\\/#primaryimage\"},\"image\":{\"@id\":\"https:\\\/\\\/www.vetorino.com\\\/boutique\\\/product\\\/fibreplex\\\/#primaryimage\"},\"thumbnailUrl\":\"https:\\\/\\\/www.vetorino.com\\\/boutique\\\/wp-content\\\/uploads\\\/2020\\\/03\\\/xl_7817143d7fbadfa4693b9eec507d9d374431488535247.webp\",\"datePublished\":\"2020-03-04T22:58:01+00:00\",\"dateModified\":\"2024-05-30T08:57:41+00:00\",\"description\":\"Fibreplex est un aliment compl\u00e9mentaire pour lapin, il se pr\u00e9sente sous la forme d\u2019une p\u00e2te aromatis\u00e9e \u00e0 la carotte, riche en fibres, en probiotique et en pr\u00e9biotiques. Utilisation : Contribue\u00a0au\u00a0bon fonctionnement de l'intestin Permet un r\u00e9tablissement de la mobilit\u00e9 intestinale\u00a0 apr\u00e8s une perte d'app\u00e9tit,\u00a0un stress important, un traumatisme (tel qu\u2019une op\u00e9ration ou une blessure) ou lors de traitement antibiotique ou analg\u00e9sique.\",\"breadcrumb\":{\"@id\":\"https:\\\/\\\/www.vetorino.com\\\/boutique\\\/product\\\/fibreplex\\\/#breadcrumb\"},\"inLanguage\":\"fr-FR\",\"potentialAction\":[{\"@type\":\"ReadAction\",\"target\":[\"https:\\\/\\\/www.vetorino.com\\\/boutique\\\/product\\\/fibreplex\\\/\"]}]},{\"@type\":\"ImageObject\",\"inLanguage\":\"fr-FR\",\"@id\":\"https:\\\/\\\/www.vetorino.com\\\/boutique\\\/product\\\/fibreplex\\\/#primaryimage\",\"url\":\"https:\\\/\\\/www.vetorino.com\\\/boutique\\\/wp-content\\\/uploads\\\/2020\\\/03\\\/xl_7817143d7fbadfa4693b9eec507d9d374431488535247.webp\",\"contentUrl\":\"https:\\\/\\\/www.vetorino.com\\\/boutique\\\/wp-content\\\/uploads\\\/2020\\\/03\\\/xl_7817143d7fbadfa4693b9eec507d9d374431488535247.webp\",\"width\":700,\"height\":700},{\"@type\":\"BreadcrumbList\",\"@id\":\"https:\\\/\\\/www.vetorino.com\\\/boutique\\\/product\\\/fibreplex\\\/#breadcrumb\",\"itemListElement\":[{\"@type\":\"ListItem\",\"position\":1,\"name\":\"Accueil\",\"item\":\"https:\\\/\\\/www.vetorino.com\\\/boutique\\\/\"},{\"@type\":\"ListItem\",\"position\":2,\"name\":\"Produits\",\"item\":\"https:\\\/\\\/www.vetorino.com\\\/boutique\\\/\"},{\"@type\":\"ListItem\",\"position\":3,\"name\":\"Fibreplex lapin\"}]},{\"@type\":\"WebSite\",\"@id\":\"https:\\\/\\\/www.vetorino.com\\\/boutique\\\/#website\",\"url\":\"https:\\\/\\\/www.vetorino.com\\\/boutique\\\/\",\"name\":\"V\u00e9torino\",\"description\":\"\",\"publisher\":{\"@id\":\"https:\\\/\\\/www.vetorino.com\\\/boutique\\\/#organization\"},\"potentialAction\":[{\"@type\":\"SearchAction\",\"target\":{\"@type\":\"EntryPoint\",\"urlTemplate\":\"https:\\\/\\\/www.vetorino.com\\\/boutique\\\/?s={search_term_string}\"},\"query-input\":{\"@type\":\"PropertyValueSpecification\",\"valueRequired\":true,\"valueName\":\"search_term_string\"}}],\"inLanguage\":\"fr-FR\"},{\"@type\":\"Organization\",\"@id\":\"https:\\\/\\\/www.vetorino.com\\\/boutique\\\/#organization\",\"name\":\"V\u00e9torino\",\"url\":\"https:\\\/\\\/www.vetorino.com\\\/boutique\\\/\",\"logo\":{\"@type\":\"ImageObject\",\"inLanguage\":\"fr-FR\",\"@id\":\"https:\\\/\\\/www.vetorino.com\\\/boutique\\\/#\\\/schema\\\/logo\\\/image\\\/\",\"url\":\"https:\\\/\\\/www.vetorino.com\\\/boutique\\\/wp-content\\\/uploads\\\/2024\\\/10\\\/logo.jpg\",\"contentUrl\":\"https:\\\/\\\/www.vetorino.com\\\/boutique\\\/wp-content\\\/uploads\\\/2024\\\/10\\\/logo.jpg\",\"width\":1200,\"height\":610,\"caption\":\"V\u00e9torino\"},\"image\":{\"@id\":\"https:\\\/\\\/www.vetorino.com\\\/boutique\\\/#\\\/schema\\\/logo\\\/image\\\/\"},\"sameAs\":[\"https:\\\/\\\/www.facebook.com\\\/Vetorino\\\/\",\"https:\\\/\\\/www.instagram.com\\\/vetorino_off\\\/\",\"https:\\\/\\\/www.linkedin.com\\\/company\\\/vtorino\\\/\"]}]}<\/script>\n<meta property=\"product:brand\" content=\"D\u00f4mes Pharma TVM\" \/>\n<meta property=\"product:price:amount\" content=\"12.51\" \/>\n<meta property=\"product:price:currency\" content=\"EUR\" \/>\n<meta property=\"og:availability\" content=\"instock\" \/>\n<meta property=\"product:availability\" content=\"instock\" \/>\n<meta property=\"product:retailer_item_id\" content=\"A-8134214\" \/>\n<meta property=\"product:condition\" content=\"new\" \/>\n<!-- \/ Yoast SEO plugin. -->","yoast_head_json":{"title":"Fibreplex lapin D\u00f4mes Pharma TVM - V\u00e9torino","description":"Fibreplex est un aliment compl\u00e9mentaire pour lapin, il se pr\u00e9sente sous la forme d\u2019une p\u00e2te aromatis\u00e9e \u00e0 la carotte, riche en fibres, en probiotique et en pr\u00e9biotiques.  Utilisation :   Contribue\u00a0au\u00a0bon fonctionnement de l'intestin  Permet un r\u00e9tablissement de la mobilit\u00e9 intestinale\u00a0 apr\u00e8s une perte d'app\u00e9tit,\u00a0un stress important, un traumatisme (tel qu\u2019une op\u00e9ration ou une blessure) ou lors de traitement antibiotique ou analg\u00e9sique.","robots":{"index":"noindex","follow":"nofollow"},"og_locale":"fr_FR","og_type":"article","og_title":"Fibreplex lapin D\u00f4mes Pharma TVM - V\u00e9torino","og_description":"Fibreplex est un aliment compl\u00e9mentaire pour lapin, il se pr\u00e9sente sous la forme d\u2019une p\u00e2te aromatis\u00e9e \u00e0 la carotte, riche en fibres, en probiotique et en pr\u00e9biotiques.  Utilisation :   Contribue\u00a0au\u00a0bon fonctionnement de l'intestin  Permet un r\u00e9tablissement de la mobilit\u00e9 intestinale\u00a0 apr\u00e8s une perte d'app\u00e9tit,\u00a0un stress important, un traumatisme (tel qu\u2019une op\u00e9ration ou une blessure) ou lors de traitement antibiotique ou analg\u00e9sique.","og_url":"https:\/\/www.vetorino.com\/veterinaire\/plouzevede-29440\/boutique\/product\/fibreplex\/","og_site_name":"V\u00e9torino","article_publisher":"https:\/\/www.facebook.com\/Vetorino\/","article_modified_time":"2024-05-30T08:57:41+00:00","og_image":[{"width":700,"height":700,"url":"https:\/\/www.vetorino.com\/boutique\/wp-content\/uploads\/2020\/03\/xl_7817143d7fbadfa4693b9eec507d9d374431488535247.webp","type":"image\/webp"}],"twitter_card":"summary_large_image","twitter_misc":{"Prix":"12,51&euro;","Disponibilit\u00e9":"En stock"},"schema":{"@context":"https:\/\/schema.org","@graph":[{"@type":"WebPage","@id":"https:\/\/www.vetorino.com\/boutique\/product\/fibreplex\/","url":"https:\/\/www.vetorino.com\/boutique\/product\/fibreplex\/","name":"Fibreplex lapin D\u00f4mes Pharma TVM - V\u00e9torino","isPartOf":{"@id":"https:\/\/www.vetorino.com\/boutique\/#website"},"primaryImageOfPage":{"@id":"https:\/\/www.vetorino.com\/boutique\/product\/fibreplex\/#primaryimage"},"image":{"@id":"https:\/\/www.vetorino.com\/boutique\/product\/fibreplex\/#primaryimage"},"thumbnailUrl":"https:\/\/www.vetorino.com\/boutique\/wp-content\/uploads\/2020\/03\/xl_7817143d7fbadfa4693b9eec507d9d374431488535247.webp","datePublished":"2020-03-04T22:58:01+00:00","dateModified":"2024-05-30T08:57:41+00:00","description":"Fibreplex est un aliment compl\u00e9mentaire pour lapin, il se pr\u00e9sente sous la forme d\u2019une p\u00e2te aromatis\u00e9e \u00e0 la carotte, riche en fibres, en probiotique et en pr\u00e9biotiques. Utilisation : Contribue\u00a0au\u00a0bon fonctionnement de l'intestin Permet un r\u00e9tablissement de la mobilit\u00e9 intestinale\u00a0 apr\u00e8s une perte d'app\u00e9tit,\u00a0un stress important, un traumatisme (tel qu\u2019une op\u00e9ration ou une blessure) ou lors de traitement antibiotique ou analg\u00e9sique.","breadcrumb":{"@id":"https:\/\/www.vetorino.com\/boutique\/product\/fibreplex\/#breadcrumb"},"inLanguage":"fr-FR","potentialAction":[{"@type":"ReadAction","target":["https:\/\/www.vetorino.com\/boutique\/product\/fibreplex\/"]}]},{"@type":"ImageObject","inLanguage":"fr-FR","@id":"https:\/\/www.vetorino.com\/boutique\/product\/fibreplex\/#primaryimage","url":"https:\/\/www.vetorino.com\/boutique\/wp-content\/uploads\/2020\/03\/xl_7817143d7fbadfa4693b9eec507d9d374431488535247.webp","contentUrl":"https:\/\/www.vetorino.com\/boutique\/wp-content\/uploads\/2020\/03\/xl_7817143d7fbadfa4693b9eec507d9d374431488535247.webp","width":700,"height":700},{"@type":"BreadcrumbList","@id":"https:\/\/www.vetorino.com\/boutique\/product\/fibreplex\/#breadcrumb","itemListElement":[{"@type":"ListItem","position":1,"name":"Accueil","item":"https:\/\/www.vetorino.com\/boutique\/"},{"@type":"ListItem","position":2,"name":"Produits","item":"https:\/\/www.vetorino.com\/boutique\/"},{"@type":"ListItem","position":3,"name":"Fibreplex lapin"}]},{"@type":"WebSite","@id":"https:\/\/www.vetorino.com\/boutique\/#website","url":"https:\/\/www.vetorino.com\/boutique\/","name":"V\u00e9torino","description":"","publisher":{"@id":"https:\/\/www.vetorino.com\/boutique\/#organization"},"potentialAction":[{"@type":"SearchAction","target":{"@type":"EntryPoint","urlTemplate":"https:\/\/www.vetorino.com\/boutique\/?s={search_term_string}"},"query-input":{"@type":"PropertyValueSpecification","valueRequired":true,"valueName":"search_term_string"}}],"inLanguage":"fr-FR"},{"@type":"Organization","@id":"https:\/\/www.vetorino.com\/boutique\/#organization","name":"V\u00e9torino","url":"https:\/\/www.vetorino.com\/boutique\/","logo":{"@type":"ImageObject","inLanguage":"fr-FR","@id":"https:\/\/www.vetorino.com\/boutique\/#\/schema\/logo\/image\/","url":"https:\/\/www.vetorino.com\/boutique\/wp-content\/uploads\/2024\/10\/logo.jpg","contentUrl":"https:\/\/www.vetorino.com\/boutique\/wp-content\/uploads\/2024\/10\/logo.jpg","width":1200,"height":610,"caption":"V\u00e9torino"},"image":{"@id":"https:\/\/www.vetorino.com\/boutique\/#\/schema\/logo\/image\/"},"sameAs":["https:\/\/www.facebook.com\/Vetorino\/","https:\/\/www.instagram.com\/vetorino_off\/","https:\/\/www.linkedin.com\/company\/vtorino\/"]}]},"product_brand":"D\u00f4mes Pharma TVM","product_price_amount":"12.51","product_price_currency":"EUR","og_availability":"instock","product_availability":"instock","product_retailer_item_id":"A-8134214","product_condition":"new"},"_links":{"self":[{"href":"https:\/\/www.vetorino.com\/veterinaire\/plouzevede-29440\/boutique\/wp-json\/wp\/v2\/product\/38020","targetHints":{"allow":["GET"]}}],"collection":[{"href":"https:\/\/www.vetorino.com\/veterinaire\/plouzevede-29440\/boutique\/wp-json\/wp\/v2\/product"}],"about":[{"href":"https:\/\/www.vetorino.com\/veterinaire\/plouzevede-29440\/boutique\/wp-json\/wp\/v2\/types\/product"}],"wp:featuredmedia":[{"embeddable":true,"href":"https:\/\/www.vetorino.com\/veterinaire\/plouzevede-29440\/boutique\/wp-json\/wp\/v2\/media\/897137"}],"wp:attachment":[{"href":"https:\/\/www.vetorino.com\/veterinaire\/plouzevede-29440\/boutique\/wp-json\/wp\/v2\/media?parent=38020"}],"wp:term":[{"taxonomy":"product_cat","embeddable":true,"href":"https:\/\/www.vetorino.com\/veterinaire\/plouzevede-29440\/boutique\/wp-json\/wp\/v2\/product_cat?post=38020"},{"taxonomy":"product_tag","embeddable":true,"href":"https:\/\/www.vetorino.com\/veterinaire\/plouzevede-29440\/boutique\/wp-json\/wp\/v2\/product_tag?post=38020"}],"curies":[{"name":"wp","href":"https:\/\/api.w.org\/{rel}","templated":true}]}}