{"id":38046,"date":"2020-03-04T23:58:10","date_gmt":"2020-03-04T22:58:10","guid":{"rendered":"https:\/\/www.vetorino.com\/boutique\/product\/vet-line-lapin-dentaire\/"},"modified":"2025-03-07T15:20:40","modified_gmt":"2025-03-07T14:20:40","slug":"vet-line-lapin-dentaire","status":"publish","type":"product","link":"https:\/\/www.vetorino.com\/veterinaire\/plouzevede-29440\/boutique\/product\/vet-line-lapin-dentaire\/","title":{"rendered":"Lapin Dental"},"content":{"rendered":"<p><strong>Aliment \u00e9quilibr\u00e9 contenant du foin et des plantes qui contribuent \u00e0 am\u00e9liorer l&#8217;\u00e9tat buccal et dentaire.\u00a0<\/strong><strong>Les plantes utilis\u00e9es dans cette formule ont un effet abrasif sur les dents et acc\u00e9l\u00e8rent l&#8217;usure correcte des molaires.<\/strong><\/p>\n<p><strong>Utilisation :<\/strong><\/p>\n<ul>\n<li>Lapin sujet aux maladies bucco-dentaires<\/li>\n<\/ul>\n<p><strong>Bienfaits essentiels :<\/strong><\/p>\n<ul>\n<li>L&#8217;<strong>excellente app\u00e9tence<\/strong>\u00a0et la structure de cette nourriture augmenteront l&#8217;app\u00e9tit de l&#8217;animal et la prise alimentaire.<\/li>\n<li><strong>B\u00e9n\u00e9fique pour \u00e9viter les probl\u00e8mes digestifs<\/strong> inh\u00e9rents aux maladies bucco-dentaires.<\/li>\n<\/ul>\n<p><strong>Cet aliment\u00a0est un produit v\u00e9t\u00e9rinaire. Il est conseill\u00e9 de consulter votre v\u00e9t\u00e9rinaire\u00a0avant utilisation.<\/strong><\/p>\n","protected":false},"excerpt":{"rendered":"<p><strong>Aliment \u00e9quilibr\u00e9 contenant du foin et des plantes qui contribuent \u00e0 am\u00e9liorer l&#8217;\u00e9tat buccal et dentaire.\u00a0<\/strong><strong>Les plantes utilis\u00e9es dans cette formule ont un effet abrasif sur les dents et acc\u00e9l\u00e8rent l&#8217;usure correcte des molaires.<\/strong><\/p>\n<p><strong>Utilisation :<\/strong><\/p>\n<ul>\n<li>Lapin sujet aux maladies bucco-dentaires.<\/li>\n<\/ul>\n<p><strong>Cet aliment\u00a0est un produit v\u00e9t\u00e9rinaire. Il est conseill\u00e9 de consulter votre v\u00e9t\u00e9rinaire\u00a0avant utilisation.<\/strong><\/p>\n","protected":false},"featured_media":1240045,"template":"","meta":[],"product_cat":[12578,12659,12563,2727,12570],"product_tag":[],"class_list":{"0":"post-38046","1":"product","2":"type-product","3":"status-publish","4":"has-post-thumbnail","6":"product_cat-alimentation-du-lapin","7":"product_cat-alimentation-medicalisee-pour-lapin","8":"product_cat-lapin","9":"product_cat-nac","10":"product_cat-rongeur","11":"pa_marque-cunipic","13":"first","14":"instock","15":"taxable","16":"shipping-taxable","17":"purchasable","18":"product-type-simple"},"yoast_head":"<!-- This site is optimized with the Yoast SEO plugin v27.3 - https:\/\/yoast.com\/product\/yoast-seo-wordpress\/ -->\n<title>Lapin Dental Cunipic - V\u00e9torino<\/title>\n<meta name=\"description\" content=\"Aliment \u00e9quilibr\u00e9 contenant du foin et des plantes qui contribuent \u00e0 am\u00e9liorer l&#039;\u00e9tat buccal et dentaire.\u00a0Les plantes utilis\u00e9es dans cette formule ont un effet abrasif sur les dents et acc\u00e9l\u00e8rent l&#039;usure correcte des molaires.  Utilisation :   Lapin sujet aux maladies bucco-dentaires.  Cet aliment\u00a0est un produit v\u00e9t\u00e9rinaire. Il est conseill\u00e9 de consulter votre v\u00e9t\u00e9rinaire\u00a0avant utilisation.\" \/>\n<meta name=\"robots\" content=\"noindex, nofollow\" \/>\n<meta property=\"og:locale\" content=\"fr_FR\" \/>\n<meta property=\"og:type\" content=\"article\" \/>\n<meta property=\"og:title\" content=\"Lapin Dental Cunipic - V\u00e9torino\" \/>\n<meta property=\"og:description\" content=\"Aliment \u00e9quilibr\u00e9 contenant du foin et des plantes qui contribuent \u00e0 am\u00e9liorer l&#039;\u00e9tat buccal et dentaire.\u00a0Les plantes utilis\u00e9es dans cette formule ont un effet abrasif sur les dents et acc\u00e9l\u00e8rent l&#039;usure correcte des molaires.  Utilisation :   Lapin sujet aux maladies bucco-dentaires.  Cet aliment\u00a0est un produit v\u00e9t\u00e9rinaire. Il est conseill\u00e9 de consulter votre v\u00e9t\u00e9rinaire\u00a0avant utilisation.\" \/>\n<meta property=\"og:url\" content=\"https:\/\/www.vetorino.com\/veterinaire\/plouzevede-29440\/boutique\/product\/vet-line-lapin-dentaire\/\" \/>\n<meta property=\"og:site_name\" content=\"V\u00e9torino\" \/>\n<meta property=\"article:publisher\" content=\"https:\/\/www.facebook.com\/Vetorino\/\" \/>\n<meta property=\"article:modified_time\" content=\"2025-03-07T14:20:40+00:00\" \/>\n<meta property=\"og:image\" content=\"https:\/\/www.vetorino.com\/boutique\/wp-content\/uploads\/2020\/03\/cunipic-vetline-lapin-dental-1.webp\" \/>\n\t<meta property=\"og:image:width\" content=\"800\" \/>\n\t<meta property=\"og:image:height\" content=\"800\" \/>\n\t<meta property=\"og:image:type\" content=\"image\/webp\" \/>\n<meta name=\"twitter:card\" content=\"summary_large_image\" \/>\n<meta name=\"twitter:label1\" content=\"Prix\" \/>\n\t<meta name=\"twitter:data1\" content=\"16,61&euro;\" \/>\n\t<meta name=\"twitter:label2\" content=\"Disponibilit\u00e9\" \/>\n\t<meta name=\"twitter:data2\" content=\"En stock\" \/>\n<script type=\"application\/ld+json\" class=\"yoast-schema-graph\">{\"@context\":\"https:\\\/\\\/schema.org\",\"@graph\":[{\"@type\":\"WebPage\",\"@id\":\"https:\\\/\\\/www.vetorino.com\\\/boutique\\\/product\\\/vet-line-lapin-dentaire\\\/\",\"url\":\"https:\\\/\\\/www.vetorino.com\\\/boutique\\\/product\\\/vet-line-lapin-dentaire\\\/\",\"name\":\"Lapin Dental Cunipic - V\u00e9torino\",\"isPartOf\":{\"@id\":\"https:\\\/\\\/www.vetorino.com\\\/boutique\\\/#website\"},\"primaryImageOfPage\":{\"@id\":\"https:\\\/\\\/www.vetorino.com\\\/boutique\\\/product\\\/vet-line-lapin-dentaire\\\/#primaryimage\"},\"image\":{\"@id\":\"https:\\\/\\\/www.vetorino.com\\\/boutique\\\/product\\\/vet-line-lapin-dentaire\\\/#primaryimage\"},\"thumbnailUrl\":\"https:\\\/\\\/www.vetorino.com\\\/boutique\\\/wp-content\\\/uploads\\\/2020\\\/03\\\/cunipic-vetline-lapin-dental-1.webp\",\"datePublished\":\"2020-03-04T22:58:10+00:00\",\"dateModified\":\"2025-03-07T14:20:40+00:00\",\"description\":\"Aliment \u00e9quilibr\u00e9 contenant du foin et des plantes qui contribuent \u00e0 am\u00e9liorer l'\u00e9tat buccal et dentaire.\u00a0Les plantes utilis\u00e9es dans cette formule ont un effet abrasif sur les dents et acc\u00e9l\u00e8rent l'usure correcte des molaires. Utilisation : Lapin sujet aux maladies bucco-dentaires. Cet aliment\u00a0est un produit v\u00e9t\u00e9rinaire. Il est conseill\u00e9 de consulter votre v\u00e9t\u00e9rinaire\u00a0avant utilisation.\",\"breadcrumb\":{\"@id\":\"https:\\\/\\\/www.vetorino.com\\\/boutique\\\/product\\\/vet-line-lapin-dentaire\\\/#breadcrumb\"},\"inLanguage\":\"fr-FR\",\"potentialAction\":[{\"@type\":\"ReadAction\",\"target\":[\"https:\\\/\\\/www.vetorino.com\\\/boutique\\\/product\\\/vet-line-lapin-dentaire\\\/\"]}]},{\"@type\":\"ImageObject\",\"inLanguage\":\"fr-FR\",\"@id\":\"https:\\\/\\\/www.vetorino.com\\\/boutique\\\/product\\\/vet-line-lapin-dentaire\\\/#primaryimage\",\"url\":\"https:\\\/\\\/www.vetorino.com\\\/boutique\\\/wp-content\\\/uploads\\\/2020\\\/03\\\/cunipic-vetline-lapin-dental-1.webp\",\"contentUrl\":\"https:\\\/\\\/www.vetorino.com\\\/boutique\\\/wp-content\\\/uploads\\\/2020\\\/03\\\/cunipic-vetline-lapin-dental-1.webp\",\"width\":800,\"height\":800},{\"@type\":\"BreadcrumbList\",\"@id\":\"https:\\\/\\\/www.vetorino.com\\\/boutique\\\/product\\\/vet-line-lapin-dentaire\\\/#breadcrumb\",\"itemListElement\":[{\"@type\":\"ListItem\",\"position\":1,\"name\":\"Accueil\",\"item\":\"https:\\\/\\\/www.vetorino.com\\\/boutique\\\/\"},{\"@type\":\"ListItem\",\"position\":2,\"name\":\"Produits\",\"item\":\"https:\\\/\\\/www.vetorino.com\\\/boutique\\\/\"},{\"@type\":\"ListItem\",\"position\":3,\"name\":\"Lapin Dental\"}]},{\"@type\":\"WebSite\",\"@id\":\"https:\\\/\\\/www.vetorino.com\\\/boutique\\\/#website\",\"url\":\"https:\\\/\\\/www.vetorino.com\\\/boutique\\\/\",\"name\":\"V\u00e9torino\",\"description\":\"\",\"publisher\":{\"@id\":\"https:\\\/\\\/www.vetorino.com\\\/boutique\\\/#organization\"},\"potentialAction\":[{\"@type\":\"SearchAction\",\"target\":{\"@type\":\"EntryPoint\",\"urlTemplate\":\"https:\\\/\\\/www.vetorino.com\\\/boutique\\\/?s={search_term_string}\"},\"query-input\":{\"@type\":\"PropertyValueSpecification\",\"valueRequired\":true,\"valueName\":\"search_term_string\"}}],\"inLanguage\":\"fr-FR\"},{\"@type\":\"Organization\",\"@id\":\"https:\\\/\\\/www.vetorino.com\\\/boutique\\\/#organization\",\"name\":\"V\u00e9torino\",\"url\":\"https:\\\/\\\/www.vetorino.com\\\/boutique\\\/\",\"logo\":{\"@type\":\"ImageObject\",\"inLanguage\":\"fr-FR\",\"@id\":\"https:\\\/\\\/www.vetorino.com\\\/boutique\\\/#\\\/schema\\\/logo\\\/image\\\/\",\"url\":\"https:\\\/\\\/www.vetorino.com\\\/boutique\\\/wp-content\\\/uploads\\\/2024\\\/10\\\/logo.jpg\",\"contentUrl\":\"https:\\\/\\\/www.vetorino.com\\\/boutique\\\/wp-content\\\/uploads\\\/2024\\\/10\\\/logo.jpg\",\"width\":1200,\"height\":610,\"caption\":\"V\u00e9torino\"},\"image\":{\"@id\":\"https:\\\/\\\/www.vetorino.com\\\/boutique\\\/#\\\/schema\\\/logo\\\/image\\\/\"},\"sameAs\":[\"https:\\\/\\\/www.facebook.com\\\/Vetorino\\\/\",\"https:\\\/\\\/www.instagram.com\\\/vetorino_off\\\/\",\"https:\\\/\\\/www.linkedin.com\\\/company\\\/vtorino\\\/\"]}]}<\/script>\n<meta property=\"product:brand\" content=\"Cunipic\" \/>\n<meta property=\"product:price:amount\" content=\"16.61\" \/>\n<meta property=\"product:price:currency\" content=\"EUR\" \/>\n<meta property=\"og:availability\" content=\"instock\" \/>\n<meta property=\"product:availability\" content=\"instock\" \/>\n<meta property=\"product:retailer_item_id\" content=\"A-8113086\" \/>\n<meta property=\"product:condition\" content=\"new\" \/>\n<!-- \/ Yoast SEO plugin. -->","yoast_head_json":{"title":"Lapin Dental Cunipic - V\u00e9torino","description":"Aliment \u00e9quilibr\u00e9 contenant du foin et des plantes qui contribuent \u00e0 am\u00e9liorer l'\u00e9tat buccal et dentaire.\u00a0Les plantes utilis\u00e9es dans cette formule ont un effet abrasif sur les dents et acc\u00e9l\u00e8rent l'usure correcte des molaires.  Utilisation :   Lapin sujet aux maladies bucco-dentaires.  Cet aliment\u00a0est un produit v\u00e9t\u00e9rinaire. Il est conseill\u00e9 de consulter votre v\u00e9t\u00e9rinaire\u00a0avant utilisation.","robots":{"index":"noindex","follow":"nofollow"},"og_locale":"fr_FR","og_type":"article","og_title":"Lapin Dental Cunipic - V\u00e9torino","og_description":"Aliment \u00e9quilibr\u00e9 contenant du foin et des plantes qui contribuent \u00e0 am\u00e9liorer l'\u00e9tat buccal et dentaire.\u00a0Les plantes utilis\u00e9es dans cette formule ont un effet abrasif sur les dents et acc\u00e9l\u00e8rent l'usure correcte des molaires.  Utilisation :   Lapin sujet aux maladies bucco-dentaires.  Cet aliment\u00a0est un produit v\u00e9t\u00e9rinaire. Il est conseill\u00e9 de consulter votre v\u00e9t\u00e9rinaire\u00a0avant utilisation.","og_url":"https:\/\/www.vetorino.com\/veterinaire\/plouzevede-29440\/boutique\/product\/vet-line-lapin-dentaire\/","og_site_name":"V\u00e9torino","article_publisher":"https:\/\/www.facebook.com\/Vetorino\/","article_modified_time":"2025-03-07T14:20:40+00:00","og_image":[{"width":800,"height":800,"url":"https:\/\/www.vetorino.com\/boutique\/wp-content\/uploads\/2020\/03\/cunipic-vetline-lapin-dental-1.webp","type":"image\/webp"}],"twitter_card":"summary_large_image","twitter_misc":{"Prix":"16,61&euro;","Disponibilit\u00e9":"En stock"},"schema":{"@context":"https:\/\/schema.org","@graph":[{"@type":"WebPage","@id":"https:\/\/www.vetorino.com\/boutique\/product\/vet-line-lapin-dentaire\/","url":"https:\/\/www.vetorino.com\/boutique\/product\/vet-line-lapin-dentaire\/","name":"Lapin Dental Cunipic - V\u00e9torino","isPartOf":{"@id":"https:\/\/www.vetorino.com\/boutique\/#website"},"primaryImageOfPage":{"@id":"https:\/\/www.vetorino.com\/boutique\/product\/vet-line-lapin-dentaire\/#primaryimage"},"image":{"@id":"https:\/\/www.vetorino.com\/boutique\/product\/vet-line-lapin-dentaire\/#primaryimage"},"thumbnailUrl":"https:\/\/www.vetorino.com\/boutique\/wp-content\/uploads\/2020\/03\/cunipic-vetline-lapin-dental-1.webp","datePublished":"2020-03-04T22:58:10+00:00","dateModified":"2025-03-07T14:20:40+00:00","description":"Aliment \u00e9quilibr\u00e9 contenant du foin et des plantes qui contribuent \u00e0 am\u00e9liorer l'\u00e9tat buccal et dentaire.\u00a0Les plantes utilis\u00e9es dans cette formule ont un effet abrasif sur les dents et acc\u00e9l\u00e8rent l'usure correcte des molaires. Utilisation : Lapin sujet aux maladies bucco-dentaires. Cet aliment\u00a0est un produit v\u00e9t\u00e9rinaire. Il est conseill\u00e9 de consulter votre v\u00e9t\u00e9rinaire\u00a0avant utilisation.","breadcrumb":{"@id":"https:\/\/www.vetorino.com\/boutique\/product\/vet-line-lapin-dentaire\/#breadcrumb"},"inLanguage":"fr-FR","potentialAction":[{"@type":"ReadAction","target":["https:\/\/www.vetorino.com\/boutique\/product\/vet-line-lapin-dentaire\/"]}]},{"@type":"ImageObject","inLanguage":"fr-FR","@id":"https:\/\/www.vetorino.com\/boutique\/product\/vet-line-lapin-dentaire\/#primaryimage","url":"https:\/\/www.vetorino.com\/boutique\/wp-content\/uploads\/2020\/03\/cunipic-vetline-lapin-dental-1.webp","contentUrl":"https:\/\/www.vetorino.com\/boutique\/wp-content\/uploads\/2020\/03\/cunipic-vetline-lapin-dental-1.webp","width":800,"height":800},{"@type":"BreadcrumbList","@id":"https:\/\/www.vetorino.com\/boutique\/product\/vet-line-lapin-dentaire\/#breadcrumb","itemListElement":[{"@type":"ListItem","position":1,"name":"Accueil","item":"https:\/\/www.vetorino.com\/boutique\/"},{"@type":"ListItem","position":2,"name":"Produits","item":"https:\/\/www.vetorino.com\/boutique\/"},{"@type":"ListItem","position":3,"name":"Lapin Dental"}]},{"@type":"WebSite","@id":"https:\/\/www.vetorino.com\/boutique\/#website","url":"https:\/\/www.vetorino.com\/boutique\/","name":"V\u00e9torino","description":"","publisher":{"@id":"https:\/\/www.vetorino.com\/boutique\/#organization"},"potentialAction":[{"@type":"SearchAction","target":{"@type":"EntryPoint","urlTemplate":"https:\/\/www.vetorino.com\/boutique\/?s={search_term_string}"},"query-input":{"@type":"PropertyValueSpecification","valueRequired":true,"valueName":"search_term_string"}}],"inLanguage":"fr-FR"},{"@type":"Organization","@id":"https:\/\/www.vetorino.com\/boutique\/#organization","name":"V\u00e9torino","url":"https:\/\/www.vetorino.com\/boutique\/","logo":{"@type":"ImageObject","inLanguage":"fr-FR","@id":"https:\/\/www.vetorino.com\/boutique\/#\/schema\/logo\/image\/","url":"https:\/\/www.vetorino.com\/boutique\/wp-content\/uploads\/2024\/10\/logo.jpg","contentUrl":"https:\/\/www.vetorino.com\/boutique\/wp-content\/uploads\/2024\/10\/logo.jpg","width":1200,"height":610,"caption":"V\u00e9torino"},"image":{"@id":"https:\/\/www.vetorino.com\/boutique\/#\/schema\/logo\/image\/"},"sameAs":["https:\/\/www.facebook.com\/Vetorino\/","https:\/\/www.instagram.com\/vetorino_off\/","https:\/\/www.linkedin.com\/company\/vtorino\/"]}]},"product_brand":"Cunipic","product_price_amount":"16.61","product_price_currency":"EUR","og_availability":"instock","product_availability":"instock","product_retailer_item_id":"A-8113086","product_condition":"new"},"_links":{"self":[{"href":"https:\/\/www.vetorino.com\/veterinaire\/plouzevede-29440\/boutique\/wp-json\/wp\/v2\/product\/38046","targetHints":{"allow":["GET"]}}],"collection":[{"href":"https:\/\/www.vetorino.com\/veterinaire\/plouzevede-29440\/boutique\/wp-json\/wp\/v2\/product"}],"about":[{"href":"https:\/\/www.vetorino.com\/veterinaire\/plouzevede-29440\/boutique\/wp-json\/wp\/v2\/types\/product"}],"wp:featuredmedia":[{"embeddable":true,"href":"https:\/\/www.vetorino.com\/veterinaire\/plouzevede-29440\/boutique\/wp-json\/wp\/v2\/media\/1240045"}],"wp:attachment":[{"href":"https:\/\/www.vetorino.com\/veterinaire\/plouzevede-29440\/boutique\/wp-json\/wp\/v2\/media?parent=38046"}],"wp:term":[{"taxonomy":"product_cat","embeddable":true,"href":"https:\/\/www.vetorino.com\/veterinaire\/plouzevede-29440\/boutique\/wp-json\/wp\/v2\/product_cat?post=38046"},{"taxonomy":"product_tag","embeddable":true,"href":"https:\/\/www.vetorino.com\/veterinaire\/plouzevede-29440\/boutique\/wp-json\/wp\/v2\/product_tag?post=38046"}],"curies":[{"name":"wp","href":"https:\/\/api.w.org\/{rel}","templated":true}]}}