{"id":466013,"date":"2022-09-15T11:54:52","date_gmt":"2022-09-15T09:54:52","guid":{"rendered":"https:\/\/www.vetorino.com\/boutique\/product\/pro-kolin-advanced-chat-2\/"},"modified":"2022-09-15T12:05:39","modified_gmt":"2022-09-15T10:05:39","slug":"pro-kolin-advanced-chat-2","status":"publish","type":"product","link":"https:\/\/www.vetorino.com\/veterinaire\/plouzevede-29440\/boutique\/product\/pro-kolin-advanced-chat-2\/","title":{"rendered":"Pro-kolin advanced chat"},"content":{"rendered":"<p><strong>L<\/strong>&#8216;<strong>aliment compl\u00e9mentaire Pro-Kolin\u00ae Advanced Chat Inconfort Digestif<\/strong> de TVM soutient et prot\u00e8ge la flore commensale et la muqueuse intestinale des chats en cas de d\u00e9sordre intestinal ponctuel. Il se pr\u00e9sente sous forme d&#8217;une p\u00e2te app\u00e9tente \u00e0 l&#8217;ar\u00f4me poulet compos\u00e9e de probiotiques, pr\u00e9biotiques,\u00a0 protecteurs gastro-intestinaux et taurine.<\/p>\n<p><strong>Caract\u00e9ristiques :\u00a0<\/strong><\/p>\n<ul>\n<li>Format : seringue de 15 ml.<\/li>\n<li>1 seringue = 3 jours d&#8217;administration.<\/li>\n<li>Ar\u00f4me poulet, facilite la prise du produit.<\/li>\n<\/ul>\n","protected":false},"excerpt":{"rendered":"<p><strong>L&#8217;aliment compl\u00e9mentaire Pro-Kolin\u00ae Advanced Chat Inconfort Digestif<\/strong>\u00a0de TVM soutient et prot\u00e8ge la flore commensale et la muqueuse intestinale des chats en cas de d\u00e9sordre intestinal ponctuel. Il se pr\u00e9sente sous forme d&#8217;une p\u00e2te app\u00e9tente \u00e0 l&#8217;ar\u00f4me poulet compos\u00e9e de probiotiques, pr\u00e9biotiques,\u00a0 protecteurs gastro-intestinaux et taurine.<\/p>\n<p><strong>Utilisation :\u00a0<\/strong><\/p>\n<ul>\n<li>Chats<\/li>\n<\/ul>\n","protected":false},"featured_media":466014,"template":"","meta":[],"product_cat":[2697,12567,12635],"product_tag":[],"class_list":{"0":"post-466013","1":"product","2":"type-product","3":"status-publish","4":"has-post-thumbnail","6":"product_cat-chat","7":"product_cat-produit-veterinaire-du-chat","8":"product_cat-systeme-digestif-du-chat","9":"pa_marque-tvm","11":"first","12":"instock","13":"taxable","14":"shipping-taxable","15":"purchasable","16":"product-type-simple"},"yoast_head":"<!-- This site is optimized with the Yoast SEO plugin v27.3 - https:\/\/yoast.com\/product\/yoast-seo-wordpress\/ -->\n<title>Pro-kolin advanced chat D\u00f4mes Pharma TVM - V\u00e9torino<\/title>\n<meta name=\"description\" content=\"L&#039;aliment compl\u00e9mentaire Pro-Kolin\u00ae Advanced Chat Inconfort Digestif\u00a0de TVM soutient et prot\u00e8ge la flore commensale et la muqueuse intestinale des chats en cas de d\u00e9sordre intestinal ponctuel. Il se pr\u00e9sente sous forme d&#039;une p\u00e2te app\u00e9tente \u00e0 l&#039;ar\u00f4me poulet compos\u00e9e de probiotiques, pr\u00e9biotiques,\u00a0 protecteurs gastro-intestinaux et taurine.  Utilisation :\u00a0   Chats\" \/>\n<meta name=\"robots\" content=\"noindex, nofollow\" \/>\n<meta property=\"og:locale\" content=\"fr_FR\" \/>\n<meta property=\"og:type\" content=\"article\" \/>\n<meta property=\"og:title\" content=\"Pro-kolin advanced chat D\u00f4mes Pharma TVM - V\u00e9torino\" \/>\n<meta property=\"og:description\" content=\"L&#039;aliment compl\u00e9mentaire Pro-Kolin\u00ae Advanced Chat Inconfort Digestif\u00a0de TVM soutient et prot\u00e8ge la flore commensale et la muqueuse intestinale des chats en cas de d\u00e9sordre intestinal ponctuel. Il se pr\u00e9sente sous forme d&#039;une p\u00e2te app\u00e9tente \u00e0 l&#039;ar\u00f4me poulet compos\u00e9e de probiotiques, pr\u00e9biotiques,\u00a0 protecteurs gastro-intestinaux et taurine.  Utilisation :\u00a0   Chats\" \/>\n<meta property=\"og:url\" content=\"https:\/\/www.vetorino.com\/veterinaire\/plouzevede-29440\/boutique\/product\/pro-kolin-advanced-chat-2\/\" \/>\n<meta property=\"og:site_name\" content=\"V\u00e9torino\" \/>\n<meta property=\"article:publisher\" content=\"https:\/\/www.facebook.com\/Vetorino\/\" \/>\n<meta property=\"article:modified_time\" content=\"2022-09-15T10:05:39+00:00\" \/>\n<meta property=\"og:image\" content=\"https:\/\/www.vetorino.com\/boutique\/wp-content\/uploads\/2022\/09\/pro-kolin-advanced-inconfort-digestif-pour-chat-tvm.jpg\" \/>\n\t<meta property=\"og:image:width\" content=\"500\" \/>\n\t<meta property=\"og:image:height\" content=\"500\" \/>\n\t<meta property=\"og:image:type\" content=\"image\/jpeg\" \/>\n<meta name=\"twitter:card\" content=\"summary_large_image\" \/>\n<meta name=\"twitter:label1\" content=\"Prix\" \/>\n\t<meta name=\"twitter:data1\" content=\"10,57&euro;\" \/>\n\t<meta name=\"twitter:label2\" content=\"Disponibilit\u00e9\" \/>\n\t<meta name=\"twitter:data2\" content=\"En stock\" \/>\n<script type=\"application\/ld+json\" class=\"yoast-schema-graph\">{\"@context\":\"https:\\\/\\\/schema.org\",\"@graph\":[{\"@type\":\"WebPage\",\"@id\":\"https:\\\/\\\/www.vetorino.com\\\/boutique\\\/product\\\/pro-kolin-advanced-chat-2\\\/\",\"url\":\"https:\\\/\\\/www.vetorino.com\\\/boutique\\\/product\\\/pro-kolin-advanced-chat-2\\\/\",\"name\":\"Pro-kolin advanced chat D\u00f4mes Pharma TVM - V\u00e9torino\",\"isPartOf\":{\"@id\":\"https:\\\/\\\/www.vetorino.com\\\/boutique\\\/#website\"},\"primaryImageOfPage\":{\"@id\":\"https:\\\/\\\/www.vetorino.com\\\/boutique\\\/product\\\/pro-kolin-advanced-chat-2\\\/#primaryimage\"},\"image\":{\"@id\":\"https:\\\/\\\/www.vetorino.com\\\/boutique\\\/product\\\/pro-kolin-advanced-chat-2\\\/#primaryimage\"},\"thumbnailUrl\":\"https:\\\/\\\/www.vetorino.com\\\/boutique\\\/wp-content\\\/uploads\\\/2022\\\/09\\\/pro-kolin-advanced-inconfort-digestif-pour-chat-tvm.jpg\",\"datePublished\":\"2022-09-15T09:54:52+00:00\",\"dateModified\":\"2022-09-15T10:05:39+00:00\",\"description\":\"L'aliment compl\u00e9mentaire Pro-Kolin\u00ae Advanced Chat Inconfort Digestif\u00a0de TVM soutient et prot\u00e8ge la flore commensale et la muqueuse intestinale des chats en cas de d\u00e9sordre intestinal ponctuel. Il se pr\u00e9sente sous forme d'une p\u00e2te app\u00e9tente \u00e0 l'ar\u00f4me poulet compos\u00e9e de probiotiques, pr\u00e9biotiques,\u00a0 protecteurs gastro-intestinaux et taurine. Utilisation :\u00a0 Chats\",\"breadcrumb\":{\"@id\":\"https:\\\/\\\/www.vetorino.com\\\/boutique\\\/product\\\/pro-kolin-advanced-chat-2\\\/#breadcrumb\"},\"inLanguage\":\"fr-FR\",\"potentialAction\":[{\"@type\":\"ReadAction\",\"target\":[\"https:\\\/\\\/www.vetorino.com\\\/boutique\\\/product\\\/pro-kolin-advanced-chat-2\\\/\"]}]},{\"@type\":\"ImageObject\",\"inLanguage\":\"fr-FR\",\"@id\":\"https:\\\/\\\/www.vetorino.com\\\/boutique\\\/product\\\/pro-kolin-advanced-chat-2\\\/#primaryimage\",\"url\":\"https:\\\/\\\/www.vetorino.com\\\/boutique\\\/wp-content\\\/uploads\\\/2022\\\/09\\\/pro-kolin-advanced-inconfort-digestif-pour-chat-tvm.jpg\",\"contentUrl\":\"https:\\\/\\\/www.vetorino.com\\\/boutique\\\/wp-content\\\/uploads\\\/2022\\\/09\\\/pro-kolin-advanced-inconfort-digestif-pour-chat-tvm.jpg\",\"width\":500,\"height\":500,\"caption\":\"pro kolin advanced chat\"},{\"@type\":\"BreadcrumbList\",\"@id\":\"https:\\\/\\\/www.vetorino.com\\\/boutique\\\/product\\\/pro-kolin-advanced-chat-2\\\/#breadcrumb\",\"itemListElement\":[{\"@type\":\"ListItem\",\"position\":1,\"name\":\"Accueil\",\"item\":\"https:\\\/\\\/www.vetorino.com\\\/boutique\\\/\"},{\"@type\":\"ListItem\",\"position\":2,\"name\":\"Produits\",\"item\":\"https:\\\/\\\/www.vetorino.com\\\/boutique\\\/\"},{\"@type\":\"ListItem\",\"position\":3,\"name\":\"Pro-kolin advanced chat\"}]},{\"@type\":\"WebSite\",\"@id\":\"https:\\\/\\\/www.vetorino.com\\\/boutique\\\/#website\",\"url\":\"https:\\\/\\\/www.vetorino.com\\\/boutique\\\/\",\"name\":\"V\u00e9torino\",\"description\":\"\",\"publisher\":{\"@id\":\"https:\\\/\\\/www.vetorino.com\\\/boutique\\\/#organization\"},\"potentialAction\":[{\"@type\":\"SearchAction\",\"target\":{\"@type\":\"EntryPoint\",\"urlTemplate\":\"https:\\\/\\\/www.vetorino.com\\\/boutique\\\/?s={search_term_string}\"},\"query-input\":{\"@type\":\"PropertyValueSpecification\",\"valueRequired\":true,\"valueName\":\"search_term_string\"}}],\"inLanguage\":\"fr-FR\"},{\"@type\":\"Organization\",\"@id\":\"https:\\\/\\\/www.vetorino.com\\\/boutique\\\/#organization\",\"name\":\"V\u00e9torino\",\"url\":\"https:\\\/\\\/www.vetorino.com\\\/boutique\\\/\",\"logo\":{\"@type\":\"ImageObject\",\"inLanguage\":\"fr-FR\",\"@id\":\"https:\\\/\\\/www.vetorino.com\\\/boutique\\\/#\\\/schema\\\/logo\\\/image\\\/\",\"url\":\"https:\\\/\\\/www.vetorino.com\\\/boutique\\\/wp-content\\\/uploads\\\/2024\\\/10\\\/logo.jpg\",\"contentUrl\":\"https:\\\/\\\/www.vetorino.com\\\/boutique\\\/wp-content\\\/uploads\\\/2024\\\/10\\\/logo.jpg\",\"width\":1200,\"height\":610,\"caption\":\"V\u00e9torino\"},\"image\":{\"@id\":\"https:\\\/\\\/www.vetorino.com\\\/boutique\\\/#\\\/schema\\\/logo\\\/image\\\/\"},\"sameAs\":[\"https:\\\/\\\/www.facebook.com\\\/Vetorino\\\/\",\"https:\\\/\\\/www.instagram.com\\\/vetorino_off\\\/\",\"https:\\\/\\\/www.linkedin.com\\\/company\\\/vtorino\\\/\"]}]}<\/script>\n<meta property=\"product:brand\" content=\"D\u00f4mes Pharma TVM\" \/>\n<meta property=\"product:price:amount\" content=\"10.57\" \/>\n<meta property=\"product:price:currency\" content=\"EUR\" \/>\n<meta property=\"og:availability\" content=\"instock\" \/>\n<meta property=\"product:availability\" content=\"instock\" \/>\n<meta property=\"product:retailer_item_id\" content=\"A-1860700\" \/>\n<meta property=\"product:condition\" content=\"new\" \/>\n<!-- \/ Yoast SEO plugin. -->","yoast_head_json":{"title":"Pro-kolin advanced chat D\u00f4mes Pharma TVM - V\u00e9torino","description":"L'aliment compl\u00e9mentaire Pro-Kolin\u00ae Advanced Chat Inconfort Digestif\u00a0de TVM soutient et prot\u00e8ge la flore commensale et la muqueuse intestinale des chats en cas de d\u00e9sordre intestinal ponctuel. Il se pr\u00e9sente sous forme d'une p\u00e2te app\u00e9tente \u00e0 l'ar\u00f4me poulet compos\u00e9e de probiotiques, pr\u00e9biotiques,\u00a0 protecteurs gastro-intestinaux et taurine.  Utilisation :\u00a0   Chats","robots":{"index":"noindex","follow":"nofollow"},"og_locale":"fr_FR","og_type":"article","og_title":"Pro-kolin advanced chat D\u00f4mes Pharma TVM - V\u00e9torino","og_description":"L'aliment compl\u00e9mentaire Pro-Kolin\u00ae Advanced Chat Inconfort Digestif\u00a0de TVM soutient et prot\u00e8ge la flore commensale et la muqueuse intestinale des chats en cas de d\u00e9sordre intestinal ponctuel. Il se pr\u00e9sente sous forme d'une p\u00e2te app\u00e9tente \u00e0 l'ar\u00f4me poulet compos\u00e9e de probiotiques, pr\u00e9biotiques,\u00a0 protecteurs gastro-intestinaux et taurine.  Utilisation :\u00a0   Chats","og_url":"https:\/\/www.vetorino.com\/veterinaire\/plouzevede-29440\/boutique\/product\/pro-kolin-advanced-chat-2\/","og_site_name":"V\u00e9torino","article_publisher":"https:\/\/www.facebook.com\/Vetorino\/","article_modified_time":"2022-09-15T10:05:39+00:00","og_image":[{"width":500,"height":500,"url":"https:\/\/www.vetorino.com\/boutique\/wp-content\/uploads\/2022\/09\/pro-kolin-advanced-inconfort-digestif-pour-chat-tvm.jpg","type":"image\/jpeg"}],"twitter_card":"summary_large_image","twitter_misc":{"Prix":"10,57&euro;","Disponibilit\u00e9":"En stock"},"schema":{"@context":"https:\/\/schema.org","@graph":[{"@type":"WebPage","@id":"https:\/\/www.vetorino.com\/boutique\/product\/pro-kolin-advanced-chat-2\/","url":"https:\/\/www.vetorino.com\/boutique\/product\/pro-kolin-advanced-chat-2\/","name":"Pro-kolin advanced chat D\u00f4mes Pharma TVM - V\u00e9torino","isPartOf":{"@id":"https:\/\/www.vetorino.com\/boutique\/#website"},"primaryImageOfPage":{"@id":"https:\/\/www.vetorino.com\/boutique\/product\/pro-kolin-advanced-chat-2\/#primaryimage"},"image":{"@id":"https:\/\/www.vetorino.com\/boutique\/product\/pro-kolin-advanced-chat-2\/#primaryimage"},"thumbnailUrl":"https:\/\/www.vetorino.com\/boutique\/wp-content\/uploads\/2022\/09\/pro-kolin-advanced-inconfort-digestif-pour-chat-tvm.jpg","datePublished":"2022-09-15T09:54:52+00:00","dateModified":"2022-09-15T10:05:39+00:00","description":"L'aliment compl\u00e9mentaire Pro-Kolin\u00ae Advanced Chat Inconfort Digestif\u00a0de TVM soutient et prot\u00e8ge la flore commensale et la muqueuse intestinale des chats en cas de d\u00e9sordre intestinal ponctuel. Il se pr\u00e9sente sous forme d'une p\u00e2te app\u00e9tente \u00e0 l'ar\u00f4me poulet compos\u00e9e de probiotiques, pr\u00e9biotiques,\u00a0 protecteurs gastro-intestinaux et taurine. Utilisation :\u00a0 Chats","breadcrumb":{"@id":"https:\/\/www.vetorino.com\/boutique\/product\/pro-kolin-advanced-chat-2\/#breadcrumb"},"inLanguage":"fr-FR","potentialAction":[{"@type":"ReadAction","target":["https:\/\/www.vetorino.com\/boutique\/product\/pro-kolin-advanced-chat-2\/"]}]},{"@type":"ImageObject","inLanguage":"fr-FR","@id":"https:\/\/www.vetorino.com\/boutique\/product\/pro-kolin-advanced-chat-2\/#primaryimage","url":"https:\/\/www.vetorino.com\/boutique\/wp-content\/uploads\/2022\/09\/pro-kolin-advanced-inconfort-digestif-pour-chat-tvm.jpg","contentUrl":"https:\/\/www.vetorino.com\/boutique\/wp-content\/uploads\/2022\/09\/pro-kolin-advanced-inconfort-digestif-pour-chat-tvm.jpg","width":500,"height":500,"caption":"pro kolin advanced chat"},{"@type":"BreadcrumbList","@id":"https:\/\/www.vetorino.com\/boutique\/product\/pro-kolin-advanced-chat-2\/#breadcrumb","itemListElement":[{"@type":"ListItem","position":1,"name":"Accueil","item":"https:\/\/www.vetorino.com\/boutique\/"},{"@type":"ListItem","position":2,"name":"Produits","item":"https:\/\/www.vetorino.com\/boutique\/"},{"@type":"ListItem","position":3,"name":"Pro-kolin advanced chat"}]},{"@type":"WebSite","@id":"https:\/\/www.vetorino.com\/boutique\/#website","url":"https:\/\/www.vetorino.com\/boutique\/","name":"V\u00e9torino","description":"","publisher":{"@id":"https:\/\/www.vetorino.com\/boutique\/#organization"},"potentialAction":[{"@type":"SearchAction","target":{"@type":"EntryPoint","urlTemplate":"https:\/\/www.vetorino.com\/boutique\/?s={search_term_string}"},"query-input":{"@type":"PropertyValueSpecification","valueRequired":true,"valueName":"search_term_string"}}],"inLanguage":"fr-FR"},{"@type":"Organization","@id":"https:\/\/www.vetorino.com\/boutique\/#organization","name":"V\u00e9torino","url":"https:\/\/www.vetorino.com\/boutique\/","logo":{"@type":"ImageObject","inLanguage":"fr-FR","@id":"https:\/\/www.vetorino.com\/boutique\/#\/schema\/logo\/image\/","url":"https:\/\/www.vetorino.com\/boutique\/wp-content\/uploads\/2024\/10\/logo.jpg","contentUrl":"https:\/\/www.vetorino.com\/boutique\/wp-content\/uploads\/2024\/10\/logo.jpg","width":1200,"height":610,"caption":"V\u00e9torino"},"image":{"@id":"https:\/\/www.vetorino.com\/boutique\/#\/schema\/logo\/image\/"},"sameAs":["https:\/\/www.facebook.com\/Vetorino\/","https:\/\/www.instagram.com\/vetorino_off\/","https:\/\/www.linkedin.com\/company\/vtorino\/"]}]},"product_brand":"D\u00f4mes Pharma TVM","product_price_amount":"10.57","product_price_currency":"EUR","og_availability":"instock","product_availability":"instock","product_retailer_item_id":"A-1860700","product_condition":"new"},"_links":{"self":[{"href":"https:\/\/www.vetorino.com\/veterinaire\/plouzevede-29440\/boutique\/wp-json\/wp\/v2\/product\/466013","targetHints":{"allow":["GET"]}}],"collection":[{"href":"https:\/\/www.vetorino.com\/veterinaire\/plouzevede-29440\/boutique\/wp-json\/wp\/v2\/product"}],"about":[{"href":"https:\/\/www.vetorino.com\/veterinaire\/plouzevede-29440\/boutique\/wp-json\/wp\/v2\/types\/product"}],"wp:featuredmedia":[{"embeddable":true,"href":"https:\/\/www.vetorino.com\/veterinaire\/plouzevede-29440\/boutique\/wp-json\/wp\/v2\/media\/466014"}],"wp:attachment":[{"href":"https:\/\/www.vetorino.com\/veterinaire\/plouzevede-29440\/boutique\/wp-json\/wp\/v2\/media?parent=466013"}],"wp:term":[{"taxonomy":"product_cat","embeddable":true,"href":"https:\/\/www.vetorino.com\/veterinaire\/plouzevede-29440\/boutique\/wp-json\/wp\/v2\/product_cat?post=466013"},{"taxonomy":"product_tag","embeddable":true,"href":"https:\/\/www.vetorino.com\/veterinaire\/plouzevede-29440\/boutique\/wp-json\/wp\/v2\/product_tag?post=466013"}],"curies":[{"name":"wp","href":"https:\/\/api.w.org\/{rel}","templated":true}]}}