{"id":492737,"date":"2022-10-17T11:28:21","date_gmt":"2022-10-17T09:28:21","guid":{"rendered":"https:\/\/www.vetorino.com\/boutique\/product\/lacriplus-fl-10-ml\/"},"modified":"2026-02-24T15:40:44","modified_gmt":"2026-02-24T14:40:44","slug":"lacriplus-fl-10-ml","status":"publish","type":"product","link":"https:\/\/www.vetorino.com\/veterinaire\/plouzevede-29440\/boutique\/product\/lacriplus-fl-10-ml\/","title":{"rendered":"Lacri + Soin &#8211; chien &#038; chat"},"content":{"rendered":"<div class=\"tabs product-tabs visible--desktop\">\n<div id=\"tab-content\" class=\"tab-content mb-4\">\n<div id=\"description\" class=\"tab-pane fade show active\" role=\"tabpanel\">\n<div class=\"product-description\">\n<p><strong>Lubrifiant oculaire sans conservateur<\/strong><\/p>\n<p>Lacri+\u00a0 est une solution oculaire st\u00e9rile, au pH physiologique. Elle repose sur une technologie brevet\u00e9e de hyaluronate de sodium r\u00e9ticul\u00e9 avec de l\u2019ur\u00e9e. Cette technologie permet d\u2019augmenter la dur\u00e9e d\u2019action et d\u2019am\u00e9liorer les propri\u00e9t\u00e9s hydratantes et lubrifiantes de la solution.\u00a0 Lacri+ ne contient pas de conservateur.<\/p>\n<p><strong>Utilisation :<\/strong><\/p>\n<ul>\n<li>Pour lubrifier, hydrater et prot\u00e9ger la surface oculaire<\/li>\n<li>Pour un usage \u00e0 moyen et long terme<\/li>\n<li>Pour am\u00e9liorer les signes cliniques associ\u00e9s au syndrome de l&#8217;\u0153il sec<\/li>\n<li>Pour maintenir la sant\u00e9 corn\u00e9enne chez les brachyc\u00e9phales et les animaux \u00e0 risque de syndrome de l&#8217;\u0153il sec<\/li>\n<li>Pour favoriser la r\u00e9g\u00e9n\u00e9ration cellulaire, en compl\u00e9ment de traitements m\u00e9dicaux<\/li>\n<\/ul>\n<p><strong>Avantages :<\/strong><\/p>\n<ul>\n<li>Un pouvoir lubrifiant en cas de s\u00e9cheresse oculaire<\/li>\n<li>Une bonne r\u00e9manence sur la corn\u00e9e<\/li>\n<li>Une formulation unique sans conservateur pour limiter les irritations oculaires<\/li>\n<li>Conservation 3 mois apr\u00e8s ouverture gr\u00e2ce au flacon brevet\u00e9<\/li>\n<li>1 mois d\u2019utilisation (2 gouttes dans les 2 yeux 2 fois par jour)<\/li>\n<li>Nouvelle technologie de r\u00e9ticulation avec l&#8217;ur\u00e9e<\/li>\n<li>Dispositif brevet\u00e9 qui garantit la st\u00e9rilit\u00e9 apr\u00e8s ouverture<\/li>\n<\/ul>\n<\/div>\n<\/div>\n<\/div>\n<\/div>\n<section class=\"product-accessories mdc_accessories_block mt-3\"><\/section>\n","protected":false},"excerpt":{"rendered":"<p><strong>Lacri+<\/strong> est une solution oculaire qui lubrifie, hydrate et prot\u00e8ge la surface oculaire.<\/p>\n<p>Formul\u00e9<strong> sans conservateur<\/strong>, pour une meilleure tol\u00e9rance.<\/p>\n<p><strong>Utilisation :<\/strong><\/p>\n<ul>\n<li>Lubrification, hydratation et protection de l&#8217;oeil<\/li>\n<li>Pour chien et chat<\/li>\n<\/ul>\n","protected":false},"featured_media":1717505,"template":"","meta":[],"product_cat":[2697,2698,12615,12616,12560,12561],"product_tag":[],"class_list":{"0":"post-492737","1":"product","2":"type-product","3":"status-publish","4":"has-post-thumbnail","6":"product_cat-chat","7":"product_cat-chien","8":"product_cat-hygiene-des-yeux-du-chat","9":"product_cat-hygiene-des-yeux-du-chien","10":"product_cat-hygiene-du-chat","11":"product_cat-hygiene-du-chien","12":"pa_marque-mp-labo","14":"first","15":"instock","16":"taxable","17":"shipping-taxable","18":"purchasable","19":"product-type-simple"},"yoast_head":"<!-- This site is optimized with the Yoast SEO plugin v27.3 - https:\/\/yoast.com\/product\/yoast-seo-wordpress\/ -->\n<title>Lacri + Soin - chien &amp; chat Mp Labo - V\u00e9torino<\/title>\n<meta name=\"description\" content=\"Lacri+ est une solution oculaire qui lubrifie, hydrate et prot\u00e8ge la surface oculaire.  Formul\u00e9 sans conservateur, pour une meilleure tol\u00e9rance.  Utilisation :   Lubrification, hydratation et protection de l&#039;oeil  Pour chien et chat\" \/>\n<meta name=\"robots\" content=\"noindex, nofollow\" \/>\n<meta property=\"og:locale\" content=\"fr_FR\" \/>\n<meta property=\"og:type\" content=\"article\" \/>\n<meta property=\"og:title\" content=\"Lacri + Soin - chien &amp; chat Mp Labo - V\u00e9torino\" \/>\n<meta property=\"og:description\" content=\"Lacri+ est une solution oculaire qui lubrifie, hydrate et prot\u00e8ge la surface oculaire.  Formul\u00e9 sans conservateur, pour une meilleure tol\u00e9rance.  Utilisation :   Lubrification, hydratation et protection de l&#039;oeil  Pour chien et chat\" \/>\n<meta property=\"og:url\" content=\"https:\/\/www.vetorino.com\/veterinaire\/plouzevede-29440\/boutique\/product\/lacriplus-fl-10-ml\/\" \/>\n<meta property=\"og:site_name\" content=\"V\u00e9torino\" \/>\n<meta property=\"article:publisher\" content=\"https:\/\/www.facebook.com\/Vetorino\/\" \/>\n<meta property=\"article:modified_time\" content=\"2026-02-24T14:40:44+00:00\" \/>\n<meta property=\"og:image\" content=\"https:\/\/www.vetorino.com\/boutique\/wp-content\/uploads\/2022\/10\/lacri.webp\" \/>\n\t<meta property=\"og:image:width\" content=\"800\" \/>\n\t<meta property=\"og:image:height\" content=\"800\" \/>\n\t<meta property=\"og:image:type\" content=\"image\/webp\" \/>\n<meta name=\"twitter:card\" content=\"summary_large_image\" \/>\n<meta name=\"twitter:label1\" content=\"Prix\" \/>\n\t<meta name=\"twitter:data1\" content=\"16,79&euro;\" \/>\n\t<meta name=\"twitter:label2\" content=\"Disponibilit\u00e9\" \/>\n\t<meta name=\"twitter:data2\" content=\"En stock\" \/>\n<script type=\"application\/ld+json\" class=\"yoast-schema-graph\">{\"@context\":\"https:\\\/\\\/schema.org\",\"@graph\":[{\"@type\":\"WebPage\",\"@id\":\"https:\\\/\\\/www.vetorino.com\\\/boutique\\\/product\\\/lacriplus-fl-10-ml\\\/\",\"url\":\"https:\\\/\\\/www.vetorino.com\\\/boutique\\\/product\\\/lacriplus-fl-10-ml\\\/\",\"name\":\"Lacri + Soin - chien & chat Mp Labo - V\u00e9torino\",\"isPartOf\":{\"@id\":\"https:\\\/\\\/www.vetorino.com\\\/boutique\\\/#website\"},\"primaryImageOfPage\":{\"@id\":\"https:\\\/\\\/www.vetorino.com\\\/boutique\\\/product\\\/lacriplus-fl-10-ml\\\/#primaryimage\"},\"image\":{\"@id\":\"https:\\\/\\\/www.vetorino.com\\\/boutique\\\/product\\\/lacriplus-fl-10-ml\\\/#primaryimage\"},\"thumbnailUrl\":\"https:\\\/\\\/www.vetorino.com\\\/boutique\\\/wp-content\\\/uploads\\\/2022\\\/10\\\/lacri.webp\",\"datePublished\":\"2022-10-17T09:28:21+00:00\",\"dateModified\":\"2026-02-24T14:40:44+00:00\",\"description\":\"Lacri+ est une solution oculaire qui lubrifie, hydrate et prot\u00e8ge la surface oculaire. Formul\u00e9 sans conservateur, pour une meilleure tol\u00e9rance. Utilisation : Lubrification, hydratation et protection de l'oeil Pour chien et chat\",\"breadcrumb\":{\"@id\":\"https:\\\/\\\/www.vetorino.com\\\/boutique\\\/product\\\/lacriplus-fl-10-ml\\\/#breadcrumb\"},\"inLanguage\":\"fr-FR\",\"potentialAction\":[{\"@type\":\"ReadAction\",\"target\":[\"https:\\\/\\\/www.vetorino.com\\\/boutique\\\/product\\\/lacriplus-fl-10-ml\\\/\"]}]},{\"@type\":\"ImageObject\",\"inLanguage\":\"fr-FR\",\"@id\":\"https:\\\/\\\/www.vetorino.com\\\/boutique\\\/product\\\/lacriplus-fl-10-ml\\\/#primaryimage\",\"url\":\"https:\\\/\\\/www.vetorino.com\\\/boutique\\\/wp-content\\\/uploads\\\/2022\\\/10\\\/lacri.webp\",\"contentUrl\":\"https:\\\/\\\/www.vetorino.com\\\/boutique\\\/wp-content\\\/uploads\\\/2022\\\/10\\\/lacri.webp\",\"width\":800,\"height\":800},{\"@type\":\"BreadcrumbList\",\"@id\":\"https:\\\/\\\/www.vetorino.com\\\/boutique\\\/product\\\/lacriplus-fl-10-ml\\\/#breadcrumb\",\"itemListElement\":[{\"@type\":\"ListItem\",\"position\":1,\"name\":\"Accueil\",\"item\":\"https:\\\/\\\/www.vetorino.com\\\/boutique\\\/\"},{\"@type\":\"ListItem\",\"position\":2,\"name\":\"Produits\",\"item\":\"https:\\\/\\\/www.vetorino.com\\\/boutique\\\/\"},{\"@type\":\"ListItem\",\"position\":3,\"name\":\"Lacri + Soin &#8211; chien &#038; chat\"}]},{\"@type\":\"WebSite\",\"@id\":\"https:\\\/\\\/www.vetorino.com\\\/boutique\\\/#website\",\"url\":\"https:\\\/\\\/www.vetorino.com\\\/boutique\\\/\",\"name\":\"V\u00e9torino\",\"description\":\"\",\"publisher\":{\"@id\":\"https:\\\/\\\/www.vetorino.com\\\/boutique\\\/#organization\"},\"potentialAction\":[{\"@type\":\"SearchAction\",\"target\":{\"@type\":\"EntryPoint\",\"urlTemplate\":\"https:\\\/\\\/www.vetorino.com\\\/boutique\\\/?s={search_term_string}\"},\"query-input\":{\"@type\":\"PropertyValueSpecification\",\"valueRequired\":true,\"valueName\":\"search_term_string\"}}],\"inLanguage\":\"fr-FR\"},{\"@type\":\"Organization\",\"@id\":\"https:\\\/\\\/www.vetorino.com\\\/boutique\\\/#organization\",\"name\":\"V\u00e9torino\",\"url\":\"https:\\\/\\\/www.vetorino.com\\\/boutique\\\/\",\"logo\":{\"@type\":\"ImageObject\",\"inLanguage\":\"fr-FR\",\"@id\":\"https:\\\/\\\/www.vetorino.com\\\/boutique\\\/#\\\/schema\\\/logo\\\/image\\\/\",\"url\":\"https:\\\/\\\/www.vetorino.com\\\/boutique\\\/wp-content\\\/uploads\\\/2024\\\/10\\\/logo.jpg\",\"contentUrl\":\"https:\\\/\\\/www.vetorino.com\\\/boutique\\\/wp-content\\\/uploads\\\/2024\\\/10\\\/logo.jpg\",\"width\":1200,\"height\":610,\"caption\":\"V\u00e9torino\"},\"image\":{\"@id\":\"https:\\\/\\\/www.vetorino.com\\\/boutique\\\/#\\\/schema\\\/logo\\\/image\\\/\"},\"sameAs\":[\"https:\\\/\\\/www.facebook.com\\\/Vetorino\\\/\",\"https:\\\/\\\/www.instagram.com\\\/vetorino_off\\\/\",\"https:\\\/\\\/www.linkedin.com\\\/company\\\/vtorino\\\/\"]}]}<\/script>\n<meta property=\"product:brand\" content=\"Mp Labo\" \/>\n<meta property=\"product:price:amount\" content=\"16.79\" \/>\n<meta property=\"product:price:currency\" content=\"EUR\" \/>\n<meta property=\"og:availability\" content=\"instock\" \/>\n<meta property=\"product:availability\" content=\"instock\" \/>\n<meta property=\"product:retailer_item_id\" content=\"A-1862160\" \/>\n<meta property=\"product:condition\" content=\"new\" \/>\n<!-- \/ Yoast SEO plugin. -->","yoast_head_json":{"title":"Lacri + Soin - chien & chat Mp Labo - V\u00e9torino","description":"Lacri+ est une solution oculaire qui lubrifie, hydrate et prot\u00e8ge la surface oculaire.  Formul\u00e9 sans conservateur, pour une meilleure tol\u00e9rance.  Utilisation :   Lubrification, hydratation et protection de l'oeil  Pour chien et chat","robots":{"index":"noindex","follow":"nofollow"},"og_locale":"fr_FR","og_type":"article","og_title":"Lacri + Soin - chien & chat Mp Labo - V\u00e9torino","og_description":"Lacri+ est une solution oculaire qui lubrifie, hydrate et prot\u00e8ge la surface oculaire.  Formul\u00e9 sans conservateur, pour une meilleure tol\u00e9rance.  Utilisation :   Lubrification, hydratation et protection de l'oeil  Pour chien et chat","og_url":"https:\/\/www.vetorino.com\/veterinaire\/plouzevede-29440\/boutique\/product\/lacriplus-fl-10-ml\/","og_site_name":"V\u00e9torino","article_publisher":"https:\/\/www.facebook.com\/Vetorino\/","article_modified_time":"2026-02-24T14:40:44+00:00","og_image":[{"width":800,"height":800,"url":"https:\/\/www.vetorino.com\/boutique\/wp-content\/uploads\/2022\/10\/lacri.webp","type":"image\/webp"}],"twitter_card":"summary_large_image","twitter_misc":{"Prix":"16,79&euro;","Disponibilit\u00e9":"En stock"},"schema":{"@context":"https:\/\/schema.org","@graph":[{"@type":"WebPage","@id":"https:\/\/www.vetorino.com\/boutique\/product\/lacriplus-fl-10-ml\/","url":"https:\/\/www.vetorino.com\/boutique\/product\/lacriplus-fl-10-ml\/","name":"Lacri + Soin - chien & chat Mp Labo - V\u00e9torino","isPartOf":{"@id":"https:\/\/www.vetorino.com\/boutique\/#website"},"primaryImageOfPage":{"@id":"https:\/\/www.vetorino.com\/boutique\/product\/lacriplus-fl-10-ml\/#primaryimage"},"image":{"@id":"https:\/\/www.vetorino.com\/boutique\/product\/lacriplus-fl-10-ml\/#primaryimage"},"thumbnailUrl":"https:\/\/www.vetorino.com\/boutique\/wp-content\/uploads\/2022\/10\/lacri.webp","datePublished":"2022-10-17T09:28:21+00:00","dateModified":"2026-02-24T14:40:44+00:00","description":"Lacri+ est une solution oculaire qui lubrifie, hydrate et prot\u00e8ge la surface oculaire. Formul\u00e9 sans conservateur, pour une meilleure tol\u00e9rance. Utilisation : Lubrification, hydratation et protection de l'oeil Pour chien et chat","breadcrumb":{"@id":"https:\/\/www.vetorino.com\/boutique\/product\/lacriplus-fl-10-ml\/#breadcrumb"},"inLanguage":"fr-FR","potentialAction":[{"@type":"ReadAction","target":["https:\/\/www.vetorino.com\/boutique\/product\/lacriplus-fl-10-ml\/"]}]},{"@type":"ImageObject","inLanguage":"fr-FR","@id":"https:\/\/www.vetorino.com\/boutique\/product\/lacriplus-fl-10-ml\/#primaryimage","url":"https:\/\/www.vetorino.com\/boutique\/wp-content\/uploads\/2022\/10\/lacri.webp","contentUrl":"https:\/\/www.vetorino.com\/boutique\/wp-content\/uploads\/2022\/10\/lacri.webp","width":800,"height":800},{"@type":"BreadcrumbList","@id":"https:\/\/www.vetorino.com\/boutique\/product\/lacriplus-fl-10-ml\/#breadcrumb","itemListElement":[{"@type":"ListItem","position":1,"name":"Accueil","item":"https:\/\/www.vetorino.com\/boutique\/"},{"@type":"ListItem","position":2,"name":"Produits","item":"https:\/\/www.vetorino.com\/boutique\/"},{"@type":"ListItem","position":3,"name":"Lacri + Soin &#8211; chien &#038; chat"}]},{"@type":"WebSite","@id":"https:\/\/www.vetorino.com\/boutique\/#website","url":"https:\/\/www.vetorino.com\/boutique\/","name":"V\u00e9torino","description":"","publisher":{"@id":"https:\/\/www.vetorino.com\/boutique\/#organization"},"potentialAction":[{"@type":"SearchAction","target":{"@type":"EntryPoint","urlTemplate":"https:\/\/www.vetorino.com\/boutique\/?s={search_term_string}"},"query-input":{"@type":"PropertyValueSpecification","valueRequired":true,"valueName":"search_term_string"}}],"inLanguage":"fr-FR"},{"@type":"Organization","@id":"https:\/\/www.vetorino.com\/boutique\/#organization","name":"V\u00e9torino","url":"https:\/\/www.vetorino.com\/boutique\/","logo":{"@type":"ImageObject","inLanguage":"fr-FR","@id":"https:\/\/www.vetorino.com\/boutique\/#\/schema\/logo\/image\/","url":"https:\/\/www.vetorino.com\/boutique\/wp-content\/uploads\/2024\/10\/logo.jpg","contentUrl":"https:\/\/www.vetorino.com\/boutique\/wp-content\/uploads\/2024\/10\/logo.jpg","width":1200,"height":610,"caption":"V\u00e9torino"},"image":{"@id":"https:\/\/www.vetorino.com\/boutique\/#\/schema\/logo\/image\/"},"sameAs":["https:\/\/www.facebook.com\/Vetorino\/","https:\/\/www.instagram.com\/vetorino_off\/","https:\/\/www.linkedin.com\/company\/vtorino\/"]}]},"product_brand":"Mp Labo","product_price_amount":"16.79","product_price_currency":"EUR","og_availability":"instock","product_availability":"instock","product_retailer_item_id":"A-1862160","product_condition":"new"},"_links":{"self":[{"href":"https:\/\/www.vetorino.com\/veterinaire\/plouzevede-29440\/boutique\/wp-json\/wp\/v2\/product\/492737","targetHints":{"allow":["GET"]}}],"collection":[{"href":"https:\/\/www.vetorino.com\/veterinaire\/plouzevede-29440\/boutique\/wp-json\/wp\/v2\/product"}],"about":[{"href":"https:\/\/www.vetorino.com\/veterinaire\/plouzevede-29440\/boutique\/wp-json\/wp\/v2\/types\/product"}],"wp:featuredmedia":[{"embeddable":true,"href":"https:\/\/www.vetorino.com\/veterinaire\/plouzevede-29440\/boutique\/wp-json\/wp\/v2\/media\/1717505"}],"wp:attachment":[{"href":"https:\/\/www.vetorino.com\/veterinaire\/plouzevede-29440\/boutique\/wp-json\/wp\/v2\/media?parent=492737"}],"wp:term":[{"taxonomy":"product_cat","embeddable":true,"href":"https:\/\/www.vetorino.com\/veterinaire\/plouzevede-29440\/boutique\/wp-json\/wp\/v2\/product_cat?post=492737"},{"taxonomy":"product_tag","embeddable":true,"href":"https:\/\/www.vetorino.com\/veterinaire\/plouzevede-29440\/boutique\/wp-json\/wp\/v2\/product_tag?post=492737"}],"curies":[{"name":"wp","href":"https:\/\/api.w.org\/{rel}","templated":true}]}}